{"id":7129,"date":"2022-12-07T17:06:03","date_gmt":"2022-12-07T14:06:03","guid":{"rendered":"https:\/\/birimler.atauni.edu.tr\/ogrenci-dekanligi\/?page_id=7129"},"modified":"2022-12-26T15:50:00","modified_gmt":"2022-12-26T12:50:00","slug":"kulupler-ve-ogrenci-takimlari-toplantimiz","status":"publish","type":"page","link":"https:\/\/atauni.edu.tr\/ogrenci-dekanligi\/kulupler-ve-ogrenci-takimlari-toplantimiz\/","title":{"rendered":"Kul\u00fcpler ve \u00d6\u011frenci Tak\u0131mlar\u0131 Toplant\u0131m\u0131z"},"content":{"rendered":"\t\t<div data-elementor-type=\"wp-page\" data-elementor-id=\"7129\" class=\"elementor elementor-7129\" data-elementor-post-type=\"page\">\n\t\t\t\t\t\t<section class=\"elementor-section elementor-top-section elementor-element elementor-element-0bd257a elementor-section-boxed elementor-section-height-default elementor-section-height-default\" data-id=\"0bd257a\" data-element_type=\"section\">\n\t\t\t\t\t\t<div class=\"elementor-container elementor-column-gap-default\">\n\t\t\t\t\t<div class=\"elementor-column elementor-col-100 elementor-top-column elementor-element elementor-element-e303b4d\" data-id=\"e303b4d\" data-element_type=\"column\">\n\t\t\t<div class=\"elementor-widget-wrap elementor-element-populated\">\n\t\t\t\t\t\t<div class=\"elementor-element elementor-element-49a9e14 elementor-widget-divider--view-line elementor-widget elementor-widget-divider\" data-id=\"49a9e14\" data-element_type=\"widget\" data-widget_type=\"divider.default\">\n\t\t\t\t<div class=\"elementor-widget-container\">\n\t\t\t\t\t\t\t<div class=\"elementor-divider\">\n\t\t\t<span class=\"elementor-divider-separator\">\n\t\t\t\t\t\t<\/span>\n\t\t<\/div>\n\t\t\t\t\t\t<\/div>\n\t\t\t\t<\/div>\n\t\t\t\t<div class=\"elementor-element elementor-element-7065218 elementor-widget elementor-widget-text-editor\" data-id=\"7065218\" data-element_type=\"widget\" data-widget_type=\"text-editor.default\">\n\t\t\t\t<div class=\"elementor-widget-container\">\n\t\t\t\t\t\t\t\t\t<p>Atat\u00fcrk \u00dcniversitesi \u00d6\u011frenci Dekanl\u0131\u011f\u0131n\u0131n d\u00fczenlemi\u015f oldu\u011fu \u201cAtat\u00fcrk \u00dcniversitesi Kul\u00fcp, Topluluk ve Tak\u0131mlar\u0131n\u0131 Bilgilendirme Toplant\u0131s\u0131\u201d etkinli\u011fi Nenehatun K\u00fclt\u00fcr Merkezinde ger\u00e7ekle\u015ftirildi.<\/p><p>Etkinli\u011fe \u00d6\u011frenci Dekanl\u0131\u011f\u0131, Sa\u011fl\u0131k K\u00fclt\u00fcr Spor Daire Ba\u015fkanl\u0131\u011f\u0131, Dijital D\u00f6n\u00fc\u015f\u00fcm Ofisi, Bilgisayar Bilimleri Ara\u015ft\u0131rma ve Uygulama Merkezi ve Kurumsal \u0130leti\u015fim Direkt\u00f6rl\u00fc\u011f\u00fc birimleri ve kul\u00fcp akademik dan\u0131\u015fmanlar\u0131, ba\u015fkanlar\u0131, tak\u0131m liderleri, \u00fcyeleri ile \u00e7ok say\u0131da \u00f6\u011frenci kat\u0131ld\u0131.<\/p><p>\u00dcniversite b\u00fcnyesinde \u00e7al\u0131\u015fmalar\u0131n\u0131 y\u00fcr\u00fcten \u00f6\u011frenci kul\u00fcp topluluk ve tak\u0131mlar\u0131n\u0131n faaliyetlerini daha h\u0131zl\u0131 ve kontroll\u00fc bir bi\u00e7imde ger\u00e7ekle\u015ftirebilmeleri i\u00e7in Kul\u00fcp Y\u00f6nergesindeki d\u00fczenlemeler ve \u00f6\u011frenci faaliyetleri i\u00e7in \u00dcniversite Bilgi Y\u00f6netim Sistemi (\u00dcBYS) etkinlik takip sistemi kullan\u0131m\u0131 ve i\u015fleyi\u015fi hakk\u0131nda \u00d6\u011frenci Dekan Yard\u0131mc\u0131s\u0131 Do\u00e7. Dr. Meral Oltulu taraf\u0131ndan \u00f6nemli bilgiler verildi. Sununun sonunda Dijital D\u00f6n\u00fc\u015f\u00fcm Ofisinden Ar\u015f. G\u00f6r. Mustafa Furkan Keskenler taraf\u0131ndan bir uygulama yap\u0131larak Etkinlik Takip Sistemi anlat\u0131ld\u0131.<\/p><p>Bilgilendirme toplant\u0131s\u0131n\u0131n sonunda akademik dan\u0131\u015fman ve \u00fcyelerin sorular\u0131 cevapland\u0131r\u0131ld\u0131.<\/p>\t\t\t\t\t\t\t\t<\/div>\n\t\t\t\t<\/div>\n\t\t\t\t\t<\/div>\n\t\t<\/div>\n\t\t\t\t\t<\/div>\n\t\t<\/section>\n\t\t\t\t<section class=\"elementor-section elementor-top-section elementor-element elementor-element-5a23cd0 elementor-section-boxed elementor-section-height-default elementor-section-height-default\" data-id=\"5a23cd0\" data-element_type=\"section\">\n\t\t\t\t\t\t<div class=\"elementor-container elementor-column-gap-default\">\n\t\t\t\t\t<div class=\"elementor-column elementor-col-100 elementor-top-column elementor-element elementor-element-664ad75\" data-id=\"664ad75\" data-element_type=\"column\">\n\t\t\t<div class=\"elementor-widget-wrap elementor-element-populated\">\n\t\t\t\t\t\t<div class=\"elementor-element elementor-element-dfc07dc elementor-widget elementor-widget-gallery\" data-id=\"dfc07dc\" data-element_type=\"widget\" data-settings=\"{&quot;gallery_layout&quot;:&quot;masonry&quot;,&quot;lazyload&quot;:&quot;yes&quot;,&quot;columns&quot;:4,&quot;columns_tablet&quot;:2,&quot;columns_mobile&quot;:1,&quot;gap&quot;:{&quot;unit&quot;:&quot;px&quot;,&quot;size&quot;:10,&quot;sizes&quot;:[]},&quot;gap_tablet&quot;:{&quot;unit&quot;:&quot;px&quot;,&quot;size&quot;:10,&quot;sizes&quot;:[]},&quot;gap_mobile&quot;:{&quot;unit&quot;:&quot;px&quot;,&quot;size&quot;:10,&quot;sizes&quot;:[]},&quot;link_to&quot;:&quot;file&quot;,&quot;overlay_background&quot;:&quot;yes&quot;,&quot;content_hover_animation&quot;:&quot;fade-in&quot;}\" data-widget_type=\"gallery.default\">\n\t\t\t\t<div class=\"elementor-widget-container\">\n\t\t\t\t\t\t\t<div class=\"elementor-gallery__container\">\n\t\t\t\t\t\t\t<a class=\"e-gallery-item elementor-gallery-item elementor-animated-content\" href=\"https:\/\/atauni.edu.tr\/ogrenci-dekanligi\/wp-content\/uploads\/sites\/459\/2020\/07\/WhatsApp-Image-2022-12-14-at-17.47.56.jpeg\" data-elementor-open-lightbox=\"yes\" data-elementor-lightbox-slideshow=\"dfc07dc\" data-elementor-lightbox-title=\"WhatsApp Image 2022-12-14 at 17.47.56\" data-e-action-hash=\"#elementor-action%3Aaction%3Dlightbox%26settings%3DeyJpZCI6NzE1MywidXJsIjoiaHR0cHM6XC9cL2F0YXVuaS5lZHUudHJcL29ncmVuY2ktZGVrYW5saWdpXC93cC1jb250ZW50XC91cGxvYWRzXC9zaXRlc1wvNDU5XC8yMDIwXC8wN1wvV2hhdHNBcHAtSW1hZ2UtMjAyMi0xMi0xNC1hdC0xNy40Ny41Ni5qcGVnIiwic2xpZGVzaG93IjoiZGZjMDdkYyJ9\">\n\t\t\t\t\t<div class=\"e-gallery-image elementor-gallery-item__image\" data-thumbnail=\"https:\/\/atauni.edu.tr\/ogrenci-dekanligi\/wp-content\/uploads\/sites\/459\/2020\/07\/WhatsApp-Image-2022-12-14-at-17.47.56.jpeg\" data-width=\"724\" data-height=\"1024\" aria-label=\"\" role=\"img\" ><\/div>\n\t\t\t\t\t\t\t\t\t\t\t<div class=\"elementor-gallery-item__overlay\"><\/div>\n\t\t\t\t\t\t\t\t\t\t\t\t\t\t<\/a>\n\t\t\t\t\t\t\t<a class=\"e-gallery-item elementor-gallery-item elementor-animated-content\" href=\"https:\/\/atauni.edu.tr\/ogrenci-dekanligi\/wp-content\/uploads\/sites\/459\/2020\/07\/WhatsApp-Image-2022-12-07-at-00.36.32-3.jpeg\" data-elementor-open-lightbox=\"yes\" data-elementor-lightbox-slideshow=\"dfc07dc\" data-elementor-lightbox-title=\"WhatsApp Image 2022-12-07 at 00.36.32 (3)\" data-e-action-hash=\"#elementor-action%3Aaction%3Dlightbox%26settings%3DeyJpZCI6NzEyMiwidXJsIjoiaHR0cHM6XC9cL2F0YXVuaS5lZHUudHJcL29ncmVuY2ktZGVrYW5saWdpXC93cC1jb250ZW50XC91cGxvYWRzXC9zaXRlc1wvNDU5XC8yMDIwXC8wN1wvV2hhdHNBcHAtSW1hZ2UtMjAyMi0xMi0wNy1hdC0wMC4zNi4zMi0zLmpwZWciLCJzbGlkZXNob3ciOiJkZmMwN2RjIn0%3D\">\n\t\t\t\t\t<div class=\"e-gallery-image elementor-gallery-item__image\" data-thumbnail=\"https:\/\/atauni.edu.tr\/ogrenci-dekanligi\/wp-content\/uploads\/sites\/459\/2020\/07\/WhatsApp-Image-2022-12-07-at-00.36.32-3.jpeg\" data-width=\"1024\" data-height=\"768\" aria-label=\"\" role=\"img\" ><\/div>\n\t\t\t\t\t\t\t\t\t\t\t<div class=\"elementor-gallery-item__overlay\"><\/div>\n\t\t\t\t\t\t\t\t\t\t\t\t\t\t<\/a>\n\t\t\t\t\t\t\t<a class=\"e-gallery-item elementor-gallery-item elementor-animated-content\" href=\"https:\/\/atauni.edu.tr\/ogrenci-dekanligi\/wp-content\/uploads\/sites\/459\/2020\/07\/WhatsApp-Image-2022-12-07-at-00.36.32.jpeg\" data-elementor-open-lightbox=\"yes\" data-elementor-lightbox-slideshow=\"dfc07dc\" data-elementor-lightbox-title=\"WhatsApp Image 2022-12-07 at 00.36.32\" data-e-action-hash=\"#elementor-action%3Aaction%3Dlightbox%26settings%3DeyJpZCI6NzEyNCwidXJsIjoiaHR0cHM6XC9cL2F0YXVuaS5lZHUudHJcL29ncmVuY2ktZGVrYW5saWdpXC93cC1jb250ZW50XC91cGxvYWRzXC9zaXRlc1wvNDU5XC8yMDIwXC8wN1wvV2hhdHNBcHAtSW1hZ2UtMjAyMi0xMi0wNy1hdC0wMC4zNi4zMi5qcGVnIiwic2xpZGVzaG93IjoiZGZjMDdkYyJ9\">\n\t\t\t\t\t<div class=\"e-gallery-image elementor-gallery-item__image\" data-thumbnail=\"https:\/\/atauni.edu.tr\/ogrenci-dekanligi\/wp-content\/uploads\/sites\/459\/2020\/07\/WhatsApp-Image-2022-12-07-at-00.36.32.jpeg\" data-width=\"1024\" data-height=\"768\" aria-label=\"\" role=\"img\" ><\/div>\n\t\t\t\t\t\t\t\t\t\t\t<div class=\"elementor-gallery-item__overlay\"><\/div>\n\t\t\t\t\t\t\t\t\t\t\t\t\t\t<\/a>\n\t\t\t\t\t\t\t<a class=\"e-gallery-item elementor-gallery-item elementor-animated-content\" href=\"https:\/\/atauni.edu.tr\/ogrenci-dekanligi\/wp-content\/uploads\/sites\/459\/2020\/07\/WhatsApp-Image-2022-12-07-at-00.36.32-1.jpeg\" data-elementor-open-lightbox=\"yes\" data-elementor-lightbox-slideshow=\"dfc07dc\" data-elementor-lightbox-title=\"WhatsApp Image 2022-12-07 at 00.36.32 (1)\" data-e-action-hash=\"#elementor-action%3Aaction%3Dlightbox%26settings%3DeyJpZCI6NzEyMCwidXJsIjoiaHR0cHM6XC9cL2F0YXVuaS5lZHUudHJcL29ncmVuY2ktZGVrYW5saWdpXC93cC1jb250ZW50XC91cGxvYWRzXC9zaXRlc1wvNDU5XC8yMDIwXC8wN1wvV2hhdHNBcHAtSW1hZ2UtMjAyMi0xMi0wNy1hdC0wMC4zNi4zMi0xLmpwZWciLCJzbGlkZXNob3ciOiJkZmMwN2RjIn0%3D\">\n\t\t\t\t\t<div class=\"e-gallery-image elementor-gallery-item__image\" data-thumbnail=\"https:\/\/atauni.edu.tr\/ogrenci-dekanligi\/wp-content\/uploads\/sites\/459\/2020\/07\/WhatsApp-Image-2022-12-07-at-00.36.32-1.jpeg\" data-width=\"1024\" data-height=\"768\" aria-label=\"\" role=\"img\" ><\/div>\n\t\t\t\t\t\t\t\t\t\t\t<div class=\"elementor-gallery-item__overlay\"><\/div>\n\t\t\t\t\t\t\t\t\t\t\t\t\t\t<\/a>\n\t\t\t\t\t\t\t<a class=\"e-gallery-item elementor-gallery-item elementor-animated-content\" href=\"https:\/\/atauni.edu.tr\/ogrenci-dekanligi\/wp-content\/uploads\/sites\/459\/2020\/07\/WhatsApp-Image-2022-12-07-at-00.36.33-4.jpeg\" data-elementor-open-lightbox=\"yes\" data-elementor-lightbox-slideshow=\"dfc07dc\" data-elementor-lightbox-title=\"WhatsApp Image 2022-12-07 at 00.36.33 (4)\" data-e-action-hash=\"#elementor-action%3Aaction%3Dlightbox%26settings%3DeyJpZCI6NzEyOCwidXJsIjoiaHR0cHM6XC9cL2F0YXVuaS5lZHUudHJcL29ncmVuY2ktZGVrYW5saWdpXC93cC1jb250ZW50XC91cGxvYWRzXC9zaXRlc1wvNDU5XC8yMDIwXC8wN1wvV2hhdHNBcHAtSW1hZ2UtMjAyMi0xMi0wNy1hdC0wMC4zNi4zMy00LmpwZWciLCJzbGlkZXNob3ciOiJkZmMwN2RjIn0%3D\">\n\t\t\t\t\t<div class=\"e-gallery-image elementor-gallery-item__image\" data-thumbnail=\"https:\/\/atauni.edu.tr\/ogrenci-dekanligi\/wp-content\/uploads\/sites\/459\/2020\/07\/WhatsApp-Image-2022-12-07-at-00.36.33-4.jpeg\" data-width=\"1024\" data-height=\"768\" aria-label=\"\" role=\"img\" ><\/div>\n\t\t\t\t\t\t\t\t\t\t\t<div class=\"elementor-gallery-item__overlay\"><\/div>\n\t\t\t\t\t\t\t\t\t\t\t\t\t\t<\/a>\n\t\t\t\t\t\t\t<a class=\"e-gallery-item elementor-gallery-item elementor-animated-content\" href=\"https:\/\/atauni.edu.tr\/ogrenci-dekanligi\/wp-content\/uploads\/sites\/459\/2020\/07\/WhatsApp-Image-2022-12-07-at-00.36.33.jpeg\" data-elementor-open-lightbox=\"yes\" data-elementor-lightbox-slideshow=\"dfc07dc\" data-elementor-lightbox-title=\"WhatsApp Image 2022-12-07 at 00.36.33\" data-e-action-hash=\"#elementor-action%3Aaction%3Dlightbox%26settings%3DeyJpZCI6NzExOSwidXJsIjoiaHR0cHM6XC9cL2F0YXVuaS5lZHUudHJcL29ncmVuY2ktZGVrYW5saWdpXC93cC1jb250ZW50XC91cGxvYWRzXC9zaXRlc1wvNDU5XC8yMDIwXC8wN1wvV2hhdHNBcHAtSW1hZ2UtMjAyMi0xMi0wNy1hdC0wMC4zNi4zMy5qcGVnIiwic2xpZGVzaG93IjoiZGZjMDdkYyJ9\">\n\t\t\t\t\t<div class=\"e-gallery-image elementor-gallery-item__image\" data-thumbnail=\"https:\/\/atauni.edu.tr\/ogrenci-dekanligi\/wp-content\/uploads\/sites\/459\/2020\/07\/WhatsApp-Image-2022-12-07-at-00.36.33.jpeg\" data-width=\"1024\" data-height=\"768\" aria-label=\"\" role=\"img\" ><\/div>\n\t\t\t\t\t\t\t\t\t\t\t<div class=\"elementor-gallery-item__overlay\"><\/div>\n\t\t\t\t\t\t\t\t\t\t\t\t\t\t<\/a>\n\t\t\t\t\t\t\t<a class=\"e-gallery-item elementor-gallery-item elementor-animated-content\" href=\"https:\/\/atauni.edu.tr\/ogrenci-dekanligi\/wp-content\/uploads\/sites\/459\/2020\/07\/WhatsApp-Image-2022-12-07-at-00.36.33-3.jpeg\" data-elementor-open-lightbox=\"yes\" data-elementor-lightbox-slideshow=\"dfc07dc\" data-elementor-lightbox-title=\"WhatsApp Image 2022-12-07 at 00.36.33 (3)\" data-e-action-hash=\"#elementor-action%3Aaction%3Dlightbox%26settings%3DeyJpZCI6NzEyNywidXJsIjoiaHR0cHM6XC9cL2F0YXVuaS5lZHUudHJcL29ncmVuY2ktZGVrYW5saWdpXC93cC1jb250ZW50XC91cGxvYWRzXC9zaXRlc1wvNDU5XC8yMDIwXC8wN1wvV2hhdHNBcHAtSW1hZ2UtMjAyMi0xMi0wNy1hdC0wMC4zNi4zMy0zLmpwZWciLCJzbGlkZXNob3ciOiJkZmMwN2RjIn0%3D\">\n\t\t\t\t\t<div class=\"e-gallery-image elementor-gallery-item__image\" data-thumbnail=\"https:\/\/atauni.edu.tr\/ogrenci-dekanligi\/wp-content\/uploads\/sites\/459\/2020\/07\/WhatsApp-Image-2022-12-07-at-00.36.33-3.jpeg\" data-width=\"1024\" data-height=\"768\" aria-label=\"\" role=\"img\" ><\/div>\n\t\t\t\t\t\t\t\t\t\t\t<div class=\"elementor-gallery-item__overlay\"><\/div>\n\t\t\t\t\t\t\t\t\t\t\t\t\t\t<\/a>\n\t\t\t\t\t\t\t<a class=\"e-gallery-item elementor-gallery-item elementor-animated-content\" href=\"https:\/\/atauni.edu.tr\/ogrenci-dekanligi\/wp-content\/uploads\/sites\/459\/2020\/07\/WhatsApp-Image-2022-12-07-at-00.36.33-2.jpeg\" data-elementor-open-lightbox=\"yes\" data-elementor-lightbox-slideshow=\"dfc07dc\" data-elementor-lightbox-title=\"WhatsApp Image 2022-12-07 at 00.36.33 (2)\" data-e-action-hash=\"#elementor-action%3Aaction%3Dlightbox%26settings%3DeyJpZCI6NzEyNiwidXJsIjoiaHR0cHM6XC9cL2F0YXVuaS5lZHUudHJcL29ncmVuY2ktZGVrYW5saWdpXC93cC1jb250ZW50XC91cGxvYWRzXC9zaXRlc1wvNDU5XC8yMDIwXC8wN1wvV2hhdHNBcHAtSW1hZ2UtMjAyMi0xMi0wNy1hdC0wMC4zNi4zMy0yLmpwZWciLCJzbGlkZXNob3ciOiJkZmMwN2RjIn0%3D\">\n\t\t\t\t\t<div class=\"e-gallery-image elementor-gallery-item__image\" data-thumbnail=\"https:\/\/atauni.edu.tr\/ogrenci-dekanligi\/wp-content\/uploads\/sites\/459\/2020\/07\/WhatsApp-Image-2022-12-07-at-00.36.33-2.jpeg\" data-width=\"1024\" data-height=\"768\" aria-label=\"\" role=\"img\" ><\/div>\n\t\t\t\t\t\t\t\t\t\t\t<div class=\"elementor-gallery-item__overlay\"><\/div>\n\t\t\t\t\t\t\t\t\t\t\t\t\t\t<\/a>\n\t\t\t\t\t\t\t<a class=\"e-gallery-item elementor-gallery-item elementor-animated-content\" href=\"https:\/\/atauni.edu.tr\/ogrenci-dekanligi\/wp-content\/uploads\/sites\/459\/2020\/07\/WhatsApp-Image-2022-12-07-at-00.36.32-4.jpeg\" data-elementor-open-lightbox=\"yes\" data-elementor-lightbox-slideshow=\"dfc07dc\" data-elementor-lightbox-title=\"WhatsApp Image 2022-12-07 at 00.36.32 (4)\" data-e-action-hash=\"#elementor-action%3Aaction%3Dlightbox%26settings%3DeyJpZCI6NzEyMywidXJsIjoiaHR0cHM6XC9cL2F0YXVuaS5lZHUudHJcL29ncmVuY2ktZGVrYW5saWdpXC93cC1jb250ZW50XC91cGxvYWRzXC9zaXRlc1wvNDU5XC8yMDIwXC8wN1wvV2hhdHNBcHAtSW1hZ2UtMjAyMi0xMi0wNy1hdC0wMC4zNi4zMi00LmpwZWciLCJzbGlkZXNob3ciOiJkZmMwN2RjIn0%3D\">\n\t\t\t\t\t<div class=\"e-gallery-image elementor-gallery-item__image\" data-thumbnail=\"https:\/\/atauni.edu.tr\/ogrenci-dekanligi\/wp-content\/uploads\/sites\/459\/2020\/07\/WhatsApp-Image-2022-12-07-at-00.36.32-4.jpeg\" data-width=\"1024\" data-height=\"768\" aria-label=\"\" role=\"img\" ><\/div>\n\t\t\t\t\t\t\t\t\t\t\t<div class=\"elementor-gallery-item__overlay\"><\/div>\n\t\t\t\t\t\t\t\t\t\t\t\t\t\t<\/a>\n\t\t\t\t\t\t\t<a class=\"e-gallery-item elementor-gallery-item elementor-animated-content\" href=\"https:\/\/atauni.edu.tr\/ogrenci-dekanligi\/wp-content\/uploads\/sites\/459\/2020\/07\/WhatsApp-Image-2022-12-07-at-00.36.33-1.jpeg\" data-elementor-open-lightbox=\"yes\" data-elementor-lightbox-slideshow=\"dfc07dc\" data-elementor-lightbox-title=\"WhatsApp Image 2022-12-07 at 00.36.33 (1)\" data-e-action-hash=\"#elementor-action%3Aaction%3Dlightbox%26settings%3DeyJpZCI6NzEyNSwidXJsIjoiaHR0cHM6XC9cL2F0YXVuaS5lZHUudHJcL29ncmVuY2ktZGVrYW5saWdpXC93cC1jb250ZW50XC91cGxvYWRzXC9zaXRlc1wvNDU5XC8yMDIwXC8wN1wvV2hhdHNBcHAtSW1hZ2UtMjAyMi0xMi0wNy1hdC0wMC4zNi4zMy0xLmpwZWciLCJzbGlkZXNob3ciOiJkZmMwN2RjIn0%3D\">\n\t\t\t\t\t<div class=\"e-gallery-image elementor-gallery-item__image\" data-thumbnail=\"https:\/\/atauni.edu.tr\/ogrenci-dekanligi\/wp-content\/uploads\/sites\/459\/2020\/07\/WhatsApp-Image-2022-12-07-at-00.36.33-1.jpeg\" data-width=\"1024\" data-height=\"768\" aria-label=\"\" role=\"img\" ><\/div>\n\t\t\t\t\t\t\t\t\t\t\t<div class=\"elementor-gallery-item__overlay\"><\/div>\n\t\t\t\t\t\t\t\t\t\t\t\t\t\t<\/a>\n\t\t\t\t\t\t\t<a class=\"e-gallery-item elementor-gallery-item elementor-animated-content\" href=\"https:\/\/atauni.edu.tr\/ogrenci-dekanligi\/wp-content\/uploads\/sites\/459\/2020\/07\/WhatsApp-Image-2022-12-07-at-00.36.32-2.jpeg\" data-elementor-open-lightbox=\"yes\" data-elementor-lightbox-slideshow=\"dfc07dc\" data-elementor-lightbox-title=\"WhatsApp Image 2022-12-07 at 00.36.32 (2)\" data-e-action-hash=\"#elementor-action%3Aaction%3Dlightbox%26settings%3DeyJpZCI6NzEyMSwidXJsIjoiaHR0cHM6XC9cL2F0YXVuaS5lZHUudHJcL29ncmVuY2ktZGVrYW5saWdpXC93cC1jb250ZW50XC91cGxvYWRzXC9zaXRlc1wvNDU5XC8yMDIwXC8wN1wvV2hhdHNBcHAtSW1hZ2UtMjAyMi0xMi0wNy1hdC0wMC4zNi4zMi0yLmpwZWciLCJzbGlkZXNob3ciOiJkZmMwN2RjIn0%3D\">\n\t\t\t\t\t<div class=\"e-gallery-image elementor-gallery-item__image\" data-thumbnail=\"https:\/\/atauni.edu.tr\/ogrenci-dekanligi\/wp-content\/uploads\/sites\/459\/2020\/07\/WhatsApp-Image-2022-12-07-at-00.36.32-2.jpeg\" data-width=\"1024\" data-height=\"768\" aria-label=\"\" role=\"img\" ><\/div>\n\t\t\t\t\t\t\t\t\t\t\t<div class=\"elementor-gallery-item__overlay\"><\/div>\n\t\t\t\t\t\t\t\t\t\t\t\t\t\t<\/a>\n\t\t\t\t\t<\/div>\n\t\t\t\t\t<\/div>\n\t\t\t\t<\/div>\n\t\t\t\t\t<\/div>\n\t\t<\/div>\n\t\t\t\t\t<\/div>\n\t\t<\/section>\n\t\t\t\t<\/div>\n\t\t","protected":false},"excerpt":{"rendered":"<p>Atat\u00fcrk \u00dcniversitesi \u00d6\u011frenci Dekanl\u0131\u011f\u0131n\u0131n d\u00fczenlemi\u015f oldu\u011fu \u201cAtat\u00fcrk \u00dcniversitesi Kul\u00fcp, Topluluk ve Tak\u0131mlar\u0131n\u0131 Bilgilendirme Toplant\u0131s\u0131\u201d etkinli\u011fi Nenehatun K\u00fclt\u00fcr Merkezinde ger\u00e7ekle\u015ftirildi. Etkinli\u011fe \u00d6\u011frenci Dekanl\u0131\u011f\u0131, Sa\u011fl\u0131k K\u00fclt\u00fcr Spor Daire Ba\u015fkanl\u0131\u011f\u0131, Dijital D\u00f6n\u00fc\u015f\u00fcm Ofisi, Bilgisayar Bilimleri Ara\u015ft\u0131rma ve Uygulama Merkezi ve Kurumsal \u0130leti\u015fim Direkt\u00f6rl\u00fc\u011f\u00fc birimleri ve kul\u00fcp akademik dan\u0131\u015fmanlar\u0131, ba\u015fkanlar\u0131, tak\u0131m liderleri, \u00fcyeleri ile \u00e7ok say\u0131da \u00f6\u011frenci kat\u0131ld\u0131. \u00dcniversite [&hellip;]<\/p>\n","protected":false},"author":247,"featured_media":0,"parent":0,"menu_order":0,"comment_status":"closed","ping_status":"closed","template":"","meta":{"footnotes":""},"class_list":["post-7129","page","type-page","status-publish","hentry"],"_links":{"self":[{"href":"https:\/\/atauni.edu.tr\/ogrenci-dekanligi\/wp-json\/wp\/v2\/pages\/7129","targetHints":{"allow":["GET"]}}],"collection":[{"href":"https:\/\/atauni.edu.tr\/ogrenci-dekanligi\/wp-json\/wp\/v2\/pages"}],"about":[{"href":"https:\/\/atauni.edu.tr\/ogrenci-dekanligi\/wp-json\/wp\/v2\/types\/page"}],"author":[{"embeddable":true,"href":"https:\/\/atauni.edu.tr\/ogrenci-dekanligi\/wp-json\/wp\/v2\/users\/247"}],"replies":[{"embeddable":true,"href":"https:\/\/atauni.edu.tr\/ogrenci-dekanligi\/wp-json\/wp\/v2\/comments?post=7129"}],"version-history":[{"count":10,"href":"https:\/\/atauni.edu.tr\/ogrenci-dekanligi\/wp-json\/wp\/v2\/pages\/7129\/revisions"}],"predecessor-version":[{"id":7168,"href":"https:\/\/atauni.edu.tr\/ogrenci-dekanligi\/wp-json\/wp\/v2\/pages\/7129\/revisions\/7168"}],"wp:attachment":[{"href":"https:\/\/atauni.edu.tr\/ogrenci-dekanligi\/wp-json\/wp\/v2\/media?parent=7129"}],"curies":[{"name":"wp","href":"https:\/\/api.w.org\/{rel}","templated":true}]}}