{"id":14663,"date":"2025-01-23T13:40:59","date_gmt":"2025-01-23T10:40:59","guid":{"rendered":"https:\/\/birimler.atauni.edu.tr\/ogrenci-isleri-daire-baskanligi\/?page_id=14663"},"modified":"2026-03-05T08:24:56","modified_gmt":"2026-03-05T05:24:56","slug":"usd-sinav-programi","status":"publish","type":"page","link":"https:\/\/atauni.edu.tr\/ogrenci-isleri-daire-baskanligi\/usd-sinav-programi\/","title":{"rendered":"S\u0131nav Bilgilendirme"},"content":{"rendered":"\t\t<div data-elementor-type=\"wp-page\" data-elementor-id=\"14663\" class=\"elementor elementor-14663\" data-elementor-post-type=\"page\">\n\t\t\t\t\t\t<section class=\"elementor-section elementor-top-section elementor-element elementor-element-7b0f118 elementor-section-boxed elementor-section-height-default elementor-section-height-default\" data-id=\"7b0f118\" data-element_type=\"section\">\n\t\t\t\t\t\t<div class=\"elementor-container elementor-column-gap-default\">\n\t\t\t\t\t<div class=\"elementor-column elementor-col-100 elementor-top-column elementor-element elementor-element-865f426\" data-id=\"865f426\" data-element_type=\"column\">\n\t\t\t<div class=\"elementor-widget-wrap elementor-element-populated\">\n\t\t\t\t\t\t<div class=\"elementor-element elementor-element-3652da8 elementor-widget elementor-widget-text-editor\" data-id=\"3652da8\" data-element_type=\"widget\" data-widget_type=\"text-editor.default\">\n\t\t\t\t<div class=\"elementor-widget-container\">\n\t\t\t\t\t\t\t\t\t<p style=\"text-align: center\"><strong>2025-2026 E\u011e\u0130T\u0130M \u00d6\u011eRET\u0130M YILI BAHAR YARIYILI<\/strong><\/p><p style=\"text-align: center\"><strong>\u00dcN\u0130VERS<\/strong><strong>\u0130TE SE\u00c7MEL\u0130 DERS SINAV TAKV\u0130M\u0130 VE UYGULAMA \u0130LKELER\u0130<\/strong><\/p><p style=\"text-align: center\">( 02.03.2026 tarih ve E.2600076131 ile 04.03.2026 tarih ve E.2600085577 say\u0131l\u0131 yaz\u0131lar)<\/p><p><strong>1-<\/strong>\u00a0S\u0131navlar\u0131n planlanmas\u0131, y\u00fcr\u00fct\u00fclmesi ve koordinasyonu \u00dcniversite Se\u00e7meli Dersi a\u00e7an Dekanl\u0131k\/M\u00fcd\u00fcrl\u00fck g\u00f6zetiminde ger\u00e7ekle\u015ftirilir. S\u0131navlar ile ilgili salon tahsisi ve g\u00f6revlendirmeler (g\u00f6zetmen) s\u0131nav\u0131n yap\u0131laca\u011f\u0131 birim taraf\u0131ndan yap\u0131l\u0131r.<\/p><p><strong>2-<\/strong>\u00a0S\u0131navlar g\u00f6zetmen nezaretinde ve y\u00fcz y\u00fcze yap\u0131l\u0131r. Ara s\u0131navlar i\u00e7in y\u00fcz y\u00fcze s\u0131nav ve\/veya performans de\u011ferlendirme y\u00f6ntemlerinin hangisinin kullan\u0131laca\u011f\u0131na dersi veren \u00f6\u011fretim eleman\u0131 taraf\u0131ndan karar verilir, yaz\u0131l\u0131 s\u0131nav yap\u0131lmas\u0131 durumunda s\u0131navlar y\u00fcz y\u00fcze yap\u0131l\u0131r.<\/p><p><strong>3-<\/strong>\u00a0Dersi alan \u00f6\u011frenciler;<\/p><p><strong>\u00a0 \u00a0 \u00a0 a) <\/strong>Dersin a\u00e7\u0131ld\u0131\u011f\u0131 birimin bulundu\u011fu yerle\u015fkede (ayn\u0131 yerle\u015fke i\u00e7inde) ise bu \u00f6\u011frenciler, s\u0131nav\u0131n yap\u0131laca\u011f\u0131 ilan edilen birimde ve salonda s\u0131nava girerler (<em>\u00f6r<\/em>. Ders \u0130leti\u015fim Fak\u00fcltesi Dekanl\u0131\u011f\u0131 taraf\u0131ndan a\u00e7\u0131lm\u0131\u015f, dersi alan \u00f6\u011frenci \u0130lahiyat Fak\u00fcltesi \u00f6\u011frencisi ise bu \u00f6\u011frenci s\u0131nava \u0130leti\u015fim Fak\u00fcltesi Dekanl\u0131\u011f\u0131 taraf\u0131ndan belirlenen binada ve salonda s\u0131nava girer.)<\/p><p><strong>\u00a0 \u00a0 \u00a0 b) <\/strong>Dersin a\u00e7\u0131ld\u0131\u011f\u0131 birimin bulundu\u011fu yerle\u015fkenin d\u0131\u015f\u0131ndaki bir birimin \u00f6\u011frencisi ise;<\/p><p><strong>\u00a0 \u00a0 \u00a0 \u00a0 \u00a0 \u00a0I) <\/strong>Bu \u00f6\u011frencilerin s\u0131navlar\u0131, \u00f6\u011frencilerin kay\u0131tl\u0131 oldu\u011fu birim y\u00f6neticisinin (Dekan\/M\u00fcd\u00fcr) g\u00f6zetiminde planlanarak y\u00fcr\u00fct\u00fcl\u00fcr. (<em>\u00f6r<\/em>. Ders Ziraat Fak\u00fcltesi Dekanl\u0131\u011f\u0131 taraf\u0131ndan a\u00e7\u0131lm\u0131\u015f, dersi alan \u00f6\u011frenci H\u0131n\u0131s Meslek Y\u00fcksekokulu M\u00fcd\u00fcrl\u00fc\u011f\u00fc \u00f6\u011frencisi ise bu \u00f6\u011frenci s\u0131nava kay\u0131tl\u0131 oldu\u011fu H\u0131n\u0131s Meslek Y\u00fcksekokulu M\u00fcd\u00fcrl\u00fc\u011f\u00fc taraf\u0131ndan belirlenen binada ve salonda s\u0131nava girer.)<\/p><p><strong>\u00a0 \u00a0 \u00a0 \u00a0 \u00a0 \u00a0II) <\/strong>Bu durumdaki \u00f6\u011frenciler, s\u0131nav \u00f6ncesinde \u00dcniversite Se\u00e7meli Dersini y\u00fcr\u00fcten \u00f6\u011fretim eleman\u0131 taraf\u0131ndan tespit edilir (OBS de bu tespit yap\u0131labilmektedir) ve kay\u0131tl\u0131 olduklar\u0131 birimler bilgilendirilir.<\/p><p><strong>4-<\/strong>\u00a0\u00dcniversite Se\u00e7meli Derslere ait s\u0131nav soru ve cevaplar\u0131 ile ilgili s\u00fcre\u00e7ler 05.06.2025 tarih ve E.2500183842 say\u0131l\u0131 yaz\u0131 ekinde g\u00f6nderilen ve ekte yer alan k\u0131lavuza g\u00f6re y\u00fcr\u00fct\u00fclecektir.<\/p><p><strong>5-<\/strong>\u00a0\u00dcniversite Se\u00e7meli Ders s\u0131navlar\u0131 a\u015fa\u011f\u0131daki takvime g\u00f6re yap\u0131l\u0131r.<\/p><table width=\"300\"><tbody><tr><td width=\"180\"><strong>S\u0131nav<\/strong><\/td><td width=\"192\"><strong>Tarih<\/strong><\/td><td width=\"70\"><strong>Ders<\/strong><\/td><td width=\"101\"><strong>Grup<\/strong><\/td><td style=\"text-align: center\" width=\"75\"><strong>S\u0131nav Ba\u015flama Saati<\/strong><\/td><\/tr><tr><td rowspan=\"3\" width=\"180\">Ara (Vize) S\u0131nav<\/td><td rowspan=\"3\" width=\"192\">02 Nisan 2026<\/td><td rowspan=\"3\" width=\"70\">\u00dcSD<\/td><td width=\"101\">A Grubu<\/td><td style=\"text-align: center\" width=\"75\">08:30<\/td><\/tr><tr><td width=\"101\">B Grubu<\/td><td style=\"text-align: center\" width=\"75\">10:00<\/td><\/tr><tr><td width=\"101\">C Grubu<\/td><td style=\"text-align: center\" width=\"75\">11:30<\/td><\/tr><tr><td rowspan=\"3\" width=\"180\">Yar\u0131y\u0131l Sonu (Final) S\u0131nav\u0131<\/td><td rowspan=\"3\" width=\"192\">04 Haziran 2026<\/td><td rowspan=\"3\" width=\"70\">\u00dcSD<\/td><td width=\"101\">A Grubu<\/td><td style=\"text-align: center\" width=\"75\">08:00<\/td><\/tr><tr><td width=\"101\">B Grubu<\/td><td style=\"text-align: center\" width=\"75\">10:00<\/td><\/tr><tr><td width=\"101\">C Grubu<\/td><td style=\"text-align: center\" width=\"75\">16:00<\/td><\/tr><tr><td rowspan=\"3\" width=\"180\">B\u00fct\u00fcnleme S\u0131nav\u0131<\/td><td rowspan=\"3\" width=\"192\">18 Haziran 2026<\/td><td rowspan=\"3\" width=\"70\">\u00dcSD<\/td><td width=\"101\">A Grubu<\/td><td style=\"text-align: center\" width=\"75\">08:00<\/td><\/tr><tr><td width=\"101\">B Grubu<\/td><td style=\"text-align: center\" width=\"75\">10:00<\/td><\/tr><tr><td width=\"101\">C Grubu<\/td><td style=\"text-align: center\" width=\"75\">16:00<\/td><\/tr><\/tbody><\/table><p><strong>6-<\/strong> \u00d6\u011fretim Elemanlar\u0131 i\u00e7in haz\u0131rlanan \u00dcSD S\u0131nav S\u00fcre\u00e7leri K\u0131lavuzu i\u00e7in <a href=\"https:\/\/birimler.atauni.edu.tr\/ogrenci-isleri-daire-baskanligi\/wp-content\/uploads\/sites\/18\/2025\/10\/USD-SINAV-SUREC-KILAVUZU-1.pdf\">t\u0131kay\u0131n\u0131z.<\/a>\u00a0<\/p>\t\t\t\t\t\t\t\t<\/div>\n\t\t\t\t<\/div>\n\t\t\t\t\t<\/div>\n\t\t<\/div>\n\t\t\t\t\t<\/div>\n\t\t<\/section>\n\t\t\t\t<\/div>\n\t\t","protected":false},"excerpt":{"rendered":"<p>2025-2026 E\u011e\u0130T\u0130M \u00d6\u011eRET\u0130M YILI BAHAR YARIYILI \u00dcN\u0130VERS\u0130TE SE\u00c7MEL\u0130 DERS SINAV TAKV\u0130M\u0130 VE UYGULAMA \u0130LKELER\u0130 ( 02.03.2026 tarih ve E.2600076131 ile 04.03.2026 tarih ve E.2600085577 say\u0131l\u0131 yaz\u0131lar) 1-\u00a0S\u0131navlar\u0131n planlanmas\u0131, y\u00fcr\u00fct\u00fclmesi ve koordinasyonu \u00dcniversite Se\u00e7meli Dersi a\u00e7an Dekanl\u0131k\/M\u00fcd\u00fcrl\u00fck g\u00f6zetiminde ger\u00e7ekle\u015ftirilir. S\u0131navlar ile ilgili salon tahsisi ve g\u00f6revlendirmeler (g\u00f6zetmen) s\u0131nav\u0131n yap\u0131laca\u011f\u0131 birim taraf\u0131ndan yap\u0131l\u0131r. 2-\u00a0S\u0131navlar g\u00f6zetmen nezaretinde ve [&hellip;]<\/p>\n","protected":false},"author":5,"featured_media":0,"parent":0,"menu_order":0,"comment_status":"closed","ping_status":"closed","template":"","meta":{"footnotes":""},"class_list":["post-14663","page","type-page","status-publish","hentry"],"_links":{"self":[{"href":"https:\/\/atauni.edu.tr\/ogrenci-isleri-daire-baskanligi\/wp-json\/wp\/v2\/pages\/14663","targetHints":{"allow":["GET"]}}],"collection":[{"href":"https:\/\/atauni.edu.tr\/ogrenci-isleri-daire-baskanligi\/wp-json\/wp\/v2\/pages"}],"about":[{"href":"https:\/\/atauni.edu.tr\/ogrenci-isleri-daire-baskanligi\/wp-json\/wp\/v2\/types\/page"}],"author":[{"embeddable":true,"href":"https:\/\/atauni.edu.tr\/ogrenci-isleri-daire-baskanligi\/wp-json\/wp\/v2\/users\/5"}],"replies":[{"embeddable":true,"href":"https:\/\/atauni.edu.tr\/ogrenci-isleri-daire-baskanligi\/wp-json\/wp\/v2\/comments?post=14663"}],"version-history":[{"count":74,"href":"https:\/\/atauni.edu.tr\/ogrenci-isleri-daire-baskanligi\/wp-json\/wp\/v2\/pages\/14663\/revisions"}],"predecessor-version":[{"id":16323,"href":"https:\/\/atauni.edu.tr\/ogrenci-isleri-daire-baskanligi\/wp-json\/wp\/v2\/pages\/14663\/revisions\/16323"}],"wp:attachment":[{"href":"https:\/\/atauni.edu.tr\/ogrenci-isleri-daire-baskanligi\/wp-json\/wp\/v2\/media?parent=14663"}],"curies":[{"name":"wp","href":"https:\/\/api.w.org\/{rel}","templated":true}]}}