{"id":16109,"date":"2025-12-30T08:01:24","date_gmt":"2025-12-30T05:01:24","guid":{"rendered":"https:\/\/birimler.atauni.edu.tr\/ogrenci-isleri-daire-baskanligi\/?page_id=16109"},"modified":"2026-01-12T13:46:22","modified_gmt":"2026-01-12T10:46:22","slug":"butunlesik-yuksek-lisans","status":"publish","type":"page","link":"https:\/\/atauni.edu.tr\/ogrenci-isleri-daire-baskanligi\/butunlesik-yuksek-lisans\/","title":{"rendered":"B\u00fct\u00fcnle\u015fik Y\u00fcksek Lisans"},"content":{"rendered":"\t\t<div data-elementor-type=\"wp-page\" data-elementor-id=\"16109\" class=\"elementor elementor-16109\" data-elementor-post-type=\"page\">\n\t\t\t\t\t\t<section class=\"elementor-section elementor-top-section elementor-element elementor-element-d8e4e9d elementor-section-boxed elementor-section-height-default elementor-section-height-default\" data-id=\"d8e4e9d\" data-element_type=\"section\">\n\t\t\t\t\t\t<div class=\"elementor-container elementor-column-gap-default\">\n\t\t\t\t\t<div class=\"elementor-column elementor-col-100 elementor-top-column elementor-element elementor-element-ea8431e\" data-id=\"ea8431e\" data-element_type=\"column\">\n\t\t\t<div class=\"elementor-widget-wrap elementor-element-populated\">\n\t\t\t\t\t\t<div class=\"elementor-element elementor-element-4f843fa elementor-tabs-view-vertical elementor-widget elementor-widget-tabs\" data-id=\"4f843fa\" data-element_type=\"widget\" data-widget_type=\"tabs.default\">\n\t\t\t\t<div class=\"elementor-widget-container\">\n\t\t\t\t\t\t\t<div class=\"elementor-tabs\">\n\t\t\t<div class=\"elementor-tabs-wrapper\" role=\"tablist\" >\n\t\t\t\t\t\t\t\t\t<div id=\"elementor-tab-title-8331\" class=\"elementor-tab-title elementor-tab-desktop-title\" aria-selected=\"true\" data-tab=\"1\" role=\"tab\" tabindex=\"0\" aria-controls=\"elementor-tab-content-8331\" aria-expanded=\"false\">Bilgilendirme<\/div>\n\t\t\t\t\t\t\t\t\t<div id=\"elementor-tab-title-8332\" class=\"elementor-tab-title elementor-tab-desktop-title\" aria-selected=\"false\" data-tab=\"2\" role=\"tab\" tabindex=\"-1\" aria-controls=\"elementor-tab-content-8332\" aria-expanded=\"false\">Ba\u015fvuru<\/div>\n\t\t\t\t\t\t\t\t\t<div id=\"elementor-tab-title-8333\" class=\"elementor-tab-title elementor-tab-desktop-title\" aria-selected=\"false\" data-tab=\"3\" role=\"tab\" tabindex=\"-1\" aria-controls=\"elementor-tab-content-8333\" aria-expanded=\"false\">S\u0131k Sorulan Sorular<\/div>\n\t\t\t\t\t\t\t<\/div>\n\t\t\t<div class=\"elementor-tabs-content-wrapper\" role=\"tablist\" aria-orientation=\"vertical\">\n\t\t\t\t\t\t\t\t\t<div class=\"elementor-tab-title elementor-tab-mobile-title\" aria-selected=\"true\" data-tab=\"1\" role=\"tab\" tabindex=\"0\" aria-controls=\"elementor-tab-content-8331\" aria-expanded=\"false\">Bilgilendirme<\/div>\n\t\t\t\t\t<div id=\"elementor-tab-content-8331\" class=\"elementor-tab-content elementor-clearfix\" data-tab=\"1\" role=\"tabpanel\" aria-labelledby=\"elementor-tab-title-8331\" tabindex=\"0\" hidden=\"false\"><p><strong>B\u00fct\u00fcnle\u015fik Y\u00fcksek Lisans Program\u0131<\/strong><\/p><p>Genel not ortalamas\u0131 belirli bir seviyenin \u00fczerinde olan ba\u015far\u0131l\u0131 \u00f6\u011frencinin lisans \u00f6\u011frenimi esnas\u0131nda y\u00fcksek lisans seviyesinde baz\u0131 dersleri almas\u0131, uygulamal\u0131 mesleki deneyim kazanmas\u0131, ara\u015ft\u0131rma, proje ve akademik \u00fcretim becerilerinin desteklenmesi ve y\u00fcksek lisans \u00f6\u011frenimine ili\u015fkin planlamay\u0131 lisans mezuniyetinden \u00f6nce yapmas\u0131n\u0131 sa\u011flayarak zaman kazanmas\u0131 ve y\u00fcksek lisans \u00f6\u011frenimi yapmas\u0131 i\u00e7in te\u015fvik edilmesini ama\u00e7layan bir programd\u0131r.<\/p><p><strong>Program\u0131n Yasal Dayana\u011f\u0131 (Mevzuat\u0131)<\/strong><\/p><p><a href=\"https:\/\/birimler.atauni.edu.tr\/ogrenci-isleri-daire-baskanligi\/wp-content\/uploads\/sites\/18\/2025\/12\/Butunlesik-Yukseklisans-Ilkeleri_10122025.pdf\">Y\u00fcksek\u00f6\u011fretim Kurulu Ba\u015fkanl\u0131\u011f\u0131 Y\u00fcksek\u00f6\u011fretim Genel Kurul Kararlar\u0131<\/a><\/p><p><a href=\"https:\/\/birimler.atauni.edu.tr\/ogrenci-isleri-daire-baskanligi\/mevzuat\/\">Atat\u00fcrk \u00dcniversitesi B\u00fct\u00fcnle\u015fik Y\u00fcksek Lisans Program\u0131 Uygulama Esaslar\u0131<\/a><\/p><p><strong>Tan\u0131t\u0131m Materyalleri<\/strong>\u00a0 \u00a0 <a href=\"https:\/\/birimler.atauni.edu.tr\/ogrenci-isleri-daire-baskanligi\/wp-content\/uploads\/sites\/18\/2026\/01\/Butunlesik-Yuksek-Lisans-Sunum_12012026.pptx\">Sunu<\/a> \u00a0 \u00a0&amp;\u00a0 \u00a0 <a href=\"https:\/\/birimler.atauni.edu.tr\/ogrenci-isleri-daire-baskanligi\/wp-content\/uploads\/sites\/18\/2026\/01\/WhatsApp-Video-2026-01-12-at-12.20.06.mp4\">Video<\/a><\/p><p><img decoding=\"async\" class=\"aligncenter\" src=\"https:\/\/birimler.atauni.edu.tr\/ogrenci-isleri-daire-baskanligi\/wp-content\/uploads\/sites\/18\/2026\/01\/ca5dc538-38b8-4b5b-8ee9-a16a446fe537.jpeg\" \/><\/p><\/div>\n\t\t\t\t\t\t\t\t\t<div class=\"elementor-tab-title elementor-tab-mobile-title\" aria-selected=\"false\" data-tab=\"2\" role=\"tab\" tabindex=\"-1\" aria-controls=\"elementor-tab-content-8332\" aria-expanded=\"false\">Ba\u015fvuru<\/div>\n\t\t\t\t\t<div id=\"elementor-tab-content-8332\" class=\"elementor-tab-content elementor-clearfix\" data-tab=\"2\" role=\"tabpanel\" aria-labelledby=\"elementor-tab-title-8332\" tabindex=\"0\" hidden=\"hidden\"><p>Lisans program\u0131n\u0131n en erken 7. yar\u0131y\u0131l\u0131nda ba\u015fvuru yap\u0131labilir.<\/p><p>Programa ba\u015fvuru i\u00e7in A\u011f\u0131rl\u0131kl\u0131 Genel Not Ortalamas\u0131 (AGNO)&#8217;n\u0131n 3.00 veya \u00fczeri olmas\u0131 ve ba\u015far\u0131s\u0131z herhangi bir dersin bulunmamas\u0131 gerekir.<\/p><p>Programa \u00dcniversitemiz lisans programlar\u0131na kay\u0131tl\u0131 olup,\u00a0 7. veya 8. inci yar\u0131y\u0131lda \u00f6\u011frenim g\u00f6rmekte olan \u00f6\u011frenciler ba\u015fvurabilir.\u00a0<\/p><p>Kontenjanlar ve ba\u015fvuru ile ilgili bilgi almak i\u00e7in l\u00fctfen <a href=\"https:\/\/birimler.atauni.edu.tr\/ogrenci-isleri-daire-baskanligi\/lisansustu-programlar\/\">t\u0131klay\u0131n\u0131z.<\/a><\/p><\/div>\n\t\t\t\t\t\t\t\t\t<div class=\"elementor-tab-title elementor-tab-mobile-title\" aria-selected=\"false\" data-tab=\"3\" role=\"tab\" tabindex=\"-1\" aria-controls=\"elementor-tab-content-8333\" aria-expanded=\"false\">S\u0131k Sorulan Sorular<\/div>\n\t\t\t\t\t<div id=\"elementor-tab-content-8333\" class=\"elementor-tab-content elementor-clearfix\" data-tab=\"3\" role=\"tabpanel\" aria-labelledby=\"elementor-tab-title-8333\" tabindex=\"0\" hidden=\"hidden\"><p><strong style=\"font-size: 1rem;letter-spacing: 0px\">B\u00fct\u00fcnle\u015fik Y\u00fcksek Lisans Program\u0131n\u0131n Faydas\u0131 Nedir?<\/strong><\/p><p>Program \u00f6\u011frenciye;<\/p><p>a) Y\u00fcksek lisans e\u011fitimi ile erken tan\u0131\u015fma, akademik gelece\u011fini planlama,<\/p><p>b) Lisans mezuniyetinden sonra lisans\u00fcst\u00fc e\u011fitim i\u00e7in aranan asgari \u015fartlar\u0131n sa\u011flanmas\u0131 halinde y\u00fcksek lisans program\u0131na kesin kay\u0131t\u00a0<\/p><p>imkanlar\u0131 sunmaktad\u0131r.<\/p><p><strong>B\u00fct\u00fcnle\u015fik Y\u00fcksek Lisans program\u0131na kimler ba\u015fvurabilir?<\/strong><\/p><p>Programa 4 y\u0131ll\u0131k lisans programlar\u0131nda \u00f6\u011frenim g\u00f6rmekte olan son s\u0131n\u0131f \u00f6\u011frencileri (7. ve 8. d\u00f6neminde olan) ba\u015fvurabilmektedir.<\/p><p><strong>Ba\u015fvuru i\u00e7in gereken temel \u015fartlar nelerdir?<\/strong><\/p><p>a) Lisans not ortalamas\u0131n\u0131n en az 3.00 olmas\u0131 gerekmektedir.<\/p><p>b) Ba\u015fvurdu\u011fu d\u00f6neme\u00a0kadar alm\u0131\u015f oldu\u011fu (7. yar\u0131y\u0131lda ba\u015fvuruyorsa \u00f6nceki 6 yar\u0131y\u0131lda, 8. yar\u0131y\u0131lda ba\u015fvuruyorsa \u00f6nceki 7 yar\u0131y\u0131lda) t\u00fcm derslerden ba\u015far\u0131l\u0131 olmas\u0131 gerekmektedir.<\/p><p>c) Programa en erken 7. d\u00f6nemin ba\u015f\u0131nda ba\u015fvuru yap\u0131labilir.<\/p><p>d) Kay\u0131tl\u0131 olunan lisans program i\u00e7in a\u00e7\u0131lan b\u00fct\u00fcnle\u015fik y\u00fcksek lisans program\u0131na ba\u015fvuru yap\u0131labilir.<\/p><p><strong>Programa ba\u015fvurup kabul edildikten sonra ne yap\u0131lacakt\u0131r?<\/strong><\/p><p>Programa kabul edilen \u00f6\u011frenciler, lisans dersleri ile birlikte y\u00fcksek lisans program\u0131ndan her yar\u0131y\u0131l en az bir, en fazla iki y\u00fcksek lisans dersi alabileceklerdir.<\/p><p><strong>B\u00fct\u00fcnle\u015fik Y\u00fcksek Lisans program\u0131 sonras\u0131 y\u00fcksek lisansa kesin kay\u0131t i\u00e7in \u015fartlar nelerdir?<\/strong><\/p><p>a ) Lisans \u00f6\u011freniminin 8 yar\u0131y\u0131lda tamamlanm\u0131\u015f olmas\u0131,<\/p><p>b) Lisans mezuniyet not ortalamas\u0131n\u0131n en az 3.00 olmas\u0131,<\/p><p>c) Kay\u0131t yap\u0131lacak y\u00fcksek lisans program\u0131n\u0131n puan t\u00fcr\u00fcnde en az 55 ALES puan\u0131na sahip olmas\u0131 (Konservatuvar programlar\u0131 ile G\u00fczel Sanatlar Fak\u00fcltesinin \u00f6zel yetenek s\u0131nav\u0131 ile \u00f6\u011frenci kabul eden programlar\u0131n\u0131n anasanat ve anabilim dallar\u0131na \u00f6\u011frenci kabul\u00fcnde ALES \u015fart\u0131 aranmaz)<\/p><p>gerekmektedir.<\/p><p><strong>Lisanstan mezun oldu\u011fum y\u0131l y\u00fcksek lisans kesin kay\u0131t \u015fartlar\u0131 sa\u011flayamazsa ne olur?<\/strong><\/p><p>a) Y\u00fcksek lisans program\u0131na kesin kay\u0131t yapt\u0131r\u0131lamaz,<br \/>b) Bu programda al\u0131nan dersler i\u00e7in ayr\u0131 bir belge d\u00fczenlenir, lisans mezuniyet transkriptinde bu dersler yer almaz.\u00a0\u00a0<\/p><p><strong>Programa ba\u015fvuru nas\u0131l yap\u0131l\u0131r?<br \/><\/strong><\/p><p>Programa ba\u015fvurular\u00a0<a href=\"https:\/\/birimler.atauni.edu.tr\/ogrenci-isleri-daire-baskanligi\/lisansustu-programlar\/\">Lisans\u00fcst\u00fc Bilgi Rehberinde<\/a>\u00a0yer alan tarih ve kontenjanlara ba\u011fl\u0131 olarak\u00a0<a href=\"https:\/\/obs.atauni.edu.tr\/\">\u00d6\u011frenci Bilgi Sistemi<\/a>\u00a0\u00fczerinden yap\u0131l\u0131r.<\/p><\/div>\n\t\t\t\t\t\t\t<\/div>\n\t\t<\/div>\n\t\t\t\t\t\t<\/div>\n\t\t\t\t<\/div>\n\t\t\t\t\t<\/div>\n\t\t<\/div>\n\t\t\t\t\t<\/div>\n\t\t<\/section>\n\t\t\t\t<\/div>\n\t\t","protected":false},"excerpt":{"rendered":"<p>Bilgilendirme Ba\u015fvuru S\u0131k Sorulan Sorular Bilgilendirme B\u00fct\u00fcnle\u015fik Y\u00fcksek Lisans Program\u0131 Genel not ortalamas\u0131 belirli bir seviyenin \u00fczerinde olan ba\u015far\u0131l\u0131 \u00f6\u011frencinin lisans \u00f6\u011frenimi esnas\u0131nda y\u00fcksek lisans seviyesinde baz\u0131 dersleri almas\u0131, uygulamal\u0131 mesleki deneyim kazanmas\u0131, ara\u015ft\u0131rma, proje ve akademik \u00fcretim becerilerinin desteklenmesi ve y\u00fcksek lisans \u00f6\u011frenimine ili\u015fkin planlamay\u0131 lisans mezuniyetinden \u00f6nce yapmas\u0131n\u0131 sa\u011flayarak zaman kazanmas\u0131 ve y\u00fcksek [&hellip;]<\/p>\n","protected":false},"author":5,"featured_media":0,"parent":0,"menu_order":0,"comment_status":"closed","ping_status":"closed","template":"","meta":{"footnotes":""},"class_list":["post-16109","page","type-page","status-publish","hentry"],"_links":{"self":[{"href":"https:\/\/atauni.edu.tr\/ogrenci-isleri-daire-baskanligi\/wp-json\/wp\/v2\/pages\/16109","targetHints":{"allow":["GET"]}}],"collection":[{"href":"https:\/\/atauni.edu.tr\/ogrenci-isleri-daire-baskanligi\/wp-json\/wp\/v2\/pages"}],"about":[{"href":"https:\/\/atauni.edu.tr\/ogrenci-isleri-daire-baskanligi\/wp-json\/wp\/v2\/types\/page"}],"author":[{"embeddable":true,"href":"https:\/\/atauni.edu.tr\/ogrenci-isleri-daire-baskanligi\/wp-json\/wp\/v2\/users\/5"}],"replies":[{"embeddable":true,"href":"https:\/\/atauni.edu.tr\/ogrenci-isleri-daire-baskanligi\/wp-json\/wp\/v2\/comments?post=16109"}],"version-history":[{"count":52,"href":"https:\/\/atauni.edu.tr\/ogrenci-isleri-daire-baskanligi\/wp-json\/wp\/v2\/pages\/16109\/revisions"}],"predecessor-version":[{"id":16238,"href":"https:\/\/atauni.edu.tr\/ogrenci-isleri-daire-baskanligi\/wp-json\/wp\/v2\/pages\/16109\/revisions\/16238"}],"wp:attachment":[{"href":"https:\/\/atauni.edu.tr\/ogrenci-isleri-daire-baskanligi\/wp-json\/wp\/v2\/media?parent=16109"}],"curies":[{"name":"wp","href":"https:\/\/api.w.org\/{rel}","templated":true}]}}