{"id":16345,"date":"2026-03-23T16:26:10","date_gmt":"2026-03-23T13:26:10","guid":{"rendered":"https:\/\/atauni.edu.tr\/ogrenci-isleri-daire-baskanligi\/?page_id=16345"},"modified":"2026-03-24T14:20:06","modified_gmt":"2026-03-24T11:20:06","slug":"gorev-yapanlar","status":"publish","type":"page","link":"https:\/\/atauni.edu.tr\/ogrenci-isleri-daire-baskanligi\/gorev-yapanlar\/","title":{"rendered":"G\u00f6rev Yapanlar"},"content":{"rendered":"\t\t<div data-elementor-type=\"wp-page\" data-elementor-id=\"16345\" class=\"elementor elementor-16345\" data-elementor-post-type=\"page\">\n\t\t\t\t\t\t<section class=\"elementor-section elementor-top-section elementor-element elementor-element-e5ae9c5 elementor-section-boxed elementor-section-height-default elementor-section-height-default\" data-id=\"e5ae9c5\" data-element_type=\"section\">\n\t\t\t\t\t\t<div class=\"elementor-container elementor-column-gap-default\">\n\t\t\t\t\t<div class=\"elementor-column elementor-col-100 elementor-top-column elementor-element elementor-element-25105fc\" data-id=\"25105fc\" data-element_type=\"column\">\n\t\t\t<div class=\"elementor-widget-wrap elementor-element-populated\">\n\t\t\t\t\t\t<div class=\"elementor-element elementor-element-0dbce08 elementor-widget elementor-widget-text-editor\" data-id=\"0dbce08\" data-element_type=\"widget\" data-widget_type=\"text-editor.default\">\n\t\t\t\t<div class=\"elementor-widget-container\">\n\t\t\t\t\t\t\t\t\t<p style=\"text-align: center\"><img decoding=\"async\" class=\"\" src=\"https:\/\/atauni.edu.tr\/ogrenci-isleri-daire-baskanligi\/wp-content\/uploads\/sites\/18\/2026\/03\/Sukran.png\" width=\"254\" height=\"169\"><br><b>\n(15.08.2014 tarihinden itibaren)<\/b><\/p>\n<table width=\"414\">\n<tbody>\n<tr>\n<td width=\"138\">Ad\u0131 ve Soyad\u0131<\/td>\n<td width=\"90\">Unvan\u0131<\/td>\n<td width=\"102\">Ayr\u0131l\u0131\u015f Nedeni<\/td>\n<td width=\"84\">Ayr\u0131l\u0131\u015f Tarihi<\/td>\n<\/tr>\n<tr>\n<td>Hamit HATUNO\u011eLU<\/td>\n<td>Daire Ba\u015fkan\u0131<\/td>\n<td>Nakil<\/td>\n<td>15.08.2014<\/td>\n<\/tr>\n<tr>\n<td>Enver YILDIRIM<\/td>\n<td>\u015eube M\u00fcd\u00fcr\u00fc<\/td>\n<td>Nakil<\/td>\n<td>15.08.2014<\/td>\n<\/tr>\n<tr>\n<td>\u015eafak ODABA\u015eI<\/td>\n<td>\u015eube M\u00fcd\u00fcr\u00fc<\/td>\n<td>Nakil<\/td>\n<td>15.08.2014<\/td>\n<\/tr>\n<tr>\n<td>Arzu NACAKGED\u0130\u011e\u0130<\/td>\n<td>VHK\u0130<\/td>\n<td>Nakil<\/td>\n<td>10.11.2014<\/td>\n<\/tr>\n<tr>\n<td>Osman KELE\u015e<\/td>\n<td>VHK\u0130<\/td>\n<td>Nakil<\/td>\n<td>23.10.2015<\/td>\n<\/tr>\n<tr>\n<td>Melike KOTAN<\/td>\n<td>VHK\u0130<\/td>\n<td>Nakil<\/td>\n<td>25.01.2016<\/td>\n<\/tr>\n<tr>\n<td>Ahmet TARHAN<\/td>\n<td>VHK\u0130<\/td>\n<td>Nakil<\/td>\n<td>21.09.2016<\/td>\n<\/tr>\n<tr>\n<td>Cengiz \u00c7E\u011eELL\u0130<\/td>\n<td>VHK\u0130<\/td>\n<td>Nakil<\/td>\n<td>23.09.2016<\/td>\n<\/tr>\n<tr>\n<td>Nurcan K\u00dcN\u0130<\/td>\n<td>VHK\u0130<\/td>\n<td>Nakil<\/td>\n<td>27.09.2016<\/td>\n<\/tr>\n<tr>\n<td>Emine YILMAZ<\/td>\n<td>VHK\u0130<\/td>\n<td>Nakil<\/td>\n<td>31.10.2016<\/td>\n<\/tr>\n<tr>\n<td>Fatih YILDIZ<\/td>\n<td>VHK\u0130<\/td>\n<td>Nakil<\/td>\n<td>26.09.2017<\/td>\n<\/tr>\n<tr>\n<td>Aliye \u00d6REN<\/td>\n<td>VHK\u0130<\/td>\n<td>Nakil<\/td>\n<td>15.12.2017<\/td>\n<\/tr>\n<tr>\n<td>Fikret BAYRAM<\/td>\n<td>\u015eef<\/td>\n<td>Emekli<\/td>\n<td>2.01.2018<\/td>\n<\/tr>\n<tr>\n<td>Emrah KAYA<\/td>\n<td>VHK\u0130<\/td>\n<td>\u0130stifa<\/td>\n<td>28.03.2019<\/td>\n<\/tr>\n<tr>\n<td>\u0130hsan AKPINAR<\/td>\n<td>VHK\u0130<\/td>\n<td>Nakil<\/td>\n<td>3.01.2020<\/td>\n<\/tr>\n<tr>\n<td>Fatih \u00d6ZT\u00dcRK<\/td>\n<td>\u015eube M\u00fcd\u00fcr\u00fc<\/td>\n<td>Nakil<\/td>\n<td>11.02.2020<\/td>\n<\/tr>\n<tr>\n<td>Yakup SA\u011eLAM<\/td>\n<td>VHK\u0130<\/td>\n<td>Emekli<\/td>\n<td>13.02.2020<\/td>\n<\/tr>\n<tr>\n<td>Tamer U\u011eUZ<\/td>\n<td>VHK\u0130<\/td>\n<td>Emekli<\/td>\n<td>26.03.2020<\/td>\n<\/tr>\n<tr>\n<td>B\u00fclent KAT\u0130PO\u011eLU<\/td>\n<td>\u015eef<\/td>\n<td>Emekli<\/td>\n<td>22.06.2020<\/td>\n<\/tr>\n<tr>\n<td>Cevahir KARTA<\/td>\n<td>VHK\u0130<\/td>\n<td>Nakil<\/td>\n<td>22.10.2020<\/td>\n<\/tr>\n<tr>\n<td>Fakrullah TOHUMCU<\/td>\n<td>\u015eube M\u00fcd\u00fcr\u00fc<\/td>\n<td>Nakil<\/td>\n<td>26.10.2020<\/td>\n<\/tr>\n<tr>\n<td>Y\u0131lmaz \u00c7ALKA<\/td>\n<td>VHK\u0130<\/td>\n<td>Emekli<\/td>\n<td>6.01.2021<\/td>\n<\/tr>\n<tr>\n<td>Cihan O\u011eU\u015e<\/td>\n<td>VHK\u0130<\/td>\n<td>Emekli<\/td>\n<td>2.02.2021<\/td>\n<\/tr>\n<tr>\n<td>Seyfullah K\u00d6KNAR<\/td>\n<td>VHK\u0130<\/td>\n<td>Emekli<\/td>\n<td>16.03.2023<\/td>\n<\/tr>\n<tr>\n<td>G\u00fcl\u015fah ERTEK\u0130N<\/td>\n<td>VHK\u0130<\/td>\n<td>\u0130stifa<\/td>\n<td>18.09.2023<\/td>\n<\/tr>\n<tr>\n<td>Ya\u015far Nuri R\u00dc\u015eEN<\/td>\n<td>\u015eef<\/td>\n<td>Emekli<\/td>\n<td>20.02.2024<\/td>\n<\/tr>\n<tr>\n<td>Bedia KUTLU<\/td>\n<td>\u015eube M\u00fcd\u00fcr\u00fc<\/td>\n<td>Nakil<\/td>\n<td>25.11.2024<\/td>\n<\/tr>\n<tr>\n<td>Teyyar \u00d6ZGEN<\/td>\n<td>\u015eef<\/td>\n<td>Emekli<\/td>\n<td>16.12.2024<\/td>\n<\/tr>\n<tr>\n<td>Ayd\u0131n HARS<\/td>\n<td>VHK\u0130<\/td>\n<td>Nakil<\/td>\n<td>3.03.2025<\/td>\n<\/tr>\n<tr>\n<td>Serap \u00d6NAL<\/td>\n<td>\u015eube M\u00fcd\u00fcr\u00fc<\/td>\n<td>Nakil<\/td>\n<td>12.08.2025<\/td>\n<\/tr>\n<tr>\n<td>Sevda TUTURGA \u0130ZC\u0130<\/td>\n<td>VHK\u0130<\/td>\n<td>G\u00f6revlendirme<\/td>\n<td>15.08.2025<\/td>\n<\/tr>\n<tr>\n<td>Abdullah YUCA<\/td>\n<td>\u0130\u015f\u00e7i<\/td>\n<td>Emekli<\/td>\n<td><\/td>\n<\/tr>\n<tr>\n<td>Fatih \u00c7OBAN<\/td>\n<td>\u0130\u015f\u00e7i<\/td>\n<td>Nakil<\/td>\n<td><\/td>\n<\/tr>\n<tr>\n<td>Fatma KARAHAN<\/td>\n<td>\u0130\u015f\u00e7i<\/td>\n<td>Nakil<\/td>\n<td><\/td>\n<\/tr>\n<tr>\n<td>Zeynep POLAT<\/td>\n<td>\u0130\u015f\u00e7i<\/td>\n<td>Nakil<\/td>\n<td><\/td>\n<\/tr>\n<tr>\n<td>Hakan KENAN<\/td>\n<td>\u0130\u015f\u00e7i<\/td>\n<td>Nakil<\/td>\n<td><\/td>\n<\/tr>\n<\/tbody>\n<\/table>\t\t\t\t\t\t\t\t<\/div>\n\t\t\t\t<\/div>\n\t\t\t\t\t<\/div>\n\t\t<\/div>\n\t\t\t\t\t<\/div>\n\t\t<\/section>\n\t\t\t\t<\/div>\n\t\t","protected":false},"excerpt":{"rendered":"<p>(15.08.2014 tarihinden itibaren) Ad\u0131 ve Soyad\u0131 Unvan\u0131 Ayr\u0131l\u0131\u015f Nedeni Ayr\u0131l\u0131\u015f Tarihi Hamit HATUNO\u011eLU Daire Ba\u015fkan\u0131 Nakil 15.08.2014 Enver YILDIRIM \u015eube M\u00fcd\u00fcr\u00fc Nakil 15.08.2014 \u015eafak ODABA\u015eI \u015eube M\u00fcd\u00fcr\u00fc Nakil 15.08.2014 Arzu NACAKGED\u0130\u011e\u0130 VHK\u0130 Nakil 10.11.2014 Osman KELE\u015e VHK\u0130 Nakil 23.10.2015 Melike KOTAN VHK\u0130 Nakil 25.01.2016 Ahmet TARHAN VHK\u0130 Nakil 21.09.2016 Cengiz \u00c7E\u011eELL\u0130 VHK\u0130 Nakil 23.09.2016 Nurcan [&hellip;]<\/p>\n","protected":false},"author":5,"featured_media":0,"parent":0,"menu_order":0,"comment_status":"closed","ping_status":"closed","template":"","meta":{"footnotes":""},"class_list":["post-16345","page","type-page","status-publish","hentry"],"_links":{"self":[{"href":"https:\/\/atauni.edu.tr\/ogrenci-isleri-daire-baskanligi\/wp-json\/wp\/v2\/pages\/16345","targetHints":{"allow":["GET"]}}],"collection":[{"href":"https:\/\/atauni.edu.tr\/ogrenci-isleri-daire-baskanligi\/wp-json\/wp\/v2\/pages"}],"about":[{"href":"https:\/\/atauni.edu.tr\/ogrenci-isleri-daire-baskanligi\/wp-json\/wp\/v2\/types\/page"}],"author":[{"embeddable":true,"href":"https:\/\/atauni.edu.tr\/ogrenci-isleri-daire-baskanligi\/wp-json\/wp\/v2\/users\/5"}],"replies":[{"embeddable":true,"href":"https:\/\/atauni.edu.tr\/ogrenci-isleri-daire-baskanligi\/wp-json\/wp\/v2\/comments?post=16345"}],"version-history":[{"count":22,"href":"https:\/\/atauni.edu.tr\/ogrenci-isleri-daire-baskanligi\/wp-json\/wp\/v2\/pages\/16345\/revisions"}],"predecessor-version":[{"id":16375,"href":"https:\/\/atauni.edu.tr\/ogrenci-isleri-daire-baskanligi\/wp-json\/wp\/v2\/pages\/16345\/revisions\/16375"}],"wp:attachment":[{"href":"https:\/\/atauni.edu.tr\/ogrenci-isleri-daire-baskanligi\/wp-json\/wp\/v2\/media?parent=16345"}],"curies":[{"name":"wp","href":"https:\/\/api.w.org\/{rel}","templated":true}]}}