{"id":16371,"date":"2026-03-24T14:16:33","date_gmt":"2026-03-24T11:16:33","guid":{"rendered":"https:\/\/atauni.edu.tr\/ogrenci-isleri-daire-baskanligi\/?page_id=16371"},"modified":"2026-03-24T15:33:34","modified_gmt":"2026-03-24T12:33:34","slug":"tarihce-2","status":"publish","type":"page","link":"https:\/\/atauni.edu.tr\/ogrenci-isleri-daire-baskanligi\/tarihce-2\/","title":{"rendered":"Tarih\u00e7e"},"content":{"rendered":"\t\t<div data-elementor-type=\"wp-page\" data-elementor-id=\"16371\" class=\"elementor elementor-16371\" data-elementor-post-type=\"page\">\n\t\t\t\t\t\t<section class=\"elementor-section elementor-top-section elementor-element elementor-element-8c514ac elementor-section-boxed elementor-section-height-default elementor-section-height-default\" data-id=\"8c514ac\" data-element_type=\"section\">\n\t\t\t\t\t\t<div class=\"elementor-container elementor-column-gap-default\">\n\t\t\t\t\t<div class=\"elementor-column elementor-col-100 elementor-top-column elementor-element elementor-element-2db6451\" data-id=\"2db6451\" data-element_type=\"column\">\n\t\t\t<div class=\"elementor-widget-wrap elementor-element-populated\">\n\t\t\t\t\t\t<div class=\"elementor-element elementor-element-5f4d527 elementor-widget elementor-widget-text-editor\" data-id=\"5f4d527\" data-element_type=\"widget\" data-widget_type=\"text-editor.default\">\n\t\t\t\t<div class=\"elementor-widget-container\">\n\t\t\t\t\t\t\t\t\t<p style=\"text-align: justify\">\u00dcniversitemiz 6990 say\u0131l\u0131 yasaya ba\u011fl\u0131 olarak 07 Haziran 1957 y\u0131l\u0131nda kurulmu\u015f olup, 1958-1959 e\u011fitim-\u00f6\u011fretim y\u0131l\u0131nda Ziraat Fak\u00fcltesi ile Fen-Edebiyat Fak\u00fcltesine \u00f6\u011frenci al\u0131nm\u0131\u015ft\u0131r.<\/p><p style=\"text-align: justify\">\u00d6\u011frenci al\u0131m\u0131 yap\u0131lan her iki fak\u00fcltenin \u00f6\u011frencileri i\u00e7in yap\u0131lacak i\u015f ve i\u015flemlerin birlikte y\u00fcr\u00fct\u00fclebilmesi amac\u0131yla \u201c\u00d6\u011frenci \u0130\u015fleri B\u00fcrosu\u201d kurulmu\u015f, bu b\u00fcro bilahare \u201c\u00d6\u011frenci \u0130\u015fleri M\u00fcd\u00fcrl\u00fc\u011f\u00fc\u201d olarak hizmet vermeye ba\u015flam\u0131\u015ft\u0131r. Daha sonra, 1750 say\u0131l\u0131 \u00dcniversiteler Kanunu\u2019nun 49. maddesi ve \u00dcniversite Y\u00f6netim Kurulunun 05.04.1978 tarih ve 9\/72 say\u0131l\u0131 karar\u0131yla g\u00f6revlerini ayr\u0131 ayr\u0131 icra eden \u00d6\u011frenci \u0130\u015fleri M\u00fcd\u00fcrl\u00fc\u011f\u00fc ile Yaz\u0131 \u0130\u015fleri M\u00fcd\u00fcrl\u00fc\u011f\u00fc birle\u015ftirilerek \u00d6\u011frenci ve Yaz\u0131 \u0130\u015fleri M\u00fcd\u00fcrl\u00fc\u011f\u00fc kurulmu\u015ftur. Yeni yap\u0131lanmaya ba\u011fl\u0131 olarak da fak\u00fclte ve y\u00fcksekokullarda da \u00d6\u011frenci \u0130\u015fleri \u015eeflikleri ihdas edilmi\u015ftir. \u00d6\u011frenci \u0130\u015fleri Daire Ba\u015fkanl\u0131\u011f\u0131 1983 y\u0131l\u0131nda, 124 say\u0131l\u0131 Y\u00fcksek\u00f6\u011fretim \u00dcst Kurulu\u015flar\u0131 ile Y\u00fcksek\u00f6\u011fretim Kurumlar\u0131n\u0131n \u0130dari Te\u015fkilat\u0131 Hakk\u0131nda Kanun H\u00fckm\u00fcnde Kararname uyar\u0131nca kurulmu\u015ftur.<\/p><p style=\"text-align: justify\">\u00dcniversitemizde \u00f6\u011frenci i\u015fleri b\u00fcrosu 1958-1959 y\u0131l\u0131nda \u015eair Nef\u2019i ilkokulunun bulundu\u011fu binada hizmete ba\u015flam\u0131\u015f, daha sonra faaliyetlerini Fen-Edebiyat Fak\u00fcltesi Dekanl\u0131\u011f\u0131 binas\u0131nda s\u00fcrd\u00fcrm\u00fc\u015ft\u00fcr. Rekt\u00f6rl\u00fck idari birimleri, bug\u00fcnk\u00fc K\u00fct\u00fcphane ve Dok\u00fcmantasyon Daire Ba\u015fkanl\u0131\u011f\u0131n\u0131n bulundu\u011fu binaya ta\u015f\u0131n\u0131nca \u00d6\u011frenci \u0130\u015fleri M\u00fcd\u00fcrl\u00fc\u011f\u00fc de buraya al\u0131nm\u0131\u015ft\u0131r.<\/p><p style=\"text-align: justify\">Hizmetlerini;<br \/>1984 &#8211; 1996 y\u0131llar\u0131 aras\u0131nda Rekt\u00f6rl\u00fck binas\u0131nda (merkezi),<br \/>1996 &#8211; 2006 y\u0131llar\u0131 aras\u0131nda T\u0131p Fak\u00fcltesi binas\u0131nda (k\u0131smen merkezi),<br \/>2006 &#8211; 2014 y\u0131llar\u0131 aras\u0131nda Nenehatun K\u00fclt\u00fcr Merkezinde (k\u0131smen merkezi)<br \/>s\u00fcrd\u00fcren \u00d6\u011frenci \u0130\u015fleri Daire Ba\u015fkanl\u0131\u011f\u0131 2015 y\u0131l\u0131ndan itibaren kendi binas\u0131nda (tamamen merkezi) hizmet vermektedir.<\/p><table><tbody><tr><td colspan=\"2\" width=\"401\"><strong>\u00d6\u011eRENC\u0130 VE YAZI \u0130\u015eLER\u0130 M\u00dcD\u00dcRLER\u0130<\/strong><\/td><td width=\"189\"><strong>\u00a0<\/strong><\/td><\/tr><tr><td width=\"222\">Zakir KANTARCIO\u011eLU<\/td><td width=\"180\">27.02.1962 &#8211; 27.02.1972<\/td><td width=\"189\">\u00a0<\/td><\/tr><tr><td width=\"222\">Metin GEN\u00c7<\/td><td width=\"180\">28.02.1972 &#8211; 05.06.1973<\/td><td width=\"189\">\u00a0<\/td><\/tr><tr><td width=\"222\">Fethi \u00c7AKIL<\/td><td width=\"180\">06.06.1973 &#8211; 20.02.1974<\/td><td width=\"189\">\u00a0<\/td><\/tr><tr><td width=\"222\">Bahar CENG\u0130Z<\/td><td width=\"180\">21.02.1974 &#8211; 08.09.1974<\/td><td width=\"189\">\u00a0<\/td><\/tr><tr><td width=\"222\">Ya\u015far G\u00dcNAY<\/td><td width=\"180\">09.09.1974 &#8211; 19.06.1978<\/td><td width=\"189\">\u00a0<\/td><\/tr><tr><td width=\"222\">Murat YAZICI<\/td><td width=\"180\">20.06.1978 &#8211; 25.10.1984<\/td><td width=\"189\">\u00a0<\/td><\/tr><tr><td colspan=\"2\" width=\"401\"><strong>DA\u0130RE BA\u015eKANLARI<\/strong><\/td><td width=\"189\"><strong>\u00a0<\/strong><\/td><\/tr><tr><td width=\"222\">Ebubekir KAYA (V.)<\/td><td width=\"180\">26.10.1984 &#8211; 03.04.1985<\/td><td width=\"189\"><img decoding=\"async\" class=\"aligncenter\" src=\"https:\/\/atauni.edu.tr\/ogrenci-isleri-daire-baskanligi\/wp-content\/uploads\/sites\/18\/2026\/03\/KAYA.jpg\" width=\"156\" height=\"209\" \/><\/td><\/tr><tr><td width=\"222\">Erdal G\u00dcLL\u00dcDA\u011e<\/td><td width=\"180\">01.10.1985 &#8211; 20.09.1996<\/td><td width=\"189\"><img decoding=\"async\" class=\"aligncenter\" src=\"https:\/\/atauni.edu.tr\/ogrenci-isleri-daire-baskanligi\/wp-content\/uploads\/sites\/18\/2026\/03\/GULLUDAG.jpg\" width=\"149\" height=\"181\" \/><\/td><\/tr><tr><td width=\"222\">Hamit HATUNO\u011eLU<\/td><td width=\"180\">01.06.1996 &#8211; 01.09.2014<\/td><td width=\"189\"><img decoding=\"async\" class=\"aligncenter\" src=\"https:\/\/atauni.edu.tr\/ogrenci-isleri-daire-baskanligi\/wp-content\/uploads\/sites\/18\/2026\/03\/HATUNOGLU.jpg\" width=\"149\" height=\"166\" \/><\/td><\/tr><tr><td width=\"222\">Metin SAYGILI<\/td><td width=\"180\">14.08.2014 &#8211;<\/td><td width=\"189\"><img loading=\"lazy\" decoding=\"async\" class=\"aligncenter\" src=\"https:\/\/atauni.edu.tr\/ogrenci-isleri-daire-baskanligi\/wp-content\/uploads\/sites\/18\/2026\/03\/SAYGILI.png\" width=\"175\" height=\"210\" \/><\/td><\/tr><tr><td colspan=\"2\" width=\"401\"><strong>\u015eUBE M\u00dcD\u00dcRLER\u0130<\/strong><\/td><td width=\"189\"><strong>\u00a0<\/strong><\/td><\/tr><tr><td width=\"222\">Ebubekir KAYA<\/td><td width=\"180\">26.10.1984 &#8211; 03.04.1985<\/td><td width=\"189\">\u00a0<\/td><\/tr><tr><td width=\"222\">Hamit HATUNO\u011eLU<\/td><td width=\"180\">19.09.1989 &#8211; 01.06.1996<\/td><td width=\"189\">\u00a0<\/td><\/tr><tr><td width=\"222\">Zehra G\u00dc\u00c7L\u00dc<\/td><td width=\"180\">\u00a001.06. 1986 -30.06.1992<\/td><td width=\"189\">\u00a0<\/td><\/tr><tr><td width=\"222\">Enver YILDIRIM<\/td><td width=\"180\">27.04.1993 &#8211; 12.08.2014<\/td><td width=\"189\">\u00a0<\/td><\/tr><tr><td width=\"222\">\u00d6zg\u00fcl PAMUK\u00c7UO\u011eLU<\/td><td width=\"180\">09.04.2001 &#8211; 21.09.2005<\/td><td width=\"189\">\u00a0<\/td><\/tr><tr><td width=\"222\">\u015eefak ODABA\u015e<\/td><td width=\"180\">16.06.2009 &#8211; 12.08.2014<\/td><td width=\"189\">\u00a0<\/td><\/tr><tr><td width=\"222\">Fatih \u00d6ZT\u00dcRK<\/td><td width=\"180\">14.08.2014 &#8211; 11.02.2020<\/td><td width=\"189\">\u00a0<\/td><\/tr><tr><td width=\"222\">Fakrullah TOHUMCU<\/td><td width=\"180\">05.02.2020 &#8211; 26.10.2020<\/td><td width=\"189\">\u00a0<\/td><\/tr><tr><td width=\"222\">Bedia KUTLU<\/td><td width=\"180\">27.10.2020 &#8211; 25.11.2024<\/td><td width=\"189\">\u00a0<\/td><\/tr><tr><td width=\"222\">Serap \u00d6NAL<\/td><td width=\"180\">14.08.2014 &#8211; 12.08.2025<\/td><td width=\"189\">\u00a0<\/td><\/tr><\/tbody><\/table>\t\t\t\t\t\t\t\t<\/div>\n\t\t\t\t<\/div>\n\t\t\t\t\t<\/div>\n\t\t<\/div>\n\t\t\t\t\t<\/div>\n\t\t<\/section>\n\t\t\t\t<\/div>\n\t\t","protected":false},"excerpt":{"rendered":"<p>\u00dcniversitemiz 6990 say\u0131l\u0131 yasaya ba\u011fl\u0131 olarak 07 Haziran 1957 y\u0131l\u0131nda kurulmu\u015f olup, 1958-1959 e\u011fitim-\u00f6\u011fretim y\u0131l\u0131nda Ziraat Fak\u00fcltesi ile Fen-Edebiyat Fak\u00fcltesine \u00f6\u011frenci al\u0131nm\u0131\u015ft\u0131r. \u00d6\u011frenci al\u0131m\u0131 yap\u0131lan her iki fak\u00fcltenin \u00f6\u011frencileri i\u00e7in yap\u0131lacak i\u015f ve i\u015flemlerin birlikte y\u00fcr\u00fct\u00fclebilmesi amac\u0131yla \u201c\u00d6\u011frenci \u0130\u015fleri B\u00fcrosu\u201d kurulmu\u015f, bu b\u00fcro bilahare \u201c\u00d6\u011frenci \u0130\u015fleri M\u00fcd\u00fcrl\u00fc\u011f\u00fc\u201d olarak hizmet vermeye ba\u015flam\u0131\u015ft\u0131r. Daha sonra, 1750 say\u0131l\u0131 [&hellip;]<\/p>\n","protected":false},"author":5,"featured_media":0,"parent":0,"menu_order":0,"comment_status":"closed","ping_status":"closed","template":"","meta":{"footnotes":""},"class_list":["post-16371","page","type-page","status-publish","hentry"],"_links":{"self":[{"href":"https:\/\/atauni.edu.tr\/ogrenci-isleri-daire-baskanligi\/wp-json\/wp\/v2\/pages\/16371","targetHints":{"allow":["GET"]}}],"collection":[{"href":"https:\/\/atauni.edu.tr\/ogrenci-isleri-daire-baskanligi\/wp-json\/wp\/v2\/pages"}],"about":[{"href":"https:\/\/atauni.edu.tr\/ogrenci-isleri-daire-baskanligi\/wp-json\/wp\/v2\/types\/page"}],"author":[{"embeddable":true,"href":"https:\/\/atauni.edu.tr\/ogrenci-isleri-daire-baskanligi\/wp-json\/wp\/v2\/users\/5"}],"replies":[{"embeddable":true,"href":"https:\/\/atauni.edu.tr\/ogrenci-isleri-daire-baskanligi\/wp-json\/wp\/v2\/comments?post=16371"}],"version-history":[{"count":25,"href":"https:\/\/atauni.edu.tr\/ogrenci-isleri-daire-baskanligi\/wp-json\/wp\/v2\/pages\/16371\/revisions"}],"predecessor-version":[{"id":16405,"href":"https:\/\/atauni.edu.tr\/ogrenci-isleri-daire-baskanligi\/wp-json\/wp\/v2\/pages\/16371\/revisions\/16405"}],"wp:attachment":[{"href":"https:\/\/atauni.edu.tr\/ogrenci-isleri-daire-baskanligi\/wp-json\/wp\/v2\/media?parent=16371"}],"curies":[{"name":"wp","href":"https:\/\/api.w.org\/{rel}","templated":true}]}}