{"id":6353,"date":"2021-08-11T15:04:32","date_gmt":"2021-08-11T12:04:32","guid":{"rendered":"https:\/\/portaltest.atauni.edu.tr\/ogrenci-isleri-daire-baskanligi\/?page_id=6353"},"modified":"2025-10-17T15:28:27","modified_gmt":"2025-10-17T12:28:27","slug":"not-donusturme-tablosu","status":"publish","type":"page","link":"https:\/\/atauni.edu.tr\/ogrenci-isleri-daire-baskanligi\/not-donusturme-tablosu\/","title":{"rendered":"Not D\u00f6n\u00fc\u015f\u00fcm Tablolar\u0131"},"content":{"rendered":"\t\t<div data-elementor-type=\"wp-page\" data-elementor-id=\"6353\" class=\"elementor elementor-6353\" data-elementor-post-type=\"page\">\n\t\t\t\t\t\t<section class=\"elementor-section elementor-top-section elementor-element elementor-element-5726f827 elementor-section-boxed elementor-section-height-default elementor-section-height-default\" data-id=\"5726f827\" data-element_type=\"section\">\n\t\t\t\t\t\t<div class=\"elementor-container elementor-column-gap-default\">\n\t\t\t\t\t<div class=\"elementor-column elementor-col-100 elementor-top-column elementor-element elementor-element-80fef65\" data-id=\"80fef65\" data-element_type=\"column\">\n\t\t\t<div class=\"elementor-widget-wrap elementor-element-populated\">\n\t\t\t\t\t\t<div class=\"elementor-element elementor-element-15095166 elementor-widget elementor-widget-heading\" data-id=\"15095166\" data-element_type=\"widget\" data-widget_type=\"heading.default\">\n\t\t\t\t<div class=\"elementor-widget-container\">\n\t\t\t\t\t<h2 class=\"elementor-heading-title elementor-size-default\">Not D\u00f6n\u00fc\u015f\u00fcm Tablolar\u0131<\/h2>\t\t\t\t<\/div>\n\t\t\t\t<\/div>\n\t\t\t\t<div class=\"elementor-element elementor-element-c270430 elementor-widget-divider--view-line elementor-widget elementor-widget-divider\" data-id=\"c270430\" data-element_type=\"widget\" data-widget_type=\"divider.default\">\n\t\t\t\t<div class=\"elementor-widget-container\">\n\t\t\t\t\t\t\t<div class=\"elementor-divider\">\n\t\t\t<span class=\"elementor-divider-separator\">\n\t\t\t\t\t\t<\/span>\n\t\t<\/div>\n\t\t\t\t\t\t<\/div>\n\t\t\t\t<\/div>\n\t\t\t\t\t<\/div>\n\t\t<\/div>\n\t\t\t\t\t<\/div>\n\t\t<\/section>\n\t\t\t\t<section class=\"elementor-section elementor-top-section elementor-element elementor-element-8568495 elementor-section-boxed elementor-section-height-default elementor-section-height-default\" data-id=\"8568495\" data-element_type=\"section\">\n\t\t\t\t\t\t<div class=\"elementor-container elementor-column-gap-default\">\n\t\t\t\t\t<div class=\"elementor-column elementor-col-100 elementor-top-column elementor-element elementor-element-e820e23\" data-id=\"e820e23\" data-element_type=\"column\">\n\t\t\t<div class=\"elementor-widget-wrap elementor-element-populated\">\n\t\t\t\t\t\t<div class=\"elementor-element elementor-element-b1b59e4 elementor-widget elementor-widget-html\" data-id=\"b1b59e4\" data-element_type=\"widget\" data-widget_type=\"html.default\">\n\t\t\t\t<div class=\"elementor-widget-container\">\n\t\t\t\t\t<div class=\"\">\r\n                <div class=\"col-md-12  content p-0\">\r\n                    <div class=\"text sans servis-hedef\">\r\n                        <p class=\"Default\"><\/p><div style=\"text-align: justify\"><table border=\"1\" cellpadding=\"0\" cellspacing=\"0\" class=\"MsoTableGrid\" style=\"border: none\"><tbody><tr><td style=\"width:453.1pt;border:solid windowtext 1.0pt;padding:0cm 5.4pt 0cm 5.4pt\" valign=\"top\" width=\"604\"><p class=\"MsoNormal\" style=\"margin-top:6.0pt;margin-right:0cm;margin-bottom:  6.0pt;margin-left:0cm;line-height:normal\"><a href=\"https:\/\/birimler.atauni.edu.tr\/ogrenci-isleri-daire-baskanligi\/wp-content\/uploads\/sites\/18\/2025\/10\/YOK_Cevirim-Tablosu_4-LUKTEN-100-LUGE.pdf\"><span style=\"font-size:12.0pt;font-family:\"><\/span><span style=\"font-size:12.0pt;font-family:\">Y\u00dcKSEK\u00d6\u011eRET\u0130M KURULU 4\u2019l\u00fck Sistemdeki Notlar\u0131n 100\u2019l\u00fck Sistemdeki Kar\u015f\u0131l\u0131klar\u0131<\/span><\/a><span style=\"font-size:12.0pt;font-family:\"><\/span><\/p><\/td><\/tr><tr><td style=\"width:453.1pt;border:solid windowtext 1.0pt;border-top:none;padding:0cm 5.4pt 0cm 5.4pt\" valign=\"top\" width=\"604\"><p class=\"MsoNormal\" style=\"margin-top:6.0pt;margin-right:0cm;margin-bottom:  6.0pt;margin-left:0cm;line-height:normal\"><a href=\"https:\/\/birimler.atauni.edu.tr\/ogrenci-isleri-daire-baskanligi\/wp-content\/uploads\/sites\/18\/2025\/10\/YOK_Cevirim-Tablosu_5-LIKTEN-100-LUGE.pdf\"><span style=\"font-size:12.0pt;font-family:\"><\/span><span style=\"font-size:12.0pt;font-family:\">Y\u00dcKSEK\u00d6\u011eRET\u0130M KURULU 5\u2019lik Sistemdeki Notlar\u0131n 100\u2019l\u00fck Sistemdeki Kar\u015f\u0131l\u0131klar\u0131<\/span><\/a><span style=\"font-size:12.0pt;font-family:\"><\/span><\/p><\/td><\/tr><tr><td style=\"width:453.1pt;border:solid windowtext 1.0pt;border-top:none;padding:0cm 5.4pt 0cm 5.4pt\" valign=\"top\" width=\"604\"><p class=\"MsoNormal\" style=\"margin-top:6.0pt;margin-right:0cm;margin-bottom:  6.0pt;margin-left:0cm;line-height:normal\"><span style=\"font-size:12.0pt;font-family:\"><a href=\"http:\/\/atauni.edu.tr\/yuklemeler\/45ead65e6e2f69689b1cbbf477ed228d.pdf\">ATAT\u00dcRK &nbsp;\u00dcN\u0130VERS\u0130TES\u0130 4\u2019l\u00fck Sistemdeki Notlar\u0131n 100\u2019l\u00fck Sistemdeki Kar\u015f\u0131l\u0131klar\u0131<\/a><\/span><\/p><p class=\"MsoNormal\" style=\"margin-top:6.0pt;margin-right:0cm;margin-bottom:  6.0pt;margin-left:0cm;line-height:normal\"><span style=\"font-size: 9pt;font-family: 'Times New Roman', serif;background-image: initial;background-attachment: initial;background-size: initial;background-position: initial\">\u00dcniversitemiz Senatosunun 06.12.2013 &nbsp;Tarih ve 7 say\u0131l\u0131 oturumunda al\u0131nan 126 say\u0131l\u0131 kararla kabul edilmi\u015ftir.<\/span><span style=\"font-size:12.0pt;font-family:\"><\/span><\/p><\/td><\/tr><\/tbody><\/table><\/div>   \r\n                    <\/div>\r\n                <\/div>\r\n                                            <\/div>\t\t\t\t<\/div>\n\t\t\t\t<\/div>\n\t\t\t\t\t<\/div>\n\t\t<\/div>\n\t\t\t\t\t<\/div>\n\t\t<\/section>\n\t\t\t\t<section class=\"elementor-section elementor-top-section elementor-element elementor-element-9c917de elementor-section-boxed elementor-section-height-default elementor-section-height-default\" data-id=\"9c917de\" data-element_type=\"section\">\n\t\t\t\t\t\t<div class=\"elementor-container elementor-column-gap-default\">\n\t\t\t\t\t<div class=\"elementor-column elementor-col-100 elementor-top-column elementor-element elementor-element-0a6ba8f\" data-id=\"0a6ba8f\" data-element_type=\"column\">\n\t\t\t<div class=\"elementor-widget-wrap\">\n\t\t\t\t\t\t\t<\/div>\n\t\t<\/div>\n\t\t\t\t\t<\/div>\n\t\t<\/section>\n\t\t\t\t<\/div>\n\t\t","protected":false},"excerpt":{"rendered":"<p>Not D\u00f6n\u00fc\u015f\u00fcm Tablolar\u0131 Y\u00dcKSEK\u00d6\u011eRET\u0130M KURULU 4\u2019l\u00fck Sistemdeki Notlar\u0131n 100\u2019l\u00fck Sistemdeki Kar\u015f\u0131l\u0131klar\u0131 Y\u00dcKSEK\u00d6\u011eRET\u0130M KURULU 5\u2019lik Sistemdeki Notlar\u0131n 100\u2019l\u00fck Sistemdeki Kar\u015f\u0131l\u0131klar\u0131 ATAT\u00dcRK &nbsp;\u00dcN\u0130VERS\u0130TES\u0130 4\u2019l\u00fck Sistemdeki Notlar\u0131n 100\u2019l\u00fck Sistemdeki Kar\u015f\u0131l\u0131klar\u0131 \u00dcniversitemiz Senatosunun 06.12.2013 &nbsp;Tarih ve 7 say\u0131l\u0131 oturumunda al\u0131nan 126 say\u0131l\u0131 kararla kabul edilmi\u015ftir.<\/p>\n","protected":false},"author":1,"featured_media":0,"parent":0,"menu_order":0,"comment_status":"closed","ping_status":"closed","template":"","meta":{"footnotes":""},"class_list":["post-6353","page","type-page","status-publish","hentry"],"_links":{"self":[{"href":"https:\/\/atauni.edu.tr\/ogrenci-isleri-daire-baskanligi\/wp-json\/wp\/v2\/pages\/6353","targetHints":{"allow":["GET"]}}],"collection":[{"href":"https:\/\/atauni.edu.tr\/ogrenci-isleri-daire-baskanligi\/wp-json\/wp\/v2\/pages"}],"about":[{"href":"https:\/\/atauni.edu.tr\/ogrenci-isleri-daire-baskanligi\/wp-json\/wp\/v2\/types\/page"}],"author":[{"embeddable":true,"href":"https:\/\/atauni.edu.tr\/ogrenci-isleri-daire-baskanligi\/wp-json\/wp\/v2\/users\/1"}],"replies":[{"embeddable":true,"href":"https:\/\/atauni.edu.tr\/ogrenci-isleri-daire-baskanligi\/wp-json\/wp\/v2\/comments?post=6353"}],"version-history":[{"count":31,"href":"https:\/\/atauni.edu.tr\/ogrenci-isleri-daire-baskanligi\/wp-json\/wp\/v2\/pages\/6353\/revisions"}],"predecessor-version":[{"id":15883,"href":"https:\/\/atauni.edu.tr\/ogrenci-isleri-daire-baskanligi\/wp-json\/wp\/v2\/pages\/6353\/revisions\/15883"}],"wp:attachment":[{"href":"https:\/\/atauni.edu.tr\/ogrenci-isleri-daire-baskanligi\/wp-json\/wp\/v2\/media?parent=6353"}],"curies":[{"name":"wp","href":"https:\/\/api.w.org\/{rel}","templated":true}]}}