{"id":6375,"date":"2021-08-11T15:43:27","date_gmt":"2021-08-11T12:43:27","guid":{"rendered":"https:\/\/portaltest.atauni.edu.tr\/ogrenci-isleri-daire-baskanligi\/?page_id=6375"},"modified":"2026-01-23T16:26:13","modified_gmt":"2026-01-23T13:26:13","slug":"ogrenim-ucreti-tutari","status":"publish","type":"page","link":"https:\/\/atauni.edu.tr\/ogrenci-isleri-daire-baskanligi\/ogrenim-ucreti-tutari\/","title":{"rendered":"Katk\u0131 Paylar\u0131 &amp; \u00d6\u011frenim \u00dccretleri"},"content":{"rendered":"\t\t<div data-elementor-type=\"wp-page\" data-elementor-id=\"6375\" class=\"elementor elementor-6375\" data-elementor-post-type=\"page\">\n\t\t\t\t\t\t<section class=\"elementor-section elementor-top-section elementor-element elementor-element-1650b742 elementor-section-boxed elementor-section-height-default elementor-section-height-default\" data-id=\"1650b742\" data-element_type=\"section\">\n\t\t\t\t\t\t<div class=\"elementor-container elementor-column-gap-default\">\n\t\t\t\t\t<div class=\"elementor-column elementor-col-100 elementor-top-column elementor-element elementor-element-16ba67f6\" data-id=\"16ba67f6\" data-element_type=\"column\">\n\t\t\t<div class=\"elementor-widget-wrap elementor-element-populated\">\n\t\t\t\t\t\t<div class=\"elementor-element elementor-element-6bdd91c elementor-widget elementor-widget-heading\" data-id=\"6bdd91c\" data-element_type=\"widget\" data-widget_type=\"heading.default\">\n\t\t\t\t<div class=\"elementor-widget-container\">\n\t\t\t\t\t<h2 class=\"elementor-heading-title elementor-size-default\">Katk\u0131 Paylar\u0131 &amp; \u00d6\u011frenim \u00dccretleri<\/h2>\t\t\t\t<\/div>\n\t\t\t\t<\/div>\n\t\t\t\t<div class=\"elementor-element elementor-element-486e7d76 elementor-widget-divider--view-line elementor-widget elementor-widget-divider\" data-id=\"486e7d76\" data-element_type=\"widget\" data-widget_type=\"divider.default\">\n\t\t\t\t<div class=\"elementor-widget-container\">\n\t\t\t\t\t\t\t<div class=\"elementor-divider\">\n\t\t\t<span class=\"elementor-divider-separator\">\n\t\t\t\t\t\t<\/span>\n\t\t<\/div>\n\t\t\t\t\t\t<\/div>\n\t\t\t\t<\/div>\n\t\t\t\t\t<\/div>\n\t\t<\/div>\n\t\t\t\t\t<\/div>\n\t\t<\/section>\n\t\t\t\t<section class=\"elementor-section elementor-top-section elementor-element elementor-element-97607dc elementor-section-boxed elementor-section-height-default elementor-section-height-default\" data-id=\"97607dc\" data-element_type=\"section\">\n\t\t\t\t\t\t<div class=\"elementor-container elementor-column-gap-default\">\n\t\t\t\t\t<div class=\"elementor-column elementor-col-100 elementor-top-column elementor-element elementor-element-a0e1788\" data-id=\"a0e1788\" data-element_type=\"column\">\n\t\t\t<div class=\"elementor-widget-wrap elementor-element-populated\">\n\t\t\t\t\t\t<section class=\"elementor-section elementor-inner-section elementor-element elementor-element-c1d9a0f elementor-section-boxed elementor-section-height-default elementor-section-height-default\" data-id=\"c1d9a0f\" data-element_type=\"section\">\n\t\t\t\t\t\t<div class=\"elementor-container elementor-column-gap-default\">\n\t\t\t\t\t<div class=\"elementor-column elementor-col-33 elementor-inner-column elementor-element elementor-element-c4017b2\" data-id=\"c4017b2\" data-element_type=\"column\">\n\t\t\t<div class=\"elementor-widget-wrap elementor-element-populated\">\n\t\t\t\t\t\t<div class=\"elementor-element elementor-element-e68941c elementor-widget elementor-widget-text-editor\" data-id=\"e68941c\" data-element_type=\"widget\" data-widget_type=\"text-editor.default\">\n\t\t\t\t<div class=\"elementor-widget-container\">\n\t\t\t\t\t\t\t\t\t<p><span style=\"font-family: 'Times New Roman', serif;font-size: 18px;text-align: center\">Konuyla ilgili 2547 Say\u0131l\u0131 Kanun 46 nc\u0131 maddesi i\u00e7in l\u00fctfen <\/span><a style=\"color: #333333;background-color: #ffffff;font-family: 'Times New Roman', serif;font-size: 18px;text-align: center\" href=\"https:\/\/atauni.edu.tr\/yuklemeler\/2938438f23e61f01ccf781a0c6ad7929.pdf\"><span style=\"color: #007bff\">t\u0131klay\u0131n\u0131z.<\/span><\/a><\/p>\t\t\t\t\t\t\t\t<\/div>\n\t\t\t\t<\/div>\n\t\t\t\t\t<\/div>\n\t\t<\/div>\n\t\t\t\t<div class=\"elementor-column elementor-col-33 elementor-inner-column elementor-element elementor-element-d2a2a78\" data-id=\"d2a2a78\" data-element_type=\"column\">\n\t\t\t<div class=\"elementor-widget-wrap elementor-element-populated\">\n\t\t\t\t\t\t<div class=\"elementor-element elementor-element-ef4e3fb elementor-widget elementor-widget-text-editor\" data-id=\"ef4e3fb\" data-element_type=\"widget\" data-widget_type=\"text-editor.default\">\n\t\t\t\t<div class=\"elementor-widget-container\">\n\t\t\t\t\t\t\t\t\t<p style=\"text-align: center\"><span style=\"text-align: center;letter-spacing: 0px;font-size: 13.5pt;font-family: 'Times New Roman', serif\"><strong>09 Temmuz 2025 tarih ve <span id=\"spanGazeteTarih\">32951 <\/span>say\u0131l\u0131<\/strong> Resm\u00ee Gazete`de yay\u0131mlanarak y\u00fcr\u00fcrl\u00fc\u011fe giren <span style=\"font-weight: bolder\">&nbsp;2025-2026 E\u011fitim-\u00d6\u011fretim Y\u0131l\u0131<\/span>&nbsp;Katk\u0131 Pay\u0131 ve \u00d6\u011frenim \u00dccretleri ile \u0130lgili &nbsp;Cumhurba\u015fkan\u0131 Karar\u0131\u2019na ula\u015fmak i\u00e7in l\u00fctfen&nbsp;<\/span><a href=\"https:\/\/www.resmigazete.gov.tr\/eskiler\/2025\/07\/20250709-7.pdf\"><span style=\"text-align: center;letter-spacing: 0px;font-size: 12pt;font-family: 'Times New Roman', serif\"><span style=\"font-size: 13.5pt;color: #007bff\">t\u0131klay\u0131n\u0131z.<\/span><\/span><\/a><\/p>\n<p style=\"margin-top: 2rem;margin-bottom: 7.5pt;line-height: normal;text-align: center\" align=\"center\"><span style=\"color: #3366ff\"><a style=\"color: #3366ff\" href=\"https:\/\/birimler.atauni.edu.tr\/ogrenci-isleri-daire-baskanligi\/wp-content\/uploads\/sites\/18\/2025\/08\/Ogrenim-Ucretleri_Liseler.pdf\"><span style=\"font-size: 10.5pt;font-family: 'Times New Roman', serif\">3 \u00fcnc\u00fc madde 5 ve 6 nc\u0131 f\u0131kralar kapsam\u0131ndaki okullar <\/span><span style=\"font-family: 'Times New Roman', serif;font-size: 10.5pt;letter-spacing: 0px\">(<\/span><span style=\"font-family: 'Times New Roman', serif;font-size: 10.5pt;letter-spacing: 0px\">2025-2026<\/span><span style=\"font-family: 'Times New Roman', serif;font-size: 10.5pt;letter-spacing: 0px\">)<\/span><\/a><\/span><\/p>\t\t\t\t\t\t\t\t<\/div>\n\t\t\t\t<\/div>\n\t\t\t\t\t<\/div>\n\t\t<\/div>\n\t\t\t\t<div class=\"elementor-column elementor-col-33 elementor-inner-column elementor-element elementor-element-d07963a\" data-id=\"d07963a\" data-element_type=\"column\">\n\t\t\t<div class=\"elementor-widget-wrap elementor-element-populated\">\n\t\t\t\t\t\t<div class=\"elementor-element elementor-element-d5eed3b elementor-widget elementor-widget-text-editor\" data-id=\"d5eed3b\" data-element_type=\"widget\" data-widget_type=\"text-editor.default\">\n\t\t\t\t<div class=\"elementor-widget-container\">\n\t\t\t\t\t\t\t\t\t<p><span style=\"font-family: 'Times New Roman', serif;font-size: 18px;text-align: center\"><strong>2025-2026<\/strong>\u00a0 e\u011fitim-\u00f6\u011fretim y\u0131l\u0131 \u00f6\u011frenci katk\u0131 paylar\u0131 ve \u00f6\u011frenim \u00fccreti miktarlar\u0131 <\/span><span style=\"font-family: 'Times New Roman', serif;font-size: 18px;text-align: center\">i\u00e7in \u00a0l\u00fctfen <\/span><a href=\"https:\/\/birimler.atauni.edu.tr\/ogrenci-isleri-daire-baskanligi\/wp-content\/uploads\/sites\/18\/2025\/07\/2025-2026_Katki-Paylari_14072025_.pdf\"><span style=\"color: #007bff\">t\u0131klay\u0131n\u0131z.<\/span><\/a><\/p><p><span style=\"font-family: 'Times New Roman', serif;font-size: 18px;text-align: center\"><span style=\"font-size: 10.5pt;font-family: 'Times New Roman', serif;color: #000000\">(\u00dcniversite Y\u00f6netim Kurulunun 14.07.2025 tarihli karar\u0131)<\/span><\/span><\/p>\t\t\t\t\t\t\t\t<\/div>\n\t\t\t\t<\/div>\n\t\t\t\t\t<\/div>\n\t\t<\/div>\n\t\t\t\t\t<\/div>\n\t\t<\/section>\n\t\t\t\t<div class=\"elementor-element elementor-element-17789a4 elementor-widget elementor-widget-text-editor\" data-id=\"17789a4\" data-element_type=\"widget\" data-widget_type=\"text-editor.default\">\n\t\t\t\t<div class=\"elementor-widget-container\">\n\t\t\t\t\t\t\t\t\t<p>\u00a0<\/p><p style=\"text-align: justify;line-height: normal;background: #FAFAFA\"><b style=\"letter-spacing: 0px;text-align: left\"><span style=\"font-size: 13.5pt;font-family: 'Ubuntu',serif;color: #63646b\">Y\u0131llara G\u00f6re Katk\u0131 Pay\u0131 ve \u00d6\u011frenim \u00dccretleri \u0130le ilgili Bakanlar Kurulu Kararlar\u0131<\/span><\/b><\/p><p style=\"margin: 0cm;margin-bottom: .0001pt\"><a href=\"https:\/\/www.resmigazete.gov.tr\/eskiler\/2025\/07\/20250709-7.pdf\"><span style=\"font-size: 13.5pt;color: #3366ff\">2025-2026 e\u011fitim-\u00f6\u011fretim y\u0131l\u0131 katk\u0131 pay\u0131 ve \u00f6\u011frenim \u00fccretleri ile ilgili Cumhurba\u015fkan\u0131 karar\u0131<\/span><\/a><\/p><p style=\"margin: 0cm;margin-bottom: .0001pt\"><a href=\"https:\/\/www.resmigazete.gov.tr\/eskiler\/2024\/07\/20240702-10.pdf\"><span style=\"font-size: 13.5pt;color: #3366ff\">2024-2025 e\u011fitim-\u00f6\u011fretim y\u0131l\u0131 katk\u0131 pay\u0131 ve \u00f6\u011frenim \u00fccretleri ile ilgili Cumhurba\u015fkan\u0131 karar\u0131<\/span><\/a><\/p><p style=\"margin: 0cm;margin-bottom: .0001pt\"><span style=\"color: #3366ff\"><a href=\"https:\/\/www.resmigazete.gov.tr\/eskiler\/2023\/07\/20230715-9.pdf\"><span style=\"font-size: 13.5pt;color: #3366ff\">2023-2024 e\u011fitim-\u00f6\u011fretim y\u0131l\u0131 katk\u0131 pay\u0131 ve \u00f6\u011frenim \u00fccretleri ile ilgili Cumhurba\u015fkan\u0131 karar\u0131<\/span><\/a><\/span><\/p><p style=\"margin: 0cm;margin-bottom: .0001pt\"><span style=\"color: #3366ff\"><a href=\"https:\/\/www.resmigazete.gov.tr\/eskiler\/2022\/07\/20220727-3.pdf\"><span style=\"font-size: 13.5pt;color: #3366ff\">2022-2023 e\u011fitim-\u00f6\u011fretim y\u0131l\u0131 katk\u0131 pay\u0131 ve \u00f6\u011frenim \u00fccretleri ile ilgili Cumhurba\u015fkan\u0131 karar\u0131<\/span><\/a><\/span><\/p><p style=\"margin: 0cm;margin-bottom: .0001pt;background: #FAFAFA\"><span style=\"font-size: 13.5pt;color: #63646b\"><a href=\"https:\/\/www.resmigazete.gov.tr\/eskiler\/2021\/07\/20210701-5.pdf\">2021-2022 e\u011fitim-\u00f6\u011fretim y\u0131l\u0131 katk\u0131 pay\u0131 ve \u00f6\u011frenim \u00fccretleri ile ilgili Cumhurba\u015fkan\u0131 karar\u0131<\/a><\/span><\/p><p style=\"margin: 0cm;margin-bottom: .0001pt;background: #FAFAFA\"><span style=\"font-size: 13.5pt;color: #63646b\"><a href=\"https:\/\/www.resmigazete.gov.tr\/eskiler\/2020\/07\/20200711-15.pdf\">2020-2021 e\u011fitim-\u00f6\u011fretim y\u0131l\u0131 katk\u0131 pay\u0131 ve \u00f6\u011frenim \u00fccretleri ile ilgili Cumhurba\u015fkan\u0131 karar\u0131<\/a><\/span><\/p><p style=\"margin: 0cm;margin-bottom: .0001pt;background: #FAFAFA\"><span style=\"font-size: 13.5pt;color: #63646b\"><a href=\"https:\/\/www.resmigazete.gov.tr\/eskiler\/2019\/12\/20191224-7.pdf\">2019-2020 e\u011fitim-\u00f6\u011fretim y\u0131l\u0131 katk\u0131 pay\u0131 ve \u00f6\u011frenim \u00fccretleri ile ilgili Cumhurba\u015fkan\u0131 karar\u0131<\/a><br \/><a href=\"http:\/\/www.resmigazete.gov.tr\/eskiler\/2018\/07\/20180707-1.pdf\"><!-- [if !supportLineBreakNewLine]-->2018-2019 e\u011fitim-\u00f6\u011fretim y\u0131l\u0131 katk\u0131 pay\u0131 ve \u00f6\u011frenim \u00fccretleri ile ilgili Bakanlar Kurulu karar\u0131<\/a><\/span><\/p><p style=\"margin: 0cm;margin-bottom: .0001pt;background: #FAFAFA\"><span style=\"font-size: 13.5pt;color: #63646b\"><a href=\"http:\/\/www.resmigazete.gov.tr\/eskiler\/2017\/10\/20171021-4.pdf\">2017-2018 e\u011fitim-\u00f6\u011fretim y\u0131l\u0131 katk\u0131 pay\u0131 ve \u00f6\u011frenim \u00fccretleri ile ilgili Bakanlar Kurulu karar\u0131<\/a><\/span><\/p><p style=\"margin: 0cm;margin-bottom: .0001pt;background: #FAFAFA\"><span style=\"font-size: 13.5pt;color: #63646b\"><a href=\"http:\/\/www.resmigazete.gov.tr\/eskiler\/2016\/10\/20161022-2.pdf\">2016-2017 e\u011fitim-\u00f6\u011fretim y\u0131l\u0131 katk\u0131 pay\u0131 ve \u00f6\u011frenim \u00fccretleri ile ilgili Bakanlar Kurulu karar\u0131<\/a><\/span><\/p><p style=\"margin: 0cm;margin-bottom: .0001pt;background: #FAFAFA\"><span style=\"font-size: 13.5pt;color: #63646b\"><a href=\"http:\/\/www.resmigazete.gov.tr\/eskiler\/2015\/08\/20150825-5-1.pdf\">2015-2016 e\u011fitim-\u00f6\u011fretim y\u0131l\u0131 katk\u0131 pay\u0131 ve \u00f6\u011frenim \u00fccretleri ile ilgili Bakanlar Kurulu karar\u0131<\/a><\/span><\/p><p style=\"margin: 0cm;margin-bottom: .0001pt;background: #FAFAFA\"><span style=\"font-size: 13.5pt;color: #63646b\"><a href=\"http:\/\/www.resmigazete.gov.tr\/eskiler\/2014\/09\/20140927-6-1.pdf\">2014-2015 e\u011fitim-\u00f6\u011fretim y\u0131l\u0131 katk\u0131 pay\u0131 ve \u00f6\u011frenim \u00fccretleri ile ilgili Bakanlar Kurulu karar\u0131<\/a><\/span><\/p><p style=\"margin: 0cm;margin-bottom: .0001pt;background: #FAFAFA\"><span style=\"font-size: 13.5pt;color: #63646b\"><a href=\"http:\/\/www.resmigazete.gov.tr\/eskiler\/2013\/08\/20130831-23-1.pdf\">2013-2014 e\u011fitim-\u00f6\u011fretim y\u0131l\u0131 katk\u0131 pay\u0131 ve \u00f6\u011frenim \u00fccretleri ile ilgili Bakanlar Kurulu karar\u0131<\/a><\/span><\/p><p style=\"margin: 0cm;margin-bottom: .0001pt;background: #FAFAFA\"><span style=\"font-size: 13.5pt;color: #63646b\"><a href=\"http:\/\/www.resmigazete.gov.tr\/eskiler\/2012\/08\/20120829-1.htm\">2012-2013 e\u011fitim-\u00f6\u011fretim y\u0131l\u0131 katk\u0131 pay\u0131 ve \u00f6\u011frenim \u00fccretleri ile ilgili Bakanlar Kurulu karar\u0131<\/a><\/span><\/p><p style=\"margin: 0cm;margin-bottom: .0001pt;background: #FAFAFA\"><span style=\"font-size: 13.5pt;color: #63646b\"><a href=\"http:\/\/www.resmigazete.gov.tr\/eskiler\/2011\/08\/20110826-12-1..pdf\">2011-2012 e\u011fitim-\u00f6\u011fretim y\u0131l\u0131 katk\u0131 pay\u0131 ve \u00f6\u011frenim \u00fccretleri ile ilgili Bakanlar Kurulu karar\u0131<\/a><\/span><\/p><p style=\"margin: 0cm;margin-bottom: .0001pt;background: #FAFAFA\"><span style=\"font-size: 13.5pt;color: #63646b\"><a href=\"http:\/\/www.resmigazete.gov.tr\/eskiler\/2010\/09\/20100902-4..htm\">2010-2011 e\u011fitim-\u00f6\u011fretim y\u0131l\u0131 katk\u0131 pay\u0131 ve \u00f6\u011frenim \u00fccretleri ile ilgili Bakanlar Kurulu karar\u0131<\/a><\/span><\/p><p>&#8212;&#8212;&#8212;&#8211;<\/p><p style=\"margin-bottom: .0001pt;line-height: normal;background: #FAFAFA\"><span style=\"font-size: 12.0pt;font-family: 'Ubuntu',serif;color: #63646b\"><a href=\"https:\/\/birimler.atauni.edu.tr\/ogrenci-isleri-daire-baskanligi\/wp-content\/uploads\/sites\/18\/2025\/08\/Ogrenim-Ucretleri_Liseler.pdf\">YTB Okul Listesi_2025-2026.pdf<\/a><br \/><a href=\"https:\/\/birimler.atauni.edu.tr\/ogrenci-isleri-daire-baskanligi\/wp-content\/uploads\/sites\/18\/2020\/07\/YTB-Okullar._2024.pdf\">YTB Okul Listesi_2024-2025.pdf<\/a><br \/><a href=\"https:\/\/birimler.atauni.edu.tr\/ogrenci-isleri-daire-baskanligi\/wp-content\/uploads\/sites\/18\/2020\/07\/YTB_Liseler.pdf\">YTB Okul Listesi_2023-2024.pdf<\/a><br \/><a href=\"https:\/\/birimler.atauni.edu.tr\/ogrenci-isleri-daire-baskanligi\/wp-content\/uploads\/sites\/Liseler.pdf\">YTB Okul Listesi_2022-2023.pdf<\/a><br \/><a href=\"https:\/\/atauni.edu.tr\/yuklemeler\/5a8d7017519e8440344ba98f911b7e74.pdf\">YTB Okul Listesi_2021-2022.pdf<\/a><br \/><a href=\"https:\/\/atauni.edu.tr\/yuklemeler\/8e25d2d639d1ac2e77083b91253b264e.pdf\">YTB Okul Listesi_2020-2021.pdf<\/a><br \/><a href=\"https:\/\/atauni.edu.tr\/yuklemeler\/104417cac37e6653be9afcb641dcca51.pdf\">YTB Okul Listesi_2019-2020.pdf<\/a><\/span><\/p><p><a href=\"https:\/\/atauni.edu.tr\/yuklemeler\/2938438f23e61f01ccf781a0c6ad7929.pdf\">2547 Say\u0131l\u0131 Kanunun 46. Maddesi.pdf<\/a><\/p>\t\t\t\t\t\t\t\t<\/div>\n\t\t\t\t<\/div>\n\t\t\t\t\t<\/div>\n\t\t<\/div>\n\t\t\t\t\t<\/div>\n\t\t<\/section>\n\t\t\t\t<\/div>\n\t\t","protected":false},"excerpt":{"rendered":"<p>Katk\u0131 Paylar\u0131 &amp; \u00d6\u011frenim \u00dccretleri Konuyla ilgili 2547 Say\u0131l\u0131 Kanun 46 nc\u0131 maddesi i\u00e7in l\u00fctfen t\u0131klay\u0131n\u0131z. 09 Temmuz 2025 tarih ve 32951 say\u0131l\u0131 Resm\u00ee Gazete`de yay\u0131mlanarak y\u00fcr\u00fcrl\u00fc\u011fe giren &nbsp;2025-2026 E\u011fitim-\u00d6\u011fretim Y\u0131l\u0131&nbsp;Katk\u0131 Pay\u0131 ve \u00d6\u011frenim \u00dccretleri ile \u0130lgili &nbsp;Cumhurba\u015fkan\u0131 Karar\u0131\u2019na ula\u015fmak i\u00e7in l\u00fctfen&nbsp;t\u0131klay\u0131n\u0131z. 3 \u00fcnc\u00fc madde 5 ve 6 nc\u0131 f\u0131kralar kapsam\u0131ndaki okullar (2025-2026) 2025-2026\u00a0 e\u011fitim-\u00f6\u011fretim [&hellip;]<\/p>\n","protected":false},"author":1,"featured_media":0,"parent":0,"menu_order":0,"comment_status":"closed","ping_status":"closed","template":"","meta":{"footnotes":""},"class_list":["post-6375","page","type-page","status-publish","hentry"],"_links":{"self":[{"href":"https:\/\/atauni.edu.tr\/ogrenci-isleri-daire-baskanligi\/wp-json\/wp\/v2\/pages\/6375","targetHints":{"allow":["GET"]}}],"collection":[{"href":"https:\/\/atauni.edu.tr\/ogrenci-isleri-daire-baskanligi\/wp-json\/wp\/v2\/pages"}],"about":[{"href":"https:\/\/atauni.edu.tr\/ogrenci-isleri-daire-baskanligi\/wp-json\/wp\/v2\/types\/page"}],"author":[{"embeddable":true,"href":"https:\/\/atauni.edu.tr\/ogrenci-isleri-daire-baskanligi\/wp-json\/wp\/v2\/users\/1"}],"replies":[{"embeddable":true,"href":"https:\/\/atauni.edu.tr\/ogrenci-isleri-daire-baskanligi\/wp-json\/wp\/v2\/comments?post=6375"}],"version-history":[{"count":273,"href":"https:\/\/atauni.edu.tr\/ogrenci-isleri-daire-baskanligi\/wp-json\/wp\/v2\/pages\/6375\/revisions"}],"predecessor-version":[{"id":16257,"href":"https:\/\/atauni.edu.tr\/ogrenci-isleri-daire-baskanligi\/wp-json\/wp\/v2\/pages\/6375\/revisions\/16257"}],"wp:attachment":[{"href":"https:\/\/atauni.edu.tr\/ogrenci-isleri-daire-baskanligi\/wp-json\/wp\/v2\/media?parent=6375"}],"curies":[{"name":"wp","href":"https:\/\/api.w.org\/{rel}","templated":true}]}}