{"id":6453,"date":"2021-08-24T11:57:37","date_gmt":"2021-08-24T08:57:37","guid":{"rendered":"https:\/\/birimler.atauni.edu.tr\/ogrenci-isleri-daire-baskanligi\/?page_id=6453"},"modified":"2021-12-11T21:37:58","modified_gmt":"2021-12-11T18:37:58","slug":"degerler","status":"publish","type":"page","link":"https:\/\/atauni.edu.tr\/ogrenci-isleri-daire-baskanligi\/degerler\/","title":{"rendered":"De\u011ferler"},"content":{"rendered":"\t\t<div data-elementor-type=\"wp-page\" data-elementor-id=\"6453\" class=\"elementor elementor-6453\" data-elementor-post-type=\"page\">\n\t\t\t\t\t\t<section class=\"elementor-section elementor-top-section elementor-element elementor-element-80886d9 elementor-section-boxed elementor-section-height-default elementor-section-height-default\" data-id=\"80886d9\" data-element_type=\"section\">\n\t\t\t\t\t\t<div class=\"elementor-container elementor-column-gap-default\">\n\t\t\t\t\t<div class=\"elementor-column elementor-col-100 elementor-top-column elementor-element elementor-element-c834e25\" data-id=\"c834e25\" data-element_type=\"column\">\n\t\t\t<div class=\"elementor-widget-wrap elementor-element-populated\">\n\t\t\t\t\t\t<div class=\"elementor-element elementor-element-98e2af0 elementor-widget elementor-widget-heading\" data-id=\"98e2af0\" data-element_type=\"widget\" data-widget_type=\"heading.default\">\n\t\t\t\t<div class=\"elementor-widget-container\">\n\t\t\t\t\t<h2 class=\"elementor-heading-title elementor-size-default\"><span style=\"font-family: Podkova, sans-serif;font-size: 21px;letter-spacing: 0px\">De\u011ferlerimiz<\/span><\/h2>\t\t\t\t<\/div>\n\t\t\t\t<\/div>\n\t\t\t\t<div class=\"elementor-element elementor-element-0f33f4e elementor-widget-divider--view-line elementor-widget elementor-widget-divider\" data-id=\"0f33f4e\" data-element_type=\"widget\" data-widget_type=\"divider.default\">\n\t\t\t\t<div class=\"elementor-widget-container\">\n\t\t\t\t\t\t\t<div class=\"elementor-divider\">\n\t\t\t<span class=\"elementor-divider-separator\">\n\t\t\t\t\t\t<\/span>\n\t\t<\/div>\n\t\t\t\t\t\t<\/div>\n\t\t\t\t<\/div>\n\t\t\t\t<div class=\"elementor-element elementor-element-b889d1e elementor-widget elementor-widget-text-editor\" data-id=\"b889d1e\" data-element_type=\"widget\" data-widget_type=\"text-editor.default\">\n\t\t\t\t<div class=\"elementor-widget-container\">\n\t\t\t\t\t\t\t\t\t<ul style=\"font-size: 1px\">\n \t<li style=\"text-align: justify\"><span style=\"font-size: 18px\"><strong>Yenilik\u00e7ilik ve Giri\u015fimcilik:<\/strong> Etkinli\u011fini art\u0131racak alanlarda yeni ve farkl\u0131 uygulamalar\u0131 hayata ge\u00e7irir.<\/span><\/li>\n \t<li style=\"text-align: justify\"><span style=\"font-size: 18px\"><strong>Kat\u0131l\u0131mc\u0131l\u0131k ve Payla\u015f\u0131mc\u0131l\u0131k:<\/strong> Kararlar kat\u0131l\u0131ml\u0131 \u015fekilde al\u0131n\u0131r, bilgiler \u015feffaf \u015fekilde payla\u015f\u0131l\u0131r.<\/span><\/li>\n \t<li style=\"text-align: justify\"><span style=\"font-size: 18px\"><strong>\u00d6\u011frenme Odakl\u0131l\u0131k:<\/strong> T\u00fcm bireylerin \u00f6\u011frenme deneyimlerini kolayla\u015ft\u0131r\u0131r ve geli\u015ftirir.<\/span><\/li>\n \t<li style=\"text-align: justify\"><span style=\"font-size: 18px\"><strong>Eme\u011fe sayg\u0131 g\u00f6sterme ve ba\u015far\u0131y\u0131 takdir etme:<\/strong> G\u00f6sterilen \u00e7abalara sayg\u0131 g\u00f6sterilir ve ba\u015far\u0131lar tan\u0131n\u0131r.<\/span><\/li>\n \t<li style=\"text-align: justify\"><span style=\"font-size: 18px\"><strong>Ulusal ve evrensel de\u011ferlere ba\u011fl\u0131l\u0131k:<\/strong> \u00dclkemizin de\u011ferlerine ba\u011fl\u0131l\u0131\u011f\u0131n yan\u0131nda evrensel de\u011ferlere de sahip \u00e7\u0131k\u0131l\u0131r.<\/span><\/li>\n \t<li style=\"text-align: justify\"><span style=\"font-size: 18px\"><strong>Toplumsal, k\u00fclt\u00fcrel, \u00e7evresel ve sanatsal duyarl\u0131l\u0131k:<\/strong> Toplumsal alanlardaki sorun ve ihtiya\u00e7lara kar\u015f\u0131 duyarl\u0131 davran\u0131l\u0131r.<\/span><\/li>\n<\/ul>\t\t\t\t\t\t\t\t<\/div>\n\t\t\t\t<\/div>\n\t\t\t\t\t<\/div>\n\t\t<\/div>\n\t\t\t\t\t<\/div>\n\t\t<\/section>\n\t\t\t\t<\/div>\n\t\t","protected":false},"excerpt":{"rendered":"<p>De\u011ferlerimiz Yenilik\u00e7ilik ve Giri\u015fimcilik: Etkinli\u011fini art\u0131racak alanlarda yeni ve farkl\u0131 uygulamalar\u0131 hayata ge\u00e7irir. Kat\u0131l\u0131mc\u0131l\u0131k ve Payla\u015f\u0131mc\u0131l\u0131k: Kararlar kat\u0131l\u0131ml\u0131 \u015fekilde al\u0131n\u0131r, bilgiler \u015feffaf \u015fekilde payla\u015f\u0131l\u0131r. \u00d6\u011frenme Odakl\u0131l\u0131k: T\u00fcm bireylerin \u00f6\u011frenme deneyimlerini kolayla\u015ft\u0131r\u0131r ve geli\u015ftirir. Eme\u011fe sayg\u0131 g\u00f6sterme ve ba\u015far\u0131y\u0131 takdir etme: G\u00f6sterilen \u00e7abalara sayg\u0131 g\u00f6sterilir ve ba\u015far\u0131lar tan\u0131n\u0131r. Ulusal ve evrensel de\u011ferlere ba\u011fl\u0131l\u0131k: \u00dclkemizin de\u011ferlerine ba\u011fl\u0131l\u0131\u011f\u0131n [&hellip;]<\/p>\n","protected":false},"author":5,"featured_media":0,"parent":0,"menu_order":0,"comment_status":"closed","ping_status":"closed","template":"","meta":{"footnotes":""},"class_list":["post-6453","page","type-page","status-publish","hentry"],"_links":{"self":[{"href":"https:\/\/atauni.edu.tr\/ogrenci-isleri-daire-baskanligi\/wp-json\/wp\/v2\/pages\/6453","targetHints":{"allow":["GET"]}}],"collection":[{"href":"https:\/\/atauni.edu.tr\/ogrenci-isleri-daire-baskanligi\/wp-json\/wp\/v2\/pages"}],"about":[{"href":"https:\/\/atauni.edu.tr\/ogrenci-isleri-daire-baskanligi\/wp-json\/wp\/v2\/types\/page"}],"author":[{"embeddable":true,"href":"https:\/\/atauni.edu.tr\/ogrenci-isleri-daire-baskanligi\/wp-json\/wp\/v2\/users\/5"}],"replies":[{"embeddable":true,"href":"https:\/\/atauni.edu.tr\/ogrenci-isleri-daire-baskanligi\/wp-json\/wp\/v2\/comments?post=6453"}],"version-history":[{"count":23,"href":"https:\/\/atauni.edu.tr\/ogrenci-isleri-daire-baskanligi\/wp-json\/wp\/v2\/pages\/6453\/revisions"}],"predecessor-version":[{"id":7612,"href":"https:\/\/atauni.edu.tr\/ogrenci-isleri-daire-baskanligi\/wp-json\/wp\/v2\/pages\/6453\/revisions\/7612"}],"wp:attachment":[{"href":"https:\/\/atauni.edu.tr\/ogrenci-isleri-daire-baskanligi\/wp-json\/wp\/v2\/media?parent=6453"}],"curies":[{"name":"wp","href":"https:\/\/api.w.org\/{rel}","templated":true}]}}