{"id":6875,"date":"2021-12-06T17:41:54","date_gmt":"2021-12-06T14:41:54","guid":{"rendered":"https:\/\/birimler.atauni.edu.tr\/ogrenci-isleri-daire-baskanligi\/?page_id=6875"},"modified":"2025-08-15T10:19:07","modified_gmt":"2025-08-15T07:19:07","slug":"gorev-dagilimi","status":"publish","type":"page","link":"https:\/\/atauni.edu.tr\/ogrenci-isleri-daire-baskanligi\/gorev-dagilimi\/","title":{"rendered":"G\u00f6rev Da\u011f\u0131l\u0131m\u0131"},"content":{"rendered":"\t\t<div data-elementor-type=\"wp-page\" data-elementor-id=\"6875\" class=\"elementor elementor-6875\" data-elementor-post-type=\"page\">\n\t\t\t\t\t\t<section class=\"elementor-section elementor-top-section elementor-element elementor-element-7567656 elementor-section-boxed elementor-section-height-default elementor-section-height-default\" data-id=\"7567656\" data-element_type=\"section\">\n\t\t\t\t\t\t<div class=\"elementor-container elementor-column-gap-default\">\n\t\t\t\t\t<div class=\"elementor-column elementor-col-100 elementor-top-column elementor-element elementor-element-940ec8d\" data-id=\"940ec8d\" data-element_type=\"column\">\n\t\t\t<div class=\"elementor-widget-wrap elementor-element-populated\">\n\t\t\t\t\t\t<div class=\"elementor-element elementor-element-94b3763 elementor-widget elementor-widget-heading\" data-id=\"94b3763\" data-element_type=\"widget\" data-widget_type=\"heading.default\">\n\t\t\t\t<div class=\"elementor-widget-container\">\n\t\t\t\t\t<h2 class=\"elementor-heading-title elementor-size-default\">G\u00f6rev Da\u011f\u0131l\u0131m\u0131<\/h2>\t\t\t\t<\/div>\n\t\t\t\t<\/div>\n\t\t\t\t<div class=\"elementor-element elementor-element-cc4b7a7 elementor-widget-divider--view-line elementor-widget elementor-widget-divider\" data-id=\"cc4b7a7\" data-element_type=\"widget\" data-widget_type=\"divider.default\">\n\t\t\t\t<div class=\"elementor-widget-container\">\n\t\t\t\t\t\t\t<div class=\"elementor-divider\">\n\t\t\t<span class=\"elementor-divider-separator\">\n\t\t\t\t\t\t<\/span>\n\t\t<\/div>\n\t\t\t\t\t\t<\/div>\n\t\t\t\t<\/div>\n\t\t\t\t<div class=\"elementor-element elementor-element-c37d8c6 elementor-widget elementor-widget-text-editor\" data-id=\"c37d8c6\" data-element_type=\"widget\" data-widget_type=\"text-editor.default\">\n\t\t\t\t<div class=\"elementor-widget-container\">\n\t\t\t\t\t\t\t\t\t<p style=\"text-align: center\"><strong>ATAT\u00dcRK \u00dcN\u0130VERS\u0130TES\u0130<\/strong><\/p><p style=\"text-align: center\"><strong>\u00d6\u011eRENC\u0130 \u0130\u015eLER\u0130 DA\u0130RE BA\u015eKANLI\u011eI G\u00d6REV DA\u011eILIMI<\/strong><\/p><table style=\"height: 1240px\" width=\"1853\"><tbody><tr><td colspan=\"3\" width=\"953\"><p style=\"text-align: center\"><strong>DA\u0130RE BA\u015eKANLI\u011eI<\/strong><\/p><\/td><\/tr><tr><td colspan=\"3\" width=\"953\"><ul><li>2547 Say\u0131l\u0131 Y\u00fcksek\u00f6\u011fretim Kanunu ve konu ile ilgili mevzuat h\u00fck\u00fcmlerine ba\u011fl\u0131 olarak \u00f6\u011frencilerin kay\u0131tlar\u0131ndan mezuniyetlerine kadar olan i\u015flemlerin mer\u2019i mevzuat \u00e7er\u00e7evesinde y\u00fcr\u00fct\u00fclmesini sa\u011flamak,<\/li><li>Mevzuata ayk\u0131r\u0131 karar, i\u015flem, eylem veya ihmal sonucunda kamu kayna\u011f\u0131nda olu\u015fabilecek kamu zarar\u0131n\u0131 \u00f6nlemeye y\u00f6nelik \u00e7al\u0131\u015fmalar yapmak,<\/li><li>Sorumlulu\u011fu ile ilgili faaliyet alanlar\u0131nda \u015feffafl\u0131k, hesap verebilirlik ve kat\u0131l\u0131mc\u0131l\u0131k anlay\u0131\u015f\u0131yla kamu kaynaklar\u0131n\u0131n verimli kullan\u0131lmas\u0131n\u0131 sa\u011flamak,<\/li><li>Ba\u015fkanl\u0131k b\u00fcnyesindeki birimlerde i\u015f ve i\u015flemlerin koordineli ve verimli bir \u015fekilde y\u00fcr\u00fct\u00fclmesini sa\u011flamak.<\/li><li>Ba\u015fkanl\u0131k taraf\u0131ndan y\u00fcr\u00fct\u00fclen faaliyetlerin kalite geli\u015ftirme ve i\u00e7 kontrol sistemi tan\u0131m ve d\u00fczenlemelerine uygun olarak y\u00fcr\u00fct\u00fclmesini sa\u011flamak,<\/li><li>\u0130\u015f sa\u011fl\u0131\u011f\u0131 ve g\u00fcvenli\u011fi ile ilgili tedbirlerini esas alarak faaliyetleri y\u00fcr\u00fctmek,<\/li><li>\u00d6\u011frenci \u0130\u015fleri Otomasyon Program\u0131nda i\u015f ve i\u015flemleri planlamak, yapt\u0131rmak, personeli bilgilendirmek,<\/li><li>Y\u00d6KS\u0130S ile ilgili \u00e7al\u0131\u015fmalar\u0131 y\u00fcr\u00fctmek,<\/li><li>\u0130statistiki (say\u0131lama) bilgilerinin g\u00fcncel tutulmas\u0131 ve izlenmesi \u00e7al\u0131\u015fmalar\u0131n\u0131 y\u00fcr\u00fctmek<\/li><li>Birim web sayfas\u0131nda yer alan bilgileri g\u00fcncel tutmak i\u00e7in gerekli \u00e7al\u0131\u015fmalar\u0131 y\u00fcr\u00fctmek,<\/li><\/ul><\/td><\/tr><tr><td width=\"376\"><p style=\"text-align: center\"><strong>KAYIT KABUL <\/strong><\/p><p style=\"text-align: center\"><strong>\u015eUBE M\u00dcD\u00dcRL\u00dc\u011e\u00dc<\/strong><\/p><\/td><td style=\"text-align: center\" width=\"302\"><p><strong>E\u011e\u0130T\u0130M-\u00d6\u011eRET\u0130M <\/strong><\/p><p><strong>\u015eUBE M\u00dcD\u00dcRL\u00dc\u011e\u00dc<\/strong><\/p><\/td><td width=\"274\"><p style=\"text-align: center\"><strong>Y\u00d6K BURSLARI TAK\u0130P OF\u0130S\u0130 <\/strong><\/p><p style=\"text-align: center\"><strong>\u015eUBE M\u00dcD\u00dcRL\u00dc\u011e\u00dc<\/strong><\/p><\/td><\/tr><tr><td width=\"376\"><ul><li>Kontenjanlar,<\/li><li>\u00dcniversite kay\u0131tlar\u0131 (YKS, DGS, Y\u00d6S, \u00d6.Y, \u00d6.\u00d6, Y.O, L.T, Y.G \u2026),<\/li><li>Pedagojik Formasyon E\u011fitim Sertifika Program\u0131<\/li><li>Yabanc\u0131 uyruklu \u00f6\u011frenciler,<\/li><li>Uygulama (PF, Staj, anket ..vb) izinleri,<\/li><li>Ar\u015fiv i\u015flemleri<\/li><li>Katk\u0131 pay\u0131 ve \u00f6\u011frenim \u00fccretleri,<\/li><li>Hizmet binas\u0131 ve ar\u015fiv merkezi idaresi,<\/li><li>Ta\u015f\u0131n\u0131r kay\u0131t, b\u00fct\u00e7e ve sat\u0131n alma<\/li><li>Personel \u00f6zl\u00fck\u00a0<\/li><li>K\u0131smi zamanl\u0131 \/ \u0130\u015eKUR Projesi \u00f6\u011frencileri,<\/li><li>Daire ba\u015fkanl\u0131\u011f\u0131 (odaire@atauni.edu.tr) elektronik posta adresine gelen e-postalar<\/li><\/ul><p>ile ilgili i\u015f ve i\u015flemleri y\u00fcr\u00fctmek,<\/p><\/td><td width=\"302\"><ul><li>Mevzuat d\u00fczenleme \/ g\u00fcncelleme,<\/li><li>Akademik takvim,<\/li><li>B\u00f6l\u00fcm, ABD ve program a\u00e7\u0131lmas\u0131, kapat\u0131lmas\u0131, \u00f6\u011frenci al\u0131nmas\u0131,<\/li><li>M\u00fcfredat haz\u0131rlama \/ g\u00fcncelleme<\/li><li>\u00c7ift ana dal, yan dal programlar\u0131,<\/li><li>Mezuniyet i\u015flemleri ve belgeleri,<\/li><li>Ders kay\u0131tlar\u0131,<\/li><li>Af Kanunu,<\/li><li>Adli disiplin i\u015flemleri,<\/li><li>\u0130dari disiplin i\u015flemleri,<\/li><li>Askerlik i\u015flemleri,<\/li><li>C\u0130MER ba\u015fvurular\u0131,<\/li><li>\u00d6\u011frenci konseyi \u00e7al\u0131\u015fmalar\u0131,<\/li><\/ul><p>ile ilgili i\u015f ve i\u015flemleri y\u00fcr\u00fctmek<\/p><\/td><td width=\"274\"><ul><li>Y\u00d6K Burslar\u0131<\/li><li>100\/2000 Burslar\u0131<\/li><li>Lisans Destek Burslar\u0131<\/li><li>YUDAP Burslar\u0131<\/li><li>\u00d6\u011fretim \u00dcyesi Yeti\u015ftirme Program\u0131 (\u00d6YP),<\/li><\/ul><p>ile ilgili i\u015f ve i\u015flemleri y\u00fcr\u00fctmek<\/p><\/td><\/tr><tr><td colspan=\"3\" width=\"953\"><p><strong>\u0130DAREC\u0130LER TARAFINDAN YAPILACAK D\u0130\u011eER \u0130\u015e VE \u0130\u015eLEMLER<\/strong><\/p><ul><li>G\u00f6rev aln\u0131na giren konularda gelen ve giden evraklar\u0131n kayd\u0131n\u0131 izlemek, yaz\u0131\u015fmalar\u0131n\u0131 ve dosyalama i\u015flemlerini yapmak,<\/li><li>Y\u00f6netmelik ve Y\u00f6nergeleri takip etmek ve gere\u011fini yapmak,<\/li><li>\u00d6\u011frencilerin her t\u00fcrl\u00fc soru ve sorunlar\u0131 ile ilgilenmek,<\/li><li>Daire Ba\u015fkanl\u0131\u011f\u0131n\u0131n g\u00f6rev alan\u0131na giren konularda Rekt\u00f6rl\u00fck Makam\u0131 taraf\u0131ndan verilecek di\u011fer i\u015f ve i\u015flemleri yapmak,<\/li><\/ul><\/td><\/tr><\/tbody><\/table>\t\t\t\t\t\t\t\t<\/div>\n\t\t\t\t<\/div>\n\t\t\t\t\t<\/div>\n\t\t<\/div>\n\t\t\t\t\t<\/div>\n\t\t<\/section>\n\t\t\t\t<\/div>\n\t\t","protected":false},"excerpt":{"rendered":"<p>G\u00f6rev Da\u011f\u0131l\u0131m\u0131 ATAT\u00dcRK \u00dcN\u0130VERS\u0130TES\u0130 \u00d6\u011eRENC\u0130 \u0130\u015eLER\u0130 DA\u0130RE BA\u015eKANLI\u011eI G\u00d6REV DA\u011eILIMI DA\u0130RE BA\u015eKANLI\u011eI 2547 Say\u0131l\u0131 Y\u00fcksek\u00f6\u011fretim Kanunu ve konu ile ilgili mevzuat h\u00fck\u00fcmlerine ba\u011fl\u0131 olarak \u00f6\u011frencilerin kay\u0131tlar\u0131ndan mezuniyetlerine kadar olan i\u015flemlerin mer\u2019i mevzuat \u00e7er\u00e7evesinde y\u00fcr\u00fct\u00fclmesini sa\u011flamak, Mevzuata ayk\u0131r\u0131 karar, i\u015flem, eylem veya ihmal sonucunda kamu kayna\u011f\u0131nda olu\u015fabilecek kamu zarar\u0131n\u0131 \u00f6nlemeye y\u00f6nelik \u00e7al\u0131\u015fmalar yapmak, Sorumlulu\u011fu ile ilgili [&hellip;]<\/p>\n","protected":false},"author":5,"featured_media":0,"parent":0,"menu_order":0,"comment_status":"closed","ping_status":"closed","template":"","meta":{"footnotes":""},"class_list":["post-6875","page","type-page","status-publish","hentry"],"_links":{"self":[{"href":"https:\/\/atauni.edu.tr\/ogrenci-isleri-daire-baskanligi\/wp-json\/wp\/v2\/pages\/6875","targetHints":{"allow":["GET"]}}],"collection":[{"href":"https:\/\/atauni.edu.tr\/ogrenci-isleri-daire-baskanligi\/wp-json\/wp\/v2\/pages"}],"about":[{"href":"https:\/\/atauni.edu.tr\/ogrenci-isleri-daire-baskanligi\/wp-json\/wp\/v2\/types\/page"}],"author":[{"embeddable":true,"href":"https:\/\/atauni.edu.tr\/ogrenci-isleri-daire-baskanligi\/wp-json\/wp\/v2\/users\/5"}],"replies":[{"embeddable":true,"href":"https:\/\/atauni.edu.tr\/ogrenci-isleri-daire-baskanligi\/wp-json\/wp\/v2\/comments?post=6875"}],"version-history":[{"count":28,"href":"https:\/\/atauni.edu.tr\/ogrenci-isleri-daire-baskanligi\/wp-json\/wp\/v2\/pages\/6875\/revisions"}],"predecessor-version":[{"id":15605,"href":"https:\/\/atauni.edu.tr\/ogrenci-isleri-daire-baskanligi\/wp-json\/wp\/v2\/pages\/6875\/revisions\/15605"}],"wp:attachment":[{"href":"https:\/\/atauni.edu.tr\/ogrenci-isleri-daire-baskanligi\/wp-json\/wp\/v2\/media?parent=6875"}],"curies":[{"name":"wp","href":"https:\/\/api.w.org\/{rel}","templated":true}]}}