{"id":6891,"date":"2021-12-06T17:48:46","date_gmt":"2021-12-06T14:48:46","guid":{"rendered":"https:\/\/birimler.atauni.edu.tr\/ogrenci-isleri-daire-baskanligi\/?page_id=6891"},"modified":"2021-12-06T20:50:21","modified_gmt":"2021-12-06T17:50:21","slug":"gorev-tanimlari","status":"publish","type":"page","link":"https:\/\/atauni.edu.tr\/ogrenci-isleri-daire-baskanligi\/gorev-tanimlari\/","title":{"rendered":"G\u00f6rev Tan\u0131mlar\u0131"},"content":{"rendered":"\t\t<div data-elementor-type=\"wp-page\" data-elementor-id=\"6891\" class=\"elementor elementor-6891\" data-elementor-post-type=\"page\">\n\t\t\t\t\t\t<section class=\"elementor-section elementor-top-section elementor-element elementor-element-3e5b156 elementor-section-boxed elementor-section-height-default elementor-section-height-default\" data-id=\"3e5b156\" data-element_type=\"section\">\n\t\t\t\t\t\t<div class=\"elementor-container elementor-column-gap-default\">\n\t\t\t\t\t<div class=\"elementor-column elementor-col-100 elementor-top-column elementor-element elementor-element-4256ffb\" data-id=\"4256ffb\" data-element_type=\"column\">\n\t\t\t<div class=\"elementor-widget-wrap elementor-element-populated\">\n\t\t\t\t\t\t<div class=\"elementor-element elementor-element-4dedb2c elementor-widget elementor-widget-heading\" data-id=\"4dedb2c\" data-element_type=\"widget\" data-widget_type=\"heading.default\">\n\t\t\t\t<div class=\"elementor-widget-container\">\n\t\t\t\t\t<h2 class=\"elementor-heading-title elementor-size-default\">\u0130\u015f Tan\u0131mlar\u0131<\/h2>\t\t\t\t<\/div>\n\t\t\t\t<\/div>\n\t\t\t\t<div class=\"elementor-element elementor-element-3bdc1df elementor-widget-divider--view-line elementor-widget elementor-widget-divider\" data-id=\"3bdc1df\" data-element_type=\"widget\" data-widget_type=\"divider.default\">\n\t\t\t\t<div class=\"elementor-widget-container\">\n\t\t\t\t\t\t\t<div class=\"elementor-divider\">\n\t\t\t<span class=\"elementor-divider-separator\">\n\t\t\t\t\t\t<\/span>\n\t\t<\/div>\n\t\t\t\t\t\t<\/div>\n\t\t\t\t<\/div>\n\t\t\t\t<div class=\"elementor-element elementor-element-6aadc22 elementor-widget elementor-widget-text-editor\" data-id=\"6aadc22\" data-element_type=\"widget\" data-widget_type=\"text-editor.default\">\n\t\t\t\t<div class=\"elementor-widget-container\">\n\t\t\t\t\t\t\t\t\t<div style=\"color: #63646b;font-size: 12px;background-color: #fafafa;text-align: center\"><span style=\"font-weight: bolder\">\u00d6\u011eRENC\u0130 \u0130\u015eLER\u0130 DA\u0130RE BA\u015eKANLI\u011eI\u00a0<\/span><\/div><div style=\"color: #63646b;font-size: 12px;background-color: #fafafa;text-align: center\"><span style=\"font-weight: bolder\">G\u00d6REV TANIMLARI<\/span><\/div><table style=\"color: #63646b;font-size: 12px;background-color: #fafafa\" border=\"1\" width=\"754\" cellspacing=\"0\" cellpadding=\"0\"><tbody><tr><td style=\"padding-left: 5px\" valign=\"top\" width=\"131\"><p style=\"margin-bottom: 1rem\" align=\"center\"><span style=\"font-weight: bolder\">Birim<\/span><\/p><\/td><td style=\"padding-left: 5px\" valign=\"top\" width=\"624\"><p style=\"margin-bottom: 1rem\" align=\"center\"><span style=\"font-weight: bolder\">Yapt\u0131\u011f\u0131 \u0130\u015f ve \u0130\u015flemler<\/span><\/p><\/td><\/tr><tr><td style=\"padding-left: 5px\" width=\"131\"><p style=\"margin-bottom: 1rem\" align=\"center\">\u00d6\u011frenci Destek<\/p><p style=\"margin-bottom: 1rem\" align=\"center\">Birimleri<\/p><\/td><td style=\"padding-left: 5px\" valign=\"top\" width=\"624\"><p style=\"margin-bottom: 1rem\">\u00dcniversite kay\u0131t i\u015flemleri<\/p><p style=\"margin-bottom: 1rem\">Mezuniyet belgesi teslim i\u015flemleri<\/p><p style=\"margin-bottom: 1rem\">Fiziki ortamda belge (Transkript, \u00f6\u011frenci, askerlik \u2026gb.) verme i\u015flemleri<\/p><p style=\"margin-bottom: 1rem\">Kay\u0131t silme onay i\u015flemleri,<\/p><p style=\"margin-bottom: 1rem\">Yatay ge\u00e7i\u015f onay i\u015flemleri<\/p><\/td><\/tr><tr><td style=\"padding-left: 5px\" width=\"131\"><p style=\"margin-bottom: 1rem\" align=\"center\">Ar\u015fiv<\/p><\/td><td style=\"padding-left: 5px\" width=\"624\"><p style=\"margin-bottom: 1rem\">\u00a0Elektronik ve fiziki ar\u015fiv i\u015flemleri<\/p><\/td><\/tr><tr><td style=\"padding-left: 5px\" width=\"131\"><p style=\"margin-bottom: 1rem\" align=\"center\">Uluslararas\u0131 \u00d6\u011frenci<\/p><p style=\"margin-bottom: 1rem\" align=\"center\">\u00a0Ofisi<\/p><\/td><td style=\"padding-left: 5px\" width=\"624\"><p style=\"margin-bottom: 1rem\">Yabanc\u0131 uyruklu \u00f6\u011frencilerin;<\/p><ul><li>Kay\u0131t,<\/li><li>Mezuniyet,<\/li><li>Belge i\u015flemleri<\/li><li>Kay\u0131t silme,<\/li><li>Ayr\u0131lanlar\u0131n (Mezun, kay\u0131t sildiren ..vb) \u0130G\u0130 ve YTB\u2019ye bildirilmesi,<\/li><li>diploma teyit<\/li><\/ul><p style=\"margin-bottom: 1rem\">i\u015flemleri,<\/p><\/td><\/tr><tr><td style=\"padding-left: 5px\" width=\"131\"><p style=\"margin-bottom: 1rem\" align=\"center\">Diploma Bask\u0131 ve Mezuniyet \u0130\u015flemleri Ofisi<\/p><\/td><td style=\"padding-left: 5px\" width=\"624\"><p style=\"margin-bottom: 1rem\">Mezuniyet belgelerinin (Diploma, Transkript ve Diploma eki ..vb) \u00a0bask\u0131 ve da\u011f\u0131t\u0131m (posta, ofis) i\u015flemleri<\/p><p style=\"margin-bottom: 1rem\">Diploma tescil i\u015flemleri<\/p><\/td><\/tr><tr><td style=\"padding-left: 5px\" width=\"131\"><p style=\"margin-bottom: 1rem\" align=\"center\">Har\u00e7lar Ofisi<\/p><\/td><td style=\"padding-left: 5px\" width=\"624\"><p style=\"margin-bottom: 1rem\">\u00d6\u011frenci katk\u0131 pay\u0131 \/ \u00f6\u011frenim \u00fccret i\u015flemleri<\/p><p style=\"margin-bottom: 1rem\">Katk\u0131 pay\u0131 raporlama \u00e7al\u0131\u015fmalar\u0131 (Y\u00d6KS\u0130S Maliye Bakanl\u0131\u011f\u0131 Raporu, Strateji Gel.D.B\u015fk.)<\/p><\/td><\/tr><tr><td style=\"padding-left: 5px\" width=\"131\"><p style=\"margin-bottom: 1rem\" align=\"center\">Bilgi \u0130\u015flem<\/p><p style=\"margin-bottom: 1rem\" align=\"center\">Ofisi<\/p><\/td><td style=\"padding-left: 5px\" width=\"624\"><p style=\"margin-bottom: 1rem\">Destek sistemi talep i\u015flemleri<\/p><p style=\"margin-bottom: 1rem\">Eski mezun \/ pedagojik formasyon onay i\u015flemleri<\/p><p style=\"margin-bottom: 1rem\">Birim personelleri bilgilendirme i\u015flemleri<\/p><\/td><\/tr><tr><td style=\"padding-left: 5px\" width=\"131\"><p style=\"margin-bottom: 1rem\" align=\"center\">Sicil Disiplin ve Askerlik Ofisi<\/p><\/td><td style=\"padding-left: 5px\" width=\"624\"><p style=\"margin-bottom: 1rem\">Disiplin (ara\u015ft\u0131rma, inceleme ve soru\u015fturma) i\u015flemleri<\/p><p style=\"margin-bottom: 1rem\">H\u00fck\u00fcml\u00fc \/ tutuklu \u00f6\u011frenci i\u015flemleri<\/p><p style=\"margin-bottom: 1rem\">Bilgi edinme ba\u015fvuru i\u015flemleri<\/p><p style=\"margin-bottom: 1rem\">Askerlik i\u015flemleri,<\/p><p style=\"margin-bottom: 1rem\">Savc\u0131l\u0131k ve Emniyet yaz\u0131\u015fmalar\u0131,<\/p><p style=\"margin-bottom: 1rem\">Uygulama izin yaz\u0131\u015fmalar\u0131,<\/p><\/td><\/tr><tr><td style=\"padding-left: 5px\" width=\"131\"><p style=\"margin-bottom: 1rem\" align=\"center\">Kay\u0131t Kabul<\/p><p style=\"margin-bottom: 1rem\" align=\"center\">Ofisi<\/p><\/td><td style=\"padding-left: 5px\" width=\"624\"><p style=\"margin-bottom: 1rem\">\u00d6zel \u00f6\u011frenci yaz\u0131\u015fmalar\u0131,<\/p><p style=\"margin-bottom: 1rem\">Misafir \u00f6\u011frenci yaz\u0131\u015fmalar\u0131,<\/p><p style=\"margin-bottom: 1rem\">Yaz okulu notlar\u0131 yaz\u0131\u015fmalar\u0131,<\/p><p style=\"margin-bottom: 1rem\">\u00d6BS \u00fczerinde foto\u011fraf onaylar\u0131,<\/p><p style=\"margin-bottom: 1rem\">Yatay ge\u00e7i\u015f dosya istem i\u015flemleri<\/p><p style=\"margin-bottom: 1rem\">Yatay ge\u00e7i\u015f &amp; \u00f6zel \u00f6\u011frenci yaz\u0131\u015fmalar\u0131<\/p><\/td><\/tr><tr><td style=\"padding-left: 5px\" width=\"131\"><p style=\"margin-bottom: 1rem\" align=\"center\">Personel ve \u0130dari \u0130\u015fler Ofisi<\/p><\/td><td style=\"padding-left: 5px\" width=\"624\"><p style=\"margin-bottom: 1rem\">Personel \u00f6zl\u00fck \/ PBYS i\u015flemleri,<\/p><p style=\"margin-bottom: 1rem\">\u00d6\u011frenci pasaportu i\u015flemleri,<\/p><p style=\"margin-bottom: 1rem\">Eski mezunlar\u0131n ve kurumlar\u0131n belge talep i\u015flemleri,<\/p><\/td><\/tr><tr><td style=\"padding-left: 5px\" width=\"131\"><p style=\"margin-bottom: 1rem\" align=\"center\">Mali \u0130\u015fler<\/p><p style=\"margin-bottom: 1rem\" align=\"center\">Ofisi<\/p><\/td><td style=\"padding-left: 5px\" width=\"624\"><p style=\"margin-bottom: 1rem\">Sat\u0131n alma ve tahakkuk i\u015flemleri,<\/p><p style=\"margin-bottom: 1rem\">Ta\u015f\u0131n\u0131r Kay\u0131t Kontrol Sistemi i\u015flemleri<\/p><p style=\"margin-bottom: 1rem\">Harcama Y\u00f6netimi &amp; Mali Y\u00f6netim Sistemleri i\u015flemleri<\/p><p style=\"margin-bottom: 1rem\">Sosyal G\u00fcvenlik Kurumu i\u015flemleri<\/p><\/td><\/tr><tr><td style=\"padding-left: 5px\" width=\"131\"><p style=\"margin-bottom: 1rem\" align=\"center\">Belge Y\u00f6netim<\/p><p style=\"margin-bottom: 1rem\" align=\"center\">Ofisi<\/p><\/td><td style=\"padding-left: 5px\" width=\"624\"><p style=\"margin-bottom: 1rem\">Evrak ak\u0131\u015f trafi\u011finin y\u00f6netilmesi i\u015flemleri<\/p><\/td><\/tr><tr><td style=\"padding-left: 5px\" width=\"131\"><p style=\"margin-bottom: 1rem\" align=\"center\">Y\u00d6K Burslar\u0131<\/p><p style=\"margin-bottom: 1rem\" align=\"center\">Ofisi<\/p><\/td><td style=\"padding-left: 5px\" width=\"624\"><p style=\"margin-bottom: 1rem\">Y\u00d6K 100\/2000 Doktora burslar\u0131 i\u015flemleri<\/p><p style=\"margin-bottom: 1rem\">Y\u00d6K lisans burslar\u0131 i\u015flemleri<\/p><p style=\"margin-bottom: 1rem\">YUDAP i\u015flemleri<\/p><p style=\"margin-bottom: 1rem\">\u00d6YP i\u015flemleri<\/p><\/td><\/tr><tr><td style=\"padding-left: 5px\" width=\"131\"><p style=\"margin-bottom: 1rem\" align=\"center\">Sekreterlik<\/p><\/td><td style=\"padding-left: 5px\" width=\"624\"><p style=\"margin-bottom: 1rem\">Sekretarya i\u015flemleri<\/p><div>\u00a0<\/div><\/td><\/tr><\/tbody><\/table>\t\t\t\t\t\t\t\t<\/div>\n\t\t\t\t<\/div>\n\t\t\t\t\t<\/div>\n\t\t<\/div>\n\t\t\t\t\t<\/div>\n\t\t<\/section>\n\t\t\t\t<\/div>\n\t\t","protected":false},"excerpt":{"rendered":"<p>\u0130\u015f Tan\u0131mlar\u0131 \u00d6\u011eRENC\u0130 \u0130\u015eLER\u0130 DA\u0130RE BA\u015eKANLI\u011eI\u00a0G\u00d6REV TANIMLARI Birim Yapt\u0131\u011f\u0131 \u0130\u015f ve \u0130\u015flemler \u00d6\u011frenci Destek Birimleri \u00dcniversite kay\u0131t i\u015flemleri Mezuniyet belgesi teslim i\u015flemleri Fiziki ortamda belge (Transkript, \u00f6\u011frenci, askerlik \u2026gb.) verme i\u015flemleri Kay\u0131t silme onay i\u015flemleri, Yatay ge\u00e7i\u015f onay i\u015flemleri Ar\u015fiv \u00a0Elektronik ve fiziki ar\u015fiv i\u015flemleri Uluslararas\u0131 \u00d6\u011frenci \u00a0Ofisi Yabanc\u0131 uyruklu \u00f6\u011frencilerin; Kay\u0131t, Mezuniyet, Belge i\u015flemleri [&hellip;]<\/p>\n","protected":false},"author":5,"featured_media":0,"parent":0,"menu_order":0,"comment_status":"closed","ping_status":"closed","template":"","meta":{"footnotes":""},"class_list":["post-6891","page","type-page","status-publish","hentry"],"_links":{"self":[{"href":"https:\/\/atauni.edu.tr\/ogrenci-isleri-daire-baskanligi\/wp-json\/wp\/v2\/pages\/6891","targetHints":{"allow":["GET"]}}],"collection":[{"href":"https:\/\/atauni.edu.tr\/ogrenci-isleri-daire-baskanligi\/wp-json\/wp\/v2\/pages"}],"about":[{"href":"https:\/\/atauni.edu.tr\/ogrenci-isleri-daire-baskanligi\/wp-json\/wp\/v2\/types\/page"}],"author":[{"embeddable":true,"href":"https:\/\/atauni.edu.tr\/ogrenci-isleri-daire-baskanligi\/wp-json\/wp\/v2\/users\/5"}],"replies":[{"embeddable":true,"href":"https:\/\/atauni.edu.tr\/ogrenci-isleri-daire-baskanligi\/wp-json\/wp\/v2\/comments?post=6891"}],"version-history":[{"count":13,"href":"https:\/\/atauni.edu.tr\/ogrenci-isleri-daire-baskanligi\/wp-json\/wp\/v2\/pages\/6891\/revisions"}],"predecessor-version":[{"id":6967,"href":"https:\/\/atauni.edu.tr\/ogrenci-isleri-daire-baskanligi\/wp-json\/wp\/v2\/pages\/6891\/revisions\/6967"}],"wp:attachment":[{"href":"https:\/\/atauni.edu.tr\/ogrenci-isleri-daire-baskanligi\/wp-json\/wp\/v2\/media?parent=6891"}],"curies":[{"name":"wp","href":"https:\/\/api.w.org\/{rel}","templated":true}]}}