{"id":7088,"date":"2021-12-07T08:57:39","date_gmt":"2021-12-07T05:57:39","guid":{"rendered":"https:\/\/birimler.atauni.edu.tr\/ogrenci-isleri-daire-baskanligi\/?page_id=7088"},"modified":"2023-05-17T10:16:53","modified_gmt":"2023-05-17T07:16:53","slug":"yoksis","status":"publish","type":"page","link":"https:\/\/atauni.edu.tr\/ogrenci-isleri-daire-baskanligi\/yoksis\/","title":{"rendered":"Y\u00d6KS\u0130S"},"content":{"rendered":"\t\t<div data-elementor-type=\"wp-page\" data-elementor-id=\"7088\" class=\"elementor elementor-7088\" data-elementor-post-type=\"page\">\n\t\t\t\t\t\t<section class=\"elementor-section elementor-top-section elementor-element elementor-element-bcb1525 elementor-section-boxed elementor-section-height-default elementor-section-height-default\" data-id=\"bcb1525\" data-element_type=\"section\">\n\t\t\t\t\t\t<div class=\"elementor-container elementor-column-gap-default\">\n\t\t\t\t\t<div class=\"elementor-column elementor-col-100 elementor-top-column elementor-element elementor-element-d84736a\" data-id=\"d84736a\" data-element_type=\"column\">\n\t\t\t<div class=\"elementor-widget-wrap elementor-element-populated\">\n\t\t\t\t\t\t<div class=\"elementor-element elementor-element-dca3f37 elementor-widget elementor-widget-heading\" data-id=\"dca3f37\" data-element_type=\"widget\" data-widget_type=\"heading.default\">\n\t\t\t\t<div class=\"elementor-widget-container\">\n\t\t\t\t\t<h2 class=\"elementor-heading-title elementor-size-default\">Y\u00d6KS\u0130S'te Bilgisi Bulunmayan Mezun \u00d6\u011frencilerimiz<\/h2>\t\t\t\t<\/div>\n\t\t\t\t<\/div>\n\t\t\t\t<div class=\"elementor-element elementor-element-4990667 elementor-widget-divider--view-line elementor-widget elementor-widget-divider\" data-id=\"4990667\" data-element_type=\"widget\" data-widget_type=\"divider.default\">\n\t\t\t\t<div class=\"elementor-widget-container\">\n\t\t\t\t\t\t\t<div class=\"elementor-divider\">\n\t\t\t<span class=\"elementor-divider-separator\">\n\t\t\t\t\t\t<\/span>\n\t\t<\/div>\n\t\t\t\t\t\t<\/div>\n\t\t\t\t<\/div>\n\t\t\t\t\t<\/div>\n\t\t<\/div>\n\t\t\t\t\t<\/div>\n\t\t<\/section>\n\t\t\t\t<section class=\"elementor-section elementor-top-section elementor-element elementor-element-c7ab103 elementor-section-boxed elementor-section-height-default elementor-section-height-default\" data-id=\"c7ab103\" data-element_type=\"section\">\n\t\t\t\t\t\t<div class=\"elementor-container elementor-column-gap-default\">\n\t\t\t\t\t<div class=\"elementor-column elementor-col-100 elementor-top-column elementor-element elementor-element-565f89b\" data-id=\"565f89b\" data-element_type=\"column\">\n\t\t\t<div class=\"elementor-widget-wrap elementor-element-populated\">\n\t\t\t\t\t\t<div class=\"elementor-element elementor-element-76de93c elementor-widget elementor-widget-text-editor\" data-id=\"76de93c\" data-element_type=\"widget\" data-widget_type=\"text-editor.default\">\n\t\t\t\t<div class=\"elementor-widget-container\">\n\t\t\t\t\t\t\t\t\t<p>\u00dcniversitemiz b\u00fcnyesinde y\u00fcr\u00fct\u00fclen <strong>\u00f6nlisans, lisans veya lisans\u00fcst\u00fc programlardan<\/strong> mezun olup, Y\u00d6KS\u0130S&#8217;te mezuniyet bilgileri bulunmayan mezunlar\u0131m\u0131z\u0131n \u00d6\u011frenci Bilgi Sisteminde haz\u0131rlanan formu doldurup kaydetmeleri gerekmektedir.<\/p><p>Bu i\u015flemleri yapan mezunlar\u0131m\u0131z\u0131n mezuniyet teyit i\u015flemleri yap\u0131ld\u0131ktan sonra <strong>g\u00fcn i\u00e7inde<\/strong> bilgileri Y\u00d6KS\u0130S&#8217;e g\u00f6nderilecektir. \u00d6\u011frencilere de bilgilerinin Y\u00d6KS\u0130S&#8217;e g\u00f6nderildi\u011fine ili\u015fkin SMS g\u00f6nderilecektir.<\/p><p>Mezuniyet bilgilerinizi \u00d6BS&#8217;ye nas\u0131l kaydedece\u011finizi \u00f6\u011frenmek i\u00e7in <a href=\"http:\/\/atauni.edu.tr\/yuklemeler\/5027566f1373f6bc1bb3cd7dc3fe4218.pdf\">t\u0131klay\u0131n\u0131z<\/a>.<\/p><p><strong>\u0130LET\u0130\u015e\u0130M\u00a0 : <\/strong>0 442 231 11 15<\/p>\t\t\t\t\t\t\t\t<\/div>\n\t\t\t\t<\/div>\n\t\t\t\t\t<\/div>\n\t\t<\/div>\n\t\t\t\t\t<\/div>\n\t\t<\/section>\n\t\t\t\t<\/div>\n\t\t","protected":false},"excerpt":{"rendered":"<p>Y\u00d6KS\u0130S&#8217;te Bilgisi Bulunmayan Mezun \u00d6\u011frencilerimiz \u00dcniversitemiz b\u00fcnyesinde y\u00fcr\u00fct\u00fclen \u00f6nlisans, lisans veya lisans\u00fcst\u00fc programlardan mezun olup, Y\u00d6KS\u0130S&#8217;te mezuniyet bilgileri bulunmayan mezunlar\u0131m\u0131z\u0131n \u00d6\u011frenci Bilgi Sisteminde haz\u0131rlanan formu doldurup kaydetmeleri gerekmektedir. Bu i\u015flemleri yapan mezunlar\u0131m\u0131z\u0131n mezuniyet teyit i\u015flemleri yap\u0131ld\u0131ktan sonra g\u00fcn i\u00e7inde bilgileri Y\u00d6KS\u0130S&#8217;e g\u00f6nderilecektir. \u00d6\u011frencilere de bilgilerinin Y\u00d6KS\u0130S&#8217;e g\u00f6nderildi\u011fine ili\u015fkin SMS g\u00f6nderilecektir. Mezuniyet bilgilerinizi \u00d6BS&#8217;ye nas\u0131l kaydedece\u011finizi [&hellip;]<\/p>\n","protected":false},"author":5,"featured_media":0,"parent":0,"menu_order":0,"comment_status":"closed","ping_status":"closed","template":"","meta":{"footnotes":""},"class_list":["post-7088","page","type-page","status-publish","hentry"],"_links":{"self":[{"href":"https:\/\/atauni.edu.tr\/ogrenci-isleri-daire-baskanligi\/wp-json\/wp\/v2\/pages\/7088","targetHints":{"allow":["GET"]}}],"collection":[{"href":"https:\/\/atauni.edu.tr\/ogrenci-isleri-daire-baskanligi\/wp-json\/wp\/v2\/pages"}],"about":[{"href":"https:\/\/atauni.edu.tr\/ogrenci-isleri-daire-baskanligi\/wp-json\/wp\/v2\/types\/page"}],"author":[{"embeddable":true,"href":"https:\/\/atauni.edu.tr\/ogrenci-isleri-daire-baskanligi\/wp-json\/wp\/v2\/users\/5"}],"replies":[{"embeddable":true,"href":"https:\/\/atauni.edu.tr\/ogrenci-isleri-daire-baskanligi\/wp-json\/wp\/v2\/comments?post=7088"}],"version-history":[{"count":22,"href":"https:\/\/atauni.edu.tr\/ogrenci-isleri-daire-baskanligi\/wp-json\/wp\/v2\/pages\/7088\/revisions"}],"predecessor-version":[{"id":11672,"href":"https:\/\/atauni.edu.tr\/ogrenci-isleri-daire-baskanligi\/wp-json\/wp\/v2\/pages\/7088\/revisions\/11672"}],"wp:attachment":[{"href":"https:\/\/atauni.edu.tr\/ogrenci-isleri-daire-baskanligi\/wp-json\/wp\/v2\/media?parent=7088"}],"curies":[{"name":"wp","href":"https:\/\/api.w.org\/{rel}","templated":true}]}}