{"id":7100,"date":"2021-12-07T09:05:39","date_gmt":"2021-12-07T06:05:39","guid":{"rendered":"https:\/\/birimler.atauni.edu.tr\/ogrenci-isleri-daire-baskanligi\/?page_id=7100"},"modified":"2024-07-07T09:58:59","modified_gmt":"2024-07-07T06:58:59","slug":"af-kanunu","status":"publish","type":"page","link":"https:\/\/atauni.edu.tr\/ogrenci-isleri-daire-baskanligi\/af-kanunu\/","title":{"rendered":"Af Kanunu"},"content":{"rendered":"\t\t<div data-elementor-type=\"wp-page\" data-elementor-id=\"7100\" class=\"elementor elementor-7100\" data-elementor-post-type=\"page\">\n\t\t\t\t\t\t<section class=\"elementor-section elementor-top-section elementor-element elementor-element-480c9b5 elementor-section-boxed elementor-section-height-default elementor-section-height-default\" data-id=\"480c9b5\" data-element_type=\"section\">\n\t\t\t\t\t\t<div class=\"elementor-container elementor-column-gap-default\">\n\t\t\t\t\t<div class=\"elementor-column elementor-col-100 elementor-top-column elementor-element elementor-element-ac5277a\" data-id=\"ac5277a\" data-element_type=\"column\">\n\t\t\t<div class=\"elementor-widget-wrap elementor-element-populated\">\n\t\t\t\t\t\t<div class=\"elementor-element elementor-element-5261fd6 elementor-widget elementor-widget-heading\" data-id=\"5261fd6\" data-element_type=\"widget\" data-widget_type=\"heading.default\">\n\t\t\t\t<div class=\"elementor-widget-container\">\n\t\t\t\t\t<h2 class=\"elementor-heading-title elementor-size-default\">Af Kanunu Bilgilendirme Rehberi<\/h2>\t\t\t\t<\/div>\n\t\t\t\t<\/div>\n\t\t\t\t<div class=\"elementor-element elementor-element-afce01c elementor-widget-divider--view-line elementor-widget elementor-widget-divider\" data-id=\"afce01c\" data-element_type=\"widget\" data-widget_type=\"divider.default\">\n\t\t\t\t<div class=\"elementor-widget-container\">\n\t\t\t\t\t\t\t<div class=\"elementor-divider\">\n\t\t\t<span class=\"elementor-divider-separator\">\n\t\t\t\t\t\t<\/span>\n\t\t<\/div>\n\t\t\t\t\t\t<\/div>\n\t\t\t\t<\/div>\n\t\t\t\t\t<\/div>\n\t\t<\/div>\n\t\t\t\t\t<\/div>\n\t\t<\/section>\n\t\t\t\t<section class=\"elementor-section elementor-top-section elementor-element elementor-element-9d715ed elementor-section-boxed elementor-section-height-default elementor-section-height-default\" data-id=\"9d715ed\" data-element_type=\"section\">\n\t\t\t\t\t\t<div class=\"elementor-container elementor-column-gap-default\">\n\t\t\t\t\t<div class=\"elementor-column elementor-col-100 elementor-top-column elementor-element elementor-element-3ac7cb0\" data-id=\"3ac7cb0\" data-element_type=\"column\">\n\t\t\t<div class=\"elementor-widget-wrap elementor-element-populated\">\n\t\t\t\t\t\t<div class=\"elementor-element elementor-element-54185de elementor-tabs-view-horizontal elementor-widget elementor-widget-tabs\" data-id=\"54185de\" data-element_type=\"widget\" data-widget_type=\"tabs.default\">\n\t\t\t\t<div class=\"elementor-widget-container\">\n\t\t\t\t\t\t\t<div class=\"elementor-tabs\">\n\t\t\t<div class=\"elementor-tabs-wrapper\" role=\"tablist\" >\n\t\t\t\t\t\t\t\t\t<div id=\"elementor-tab-title-8811\" class=\"elementor-tab-title elementor-tab-desktop-title\" aria-selected=\"true\" data-tab=\"1\" role=\"tab\" tabindex=\"0\" aria-controls=\"elementor-tab-content-8811\" aria-expanded=\"false\">Genel Bilgiler<\/div>\n\t\t\t\t\t\t\t\t\t<div id=\"elementor-tab-title-8812\" class=\"elementor-tab-title elementor-tab-desktop-title\" aria-selected=\"false\" data-tab=\"2\" role=\"tab\" tabindex=\"-1\" aria-controls=\"elementor-tab-content-8812\" aria-expanded=\"false\">Uygulama Mevzuat\u0131<\/div>\n\t\t\t\t\t\t\t\t\t<div id=\"elementor-tab-title-8813\" class=\"elementor-tab-title elementor-tab-desktop-title\" aria-selected=\"false\" data-tab=\"3\" role=\"tab\" tabindex=\"-1\" aria-controls=\"elementor-tab-content-8813\" aria-expanded=\"false\">Ba\u015fvuru<\/div>\n\t\t\t\t\t\t\t\t\t<div id=\"elementor-tab-title-8814\" class=\"elementor-tab-title elementor-tab-desktop-title\" aria-selected=\"false\" data-tab=\"4\" role=\"tab\" tabindex=\"-1\" aria-controls=\"elementor-tab-content-8814\" aria-expanded=\"false\">Ba\u015fvuru Belgeleri<\/div>\n\t\t\t\t\t\t\t\t\t<div id=\"elementor-tab-title-8815\" class=\"elementor-tab-title elementor-tab-desktop-title\" aria-selected=\"false\" data-tab=\"5\" role=\"tab\" tabindex=\"-1\" aria-controls=\"elementor-tab-content-8815\" aria-expanded=\"false\">Muafiyet ve \u0130ntibak<\/div>\n\t\t\t\t\t\t\t\t\t<div id=\"elementor-tab-title-8816\" class=\"elementor-tab-title elementor-tab-desktop-title\" aria-selected=\"false\" data-tab=\"6\" role=\"tab\" tabindex=\"-1\" aria-controls=\"elementor-tab-content-8816\" aria-expanded=\"false\">Yatay Ge\u00e7i\u015f<\/div>\n\t\t\t\t\t\t\t<\/div>\n\t\t\t<div class=\"elementor-tabs-content-wrapper\" role=\"tablist\" aria-orientation=\"vertical\">\n\t\t\t\t\t\t\t\t\t<div class=\"elementor-tab-title elementor-tab-mobile-title\" aria-selected=\"true\" data-tab=\"1\" role=\"tab\" tabindex=\"0\" aria-controls=\"elementor-tab-content-8811\" aria-expanded=\"false\">Genel Bilgiler<\/div>\n\t\t\t\t\t<div id=\"elementor-tab-content-8811\" class=\"elementor-tab-content elementor-clearfix\" data-tab=\"1\" role=\"tabpanel\" aria-labelledby=\"elementor-tab-title-8811\" tabindex=\"0\" hidden=\"false\"><p>2547 say\u0131l\u0131 Y\u00fcksek\u00f6\u011fretim Kanunu&#8217;na ge\u00e7ici maddeler ekleyen ve\u00a0<a href=\"https:\/\/www.resmigazete.gov.tr\/eskiler\/2022\/07\/20220705-1.pdf\">05.07.2022 tarih ve 31887 say\u0131l\u0131 Resm\u00ee Gazete<\/a>\u2019de yay\u0131mlanarak y\u00fcr\u00fcrl\u00fc\u011fe giren 7417 Say\u0131l\u0131 Kanunun 35&#8217;inci maddesi ile d\u00fczenlenen ge\u00e7ici 83&#8217;\u00fcnc\u00fc maddesi a\u015fa\u011f\u0131ya \u00e7\u0131kart\u0131lm\u0131\u015ft\u0131r.<\/p><p>Bu kapsamda olmak \u00fczere, maddenin y\u00fcr\u00fcrl\u00fck tarihi olan <strong>05 Temmuz 2022<\/strong> tarihinden \u00f6nce s\u00f6z konusu madde kapsam\u0131nda \u00dcniversitemizden ili\u015fi\u011fi kesilenler, <strong>d\u00f6rt ay i\u00e7erisinde<\/strong> (<strong>07 Kas\u0131m 2022 tarihine kadar<\/strong>) ili\u015fiklerinin kesildi\u011fi Dekanl\u0131\u011fa\/M\u00fcd\u00fcrl\u00fc\u011fe m\u00fcracaat etmeleri h\u00e2linde 2547 say\u0131l\u0131 Y\u00fcksek\u00f6\u011fretim Kanunu&#8217;nun Ge\u00e7ici 83&#8217;\u00fcnc\u00fc maddesi&#8217;nde yer alan esaslar ile Y\u00fcksek\u00f6\u011fretim Kurulu Ba\u015fkanl\u0131\u011f\u0131 taraf\u0131ndan \u00e7\u0131kart\u0131lacak uygulama esaslar\u0131na ba\u011fl\u0131 olarak \u00f6\u011frenimlerine ba\u015flayabileceklerdir.<\/p><p>\u00d6ng\u00f6r\u00fclen ba\u015fvuru s\u00fcresi i\u00e7inde m\u00fccbir sebeplerle ba\u015fvuramayanlar\u0131n, m\u00fccbir sebebin ortadan kalkt\u0131\u011f\u0131 tarihten itibaren bir ay i\u00e7inde, sa\u011fl\u0131k nedenleri ile ba\u015fvuramayanlar\u0131n ise buna ili\u015fkin heyet raporunu 05\/12\/2022 tarihi mesai bitimine kadar ibraz etmeleri halinde bu kanundan yararlanabileceklerdir. (Y\u00d6K Uygulama \u0130lkeleri 4&#8217;\u00fcnc\u00fc madde)<\/p><p>\u201c<strong>GE\u00c7\u0130C\u0130 MADDE 83<\/strong>&#8211; Y\u00fcksek\u00f6\u011fretim kurumlar\u0131nda haz\u0131rl\u0131k d\u00e2hil b\u00fct\u00fcn s\u0131n\u0131flarda intibak, \u00f6nlisans, lisans tamamlama, lisans, lisans\u00fcst\u00fc \u00f6\u011frenimi g\u00f6ren \u00f6\u011frencilerden bu maddenin y\u00fcr\u00fcrl\u00fc\u011fe girdi\u011fi tarihe kadar, <strong><u>kendi iste\u011fiyle ili\u015fikleri kesilenler d\u00e2hil, <\/u><\/strong><\/p><ul><li>ter\u00f6r su\u00e7u ile kasten \u00f6ld\u00fcrme su\u00e7lar\u0131ndan (madde 81, 82 ve 83),<\/li><li>i\u015fkence su\u00e7undan (madde 94 ve 95),<\/li><li>eziyet su\u00e7undan (madde 96),<\/li><li>cinsel sald\u0131r\u0131 (madde 102),<\/li><li>\u00e7ocuklar\u0131n cinsel istismar\u0131 (madde 103),<\/li><li>uyu\u015fturucu veya uyar\u0131c\u0131 madde imal ve ticareti su\u00e7undan (madde 188)<\/li><\/ul><p>mahkum olanlar ile<\/p><ul><li>sahte belge sebebiyle kayd\u0131 iptal edilenler ile kay\u0131t s\u0131ras\u0131nda sahte belge verenler ile<\/li><li>5\/12\/1951 tarihli ve 5846 say\u0131l\u0131 Fikir ve Sanat Eserleri Kanununun 71 inci maddesinde yaz\u0131l\u0131 su\u00e7lar ile<\/li><li>ter\u00f6r \u00f6rg\u00fctlerine veya Milli G\u00fcvenlik Kurulunca Devletin milli g\u00fcvenli\u011fine kar\u015f\u0131 faaliyette bulundu\u011funa karar verilen yap\u0131, olu\u015fum veya gruplara \u00fcyeli\u011fi, mensubiyeti veya iltisak\u0131 yahut bunlarla irtibat\u0131 nedeniyle,<\/li><\/ul><p><strong><u>ili\u015fi\u011fi kesilenler hari\u00e7, <\/u><\/strong><\/p><p><strong><u>her ne sebeple olursa olsun ili\u015fi\u011fi kesilenler<\/u><\/strong> ile<\/p><p><strong>bir program\u0131 kazanarak kay\u0131t yapma hakk\u0131 elde ettikleri halde kay\u0131t yapt\u0131rmayanlar <\/strong><\/p><p><strong>bu maddenin y\u00fcr\u00fcrl\u00fc\u011fe girdi\u011fi tarihten itibaren d\u00f6rt ay i\u00e7inde<\/strong> ili\u015fiklerinin kesildi\u011fi veya kay\u0131t hakk\u0131 kazand\u0131klar\u0131 y\u00fcksek\u00f6\u011fretim kurumuna ba\u015fvuruda bulunmalar\u0131 \u015fart\u0131yla bu Kanunun 44 \u00fcnc\u00fc maddesinde belirtilen esaslara g\u00f6re 2022-2023 e\u011fitim-\u00f6\u011fretim y\u0131l\u0131nda \u00f6\u011frenimlerine ba\u015flayabilirler.<\/p><p>Birinci f\u0131kra kapsam\u0131nda yeniden \u00f6\u011frenime ba\u015flayanlar\u0131n askerlik ertelemeleri 25\/6\/2019 tarihli ve 7179 say\u0131l\u0131 Askeralma Kanununun 20 nci maddesindeki usul ve esaslara g\u00f6re yap\u0131l\u0131r. Bu maddenin y\u00fcr\u00fcrl\u00fc\u011fe girdi\u011fi tarihte askerlik g\u00f6revini yapmakta olanlar terhislerini takip eden 2 ay i\u00e7inde ilgili y\u00fcksek\u00f6\u011fretim kurumuna ba\u015fvurmalar\u0131 halinde bu maddede belirtilen haklardan yararland\u0131r\u0131l\u0131r.<\/p><p>Bu maddede yer alan h\u00fck\u00fcmlerden yararlanarak ayr\u0131ld\u0131\u011f\u0131 y\u00fcksek\u00f6\u011fretim kurumuna kay\u0131t yapt\u0131ranlardan \u00d6SYS\/YKS puan\u0131 giri\u015f y\u0131l\u0131 itibar\u0131yla ayn\u0131 veya farkl\u0131 bir diploma program\u0131n\u0131n ayn\u0131 t\u00fcrden taban puan\u0131na sahip olanlar, bu programlardan birine yatay ge\u00e7i\u015f talebinde bulunabilecektir. Bu kapsamda farkl\u0131 bir diploma program\u0131ndan yatay ge\u00e7i\u015fle kabul edilecek \u00f6\u011frenci say\u0131lar\u0131, ilgili programa kay\u0131tl\u0131 \u00f6\u011frenci say\u0131s\u0131 ve \u00fcniversitenin fiziki ko\u015fullar\u0131 dikkate al\u0131nmak suretiyle belirlenir. Buna ili\u015fkin usul ve esaslar y\u00fcksek\u00f6\u011fretim kurumlar\u0131 senatolar\u0131nca belirlenir.<\/p><p>Bu maddeden yararlan\u0131p bir y\u00fcksek\u00f6\u011fretim kurumunda \u00f6\u011frenci stat\u00fcs\u00fc kazananlar ba\u015fvurmalar\u0131 halinde Anadolu \u00dcniversitesi, Ankara \u00dcniversitesi, Atat\u00fcrk \u00dcniversitesi ve \u0130stanbul \u00dcniversitesi b\u00fcnyesindeki a\u00e7\u0131k \u00f6\u011fretim \u00f6nlisans veya lisans d\u00fczeyindeki e\u015fde\u011fer programlara yatay ge\u00e7i\u015f yapabilirler. Bu maddenin uygulanmas\u0131na ili\u015fkin usul ve esaslar\u0131 belirlemeye Y\u00fcksek\u00f6\u011fretim Kurulu yetkilidir.\u201d<\/p><\/div>\n\t\t\t\t\t\t\t\t\t<div class=\"elementor-tab-title elementor-tab-mobile-title\" aria-selected=\"false\" data-tab=\"2\" role=\"tab\" tabindex=\"-1\" aria-controls=\"elementor-tab-content-8812\" aria-expanded=\"false\">Uygulama Mevzuat\u0131<\/div>\n\t\t\t\t\t<div id=\"elementor-tab-content-8812\" class=\"elementor-tab-content elementor-clearfix\" data-tab=\"2\" role=\"tabpanel\" aria-labelledby=\"elementor-tab-title-8812\" tabindex=\"0\" hidden=\"hidden\"><p>Y\u00fcksek\u00f6\u011fretim Genel Kurulu&#8217;nun 18.07.2022 tarihli toplant\u0131s\u0131nda kabul edilen &#8220;7417 say\u0131l\u0131 Kanun ile 2547 say\u0131l\u0131 Kanuna eklenen Ge\u00e7ici Madde 83 Uygulama Esaslar\u0131&#8221; i\u00e7in l\u00fctfen <a href=\"https:\/\/www.yok.gov.tr\/Documents\/Ogrenci\/7417-sayili-kanun-uygulama-ilkeleri.pdf\">t\u0131klay\u0131n\u0131z<\/a>.<\/p><p>Atat\u00fcrk \u00dcniversitesi 7417 Say\u0131l\u0131 Af Kanunu Kapsam\u0131nda Yap\u0131lacak Olan Kay\u0131t, Yatay Ge\u00e7i\u015f ve Di\u011fer \u0130\u015flemlere Y\u00f6nelik Uygulama \u0130lkeleri (19.08.2022) i\u00e7in l\u00fctfen <a href=\"https:\/\/birimler.atauni.edu.tr\/ogrenci-isleri-daire-baskanligi\/wp-content\/uploads\/sites\/18\/2020\/07\/7417-Sayili-Af-Kanunu-Uygulama-Esaslari_19082022.pdf\">t\u0131klay\u0131n\u0131z.<\/a><\/p><p>7417 Say\u0131l\u0131 Kanun (Askerlik \u0130\u015flemleri) konulu yaz\u0131 i\u00e7in l\u00fctfen <a href=\"https:\/\/birimler.atauni.edu.tr\/ogrenci-isleri-daire-baskanligi\/wp-content\/uploads\/sites\/18\/2020\/07\/7417-Sayili-Ogrenci-Affi_Askerlik-Durumu.pdf\">t\u0131klay\u0131n\u0131z.<\/a><\/p><p>7417 Say\u0131l\u0131 Kanun (Kay\u0131t Ek Madde 1 Kapsam\u0131nda Yatay Ge\u00e7i\u015f) konulu yaz\u0131 i\u00e7in l\u00fctfen <a href=\"https:\/\/birimler.atauni.edu.tr\/ogrenci-isleri-daire-baskanligi\/wp-content\/uploads\/sites\/18\/2020\/07\/7417-Sayili-Kanun-_Kayit_Ek-Madde1-Kapsaminda-Yatay-Gecis.pdf\">t\u0131klay\u0131n\u0131z.<\/a><\/p><p>7417 Say\u0131l\u0131 Kanun (Yurtd\u0131\u015f\u0131ndaki Y\u00fcksek\u00f6\u011fretim Kurumlar\u0131) konulu yaz\u0131 i\u00e7in l\u00fctfen <a href=\"https:\/\/birimler.atauni.edu.tr\/ogrenci-isleri-daire-baskanligi\/wp-content\/uploads\/sites\/18\/2020\/07\/7417-Sayili-Kanun.pdf\">t\u0131klay\u0131n\u0131z.<\/a><\/p><p>7417 Say\u0131l\u0131 Kanun (\u0130lave Yatay Ge\u00e7i\u015f Takvimi) konulu yaz\u0131 i\u00e7in l\u00fctfen <a href=\"https:\/\/birimler.atauni.edu.tr\/ogrenci-isleri-daire-baskanligi\/wp-content\/uploads\/sites\/18\/2020\/07\/7417-Sayili-Kanunun-Uygulama-Ilkeleri-Ilave-Yatay-Gecis-Takvimi.pdf\">t\u0131klay\u0131n\u0131z.<\/a><\/p><p>7417 Say\u0131l\u0131 Kanun (Azami S\u00fcre ve COV\u0130D) konulu yaz\u0131 i\u00e7in l\u00fctfen <a href=\"https:\/\/birimler.atauni.edu.tr\/ogrenci-isleri-daire-baskanligi\/wp-content\/uploads\/sites\/18\/2020\/07\/Azami-Sure-ve-COVID.pdf\">t\u0131klay\u0131n\u0131z<\/a>.<\/p><p>7417 Say\u0131l\u0131 Kanun (2547 Say\u0131l\u0131 Kanun Ge\u00e7ici Madde 83 Usul ve Esaslar\u0131) Tutuklu ve H\u00fck\u00fcml\u00fcler konulu yaz\u0131 i\u00e7in l\u00fctfen <a href=\"https:\/\/birimler.atauni.edu.tr\/ogrenci-isleri-daire-baskanligi\/wp-content\/uploads\/sites\/18\/2020\/07\/7417-Sayili-Kanun-2547-Sayili-Kanun-Gecici-Madde-83-Usul-ve-Esaslari-Tutuklu-ve-Hukumluler.pdf\">t\u0131klay\u0131n\u0131z.<\/a><\/p><p>7417 Say\u0131l\u0131 Kanun (A\u00e7\u0131k\u00f6\u011fretim Programlar\u0131na Yatay Ge\u00e7i\u015f) konulu yaz\u0131 i\u00e7in l\u00fctfen <a href=\"https:\/\/birimler.atauni.edu.tr\/ogrenci-isleri-daire-baskanligi\/wp-content\/uploads\/sites\/18\/2020\/07\/7417-Sayili-Kanun-Uygulama-Ilkeleri.pdf\">t\u0131klay\u0131n\u0131z.<\/a><\/p><p>7417 Say\u0131l\u0131 Kanun (7417 Say\u0131l\u0131 Kanun_Y\u00d6KS\u0130S Kay\u0131t ve \u00dccret) konulu yaz\u0131 i\u00e7in l\u00fctfen <a href=\"https:\/\/birimler.atauni.edu.tr\/ogrenci-isleri-daire-baskanligi\/wp-content\/uploads\/sites\/18\/2020\/07\/7417-Sayili-Kanun_YOKSIS-Kayit-ve-Ucret.pdf\">t\u0131klay\u0131n\u0131z<\/a>.<\/p><\/div>\n\t\t\t\t\t\t\t\t\t<div class=\"elementor-tab-title elementor-tab-mobile-title\" aria-selected=\"false\" data-tab=\"3\" role=\"tab\" tabindex=\"-1\" aria-controls=\"elementor-tab-content-8813\" aria-expanded=\"false\">Ba\u015fvuru<\/div>\n\t\t\t\t\t<div id=\"elementor-tab-content-8813\" class=\"elementor-tab-content elementor-clearfix\" data-tab=\"3\" role=\"tabpanel\" aria-labelledby=\"elementor-tab-title-8813\" tabindex=\"0\" hidden=\"hidden\"><p>Kanundan yararlanarak e\u011fitimlerine devam isteyenlerin, ba\u015fvuru tarihleri i\u00e7erisinde\u00a0<a href=\"https:\/\/obs.atauni.edu.tr\/\">\u00a0\u00d6\u011frenci Bilgi Sistemi<\/a>&#8216;nde \u00f6n kay\u0131tlar\u0131n\u0131 yapt\u0131rmalar\u0131 gerekmektedir.<\/p><table border=\"1\" width=\"100%\" cellspacing=\"0\" cellpadding=\"0\"><tbody><tr><td colspan=\"2\"><p align=\"center\">\u00dcniversitemiz \u00d6\u011frenci Bilgi Sistemi&#8217;nde\u00a0kayd\u0131n\u0131z bulunmuyorsa<\/p><\/td><td rowspan=\"2\"><p align=\"center\"><a href=\"http:\/\/atauni.edu.tr\/yuklemeler\/235638140bbc8c26f09acbff5c5ea57a.pdf\">Af Kanunu Ba\u015fvuru<br \/>Form Olu\u015fturma Yard\u0131m K\u0131lavuzu<\/a><\/p><\/td><\/tr><tr><td><p align=\"center\">HEMEN KAYDOLMAK<br \/>\u0130\u00c7\u0130N\u00a0<a href=\"https:\/\/obs.atauni.edu.tr\/Kullanici\/KullaniciOlusturma.aspx\">TIKLAYINIZ<\/a><\/p><\/td><td><p align=\"center\"><a href=\"http:\/\/atauni.edu.tr\/yuklemeler\/77dafe08f5ab3b6146d1c2afa0e518c9.pdf\">OBS KAYIT YARDIM<br \/>KILAVUZU<\/a><\/p><\/td><\/tr><!-- [if !supportMisalignedColumns]--><tr><td width=\"228\">\u00a0<\/td><td width=\"183\">\u00a0<\/td><td width=\"297\">\u00a0<\/td><\/tr><!--[endif]--><\/tbody><\/table><\/div>\n\t\t\t\t\t\t\t\t\t<div class=\"elementor-tab-title elementor-tab-mobile-title\" aria-selected=\"false\" data-tab=\"4\" role=\"tab\" tabindex=\"-1\" aria-controls=\"elementor-tab-content-8814\" aria-expanded=\"false\">Ba\u015fvuru Belgeleri<\/div>\n\t\t\t\t\t<div id=\"elementor-tab-content-8814\" class=\"elementor-tab-content elementor-clearfix\" data-tab=\"4\" role=\"tabpanel\" aria-labelledby=\"elementor-tab-title-8814\" tabindex=\"0\" hidden=\"hidden\"><p>1) \u00a0\u00d6n Kay\u0131t Ba\u015fvuru Formu (\u00d6\u011frenci Bilgi Sisteminde yap\u0131lacak \u00f6n kay\u0131t sonras\u0131nda al\u0131nacakt\u0131r.)<\/p><p>2) Adli Sicil Belgesi\u00a0<\/p><p>3) Lise \/ \u00d6nlisans Diplomas\u0131 (Kurum onayl\u0131 fotokopisi), (\u00dcniversiteye kay\u0131t hakk\u0131 kazand\u0131\u011f\u0131 halde kay\u0131t yapt\u0131rmayanlar)<\/p><p>4) \u00d6SS S\u0131nav Sonu\u00e7 Belgesi (\u00dcniversiteye kay\u0131t hakk\u0131 kazand\u0131\u011f\u0131 halde kay\u0131t yapt\u0131rmayanlar)<\/p><\/div>\n\t\t\t\t\t\t\t\t\t<div class=\"elementor-tab-title elementor-tab-mobile-title\" aria-selected=\"false\" data-tab=\"5\" role=\"tab\" tabindex=\"-1\" aria-controls=\"elementor-tab-content-8815\" aria-expanded=\"false\">Muafiyet ve \u0130ntibak<\/div>\n\t\t\t\t\t<div id=\"elementor-tab-content-8815\" class=\"elementor-tab-content elementor-clearfix\" data-tab=\"5\" role=\"tabpanel\" aria-labelledby=\"elementor-tab-title-8815\" tabindex=\"0\" hidden=\"hidden\"><p>Muafiyet ve intibak i\u015flemleri ba\u015fvuru yap\u0131lan birim taraf\u0131ndan yap\u0131lacakt\u0131r.<\/p><\/div>\n\t\t\t\t\t\t\t\t\t<div class=\"elementor-tab-title elementor-tab-mobile-title\" aria-selected=\"false\" data-tab=\"6\" role=\"tab\" tabindex=\"-1\" aria-controls=\"elementor-tab-content-8816\" aria-expanded=\"false\">Yatay Ge\u00e7i\u015f<\/div>\n\t\t\t\t\t<div id=\"elementor-tab-content-8816\" class=\"elementor-tab-content elementor-clearfix\" data-tab=\"6\" role=\"tabpanel\" aria-labelledby=\"elementor-tab-title-8816\" tabindex=\"0\" hidden=\"hidden\"><p style=\"text-align: center\"><strong>\u00a0MERKEZ\u0130 PUAN (EK-MADDE 1)<\/strong><strong>\u00a0YATAY GE\u00c7\u0130\u015e TAKV\u0130M\u0130<\/strong><\/p><p style=\"text-align: center\">(<strong>7417 Say\u0131l\u0131 Af Kanunu Kapsam\u0131nda)<\/strong><\/p><table width=\"100\"><tbody><tr><td rowspan=\"2\" width=\"65\">\u00a0<\/td><td style=\"text-align: center\" colspan=\"2\" width=\"70\"><strong>BA\u015eVURU<\/strong><\/td><td style=\"text-align: center\" colspan=\"3\" width=\"150\"><strong>DE\u011eERLEND\u0130RME<\/strong><\/td><td style=\"text-align: center\" colspan=\"2\" width=\"75\"><strong>KES\u0130N KAYIT<\/strong><\/td><td style=\"text-align: center\" colspan=\"2\" width=\"75\"><strong>YEDEK KAYIT<\/strong><\/td><\/tr><tr><td style=\"text-align: center\" width=\"35\"><strong>Ba\u015flama<\/strong><\/td><td style=\"text-align: center\" width=\"35\"><strong>Biti\u015f\u00a0<\/strong><\/td><td style=\"text-align: center\"><strong>Ba\u015flama<\/strong><\/td><td style=\"text-align: center\"><strong>Biti\u015f\u00a0<\/strong><\/td><td style=\"text-align: center\" width=\"50\"><strong>Sonu\u00e7<\/strong><br \/><strong>\u00a0\u0130lan\u0131<\/strong><\/td><td style=\"text-align: center\" width=\"74\"><strong>Ba\u015flama<\/strong><\/td><td style=\"text-align: center\"><strong>Biti\u015f\u00a0<\/strong><\/td><td style=\"text-align: center\"><strong>Ba\u015flama<\/strong><\/td><td style=\"text-align: center\"><strong>Biti\u015f\u00a0<\/strong><\/td><\/tr><tr><td style=\"text-align: center\" width=\"200\">\u00a0T\u00fcm Programlar<\/td><td style=\"text-align: center\" width=\"74\">09.01.2023<\/td><td style=\"text-align: center\" width=\"74\">20.01.2023<\/td><td style=\"text-align: center\">21.01.2023<\/td><td style=\"text-align: center\">29.01.2023<\/td><td style=\"text-align: center\" width=\"107\">30.01.2023<\/td><td style=\"text-align: center\" width=\"74\">01.02.2023<\/td><td style=\"text-align: center\">03.02.2023<\/td><td style=\"text-align: center\">06.02.2023<\/td><td style=\"text-align: center\">06.02.2023<\/td><\/tr><\/tbody><\/table><p>7417 SAYILI KANUN \u0130LE 2547 SAYILI KANUNA EKLENEN GE\u00c7\u0130\u00c7\u0130 MADDE 83 UYGULAMA \u0130LKELER\u0130<br \/>(18.07.2022 Y\u00fcksek\u00f6\u011fretim Genel Kurul Karar\u0131 ve 21.09.2022 Y\u00fcksek\u00f6\u011fretim Y\u00fcr\u00fctme Kurulu Karar\u0131)<\/p><p>18) 2547 say\u0131l\u0131 Y\u00fcksek\u00f6\u011fretim Kanunun Ge\u00e7ici 83\u2019\u00fcnc\u00fc maddesinden yararlanarak ayr\u0131ld\u0131\u011f\u0131 y\u00fcksek\u00f6\u011fretim kurumuna kay\u0131t yapt\u0131ranlardan \u00d6SYS\/YKS puan\u0131, giri\u015f y\u0131l\u0131 itibar\u0131yla ayn\u0131 veya farkl\u0131 bir diploma program\u0131n\u0131n ayn\u0131 t\u00fcrden taban puan\u0131na sahip olanlar, bu programlardan birine yatay ge\u00e7i\u015f talebinde bulunabilecektir\u201d h\u00fckm\u00fcn\u00fcn uygulanmas\u0131nda;<\/p><p>d) Y\u00fcksek\u00f6\u011fretim kurumlar\u0131nda yer alan \u00f6rg\u00fcn programlara s\u00f6z konusu yatay ge\u00e7i\u015f i\u015fleminin yaln\u0131zca 2022-2023 e\u011fitim ve \u00f6\u011fretim d\u00f6neminde yap\u0131lmas\u0131na, bu tarihten sonra Y\u00fcksek\u00f6\u011fretim Kurumlar\u0131nda \u00d6n Lisans ve Lisans D\u00fczeyindeki Programlar Aras\u0131nda Ge\u00e7i\u015f, \u00c7ift Anadal, Yan Dal ile Kurumlar Aras\u0131 Kredi Transferi Yap\u0131lmas\u0131 Esaslar\u0131na \u0130li\u015fkin Y\u00f6netmelik h\u00fck\u00fcmlerine g\u00f6re i\u015flem yap\u0131lmas\u0131na,<\/p><\/div>\n\t\t\t\t\t\t\t<\/div>\n\t\t<\/div>\n\t\t\t\t\t\t<\/div>\n\t\t\t\t<\/div>\n\t\t\t\t\t<\/div>\n\t\t<\/div>\n\t\t\t\t\t<\/div>\n\t\t<\/section>\n\t\t\t\t<\/div>\n\t\t","protected":false},"excerpt":{"rendered":"<p>Af Kanunu Bilgilendirme Rehberi Genel Bilgiler Uygulama Mevzuat\u0131 Ba\u015fvuru Ba\u015fvuru Belgeleri Muafiyet ve \u0130ntibak Yatay Ge\u00e7i\u015f Genel Bilgiler 2547 say\u0131l\u0131 Y\u00fcksek\u00f6\u011fretim Kanunu&#8217;na ge\u00e7ici maddeler ekleyen ve\u00a005.07.2022 tarih ve 31887 say\u0131l\u0131 Resm\u00ee Gazete\u2019de yay\u0131mlanarak y\u00fcr\u00fcrl\u00fc\u011fe giren 7417 Say\u0131l\u0131 Kanunun 35&#8217;inci maddesi ile d\u00fczenlenen ge\u00e7ici 83&#8217;\u00fcnc\u00fc maddesi a\u015fa\u011f\u0131ya \u00e7\u0131kart\u0131lm\u0131\u015ft\u0131r. Bu kapsamda olmak \u00fczere, maddenin y\u00fcr\u00fcrl\u00fck tarihi olan [&hellip;]<\/p>\n","protected":false},"author":5,"featured_media":0,"parent":0,"menu_order":0,"comment_status":"closed","ping_status":"closed","template":"","meta":{"footnotes":""},"class_list":["post-7100","page","type-page","status-publish","hentry"],"_links":{"self":[{"href":"https:\/\/atauni.edu.tr\/ogrenci-isleri-daire-baskanligi\/wp-json\/wp\/v2\/pages\/7100","targetHints":{"allow":["GET"]}}],"collection":[{"href":"https:\/\/atauni.edu.tr\/ogrenci-isleri-daire-baskanligi\/wp-json\/wp\/v2\/pages"}],"about":[{"href":"https:\/\/atauni.edu.tr\/ogrenci-isleri-daire-baskanligi\/wp-json\/wp\/v2\/types\/page"}],"author":[{"embeddable":true,"href":"https:\/\/atauni.edu.tr\/ogrenci-isleri-daire-baskanligi\/wp-json\/wp\/v2\/users\/5"}],"replies":[{"embeddable":true,"href":"https:\/\/atauni.edu.tr\/ogrenci-isleri-daire-baskanligi\/wp-json\/wp\/v2\/comments?post=7100"}],"version-history":[{"count":121,"href":"https:\/\/atauni.edu.tr\/ogrenci-isleri-daire-baskanligi\/wp-json\/wp\/v2\/pages\/7100\/revisions"}],"predecessor-version":[{"id":13677,"href":"https:\/\/atauni.edu.tr\/ogrenci-isleri-daire-baskanligi\/wp-json\/wp\/v2\/pages\/7100\/revisions\/13677"}],"wp:attachment":[{"href":"https:\/\/atauni.edu.tr\/ogrenci-isleri-daire-baskanligi\/wp-json\/wp\/v2\/media?parent=7100"}],"curies":[{"name":"wp","href":"https:\/\/api.w.org\/{rel}","templated":true}]}}