{"id":7119,"date":"2021-12-07T10:33:44","date_gmt":"2021-12-07T07:33:44","guid":{"rendered":"https:\/\/birimler.atauni.edu.tr\/ogrenci-isleri-daire-baskanligi\/?page_id=7119"},"modified":"2025-09-11T15:48:08","modified_gmt":"2025-09-11T12:48:08","slug":"ozel-yetenek-sinavi","status":"publish","type":"page","link":"https:\/\/atauni.edu.tr\/ogrenci-isleri-daire-baskanligi\/ozel-yetenek-sinavi\/","title":{"rendered":"\u00d6zel Yetenek S\u0131nav\u0131"},"content":{"rendered":"\t\t<div data-elementor-type=\"wp-page\" data-elementor-id=\"7119\" class=\"elementor elementor-7119\" data-elementor-post-type=\"page\">\n\t\t\t\t\t\t<section class=\"elementor-section elementor-top-section elementor-element elementor-element-e7be2ff elementor-section-boxed elementor-section-height-default elementor-section-height-default\" data-id=\"e7be2ff\" data-element_type=\"section\">\n\t\t\t\t\t\t<div class=\"elementor-container elementor-column-gap-default\">\n\t\t\t\t\t<div class=\"elementor-column elementor-col-100 elementor-top-column elementor-element elementor-element-85633fc\" data-id=\"85633fc\" data-element_type=\"column\">\n\t\t\t<div class=\"elementor-widget-wrap elementor-element-populated\">\n\t\t\t\t\t\t<div class=\"elementor-element elementor-element-ba5557b elementor-widget elementor-widget-heading\" data-id=\"ba5557b\" data-element_type=\"widget\" data-widget_type=\"heading.default\">\n\t\t\t\t<div class=\"elementor-widget-container\">\n\t\t\t\t\t<h2 class=\"elementor-heading-title elementor-size-default\">\u00d6zel Yetenek S\u0131navlar\u0131 Bilgilendirme Rehberi<\/h2>\t\t\t\t<\/div>\n\t\t\t\t<\/div>\n\t\t\t\t<div class=\"elementor-element elementor-element-7ddca1b elementor-widget-divider--view-line elementor-widget elementor-widget-divider\" data-id=\"7ddca1b\" data-element_type=\"widget\" data-widget_type=\"divider.default\">\n\t\t\t\t<div class=\"elementor-widget-container\">\n\t\t\t\t\t\t\t<div class=\"elementor-divider\">\n\t\t\t<span class=\"elementor-divider-separator\">\n\t\t\t\t\t\t<\/span>\n\t\t<\/div>\n\t\t\t\t\t\t<\/div>\n\t\t\t\t<\/div>\n\t\t\t\t\t<\/div>\n\t\t<\/div>\n\t\t\t\t\t<\/div>\n\t\t<\/section>\n\t\t\t\t<section class=\"elementor-section elementor-top-section elementor-element elementor-element-72c40e4 elementor-section-boxed elementor-section-height-default elementor-section-height-default\" data-id=\"72c40e4\" data-element_type=\"section\">\n\t\t\t\t\t\t<div class=\"elementor-container elementor-column-gap-default\">\n\t\t\t\t\t<div class=\"elementor-column elementor-col-100 elementor-top-column elementor-element elementor-element-2efedc4\" data-id=\"2efedc4\" data-element_type=\"column\">\n\t\t\t<div class=\"elementor-widget-wrap elementor-element-populated\">\n\t\t\t\t\t\t<div class=\"elementor-element elementor-element-6e90206 elementor-tabs-view-horizontal elementor-widget elementor-widget-tabs\" data-id=\"6e90206\" data-element_type=\"widget\" data-widget_type=\"tabs.default\">\n\t\t\t\t<div class=\"elementor-widget-container\">\n\t\t\t\t\t\t\t<div class=\"elementor-tabs\">\n\t\t\t<div class=\"elementor-tabs-wrapper\" role=\"tablist\" >\n\t\t\t\t\t\t\t\t\t<div id=\"elementor-tab-title-1151\" class=\"elementor-tab-title elementor-tab-desktop-title\" aria-selected=\"true\" data-tab=\"1\" role=\"tab\" tabindex=\"0\" aria-controls=\"elementor-tab-content-1151\" aria-expanded=\"false\">S\u0131nav Sonu\u00e7lar\u0131<\/div>\n\t\t\t\t\t\t\t\t\t<div id=\"elementor-tab-title-1152\" class=\"elementor-tab-title elementor-tab-desktop-title\" aria-selected=\"false\" data-tab=\"2\" role=\"tab\" tabindex=\"-1\" aria-controls=\"elementor-tab-content-1152\" aria-expanded=\"false\">Bilgilendirme<\/div>\n\t\t\t\t\t\t\t\t\t<div id=\"elementor-tab-title-1153\" class=\"elementor-tab-title elementor-tab-desktop-title\" aria-selected=\"false\" data-tab=\"3\" role=\"tab\" tabindex=\"-1\" aria-controls=\"elementor-tab-content-1153\" aria-expanded=\"false\">S\u0131nav K\u0131lavuzu<\/div>\n\t\t\t\t\t\t\t\t\t<div id=\"elementor-tab-title-1154\" class=\"elementor-tab-title elementor-tab-desktop-title\" aria-selected=\"false\" data-tab=\"4\" role=\"tab\" tabindex=\"-1\" aria-controls=\"elementor-tab-content-1154\" aria-expanded=\"false\">Kay\u0131t Takvimi<\/div>\n\t\t\t\t\t\t\t\t\t<div id=\"elementor-tab-title-1155\" class=\"elementor-tab-title elementor-tab-desktop-title\" aria-selected=\"false\" data-tab=\"5\" role=\"tab\" tabindex=\"-1\" aria-controls=\"elementor-tab-content-1155\" aria-expanded=\"false\">Bo\u015f Kontenjanlar<\/div>\n\t\t\t\t\t\t\t\t\t<div id=\"elementor-tab-title-1156\" class=\"elementor-tab-title elementor-tab-desktop-title\" aria-selected=\"false\" data-tab=\"6\" role=\"tab\" tabindex=\"-1\" aria-controls=\"elementor-tab-content-1156\" aria-expanded=\"false\">\u00d6ZYES<\/div>\n\t\t\t\t\t\t\t<\/div>\n\t\t\t<div class=\"elementor-tabs-content-wrapper\" role=\"tablist\" aria-orientation=\"vertical\">\n\t\t\t\t\t\t\t\t\t<div class=\"elementor-tab-title elementor-tab-mobile-title\" aria-selected=\"true\" data-tab=\"1\" role=\"tab\" tabindex=\"0\" aria-controls=\"elementor-tab-content-1151\" aria-expanded=\"false\">S\u0131nav Sonu\u00e7lar\u0131<\/div>\n\t\t\t\t\t<div id=\"elementor-tab-content-1151\" class=\"elementor-tab-content elementor-clearfix\" data-tab=\"1\" role=\"tabpanel\" aria-labelledby=\"elementor-tab-title-1151\" tabindex=\"0\" hidden=\"false\"><p style=\"text-align: center\"><strong>\u00d6zel Yetenek Yerle\u015ftirme S\u0131nav Sonu\u00e7lar\u0131<\/strong><\/p><table style=\"height: 200px\" width=\"890\"><tbody><tr><td width=\"210\"><strong>Birim Ad\u0131<\/strong><\/td><td width=\"257\"><strong>Program Ad\u0131<\/strong><\/td><td style=\"text-align: center\" width=\"93\"><strong>\u0130lk Yerle\u015ftirme<\/strong><\/td><td style=\"text-align: center\" width=\"94\"><strong>Ek Yerle\u015ftirme<\/strong><\/td><\/tr><tr><td width=\"210\">G\u00fczel Sanatlar Fak\u00fcltesi<\/td><td width=\"257\">T\u00fcm Programlar<\/td><td style=\"text-align: center\" width=\"93\"><a href=\"https:\/\/birimler.atauni.edu.tr\/ogrenci-isleri-daire-baskanligi\/wp-content\/uploads\/sites\/18\/2025\/09\/GSF_Liste.pdf\"><span style=\"color: #800080\">Sonu\u00e7lar<\/span><\/a><\/td><td style=\"text-align: center\" width=\"94\"><span style=\"color: #800080\"><a style=\"color: #800080\" href=\"https:\/\/birimler.atauni.edu.tr\/ogrenci-isleri-daire-baskanligi\/wp-content\/uploads\/sites\/18\/2025\/09\/GSF_Yedek.pdf\">Sonu\u00e7lar<\/a><\/span><\/td><\/tr><tr><td rowspan=\"2\" width=\"210\">Kaz\u0131m Karabekir E\u011fitim Fak\u00fcltesi<\/td><td width=\"257\">M\u00fczik \u00d6\u011fretmenli\u011fi<\/td><td style=\"text-align: center\" width=\"93\"><span style=\"color: #800080\"><a style=\"color: #800080\" href=\"https:\/\/birimler.atauni.edu.tr\/ogrenci-isleri-daire-baskanligi\/wp-content\/uploads\/sites\/18\/2025\/09\/MuzikOgretmenligiSonuclari.pdf\">Sonu\u00e7lar<\/a><\/span><\/td><td style=\"text-align: center\" width=\"94\"><span style=\"color: #800080\"><a style=\"color: #800080\" href=\"https:\/\/birimler.atauni.edu.tr\/ogrenci-isleri-daire-baskanligi\/wp-content\/uploads\/sites\/18\/2025\/09\/KKEF_Yedek.pdf\">Sonu\u00e7lar<\/a><\/span><\/td><\/tr><tr><td width=\"257\">Resim \u0130\u015f \u00d6\u011fretmenli\u011fi<\/td><td style=\"text-align: center\" width=\"93\"><span style=\"color: #800080\"><a style=\"color: #800080\" href=\"https:\/\/birimler.atauni.edu.tr\/ogrenci-isleri-daire-baskanligi\/wp-content\/uploads\/sites\/18\/2025\/09\/ResimIsOgretmenligiSonuclari.pdf\">Sonu\u00e7lar<\/a><\/span><\/td><td style=\"text-align: center\" width=\"94\">Yedek aday yok<\/td><\/tr><tr><td rowspan=\"2\" width=\"210\">T\u00fcrk Musikisi Devlet Konservatuvar\u0131<\/td><td width=\"257\">T\u00fcrk Halk M\u00fczi\u011fi Program\u0131<\/td><td style=\"text-align: center\" width=\"93\"><span style=\"color: #800080\"><a style=\"color: #800080\" href=\"https:\/\/birimler.atauni.edu.tr\/ogrenci-isleri-daire-baskanligi\/wp-content\/uploads\/sites\/18\/2025\/09\/TurkHalkMuzigiSonuclari-1.pdf\">Sonu\u00e7lar<\/a><\/span><\/td><td style=\"text-align: center\" width=\"94\"><span style=\"color: #800080\"><a style=\"color: #800080\" href=\"https:\/\/birimler.atauni.edu.tr\/ogrenci-isleri-daire-baskanligi\/wp-content\/uploads\/sites\/18\/2025\/09\/TMDK_Yedek.pdf\">Sonu\u00e7lar<\/a><\/span><\/td><\/tr><tr><td width=\"257\">T\u00fcrk Sanat M\u00fczi\u011fi Program\u0131<\/td><td style=\"text-align: center\" width=\"93\"><span style=\"color: #800080\"><a style=\"color: #800080\" href=\"https:\/\/birimler.atauni.edu.tr\/ogrenci-isleri-daire-baskanligi\/wp-content\/uploads\/sites\/18\/2025\/09\/TurkSanatMuzigiSonuclari.pdf\">Sonu\u00e7lar<\/a><\/span><\/td><td style=\"text-align: center\" width=\"94\">Yedek aday yok<\/td><\/tr><\/tbody><\/table><h5 style=\"text-align: left\">\u00a0<\/h5><\/div>\n\t\t\t\t\t\t\t\t\t<div class=\"elementor-tab-title elementor-tab-mobile-title\" aria-selected=\"false\" data-tab=\"2\" role=\"tab\" tabindex=\"-1\" aria-controls=\"elementor-tab-content-1152\" aria-expanded=\"false\">Bilgilendirme<\/div>\n\t\t\t\t\t<div id=\"elementor-tab-content-1152\" class=\"elementor-tab-content elementor-clearfix\" data-tab=\"2\" role=\"tabpanel\" aria-labelledby=\"elementor-tab-title-1152\" tabindex=\"0\" hidden=\"hidden\"><div style=\"text-align: justify\"><p>De\u011ferli \u00f6\u011frenci adaylar\u0131,<\/p><table style=\"height: 180px\" width=\"1326\"><tbody><tr><td width=\"250\"><p style=\"text-align: center\">Spor Bilimleri Fak\u00fcltesi<br \/>(Antren\u00f6rl\u00fck E\u011fitimi, Beden E\u011fitimi ve Spor \u00d6\u011fretmenli\u011fi, Rekreasyon, Spor Y\u00f6neticili\u011fi)<br \/>Programlar\u0131 i\u00e7in \u00d6SYM taraf\u0131ndan <strong>\u00d6zel Yetenek S\u0131nav\u0131 (\u00d6ZYES)<\/strong> yap\u0131lacak olup <strong>\u00d6zel Yetenek S\u0131nav\u0131 (\u00d6ZYES) K\u0131lavuzuna <\/strong>ula\u015fmak i\u00e7in t\u0131klay\u0131n\u0131z.<\/p><\/td><td width=\"302\"><p style=\"text-align: center\">G\u00fczel Sanatlar Fak\u00fcltesi<br \/>Kaz\u0131m Karabekir E\u011fitim Fak\u00fcltesi<br \/>T\u00fcrk M\u00fbsik\u00eesi Devlet Konservatuvar\u0131<br \/>b\u00fcnyesinde\u00a0 y\u00fcr\u00fct\u00fclen lisans programlar\u0131na, ilgili Dekanl\u0131k\/M\u00fcd\u00fcrl\u00fck\u00e7e yap\u0131lacak \u00f6zel yetenek s\u0131nav\u0131 ile \u00f6\u011frenci al\u0131nacakt\u0131r.<\/p><p style=\"text-align: center\">\u00d6zel yetenek s\u0131navlar\u0131 ile ilgili s\u00fcre\u00e7te sizin i\u00e7in haz\u0131rlanan ve bu Bilgi Rehberinde yer alan <strong>ATAT\u00dcRK \u00dcN\u0130VERS\u0130TES\u0130 2025-2026 E\u011e\u0130T\u0130M-\u00d6\u011eRET\u0130M YILI <br \/>\u00d6ZEL YETENEK SINAV KILAVUZU<\/strong>&#8216;nu<br \/>dikkatle okuman\u0131z yarar\u0131n\u0131za olacakt\u0131r.<\/p><\/td><\/tr><\/tbody><\/table><p>\u00dcniversitemizin ilgili birimleri taraf\u0131ndan yap\u0131lacak \u00d6zel Yetenek S\u0131navlar\u0131 ile ilgili olarak;<br \/>1- Ba\u015fvuru i\u015flemlerinizi k\u0131lavuzda yer alan usul ve esaslara ba\u011fl\u0131 olarak ger\u00e7ekle\u015ftiriniz.<br \/>2- \u00d6zel Yetenek S\u0131navlar\u0131 ile ilgili m\u00fcracaat i\u015flemleri (ba\u015fvuru, \u00f6n kay\u0131t, gerekli belgelerin y\u00fcklenmesi, s\u0131nav giri\u015f belgesinin al\u0131nmas\u0131 vb.) online olarak yap\u0131lacakt\u0131r.<br \/>3- \u00d6zel yetenek s\u0131navlar\u0131 ile ilgili bilgiye veya hizmete ihtiya\u00e7 duydu\u011funuzda k\u0131lavuzun ilgili b\u00f6l\u00fcm\u00fcn\u00fc okumadan i\u015fleme ba\u015flamay\u0131n\u0131z.<br \/>4- 4982 say\u0131l\u0131 Bilgi Edinme Hakk\u0131 Kanunu uyar\u0131nca, bu k\u0131lavuzda a\u00e7\u0131klanan kural ve kararlar\u0131 konu alan ba\u015fvurular\u0131n\u0131z de\u011ferlendirmeye al\u0131nmayacakt\u0131r.<br \/>5- \u00d6zel Yetenek S\u0131nav\u0131na ba\u015fvuran adaylar, k\u0131lavuzda ve ilgili mevzuatta yer alan h\u00fck\u00fcmleri kabul etmi\u015f say\u0131l\u0131rlar.<br \/>6- Yanl\u0131\u015f beyanda bulundu\u011fu tespit edilen adaylar\u0131n s\u0131navlar\u0131 ge\u00e7ersiz say\u0131l\u0131r ve yap\u0131lm\u0131\u015f olsa dahi ilgili programdan kay\u0131tlar\u0131 silinir.<br \/>7- Bu sayfada yap\u0131lan duyurular adaylara tebli\u011f niteli\u011fi ta\u015f\u0131yacak olup, adaylara ayr\u0131ca bir duyuru yap\u0131lmayacakt\u0131r.<\/p><p><strong>ENGELL\u0130 \u00d6\u011eRENC\u0130LER \u0130LE \u0130LG\u0130L\u0130 Y\u00dcKSEK\u00d6\u011eRET\u0130M KURULU BA\u015eKANLI\u011eI YAZILARI<\/strong><\/p><p><a href=\"https:\/\/atauni.edu.tr\/yuklemeler\/9e50e23dd9f74a4905f43e5c706a1f09.pdf\">Engelli-Kontenjan\u0131na-Ba\u015fvuru-\u015eart\u0131.pdf<\/a><\/p><p><a href=\"https:\/\/atauni.edu.tr\/yuklemeler\/cd93d1e7f704d556a2b3e7bdc713094c.pdf\">Engelli-\u00d6\u011frenci-Kontenjan-\u0130lkeleri_1.pdf<\/a><\/p><p><a href=\"https:\/\/atauni.edu.tr\/yuklemeler\/2c6e87d2d34da027ae6a24f6ae7ff18a.pdf\">Engelli-\u00d6\u011frenci-Kontenjan-\u0130lkeleri_2.pdf<\/a><\/p><p><a href=\"https:\/\/atauni.edu.tr\/yuklemeler\/8e4bb51a3846d2359bf6c9ed56e64e08.pdf\">Engelli-\u00d6\u011frenciler-Ba\u015far\u0131-S\u0131ras\u0131.pdf<\/a><\/p><p><a href=\"https:\/\/atauni.edu.tr\/yuklemeler\/c37671b6f83180f5bcd86c1905dd8d03.pdf\">Engelli-\u00d6\u011frenci-Sa\u011fl\u0131k-Kurulu-Raporu-S\u00fcresi.pdf<\/a><\/p><p><a href=\"https:\/\/atauni.edu.tr\/yuklemeler\/02d35becae67637e2bf808e611c66418.pdf\">\u00d6zel Yetenek S\u0131navlar\u0131_10.07.2020.pdf<\/a><\/p><\/div><\/div>\n\t\t\t\t\t\t\t\t\t<div class=\"elementor-tab-title elementor-tab-mobile-title\" aria-selected=\"false\" data-tab=\"3\" role=\"tab\" tabindex=\"-1\" aria-controls=\"elementor-tab-content-1153\" aria-expanded=\"false\">S\u0131nav K\u0131lavuzu<\/div>\n\t\t\t\t\t<div id=\"elementor-tab-content-1153\" class=\"elementor-tab-content elementor-clearfix\" data-tab=\"3\" role=\"tabpanel\" aria-labelledby=\"elementor-tab-title-1153\" tabindex=\"0\" hidden=\"hidden\"><p>Atat\u00fcrk \u00dcniversitesi Senatosunun 23 \/ 05 \/ 2025 tarihli karar\u0131 ile kabul kabul edilen &#8220;Atat\u00fcrk \u00dcniversitesi <strong><span style=\"color: #993300\">2025-2026<\/span><\/strong> E\u011fitim-\u00d6\u011fretim Y\u0131l\u0131 \u00d6zel Yetenek S\u0131nav K\u0131lavuzu&#8221;na ula\u015fmak i\u00e7in l\u00fctfen <a href=\"https:\/\/birimler.atauni.edu.tr\/ogrenci-isleri-daire-baskanligi\/wp-content\/uploads\/sites\/18\/2025\/07\/OZEL-YETENEK-SINAV-KILAVUZU_22072025_1700.pdf\">t\u0131klay\u0131n\u0131z.<\/a><\/p><\/div>\n\t\t\t\t\t\t\t\t\t<div class=\"elementor-tab-title elementor-tab-mobile-title\" aria-selected=\"false\" data-tab=\"4\" role=\"tab\" tabindex=\"-1\" aria-controls=\"elementor-tab-content-1154\" aria-expanded=\"false\">Kay\u0131t Takvimi<\/div>\n\t\t\t\t\t<div id=\"elementor-tab-content-1154\" class=\"elementor-tab-content elementor-clearfix\" data-tab=\"4\" role=\"tabpanel\" aria-labelledby=\"elementor-tab-title-1154\" tabindex=\"0\" hidden=\"hidden\"><p style=\"text-align: center\"><strong>KAYIT \u0130\u015eLEMLER\u0130 TAKV\u0130M\u0130*<\/strong><\/p><table style=\"height: 258px\" width=\"1160\"><tbody><tr><td width=\"306\"><strong>\u0130\u015eLEM ADI\u00a0<\/strong><\/td><td style=\"text-align: center\" width=\"168\"><strong>TAR\u0130H<\/strong><\/td><\/tr><tr><td width=\"306\">As\u0131l Liste Kesin Kay\u0131t<\/td><td style=\"text-align: center\" width=\"168\">08 &#8211; 09 Eyl\u00fcl 2025<\/td><\/tr><tr><td width=\"306\">Bo\u015f Kontenjanlar \u0130\u00e7in M\u00fcracaat<strong>**<\/strong><\/td><td style=\"text-align: center\" width=\"168\">10 Eyl\u00fcl 2025<\/td><\/tr><tr><td width=\"306\">Bo\u015f Kontenjan Yerle\u015ftirme Sonu\u00e7lar\u0131n \u0130lan\u0131<\/td><td style=\"text-align: center\" width=\"168\">11 Eyl\u00fcl 2025<\/td><\/tr><tr><td width=\"306\">Yedek Liste Kesin Kay\u0131t<\/td><td style=\"text-align: center\" width=\"168\">12 Eyl\u00fcl 2025<\/td><\/tr><\/tbody><\/table><p>* Kay\u0131t i\u015flemleri <span style=\"text-decoration: underline\"><strong>\u00d6\u011frenci \u0130\u015fleri Daire Ba\u015fkanl\u0131\u011f\u0131nda<\/strong><\/span> yap\u0131lacakt\u0131r.<\/p><p>** Bo\u015f kalan kontenjanlar 09 Eyl\u00fcl 2025 saat 17.00&#8217;dan sonra <strong>Yedek \u0130\u015flemleri <\/strong>sayfas\u0131ndan ilan edilecektir. Bo\u015f kalan kontenjanlara ba\u015fvurular yedek listede yer alan \u00f6\u011frenciler taraf\u0131ndan ilgili Dekanl\u0131\u011fa veya M\u00fcd\u00fcrl\u00fc\u011fe yap\u0131lacakt\u0131r.<\/p><\/div>\n\t\t\t\t\t\t\t\t\t<div class=\"elementor-tab-title elementor-tab-mobile-title\" aria-selected=\"false\" data-tab=\"5\" role=\"tab\" tabindex=\"-1\" aria-controls=\"elementor-tab-content-1155\" aria-expanded=\"false\">Bo\u015f Kontenjanlar<\/div>\n\t\t\t\t\t<div id=\"elementor-tab-content-1155\" class=\"elementor-tab-content elementor-clearfix\" data-tab=\"5\" role=\"tabpanel\" aria-labelledby=\"elementor-tab-title-1155\" tabindex=\"0\" hidden=\"hidden\"><p><strong>YEDEK YERLE\u015eT\u0130RME SONU\u00c7LARI<\/strong><\/p><p><span style=\"color: var( --e-global-color-text );letter-spacing: 0px\">\u00d6zel Yetenek S\u0131nav\u0131 ilk yerle\u015ftirme kay\u0131tlar\u0131ndan sonra<\/span><strong style=\"color: var( --e-global-color-text );letter-spacing: 0px\">\u00a0bo\u015f kalan kontenjanlar<\/strong><span style=\"color: var( --e-global-color-text );letter-spacing: 0px\">\u00a0a\u015fa\u011f\u0131ya \u00e7\u0131kart\u0131lm\u0131\u015ft\u0131r.<br \/>Bo\u015f kontenjanlara\u00a0<strong>yedek adaylar\u0131n ba\u015fvurular\u0131<\/strong>\u00a0ilgili Dekanl\u0131k\/M\u00fcd\u00fcrl\u00fck\u00a0<strong>taraf\u0131ndan 10 Eyl\u00fcl 2025 <\/strong><strong>saat 17.00&#8217;a<\/strong>\u00a0kadar al\u0131nacakt\u0131r.<br \/>Dekanl\u0131k\/M\u00fcd\u00fcrl\u00fckler taraf\u0131ndan yap\u0131lacak yerle\u015ftirme i\u015flemi sonucunda yedek listeden kay\u0131t hakk\u0131 kazanan adaylar\u0131n listesi<strong> 11 Eyl\u00fcl 2025 <\/strong>tarihinde ilan edilecektir.<br \/>Yedek listeden kay\u0131t hakk\u0131 kazanan adaylar\u0131n\u00a0<strong>kesin kay\u0131t i\u015flemleri <\/strong><span style=\"font-weight: bolder\">12 Eyl\u00fcl 2025 <strong>tarihinde \u00d6\u011frenci \u0130\u015fleri Daire Ba\u015fkanl\u0131\u011f\u0131nda<\/strong> <\/span>yap\u0131lacakt\u0131r.<\/span><\/p><table style=\"height: 430px\" width=\"745\"><tbody><tr><td width=\"312\"><strong>FAK\u00dcLTE ADI<\/strong><\/td><td width=\"194\"><strong>PROGRAM ADI<\/strong><\/td><td style=\"text-align: center\" width=\"144\"><strong>BO\u015e KONTENJAN<\/strong><\/td><\/tr><tr><td rowspan=\"8\" width=\"312\"><strong>G\u00fczel Sanatlar\u00a0Fak\u00fcltesi<\/strong><\/td><td width=\"194\">Geleneksel T\u00fcrk Sanatlar\u0131<\/td><td style=\"text-align: center\" width=\"144\">5<\/td><\/tr><tr><td width=\"194\">Grafik Sanatlar<\/td><td style=\"text-align: center\" width=\"144\">6<\/td><\/tr><tr><td width=\"194\">Heykel<\/td><td style=\"text-align: center\" width=\"144\">7<\/td><\/tr><tr><td width=\"194\">M\u00fczikoloji<\/td><td style=\"text-align: center\" width=\"144\">12<\/td><\/tr><tr><td width=\"194\">Resim<\/td><td style=\"text-align: center\" width=\"144\">8<\/td><\/tr><tr><td width=\"194\">Sahne Sanatlar\u0131<\/td><td style=\"text-align: center\" width=\"144\">3<\/td><\/tr><tr><td width=\"194\">Seramik<\/td><td style=\"text-align: center\" width=\"144\">4<\/td><\/tr><tr><td width=\"194\">Tekstil ve Moda Tasar\u0131m<\/td><td style=\"text-align: center\" width=\"144\">4<\/td><\/tr><tr><td rowspan=\"2\" width=\"312\"><strong>Kaz\u0131m Karabekir E\u011fitim Fak\u00fcltesi<\/strong><\/td><td width=\"194\">M\u00fczik \u00d6\u011fretmenli\u011fi<\/td><td style=\"text-align: center\" width=\"144\">4<\/td><\/tr><tr><td width=\"194\">Resim-\u0130\u015f \u00d6\u011fretmenli\u011fi<\/td><td style=\"text-align: center\" width=\"144\">7<\/td><\/tr><tr><td rowspan=\"2\" width=\"312\"><strong>T\u00fcrk Musikisi Devlet Konservatuvar\u0131<\/strong><\/td><td width=\"194\">T\u00fcrk Halk M\u00fczi\u011fi<\/td><td style=\"text-align: center\" width=\"144\">8<\/td><\/tr><tr><td width=\"194\">T\u00fcrk Sanat M\u00fczi\u011fi<\/td><td style=\"text-align: center\" width=\"144\">8<\/td><\/tr><\/tbody><\/table><\/div>\n\t\t\t\t\t\t\t\t\t<div class=\"elementor-tab-title elementor-tab-mobile-title\" aria-selected=\"false\" data-tab=\"6\" role=\"tab\" tabindex=\"-1\" aria-controls=\"elementor-tab-content-1156\" aria-expanded=\"false\">\u00d6ZYES<\/div>\n\t\t\t\t\t<div id=\"elementor-tab-content-1156\" class=\"elementor-tab-content elementor-clearfix\" data-tab=\"6\" role=\"tabpanel\" aria-labelledby=\"elementor-tab-title-1156\" tabindex=\"0\" hidden=\"hidden\"><p><strong>2025-YKS Kapsam\u0131nda <\/strong><strong>Spor Bilimleri \u0130\u00e7in \u00d6zel Yetenek S\u0131nav\u0131 (\u00d6ZYES)<em> \u00a0<\/em><\/strong><br \/>2025-2026 \u00f6\u011fretim y\u0131l\u0131 i\u00e7in y\u00fcksek\u00f6\u011fretim kurumlar\u0131n\u0131n \u00f6zel yetenek s\u0131nav\u0131 kapsam\u0131nda \u00f6\u011frenci alan spor programlar\u0131na al\u0131nacak \u00f6\u011frencilerin se\u00e7imi ve tercihlerine g\u00f6re yerle\u015ftirilebilmeleri amac\u0131yla \u00d6SYM taraf\u0131ndan merkez\u00ee <strong>\u00d6zel Yetenek S\u0131nav\u0131 (\u00d6ZYES)<\/strong> yap\u0131lacakt\u0131r. S\u0131nava ba\u015fvuracak adaylar\u0131n 2025<strong>\u00a0\u00a0<\/strong>\u00d6zel Yetenek S\u0131nav\u0131 (\u00d6ZYES) K\u0131lavuzu&#8217;nu\u00a0dikkatle incelemeleri ve \u00d6SYM\u2019den yap\u0131lan duyurular\u0131 takip etmeleri gerekmektedir.<\/p><p>\u00dcniversitemiz Spor Bilimleri Fak\u00fcltesi (Antren\u00f6rl\u00fck E\u011fitimi, Beden E\u011fitimi ve Spor \u00d6\u011fretmenli\u011fi, Rekreasyon, Spor Y\u00f6neticili\u011fi) Programlar\u0131 ile ilgili kontenjanlar a\u015fa\u011f\u0131ya \u00e7\u0131kart\u0131lm\u0131\u015ft\u0131r.<\/p><p><img decoding=\"async\" class=\"aligncenter\" src=\"https:\/\/birimler.atauni.edu.tr\/ogrenci-isleri-daire-baskanligi\/wp-content\/uploads\/sites\/18\/2020\/07\/OZYES.png\" width=\"35\" height=\"12\" \/><\/p><\/div>\n\t\t\t\t\t\t\t<\/div>\n\t\t<\/div>\n\t\t\t\t\t\t<\/div>\n\t\t\t\t<\/div>\n\t\t\t\t\t<\/div>\n\t\t<\/div>\n\t\t\t\t\t<\/div>\n\t\t<\/section>\n\t\t\t\t<\/div>\n\t\t","protected":false},"excerpt":{"rendered":"<p>\u00d6zel Yetenek S\u0131navlar\u0131 Bilgilendirme Rehberi S\u0131nav Sonu\u00e7lar\u0131 Bilgilendirme S\u0131nav K\u0131lavuzu Kay\u0131t Takvimi Bo\u015f Kontenjanlar \u00d6ZYES S\u0131nav Sonu\u00e7lar\u0131 \u00d6zel Yetenek Yerle\u015ftirme S\u0131nav Sonu\u00e7lar\u0131 Birim Ad\u0131 Program Ad\u0131 \u0130lk Yerle\u015ftirme Ek Yerle\u015ftirme G\u00fczel Sanatlar Fak\u00fcltesi T\u00fcm Programlar Sonu\u00e7lar Sonu\u00e7lar Kaz\u0131m Karabekir E\u011fitim Fak\u00fcltesi M\u00fczik \u00d6\u011fretmenli\u011fi Sonu\u00e7lar Sonu\u00e7lar Resim \u0130\u015f \u00d6\u011fretmenli\u011fi Sonu\u00e7lar Yedek aday yok T\u00fcrk Musikisi Devlet [&hellip;]<\/p>\n","protected":false},"author":5,"featured_media":0,"parent":0,"menu_order":0,"comment_status":"closed","ping_status":"closed","template":"","meta":{"footnotes":""},"class_list":["post-7119","page","type-page","status-publish","hentry"],"_links":{"self":[{"href":"https:\/\/atauni.edu.tr\/ogrenci-isleri-daire-baskanligi\/wp-json\/wp\/v2\/pages\/7119","targetHints":{"allow":["GET"]}}],"collection":[{"href":"https:\/\/atauni.edu.tr\/ogrenci-isleri-daire-baskanligi\/wp-json\/wp\/v2\/pages"}],"about":[{"href":"https:\/\/atauni.edu.tr\/ogrenci-isleri-daire-baskanligi\/wp-json\/wp\/v2\/types\/page"}],"author":[{"embeddable":true,"href":"https:\/\/atauni.edu.tr\/ogrenci-isleri-daire-baskanligi\/wp-json\/wp\/v2\/users\/5"}],"replies":[{"embeddable":true,"href":"https:\/\/atauni.edu.tr\/ogrenci-isleri-daire-baskanligi\/wp-json\/wp\/v2\/comments?post=7119"}],"version-history":[{"count":706,"href":"https:\/\/atauni.edu.tr\/ogrenci-isleri-daire-baskanligi\/wp-json\/wp\/v2\/pages\/7119\/revisions"}],"predecessor-version":[{"id":15834,"href":"https:\/\/atauni.edu.tr\/ogrenci-isleri-daire-baskanligi\/wp-json\/wp\/v2\/pages\/7119\/revisions\/15834"}],"wp:attachment":[{"href":"https:\/\/atauni.edu.tr\/ogrenci-isleri-daire-baskanligi\/wp-json\/wp\/v2\/media?parent=7119"}],"curies":[{"name":"wp","href":"https:\/\/api.w.org\/{rel}","templated":true}]}}