{"id":7125,"date":"2021-12-07T10:41:46","date_gmt":"2021-12-07T07:41:46","guid":{"rendered":"https:\/\/birimler.atauni.edu.tr\/ogrenci-isleri-daire-baskanligi\/?page_id=7125"},"modified":"2026-01-13T16:38:16","modified_gmt":"2026-01-13T13:38:16","slug":"ozel-ogrenci","status":"publish","type":"page","link":"https:\/\/atauni.edu.tr\/ogrenci-isleri-daire-baskanligi\/ozel-ogrenci\/","title":{"rendered":"\u00d6zel \u00d6\u011frenci"},"content":{"rendered":"\t\t<div data-elementor-type=\"wp-page\" data-elementor-id=\"7125\" class=\"elementor elementor-7125\" data-elementor-post-type=\"page\">\n\t\t\t\t\t\t<section class=\"elementor-section elementor-top-section elementor-element elementor-element-d85e405 elementor-section-boxed elementor-section-height-default elementor-section-height-default\" data-id=\"d85e405\" data-element_type=\"section\">\n\t\t\t\t\t\t<div class=\"elementor-container elementor-column-gap-default\">\n\t\t\t\t\t<div class=\"elementor-column elementor-col-100 elementor-top-column elementor-element elementor-element-ea062c8\" data-id=\"ea062c8\" data-element_type=\"column\">\n\t\t\t<div class=\"elementor-widget-wrap elementor-element-populated\">\n\t\t\t\t\t\t<div class=\"elementor-element elementor-element-4fc2aaf elementor-widget elementor-widget-heading\" data-id=\"4fc2aaf\" data-element_type=\"widget\" data-widget_type=\"heading.default\">\n\t\t\t\t<div class=\"elementor-widget-container\">\n\t\t\t\t\t<h2 class=\"elementor-heading-title elementor-size-default\">\u00d6zel \u00d6\u011frencilik Bilgilendirme Rehberi<\/h2>\t\t\t\t<\/div>\n\t\t\t\t<\/div>\n\t\t\t\t<div class=\"elementor-element elementor-element-0e54bde elementor-widget-divider--view-line elementor-widget elementor-widget-divider\" data-id=\"0e54bde\" data-element_type=\"widget\" data-widget_type=\"divider.default\">\n\t\t\t\t<div class=\"elementor-widget-container\">\n\t\t\t\t\t\t\t<div class=\"elementor-divider\">\n\t\t\t<span class=\"elementor-divider-separator\">\n\t\t\t\t\t\t<\/span>\n\t\t<\/div>\n\t\t\t\t\t\t<\/div>\n\t\t\t\t<\/div>\n\t\t\t\t\t<\/div>\n\t\t<\/div>\n\t\t\t\t\t<\/div>\n\t\t<\/section>\n\t\t\t\t<section class=\"elementor-section elementor-top-section elementor-element elementor-element-4418558 elementor-section-boxed elementor-section-height-default elementor-section-height-default\" data-id=\"4418558\" data-element_type=\"section\">\n\t\t\t\t\t\t<div class=\"elementor-container elementor-column-gap-default\">\n\t\t\t\t\t<div class=\"elementor-column elementor-col-100 elementor-top-column elementor-element elementor-element-3c92b2e\" data-id=\"3c92b2e\" data-element_type=\"column\">\n\t\t\t<div class=\"elementor-widget-wrap elementor-element-populated\">\n\t\t\t\t\t\t<div class=\"elementor-element elementor-element-829e13f elementor-tabs-alignment-stretch elementor-widget__width-inherit elementor-tabs-view-horizontal elementor-widget elementor-widget-tabs\" data-id=\"829e13f\" data-element_type=\"widget\" data-widget_type=\"tabs.default\">\n\t\t\t\t<div class=\"elementor-widget-container\">\n\t\t\t\t\t\t\t<div class=\"elementor-tabs\">\n\t\t\t<div class=\"elementor-tabs-wrapper\" role=\"tablist\" >\n\t\t\t\t\t\t\t\t\t<div id=\"elementor-tab-title-1361\" class=\"elementor-tab-title elementor-tab-desktop-title\" aria-selected=\"true\" data-tab=\"1\" role=\"tab\" tabindex=\"0\" aria-controls=\"elementor-tab-content-1361\" aria-expanded=\"false\">Bilgilendirme<\/div>\n\t\t\t\t\t\t\t\t\t<div id=\"elementor-tab-title-1362\" class=\"elementor-tab-title elementor-tab-desktop-title\" aria-selected=\"false\" data-tab=\"2\" role=\"tab\" tabindex=\"-1\" aria-controls=\"elementor-tab-content-1362\" aria-expanded=\"false\">Ba\u015fvuru Takvimi<\/div>\n\t\t\t\t\t\t\t\t\t<div id=\"elementor-tab-title-1363\" class=\"elementor-tab-title elementor-tab-desktop-title\" aria-selected=\"false\" data-tab=\"3\" role=\"tab\" tabindex=\"-1\" aria-controls=\"elementor-tab-content-1363\" aria-expanded=\"false\">Ba\u015fvuru Belgeleri<\/div>\n\t\t\t\t\t\t\t\t\t<div id=\"elementor-tab-title-1364\" class=\"elementor-tab-title elementor-tab-desktop-title\" aria-selected=\"false\" data-tab=\"4\" role=\"tab\" tabindex=\"-1\" aria-controls=\"elementor-tab-content-1364\" aria-expanded=\"false\">De\u011ferlendirme<\/div>\n\t\t\t\t\t\t\t<\/div>\n\t\t\t<div class=\"elementor-tabs-content-wrapper\" role=\"tablist\" aria-orientation=\"vertical\">\n\t\t\t\t\t\t\t\t\t<div class=\"elementor-tab-title elementor-tab-mobile-title\" aria-selected=\"true\" data-tab=\"1\" role=\"tab\" tabindex=\"0\" aria-controls=\"elementor-tab-content-1361\" aria-expanded=\"false\">Bilgilendirme<\/div>\n\t\t\t\t\t<div id=\"elementor-tab-content-1361\" class=\"elementor-tab-content elementor-clearfix\" data-tab=\"1\" role=\"tabpanel\" aria-labelledby=\"elementor-tab-title-1361\" tabindex=\"0\" hidden=\"false\"><p>\u00d6zel \u00d6\u011frencilik i\u015flemleri;<\/p><p>\u00a0 \u00a0 \u00a0 \u00a0 \u00a0&#8211;\u00a0<a href=\"http:\/\/www.mevzuat.gov.tr\/Metin.Aspx?MevzuatKod=7.5.13948&amp;MevzuatIliski=0&amp;sourceXmlSearch=Y%C3%BCksek%C3%B6%C4%9Fretim%20Kurumlar%C4%B1nda%20%C3%96nlisans%20ve%20Lisans%20D%C3%BCzeyindeki%20Programlar%20Aras%C4%B1nda%20Ge%C3%A7i%C5%9F,%20%C3%87ift%20Anadal,%20Ya\">Y\u00fcksek\u00f6\u011fretim Kurumlar\u0131nda \u00d6nlisans ve Lisans D\u00fczeyindeki Programlar Aras\u0131nda Ge\u00e7i\u015f, \u00c7ift Anadal, Yan Dal ile Kurumlar Aras\u0131 Kredi Transferi Yap\u0131lmas\u0131 Esaslar\u0131na \u0130li\u015fkin Y\u00f6netmelik\u00a0<\/a><\/p><p>\u00a0 \u00a0 \u00a0 \u00a0 &#8211;\u00a0<a href=\"https:\/\/birimler.atauni.edu.tr\/ogrenci-isleri-daire-baskanligi\/wp-content\/uploads\/sites\/18\/2020\/07\/Ataturk-Universitesi-Onlisans-ve-Lisans-Duzeyinde-Kurum-Ici-ve-Kurumlar-Arasi-Yatay-Gecisler-29.09.2023.pdf\">Atat\u00fcrk \u00dcniversitesi \u00d6n Lisans ve Lisans D\u00fczeyinde Kurum \u0130\u00e7i ve Kurumlar Aras\u0131 Yatay Ge\u00e7i\u015fler ve Kredi Transferi Yap\u0131lmas\u0131 \u0130le \u0130lgili Uygulama Esaslar\u0131 (15. madde)\u00a0<\/a><\/p><p>\u00a0 \u00a0 \u00a0 \u00a0&#8211; Konu ile ilgili Y\u00fcksek\u00f6\u011fretim Kurulu Ba\u015fkanl\u0131\u011f\u0131 kararlar\u0131<\/p><p>kapsam\u0131nda ger\u00e7ekle\u015ftirilmektedir.<\/p><p>\u00a0 \u00a0 \u00a0 \u00a0&#8212; <a href=\"https:\/\/atauni.edu.tr\/yuklemeler\/8a449cb593634248710d41fe5f34fdaa.pdf\">Y\u00fcksek\u00f6\u011fretim Kurulu Ba\u015fkanl\u0131\u011f\u0131n\u0131n &#8220;\u00d6zel \u00f6\u011frencilik stat\u00fcs\u00fcnde ge\u00e7irilebilecek azami \u00f6\u011frenim s\u00fcresi&#8221;\u00a0 konulu yaz\u0131s\u0131<\/a>\u00a0<\/p><p>\u00a0 \u00a0 \u00a0 \u00a0&#8212;<a href=\"https:\/\/birimler.atauni.edu.tr\/ogrenci-isleri-daire-baskanligi\/wp-content\/uploads\/sites\/18\/2020\/07\/Ozel-Ogrenci_Sure-Uzatma-Talebi.pdf\">Y\u00fcksek\u00f6\u011fretim Kurulu Ba\u015fkanl\u0131\u011f\u0131n\u0131n &#8220;<\/a><a href=\"https:\/\/birimler.atauni.edu.tr\/ogrenci-isleri-daire-baskanligi\/wp-content\/uploads\/sites\/18\/2020\/07\/Ozel-Ogrenci_Sure-Uzatma-Talebi.pdf\">\u00d6zel \u00f6\u011frencilik stat\u00fcs\u00fcnde s\u00fcre uzatma talebi ile ilgili y\u00fcr\u00fct\u00fclecek s\u00fcre\u00e7&#8221; konulu yaz\u0131s\u0131<\/a>\u00a0<\/p><p>\u00a0 \u00a0 \u00a0 &#8212; <a href=\"https:\/\/birimler.atauni.edu.tr\/ogrenci-isleri-daire-baskanligi\/wp-content\/uploads\/sites\/18\/2020\/07\/Adiyaman-Hatay-Kahramanmaras-ve-Malatya-Illerinde-Egitim-Ogretim-Surecleri.pdf\">Y\u00fcksek\u00f6\u011fretim Kurulu Ba\u015fkanl\u0131\u011f\u0131n\u0131n &#8220;Ad\u0131yaman, Hatay, Kahramanmara\u015f ve Malatya \u0130llerinde E\u011fitim \u00d6\u011fretim S\u00fcre\u00e7leri (2024-2025)&#8221; konulu yaz\u0131s\u0131<\/a><\/p><p>\u00a0 \u00a0 \u00a0 &#8212; <a href=\"https:\/\/birimler.atauni.edu.tr\/ogrenci-isleri-daire-baskanligi\/wp-content\/uploads\/sites\/18\/2025\/07\/Ozel-Ogrencilik.pdf\">Y\u00fcksek\u00f6\u011fretim Kurulu Ba\u015fkanl\u0131\u011f\u0131n\u0131n &#8220;\u00d6zel \u00d6\u011frencilik (Sa\u011fl\u0131k Lisans Tamamlama)&#8221; konulu yaz\u0131s\u0131 <\/a><\/p><p>\u00a0 \u00a0 \u00a0&#8212; <a href=\"https:\/\/birimler.atauni.edu.tr\/ogrenci-isleri-daire-baskanligi\/wp-content\/uploads\/sites\/18\/2025\/09\/Ozel-Ogrenci-Sure-Uzatma-Islemleri.pdf\">Y\u00fcksek\u00f6\u011fretim Kurulu Ba\u015fkanl\u0131\u011f\u0131n\u0131n &#8220;\u00d6zel \u00d6\u011frencilik (S\u00fcre Uzatma \u0130\u015flemleri)&#8221; konulu yaz\u0131s\u0131<\/a>\u00a0<\/p><p>\u00a0 \u00a0 \u00a0&#8212; <a href=\"https:\/\/birimler.atauni.edu.tr\/ogrenci-isleri-daire-baskanligi\/wp-content\/uploads\/sites\/18\/2026\/01\/Ozel-Ogrencil-Sure-Uzatim-Talepleri-Guz-Eylul-Bahar-Ocak-Ayi-sonu.pdf\">Y\u00fcksek\u00f6\u011fretim Kurulu Ba\u015fkanl\u0131\u011f\u0131n\u0131n &#8220;\u00d6zel \u00d6\u011frenci S\u00fcre Uzat\u0131m Talepleri (G\u00fcz Eyl\u00fcl &amp; Bahar Ocak Ay\u0131 sonu)&#8221; konulu yaz\u0131s\u0131\u00a0<\/a><\/p><p>\u00a0<\/p><\/div>\n\t\t\t\t\t\t\t\t\t<div class=\"elementor-tab-title elementor-tab-mobile-title\" aria-selected=\"false\" data-tab=\"2\" role=\"tab\" tabindex=\"-1\" aria-controls=\"elementor-tab-content-1362\" aria-expanded=\"false\">Ba\u015fvuru Takvimi<\/div>\n\t\t\t\t\t<div id=\"elementor-tab-content-1362\" class=\"elementor-tab-content elementor-clearfix\" data-tab=\"2\" role=\"tabpanel\" aria-labelledby=\"elementor-tab-title-1362\" tabindex=\"0\" hidden=\"hidden\"><table class=\"MsoNormalTable\" style=\"width: 101%;background: #fafafa\" border=\"1\" width=\"101%\" cellspacing=\"0\" cellpadding=\"0\"><tbody><tr><td width=\"472\"><p align=\"center\"><strong>\u00dcN\u0130VERS\u0130TEM\u0130Z \u00d6\u011eRENC\u0130S\u0130 OLUP BA\u015eKA B\u0130R Y\u00dcKSEK\u00d6\u011eRET\u0130M KURUMUNDA \u00d6ZEL \u00d6\u011eRENC\u0130 OLMAK \u0130STEYENLER<\/strong><\/p><p style=\"text-align: center\">\u00dcniversitemiz \u00d6nlisans ve Lisans D\u00fczeyinde Kurum \u0130\u00e7i ve Kurumlar Aras\u0131 Yatay Ge\u00e7i\u015fler ve Kredi Transferi Yap\u0131lmas\u0131 ile \u0130lgili Uygulama Esaslar\u0131n\u0131n 15 inci maddesinin 11 inci f\u0131kras\u0131nda yer alan <span style=\"color: #000080\">\u201c.<\/span><span style=\"color: #ff6600\"><span style=\"color: #000080\">&#8230;<span style=\"text-decoration: underline\"><strong>ilgili yar\u0131y\u0131la ili\u015fkin\u00a0ders kay\u0131t tarihlerinden 10 g\u00fcn \u00f6nce<\/strong><\/span><\/span>\u00a0<\/span>alaca\u011f\u0131 dersler ile kredi ve i\u00e7eriklerinin belirtildi\u011fi onayl\u0131 belge\/leri \u00f6zel \u00f6\u011frencilik talep dilek\u00e7esine ekleyerek kay\u0131tl\u0131 oldu\u011fu Dekanl\u0131\u011fa\/M\u00fcd\u00fcrl\u00fc\u011fe ba\u015fvuru yapmas\u0131 gereklidir&#8230;\u201d h\u00fckm\u00fc kapsam\u0131nda yap\u0131lacak olan \u00f6zel \u00f6\u011frencilik ba\u015fvurular\u0131n\u0131n<\/p><p style=\"text-align: center\" align=\"center\">2025-2026 E\u011fitim-\u00d6\u011fretim Y\u0131l\u0131 <span style=\"color: #ff0000\"><b>Bahar <\/b><\/span>Yar\u0131y\u0131l\u0131 i\u00e7in<\/p><p align=\"center\">Son Ba\u015fvuru Tarihi <strong><span style=\"color: #ff0000\">23 Ocak 2026\u00a0<\/span><\/strong><\/p><p style=\"text-align: center\">tarihine kadar <a href=\"https:\/\/obs.atauni.edu.tr\/\">\u00d6\u011frenci Bilgi Sistemi<\/a> \u00fczerinden yap\u0131lmas\u0131 gerekmektedir.<\/p><p style=\"text-align: center\">(OBS ==&gt; \u00d6\u011frenim ==&gt; \u00d6\u011frenim Talepleri ==&gt; Ba\u015fvuru ve Talep Dilek\u00e7eleri ==&gt; \u00d6zel \u00d6\u011frencilik Talep Dilek\u00e7esi)<\/p><\/td><td style=\"width: 354.0pt;padding: 0cm 0cm 0cm 3.75pt\" width=\"472\"><p align=\"center\"><strong>BA\u015eKA B\u0130R Y\u00dcKSEK\u00d6\u011eRET\u0130M KURUMU \u00d6\u011eRENC\u0130S\u0130 OLUP \u00dcN\u0130VERS\u0130TEM\u0130ZDE \u00d6ZEL \u00d6\u011eRENC\u0130 OLMAK \u0130STEYENLER<\/strong><\/p><p style=\"text-align: center\">\u00dcniversitemiz \u00d6nlisans ve Lisans D\u00fczeyinde Kurum \u0130\u00e7i ve Kurumlar Aras\u0131 Yatay Ge\u00e7i\u015fler ve Kredi Transferi Yap\u0131lmas\u0131 ile \u0130lgili Uygulama Esaslar\u0131n\u0131n 15 inci maddesinin 12 nci f\u0131kras\u0131nda yer alan \u201c&#8230;. Kay\u0131tl\u0131 oldu\u011fu y\u00fcksek\u00f6\u011fretim kurumu taraf\u0131ndan al\u0131nan ilgili kurul karar\u0131n\u0131 dilek\u00e7esine ekleyerek, <span style=\"color: #ff6600\"><span style=\"text-decoration: underline;color: #000080\"><strong>en ge\u00e7 ilgili yar\u0131y\u0131la ili\u015fkin\u00a0ders kay\u0131t tarihlerinden 10 g\u00fcn \u00f6nce<\/strong><\/span>\u00a0<\/span>\u00f6zel \u00f6\u011frenci stat\u00fcs\u00fcnde \u00f6\u011frenim g\u00f6rmek istedi\u011fi Dekanl\u0131\u011fa\/M\u00fcd\u00fcrl\u00fc\u011fe ba\u015fvuru yapmas\u0131 gereklidir&#8230;.\u201d\u00a0h\u00fckm\u00fc kapsam\u0131nda\u00a0\u00dcniversitemiz birimlerine yap\u0131lacak olan \u00f6zel \u00f6\u011frencilik ba\u015fvurular\u0131n\u0131n<\/p><p style=\"text-align: center\" align=\"center\">2025-2026 E\u011fitim-\u00d6\u011fretim Y\u0131l\u0131\u00a0<span style=\"color: #ff0000\"><b> Bahar <\/b><\/span>Yar\u0131y\u0131l\u0131 i\u00e7in<\/p><p align=\"center\">Son Ba\u015fvuru Tarihi <strong><span style=\"color: #ff0000\">23 Ocak 2026\u00a0<\/span><\/strong><strong><span style=\"color: #ff0000\">\u00a0<\/span><\/strong><\/p><p style=\"text-align: center\">tarihine kadar yap\u0131lmas\u0131 gerekmektedir.<\/p><\/td><\/tr><\/tbody><\/table><p class=\"MsoNormal\">\u00a0<\/p><\/div>\n\t\t\t\t\t\t\t\t\t<div class=\"elementor-tab-title elementor-tab-mobile-title\" aria-selected=\"false\" data-tab=\"3\" role=\"tab\" tabindex=\"-1\" aria-controls=\"elementor-tab-content-1363\" aria-expanded=\"false\">Ba\u015fvuru Belgeleri<\/div>\n\t\t\t\t\t<div id=\"elementor-tab-content-1363\" class=\"elementor-tab-content elementor-clearfix\" data-tab=\"3\" role=\"tabpanel\" aria-labelledby=\"elementor-tab-title-1363\" tabindex=\"0\" hidden=\"hidden\"><table style=\"height: 577px\" width=\"1315\"><tbody><tr><td width=\"335\"><p style=\"text-align: center\"><strong>\u00dcN\u0130VERS\u0130TEM\u0130Z \u00d6\u011eRENC\u0130S\u0130 OLUP BA\u015eKA B\u0130R Y\u00dcKSEK\u00d6\u011eRET\u0130M KURUMUNDA \u00d6ZEL \u00d6\u011eRENC\u0130 OLMAK \u0130STEYENLER<\/strong><\/p><\/td><td width=\"335\"><p style=\"text-align: center\"><strong>BA\u015eKA B\u0130R Y\u00dcKSEK\u00d6\u011eRET\u0130M KURUMU \u00d6\u011eRENC\u0130S\u0130 OLUP \u00dcN\u0130VERS\u0130TEM\u0130ZDE \u00d6ZEL \u00d6\u011eRENC\u0130 OLMAK \u0130STEYENLER<\/strong><\/p><\/td><\/tr><tr><td width=\"335\"><p style=\"text-align: center\">Alaca\u011f\u0131 dersler ile kredi ve i\u00e7eriklerinin belirtildi\u011fi onayl\u0131 belge\/leri <strong>\u00d6zel \u00d6\u011frencilik Talep Dilek\u00e7esi&#8217;<\/strong>ne ekleyerek\u00a0<a href=\"https:\/\/obs.atauni.edu.tr\/\">\u00d6\u011frenci Bilgi Sistemi<\/a> \u00fczerinden kay\u0131tl\u0131 oldu\u011fu Dekanl\u0131\u011fa\/M\u00fcd\u00fcrl\u00fc\u011fe yap\u0131lmas\u0131 gerekmektedir.<\/p><p style=\"text-align: center\">(OBS ==&gt; \u00d6\u011frenim ==&gt; \u00d6\u011frenim Talepleri ==&gt; Ba\u015fvuru ve Talep Dilek\u00e7eleri ==&gt; \u00d6zel \u00d6\u011frencilik Talep Dilek\u00e7esi)<\/p><p style=\"text-align: center\">\u00a0<\/p><p><strong>\u00a0<\/strong><\/p><\/td><td width=\"335\"><p style=\"text-align: center\">A\u015fa\u011f\u0131da yer alan belgeler ile birlikte\u00a0belirtilen tarihe kadar \u00dcniversitemiz ilgili Dekanl\u0131\u011f\u0131na\/M\u00fcd\u00fcrl\u00fc\u011f\u00fcne ba\u015fvurulmas\u0131 gereklidir.<\/p><p style=\"text-align: center\">***OBS\u2019den al\u0131nacak \u00f6n kay\u0131t formu<\/p><p style=\"text-align: center\">***Kendi \u00fcniversitesinin konu ile ilgili kurul karar\u0131<\/p><p><strong>\u00a0<\/strong><\/p><p><strong>Ba\u015fvuru i\u015flemleri<\/strong>;<\/p><p style=\"text-align: center\">Daha \u00f6nce OBS\u2019de\u00a0kullan\u0131c\u0131 kayd\u0131 olan\u00a0adaylar\u00a0<a href=\"http:\/\/obs.atauni.edu.tr\/\"><strong>\u00d6\u011frenci Bilgi Sistemi (OBS)\u2019<\/strong>ne<\/a>\u00a0giri\u015f yaparak,<\/p><p style=\"text-align: center\">OBS\u2019de\u00a0kullan\u0131c\u0131 \u00a0 \u00a0kayd\u0131 olmayan\u00a0adaylar ise\u00a0\u201cOBS hesab\u0131n\u0131z yok mu?\u00a0<a href=\"http:\/\/obs.atauni.edu.tr\/Kullanici\/KullaniciOlusturma.aspx\">Kullan\u0131c\u0131 Olu\u015fturma<\/a>\u201d linki arac\u0131l\u0131\u011f\u0131 ile kullan\u0131c\u0131 ad\u0131 ve \u015fifresi al\u0131p, giri\u015f yaparak<\/p><p style=\"text-align: center\">BA\u015eVURU \u0130\u015eLEMLER\u0130 \u00a0 \u00a0&amp; KAYIT BA\u015eVURULARI<\/p><p style=\"text-align: center\">linki arac\u0131l\u0131\u011f\u0131 ile ger\u00e7ekle\u015ftirebilirler.<\/p><\/td><\/tr><\/tbody><\/table><\/div>\n\t\t\t\t\t\t\t\t\t<div class=\"elementor-tab-title elementor-tab-mobile-title\" aria-selected=\"false\" data-tab=\"4\" role=\"tab\" tabindex=\"-1\" aria-controls=\"elementor-tab-content-1364\" aria-expanded=\"false\">De\u011ferlendirme<\/div>\n\t\t\t\t\t<div id=\"elementor-tab-content-1364\" class=\"elementor-tab-content elementor-clearfix\" data-tab=\"4\" role=\"tabpanel\" aria-labelledby=\"elementor-tab-title-1364\" tabindex=\"0\" hidden=\"hidden\"><div align=\"center\"><table class=\"MsoNormalTable\" style=\"background: #fafafa\" border=\"1\" width=\"100%\" cellspacing=\"0\" cellpadding=\"0\"><thead><tr><td style=\"padding: 3.0pt 3.0pt 3.0pt 3.0pt\"><p align=\"center\"><strong>\u00dcN\u0130VERS\u0130TEM\u0130Z \u00d6\u011eRENC\u0130S\u0130 OLUP\u00a0<\/strong><\/p><p align=\"center\"><strong>BA\u015eKA B\u0130R Y\u00dcKSEK\u00d6\u011eRET\u0130M KURUMUNDA\u00a0<\/strong><\/p><p class=\"MsoNormal\" style=\"text-align: center;line-height: normal\" align=\"center\"><strong>\u00d6ZEL \u00d6\u011eRENC\u0130 OLMAK \u0130STEYENLER<\/strong><b><\/b><\/p><\/td><td style=\"padding: 3.0pt 3.0pt 3.0pt 3.0pt\"><p align=\"center\"><strong>BA\u015eKA B\u0130R Y\u00dcKSEK\u00d6\u011eRET\u0130M KURUMU \u00d6\u011eRENC\u0130S\u0130 OLUP\u00a0<\/strong><\/p><p class=\"MsoNormal\" style=\"text-align: center;line-height: normal\" align=\"center\"><strong>\u00dcN\u0130VERS\u0130TEM\u0130ZDE \u00d6ZEL \u00d6\u011eRENC\u0130 OLMAK \u0130STEYENLER<\/strong><b><\/b><\/p><\/td><\/tr><\/thead><tbody><tr><td><p style=\"text-align: center\">\u00d6\u011frencinin, \u00f6zel \u00f6\u011frencilik talebinin uygun olup olmad\u0131\u011f\u0131na, \u00f6zel \u00f6\u011frenci olarak ba\u015fka bir y\u00fcksek\u00f6\u011fretim kurumundan almak istedi\u011fi ders(ler)in, kendi program\u0131ndaki ders(ler)e i\u00e7erik ve kredi bak\u0131m\u0131ndan denk olup olmad\u0131\u011f\u0131na ve bu ders(ler)i al\u0131p alamayaca\u011f\u0131na, derslerin i\u00e7erikleri, AKTS ve ulusal kredileri, ders ve s\u0131n\u0131f ge\u00e7me \u015fartlar\u0131 vb. hususlar dikkate al\u0131narak\u00a0birim y\u00f6netim kurulu taraf\u0131ndan karar verilir.<\/p><\/td><td style=\"padding: 3.0pt 3.0pt 3.0pt 3.75pt\"><p style=\"text-align: center\">\u00d6\u011frencinin, \u00f6zel \u00f6\u011frencilik talebinin uygun olup olmad\u0131\u011f\u0131na, ilgili b\u00f6l\u00fcm\/program\/anabilim dal\u0131 ba\u015fkanl\u0131\u011f\u0131n\u0131n g\u00f6r\u00fc\u015f\u00fc g\u00f6z \u00f6n\u00fcnde bulundurulup, s\u0131n\u0131f mevcudu, fiziksel alt yap\u0131, \u00f6\u011fretim eleman\u0131 say\u0131s\u0131 yeterlili\u011fi ve e\u011fitim sisteminin uygunlu\u011fu vb. hususlar dikkate al\u0131narak ilgili\u00a0birim y\u00f6netim kurulu taraf\u0131ndan karar verilir.<\/p><\/td><\/tr><\/tbody><\/table><\/div><p class=\"MsoNormal\">\u00a0<\/p><\/div>\n\t\t\t\t\t\t\t<\/div>\n\t\t<\/div>\n\t\t\t\t\t\t<\/div>\n\t\t\t\t<\/div>\n\t\t\t\t\t<\/div>\n\t\t<\/div>\n\t\t\t\t\t<\/div>\n\t\t<\/section>\n\t\t\t\t<\/div>\n\t\t","protected":false},"excerpt":{"rendered":"<p>\u00d6zel \u00d6\u011frencilik Bilgilendirme Rehberi Bilgilendirme Ba\u015fvuru Takvimi Ba\u015fvuru Belgeleri De\u011ferlendirme Bilgilendirme \u00d6zel \u00d6\u011frencilik i\u015flemleri; \u00a0 \u00a0 \u00a0 \u00a0 \u00a0&#8211;\u00a0Y\u00fcksek\u00f6\u011fretim Kurumlar\u0131nda \u00d6nlisans ve Lisans D\u00fczeyindeki Programlar Aras\u0131nda Ge\u00e7i\u015f, \u00c7ift Anadal, Yan Dal ile Kurumlar Aras\u0131 Kredi Transferi Yap\u0131lmas\u0131 Esaslar\u0131na \u0130li\u015fkin Y\u00f6netmelik\u00a0 \u00a0 \u00a0 \u00a0 \u00a0 &#8211;\u00a0Atat\u00fcrk \u00dcniversitesi \u00d6n Lisans ve Lisans D\u00fczeyinde Kurum \u0130\u00e7i ve Kurumlar [&hellip;]<\/p>\n","protected":false},"author":5,"featured_media":0,"parent":0,"menu_order":0,"comment_status":"closed","ping_status":"closed","template":"","meta":{"footnotes":""},"class_list":["post-7125","page","type-page","status-publish","hentry"],"_links":{"self":[{"href":"https:\/\/atauni.edu.tr\/ogrenci-isleri-daire-baskanligi\/wp-json\/wp\/v2\/pages\/7125","targetHints":{"allow":["GET"]}}],"collection":[{"href":"https:\/\/atauni.edu.tr\/ogrenci-isleri-daire-baskanligi\/wp-json\/wp\/v2\/pages"}],"about":[{"href":"https:\/\/atauni.edu.tr\/ogrenci-isleri-daire-baskanligi\/wp-json\/wp\/v2\/types\/page"}],"author":[{"embeddable":true,"href":"https:\/\/atauni.edu.tr\/ogrenci-isleri-daire-baskanligi\/wp-json\/wp\/v2\/users\/5"}],"replies":[{"embeddable":true,"href":"https:\/\/atauni.edu.tr\/ogrenci-isleri-daire-baskanligi\/wp-json\/wp\/v2\/comments?post=7125"}],"version-history":[{"count":118,"href":"https:\/\/atauni.edu.tr\/ogrenci-isleri-daire-baskanligi\/wp-json\/wp\/v2\/pages\/7125\/revisions"}],"predecessor-version":[{"id":16244,"href":"https:\/\/atauni.edu.tr\/ogrenci-isleri-daire-baskanligi\/wp-json\/wp\/v2\/pages\/7125\/revisions\/16244"}],"wp:attachment":[{"href":"https:\/\/atauni.edu.tr\/ogrenci-isleri-daire-baskanligi\/wp-json\/wp\/v2\/media?parent=7125"}],"curies":[{"name":"wp","href":"https:\/\/api.w.org\/{rel}","templated":true}]}}