{"id":10011,"date":"2026-03-31T00:25:25","date_gmt":"2026-03-30T21:25:25","guid":{"rendered":"https:\/\/atauni.edu.tr\/ogretme-ve-ogrenmeyi-gelistirme-uygulama-ve-arastirma-merkezi\/?page_id=10011"},"modified":"2026-03-31T00:36:27","modified_gmt":"2026-03-30T21:36:27","slug":"zotero","status":"publish","type":"page","link":"https:\/\/atauni.edu.tr\/ogretme-ve-ogrenmeyi-gelistirme-uygulama-ve-arastirma-merkezi\/zotero\/","title":{"rendered":"Zotero"},"content":{"rendered":"\t\t<div data-elementor-type=\"wp-page\" data-elementor-id=\"10011\" class=\"elementor elementor-10011\" data-elementor-post-type=\"page\">\n\t\t\t\t\t\t<section class=\"elementor-section elementor-top-section elementor-element elementor-element-f04ca0f elementor-section-boxed elementor-section-height-default elementor-section-height-default\" data-id=\"f04ca0f\" data-element_type=\"section\">\n\t\t\t\t\t\t<div class=\"elementor-container elementor-column-gap-default\">\n\t\t\t\t\t<div class=\"elementor-column elementor-col-100 elementor-top-column elementor-element elementor-element-189eab1\" data-id=\"189eab1\" data-element_type=\"column\">\n\t\t\t<div class=\"elementor-widget-wrap elementor-element-populated\">\n\t\t\t\t\t\t<div class=\"elementor-element elementor-element-7adfc14 elementor-widget elementor-widget-image\" data-id=\"7adfc14\" data-element_type=\"widget\" data-widget_type=\"image.default\">\n\t\t\t\t<div class=\"elementor-widget-container\">\n\t\t\t\t\t\t\t\t\t\t\t\t\t\t\t<img fetchpriority=\"high\" decoding=\"async\" width=\"300\" height=\"300\" src=\"https:\/\/atauni.edu.tr\/ogretme-ve-ogrenmeyi-gelistirme-uygulama-ve-arastirma-merkezi\/wp-content\/uploads\/sites\/817\/2026\/03\/Zotero-300x300.png\" class=\"attachment-medium size-medium wp-image-10013\" alt=\"\" srcset=\"https:\/\/atauni.edu.tr\/ogretme-ve-ogrenmeyi-gelistirme-uygulama-ve-arastirma-merkezi\/wp-content\/uploads\/sites\/817\/2026\/03\/Zotero-300x300.png 300w, https:\/\/atauni.edu.tr\/ogretme-ve-ogrenmeyi-gelistirme-uygulama-ve-arastirma-merkezi\/wp-content\/uploads\/sites\/817\/2026\/03\/Zotero-150x150.png 150w, https:\/\/atauni.edu.tr\/ogretme-ve-ogrenmeyi-gelistirme-uygulama-ve-arastirma-merkezi\/wp-content\/uploads\/sites\/817\/2026\/03\/Zotero-560x560.png 560w, https:\/\/atauni.edu.tr\/ogretme-ve-ogrenmeyi-gelistirme-uygulama-ve-arastirma-merkezi\/wp-content\/uploads\/sites\/817\/2026\/03\/Zotero.png 600w\" sizes=\"(max-width: 300px) 100vw, 300px\" \/>\t\t\t\t\t\t\t\t\t\t\t\t\t\t\t<\/div>\n\t\t\t\t<\/div>\n\t\t\t\t\t<\/div>\n\t\t<\/div>\n\t\t\t\t\t<\/div>\n\t\t<\/section>\n\t\t\t\t<section class=\"elementor-section elementor-top-section elementor-element elementor-element-95727a7 elementor-section-boxed elementor-section-height-default elementor-section-height-default\" data-id=\"95727a7\" data-element_type=\"section\">\n\t\t\t\t\t\t<div class=\"elementor-container elementor-column-gap-default\">\n\t\t\t\t\t<div class=\"elementor-column elementor-col-100 elementor-top-column elementor-element elementor-element-8a7ba0b\" data-id=\"8a7ba0b\" data-element_type=\"column\">\n\t\t\t<div class=\"elementor-widget-wrap elementor-element-populated\">\n\t\t\t\t\t\t<div class=\"elementor-element elementor-element-9e2a0e4 elementor-widget elementor-widget-text-editor\" data-id=\"9e2a0e4\" data-element_type=\"widget\" data-widget_type=\"text-editor.default\">\n\t\t\t\t<div class=\"elementor-widget-container\">\n\t\t\t\t\t\t\t\t\t<h2>Zotero Nedir ve Neden \u00d6nemlidir?<\/h2><p style=\"margin-bottom: 1rem;line-height: 1.5em\"><span style=\"font-size: 1rem;letter-spacing: 0px\">Zotero, ara\u015ft\u0131rmac\u0131lar\u0131n akademik kaynaklar\u0131 toplamas\u0131na, d\u00fczenlemesine, bu kaynaklar \u00fczerinde notlar almas\u0131na ve tek t\u0131kla at\u0131f\/kaynak\u00e7a olu\u015fturmas\u0131na olanak tan\u0131yan a\u00e7\u0131k kaynak kodlu ve tamamen \u00fccretsiz bir referans y\u00f6netim asistan\u0131d\u0131r. En b\u00fcy\u00fck fark\u0131, internet taray\u0131c\u0131n\u0131zda gezinirken buldu\u011funuz bir makalenin, kitab\u0131n veya haberin k\u00fcnye bilgilerini ve varsa tam metin PDF dosyas\u0131n\u0131 tek bir t\u0131klamayla sisteminize \u00e7ekebilmesidir. Manuel kaynak\u00e7a yaz\u0131m\u0131ndaki nokta\/virg\u00fcl hatalar\u0131n\u0131, format karma\u015fas\u0131n\u0131 ve bilgisayar\u0131n\u0131zdaki isimsiz PDF y\u0131\u011f\u0131nlar\u0131 aras\u0131nda kaybolma engelini ortadan kald\u0131rarak, literat\u00fcr ar\u015fivleme ve at\u0131f yapma deneyimini tamamen de\u011fi\u015ftirir.<\/span><\/p><h3>E\u011fitimde Kullan\u0131m Alanlar\u0131<\/h3><p><span style=\"font-size: 1rem;letter-spacing: 0px\">E\u011fitimciler ve ara\u015ft\u0131rmac\u0131lar i\u00e7in Zotero, devasa ki\u015fisel k\u00fct\u00fcphanenizi y\u00f6neten titiz bir ar\u015fiv sorumlusu gibi \u00e7al\u0131\u015f\u0131r. Geleneksel y\u00f6ntemlerde haftalar alabilen y\u00fczlerce makaleyi APA, MLA veya Chicago gibi farkl\u0131 stillere g\u00f6re formatlama i\u015fini saniyeler i\u00e7inde otomatikle\u015ftirir. \u00d6zellikle birden fazla yazar\u0131n ortakla\u015fa makale yazd\u0131\u011f\u0131 durumlarda &#8220;Grup K\u00fct\u00fcphaneleri&#8221; olu\u015fturarak, t\u00fcm ara\u015ft\u0131rma ekibinin ayn\u0131 kaynak havuzuna eri\u015fmesini, birlikte notlar almas\u0131n\u0131 ve senkronize bir \u015fekilde literat\u00fcr taramas\u0131 y\u00fcr\u00fctmesini sa\u011flayarak operasyonel y\u00fck\u00fc ciddi \u015fekilde hafifletir.<\/span><\/p><h3>\u00d6\u011frenciler \u0130\u00e7in<\/h3><p><span style=\"font-size: 1rem;letter-spacing: 0px\">\u00d6\u011frenciler bu arac\u0131, uzun d\u00f6nem \u00f6devlerinde, y\u00fcksek lisans veya doktora tezlerinde &#8220;Bu makalenin y\u0131l\u0131 neydi?&#8221;, &#8220;Birden fazla yazarl\u0131 esere nas\u0131l at\u0131f yap\u0131l\u0131yordu?&#8221; gibi stresleri bitirmek i\u00e7in hayat kurtar\u0131c\u0131 bir akademik asistan olarak kullanabilir. Okuduklar\u0131 makaleleri Zotero&#8217;nun i\u00e7indeki klas\u00f6rlere (koleksiyonlara) ay\u0131r\u0131p kendi etiketlerini (tags) ekleyebilirler. Microsoft Word veya Google Docs ile entegre \u00e7al\u0131\u015ft\u0131\u011f\u0131 i\u00e7in, metinlerini yazarken sadece yazar\u0131n ad\u0131n\u0131 yazarak saniyeler i\u00e7inde do\u011fru formatta metin i\u00e7i at\u0131f ekler ve tezin sonundaki kaynak\u00e7a listesini otomatik olarak g\u00fcncelleyebilirler.<\/span><\/p><h3 data-path-to-node=\"8\">\u00d6nemli Akademik Uyar\u0131<\/h3><p data-path-to-node=\"9\">Zotero, verileri web sitelerinden otomatik olarak \u00e7ekerken olduk\u00e7a ba\u015far\u0131l\u0131 olsa da; \u00e7ekti\u011fi verinin kalitesi, yay\u0131nc\u0131n\u0131n web sitesine girdi\u011fi \u00fcst veriye ba\u011f\u0131ml\u0131d\u0131r. \u00d6zellikle baz\u0131 yerel veya eski dergilerin sitelerinden veri \u00e7ekerken yazar isimlerinin tamam\u0131 b\u00fcy\u00fck harfle gelebilir, cilt veya say\u0131 numaralar\u0131 eksik olabilir. Kaynak\u00e7an\u0131z\u0131n kusursuz olmas\u0131 i\u00e7in, Zotero veriyi \u00e7ektikten sonra sa\u011f paneldeki k\u00fcnye bilgilerinin do\u011frulu\u011fu (insan s\u00fczgeci) mutlaka h\u0131zl\u0131ca kontrol edilmelidir. Bu ara\u00e7, k\u00f6r\u00fc k\u00f6r\u00fcne g\u00fcvenilecek bir sihirli de\u011fnek de\u011fil, sizin kontrol\u00fcn\u00fczde \u00e7al\u0131\u015fan g\u00fc\u00e7l\u00fc bir &#8220;otomasyon ve literat\u00fcr organizasyon arac\u0131d\u0131r&#8221;.<\/p><h3 data-path-to-node=\"10\">Nas\u0131l Eri\u015filir?<\/h3><p data-path-to-node=\"11\"><a href=\"https:\/\/www.zotero.org\" target=\"_blank\" rel=\"noopener\" data-hveid=\"0\" data-ved=\"0CAAQ_4QMahgKEwiV76eKtMiTAxUAAAAAHQAAAAAQ8QU\">https:\/\/www.zotero.org<\/a> adresi \u00fczerinden \u00fccretsiz masa\u00fcst\u00fc uygulamas\u0131n\u0131 indirerek ve web taray\u0131c\u0131n\u0131za &#8220;Zotero Connector&#8221; eklentisini kurarak, dijital k\u00fct\u00fcphanenizi in\u015fa etmeye ve an\u0131nda at\u0131f yapmaya hemen ba\u015flayabilirsiniz.<\/p><h3><span style=\"font-size: 1.75rem;letter-spacing: 0px\">Akademisyenler \u0130\u00e7in: Ak\u0131ll\u0131 Literat\u00fcr Organizasyonu ve At\u0131f Y\u00f6netimi<\/span><\/h3><p><span style=\"font-size: 1rem;letter-spacing: 0px\">Akademik d\u00fcnyada literat\u00fcr\u00fc g\u00fcvende tutmak, PDF&#8217;leri d\u00fczenlemek ve bir derginin hakem s\u00fcrecinden sonra reddedilen makaleyi ba\u015fka bir derginin format\u0131na an\u0131nda \u00e7evirebilmek b\u00fcy\u00fck konfordur. Zotero metin \u00fcreten bir yapay zek\u00e2 olmasa da, bu analitik sistemle\u015ftirme g\u00fcc\u00fcn\u00fc sa\u011flar. \u0130\u015fte kullanabilece\u011finiz baz\u0131 senaryolar:<\/span><\/p><h6><span style=\"font-size: 1rem;letter-spacing: 0px\">Tek T\u0131kla Kapsaml\u0131 Veri \u00c7ekimi\u00a0<\/span><\/h6><p>Veri tabanlar\u0131nda arama yaparken be\u011fendi\u011finiz yay\u0131nlar\u0131 k\u00fct\u00fcphanenize an\u0131nda aktarmak i\u00e7in taray\u0131c\u0131n\u0131zda \u015fu eylemi ger\u00e7ekle\u015ftirebilirsiniz:<\/p><blockquote><p>Google Scholar veya Web of Science \u00fczerinde yapt\u0131\u011f\u0131m arama sonu\u00e7lar\u0131 sayfas\u0131ndayken Zotero eklentisine t\u0131kla. Ekranda listelenen 10 makalenin i\u00e7inden benim se\u00e7ti\u011fim 4 tanesinin k\u00fcnye bilgilerini, yay\u0131n \u00f6zetlerini ve varsa a\u00e7\u0131k eri\u015fimli PDF&#8217;lerini otomatik olarak indirip &#8216;Tez Kaynaklar\u0131m&#8217; klas\u00f6r\u00fcne kaydet.<\/p><\/blockquote><h6><span style=\"font-size: 1rem;letter-spacing: 0px\">Dinamik ve Otomatik Stiller Aras\u0131 Ge\u00e7i\u015f<\/span><\/h6><p>Hedef derginizin kurallar\u0131 de\u011fi\u015fti\u011finde veya farkl\u0131 bir dergiye g\u00f6nderim yapaca\u011f\u0131n\u0131zda Word i\u00e7indeki Zotero sekmesinden \u015fu i\u015flemi uygulayabilirsiniz:<\/p><blockquote><p>\u015eu an APA 7 format\u0131nda 150 at\u0131f ve kaynak\u00e7a ile yazd\u0131\u011f\u0131m bu 30 sayfal\u0131k makalenin referans stilini Document Preferences (Belge Tercihleri) men\u00fcs\u00fcnden tek t\u0131kla &#8216;Chicago Manual of Style (Author-Date)&#8217; format\u0131na d\u00f6n\u00fc\u015ft\u00fcr. Hem metin i\u00e7i at\u0131flar\u0131n yerle\u015fimini hem de sondaki kaynak\u00e7a dizilimini s\u0131f\u0131r hatayla ba\u015ftan a\u015fa\u011f\u0131 g\u00fcncelle.<\/p><\/blockquote><h6><span style=\"font-size: 1rem;letter-spacing: 0px\">Yerle\u015fik PDF Okuyucu ve Not \u00c7\u0131kar\u0131m\u0131<\/span><\/h6><p>Makale i\u00e7indeki \u00f6nemli yerleri Word belgenize aktarmak i\u00e7in \u015fu i\u015f ak\u0131\u015f\u0131n\u0131 deneyebilirsiniz:<\/p><blockquote><p>Zotero&#8217;nun kendi PDF okuyucusunu kullanarak bu makaledeki \u00f6nemli metodoloji k\u0131s\u0131mlar\u0131n\u0131 sar\u0131, bulgular\u0131 ye\u015fil renkle vurgula. Ard\u0131ndan makaleye sa\u011f t\u0131klay\u0131p &#8216;Create Note from Annotations&#8217; (Vurgulardan Not Olu\u015ftur) diyerek, makalenin i\u00e7indeki t\u00fcm \u00e7izdi\u011fim yerleri, sayfa numaralar\u0131 ve orijinal t\u0131rnak i\u00e7i al\u0131nt\u0131lar\u0131yla birlikte tek bir HTML not sayfas\u0131na (veya Word tasla\u011f\u0131na) otonom olarak \u00e7ek.<\/p><\/blockquote><h6><span style=\"font-size: 1rem;letter-spacing: 0px\">Di\u011fer Yapay Zek\u00e2 Ara\u00e7lar\u0131yla (Research Rabbit, Afforai) Senkronizasyon<\/span><\/h6><p>Geni\u015f \u00e7apl\u0131 bir literat\u00fcr analizi i\u00e7in k\u00fct\u00fcphanenizi analiz ara\u00e7lar\u0131na ba\u011flamak i\u00e7in \u015fu komut etkilidir:<\/p><blockquote><p>Zotero&#8217;daki &#8216;\u0130klim De\u011fi\u015fikli\u011fi&#8217; isimli klas\u00f6r\u00fcm\u00fc API arac\u0131l\u0131\u011f\u0131yla Research Rabbit veya Afforai gibi yapay zek\u00e2 analiz platformlar\u0131na ba\u011fla. B\u00f6ylece benim se\u00e7ti\u011fim bu g\u00fcvenilir kaynak havuzu \u00fczerinden, yapay zek\u00e2n\u0131n literat\u00fcr haritalamas\u0131 yapmas\u0131n\u0131 veya belgelerimle sohbet etmesini sa\u011fla.<\/p><\/blockquote><h6>\u00d6rnek Prompt K\u00fct\u00fcphanesi<\/h6><p>Y\u00fczlerce makale aras\u0131ndan sadece belirli bir konuya odaklananlar\u0131 otomatik olarak filtreleyip dinamik bir klas\u00f6r kurgulamak istiyorsan\u0131z aray\u00fczde \u015fu komut\/kural zincirini olu\u015fturabilirsiniz:<\/p><blockquote><p>K\u00fct\u00fcphanemde &#8216;Ak\u0131ll\u0131 Arama&#8217; kural\u0131 olu\u015ftur. Ba\u015fl\u0131\u011f\u0131nda veya \u00f6zetinde &#8216;Yapay Zek\u00e2&#8217; VEYA &#8216;Makine \u00d6\u011frenmesi&#8217; ge\u00e7en, Y\u0131l olarak 2022&#8217;den sonra yay\u0131nlanm\u0131\u015f olan ve &#8216;Tez&#8217; etiketi (tag) ta\u015f\u0131yan t\u00fcm makaleleri otomatik olarak bu klas\u00f6re topla. Ben k\u00fct\u00fcphaneme yeni kaynak ekledik\u00e7e, bu kurallara uyanlar kendili\u011finden bu klas\u00f6re d\u00fc\u015fs\u00fcn.<\/p><\/blockquote>\t\t\t\t\t\t\t\t<\/div>\n\t\t\t\t<\/div>\n\t\t\t\t\t<\/div>\n\t\t<\/div>\n\t\t\t\t\t<\/div>\n\t\t<\/section>\n\t\t\t\t<section class=\"elementor-section elementor-top-section elementor-element elementor-element-c90c22c elementor-section-boxed elementor-section-height-default elementor-section-height-default\" data-id=\"c90c22c\" data-element_type=\"section\">\n\t\t\t\t\t\t<div class=\"elementor-container elementor-column-gap-default\">\n\t\t\t\t\t<div class=\"elementor-column elementor-col-100 elementor-top-column elementor-element elementor-element-db3af9a\" data-id=\"db3af9a\" data-element_type=\"column\">\n\t\t\t<div class=\"elementor-widget-wrap elementor-element-populated\">\n\t\t\t\t\t\t<div class=\"elementor-element elementor-element-132ccab elementor-widget elementor-widget-button\" data-id=\"132ccab\" data-element_type=\"widget\" data-widget_type=\"button.default\">\n\t\t\t\t<div class=\"elementor-widget-container\">\n\t\t\t\t\t\t\t\t\t<div class=\"elementor-button-wrapper\">\n\t\t\t\t\t<a class=\"elementor-button elementor-button-link elementor-size-sm\" href=\"http:\/\/zotero.org\" target=\"_blank\">\n\t\t\t\t\t\t<span class=\"elementor-button-content-wrapper\">\n\t\t\t\t\t\t\t\t\t<span class=\"elementor-button-text\">Buraya t\u0131kla<\/span>\n\t\t\t\t\t<\/span>\n\t\t\t\t\t<\/a>\n\t\t\t\t<\/div>\n\t\t\t\t\t\t\t\t<\/div>\n\t\t\t\t<\/div>\n\t\t\t\t\t<\/div>\n\t\t<\/div>\n\t\t\t\t\t<\/div>\n\t\t<\/section>\n\t\t\t\t<\/div>\n\t\t","protected":false},"excerpt":{"rendered":"<p>Zotero Nedir ve Neden \u00d6nemlidir? Zotero, ara\u015ft\u0131rmac\u0131lar\u0131n akademik kaynaklar\u0131 toplamas\u0131na, d\u00fczenlemesine, bu kaynaklar \u00fczerinde notlar almas\u0131na ve tek t\u0131kla at\u0131f\/kaynak\u00e7a olu\u015fturmas\u0131na olanak tan\u0131yan a\u00e7\u0131k kaynak kodlu ve tamamen \u00fccretsiz bir referans y\u00f6netim asistan\u0131d\u0131r. En b\u00fcy\u00fck fark\u0131, internet taray\u0131c\u0131n\u0131zda gezinirken buldu\u011funuz bir makalenin, kitab\u0131n veya haberin k\u00fcnye bilgilerini ve varsa tam metin PDF dosyas\u0131n\u0131 tek bir [&hellip;]<\/p>\n","protected":false},"author":666,"featured_media":0,"parent":0,"menu_order":0,"comment_status":"closed","ping_status":"closed","template":"","meta":{"footnotes":""},"class_list":["post-10011","page","type-page","status-publish","hentry"],"_links":{"self":[{"href":"https:\/\/atauni.edu.tr\/ogretme-ve-ogrenmeyi-gelistirme-uygulama-ve-arastirma-merkezi\/wp-json\/wp\/v2\/pages\/10011","targetHints":{"allow":["GET"]}}],"collection":[{"href":"https:\/\/atauni.edu.tr\/ogretme-ve-ogrenmeyi-gelistirme-uygulama-ve-arastirma-merkezi\/wp-json\/wp\/v2\/pages"}],"about":[{"href":"https:\/\/atauni.edu.tr\/ogretme-ve-ogrenmeyi-gelistirme-uygulama-ve-arastirma-merkezi\/wp-json\/wp\/v2\/types\/page"}],"author":[{"embeddable":true,"href":"https:\/\/atauni.edu.tr\/ogretme-ve-ogrenmeyi-gelistirme-uygulama-ve-arastirma-merkezi\/wp-json\/wp\/v2\/users\/666"}],"replies":[{"embeddable":true,"href":"https:\/\/atauni.edu.tr\/ogretme-ve-ogrenmeyi-gelistirme-uygulama-ve-arastirma-merkezi\/wp-json\/wp\/v2\/comments?post=10011"}],"version-history":[{"count":4,"href":"https:\/\/atauni.edu.tr\/ogretme-ve-ogrenmeyi-gelistirme-uygulama-ve-arastirma-merkezi\/wp-json\/wp\/v2\/pages\/10011\/revisions"}],"predecessor-version":[{"id":10017,"href":"https:\/\/atauni.edu.tr\/ogretme-ve-ogrenmeyi-gelistirme-uygulama-ve-arastirma-merkezi\/wp-json\/wp\/v2\/pages\/10011\/revisions\/10017"}],"wp:attachment":[{"href":"https:\/\/atauni.edu.tr\/ogretme-ve-ogrenmeyi-gelistirme-uygulama-ve-arastirma-merkezi\/wp-json\/wp\/v2\/media?parent=10011"}],"curies":[{"name":"wp","href":"https:\/\/api.w.org\/{rel}","templated":true}]}}