{"id":10021,"date":"2026-03-31T00:48:18","date_gmt":"2026-03-30T21:48:18","guid":{"rendered":"https:\/\/atauni.edu.tr\/ogretme-ve-ogrenmeyi-gelistirme-uygulama-ve-arastirma-merkezi\/?page_id=10021"},"modified":"2026-03-31T00:51:41","modified_gmt":"2026-03-30T21:51:41","slug":"youlearn-ai","status":"publish","type":"page","link":"https:\/\/atauni.edu.tr\/ogretme-ve-ogrenmeyi-gelistirme-uygulama-ve-arastirma-merkezi\/youlearn-ai\/","title":{"rendered":"YouLearn AI"},"content":{"rendered":"\t\t<div data-elementor-type=\"wp-page\" data-elementor-id=\"10021\" class=\"elementor elementor-10021\" data-elementor-post-type=\"page\">\n\t\t\t\t\t\t<section class=\"elementor-section elementor-top-section elementor-element elementor-element-8b4706c elementor-section-boxed elementor-section-height-default elementor-section-height-default\" data-id=\"8b4706c\" data-element_type=\"section\">\n\t\t\t\t\t\t<div class=\"elementor-container elementor-column-gap-default\">\n\t\t\t\t\t<div class=\"elementor-column elementor-col-100 elementor-top-column elementor-element elementor-element-c4d1e84\" data-id=\"c4d1e84\" data-element_type=\"column\">\n\t\t\t<div class=\"elementor-widget-wrap elementor-element-populated\">\n\t\t\t\t\t\t<div class=\"elementor-element elementor-element-a1e95ce elementor-widget elementor-widget-image\" data-id=\"a1e95ce\" data-element_type=\"widget\" data-widget_type=\"image.default\">\n\t\t\t\t<div class=\"elementor-widget-container\">\n\t\t\t\t\t\t\t\t\t\t\t\t\t\t\t<img fetchpriority=\"high\" decoding=\"async\" width=\"300\" height=\"300\" src=\"https:\/\/atauni.edu.tr\/ogretme-ve-ogrenmeyi-gelistirme-uygulama-ve-arastirma-merkezi\/wp-content\/uploads\/sites\/817\/2026\/03\/YL-300x300.png\" class=\"attachment-medium size-medium wp-image-10023\" alt=\"\" srcset=\"https:\/\/atauni.edu.tr\/ogretme-ve-ogrenmeyi-gelistirme-uygulama-ve-arastirma-merkezi\/wp-content\/uploads\/sites\/817\/2026\/03\/YL-300x300.png 300w, https:\/\/atauni.edu.tr\/ogretme-ve-ogrenmeyi-gelistirme-uygulama-ve-arastirma-merkezi\/wp-content\/uploads\/sites\/817\/2026\/03\/YL-150x150.png 150w, https:\/\/atauni.edu.tr\/ogretme-ve-ogrenmeyi-gelistirme-uygulama-ve-arastirma-merkezi\/wp-content\/uploads\/sites\/817\/2026\/03\/YL-560x560.png 560w, https:\/\/atauni.edu.tr\/ogretme-ve-ogrenmeyi-gelistirme-uygulama-ve-arastirma-merkezi\/wp-content\/uploads\/sites\/817\/2026\/03\/YL.png 600w\" sizes=\"(max-width: 300px) 100vw, 300px\" \/>\t\t\t\t\t\t\t\t\t\t\t\t\t\t\t<\/div>\n\t\t\t\t<\/div>\n\t\t\t\t\t<\/div>\n\t\t<\/div>\n\t\t\t\t\t<\/div>\n\t\t<\/section>\n\t\t\t\t<section class=\"elementor-section elementor-top-section elementor-element elementor-element-de4209e elementor-section-boxed elementor-section-height-default elementor-section-height-default\" data-id=\"de4209e\" data-element_type=\"section\">\n\t\t\t\t\t\t<div class=\"elementor-container elementor-column-gap-default\">\n\t\t\t\t\t<div class=\"elementor-column elementor-col-100 elementor-top-column elementor-element elementor-element-3a4c942\" data-id=\"3a4c942\" data-element_type=\"column\">\n\t\t\t<div class=\"elementor-widget-wrap elementor-element-populated\">\n\t\t\t\t\t\t<div class=\"elementor-element elementor-element-a4573fb elementor-widget elementor-widget-text-editor\" data-id=\"a4573fb\" data-element_type=\"widget\" data-widget_type=\"text-editor.default\">\n\t\t\t\t<div class=\"elementor-widget-container\">\n\t\t\t\t\t\t\t\t\t<h2>YouLearn AI Nedir ve Neden \u00d6nemlidir?<\/h2><p style=\"margin-bottom: 1rem;line-height: 1.5em\"><span style=\"font-size: 1rem;letter-spacing: 0px\">YouLearn AI, YouTube videolar\u0131n\u0131, PDF dosyalar\u0131n\u0131, ders notlar\u0131n\u0131 ve ses kay\u0131tlar\u0131n\u0131 saniyeler i\u00e7inde sizinle etkile\u015fime giren, ki\u015fiselle\u015ftirilmi\u015f bir yapay zek\u00e2 e\u011fitmenine d\u00f6n\u00fc\u015ft\u00fcren yenilik\u00e7i bir \u00f6\u011frenme platformudur. En b\u00fcy\u00fck fark\u0131, saatlerce s\u00fcren e\u011fitim videolar\u0131n\u0131 veya uzun makaleleri pasif bir \u015fekilde t\u00fcketmek yerine; sisteme y\u00fckledi\u011finiz bu materyallerle an\u0131nda sohbet edebilmeniz, otomatik \u00f6zetler, \u00e7al\u0131\u015fma rehberleri ve bilgi kartlar\u0131 \u00fcretebilmesidir. Bilgi y\u0131\u011f\u0131nlar\u0131 aras\u0131nda kaybolma engelini ortadan kald\u0131rarak, ki\u015fiselle\u015ftirilmi\u015f ve aktif \u00f6\u011frenme deneyimini tamamen de\u011fi\u015ftirir.<\/span><\/p><h3 data-path-to-node=\"4\">E\u011fitimde Kullan\u0131m Alanlar\u0131<\/h3><p data-path-to-node=\"5\">E\u011fitimciler ve ara\u015ft\u0131rmac\u0131lar i\u00e7in YouLearn AI, uzun asenkron materyalleri veya devasa okuma listelerini y\u00f6netilebilir, etkile\u015fimli par\u00e7alara ay\u0131ran dijital bir asistan gibi \u00e7al\u0131\u015f\u0131r. Geleneksel y\u00f6ntemlerde ba\u015ftan sona izlenmesi gereken akademik bir belgeseli veya okunmas\u0131 gereken a\u011f\u0131r bir raporu, \u00f6\u011frencilerin do\u011frudan sorular sorabilece\u011fi dinamik bir bilgi kayna\u011f\u0131na d\u00f6n\u00fc\u015ft\u00fcrmenizi sa\u011flar. \u00d6zellikle tersy\u00fcz s\u0131n\u0131f uygulamalar\u0131nda materyal zenginle\u015ftirmede, farkl\u0131 \u00f6\u011frenme h\u0131zlar\u0131na sahip \u00f6\u011frencilere bireyselle\u015ftirilmi\u015f \u00e7al\u0131\u015fma rehberleri sunmada ve karma\u015f\u0131k konular\u0131n kavranmas\u0131n\u0131 h\u0131zland\u0131rmada operasyonel y\u00fck\u00fc ciddi \u015fekilde hafifletir.<\/p><h3 data-path-to-node=\"6\">\u00d6\u011frenciler \u0130\u00e7in<\/h3><p data-path-to-node=\"7\">\u00d6\u011frenciler bu arac\u0131, vizelere veya finallere haz\u0131rlan\u0131rken saatlerce s\u00fcren ders kay\u0131tlar\u0131n\u0131 de\u015fifre etmek i\u00e7in hayat kurtar\u0131c\u0131 bir \u00e7al\u0131\u015fma arkada\u015f\u0131 olarak kullanabilir. Anlamad\u0131klar\u0131 veya ka\u00e7\u0131rd\u0131klar\u0131 2 saatlik bir YouTube ders videosunun linkini YouLearn AI arac\u0131na verip, &#8220;Bu videodaki en \u00f6nemli 5 kavram\u0131 bana a\u00e7\u0131kla&#8221; diyerek konuyu hap bilgilere d\u00f6n\u00fc\u015ft\u00fcrebilirler. Ayr\u0131ca sistemin otomatik olarak \u00fcretti\u011fi \u00e7oktan se\u00e7meli sorular ve bilgi kartlar\u0131 sayesinde, sadece okuyarak de\u011fil, kendilerini do\u011frudan teste tabi tutarak \u00f6z-d\u00fczenlemeli \u00f6\u011frenme becerilerini b\u00fcy\u00fck \u00f6l\u00e7\u00fcde geli\u015ftirirler.<\/p><h3 data-path-to-node=\"8\">\u00d6nemli Akademik Uyar\u0131<\/h3><p data-path-to-node=\"9\">YouLearn AI, materyalleri \u00f6zetleme ve sohbet edilebilir hale getirmede olduk\u00e7a ba\u015far\u0131l\u0131 olsa da, yapay zek\u00e2n\u0131n orijinal videodaki veya metindeki ince n\u00fcanslar\u0131, e\u011fitmenin as\u0131l vurgulamak istedi\u011fi pedagojik alt metni g\u00f6zden ka\u00e7\u0131rma riski her zaman vard\u0131r. Sistem size videonun veya makalenin \u00f6zetini saniyeler i\u00e7inde verse de, akademik bir s\u0131navda veya tezde do\u011frudan bu \u00f6zetlere g\u00fcvenmek yerine, orijinal kayna\u011f\u0131n ba\u011flam\u0131 mutlaka teyit edilmelidir. Bu platform, derinlemesine \u00e7al\u0131\u015fman\u0131n ve ele\u015ftirel okuman\u0131n\/izlemenin yerini alan bir &#8220;k\u0131sa yol&#8221; de\u011fil, karma\u015f\u0131k materyalleri kavramay\u0131 h\u0131zland\u0131ran g\u00fc\u00e7l\u00fc bir &#8220;etkile\u015fimli \u00f6\u011frenme ve sentez arac\u0131&#8221; olarak konumland\u0131r\u0131lmal\u0131d\u0131r.<\/p><h3 data-path-to-node=\"10\">Nas\u0131l Eri\u015filir?<\/h3><p data-path-to-node=\"11\"><a href=\"https:\/\/youlearn.ai\" target=\"_blank\" rel=\"noopener\" data-hveid=\"0\" data-ved=\"0CAAQ_4QMahgKEwiV76eKtMiTAxUAAAAAHQAAAAAQ_QU\">https:\/\/youlearn.ai<\/a> adresi \u00fczerinden \u00fccretsiz hesab\u0131n\u0131z\u0131 olu\u015fturarak, YouTube ba\u011flant\u0131lar\u0131n\u0131z\u0131 veya yerel PDF\/dok\u00fcman dosyalar\u0131n\u0131z\u0131 sisteme y\u00fcklemeye ve ki\u015fiselle\u015ftirilmi\u015f yapay zek\u00e2 e\u011fitmeninizle hemen etkile\u015fime ge\u00e7meye ba\u015flayabilirsiniz.<\/p><h3><span style=\"font-size: 1.75rem;letter-spacing: 0px\">Akademisyenler ve E\u011fitimciler \u0130\u00e7in: Yapay Zek\u00e2 Destekli Etkile\u015fimli Materyal \u00dcretimi<\/span><\/h3><p style=\"margin-bottom: 1rem;line-height: 1.5em\"><span style=\"font-size: 1rem;letter-spacing: 0px\">Akademik d\u00fcnyada \u00f6\u011frencilerin \u00e7oklu formatlardaki (video, ses, metin) i\u00e7eriklerle nas\u0131l etkile\u015fime girece\u011fini tasarlamak ve onlara an\u0131nda geri bildirim veren sistemler kurmak b\u00fcy\u00fck konfordur. YouLearn AI bu pedagojik esnekli\u011fi sa\u011flar. \u0130\u015fte kullanabilece\u011finiz baz\u0131 senaryolar:<\/span><\/p><h6><span style=\"font-size: 1rem;letter-spacing: 0px\">YouTube Videolar\u0131ndan \u00c7al\u0131\u015fma Rehberi \u00c7\u0131karma<\/span><\/h6><p style=\"margin-bottom: 1rem;line-height: 1.5em\">\u00d6\u011frencilerin asenkron olarak izlemesi gereken uzun bir videoyu yap\u0131land\u0131rmak i\u00e7in sisteme linki verip \u015fu komutu uygulayabilirsiniz:<\/p><blockquote><p style=\"margin-bottom: 1rem;line-height: 1.5em\">Sisteme y\u00fckledi\u011fim bu 45 dakikal\u0131k teorik YouTube ders videosunu analiz et. Videoda anlat\u0131lan temel kavramlar\u0131, yazar\u0131n verdi\u011fi ger\u00e7ek hayat \u00f6rneklerini ve b\u00f6l\u00fcm sonu \u00f6zetlerini i\u00e7eren yap\u0131land\u0131r\u0131lm\u0131\u015f, maddeler halinde bir \u00e7al\u0131\u015fma rehberi (study guide) olu\u015ftur.<\/p><\/blockquote><h6><span style=\"font-size: 1rem;letter-spacing: 0px\">\u00c7oklu Formattan S\u0131nav Haz\u0131rl\u0131\u011f\u0131<\/span><\/h6><p style=\"margin-bottom: 1rem;line-height: 1.5em\">Farkl\u0131 t\u00fcrdeki materyallerin kavranma d\u00fczeyini ayn\u0131 anda \u00f6l\u00e7mek i\u00e7in \u015fu y\u00f6ntemi deneyebilirsiniz:<\/p><blockquote><p style=\"margin-bottom: 1rem;line-height: 1.5em\">Bu \u00e7al\u0131\u015fma alan\u0131na ekledi\u011fim PDF ders notu ile destekleyici YouTube belgeselini birlikte tara. Her iki materyalin kesi\u015fim noktalar\u0131n\u0131 bularak, lisans \u00f6\u011frencilerinin derse haz\u0131rl\u0131k seviyesini \u00f6l\u00e7ebilece\u011fim 10 soruluk \u00e7oktan se\u00e7meli bir test ve detayl\u0131 cevap anahtar\u0131 haz\u0131rla.<\/p><\/blockquote><h6><span style=\"font-size: 1rem;letter-spacing: 0px\">Karma\u015f\u0131k Konular\u0131 Basitle\u015ftirme<\/span><\/h6><p style=\"margin-bottom: 1rem;line-height: 1.5em\">Videodaki a\u011f\u0131r bir teorik b\u00f6l\u00fcm\u00fc de\u015fifre etmek i\u00e7in do\u011frudan yapay zek\u00e2 asistan\u0131na \u015fu eylemi ger\u00e7ekle\u015ftirebilirsiniz:<\/p><blockquote><p style=\"margin-bottom: 1rem;line-height: 1.5em\">Videonun 12. dakikas\u0131ndan itibaren anlat\u0131lan &#8216;Bili\u015fsel Y\u00fck Teorisi&#8217; k\u0131sm\u0131n\u0131 detayl\u0131ca incele. Bu b\u00f6l\u00fcmdeki akademik dili basitle\u015ftirerek, konuyu alana yeni ba\u015flayan bir \u00f6\u011frencinin anlayabilece\u011fi \u015fekilde, ad\u0131m ad\u0131m ve g\u00f6rselle\u015ftirilebilecek pedagojik bir dille \u00f6zetle.<\/p><\/blockquote><h6><span style=\"font-size: 1rem;letter-spacing: 0px\">Otomatik Bilgi Kart\u0131 \u00dcretimi<\/span><\/h6><p style=\"margin-bottom: 1rem;line-height: 1.5em\">\u00d6\u011frencilerin kavram yan\u0131lg\u0131lar\u0131n\u0131 gidermek ve kal\u0131c\u0131 \u00f6\u011frenme sa\u011flamak i\u00e7in \u015fu komut etkilidir:<\/p><blockquote><p style=\"margin-bottom: 1rem;line-height: 1.5em\">Y\u00fckledi\u011fim bu 30 sayfal\u0131k makaledeki teknik terminolojiyi ve tan\u0131mlar\u0131 tespit et. \u00d6\u011frencilerin ezberden ziyade mant\u0131\u011f\u0131n\u0131 kavramas\u0131 i\u00e7in, terimlerin sadece s\u00f6zl\u00fck anlamlar\u0131n\u0131 de\u011fil, ara\u015ft\u0131rma ba\u011flam\u0131ndaki \u00f6nemini de i\u00e7eren etkile\u015fimli bilgi kartlar\u0131 (flashcards) seti olu\u015ftur.<\/p><\/blockquote><h6>\u00d6rnek Prompt K\u00fct\u00fcphanesi<\/h6><p style=\"margin-bottom: 1rem;line-height: 1.5em\">Platforma y\u00fckledi\u011finiz t\u00fcm d\u00f6nem materyallerini kullanarak b\u00fct\u00fcnc\u00fcl bir final haz\u0131rl\u0131k mod\u00fcl\u00fc olu\u015fturmak istiyorsan\u0131z \u015fu s\u00fcreci izleyebilirsiniz:<\/p><blockquote><p style=\"margin-bottom: 1rem;line-height: 1.5em\">Benim i\u00e7in y\u00fckledi\u011fim t\u00fcm bu d\u00f6neme ait ders materyallerini (2 video, 3 PDF) ba\u015ftan sona analiz et. \u00d6nce bu materyallerdeki ortak ana temalar\u0131 belirle; ard\u0131ndan final s\u0131nav\u0131na haz\u0131rl\u0131k amac\u0131yla, \u00f6\u011frencilerin hangi kavramlarda zorlanabilece\u011fini tahmin eden bir &#8216;Risk Analizi&#8217; \u00e7\u0131kar ve bu zorlu kavramlar i\u00e7in alternatif a\u00e7\u0131klama stratejileri ile \u00f6rnek vakalar i\u00e7eren bir derleme haz\u0131rla.<\/p><\/blockquote>\t\t\t\t\t\t\t\t<\/div>\n\t\t\t\t<\/div>\n\t\t\t\t\t<\/div>\n\t\t<\/div>\n\t\t\t\t\t<\/div>\n\t\t<\/section>\n\t\t\t\t<section class=\"elementor-section elementor-top-section elementor-element elementor-element-eb94879 elementor-section-boxed elementor-section-height-default elementor-section-height-default\" data-id=\"eb94879\" data-element_type=\"section\">\n\t\t\t\t\t\t<div class=\"elementor-container elementor-column-gap-default\">\n\t\t\t\t\t<div class=\"elementor-column elementor-col-100 elementor-top-column elementor-element elementor-element-afd19f2\" data-id=\"afd19f2\" data-element_type=\"column\">\n\t\t\t<div class=\"elementor-widget-wrap elementor-element-populated\">\n\t\t\t\t\t\t<div class=\"elementor-element elementor-element-9480a60 elementor-widget elementor-widget-button\" data-id=\"9480a60\" data-element_type=\"widget\" data-widget_type=\"button.default\">\n\t\t\t\t<div class=\"elementor-widget-container\">\n\t\t\t\t\t\t\t\t\t<div class=\"elementor-button-wrapper\">\n\t\t\t\t\t<a class=\"elementor-button elementor-button-link elementor-size-sm\" href=\"http:\/\/youlearn.ai\" target=\"_blank\">\n\t\t\t\t\t\t<span class=\"elementor-button-content-wrapper\">\n\t\t\t\t\t\t\t\t\t<span class=\"elementor-button-text\">Buraya t\u0131kla<\/span>\n\t\t\t\t\t<\/span>\n\t\t\t\t\t<\/a>\n\t\t\t\t<\/div>\n\t\t\t\t\t\t\t\t<\/div>\n\t\t\t\t<\/div>\n\t\t\t\t\t<\/div>\n\t\t<\/div>\n\t\t\t\t\t<\/div>\n\t\t<\/section>\n\t\t\t\t<\/div>\n\t\t","protected":false},"excerpt":{"rendered":"<p>YouLearn AI Nedir ve Neden \u00d6nemlidir? YouLearn AI, YouTube videolar\u0131n\u0131, PDF dosyalar\u0131n\u0131, ders notlar\u0131n\u0131 ve ses kay\u0131tlar\u0131n\u0131 saniyeler i\u00e7inde sizinle etkile\u015fime giren, ki\u015fiselle\u015ftirilmi\u015f bir yapay zek\u00e2 e\u011fitmenine d\u00f6n\u00fc\u015ft\u00fcren yenilik\u00e7i bir \u00f6\u011frenme platformudur. En b\u00fcy\u00fck fark\u0131, saatlerce s\u00fcren e\u011fitim videolar\u0131n\u0131 veya uzun makaleleri pasif bir \u015fekilde t\u00fcketmek yerine; sisteme y\u00fckledi\u011finiz bu materyallerle an\u0131nda sohbet edebilmeniz, otomatik [&hellip;]<\/p>\n","protected":false},"author":666,"featured_media":0,"parent":0,"menu_order":0,"comment_status":"closed","ping_status":"closed","template":"","meta":{"footnotes":""},"class_list":["post-10021","page","type-page","status-publish","hentry"],"_links":{"self":[{"href":"https:\/\/atauni.edu.tr\/ogretme-ve-ogrenmeyi-gelistirme-uygulama-ve-arastirma-merkezi\/wp-json\/wp\/v2\/pages\/10021","targetHints":{"allow":["GET"]}}],"collection":[{"href":"https:\/\/atauni.edu.tr\/ogretme-ve-ogrenmeyi-gelistirme-uygulama-ve-arastirma-merkezi\/wp-json\/wp\/v2\/pages"}],"about":[{"href":"https:\/\/atauni.edu.tr\/ogretme-ve-ogrenmeyi-gelistirme-uygulama-ve-arastirma-merkezi\/wp-json\/wp\/v2\/types\/page"}],"author":[{"embeddable":true,"href":"https:\/\/atauni.edu.tr\/ogretme-ve-ogrenmeyi-gelistirme-uygulama-ve-arastirma-merkezi\/wp-json\/wp\/v2\/users\/666"}],"replies":[{"embeddable":true,"href":"https:\/\/atauni.edu.tr\/ogretme-ve-ogrenmeyi-gelistirme-uygulama-ve-arastirma-merkezi\/wp-json\/wp\/v2\/comments?post=10021"}],"version-history":[{"count":7,"href":"https:\/\/atauni.edu.tr\/ogretme-ve-ogrenmeyi-gelistirme-uygulama-ve-arastirma-merkezi\/wp-json\/wp\/v2\/pages\/10021\/revisions"}],"predecessor-version":[{"id":10032,"href":"https:\/\/atauni.edu.tr\/ogretme-ve-ogrenmeyi-gelistirme-uygulama-ve-arastirma-merkezi\/wp-json\/wp\/v2\/pages\/10021\/revisions\/10032"}],"wp:attachment":[{"href":"https:\/\/atauni.edu.tr\/ogretme-ve-ogrenmeyi-gelistirme-uygulama-ve-arastirma-merkezi\/wp-json\/wp\/v2\/media?parent=10021"}],"curies":[{"name":"wp","href":"https:\/\/api.w.org\/{rel}","templated":true}]}}