{"id":10052,"date":"2026-03-31T19:09:42","date_gmt":"2026-03-31T16:09:42","guid":{"rendered":"https:\/\/atauni.edu.tr\/ogretme-ve-ogrenmeyi-gelistirme-uygulama-ve-arastirma-merkezi\/?page_id=10052"},"modified":"2026-03-31T19:20:19","modified_gmt":"2026-03-31T16:20:19","slug":"connectedpapers","status":"publish","type":"page","link":"https:\/\/atauni.edu.tr\/ogretme-ve-ogrenmeyi-gelistirme-uygulama-ve-arastirma-merkezi\/connectedpapers\/","title":{"rendered":"ConnectedPapers"},"content":{"rendered":"\t\t<div data-elementor-type=\"wp-page\" data-elementor-id=\"10052\" class=\"elementor elementor-10052\" data-elementor-post-type=\"page\">\n\t\t\t\t\t\t<section class=\"elementor-section elementor-top-section elementor-element elementor-element-2d732cf elementor-section-boxed elementor-section-height-default elementor-section-height-default\" data-id=\"2d732cf\" data-element_type=\"section\">\n\t\t\t\t\t\t<div class=\"elementor-container elementor-column-gap-default\">\n\t\t\t\t\t<div class=\"elementor-column elementor-col-100 elementor-top-column elementor-element elementor-element-90da7e4\" data-id=\"90da7e4\" data-element_type=\"column\">\n\t\t\t<div class=\"elementor-widget-wrap elementor-element-populated\">\n\t\t\t\t\t\t<div class=\"elementor-element elementor-element-e637460 elementor-widget elementor-widget-image\" data-id=\"e637460\" data-element_type=\"widget\" data-widget_type=\"image.default\">\n\t\t\t\t<div class=\"elementor-widget-container\">\n\t\t\t\t\t\t\t\t\t\t\t\t\t\t\t<img fetchpriority=\"high\" decoding=\"async\" width=\"300\" height=\"300\" src=\"https:\/\/atauni.edu.tr\/ogretme-ve-ogrenmeyi-gelistirme-uygulama-ve-arastirma-merkezi\/wp-content\/uploads\/sites\/817\/2026\/03\/Connected-300x300.png\" class=\"attachment-medium size-medium wp-image-10053\" alt=\"\" srcset=\"https:\/\/atauni.edu.tr\/ogretme-ve-ogrenmeyi-gelistirme-uygulama-ve-arastirma-merkezi\/wp-content\/uploads\/sites\/817\/2026\/03\/Connected-300x300.png 300w, https:\/\/atauni.edu.tr\/ogretme-ve-ogrenmeyi-gelistirme-uygulama-ve-arastirma-merkezi\/wp-content\/uploads\/sites\/817\/2026\/03\/Connected-150x150.png 150w, https:\/\/atauni.edu.tr\/ogretme-ve-ogrenmeyi-gelistirme-uygulama-ve-arastirma-merkezi\/wp-content\/uploads\/sites\/817\/2026\/03\/Connected-560x560.png 560w, https:\/\/atauni.edu.tr\/ogretme-ve-ogrenmeyi-gelistirme-uygulama-ve-arastirma-merkezi\/wp-content\/uploads\/sites\/817\/2026\/03\/Connected.png 600w\" sizes=\"(max-width: 300px) 100vw, 300px\" \/>\t\t\t\t\t\t\t\t\t\t\t\t\t\t\t<\/div>\n\t\t\t\t<\/div>\n\t\t\t\t\t<\/div>\n\t\t<\/div>\n\t\t\t\t\t<\/div>\n\t\t<\/section>\n\t\t\t\t<section class=\"elementor-section elementor-top-section elementor-element elementor-element-e5b9687 elementor-section-boxed elementor-section-height-default elementor-section-height-default\" data-id=\"e5b9687\" data-element_type=\"section\">\n\t\t\t\t\t\t<div class=\"elementor-container elementor-column-gap-default\">\n\t\t\t\t\t<div class=\"elementor-column elementor-col-100 elementor-top-column elementor-element elementor-element-5ce8ab5\" data-id=\"5ce8ab5\" data-element_type=\"column\">\n\t\t\t<div class=\"elementor-widget-wrap elementor-element-populated\">\n\t\t\t\t\t\t<div class=\"elementor-element elementor-element-dd61201 elementor-widget elementor-widget-text-editor\" data-id=\"dd61201\" data-element_type=\"widget\" data-widget_type=\"text-editor.default\">\n\t\t\t\t<div class=\"elementor-widget-container\">\n\t\t\t\t\t\t\t\t\t<h2>ConnectedPapers Nedir ve Neden \u00d6nemlidir?<\/h2><p style=\"margin-bottom: 1rem;line-height: 1.5em\"><span style=\"font-size: 1rem;letter-spacing: 0px\">Connected Papers, akademik makaleler aras\u0131ndaki at\u0131f ve benzerlik ili\u015fkilerini g\u00f6rsel bir a\u011f haritas\u0131 \u00fczerinden sunan yapay zek\u00e2 destekli bir literat\u00fcr ke\u015fif arac\u0131d\u0131r. En b\u00fcy\u00fck fark\u0131, geleneksel arama motorlar\u0131ndaki gibi alt alta s\u0131ralanm\u0131\u015f metin listeleri yerine; se\u00e7ti\u011finiz tek bir \u00f6nc\u00fc makaleden yola \u00e7\u0131karak o makaleye benzeyen, ona at\u0131f yapan veya onun at\u0131f yapt\u0131\u011f\u0131 t\u00fcm ilgili \u00e7al\u0131\u015fmalar\u0131 birbirine ba\u011fl\u0131 d\u00fc\u011f\u00fcmler halinde haritaland\u0131rmas\u0131d\u0131r. Anahtar kelime k\u0131s\u0131tlamalar\u0131na tak\u0131lmadan, bir ara\u015ft\u0131rma alan\u0131n\u0131n g\u00f6rsel anatomisini \u00e7\u0131karma ve literat\u00fcrdeki eksik halkalar\u0131 bulma deneyimini tamamen de\u011fi\u015ftirir.<\/span><\/p><h3 data-path-to-node=\"4\">E\u011fitimde Kullan\u0131m Alanlar\u0131<\/h3><p data-path-to-node=\"5\">E\u011fitimciler ve ara\u015ft\u0131rmac\u0131lar i\u00e7in Connected Papers, yeni girilen bir ara\u015ft\u0131rma alan\u0131n\u0131n s\u0131n\u0131rlar\u0131n\u0131 \u00e7izen dijital bir haritac\u0131 gibi \u00e7al\u0131\u015f\u0131r. Geleneksel y\u00f6ntemlerle haftalar s\u00fcrebilecek literat\u00fcr taramas\u0131n\u0131 h\u0131zland\u0131rarak, o alandaki en temel eserleri ve en g\u00fcncel geli\u015fmeleri saniyeler i\u00e7inde tek bir ekranda g\u00f6rmenizi sa\u011flar. \u00d6zellikle ders okuma listelerini olu\u015ftururken literat\u00fcrdeki farkl\u0131 &#8220;okullar\u0131&#8221; (d\u00fc\u015f\u00fcnce ak\u0131mlar\u0131n\u0131) tespit etmede ve disiplinleraras\u0131 ba\u011flant\u0131lar\u0131 g\u00f6rselle\u015ftirmede operasyonel y\u00fck\u00fc ciddi \u015fekilde hafifletir.<\/p><h3 data-path-to-node=\"6\">\u00d6\u011frenciler \u0130\u00e7in<\/h3><p data-path-to-node=\"7\">\u00d6\u011frenciler bu arac\u0131, tez veya bitirme projelerine ba\u015flarken &#8220;Hangi makaleleri okumal\u0131y\u0131m?&#8221; veya &#8220;\u00d6nemli bir kayna\u011f\u0131 g\u00f6zden ka\u00e7\u0131rd\u0131m m\u0131?&#8221; endi\u015fesini gidermek i\u00e7in hayat kurtar\u0131c\u0131 bir navigasyon arac\u0131 olarak kullanabilir. Konular\u0131yla ilgili bulduklar\u0131 en iyi makalenin ad\u0131n\u0131 sisteme girip, uygulaman\u0131n o makale etraf\u0131ndaki en g\u00fc\u00e7l\u00fc benzerlik a\u011f\u0131na sahip di\u011fer makaleleri g\u00f6rsel k\u00fcreler (koyu renkli ve b\u00fcy\u00fck k\u00fcreler daha \u00e7ok at\u0131f alanlard\u0131r) halinde sunmas\u0131n\u0131 sa\u011flayabilirler. Klasik veri tabanlar\u0131nda kaybolmak yerine, do\u011frudan en alakal\u0131 \u00e7al\u0131\u015fmalara odaklanarak literat\u00fcr okuma h\u0131zlar\u0131n\u0131 b\u00fcy\u00fck \u00f6l\u00e7\u00fcde art\u0131r\u0131rlar.<\/p><h3 data-path-to-node=\"8\">\u00d6nemli Akademik Uyar\u0131<\/h3><p data-path-to-node=\"9\">Connected Papers g\u00f6rsel haritalama ve makale ke\u015ffi konusunda \u00e7ok ba\u015far\u0131l\u0131 olsa da, haritay\u0131 olu\u015ftururken se\u00e7ti\u011finiz &#8220;ba\u015flang\u0131\u00e7 makalesine&#8221; (origin paper) a\u015f\u0131r\u0131 ba\u011f\u0131ml\u0131d\u0131r; yanl\u0131\u015f veya zay\u0131f bir makale se\u00e7erseniz, olu\u015fan harita da sizi as\u0131l literat\u00fcrden uzakla\u015ft\u0131rabilir. Ayr\u0131ca, iki makale aras\u0131ndaki ba\u011f\u0131n kal\u0131nl\u0131\u011f\u0131 metinlerin anlamsal benzerli\u011fini (co-citation ve bibliographic coupling) g\u00f6sterir, ancak bu at\u0131flar\u0131n destekleyici mi yoksa ele\u015ftirel mi oldu\u011funu s\u00f6ylemez. Bu platform, makaleleri sizin yerinize okuyan bir \u00f6zetleme arac\u0131 de\u011fil, hangi makalelerin okunmaya de\u011fer oldu\u011funu g\u00f6steren g\u00fc\u00e7l\u00fc bir &#8220;literat\u00fcr ke\u015fif ve g\u00f6rselle\u015ftirme arac\u0131&#8221; olarak konumland\u0131r\u0131lmal\u0131d\u0131r.<\/p><h3 data-path-to-node=\"10\">Nas\u0131l Eri\u015filir?<\/h3><p data-path-to-node=\"11\"><a href=\"https:\/\/www.connectedpapers.com\" target=\"_blank\" rel=\"noopener\" data-hveid=\"0\" data-ved=\"0CAAQ_4QMahgKEwj5_r21vcqTAxUAAAAAHQAAAAAQhwE\">https:\/\/www.connectedpapers.com<\/a> adresi \u00fczerinden \u00fccretsiz hesap olu\u015fturarak, ayl\u0131k belirli bir harita olu\u015fturma s\u0131n\u0131r\u0131 d\u00e2hilinde tek bir makale ad\u0131, DOI numaras\u0131, URL veya arXiv ID&#8217;si girerek literat\u00fcr a\u011flar\u0131n\u0131z\u0131 hemen haritaland\u0131rmaya ba\u015flayabilirsiniz<\/p><h3><span style=\"font-size: 1.75rem;letter-spacing: 0px\">Akademisyenler \u0130\u00e7in: G\u00f6rsel Literat\u00fcr Haritalama ve Ke\u015fif<\/span><\/h3><p><span style=\"font-size: 1rem;letter-spacing: 0px\">Akademik d\u00fcnyada bir konu etraf\u0131ndaki \u00e7al\u0131\u015fmalar\u0131 grupland\u0131rmak, makalelerin kronolojik evrimini ve ara\u015ft\u0131rma k\u00fcmelerini saniyeler i\u00e7inde g\u00f6rebilmek b\u00fcy\u00fck konfordur. Connected Papers do\u011frudan sohbet tabanl\u0131 komutlarla de\u011fil, arama \u00e7ubu\u011fu ve aray\u00fcz i\u00e7i butonlarla \u00e7al\u0131\u015f\u0131r, ancak bu analitik vizyonu \u015fu senaryolarla sa\u011flar:<\/span><\/p><h6><span data-path-to-node=\"14\" data-index-in-node=\"0\">\u00d6nc\u00fc \u00c7al\u0131\u015fmalar\u0131 Tespit Etme<\/span><\/h6><p>Ara\u015ft\u0131rma alan\u0131n\u0131z\u0131n tarihsel k\u00f6kenlerini ve o alanda yaz\u0131lm\u0131\u015f en temel referanslar\u0131 bulmak i\u00e7in olu\u015fturdu\u011funuz haritada \u015fu eylemi ger\u00e7ekle\u015ftirebilirsiniz:<\/p><blockquote><p>Olu\u015fturdu\u011fum haritan\u0131n sol \u00fcst k\u00f6\u015fesindeki &#8216;Prior Works&#8217; (\u00d6nc\u00fc \u00c7al\u0131\u015fmalar) sekmesine t\u0131kla. Benim haritamdaki makalelerin b\u00fcy\u00fck \u00e7o\u011funlu\u011funun ortakla\u015fa at\u0131f yapt\u0131\u011f\u0131, bu alan\u0131n teorik temelini atan ve okunmas\u0131 zorunlu olan (seminal) eski tarihli temel eserleri bana liste halinde sun.<\/p><\/blockquote><h6><span style=\"font-size: 1rem;letter-spacing: 0px\">En G\u00fcncel ve T\u00fcrev \u00c7al\u0131\u015fmalar\u0131 (Derivative Works) Ke\u015ffetme<\/span><\/h6><p>Se\u00e7ti\u011finiz alan\u0131n gelecekte nereye evrildi\u011fini ve en yeni akademik trendleri g\u00f6rmek i\u00e7in \u015fu y\u00f6ntemi deneyebilirsiniz:<\/p><blockquote><p>Harita ekran\u0131ndaki &#8216;Derivative Works&#8217; (T\u00fcrev \u00c7al\u0131\u015fmalar) sekmesine ge\u00e7. Benim odakland\u0131\u011f\u0131m temel makalelere veya onlar\u0131n bulundu\u011fu a\u011fa at\u0131f yaparak bu konuyu bir ad\u0131m ileri ta\u015f\u0131yan, yak\u0131n zamanda (son 1-2 y\u0131lda) yay\u0131nlanm\u0131\u015f en g\u00fcncel \u00e7al\u0131\u015fmalar\u0131 tespit et.<\/p><\/blockquote><h6><span style=\"font-size: 1rem;letter-spacing: 0px\">Literat\u00fcrdeki Eksik Halkalar\u0131 G\u00f6rsel Olarak Bulma<\/span><\/h6><p>G\u00f6zden ka\u00e7\u0131rd\u0131\u011f\u0131n\u0131z kilit bir makale olup olmad\u0131\u011f\u0131n\u0131 kontrol etmek i\u00e7in \u015fu g\u00f6rsel okumay\u0131 yapabilirsiniz:<\/p><blockquote><p>G\u00f6rsel haritadaki (Graph) renk kodlar\u0131n\u0131 ve k\u00fcre boyutlar\u0131n\u0131 analiz et. Benim konumla ayn\u0131 k\u00fcmede (cluster) yer alan, \u00e7ok koyu renkli (en yeni tarihli) ve \u00e7ok b\u00fcy\u00fck (en y\u00fcksek at\u0131fl\u0131) olan ancak benim kaynak\u00e7amda hen\u00fcz yer almayan o kilit makaleyi bularak \u00fczerine t\u0131kla ve sa\u011f panelden \u00f6zetini (abstract) oku.<\/p><\/blockquote><h6>Referans Y\u00f6neticileriyle Entegrasyon<\/h6><p>Buldu\u011funuz kaynaklar\u0131 do\u011frudan \u00e7al\u0131\u015fma k\u00fct\u00fcphanenize kal\u0131c\u0131 olarak aktarmak i\u00e7in \u015fu eylemi ger\u00e7ekle\u015ftirebilirsiniz:<\/p><blockquote><p>Harita \u00fczerinde ke\u015ffetti\u011fim ve ara\u015ft\u0131rmam i\u00e7in uygun buldu\u011fum t\u00fcm makaleleri se\u00e7. Ard\u0131ndan &#8216;Expand&#8217; (Geni\u015flet) men\u00fcs\u00fcnden bu makalelerin t\u00fcm k\u00fcnye bilgilerini .bib format\u0131nda indirerek veya Zotero\/Mendeley gibi referans y\u00f6netim arac\u0131ma tek t\u0131kla aktararak kaynak\u00e7a s\u00fcrecimi otomatikle\u015ftir.<\/p><\/blockquote><h6>\u00d6rnek Prompt K\u00fct\u00fcphanesi<\/h6><p>Kapsaml\u0131 bir tezin veya makalenin literat\u00fcr taramas\u0131n\u0131 tek bir ba\u015flang\u0131\u00e7 noktas\u0131 \u00fczerinden s\u0131f\u0131rdan in\u015fa etmek istiyorsan\u0131z, arama \u00e7ubu\u011funa temel makalenizin DOI numaras\u0131n\u0131 yap\u0131\u015ft\u0131r\u0131p hedefinizi \u015fu mant\u0131kla kurgulayabilirsiniz:<\/p><blockquote><p>Benim i\u00e7in [Anahtar Makalenizin DOI Numaras\u0131] k\u00fcnyeli bu \u00f6nc\u00fc makaleyi merkezine alan bir literat\u00fcr a\u011f\u0131 (graph) olu\u015ftur. Bu g\u00f6rsel a\u011f \u00fczerinden bana \u00fc\u00e7 farkl\u0131 katman \u00e7\u0131kar: 1) Bu konunun teorik temelini atan &#8216;Prior Works&#8217; (K\u00f6kler), 2) Bu a\u011fda yer alan makalelerin %80&#8217;iyle benzerlik g\u00f6steren merkez d\u00fc\u011f\u00fcmler (Hubs), 3) Bu konuyu g\u00fcn\u00fcm\u00fcze ta\u015f\u0131yan en yeni &#8216;Derivative Works&#8217; (Dallar). Buldu\u011fun bu temel kaynaklar\u0131 tezimin literat\u00fcr b\u00f6l\u00fcm\u00fcn\u00fc yap\u0131land\u0131rmak \u00fczere kullanaca\u011f\u0131m.<\/p><\/blockquote>\t\t\t\t\t\t\t\t<\/div>\n\t\t\t\t<\/div>\n\t\t\t\t\t<\/div>\n\t\t<\/div>\n\t\t\t\t\t<\/div>\n\t\t<\/section>\n\t\t\t\t<section class=\"elementor-section elementor-top-section elementor-element elementor-element-9089f0a elementor-section-boxed elementor-section-height-default elementor-section-height-default\" data-id=\"9089f0a\" data-element_type=\"section\">\n\t\t\t\t\t\t<div class=\"elementor-container elementor-column-gap-default\">\n\t\t\t\t\t<div class=\"elementor-column elementor-col-100 elementor-top-column elementor-element elementor-element-346b3d0\" data-id=\"346b3d0\" data-element_type=\"column\">\n\t\t\t<div class=\"elementor-widget-wrap elementor-element-populated\">\n\t\t\t\t\t\t<div class=\"elementor-element elementor-element-b1523ce elementor-widget elementor-widget-button\" data-id=\"b1523ce\" data-element_type=\"widget\" data-widget_type=\"button.default\">\n\t\t\t\t<div class=\"elementor-widget-container\">\n\t\t\t\t\t\t\t\t\t<div class=\"elementor-button-wrapper\">\n\t\t\t\t\t<a class=\"elementor-button elementor-button-link elementor-size-sm\" href=\"http:\/\/connectedpapers.com\" target=\"_blank\">\n\t\t\t\t\t\t<span class=\"elementor-button-content-wrapper\">\n\t\t\t\t\t\t\t\t\t<span class=\"elementor-button-text\">Buraya t\u0131kla<\/span>\n\t\t\t\t\t<\/span>\n\t\t\t\t\t<\/a>\n\t\t\t\t<\/div>\n\t\t\t\t\t\t\t\t<\/div>\n\t\t\t\t<\/div>\n\t\t\t\t\t<\/div>\n\t\t<\/div>\n\t\t\t\t\t<\/div>\n\t\t<\/section>\n\t\t\t\t<\/div>\n\t\t","protected":false},"excerpt":{"rendered":"<p>ConnectedPapers Nedir ve Neden \u00d6nemlidir? Connected Papers, akademik makaleler aras\u0131ndaki at\u0131f ve benzerlik ili\u015fkilerini g\u00f6rsel bir a\u011f haritas\u0131 \u00fczerinden sunan yapay zek\u00e2 destekli bir literat\u00fcr ke\u015fif arac\u0131d\u0131r. En b\u00fcy\u00fck fark\u0131, geleneksel arama motorlar\u0131ndaki gibi alt alta s\u0131ralanm\u0131\u015f metin listeleri yerine; se\u00e7ti\u011finiz tek bir \u00f6nc\u00fc makaleden yola \u00e7\u0131karak o makaleye benzeyen, ona at\u0131f yapan veya onun [&hellip;]<\/p>\n","protected":false},"author":666,"featured_media":0,"parent":0,"menu_order":0,"comment_status":"closed","ping_status":"closed","template":"","meta":{"footnotes":""},"class_list":["post-10052","page","type-page","status-publish","hentry"],"_links":{"self":[{"href":"https:\/\/atauni.edu.tr\/ogretme-ve-ogrenmeyi-gelistirme-uygulama-ve-arastirma-merkezi\/wp-json\/wp\/v2\/pages\/10052","targetHints":{"allow":["GET"]}}],"collection":[{"href":"https:\/\/atauni.edu.tr\/ogretme-ve-ogrenmeyi-gelistirme-uygulama-ve-arastirma-merkezi\/wp-json\/wp\/v2\/pages"}],"about":[{"href":"https:\/\/atauni.edu.tr\/ogretme-ve-ogrenmeyi-gelistirme-uygulama-ve-arastirma-merkezi\/wp-json\/wp\/v2\/types\/page"}],"author":[{"embeddable":true,"href":"https:\/\/atauni.edu.tr\/ogretme-ve-ogrenmeyi-gelistirme-uygulama-ve-arastirma-merkezi\/wp-json\/wp\/v2\/users\/666"}],"replies":[{"embeddable":true,"href":"https:\/\/atauni.edu.tr\/ogretme-ve-ogrenmeyi-gelistirme-uygulama-ve-arastirma-merkezi\/wp-json\/wp\/v2\/comments?post=10052"}],"version-history":[{"count":6,"href":"https:\/\/atauni.edu.tr\/ogretme-ve-ogrenmeyi-gelistirme-uygulama-ve-arastirma-merkezi\/wp-json\/wp\/v2\/pages\/10052\/revisions"}],"predecessor-version":[{"id":10059,"href":"https:\/\/atauni.edu.tr\/ogretme-ve-ogrenmeyi-gelistirme-uygulama-ve-arastirma-merkezi\/wp-json\/wp\/v2\/pages\/10052\/revisions\/10059"}],"wp:attachment":[{"href":"https:\/\/atauni.edu.tr\/ogretme-ve-ogrenmeyi-gelistirme-uygulama-ve-arastirma-merkezi\/wp-json\/wp\/v2\/media?parent=10052"}],"curies":[{"name":"wp","href":"https:\/\/api.w.org\/{rel}","templated":true}]}}