{"id":10204,"date":"2026-04-18T14:03:13","date_gmt":"2026-04-18T11:03:13","guid":{"rendered":"https:\/\/atauni.edu.tr\/ogretme-ve-ogrenmeyi-gelistirme-uygulama-ve-arastirma-merkezi\/?page_id=10204"},"modified":"2026-04-18T14:16:06","modified_gmt":"2026-04-18T11:16:06","slug":"paperguide","status":"publish","type":"page","link":"https:\/\/atauni.edu.tr\/ogretme-ve-ogrenmeyi-gelistirme-uygulama-ve-arastirma-merkezi\/paperguide\/","title":{"rendered":"Paperguide"},"content":{"rendered":"\t\t<div data-elementor-type=\"wp-page\" data-elementor-id=\"10204\" class=\"elementor elementor-10204\" data-elementor-post-type=\"page\">\n\t\t\t\t\t\t<section class=\"elementor-section elementor-top-section elementor-element elementor-element-ece73ab elementor-section-boxed elementor-section-height-default elementor-section-height-default\" data-id=\"ece73ab\" data-element_type=\"section\">\n\t\t\t\t\t\t<div class=\"elementor-container elementor-column-gap-default\">\n\t\t\t\t\t<div class=\"elementor-column elementor-col-100 elementor-top-column elementor-element elementor-element-a60e7f1\" data-id=\"a60e7f1\" data-element_type=\"column\">\n\t\t\t<div class=\"elementor-widget-wrap elementor-element-populated\">\n\t\t\t\t\t\t<div class=\"elementor-element elementor-element-68c7f40 elementor-widget elementor-widget-image\" data-id=\"68c7f40\" data-element_type=\"widget\" data-widget_type=\"image.default\">\n\t\t\t\t<div class=\"elementor-widget-container\">\n\t\t\t\t\t\t\t\t\t\t\t\t\t\t\t<img fetchpriority=\"high\" decoding=\"async\" width=\"300\" height=\"300\" src=\"https:\/\/atauni.edu.tr\/ogretme-ve-ogrenmeyi-gelistirme-uygulama-ve-arastirma-merkezi\/wp-content\/uploads\/sites\/817\/2026\/04\/DPaperguide-300x300.png\" class=\"attachment-medium size-medium wp-image-10206\" alt=\"\" srcset=\"https:\/\/atauni.edu.tr\/ogretme-ve-ogrenmeyi-gelistirme-uygulama-ve-arastirma-merkezi\/wp-content\/uploads\/sites\/817\/2026\/04\/DPaperguide-300x300.png 300w, https:\/\/atauni.edu.tr\/ogretme-ve-ogrenmeyi-gelistirme-uygulama-ve-arastirma-merkezi\/wp-content\/uploads\/sites\/817\/2026\/04\/DPaperguide-150x150.png 150w, https:\/\/atauni.edu.tr\/ogretme-ve-ogrenmeyi-gelistirme-uygulama-ve-arastirma-merkezi\/wp-content\/uploads\/sites\/817\/2026\/04\/DPaperguide-560x560.png 560w, https:\/\/atauni.edu.tr\/ogretme-ve-ogrenmeyi-gelistirme-uygulama-ve-arastirma-merkezi\/wp-content\/uploads\/sites\/817\/2026\/04\/DPaperguide.png 600w\" sizes=\"(max-width: 300px) 100vw, 300px\" \/>\t\t\t\t\t\t\t\t\t\t\t\t\t\t\t<\/div>\n\t\t\t\t<\/div>\n\t\t\t\t\t<\/div>\n\t\t<\/div>\n\t\t\t\t\t<\/div>\n\t\t<\/section>\n\t\t\t\t<section class=\"elementor-section elementor-top-section elementor-element elementor-element-898adef elementor-section-boxed elementor-section-height-default elementor-section-height-default\" data-id=\"898adef\" data-element_type=\"section\">\n\t\t\t\t\t\t<div class=\"elementor-container elementor-column-gap-default\">\n\t\t\t\t\t<div class=\"elementor-column elementor-col-100 elementor-top-column elementor-element elementor-element-b388f54\" data-id=\"b388f54\" data-element_type=\"column\">\n\t\t\t<div class=\"elementor-widget-wrap elementor-element-populated\">\n\t\t\t\t\t\t<div class=\"elementor-element elementor-element-3c29380 elementor-widget elementor-widget-text-editor\" data-id=\"3c29380\" data-element_type=\"widget\" data-widget_type=\"text-editor.default\">\n\t\t\t\t<div class=\"elementor-widget-container\">\n\t\t\t\t\t\t\t\t\t<h2>Paperguide Nedir ve Neden \u00d6nemlidir?<\/h2><p><span style=\"font-size: 1rem;letter-spacing: 0px\">Paperguide, literat\u00fcr taramas\u0131, karma\u015f\u0131k PDF analizi, referans y\u00f6netimi ve akademik yaz\u0131m s\u00fcre\u00e7lerini tek bir \u00e7al\u0131\u015fma alan\u0131nda birle\u015ftiren &#8220;hepsi bir arada&#8221; (all-in-one) yapay zek\u00e2 destekli bir ara\u015ft\u0131rma asistan\u0131d\u0131r. En b\u00fcy\u00fck fark\u0131; geleneksel s\u00fcre\u00e7lerde ayr\u0131 ayr\u0131 kullan\u0131lan Zotero (referans y\u00f6netimi), ChatPDF (belgeyle sohbet) ve Grammarly\/Quillbot (yaz\u0131m deste\u011fi) gibi ara\u00e7lar\u0131n i\u015flevlerini tek bir ekranda toplamas\u0131d\u0131r. Makaleleri okurken ayn\u0131 anda onlarla sohbet edebilmeniz, \u00e7\u0131kard\u0131\u011f\u0131n\u0131z notlar\u0131 do\u011frudan kendi kelime i\u015flemcisinde (yaz\u0131 edit\u00f6r\u00fcnde) akademik bir metne d\u00f6n\u00fc\u015ft\u00fcrebilmeniz ve metin i\u00e7i at\u0131flar\u0131 otomatik ekleyebilmeniz sayesinde; okuma, sentezleme ve yazma eylemleri aras\u0131ndaki par\u00e7alanm\u0131\u015f deneyimi tamamen de\u011fi\u015ftirir.<\/span><\/p><h3 data-path-to-node=\"4\">E\u011fitimde Kullan\u0131m Alanlar\u0131<\/h3><p data-path-to-node=\"5\"><span style=\"font-size: 1rem;letter-spacing: 0px\">E\u011fitimciler ve ara\u015ft\u0131rmac\u0131lar i\u00e7in Paperguide, ara\u015ft\u0131rma masas\u0131ndaki t\u00fcm da\u011f\u0131n\u0131kl\u0131\u011f\u0131 toplayan entegre bir dijital laboratuvar gibi \u00e7al\u0131\u015f\u0131r. Geleneksel y\u00f6ntemlerde farkl\u0131 pencereler aras\u0131nda sekme de\u011fi\u015ftirerek yap\u0131lan literat\u00fcr sentezini h\u0131zland\u0131r\u0131r. \u0130nternetten buldu\u011funuz bir makaleyi do\u011frudan k\u00fct\u00fcphanenize kaydetmenizi, yapay zek\u00e2ya makalenin en kritik y\u00f6ntem bulgular\u0131n\u0131 \u00f6zetletmenizi ve bu bulgular\u0131 yeni yazaca\u011f\u0131n\u0131z bir makalenin &#8220;Giri\u015f&#8221; b\u00f6l\u00fcm\u00fcne, do\u011fru APA\/MLA format\u0131yla an\u0131nda yerle\u015ftirmenizi sa\u011flayarak operasyonel y\u00fck\u00fc ciddi \u015fekilde hafifletir.<\/span><\/p><h3 data-path-to-node=\"6\">\u00d6\u011frenciler \u0130\u00e7in<\/h3><p data-path-to-node=\"7\"><span style=\"font-size: 1rem;letter-spacing: 0px\">\u00d6\u011frenciler bu arac\u0131, bitirme projeleri veya y\u00fcksek lisans tezleri yazarken &#8220;Bu bilgiyi nereden alm\u0131\u015ft\u0131m?&#8221; ve &#8220;C\u00fcmlemi nas\u0131l daha akademik kurabilirim?&#8221; sorunlar\u0131n\u0131 ayn\u0131 anda \u00e7\u00f6zmek i\u00e7in hayat kurtar\u0131c\u0131 bir yaz\u0131m asistan\u0131 olarak kullanabilir. Okumakta zorland\u0131klar\u0131 PDF&#8217;leri sisteme y\u00fckleyip yapay zek\u00e2ya a\u00e7\u0131klatabilir, ard\u0131ndan kendi taslak c\u00fcmlelerini Paperguide&#8217;\u0131n yaz\u0131m asistan\u0131na (AI Writer) vererek metnin daha profesyonel ve kurall\u0131 bir \u0130ngilizceye (veya desteklenen di\u011fer dillere) \u00e7evrilmesini sa\u011flayabilirler. Hem okuma hem de yazma s\u00fcrecini tek panelden y\u00fcr\u00fcterek ara\u015ft\u0131rma verimliliklerini b\u00fcy\u00fck \u00f6l\u00e7\u00fcde art\u0131r\u0131rlar.<\/span><\/p><h3 data-path-to-node=\"8\">\u00d6nemli Akademik Uyar\u0131<\/h3><p data-path-to-node=\"9\"><span style=\"font-size: 1rem;letter-spacing: 0px\">Paperguide, okuma ve yazma s\u00fcre\u00e7lerini birle\u015ftirmede \u00e7ok g\u00fc\u00e7l\u00fc olsa da, entegre &#8220;Yapay Zek\u00e2 Yaz\u0131m Asistan\u0131&#8221; \u00f6zelli\u011fi akademik d\u00fcr\u00fcstl\u00fck a\u00e7\u0131s\u0131ndan dikkatli kullan\u0131lmal\u0131d\u0131r. \u00dcretilen veya yeniden yazd\u0131r\u0131lan metinler, yapay zek\u00e2 tespit ara\u00e7lar\u0131na (AI detectors) tak\u0131labilir ve yazar\u0131n kendi \u00f6zg\u00fcn &#8220;akademik sesini&#8221; kaybetmesine neden olabilir. Ayr\u0131ca her PDF sohbet botunda oldu\u011fu gibi, yapay zek\u00e2n\u0131n makaledeki verileri yanl\u0131\u015f yorumlama ihtimali vard\u0131r. Bu platform, sizin yerinize s\u0131f\u0131rdan tez yazan otonom bir yazar de\u011fil, okuma y\u00fck\u00fcn\u00fcz\u00fc hafifletip fikirlerinizi akademik formata sokman\u0131za yard\u0131mc\u0131 olan g\u00fc\u00e7l\u00fc bir &#8220;b\u00fct\u00fcnle\u015fik okuma ve yaz\u0131m asistan\u0131&#8221; olarak konumland\u0131r\u0131lmal\u0131; \u00fcretilen her metin insan s\u00fczgecinden ge\u00e7irilmelidir.<\/span><\/p><h3 data-path-to-node=\"10\">Nas\u0131l Eri\u015filir?<\/h3><p data-path-to-node=\"11\"><a href=\"https:\/\/paperguide.ai\" target=\"_blank\" rel=\"noopener\" data-hveid=\"0\" data-ved=\"0CAAQ_4QMahgKEwjZ7qmuj_eTAxUAAAAAHQAAAAAQqAE\">https:\/\/paperguide.ai<\/a><span style=\"font-size: 1rem;letter-spacing: 0px\"> adresi \u00fczerinden \u00fccretsiz hesab\u0131n\u0131z\u0131 olu\u015fturarak; web tabanl\u0131 \u00e7al\u0131\u015fma alan\u0131na giri\u015f yapabilir, Chrome taray\u0131c\u0131 eklentisini kurarak internetteki makaleleri do\u011frudan k\u00fct\u00fcphanenize \u00e7ekmeye ve yapay zek\u00e2 edit\u00f6r\u00fcn\u00fc hemen kullanmaya ba\u015flayabilirsiniz.<\/span><\/p><h3><span style=\"font-size: 1.75rem;letter-spacing: 0px\">Akademisyenler ve E\u011fitimciler \u0130\u00e7in: Yapay Zek\u00e2 Destekli Okuma ve Yaz\u0131m S\u00fcreci<\/span><\/h3><p><span style=\"font-size: 1rem;letter-spacing: 0px\">Akademik d\u00fcnyada literat\u00fcr\u00fc g\u00fcvende tutmak, PDF&#8217;leri analiz etmek ve \u00e7\u0131kan notlar\u0131 an\u0131nda metne d\u00f6n\u00fc\u015ft\u00fcrmek b\u00fcy\u00fck konfordur. Paperguide bu u\u00e7tan uca ara\u015ft\u0131rma h\u0131z\u0131n\u0131 sa\u011flar. \u0130\u015fte platform aray\u00fcz\u00fcnde kullanabilece\u011finiz baz\u0131 senaryolar:<\/span><\/p><h6>\u00c7oklu Belge Sohbeti ve \u00c7apraz Sentez<\/h6><p>Farkl\u0131 yazarlar\u0131n ayn\u0131 konu hakk\u0131ndaki g\u00f6r\u00fc\u015flerini h\u0131zl\u0131ca k\u0131yaslamak i\u00e7in \u015fu eylemi ger\u00e7ekle\u015ftirebilirsiniz:<\/p><blockquote><p>K\u00fct\u00fcphaneme ekledi\u011fim &#8216;\u00d6\u011frenme Analitikleri&#8217; konulu 4 farkl\u0131 makaleyi se\u00e7erek \u00e7oklu sohbet (Multi-Chat) ba\u015flat. Yapay zek\u00e2ya \u015fu komutu ver: &#8216;Bu 4 makaledeki ara\u015ft\u0131rmac\u0131lar\u0131n \u00f6\u011frencilerin veri gizlili\u011fi konusundaki temel kayg\u0131lar\u0131n\u0131 kar\u015f\u0131la\u015ft\u0131r. Hangi konularda uzla\u015ft\u0131klar\u0131n\u0131 ve ayr\u0131\u015ft\u0131klar\u0131n\u0131, her birinin sonuna makale at\u0131flar\u0131n\u0131 ekleyerek \u00f6zetle.&#8217;<\/p><\/blockquote><h6>Yapay Zek\u00e2 Destekli Akademik Yaz\u0131m<\/h6><p>Kendi yazd\u0131\u011f\u0131n\u0131z taslak bir metnin kalitesini art\u0131rmak i\u00e7in entegre edit\u00f6rde \u015fu y\u00f6ntemi deneyebilirsiniz:<\/p><blockquote><p>Ka\u011f\u0131t \u00fczerinde h\u0131zl\u0131ca yazd\u0131\u011f\u0131m taslak &#8216;Tart\u0131\u015fma&#8217; paragraf\u0131n\u0131 metin edit\u00f6r\u00fcne yap\u0131\u015ft\u0131r. &#8216;Paraphrase&#8217; arac\u0131n\u0131 se\u00e7ip tonu (Akademik) olarak ayarla. Sistemin, basit ve tekrarlayan kelimeleri alan\u0131n terminolojisine uygun, daha ak\u0131c\u0131 ve profesyonel bir yap\u0131ya d\u00f6n\u00fc\u015ft\u00fcrmesini sa\u011fla.<\/p><\/blockquote><h6>Entegre Referans Y\u00f6netimi<\/h6><p>D\u0131\u015far\u0131dan bir program kullanmadan at\u0131flar\u0131n\u0131z\u0131 y\u00f6netmek i\u00e7in \u015fu i\u015f ak\u0131\u015f\u0131 etkilidir:<\/p><blockquote><p>Taray\u0131c\u0131 eklentisi ile Google Scholar \u00fczerinden buldu\u011fum 10 makaleyi tek t\u0131kla Paperguide k\u00fct\u00fcphaneme ekle. Makalemi yazarken &#8216;@&#8217; tu\u015funa basarak k\u00fct\u00fcphanemdeki kayna\u011f\u0131 \u00e7a\u011f\u0131r ve sistemin metin i\u00e7i at\u0131f\u0131 ve sayfa sonu kaynak\u00e7as\u0131n\u0131APA 7 format\u0131nda otonom olarak olu\u015fturmas\u0131n\u0131 sa\u011fla.<\/p><\/blockquote><h6>Kavramsal Notland\u0131rma ve Fikir A\u011fac\u0131 Olu\u015fturma<\/h6><p>Okuma s\u00fcrecini yazma s\u00fcrecine ba\u011flamak i\u00e7in \u015fu komut mant\u0131\u011f\u0131 etkilidir:<\/p><blockquote><p>Makaleyi okurken alt\u0131n\u0131 \u00e7izdi\u011fim (highlight) \u00f6nemli bulgular\u0131 tek bir t\u0131klamayla sa\u011f paneldeki ki\u015fisel &#8216;Notlar&#8217; (Notes) sekmesine aktar. Makale okumalar\u0131m bitti\u011finde, sadece bu \u00e7\u0131kard\u0131\u011f\u0131m notlar\u0131 s\u00fcr\u00fckle-b\u0131rak y\u00f6ntemiyle bo\u015f sayfaya alarak kendi makalemin iskeletini (outline) kur.<\/p><\/blockquote><h6>\u00d6rnek Prompt K\u00fct\u00fcphanesi<\/h6><p>Kapsaml\u0131 bir literat\u00fcr taramas\u0131n\u0131 s\u0131f\u0131rdan okuyup sentezleyerek metne d\u00f6kmek istiyorsan\u0131z, platformun \u00e7oklu analiz ve yaz\u0131m ara\u00e7lar\u0131n\u0131 birle\u015ftirerek \u015fu s\u00fcreci ba\u015flatabilirsiniz:<\/p><blockquote><p>\u00c7al\u0131\u015fma klas\u00f6r\u00fcme y\u00fckledi\u011fim son 5 y\u0131la ait bu 8 temel makaleyi analiz et. Benim i\u00e7in &#8216;Giyilebilir Teknolojilerin E\u011fitimde Kullan\u0131m\u0131&#8217; konulu bir literat\u00fcr taramas\u0131 tasla\u011f\u0131 olu\u015ftur. Tasla\u011f\u0131 yazarken, bu 8 makalenin y\u00f6ntemlerini ve bulgular\u0131n\u0131 s\u0131n\u0131fland\u0131r; bo\u015f ve jenerik c\u00fcmleler kurmak yerine do\u011frudan makalelerdeki say\u0131sal verilere ve ampirik sonu\u00e7lara odaklan. Yazd\u0131\u011f\u0131n her arg\u00fcman\u0131n sonuna k\u00fct\u00fcphanemden ilgili yazar\u0131n at\u0131f\u0131n\u0131 format\u0131nda otomatik olarak ekle.<\/p><\/blockquote>\t\t\t\t\t\t\t\t<\/div>\n\t\t\t\t<\/div>\n\t\t\t\t\t<\/div>\n\t\t<\/div>\n\t\t\t\t\t<\/div>\n\t\t<\/section>\n\t\t\t\t<section class=\"elementor-section elementor-top-section elementor-element elementor-element-c04552e elementor-section-boxed elementor-section-height-default elementor-section-height-default\" data-id=\"c04552e\" data-element_type=\"section\">\n\t\t\t\t\t\t<div class=\"elementor-container elementor-column-gap-default\">\n\t\t\t\t\t<div class=\"elementor-column elementor-col-100 elementor-top-column elementor-element elementor-element-b02aae2\" data-id=\"b02aae2\" data-element_type=\"column\">\n\t\t\t<div class=\"elementor-widget-wrap elementor-element-populated\">\n\t\t\t\t\t\t<div class=\"elementor-element elementor-element-f7ecd11 elementor-widget elementor-widget-button\" data-id=\"f7ecd11\" data-element_type=\"widget\" data-widget_type=\"button.default\">\n\t\t\t\t<div class=\"elementor-widget-container\">\n\t\t\t\t\t\t\t\t\t<div class=\"elementor-button-wrapper\">\n\t\t\t\t\t<a class=\"elementor-button elementor-button-link elementor-size-sm\" href=\"http:\/\/paperguide.ai\" target=\"_blank\">\n\t\t\t\t\t\t<span class=\"elementor-button-content-wrapper\">\n\t\t\t\t\t\t\t\t\t<span class=\"elementor-button-text\">Buraya t\u0131kla<\/span>\n\t\t\t\t\t<\/span>\n\t\t\t\t\t<\/a>\n\t\t\t\t<\/div>\n\t\t\t\t\t\t\t\t<\/div>\n\t\t\t\t<\/div>\n\t\t\t\t\t<\/div>\n\t\t<\/div>\n\t\t\t\t\t<\/div>\n\t\t<\/section>\n\t\t\t\t<\/div>\n\t\t","protected":false},"excerpt":{"rendered":"<p>Paperguide Nedir ve Neden \u00d6nemlidir? Paperguide, literat\u00fcr taramas\u0131, karma\u015f\u0131k PDF analizi, referans y\u00f6netimi ve akademik yaz\u0131m s\u00fcre\u00e7lerini tek bir \u00e7al\u0131\u015fma alan\u0131nda birle\u015ftiren &#8220;hepsi bir arada&#8221; (all-in-one) yapay zek\u00e2 destekli bir ara\u015ft\u0131rma asistan\u0131d\u0131r. En b\u00fcy\u00fck fark\u0131; geleneksel s\u00fcre\u00e7lerde ayr\u0131 ayr\u0131 kullan\u0131lan Zotero (referans y\u00f6netimi), ChatPDF (belgeyle sohbet) ve Grammarly\/Quillbot (yaz\u0131m deste\u011fi) gibi ara\u00e7lar\u0131n i\u015flevlerini tek bir [&hellip;]<\/p>\n","protected":false},"author":666,"featured_media":0,"parent":0,"menu_order":0,"comment_status":"closed","ping_status":"closed","template":"","meta":{"footnotes":""},"class_list":["post-10204","page","type-page","status-publish","hentry"],"_links":{"self":[{"href":"https:\/\/atauni.edu.tr\/ogretme-ve-ogrenmeyi-gelistirme-uygulama-ve-arastirma-merkezi\/wp-json\/wp\/v2\/pages\/10204","targetHints":{"allow":["GET"]}}],"collection":[{"href":"https:\/\/atauni.edu.tr\/ogretme-ve-ogrenmeyi-gelistirme-uygulama-ve-arastirma-merkezi\/wp-json\/wp\/v2\/pages"}],"about":[{"href":"https:\/\/atauni.edu.tr\/ogretme-ve-ogrenmeyi-gelistirme-uygulama-ve-arastirma-merkezi\/wp-json\/wp\/v2\/types\/page"}],"author":[{"embeddable":true,"href":"https:\/\/atauni.edu.tr\/ogretme-ve-ogrenmeyi-gelistirme-uygulama-ve-arastirma-merkezi\/wp-json\/wp\/v2\/users\/666"}],"replies":[{"embeddable":true,"href":"https:\/\/atauni.edu.tr\/ogretme-ve-ogrenmeyi-gelistirme-uygulama-ve-arastirma-merkezi\/wp-json\/wp\/v2\/comments?post=10204"}],"version-history":[{"count":4,"href":"https:\/\/atauni.edu.tr\/ogretme-ve-ogrenmeyi-gelistirme-uygulama-ve-arastirma-merkezi\/wp-json\/wp\/v2\/pages\/10204\/revisions"}],"predecessor-version":[{"id":10210,"href":"https:\/\/atauni.edu.tr\/ogretme-ve-ogrenmeyi-gelistirme-uygulama-ve-arastirma-merkezi\/wp-json\/wp\/v2\/pages\/10204\/revisions\/10210"}],"wp:attachment":[{"href":"https:\/\/atauni.edu.tr\/ogretme-ve-ogrenmeyi-gelistirme-uygulama-ve-arastirma-merkezi\/wp-json\/wp\/v2\/media?parent=10204"}],"curies":[{"name":"wp","href":"https:\/\/api.w.org\/{rel}","templated":true}]}}