{"id":10214,"date":"2026-04-18T15:33:59","date_gmt":"2026-04-18T12:33:59","guid":{"rendered":"https:\/\/atauni.edu.tr\/ogretme-ve-ogrenmeyi-gelistirme-uygulama-ve-arastirma-merkezi\/?page_id=10214"},"modified":"2026-04-18T15:34:45","modified_gmt":"2026-04-18T12:34:45","slug":"explainpaper","status":"publish","type":"page","link":"https:\/\/atauni.edu.tr\/ogretme-ve-ogrenmeyi-gelistirme-uygulama-ve-arastirma-merkezi\/explainpaper\/","title":{"rendered":"Explainpaper"},"content":{"rendered":"\t\t<div data-elementor-type=\"wp-page\" data-elementor-id=\"10214\" class=\"elementor elementor-10214\" data-elementor-post-type=\"page\">\n\t\t\t\t\t\t<section class=\"elementor-section elementor-top-section elementor-element elementor-element-ca8be26 elementor-section-boxed elementor-section-height-default elementor-section-height-default\" data-id=\"ca8be26\" data-element_type=\"section\">\n\t\t\t\t\t\t<div class=\"elementor-container elementor-column-gap-default\">\n\t\t\t\t\t<div class=\"elementor-column elementor-col-100 elementor-top-column elementor-element elementor-element-b0879f1\" data-id=\"b0879f1\" data-element_type=\"column\">\n\t\t\t<div class=\"elementor-widget-wrap elementor-element-populated\">\n\t\t\t\t\t\t<div class=\"elementor-element elementor-element-06e3d90 elementor-widget elementor-widget-image\" data-id=\"06e3d90\" data-element_type=\"widget\" data-widget_type=\"image.default\">\n\t\t\t\t<div class=\"elementor-widget-container\">\n\t\t\t\t\t\t\t\t\t\t\t\t\t\t\t<img fetchpriority=\"high\" decoding=\"async\" width=\"300\" height=\"300\" src=\"https:\/\/atauni.edu.tr\/ogretme-ve-ogrenmeyi-gelistirme-uygulama-ve-arastirma-merkezi\/wp-content\/uploads\/sites\/817\/2026\/04\/DExplain-300x300.png\" class=\"attachment-medium size-medium wp-image-10216\" alt=\"\" srcset=\"https:\/\/atauni.edu.tr\/ogretme-ve-ogrenmeyi-gelistirme-uygulama-ve-arastirma-merkezi\/wp-content\/uploads\/sites\/817\/2026\/04\/DExplain-300x300.png 300w, https:\/\/atauni.edu.tr\/ogretme-ve-ogrenmeyi-gelistirme-uygulama-ve-arastirma-merkezi\/wp-content\/uploads\/sites\/817\/2026\/04\/DExplain-150x150.png 150w, https:\/\/atauni.edu.tr\/ogretme-ve-ogrenmeyi-gelistirme-uygulama-ve-arastirma-merkezi\/wp-content\/uploads\/sites\/817\/2026\/04\/DExplain-560x560.png 560w, https:\/\/atauni.edu.tr\/ogretme-ve-ogrenmeyi-gelistirme-uygulama-ve-arastirma-merkezi\/wp-content\/uploads\/sites\/817\/2026\/04\/DExplain.png 600w\" sizes=\"(max-width: 300px) 100vw, 300px\" \/>\t\t\t\t\t\t\t\t\t\t\t\t\t\t\t<\/div>\n\t\t\t\t<\/div>\n\t\t\t\t\t<\/div>\n\t\t<\/div>\n\t\t\t\t\t<\/div>\n\t\t<\/section>\n\t\t\t\t<section class=\"elementor-section elementor-top-section elementor-element elementor-element-52e372e elementor-section-boxed elementor-section-height-default elementor-section-height-default\" data-id=\"52e372e\" data-element_type=\"section\">\n\t\t\t\t\t\t<div class=\"elementor-container elementor-column-gap-default\">\n\t\t\t\t\t<div class=\"elementor-column elementor-col-100 elementor-top-column elementor-element elementor-element-ce3cb8f\" data-id=\"ce3cb8f\" data-element_type=\"column\">\n\t\t\t<div class=\"elementor-widget-wrap elementor-element-populated\">\n\t\t\t\t\t\t<div class=\"elementor-element elementor-element-1f09ee1 elementor-widget elementor-widget-text-editor\" data-id=\"1f09ee1\" data-element_type=\"widget\" data-widget_type=\"text-editor.default\">\n\t\t\t\t<div class=\"elementor-widget-container\">\n\t\t\t\t\t\t\t\t\t<h2>Explainpaper Nedir ve Neden \u00d6nemlidir?<\/h2><p><span style=\"font-size: 1rem;letter-spacing: 0px\">Explainpaper, anla\u015f\u0131lmas\u0131 zor, a\u011f\u0131r bir akademik dille yaz\u0131lm\u0131\u015f bilimsel makaleleri okurken t\u0131kand\u0131\u011f\u0131n\u0131z paragraflar\u0131 vurgulad\u0131\u011f\u0131n\u0131zda (highlight), o b\u00f6l\u00fcm\u00fc sizin i\u00e7in daha anla\u015f\u0131l\u0131r bir dile \u00e7eviren yapay zek\u00e2 destekli bir &#8220;akademik \u00e7evirmen&#8221; ve okuma asistan\u0131d\u0131r. En b\u00fcy\u00fck fark\u0131; makalenin tamam\u0131n\u0131 genel hatlar\u0131yla \u00f6zetlemek yerine, do\u011frudan anlamad\u0131\u011f\u0131n\u0131z spesifik bir c\u00fcmleyi, teoriyi veya form\u00fcl\u00fc se\u00e7menize olanak tan\u0131mas\u0131 ve a\u00e7\u0131klamay\u0131 &#8220;Ortaokul&#8221;, &#8220;Lise&#8221;, &#8220;Lisans&#8221; veya &#8220;Uzman&#8221; gibi farkl\u0131 kavrama seviyelerine g\u00f6re otonom olarak uyarlayabilmesidir. A\u011f\u0131r akademik jargon duvar\u0131na \u00e7arp\u0131p okumay\u0131 b\u0131rakma (veya odak kaybetme) engelini ortadan kald\u0131rarak, zorlu metinleri ad\u0131m ad\u0131m ve derinlemesine de\u015fifre etme deneyimini tamamen de\u011fi\u015ftirir.<\/span><\/p><h3 data-path-to-node=\"4\">E\u011fitimde Kullan\u0131m Alanlar\u0131<\/h3><p data-path-to-node=\"5\"><span style=\"font-size: 1rem;letter-spacing: 0px\">E\u011fitimciler ve ara\u015ft\u0131rmac\u0131lar i\u00e7in Explainpaper, yan\u0131n\u0131zda oturan ve her tak\u0131ld\u0131\u011f\u0131n\u0131z kelimede size konuyu a\u00e7\u0131klayan sab\u0131rl\u0131 bir meslekta\u015f gibi \u00e7al\u0131\u015f\u0131r. Geleneksel y\u00f6ntemlerde saatlerce s\u00f6zl\u00fck, yan kaynak veya Vikipedi kar\u0131\u015ft\u0131rmay\u0131 gerektiren yeni bir disipline ait terimleri an\u0131nda basitle\u015ftirir. \u00d6zellikle \u00e7ok disiplinli ara\u015ft\u0131rmalar yaparken kendi alan\u0131n\u0131z d\u0131\u015f\u0131ndaki makaleleri okumada, \u00f6\u011frencilerin okumakta zorlanaca\u011f\u0131 a\u011f\u0131r metinleri daha eri\u015filebilir k\u0131lacak ek a\u00e7\u0131klamalar (rubrikler) haz\u0131rlamada ve yabanc\u0131 dildeki karma\u015f\u0131k ba\u011fla\u00e7l\u0131 c\u00fcmle yap\u0131lar\u0131n\u0131 \u00e7\u00f6zmede operasyonel y\u00fck\u00fc ciddi \u015fekilde hafifletir.<\/span><\/p><h3 data-path-to-node=\"6\">\u00d6\u011frenciler \u0130\u00e7in<\/h3><p data-path-to-node=\"7\"><span style=\"font-size: 1rem;letter-spacing: 0px\">\u00d6\u011frenciler bu arac\u0131, lisans veya lisans\u00fcst\u00fc e\u011fitime yeni ba\u015flad\u0131klar\u0131nda kar\u015f\u0131la\u015ft\u0131klar\u0131 &#8220;Makaleye bak\u0131yorum ama hi\u00e7bir \u015fey anlam\u0131yorum&#8221; sendromunu a\u015fmak i\u00e7in hayat kurtar\u0131c\u0131 bir ki\u015fisel okuma mentoru olarak kullanabilir. Okuduklar\u0131 PDF \u00fczerindeki karma\u015f\u0131k bir metodoloji paragraf\u0131n\u0131 fareyle \u00e7izip, sistemden bu b\u00f6l\u00fcm\u00fc &#8220;Bana 5 ya\u015f\u0131ndaym\u0131\u015f\u0131m gibi anlat&#8221; mant\u0131\u011f\u0131yla a\u00e7\u0131klamas\u0131n\u0131 isteyebilirler. Yaln\u0131zca ezberlemek yerine jargonlar\u0131n arkas\u0131ndaki temel mant\u0131\u011f\u0131 kavrayarak, bilimsel makale okuma korkular\u0131n\u0131 yener ve kendi kendilerine akademik okuryazarl\u0131k becerilerini b\u00fcy\u00fck \u00f6l\u00e7\u00fcde geli\u015ftirirler.<\/span><\/p><h3 data-path-to-node=\"8\">\u00d6nemli Akademik Uyar\u0131<\/h3><p data-path-to-node=\"9\"><span style=\"font-size: 1rem;letter-spacing: 0px\">Explainpaper karma\u015f\u0131k c\u00fcmleleri basitle\u015ftirmede \u00e7ok ba\u015far\u0131l\u0131 olsa da, akademik metinlerin do\u011fas\u0131 gere\u011fi bar\u0131nd\u0131rd\u0131\u011f\u0131 yo\u011fun teorik ba\u011flam, bu basitle\u015ftirme i\u015flemi s\u0131ras\u0131nda kaybolabilir. Yapay zek\u00e2n\u0131n &#8220;ortaokul seviyesinde&#8221; sundu\u011fu bir a\u00e7\u0131klama, teorinin sahip oldu\u011fu ince n\u00fcanslar\u0131 ve yazar\u0131n as\u0131l kastetti\u011fi bilimsel a\u011f\u0131rl\u0131\u011f\u0131 tam olarak yans\u0131tmayacakt\u0131r. Ayr\u0131ca, bazen sadece se\u00e7ili metne odakland\u0131\u011f\u0131 i\u00e7in, makalenin genel arg\u00fcman\u0131yla veya bir sonraki sayfadaki verilerle \u00e7eli\u015fen dar g\u00f6r\u00fc\u015fl\u00fc a\u00e7\u0131klamalar \u00fcretebilir. Bu ara\u00e7, akademik bilginin orijinal ve nihai hali de\u011fil, o bilgiye ula\u015fmak i\u00e7in kulland\u0131\u011f\u0131n\u0131z bir &#8220;kald\u0131ra\u00e7 ve basitle\u015ftirme k\u00f6pr\u00fcs\u00fc&#8221; olarak konumland\u0131r\u0131lmal\u0131; makaleye at\u0131f yaparken basitle\u015ftirilmi\u015f metin de\u011fil, her zaman yazar\u0131n orijinal ba\u011flam\u0131 ve ifadeleri temel al\u0131nmal\u0131d\u0131r.<\/span><\/p><h3 data-path-to-node=\"10\">Nas\u0131l Eri\u015filir?<\/h3><p data-path-to-node=\"11\"><a href=\"https:\/\/www.explainpaper.com\" target=\"_blank\" rel=\"noopener\" data-hveid=\"0\" data-ved=\"0CAAQ_4QMahcKEwj6hOeQsveTAxUAAAAAHQAAAAAQSw\">https:\/\/www.explainpaper.com<\/a><span style=\"font-size: 1rem;letter-spacing: 0px\"> adresi \u00fczerinden \u00fccretsiz hesab\u0131n\u0131z\u0131 olu\u015fturarak, bilgisayar\u0131n\u0131zdaki PDF makalesini do\u011frudan taray\u0131c\u0131ya y\u00fckleyip, anlamad\u0131\u011f\u0131n\u0131z metinleri fareyle vurgulayarak yapay zek\u00e2dan an\u0131nda ki\u015fiselle\u015ftirilmi\u015f a\u00e7\u0131klamalar almaya hemen ba\u015flayabilirsiniz.<\/span><\/p><h3><span style=\"font-size: 1.75rem;letter-spacing: 0px\">Akademisyenler ve E\u011fitimciler \u0130\u00e7in: Yapay Zek\u00e2 Destekli Metin Basitle\u015ftirme ve Okuma<\/span><\/h3><p><span style=\"font-size: 1rem;letter-spacing: 0px\">Akademik d\u00fcnyada saatlerce anla\u015f\u0131lamayan bir metne bakmak yerine, spesifik bir paragraf\u0131n d\u00fc\u011f\u00fcm\u00fcn\u00fc an\u0131nda \u00e7\u00f6zebilmek b\u00fcy\u00fck konfordur. Explainpaper tam olarak bu mikro-analiz g\u00fcc\u00fcn\u00fc sa\u011flar. \u0130\u015fte platform aray\u00fcz\u00fcnde kullanabilece\u011finiz baz\u0131 senaryolar:<\/span><\/p><h6><span style=\"font-size: 1rem;letter-spacing: 0px\">Akademik Jargonu ve Terminolojiyi K\u0131rma<\/span><\/h6><p>Makaledeki karma\u015f\u0131k ve yo\u011fun jargon bar\u0131nd\u0131ran paragraf\u0131 a\u015fmak i\u00e7in \u015fu eylemi ger\u00e7ekle\u015ftirebilirsiniz:<\/p><blockquote><p>Sisteme y\u00fckledi\u011finiz makaledeki teorik paragraf\u0131 fareyle se\u00e7in. Sa\u011f paneldeki okuma seviyesini &#8216;High School&#8217; (Lise) olarak ayarlay\u0131p sisteme \u015fu soruyu sorun: &#8216;Yazar\u0131n burada kulland\u0131\u011f\u0131 ontolojik ve epistemolojik kavramlar\u0131, g\u00fcnl\u00fck hayattan somut bir \u00f6rnekle (analojiyle) birle\u015ftirerek a\u00e7\u0131kla.&#8217;<\/p><\/blockquote><h6><span style=\"font-size: 1rem;letter-spacing: 0px\">Matematiksel veya \u0130statistiksel Bulgular\u0131 De\u015fifre Etme<\/span><\/h6><p>Ara\u015ft\u0131rman\u0131n veri setini yorumlamakta zorland\u0131\u011f\u0131n\u0131zda \u015fu y\u00f6ntemi deneyebilirsiniz:<\/p><blockquote><p>Makalenin bulgular k\u0131sm\u0131ndaki <i>&#8216;p &lt; 0.05, t-de\u011feri, varyans analizi&#8217;<\/i> gibi sonu\u00e7lar\u0131n bulundu\u011fu karma\u015f\u0131k istatistiksel paragraf\u0131 vurgulay\u0131n. Asistana, &#8216;Bu istatistiksel sonu\u00e7lar\u0131n ara\u015ft\u0131rman\u0131n ana hipotezi ba\u011flam\u0131nda ne anlama geldi\u011fini, say\u0131sal de\u011ferlere bo\u011fulmadan sadece bulgunun pratik \u00f6nemini belirterek \u00f6zetle&#8217; komutunu verin.<\/p><\/blockquote><h6><span style=\"font-size: 1rem;letter-spacing: 0px\">\u0130nterdisipliner (\u00c7ok Disiplinli) Kavramlar\u0131 Anlama<\/span><\/h6><p>Farkl\u0131 bir uzmanl\u0131k alan\u0131ndan makale okurken t\u0131kand\u0131\u011f\u0131n\u0131z noktalarda \u015fu i\u015f ak\u0131\u015f\u0131 etkilidir:<\/p><blockquote><p>Kendi uzmanl\u0131\u011f\u0131n\u0131z (\u00f6rne\u011fin E\u011fitim) d\u0131\u015f\u0131nda bir alana (\u00f6rne\u011fin N\u00f6robilim) ait makale okurken t\u0131kand\u0131\u011f\u0131n\u0131z t\u0131bbi terimlerin bulundu\u011fu c\u00fcmleyi se\u00e7in. &#8216;Bu c\u00fcmlede ge\u00e7en n\u00f6roplastisite kavram\u0131n\u0131n \u00f6\u011frenme s\u00fcre\u00e7leriyle nas\u0131l bir ba\u011flant\u0131s\u0131 oldu\u011funu, benim uzmanl\u0131k alan\u0131m olan e\u011fitim bilimleri perspektifinden bana a\u00e7\u0131kla&#8217; diyerek konuyu kendi alan\u0131n\u0131za \u00e7evirin.<\/p><\/blockquote><h6><span style=\"font-size: 1rem;letter-spacing: 0px\">Farkl\u0131 Dillerdeki A\u011f\u0131r Metinleri \u00c7evirme ve A\u00e7\u0131klama<\/span><\/h6><p>\u0130ngilizce veya farkl\u0131 bir dildeki akademik c\u00fcmleyi salt Google Translate mant\u0131\u011f\u0131yla de\u011fil, akademik bir \u00e7eviriyle kavramak i\u00e7in \u015fu komut mant\u0131\u011f\u0131 etkilidir:<\/p><blockquote><p>Yabanc\u0131 dildeki akademik PDF&#8217;teki uzun, \u00e7ok virg\u00fcll\u00fc ve anla\u015f\u0131lmaz bir paragraf\u0131 se\u00e7ip, &#8216;Bu se\u00e7ili \u0130ngilizce metnin sadece do\u011frudan T\u00fcrk\u00e7e \u00e7evirisini yapma; yazar\u0131n burada as\u0131l anlatmak istedi\u011fi teorik arka plan\u0131 da bana akademik bir T\u00fcrk\u00e7e ile a\u00e7\u0131kla&#8217; komutunu uygulay\u0131n.<\/p><\/blockquote><h6>\u00d6rnek Prompt K\u00fct\u00fcphanesi<\/h6><p>Okudu\u011funuz makalenin &#8220;Literat\u00fcr Taramas\u0131&#8221; b\u00f6l\u00fcm\u00fcndeki en yo\u011fun ve kavramsal paragraf\u0131 de\u015fifre edip kendi makalenizde referans olarak kullanmak istiyorsan\u0131z, o b\u00f6l\u00fcm\u00fc ba\u015ftan sona vurgulay\u0131p \u015fu komutu girebilirsiniz:<\/p><blockquote><p>Bu se\u00e7ili alanda yazar\u0131n kendisinden \u00f6nceki \u00e7al\u0131\u015fmalar\u0131 nas\u0131l ele\u015ftirdi\u011fini analiz et. Yazar\u0131n o ge\u00e7mi\u015f \u00e7al\u0131\u015fmalarda tam olarak neyi eksik (k\u0131s\u0131tl\u0131) buldu\u011funu ve kendi makalesini literat\u00fcrdeki bu bo\u015flu\u011fun neresine konumland\u0131rd\u0131\u011f\u0131n\u0131, bilimsel jargonu tamamen bir kenara b\u0131rakarak bana kar\u015f\u0131la\u015ft\u0131rmal\u0131 ve son derece sade bir liste halinde anlat.<\/p><\/blockquote>\t\t\t\t\t\t\t\t<\/div>\n\t\t\t\t<\/div>\n\t\t\t\t\t<\/div>\n\t\t<\/div>\n\t\t\t\t\t<\/div>\n\t\t<\/section>\n\t\t\t\t<section class=\"elementor-section elementor-top-section elementor-element elementor-element-84efe2e elementor-section-boxed elementor-section-height-default elementor-section-height-default\" data-id=\"84efe2e\" data-element_type=\"section\">\n\t\t\t\t\t\t<div class=\"elementor-container elementor-column-gap-default\">\n\t\t\t\t\t<div class=\"elementor-column elementor-col-100 elementor-top-column elementor-element elementor-element-31663a5\" data-id=\"31663a5\" data-element_type=\"column\">\n\t\t\t<div class=\"elementor-widget-wrap elementor-element-populated\">\n\t\t\t\t\t\t<div class=\"elementor-element elementor-element-0b849d9 elementor-widget elementor-widget-button\" data-id=\"0b849d9\" data-element_type=\"widget\" data-widget_type=\"button.default\">\n\t\t\t\t<div class=\"elementor-widget-container\">\n\t\t\t\t\t\t\t\t\t<div class=\"elementor-button-wrapper\">\n\t\t\t\t\t<a class=\"elementor-button elementor-button-link elementor-size-sm\" href=\"http:\/\/www.explainpaper.com\" target=\"_blank\">\n\t\t\t\t\t\t<span class=\"elementor-button-content-wrapper\">\n\t\t\t\t\t\t\t\t\t<span class=\"elementor-button-text\">Buraya t\u0131kla<\/span>\n\t\t\t\t\t<\/span>\n\t\t\t\t\t<\/a>\n\t\t\t\t<\/div>\n\t\t\t\t\t\t\t\t<\/div>\n\t\t\t\t<\/div>\n\t\t\t\t\t<\/div>\n\t\t<\/div>\n\t\t\t\t\t<\/div>\n\t\t<\/section>\n\t\t\t\t<\/div>\n\t\t","protected":false},"excerpt":{"rendered":"<p>Explainpaper Nedir ve Neden \u00d6nemlidir? Explainpaper, anla\u015f\u0131lmas\u0131 zor, a\u011f\u0131r bir akademik dille yaz\u0131lm\u0131\u015f bilimsel makaleleri okurken t\u0131kand\u0131\u011f\u0131n\u0131z paragraflar\u0131 vurgulad\u0131\u011f\u0131n\u0131zda (highlight), o b\u00f6l\u00fcm\u00fc sizin i\u00e7in daha anla\u015f\u0131l\u0131r bir dile \u00e7eviren yapay zek\u00e2 destekli bir &#8220;akademik \u00e7evirmen&#8221; ve okuma asistan\u0131d\u0131r. En b\u00fcy\u00fck fark\u0131; makalenin tamam\u0131n\u0131 genel hatlar\u0131yla \u00f6zetlemek yerine, do\u011frudan anlamad\u0131\u011f\u0131n\u0131z spesifik bir c\u00fcmleyi, teoriyi veya form\u00fcl\u00fc [&hellip;]<\/p>\n","protected":false},"author":666,"featured_media":0,"parent":0,"menu_order":0,"comment_status":"closed","ping_status":"closed","template":"","meta":{"footnotes":""},"class_list":["post-10214","page","type-page","status-publish","hentry"],"_links":{"self":[{"href":"https:\/\/atauni.edu.tr\/ogretme-ve-ogrenmeyi-gelistirme-uygulama-ve-arastirma-merkezi\/wp-json\/wp\/v2\/pages\/10214","targetHints":{"allow":["GET"]}}],"collection":[{"href":"https:\/\/atauni.edu.tr\/ogretme-ve-ogrenmeyi-gelistirme-uygulama-ve-arastirma-merkezi\/wp-json\/wp\/v2\/pages"}],"about":[{"href":"https:\/\/atauni.edu.tr\/ogretme-ve-ogrenmeyi-gelistirme-uygulama-ve-arastirma-merkezi\/wp-json\/wp\/v2\/types\/page"}],"author":[{"embeddable":true,"href":"https:\/\/atauni.edu.tr\/ogretme-ve-ogrenmeyi-gelistirme-uygulama-ve-arastirma-merkezi\/wp-json\/wp\/v2\/users\/666"}],"replies":[{"embeddable":true,"href":"https:\/\/atauni.edu.tr\/ogretme-ve-ogrenmeyi-gelistirme-uygulama-ve-arastirma-merkezi\/wp-json\/wp\/v2\/comments?post=10214"}],"version-history":[{"count":4,"href":"https:\/\/atauni.edu.tr\/ogretme-ve-ogrenmeyi-gelistirme-uygulama-ve-arastirma-merkezi\/wp-json\/wp\/v2\/pages\/10214\/revisions"}],"predecessor-version":[{"id":10219,"href":"https:\/\/atauni.edu.tr\/ogretme-ve-ogrenmeyi-gelistirme-uygulama-ve-arastirma-merkezi\/wp-json\/wp\/v2\/pages\/10214\/revisions\/10219"}],"wp:attachment":[{"href":"https:\/\/atauni.edu.tr\/ogretme-ve-ogrenmeyi-gelistirme-uygulama-ve-arastirma-merkezi\/wp-json\/wp\/v2\/media?parent=10214"}],"curies":[{"name":"wp","href":"https:\/\/api.w.org\/{rel}","templated":true}]}}