{"id":10260,"date":"2026-05-04T10:53:26","date_gmt":"2026-05-04T07:53:26","guid":{"rendered":"https:\/\/atauni.edu.tr\/ogretme-ve-ogrenmeyi-gelistirme-uygulama-ve-arastirma-merkezi\/?page_id=10260"},"modified":"2026-05-04T11:16:52","modified_gmt":"2026-05-04T08:16:52","slug":"midjourney","status":"publish","type":"page","link":"https:\/\/atauni.edu.tr\/ogretme-ve-ogrenmeyi-gelistirme-uygulama-ve-arastirma-merkezi\/midjourney\/","title":{"rendered":"Midjourney"},"content":{"rendered":"\t\t<div data-elementor-type=\"wp-page\" data-elementor-id=\"10260\" class=\"elementor elementor-10260\" data-elementor-post-type=\"page\">\n\t\t\t\t\t\t<section class=\"elementor-section elementor-top-section elementor-element elementor-element-49f2b2f elementor-section-boxed elementor-section-height-default elementor-section-height-default\" data-id=\"49f2b2f\" data-element_type=\"section\">\n\t\t\t\t\t\t<div class=\"elementor-container elementor-column-gap-default\">\n\t\t\t\t\t<div class=\"elementor-column elementor-col-100 elementor-top-column elementor-element elementor-element-7446a76\" data-id=\"7446a76\" data-element_type=\"column\">\n\t\t\t<div class=\"elementor-widget-wrap elementor-element-populated\">\n\t\t\t\t\t\t<div class=\"elementor-element elementor-element-6d58507 elementor-widget elementor-widget-image\" data-id=\"6d58507\" data-element_type=\"widget\" data-widget_type=\"image.default\">\n\t\t\t\t<div class=\"elementor-widget-container\">\n\t\t\t\t\t\t\t\t\t\t\t\t\t\t\t<img fetchpriority=\"high\" decoding=\"async\" width=\"300\" height=\"168\" src=\"https:\/\/atauni.edu.tr\/ogretme-ve-ogrenmeyi-gelistirme-uygulama-ve-arastirma-merkezi\/wp-content\/uploads\/sites\/817\/2026\/05\/images-Photoroom.png\" class=\"attachment-2048x2048 size-2048x2048 wp-image-10262\" alt=\"\" \/>\t\t\t\t\t\t\t\t\t\t\t\t\t\t\t<\/div>\n\t\t\t\t<\/div>\n\t\t\t\t\t<\/div>\n\t\t<\/div>\n\t\t\t\t\t<\/div>\n\t\t<\/section>\n\t\t\t\t<section class=\"elementor-section elementor-top-section elementor-element elementor-element-8f35aa5 elementor-section-boxed elementor-section-height-default elementor-section-height-default\" data-id=\"8f35aa5\" data-element_type=\"section\">\n\t\t\t\t\t\t<div class=\"elementor-container elementor-column-gap-default\">\n\t\t\t\t\t<div class=\"elementor-column elementor-col-100 elementor-top-column elementor-element elementor-element-7ad7879\" data-id=\"7ad7879\" data-element_type=\"column\">\n\t\t\t<div class=\"elementor-widget-wrap elementor-element-populated\">\n\t\t\t\t\t\t<div class=\"elementor-element elementor-element-fedb854 elementor-widget elementor-widget-text-editor\" data-id=\"fedb854\" data-element_type=\"widget\" data-widget_type=\"text-editor.default\">\n\t\t\t\t<div class=\"elementor-widget-container\">\n\t\t\t\t\t\t\t\t\t<div>\n    <h2>Midjourney Nedir ve Neden \u00d6nemlidir?<\/h2>\n    <p>Midjourney, metin komutlar\u0131n\u0131 (prompt) kullanarak saniyeler i\u00e7inde y\u00fcksek kaliteli, \u00f6zg\u00fcn g\u00f6rseller \u00fcretebilen bir yapay zek\u00e2 modelidir. En b\u00fcy\u00fck fark\u0131; e\u011fitim materyalleri, sunumlar veya projeler i\u00e7in gereken spesifik, telifsiz ve profesyonel g\u00f6rselleri aramak veya s\u0131f\u0131rdan tasarlamak i\u00e7in harcanan saatleri ortadan kald\u0131rmas\u0131d\u0131r. Do\u011frudan e\u011fitimcilerin ve \u00f6\u011frencilerin hayal g\u00fcc\u00fcn\u00fc dijital tuvale yans\u0131tarak, g\u00f6rsel ileti\u015fim s\u00fcre\u00e7lerini &#8220;yaz-ve-\u00fcret&#8221; basitli\u011finde otonom bir deneyime d\u00f6n\u00fc\u015ft\u00fcr\u00fcr.<\/p>\n\n    <h2>E\u011fitimde Kullan\u0131m Alanlar\u0131<\/h2>\n    <p>E\u011fitimciler ve ara\u015ft\u0131rmac\u0131lar i\u00e7in Midjourney, arka planda yorulmak bilmeyen bir ill\u00fcstrat\u00f6r gibi \u00e7al\u0131\u015f\u0131r. Geleneksel y\u00f6ntemlerde uygun g\u00f6rseli bulmak veya tasarlamak saatler al\u0131rken, bu ara\u00e7la ders i\u00e7eriklerinize tam uyan spesifik g\u00f6rselleri saniyeler i\u00e7inde \u00fcretebilirsiniz. \u00d6zellikle tarihsel olaylar\u0131n canland\u0131r\u0131lmas\u0131, soyut kavramlar\u0131n somutla\u015ft\u0131r\u0131lmas\u0131, anatomi veya co\u011frafya gibi g\u00f6rsel a\u011f\u0131rl\u0131kl\u0131 alanlarda materyal \u00fcretimindeki operasyonel y\u00fck\u00fc ciddi \u015fekilde hafifletir.<\/p>\n\n    <h2>\u00d6\u011frenciler \u0130\u00e7in<\/h2>\n    <p>\u00d6\u011frenciler bu arac\u0131, projelerini, tez sunumlar\u0131n\u0131 ve \u00f6devlerini g\u00f6rsel olarak zenginle\u015ftirmek i\u00e7in yarat\u0131c\u0131 bir tasar\u0131m asistan\u0131 olarak kullanabilir. Kavramas\u0131 g\u00fc\u00e7 teorileri veya soyut fikirleri Midjourney&#8217;ye betimleyip, sistemden bunu a\u00e7\u0131klay\u0131c\u0131 bir infografik taban\u0131na veya ill\u00fcstrasyona d\u00f6n\u00fc\u015ft\u00fcrmesini isteyebilirler. Sadece stok foto\u011fraf sitelerinde gezinmek yerine, kendi projelerine \u00f6zel, telif sorunu olmayan \u00f6zg\u00fcn g\u00f6rseller \u00fcreterek sunumlar\u0131n\u0131n akademik ve estetik kalitesini b\u00fcy\u00fck \u00f6l\u00e7\u00fcde art\u0131r\u0131rlar.<\/p>\n\n    <h2>\u00d6nemli Akademik Uyar\u0131<\/h2>\n    <p>Midjourney, g\u00f6rsel \u00fcretme konusunda olduk\u00e7a profesyonel olsa da, yapay zek\u00e2n\u0131n \u00fcretti\u011fi g\u00f6rsellerin her zaman bilimsel\/tarihsel ger\u00e7ekli\u011fi %100 yans\u0131tmad\u0131\u011f\u0131 unutulmamal\u0131d\u0131r. \u00dcretilen i\u00e7erikler, bazen anatomik hatalar, orant\u0131s\u0131zl\u0131klar veya k\u00fclt\u00fcrel \u00f6n yarg\u0131lar i\u00e7erebilir. Bu platform, do\u011frudan bilimsel kan\u0131t sunan bir ara\u00e7 de\u011fil, fikirleri g\u00f6rselle\u015ftiren g\u00fc\u00e7l\u00fc bir &#8220;tasar\u0131m iskeleti&#8221; olarak konumland\u0131r\u0131lmal\u0131d\u0131r. \u00c7\u0131kt\u0131lar akademik \u00e7al\u0131\u015fmalara veya ders materyallerine eklenmeden \u00f6nce mutlaka e\u011fitici s\u00fczgecinden ge\u00e7irilmelidir. Ayr\u0131ca, \u00fcretilen g\u00f6rsellerin akademik yay\u0131nlarda kullan\u0131m\u0131nda at\u0131f kurallar\u0131na titizlikle uyulmal\u0131d\u0131r.<\/p>\n\n    <h2>Nas\u0131l Eri\u015filir?<\/h2>\n    <p><a href=\"https:\/\/midjourney.com\" target=\"_blank\" style=\"color: #0056b3;text-decoration: none\">https:\/\/midjourney.com<\/a> adresi \u00fczerinden Discord altyap\u0131s\u0131 kullan\u0131larak veya web aray\u00fcz\u00fcnden hesaba giri\u015f yap\u0131l\u0131r. Platformun sundu\u011fu abonelik modellerinden biri se\u00e7ilerek metin komutlar\u0131 girilip hemen g\u00f6rsel \u00fcretilmeye ba\u015flanabilir.<\/p>\n\n    <h2>Akademisyenler ve E\u011fitimciler \u0130\u00e7in: Yapay Zek\u00e2 Destekli G\u00f6rsel Materyal \u00dcretimi<\/h2>\n    <p>Akademik d\u00fcnyada ve e\u011fitim merkezlerinde, metin yo\u011funluklu ders i\u00e7eriklerini saniyeler i\u00e7inde pedagojik olarak yap\u0131land\u0131r\u0131lm\u0131\u015f g\u00f6rsel mod\u00fcllere d\u00f6n\u00fc\u015ft\u00fcrmek \u00f6\u011frenci etkile\u015fimini art\u0131r\u0131r. Midjourney bu tasar\u0131m h\u0131z\u0131n\u0131 sa\u011flar. \u0130\u015fte platform aray\u00fcz\u00fcnde kullanabilece\u011finiz baz\u0131 senaryolar:<\/p>\n\n    <h4>Soyut Kavramlar\u0131n G\u00f6rselle\u015ftirilmesi<\/h4>\n    <p>\u00d6\u011frencilere soyut bir teoriyi anlat\u0131rken konuyu somutla\u015ft\u0131rmak i\u00e7in \u015fu eylemi ger\u00e7ekle\u015ftirebilirsiniz:<\/p>\n    <blockquote style=\"border-left: 4px solid #ccc;padding-left: 15px;margin-left: 0;color: #555;font-style: italic\">\n        &#8220;Dijital minimalizm kavram\u0131n\u0131 temsil eden, teknolojik aletlerden uzakla\u015f\u0131p do\u011fayla b\u00fct\u00fcnle\u015fen bir insan sil\u00fceti. Minimalist tarzda, vekt\u00f6rel ill\u00fcstrasyon, pastel renkler, e\u011fitim sunumu i\u00e7in uygun formatta. &#8211;ar 16:9&#8221;\n    <\/blockquote>\n\n    <h4>Tarihsel veya Kurgusal Senaryo Canland\u0131rmalar\u0131<\/h4>\n    <p>Tarih veya edebiyat derslerinde belirli bir d\u00f6nemi veya atmosferi yans\u0131tmak ad\u0131na \u015fu y\u00f6ntemi deneyebilirsiniz:<\/p>\n    <blockquote style=\"border-left: 4px solid #ccc;padding-left: 15px;margin-left: 0;color: #555;font-style: italic\">\n        &#8220;1920&#8217;lerin \u0130stanbul&#8217;unda bir \u00fcniversite k\u00fct\u00fcphanesi. Eski kitaplar, ah\u015fap masalar ve d\u00f6nemin k\u0131yafetlerini giymi\u015f \u00f6\u011frenciler. Fotoger\u00e7ek\u00e7i, sinematik \u0131\u015f\u0131kland\u0131rma, y\u00fcksek detay. &#8211;ar 16:9&#8221;\n    <\/blockquote>\n\n    <h4>Sunum ve Ders Materyali \u0130\u00e7in \u00d6zg\u00fcn Arka Planlar<\/h4>\n    <p>Sunumlar\u0131n\u0131zda dikkat da\u011f\u0131tmayan, i\u00e7eri\u011fe uygun estetik zeminler olu\u015fturmak i\u00e7in \u015fu i\u015f ak\u0131\u015f\u0131 etkilidir:<\/p>\n    <blockquote style=\"border-left: 4px solid #ccc;padding-left: 15px;margin-left: 0;color: #555;font-style: italic\">\n        &#8220;Akademik bir sunum i\u00e7in soyut, geometrik \u015fekillerden olu\u015fan modern arka plan. Lacivert ve beyaz tonlar\u0131nda, profesyonel, sa\u011f tarafta metin yazmak i\u00e7in bo\u015f alan b\u0131rak\u0131lm\u0131\u015f, sade tasar\u0131m. &#8211;ar 16:9&#8221;\n    <\/blockquote>\n\n    <h4>Vaka \u00c7al\u0131\u015fmalar\u0131 (\u00d6rnek Olaylar) \u0130\u00e7in Karakter Tasar\u0131m\u0131<\/h4>\n    <p>Vaka \u00e7al\u0131\u015fmalar\u0131 i\u00e7in temsili karakterler veya senaryo g\u00f6rselleri olu\u015fturmak istiyorsan\u0131z \u015fu s\u00fcreci ba\u015flatabilirsiniz:<\/p>\n    <blockquote style=\"border-left: 4px solid #ccc;padding-left: 15px;margin-left: 0;color: #555;font-style: italic\">\n        &#8220;\u00dcniversite laboratuvar\u0131nda mikroskopla \u00e7al\u0131\u015fan, odaklanm\u0131\u015f gen\u00e7 kad\u0131n ara\u015ft\u0131rmac\u0131. Arka planda bulan\u0131k laboratuvar ekipmanlar\u0131. E\u011fitim materyali i\u00e7in uygun, ayd\u0131nl\u0131k ve pozitif bir atmosfer, ger\u00e7ek\u00e7i foto\u011fraf. &#8211;ar 16:9&#8221;\n    <\/blockquote>\n<\/div>\t\t\t\t\t\t\t\t<\/div>\n\t\t\t\t<\/div>\n\t\t\t\t\t<\/div>\n\t\t<\/div>\n\t\t\t\t\t<\/div>\n\t\t<\/section>\n\t\t\t\t<section class=\"elementor-section elementor-top-section elementor-element elementor-element-d56786f elementor-section-boxed elementor-section-height-default elementor-section-height-default\" data-id=\"d56786f\" data-element_type=\"section\">\n\t\t\t\t\t\t<div class=\"elementor-container elementor-column-gap-default\">\n\t\t\t\t\t<div class=\"elementor-column elementor-col-100 elementor-top-column elementor-element elementor-element-6859f58\" data-id=\"6859f58\" data-element_type=\"column\">\n\t\t\t<div class=\"elementor-widget-wrap elementor-element-populated\">\n\t\t\t\t\t\t<div class=\"elementor-element elementor-element-558ac19 elementor-widget elementor-widget-button\" data-id=\"558ac19\" data-element_type=\"widget\" data-widget_type=\"button.default\">\n\t\t\t\t<div class=\"elementor-widget-container\">\n\t\t\t\t\t\t\t\t\t<div class=\"elementor-button-wrapper\">\n\t\t\t\t\t<a class=\"elementor-button elementor-button-link elementor-size-sm\" href=\"https:\/\/www.midjourney.com\/home\">\n\t\t\t\t\t\t<span class=\"elementor-button-content-wrapper\">\n\t\t\t\t\t\t\t\t\t<span class=\"elementor-button-text\">Buraya t\u0131kla<\/span>\n\t\t\t\t\t<\/span>\n\t\t\t\t\t<\/a>\n\t\t\t\t<\/div>\n\t\t\t\t\t\t\t\t<\/div>\n\t\t\t\t<\/div>\n\t\t\t\t\t<\/div>\n\t\t<\/div>\n\t\t\t\t\t<\/div>\n\t\t<\/section>\n\t\t\t\t<\/div>\n\t\t","protected":false},"excerpt":{"rendered":"<p>Midjourney Nedir ve Neden \u00d6nemlidir? Midjourney, metin komutlar\u0131n\u0131 (prompt) kullanarak saniyeler i\u00e7inde y\u00fcksek kaliteli, \u00f6zg\u00fcn g\u00f6rseller \u00fcretebilen bir yapay zek\u00e2 modelidir. En b\u00fcy\u00fck fark\u0131; e\u011fitim materyalleri, sunumlar veya projeler i\u00e7in gereken spesifik, telifsiz ve profesyonel g\u00f6rselleri aramak veya s\u0131f\u0131rdan tasarlamak i\u00e7in harcanan saatleri ortadan kald\u0131rmas\u0131d\u0131r. Do\u011frudan e\u011fitimcilerin ve \u00f6\u011frencilerin hayal g\u00fcc\u00fcn\u00fc dijital tuvale yans\u0131tarak, g\u00f6rsel [&hellip;]<\/p>\n","protected":false},"author":666,"featured_media":0,"parent":0,"menu_order":0,"comment_status":"closed","ping_status":"closed","template":"","meta":{"footnotes":""},"class_list":["post-10260","page","type-page","status-publish","hentry"],"_links":{"self":[{"href":"https:\/\/atauni.edu.tr\/ogretme-ve-ogrenmeyi-gelistirme-uygulama-ve-arastirma-merkezi\/wp-json\/wp\/v2\/pages\/10260","targetHints":{"allow":["GET"]}}],"collection":[{"href":"https:\/\/atauni.edu.tr\/ogretme-ve-ogrenmeyi-gelistirme-uygulama-ve-arastirma-merkezi\/wp-json\/wp\/v2\/pages"}],"about":[{"href":"https:\/\/atauni.edu.tr\/ogretme-ve-ogrenmeyi-gelistirme-uygulama-ve-arastirma-merkezi\/wp-json\/wp\/v2\/types\/page"}],"author":[{"embeddable":true,"href":"https:\/\/atauni.edu.tr\/ogretme-ve-ogrenmeyi-gelistirme-uygulama-ve-arastirma-merkezi\/wp-json\/wp\/v2\/users\/666"}],"replies":[{"embeddable":true,"href":"https:\/\/atauni.edu.tr\/ogretme-ve-ogrenmeyi-gelistirme-uygulama-ve-arastirma-merkezi\/wp-json\/wp\/v2\/comments?post=10260"}],"version-history":[{"count":4,"href":"https:\/\/atauni.edu.tr\/ogretme-ve-ogrenmeyi-gelistirme-uygulama-ve-arastirma-merkezi\/wp-json\/wp\/v2\/pages\/10260\/revisions"}],"predecessor-version":[{"id":10266,"href":"https:\/\/atauni.edu.tr\/ogretme-ve-ogrenmeyi-gelistirme-uygulama-ve-arastirma-merkezi\/wp-json\/wp\/v2\/pages\/10260\/revisions\/10266"}],"wp:attachment":[{"href":"https:\/\/atauni.edu.tr\/ogretme-ve-ogrenmeyi-gelistirme-uygulama-ve-arastirma-merkezi\/wp-json\/wp\/v2\/media?parent=10260"}],"curies":[{"name":"wp","href":"https:\/\/api.w.org\/{rel}","templated":true}]}}