{"id":10421,"date":"2026-05-08T14:56:33","date_gmt":"2026-05-08T11:56:33","guid":{"rendered":"https:\/\/atauni.edu.tr\/ogretme-ve-ogrenmeyi-gelistirme-uygulama-ve-arastirma-merkezi\/?page_id=10421"},"modified":"2026-05-08T15:00:27","modified_gmt":"2026-05-08T12:00:27","slug":"d-id","status":"publish","type":"page","link":"https:\/\/atauni.edu.tr\/ogretme-ve-ogrenmeyi-gelistirme-uygulama-ve-arastirma-merkezi\/d-id\/","title":{"rendered":"D-ID"},"content":{"rendered":"\t\t<div data-elementor-type=\"wp-page\" data-elementor-id=\"10421\" class=\"elementor elementor-10421\" data-elementor-post-type=\"page\">\n\t\t\t\t\t\t<section class=\"elementor-section elementor-top-section elementor-element elementor-element-7e9954c elementor-section-boxed elementor-section-height-default elementor-section-height-default\" data-id=\"7e9954c\" data-element_type=\"section\">\n\t\t\t\t\t\t<div class=\"elementor-container elementor-column-gap-default\">\n\t\t\t\t\t<div class=\"elementor-column elementor-col-100 elementor-top-column elementor-element elementor-element-aca3eb7\" data-id=\"aca3eb7\" data-element_type=\"column\">\n\t\t\t<div class=\"elementor-widget-wrap elementor-element-populated\">\n\t\t\t\t\t\t<div class=\"elementor-element elementor-element-63c9cbc elementor-widget elementor-widget-image\" data-id=\"63c9cbc\" data-element_type=\"widget\" data-widget_type=\"image.default\">\n\t\t\t\t<div class=\"elementor-widget-container\">\n\t\t\t\t\t\t\t\t\t\t\t\t\t\t\t<img decoding=\"async\" width=\"300\" height=\"157\" src=\"https:\/\/atauni.edu.tr\/ogretme-ve-ogrenmeyi-gelistirme-uygulama-ve-arastirma-merkezi\/wp-content\/uploads\/sites\/817\/2026\/05\/wfhxbaam7v0y2ssqex2r-Photoroom-300x157.png\" class=\"attachment-medium size-medium wp-image-10423\" alt=\"\" srcset=\"https:\/\/atauni.edu.tr\/ogretme-ve-ogrenmeyi-gelistirme-uygulama-ve-arastirma-merkezi\/wp-content\/uploads\/sites\/817\/2026\/05\/wfhxbaam7v0y2ssqex2r-Photoroom-300x157.png 300w, https:\/\/atauni.edu.tr\/ogretme-ve-ogrenmeyi-gelistirme-uygulama-ve-arastirma-merkezi\/wp-content\/uploads\/sites\/817\/2026\/05\/wfhxbaam7v0y2ssqex2r-Photoroom-1024x536.png 1024w, https:\/\/atauni.edu.tr\/ogretme-ve-ogrenmeyi-gelistirme-uygulama-ve-arastirma-merkezi\/wp-content\/uploads\/sites\/817\/2026\/05\/wfhxbaam7v0y2ssqex2r-Photoroom-768x402.png 768w, https:\/\/atauni.edu.tr\/ogretme-ve-ogrenmeyi-gelistirme-uygulama-ve-arastirma-merkezi\/wp-content\/uploads\/sites\/817\/2026\/05\/wfhxbaam7v0y2ssqex2r-Photoroom-600x314.png 600w, https:\/\/atauni.edu.tr\/ogretme-ve-ogrenmeyi-gelistirme-uygulama-ve-arastirma-merkezi\/wp-content\/uploads\/sites\/817\/2026\/05\/wfhxbaam7v0y2ssqex2r-Photoroom-560x293.png 560w, https:\/\/atauni.edu.tr\/ogretme-ve-ogrenmeyi-gelistirme-uygulama-ve-arastirma-merkezi\/wp-content\/uploads\/sites\/817\/2026\/05\/wfhxbaam7v0y2ssqex2r-Photoroom.png 1277w\" sizes=\"(max-width: 300px) 100vw, 300px\" \/>\t\t\t\t\t\t\t\t\t\t\t\t\t\t\t<\/div>\n\t\t\t\t<\/div>\n\t\t\t\t\t<\/div>\n\t\t<\/div>\n\t\t\t\t\t<\/div>\n\t\t<\/section>\n\t\t\t\t<section class=\"elementor-section elementor-top-section elementor-element elementor-element-d1c52b7 elementor-section-boxed elementor-section-height-default elementor-section-height-default\" data-id=\"d1c52b7\" data-element_type=\"section\">\n\t\t\t\t\t\t<div class=\"elementor-container elementor-column-gap-default\">\n\t\t\t\t\t<div class=\"elementor-column elementor-col-100 elementor-top-column elementor-element elementor-element-bbf7391\" data-id=\"bbf7391\" data-element_type=\"column\">\n\t\t\t<div class=\"elementor-widget-wrap elementor-element-populated\">\n\t\t\t\t\t\t<div class=\"elementor-element elementor-element-536c4e0 elementor-widget elementor-widget-text-editor\" data-id=\"536c4e0\" data-element_type=\"widget\" data-widget_type=\"text-editor.default\">\n\t\t\t\t<div class=\"elementor-widget-container\">\n\t\t\t\t\t\t\t\t\t<div>\n    <h2>D-ID Nedir ve Neden \u00d6nemlidir?<\/h2>\n    <p>D-ID, dura\u011fan (sabit) foto\u011fraflar\u0131, portreleri veya ill\u00fcstrasyonlar\u0131 yapay zek\u00e2 destekli y\u00fcz animasyonu ve metin-ses (text-to-speech) teknolojileriyle saniyeler i\u00e7inde konu\u015fan videolara d\u00f6n\u00fc\u015ft\u00fcren yenilik\u00e7i bir platformdur. En b\u00fcy\u00fck fark\u0131; kameralara, \u00e7ekim st\u00fcdyolar\u0131na veya ger\u00e7ek oyunculara ihtiya\u00e7 duymadan elinizdeki tek bir portre g\u00f6rselini interaktif bir e\u011fitmene veya sunucuya d\u00f6n\u00fc\u015ft\u00fcrebilmesidir. Do\u011frudan e\u011fitimcilerin ve \u00f6\u011frencilerin ellerindeki dura\u011fan materyalleri hareketlendirerek, dijital anlat\u0131m s\u00fcre\u00e7lerini &#8220;foto\u011fraf y\u00fckle, metni yaz ve canland\u0131r&#8221; basitli\u011finde otonom bir deneyime d\u00f6n\u00fc\u015ft\u00fcr\u00fcr.<\/p>\n\n    <h2>E\u011fitimde Kullan\u0131m Alanlar\u0131<\/h2>\n    <p>E\u011fitimciler ve ara\u015ft\u0131rmac\u0131lar i\u00e7in D-ID, dura\u011fan materyalleri canland\u0131ran bir sihirbaz gibi \u00e7al\u0131\u015f\u0131r. Geleneksel y\u00f6ntemlerde tarihi bir karakteri veya kurumsal bir maskotu konu\u015fturmak ileri d\u00fczey animasyon becerisi ve haftalar gerektirirken, bu ara\u00e7la saniyeler i\u00e7inde etkileyici giri\u015f videolar\u0131 veya ders anlat\u0131mlar\u0131 haz\u0131rlanabilir. \u00d6zellikle edebiyat\/tarih derslerinde d\u00f6nemin fig\u00fcrlerinin canland\u0131r\u0131lmas\u0131, dil e\u011fitiminde sanal konu\u015fma partnerleri yarat\u0131lmas\u0131 ve uzaktan e\u011fitim mod\u00fcllerinde \u00f6\u011frenci dikkatinin toplanmas\u0131nda operasyonel y\u00fck\u00fc ciddi \u015fekilde hafifletir.<\/p>\n\n    <h2>\u00d6\u011frenciler \u0130\u00e7in<\/h2>\n    <p>\u00d6zellikle dijital i\u00e7erik \u00fcretimi ve g\u00f6rsel hikaye anlat\u0131c\u0131l\u0131\u011f\u0131n\u0131n (visual storytelling) merkezde oldu\u011fu alanlarda okuyan \u00f6\u011frenciler bu arac\u0131; dura\u011fan sunumlar\u0131n\u0131 hareketlendirmek veya proje \u00f6devleri i\u00e7in sanal haberciler yaratmak ad\u0131na kullanabilir. Sadece slayt okumak yerine, yapay zek\u00e2 ile tasarlad\u0131klar\u0131 veya se\u00e7tikleri karakterleri konu\u015fturarak sunumlar\u0131na sinematik bir derinlik katar ve akademik projelerinin yenilik\u00e7i standartlar\u0131n\u0131 b\u00fcy\u00fck \u00f6l\u00e7\u00fcde art\u0131r\u0131rlar.<\/p>\n\n    <h2>\u00d6nemli Akademik Uyar\u0131<\/h2>\n    <p>D-ID foto\u011fraflar\u0131 ba\u015far\u0131l\u0131 bir \u015fekilde hareketlendirse de, y\u00fcz mimikleri, g\u00f6z k\u0131rpmalar\u0131 ve dudak senkronizasyonu bazen yapay ve mekanik (tekinsiz vadi &#8211; uncanny valley) durabilir. Daha da \u00f6nemlisi, ya\u015fayan veya ya\u015fam\u0131\u015f ger\u00e7ek ki\u015filerin foto\u011fraflar\u0131n\u0131 tarihi veya ki\u015fisel ba\u011flam\u0131 d\u0131\u015f\u0131nda konu\u015fturmak etik ihlallere (deepfake) yol a\u00e7abilir. Bu platform, ger\u00e7e\u011fi manip\u00fcle etmek i\u00e7in de\u011fil, e\u011fitim ama\u00e7l\u0131 temsili sim\u00fclasyonlar yaratmak i\u00e7in kullan\u0131lmal\u0131d\u0131r. \u00dcretilen i\u00e7eriklerin akademik \u00e7al\u0131\u015fmalarda veya sosyal medyada kullan\u0131m\u0131nda yapay zek\u00e2 ile olu\u015fturuldu\u011fu daima \u015feffaf bir \u015fekilde belirtilmelidir.<\/p>\n\n    <h2>Nas\u0131l Eri\u015filir?<\/h2>\n    <p><a href=\"https:\/\/studio.d-id.com\" target=\"_blank\" style=\"color: #0056b3;text-decoration: none\">https:\/\/studio.d-id.com<\/a> adresi \u00fczerinden e-posta veya Google hesaplar\u0131n\u0131zla \u00fccretsiz kay\u0131t olarak sisteme giri\u015f yapabilir ve size sunulan ba\u015flang\u0131\u00e7 kredileriyle taray\u0131c\u0131n\u0131z \u00fczerinden hemen &#8220;konu\u015fan foto\u011fraflar&#8221; \u00fcretmeye ba\u015flayabilirsiniz.<\/p>\n\n    <h2>Akademisyenler ve E\u011fitimciler \u0130\u00e7in: Yapay Zek\u00e2 Destekli Hareketli Sunum \u00dcretimi<\/h2>\n    <p>Akademik d\u00fcnyada, dura\u011fan foto\u011fraflar\u0131 veya sanal karakterleri metinlerle birle\u015ftirerek konu\u015fturmak, izleyicinin anlat\u0131lan konuya ba\u011f kurmas\u0131n\u0131 do\u011frudan art\u0131r\u0131r. D-ID bu animasyon h\u0131z\u0131n\u0131 sa\u011flar. \u0130\u015fte platform aray\u00fcz\u00fcnde kullanabilece\u011finiz baz\u0131 senaryolar:<\/p>\n\n    <h4>\u015eiir ve Edebiyat Eserlerinin Canland\u0131r\u0131lmas\u0131<\/h4>\n    <p>Edebi metinleri veya \u015fiir dinletilerini izleyicilere daha duygusal ve vurucu bir \u015fekilde aktarmak i\u00e7in \u015fu eylemi ger\u00e7ekle\u015ftirebilirsiniz:<\/p>\n    <blockquote style=\"border-left: 4px solid #ccc;padding-left: 15px;margin-left: 0;color: #555;font-style: italic\">\n        &#8220;Sisteme Naz\u0131m Hikmet, Can Y\u00fccel veya Ahmet Arif gibi \u015fairlerin ikonik, y\u00fcksek \u00e7\u00f6z\u00fcn\u00fcrl\u00fckl\u00fc bir portresini y\u00fckleyin. Seslendirilmesini istedi\u011finiz dizeleri metin kutusuna girerek (veya kendi kaydetti\u011finiz sesi y\u00fckleyerek), \u015fairin kendi eserini okudu\u011fu dramatik ve hareketli bir k\u0131sa video \u00fcretin.&#8221;\n    <\/blockquote>\n\n    <h4>Yeni Medya ve Habercilik Sunumlar\u0131 \u0130\u00e7in Sanal Spiker<\/h4>\n    <p>Yeni Medya ve \u0130leti\u015fim b\u00f6l\u00fcm\u00fc kapsam\u0131ndaki projelerinizde, haber b\u00fcltenini sunacak bir dijital spiker yaratmak i\u00e7in \u015fu y\u00f6ntemi deneyebilirsiniz:<\/p>\n    <blockquote style=\"border-left: 4px solid #ccc;padding-left: 15px;margin-left: 0;color: #555;font-style: italic\">\n        &#8220;Farkl\u0131 bir yapay zek\u00e2 arac\u0131yla (\u00f6rne\u011fin Midjourney) \u00fcretti\u011finiz, kameraya do\u011frudan bakan kurumsal bir sanal spiker portresini sisteme y\u00fckleyin. Haber metninizi girin ve uygun bir haber spikeri ses tonu se\u00e7erek otonom bir haber b\u00fclteni sunumu haz\u0131rlay\u0131n.&#8221;\n    <\/blockquote>\n\n    <h4>Kendi Dijital \u0130kizinizle (Avatar) Sesli Anlat\u0131mlar<\/h4>\n    <p>Kameraya kar\u015f\u0131 konu\u015fmak istemedi\u011finiz veya uygun \u00e7ekim ortam\u0131n\u0131z\u0131n olmad\u0131\u011f\u0131 durumlarda \u015fu i\u015f ak\u0131\u015f\u0131 etkilidir:<\/p>\n    <blockquote style=\"border-left: 4px solid #ccc;padding-left: 15px;margin-left: 0;color: #555;font-style: italic\">\n        &#8220;Kendi profesyonel bir portre foto\u011fraf\u0131n\u0131z\u0131 (frontal, iyi ayd\u0131nlat\u0131lm\u0131\u015f) platforma y\u00fckleyin. &#8216;Audio&#8217; sekmesine ge\u00e7ip \u00f6nceden mikrofonla kaydetti\u011finiz kaliteli ses dosyan\u0131z\u0131 y\u00fckleyerek, foto\u011fraf\u0131n\u0131z\u0131n sizin sesinizle birebir dudak senkronizasyonu yaparak konu\u015ftu\u011fu bir ders materyali elde edin.&#8221;\n    <\/blockquote>\n\n    <h4>Kurumsal Tan\u0131t\u0131mlar ve Maskot Animasyonu<\/h4>\n    <p>ATA-\u00d6GEM e\u011fitimlerinde, b\u00f6l\u00fcm i\u00e7i bilgilendirme videolar\u0131nda veya kurumsal sosyal medya hesaplar\u0131nda izleyicileri kar\u015f\u0131layacak bir sanal asistan tasarlamak istiyorsan\u0131z \u015fu s\u00fcreci ba\u015flatabilirsiniz:<\/p>\n    <blockquote style=\"border-left: 4px solid #ccc;padding-left: 15px;margin-left: 0;color: #555;font-style: italic\">\n        &#8220;Kurumunuza \u00f6zel tasarlanm\u0131\u015f bir maskot g\u00f6rselini platforma y\u00fckleyin. Sistemdeki samimi ve enerjik ses tonlar\u0131ndan birini se\u00e7ip, &#8216;E\u011fitim ve \u00d6\u011frenmeyi Geli\u015ftirme portal\u0131m\u0131za ho\u015f geldiniz, bug\u00fcn size nas\u0131l yard\u0131mc\u0131 olabilirim?&#8217; diyerek canland\u0131r\u0131n ve videolar\u0131n\u0131za kurumsal bir giri\u015f (intro) haz\u0131rlay\u0131n.&#8221;\n    <\/blockquote>\n<\/div>\t\t\t\t\t\t\t\t<\/div>\n\t\t\t\t<\/div>\n\t\t\t\t\t<\/div>\n\t\t<\/div>\n\t\t\t\t\t<\/div>\n\t\t<\/section>\n\t\t\t\t<section class=\"elementor-section elementor-top-section elementor-element elementor-element-cbf94b7 elementor-section-boxed elementor-section-height-default elementor-section-height-default\" data-id=\"cbf94b7\" data-element_type=\"section\">\n\t\t\t\t\t\t<div class=\"elementor-container elementor-column-gap-default\">\n\t\t\t\t\t<div class=\"elementor-column elementor-col-100 elementor-top-column elementor-element elementor-element-b365f95\" data-id=\"b365f95\" data-element_type=\"column\">\n\t\t\t<div class=\"elementor-widget-wrap elementor-element-populated\">\n\t\t\t\t\t\t<div class=\"elementor-element elementor-element-1605565 elementor-widget elementor-widget-button\" data-id=\"1605565\" data-element_type=\"widget\" data-widget_type=\"button.default\">\n\t\t\t\t<div class=\"elementor-widget-container\">\n\t\t\t\t\t\t\t\t\t<div class=\"elementor-button-wrapper\">\n\t\t\t\t\t<a class=\"elementor-button elementor-button-link elementor-size-sm\" href=\"https:\/\/www.d-id.com\/\" target=\"_blank\">\n\t\t\t\t\t\t<span class=\"elementor-button-content-wrapper\">\n\t\t\t\t\t\t\t\t\t<span class=\"elementor-button-text\">Buraya t\u0131kla<\/span>\n\t\t\t\t\t<\/span>\n\t\t\t\t\t<\/a>\n\t\t\t\t<\/div>\n\t\t\t\t\t\t\t\t<\/div>\n\t\t\t\t<\/div>\n\t\t\t\t\t<\/div>\n\t\t<\/div>\n\t\t\t\t\t<\/div>\n\t\t<\/section>\n\t\t\t\t<\/div>\n\t\t","protected":false},"excerpt":{"rendered":"<p>D-ID Nedir ve Neden \u00d6nemlidir? D-ID, dura\u011fan (sabit) foto\u011fraflar\u0131, portreleri veya ill\u00fcstrasyonlar\u0131 yapay zek\u00e2 destekli y\u00fcz animasyonu ve metin-ses (text-to-speech) teknolojileriyle saniyeler i\u00e7inde konu\u015fan videolara d\u00f6n\u00fc\u015ft\u00fcren yenilik\u00e7i bir platformdur. En b\u00fcy\u00fck fark\u0131; kameralara, \u00e7ekim st\u00fcdyolar\u0131na veya ger\u00e7ek oyunculara ihtiya\u00e7 duymadan elinizdeki tek bir portre g\u00f6rselini interaktif bir e\u011fitmene veya sunucuya d\u00f6n\u00fc\u015ft\u00fcrebilmesidir. Do\u011frudan e\u011fitimcilerin ve \u00f6\u011frencilerin [&hellip;]<\/p>\n","protected":false},"author":666,"featured_media":0,"parent":0,"menu_order":0,"comment_status":"closed","ping_status":"closed","template":"","meta":{"footnotes":""},"class_list":["post-10421","page","type-page","status-publish","hentry"],"_links":{"self":[{"href":"https:\/\/atauni.edu.tr\/ogretme-ve-ogrenmeyi-gelistirme-uygulama-ve-arastirma-merkezi\/wp-json\/wp\/v2\/pages\/10421","targetHints":{"allow":["GET"]}}],"collection":[{"href":"https:\/\/atauni.edu.tr\/ogretme-ve-ogrenmeyi-gelistirme-uygulama-ve-arastirma-merkezi\/wp-json\/wp\/v2\/pages"}],"about":[{"href":"https:\/\/atauni.edu.tr\/ogretme-ve-ogrenmeyi-gelistirme-uygulama-ve-arastirma-merkezi\/wp-json\/wp\/v2\/types\/page"}],"author":[{"embeddable":true,"href":"https:\/\/atauni.edu.tr\/ogretme-ve-ogrenmeyi-gelistirme-uygulama-ve-arastirma-merkezi\/wp-json\/wp\/v2\/users\/666"}],"replies":[{"embeddable":true,"href":"https:\/\/atauni.edu.tr\/ogretme-ve-ogrenmeyi-gelistirme-uygulama-ve-arastirma-merkezi\/wp-json\/wp\/v2\/comments?post=10421"}],"version-history":[{"count":4,"href":"https:\/\/atauni.edu.tr\/ogretme-ve-ogrenmeyi-gelistirme-uygulama-ve-arastirma-merkezi\/wp-json\/wp\/v2\/pages\/10421\/revisions"}],"predecessor-version":[{"id":10426,"href":"https:\/\/atauni.edu.tr\/ogretme-ve-ogrenmeyi-gelistirme-uygulama-ve-arastirma-merkezi\/wp-json\/wp\/v2\/pages\/10421\/revisions\/10426"}],"wp:attachment":[{"href":"https:\/\/atauni.edu.tr\/ogretme-ve-ogrenmeyi-gelistirme-uygulama-ve-arastirma-merkezi\/wp-json\/wp\/v2\/media?parent=10421"}],"curies":[{"name":"wp","href":"https:\/\/api.w.org\/{rel}","templated":true}]}}