{"id":10451,"date":"2026-05-09T12:45:18","date_gmt":"2026-05-09T09:45:18","guid":{"rendered":"https:\/\/atauni.edu.tr\/ogretme-ve-ogrenmeyi-gelistirme-uygulama-ve-arastirma-merkezi\/?page_id=10451"},"modified":"2026-05-09T12:50:10","modified_gmt":"2026-05-09T09:50:10","slug":"descript","status":"publish","type":"page","link":"https:\/\/atauni.edu.tr\/ogretme-ve-ogrenmeyi-gelistirme-uygulama-ve-arastirma-merkezi\/descript\/","title":{"rendered":"Descript"},"content":{"rendered":"\t\t<div data-elementor-type=\"wp-page\" data-elementor-id=\"10451\" class=\"elementor elementor-10451\" data-elementor-post-type=\"page\">\n\t\t\t\t\t\t<section class=\"elementor-section elementor-top-section elementor-element elementor-element-2839f54 elementor-section-boxed elementor-section-height-default elementor-section-height-default\" data-id=\"2839f54\" data-element_type=\"section\">\n\t\t\t\t\t\t<div class=\"elementor-container elementor-column-gap-default\">\n\t\t\t\t\t<div class=\"elementor-column elementor-col-100 elementor-top-column elementor-element elementor-element-070585c\" data-id=\"070585c\" data-element_type=\"column\">\n\t\t\t<div class=\"elementor-widget-wrap\">\n\t\t\t\t\t\t\t<\/div>\n\t\t<\/div>\n\t\t\t\t\t<\/div>\n\t\t<\/section>\n\t\t\t\t<section class=\"elementor-section elementor-top-section elementor-element elementor-element-6f6e485 elementor-section-boxed elementor-section-height-default elementor-section-height-default\" data-id=\"6f6e485\" data-element_type=\"section\">\n\t\t\t\t\t\t<div class=\"elementor-container elementor-column-gap-default\">\n\t\t\t\t\t<div class=\"elementor-column elementor-col-100 elementor-top-column elementor-element elementor-element-d441e0f\" data-id=\"d441e0f\" data-element_type=\"column\">\n\t\t\t<div class=\"elementor-widget-wrap elementor-element-populated\">\n\t\t\t\t\t\t<div class=\"elementor-element elementor-element-e49fa8b elementor-widget elementor-widget-image\" data-id=\"e49fa8b\" data-element_type=\"widget\" data-widget_type=\"image.default\">\n\t\t\t\t<div class=\"elementor-widget-container\">\n\t\t\t\t\t\t\t\t\t\t\t\t\t\t\t<img decoding=\"async\" width=\"300\" height=\"165\" src=\"https:\/\/atauni.edu.tr\/ogretme-ve-ogrenmeyi-gelistirme-uygulama-ve-arastirma-merkezi\/wp-content\/uploads\/sites\/817\/2026\/05\/descript-Photoroom-300x165.png\" class=\"attachment-medium size-medium wp-image-10454\" alt=\"\" srcset=\"https:\/\/atauni.edu.tr\/ogretme-ve-ogrenmeyi-gelistirme-uygulama-ve-arastirma-merkezi\/wp-content\/uploads\/sites\/817\/2026\/05\/descript-Photoroom-300x165.png 300w, https:\/\/atauni.edu.tr\/ogretme-ve-ogrenmeyi-gelistirme-uygulama-ve-arastirma-merkezi\/wp-content\/uploads\/sites\/817\/2026\/05\/descript-Photoroom-768x422.png 768w, https:\/\/atauni.edu.tr\/ogretme-ve-ogrenmeyi-gelistirme-uygulama-ve-arastirma-merkezi\/wp-content\/uploads\/sites\/817\/2026\/05\/descript-Photoroom-600x330.png 600w, https:\/\/atauni.edu.tr\/ogretme-ve-ogrenmeyi-gelistirme-uygulama-ve-arastirma-merkezi\/wp-content\/uploads\/sites\/817\/2026\/05\/descript-Photoroom-560x308.png 560w, https:\/\/atauni.edu.tr\/ogretme-ve-ogrenmeyi-gelistirme-uygulama-ve-arastirma-merkezi\/wp-content\/uploads\/sites\/817\/2026\/05\/descript-Photoroom.png 800w\" sizes=\"(max-width: 300px) 100vw, 300px\" \/>\t\t\t\t\t\t\t\t\t\t\t\t\t\t\t<\/div>\n\t\t\t\t<\/div>\n\t\t\t\t\t<\/div>\n\t\t<\/div>\n\t\t\t\t\t<\/div>\n\t\t<\/section>\n\t\t\t\t<section class=\"elementor-section elementor-top-section elementor-element elementor-element-552392b elementor-section-boxed elementor-section-height-default elementor-section-height-default\" data-id=\"552392b\" data-element_type=\"section\">\n\t\t\t\t\t\t<div class=\"elementor-container elementor-column-gap-default\">\n\t\t\t\t\t<div class=\"elementor-column elementor-col-100 elementor-top-column elementor-element elementor-element-796965a\" data-id=\"796965a\" data-element_type=\"column\">\n\t\t\t<div class=\"elementor-widget-wrap elementor-element-populated\">\n\t\t\t\t\t\t<div class=\"elementor-element elementor-element-01999a7 elementor-widget elementor-widget-text-editor\" data-id=\"01999a7\" data-element_type=\"widget\" data-widget_type=\"text-editor.default\">\n\t\t\t\t<div class=\"elementor-widget-container\">\n\t\t\t\t\t\t\t\t\t<div>\n    <h2>Descript Nedir ve Neden \u00d6nemlidir?<\/h2>\n    <p>Descript, ses ve video kurgusunu bir metin belgesi (Word) d\u00fczenlemek kadar basitle\u015ftiren, yapay zek\u00e2 destekli yenilik\u00e7i bir prod\u00fcksiyon ve de\u015fifre platformudur. En b\u00fcy\u00fck fark\u0131; geleneksel zaman \u00e7izelgesi (timeline) kurgusunu bir kenara b\u0131rakarak, y\u00fcklenen medyay\u0131 an\u0131nda metne d\u00f6n\u00fc\u015ft\u00fcrmesi ve sizin metin \u00fczerinden sildi\u011finiz bir kelimenin videodan veya ses kayd\u0131ndan da otomatik olarak kesilmesini sa\u011flamas\u0131d\u0131r. Do\u011frudan e\u011fitimcilerin ve \u00f6\u011frencilerin saatler s\u00fcren de\u015fifre (transkripsiyon) ve kurgu i\u015flemlerini &#8220;metni d\u00fczenle, medya d\u00fczelsin&#8221; basitli\u011finde otonom bir deneyime d\u00f6n\u00fc\u015ft\u00fcr\u00fcr.<\/p>\n\n    <h2>E\u011fitimde Kullan\u0131m Alanlar\u0131<\/h2>\n    <p>E\u011fitimciler ve ara\u015ft\u0131rmac\u0131lar i\u00e7in Descript, arka planda \u00e7al\u0131\u015fan uzman bir kurgucu ve asistan gibi i\u015flev g\u00f6r\u00fcr. Geleneksel y\u00f6ntemlerde uzun ders kay\u0131tlar\u0131ndaki hatalar\u0131 bulup kesmek veya nitel ara\u015ft\u0131rmalar i\u00e7in m\u00fclakatlar\u0131 ka\u011f\u0131da d\u00f6kmek g\u00fcnler al\u0131rken, bu ara\u00e7la saatlik kay\u0131tlar dakikalar i\u00e7inde metne d\u00f6k\u00fcl\u00fcr ve d\u00fczenlenir. \u00d6zellikle eri\u015filebilirlik (altyaz\u0131 \u00fcretimi), akademik podcast yay\u0131nc\u0131l\u0131\u011f\u0131 ve uzaktan e\u011fitim videolar\u0131n\u0131n profesyonelle\u015ftirilmesinde operasyonel y\u00fck\u00fc ciddi \u015fekilde hafifletir.<\/p>\n\n    <h2>\u00d6\u011frenciler \u0130\u00e7in<\/h2>\n    <p>\u00d6zellikle nitel ara\u015ft\u0131rma y\u00f6ntemleri kullanan, tezleri i\u00e7in saha m\u00fclakatlar\u0131 yapan veya Yeni Medya ve \u0130leti\u015fim gibi b\u00f6l\u00fcmlerde g\u00f6rsel-i\u015fitsel projeler \u00fcreten \u00f6\u011frenciler bu arac\u0131; saatler s\u00fcren ses kay\u0131tlar\u0131n\u0131 an\u0131nda metne d\u00f6kmek (de\u015fifre) ve karma\u015f\u0131k kurgu programlar\u0131n\u0131 \u00f6\u011frenmeye gerek kalmadan podcast\/video projelerini kurgulamak i\u00e7in kullanabilirler. Sadece &#8220;\u0131\u0131\u0131&#8221;, &#8220;eee&#8221; gibi dolgu kelimelerini tek t\u0131kla silerek projelerine ak\u0131c\u0131l\u0131k katar ve i\u00e7erik \u00fcretim standartlar\u0131n\u0131 profesyonel seviyeye ta\u015f\u0131rlar.<\/p>\n\n    <h2>\u00d6nemli Akademik Uyar\u0131<\/h2>\n    <p>Descript&#8217;in metne d\u00f6n\u00fc\u015ft\u00fcrme (transkripsiyon) \u00f6zelli\u011fi olduk\u00e7a g\u00fc\u00e7l\u00fc olsa da, \u00f6zellikle T\u00fcrk\u00e7e dilinde, a\u011f\u0131r akademik terminolojide veya y\u00f6resel aksanlarda kelime hatalar\u0131 yapabilece\u011fi unutulmamal\u0131d\u0131r. Nitel ara\u015ft\u0131rma verileri analiz edilmeden \u00f6nce yapay zek\u00e2n\u0131n \u00fcretti\u011fi de\u015fifre metni ara\u015ft\u0131rmac\u0131 taraf\u0131ndan mutlaka dinlenerek do\u011frulanmal\u0131d\u0131r. Ayr\u0131ca, arac\u0131n sundu\u011fu yapay zek\u00e2 ile ses klonlama (Overdub) \u00f6zelli\u011fi, yaln\u0131zca ki\u015finin kendi r\u0131zas\u0131yla ve etik s\u0131n\u0131rlar \u00e7er\u00e7evesinde akademik d\u00fcr\u00fcstl\u00fck kurallar\u0131na uygun olarak kullan\u0131lmal\u0131d\u0131r.<\/p>\n\n    <h2>Nas\u0131l Eri\u015filir?<\/h2>\n    <p><a href=\"https:\/\/www.descript.com\" target=\"_blank\" style=\"color: #0056b3;text-decoration: none\">https:\/\/www.descript.com<\/a> adresi \u00fczerinden \u00fccretsiz hesap olu\u015fturarak platformun masa\u00fcst\u00fc uygulamas\u0131n\u0131 indirebilir (veya web \u00fczerinden) ve size sunulan ayl\u0131k \u00fccretsiz transkripsiyon s\u00fcresiyle projelerinizi d\u00fczenlemeye ba\u015flayabilirsiniz.<\/p>\n\n    <h2>Akademisyenler ve E\u011fitimciler \u0130\u00e7in: Yapay Zek\u00e2 Destekli Ses ve Video Materyali \u00dcretimi<\/h2>\n    <p>Akademik d\u00fcnyada, nitel ara\u015ft\u0131rmalar\u0131 metne d\u00f6kmek veya ders kay\u0131tlar\u0131n\u0131 profesyonel bir ak\u0131c\u0131l\u0131\u011fa kavu\u015fturmak olduk\u00e7a zahmetlidir. Descript bu prod\u00fcksiyon ve de\u015fifre h\u0131z\u0131n\u0131 sa\u011flar. \u0130\u015fte platform aray\u00fcz\u00fcnde kullanabilece\u011finiz baz\u0131 senaryolar:<\/p>\n\n    <h4>Nitel Ara\u015ft\u0131rma ve M\u00fclakat De\u015fifresi (Transkripsiyon)<\/h4>\n    <p>Tez veya makale \u00e7al\u0131\u015fman\u0131z i\u00e7in yapt\u0131\u011f\u0131n\u0131z uzun g\u00f6r\u00fc\u015fmeleri manuel yazmaktan kurtulmak i\u00e7in \u015fu eylemi ger\u00e7ekle\u015ftirebilirsiniz:<\/p>\n    <blockquote style=\"border-left: 4px solid #ccc;padding-left: 15px;margin-left: 0;color: #555;font-style: italic\">\n        &#8220;M\u00fclakat ses kayd\u0131n\u0131z\u0131 (.mp3 veya .wav) programa s\u00fcr\u00fckleyip b\u0131rak\u0131n. Dil olarak &#8216;Turkish&#8217; se\u00e7in. Sistem birka\u00e7 dakika i\u00e7inde t\u00fcm konu\u015fmay\u0131 kimin konu\u015ftu\u011funu (Speaker 1, Speaker 2) ay\u0131rt ederek bir metin belgesi halinde sunacakt\u0131r. Bu metni do\u011frudan Word belgesi olarak d\u0131\u015fa aktar\u0131p analizinizde kullanabilirsiniz.&#8221;\n    <\/blockquote>\n\n    <h4>Ders Kay\u0131tlar\u0131ndaki Dolgu Kelimelerini (Filler Words) Temizleme<\/h4>\n    <p>\u00d6\u011frencilerle payla\u015faca\u011f\u0131n\u0131z uzun bir ders videosunu daha ak\u0131c\u0131 hale getirmek ve s\u0131k\u0131c\u0131 duraksamalar\u0131 yok etmek i\u00e7in \u015fu y\u00f6ntemi deneyebilirsiniz:<\/p>\n    <blockquote style=\"border-left: 4px solid #ccc;padding-left: 15px;margin-left: 0;color: #555;font-style: italic\">\n        &#8220;Videonuzu y\u00fckledikten sonra \u00fcst men\u00fcdeki &#8216;Remove Filler Words&#8217; (Dolgu Kelimelerini Kald\u0131r) ikonuna t\u0131klay\u0131n. Sistem kay\u0131ttaki t\u00fcm &#8216;\u0131\u0131\u0131&#8217;, &#8216;eee&#8217;, &#8216;\u015fey&#8217; gibi duraksamalar\u0131 tespit edecek ve tek bir &#8216;Apply to All&#8217; (Hepsine Uygula) butonuyla bu k\u0131s\u0131mlar\u0131 videodan atlayarak (jump cut) kesintisiz bir anlat\u0131m yaratacakt\u0131r.&#8221;\n    <\/blockquote>\n\n    <h4>K\u00f6t\u00fc Akusti\u011fi ve Dip Sesi D\u00fczeltme (Studio Sound)<\/h4>\n    <p>K\u00f6t\u00fc bir mikrofonda veya yank\u0131l\u0131 bir amfide kaydetti\u011finiz dersin ses kalitesini st\u00fcdyo ortam\u0131na ta\u015f\u0131mak istiyorsan\u0131z \u015fu i\u015f ak\u0131\u015f\u0131 etkilidir:<\/p>\n    <blockquote style=\"border-left: 4px solid #ccc;padding-left: 15px;margin-left: 0;color: #555;font-style: italic\">\n        &#8220;Sa\u011f paneldeki &#8216;Audio Effects&#8217; (Ses Efektleri) men\u00fcs\u00fcnden &#8216;Studio Sound&#8217; \u00f6zelli\u011fini aktif hale getirin. Yapay zek\u00e2 arka plandaki t\u00fcm g\u00fcr\u00fclt\u00fcy\u00fc, klima sesini veya eko\/yank\u0131y\u0131 an\u0131nda silecek ve sesinizi profesyonel bir st\u00fcdyoda kaydedilmi\u015f gibi yal\u0131t\u0131lm\u0131\u015f ve tok bir hale getirecektir.&#8221;\n    <\/blockquote>\n\n    <h4>Yeniden Kay\u0131t Yapmadan Kelime D\u00fczeltme (Overdub)<\/h4>\n    <p>\u0130ngilizce bir e\u011fitim videosunda yanl\u0131\u015f telaffuz etti\u011finiz veya yanl\u0131\u015f s\u00f6yledi\u011finiz bir tarihi\/kavram\u0131 videoyu ba\u015ftan \u00e7ekmeden d\u00fczeltmek i\u00e7in \u015fu s\u00fcreci ba\u015flatabilirsiniz:<\/p>\n    <blockquote style=\"border-left: 4px solid #ccc;padding-left: 15px;margin-left: 0;color: #555;font-style: italic\">\n        &#8220;Metin d\u00f6k\u00fcm\u00fc (transkript) \u00fczerinde yanl\u0131\u015f s\u00f6yledi\u011finiz kelimeyi se\u00e7in. &#8216;Overdub&#8217; se\u00e7ene\u011fine t\u0131klay\u0131n ve klavyeyle s\u00f6ylemek istedi\u011finiz do\u011fru kelimeyi yaz\u0131n. Sistem, daha \u00f6nceden tan\u0131tt\u0131\u011f\u0131n\u0131z kendi ses modelinizi kullanarak o kelimeyi sizin sesinizle sentetik olarak \u00fcretecek ve araya kusursuzca yerle\u015ftirecektir.&#8221;\n    <\/blockquote>\n<\/div>\t\t\t\t\t\t\t\t<\/div>\n\t\t\t\t<\/div>\n\t\t\t\t\t<\/div>\n\t\t<\/div>\n\t\t\t\t\t<\/div>\n\t\t<\/section>\n\t\t\t\t<section class=\"elementor-section elementor-top-section elementor-element elementor-element-b91e27a elementor-section-boxed elementor-section-height-default elementor-section-height-default\" data-id=\"b91e27a\" data-element_type=\"section\">\n\t\t\t\t\t\t<div class=\"elementor-container elementor-column-gap-default\">\n\t\t\t\t\t<div class=\"elementor-column elementor-col-100 elementor-top-column elementor-element elementor-element-62107fb\" data-id=\"62107fb\" data-element_type=\"column\">\n\t\t\t<div class=\"elementor-widget-wrap elementor-element-populated\">\n\t\t\t\t\t\t<div class=\"elementor-element elementor-element-1fe3f9e elementor-widget elementor-widget-button\" data-id=\"1fe3f9e\" data-element_type=\"widget\" data-widget_type=\"button.default\">\n\t\t\t\t<div class=\"elementor-widget-container\">\n\t\t\t\t\t\t\t\t\t<div class=\"elementor-button-wrapper\">\n\t\t\t\t\t<a class=\"elementor-button elementor-button-link elementor-size-sm\" href=\"https:\/\/www.descript.com\/\" target=\"_blank\">\n\t\t\t\t\t\t<span class=\"elementor-button-content-wrapper\">\n\t\t\t\t\t\t\t\t\t<span class=\"elementor-button-text\">Buraya t\u0131kla<\/span>\n\t\t\t\t\t<\/span>\n\t\t\t\t\t<\/a>\n\t\t\t\t<\/div>\n\t\t\t\t\t\t\t\t<\/div>\n\t\t\t\t<\/div>\n\t\t\t\t\t<\/div>\n\t\t<\/div>\n\t\t\t\t\t<\/div>\n\t\t<\/section>\n\t\t\t\t<\/div>\n\t\t","protected":false},"excerpt":{"rendered":"<p>Descript Nedir ve Neden \u00d6nemlidir? Descript, ses ve video kurgusunu bir metin belgesi (Word) d\u00fczenlemek kadar basitle\u015ftiren, yapay zek\u00e2 destekli yenilik\u00e7i bir prod\u00fcksiyon ve de\u015fifre platformudur. En b\u00fcy\u00fck fark\u0131; geleneksel zaman \u00e7izelgesi (timeline) kurgusunu bir kenara b\u0131rakarak, y\u00fcklenen medyay\u0131 an\u0131nda metne d\u00f6n\u00fc\u015ft\u00fcrmesi ve sizin metin \u00fczerinden sildi\u011finiz bir kelimenin videodan veya ses kayd\u0131ndan da otomatik [&hellip;]<\/p>\n","protected":false},"author":666,"featured_media":0,"parent":0,"menu_order":0,"comment_status":"closed","ping_status":"closed","template":"","meta":{"footnotes":""},"class_list":["post-10451","page","type-page","status-publish","hentry"],"_links":{"self":[{"href":"https:\/\/atauni.edu.tr\/ogretme-ve-ogrenmeyi-gelistirme-uygulama-ve-arastirma-merkezi\/wp-json\/wp\/v2\/pages\/10451","targetHints":{"allow":["GET"]}}],"collection":[{"href":"https:\/\/atauni.edu.tr\/ogretme-ve-ogrenmeyi-gelistirme-uygulama-ve-arastirma-merkezi\/wp-json\/wp\/v2\/pages"}],"about":[{"href":"https:\/\/atauni.edu.tr\/ogretme-ve-ogrenmeyi-gelistirme-uygulama-ve-arastirma-merkezi\/wp-json\/wp\/v2\/types\/page"}],"author":[{"embeddable":true,"href":"https:\/\/atauni.edu.tr\/ogretme-ve-ogrenmeyi-gelistirme-uygulama-ve-arastirma-merkezi\/wp-json\/wp\/v2\/users\/666"}],"replies":[{"embeddable":true,"href":"https:\/\/atauni.edu.tr\/ogretme-ve-ogrenmeyi-gelistirme-uygulama-ve-arastirma-merkezi\/wp-json\/wp\/v2\/comments?post=10451"}],"version-history":[{"count":4,"href":"https:\/\/atauni.edu.tr\/ogretme-ve-ogrenmeyi-gelistirme-uygulama-ve-arastirma-merkezi\/wp-json\/wp\/v2\/pages\/10451\/revisions"}],"predecessor-version":[{"id":10457,"href":"https:\/\/atauni.edu.tr\/ogretme-ve-ogrenmeyi-gelistirme-uygulama-ve-arastirma-merkezi\/wp-json\/wp\/v2\/pages\/10451\/revisions\/10457"}],"wp:attachment":[{"href":"https:\/\/atauni.edu.tr\/ogretme-ve-ogrenmeyi-gelistirme-uygulama-ve-arastirma-merkezi\/wp-json\/wp\/v2\/media?parent=10451"}],"curies":[{"name":"wp","href":"https:\/\/api.w.org\/{rel}","templated":true}]}}