{"id":10540,"date":"2026-05-09T13:45:12","date_gmt":"2026-05-09T10:45:12","guid":{"rendered":"https:\/\/atauni.edu.tr\/ogretme-ve-ogrenmeyi-gelistirme-uygulama-ve-arastirma-merkezi\/?page_id=10540"},"modified":"2026-05-09T13:49:26","modified_gmt":"2026-05-09T10:49:26","slug":"monic","status":"publish","type":"page","link":"https:\/\/atauni.edu.tr\/ogretme-ve-ogrenmeyi-gelistirme-uygulama-ve-arastirma-merkezi\/monic\/","title":{"rendered":"Monic"},"content":{"rendered":"\t\t<div data-elementor-type=\"wp-page\" data-elementor-id=\"10540\" class=\"elementor elementor-10540\" data-elementor-post-type=\"page\">\n\t\t\t\t\t\t<section class=\"elementor-section elementor-top-section elementor-element elementor-element-a1a16ff elementor-section-boxed elementor-section-height-default elementor-section-height-default\" data-id=\"a1a16ff\" data-element_type=\"section\">\n\t\t\t\t\t\t<div class=\"elementor-container elementor-column-gap-default\">\n\t\t\t\t\t<div class=\"elementor-column elementor-col-100 elementor-top-column elementor-element elementor-element-90b09df\" data-id=\"90b09df\" data-element_type=\"column\">\n\t\t\t<div class=\"elementor-widget-wrap elementor-element-populated\">\n\t\t\t\t\t\t<div class=\"elementor-element elementor-element-e6fae33 elementor-widget elementor-widget-image\" data-id=\"e6fae33\" data-element_type=\"widget\" data-widget_type=\"image.default\">\n\t\t\t\t<div class=\"elementor-widget-container\">\n\t\t\t\t\t\t\t\t\t\t\t\t\t\t\t<img decoding=\"async\" width=\"200\" height=\"200\" src=\"https:\/\/atauni.edu.tr\/ogretme-ve-ogrenmeyi-gelistirme-uygulama-ve-arastirma-merkezi\/wp-content\/uploads\/sites\/817\/2026\/05\/xY3lBAkDN7M2Y17LtlPtIMsC51P1676391470300_200x200-Photoroom.png\" class=\"attachment-medium size-medium wp-image-10542\" alt=\"\" srcset=\"https:\/\/atauni.edu.tr\/ogretme-ve-ogrenmeyi-gelistirme-uygulama-ve-arastirma-merkezi\/wp-content\/uploads\/sites\/817\/2026\/05\/xY3lBAkDN7M2Y17LtlPtIMsC51P1676391470300_200x200-Photoroom.png 200w, https:\/\/atauni.edu.tr\/ogretme-ve-ogrenmeyi-gelistirme-uygulama-ve-arastirma-merkezi\/wp-content\/uploads\/sites\/817\/2026\/05\/xY3lBAkDN7M2Y17LtlPtIMsC51P1676391470300_200x200-Photoroom-150x150.png 150w\" sizes=\"(max-width: 200px) 100vw, 200px\" \/>\t\t\t\t\t\t\t\t\t\t\t\t\t\t\t<\/div>\n\t\t\t\t<\/div>\n\t\t\t\t\t<\/div>\n\t\t<\/div>\n\t\t\t\t\t<\/div>\n\t\t<\/section>\n\t\t\t\t<section class=\"elementor-section elementor-top-section elementor-element elementor-element-3078c78 elementor-section-boxed elementor-section-height-default elementor-section-height-default\" data-id=\"3078c78\" data-element_type=\"section\">\n\t\t\t\t\t\t<div class=\"elementor-container elementor-column-gap-default\">\n\t\t\t\t\t<div class=\"elementor-column elementor-col-100 elementor-top-column elementor-element elementor-element-06d3175\" data-id=\"06d3175\" data-element_type=\"column\">\n\t\t\t<div class=\"elementor-widget-wrap elementor-element-populated\">\n\t\t\t\t\t\t<div class=\"elementor-element elementor-element-2e6e668 elementor-widget elementor-widget-text-editor\" data-id=\"2e6e668\" data-element_type=\"widget\" data-widget_type=\"text-editor.default\">\n\t\t\t\t<div class=\"elementor-widget-container\">\n\t\t\t\t\t\t\t\t\t<div>\n    <h2>Monic AI Nedir ve Neden \u00d6nemlidir?<\/h2>\n    <p>Monic AI, y\u00fcklenen her t\u00fcrl\u00fc ders materyalini (PDF, PowerPoint, YouTube videolar\u0131 veya d\u00fcz metinler) saniyeler i\u00e7inde etkile\u015fimli \u00e7al\u0131\u015fma kartlar\u0131na (flashcards), deneme s\u0131navlar\u0131na ve \u00f6zetlere d\u00f6n\u00fc\u015ft\u00fcren yapay zek\u00e2 destekli bir \u00f6\u011frenme platformudur. En b\u00fcy\u00fck fark\u0131; s\u0131navlara haz\u0131rl\u0131k veya ders tekrar\u0131 i\u00e7in manuel olarak soru yazmak veya \u00f6zet \u00e7\u0131karmak i\u00e7in harcanan saatleri ortadan kald\u0131rmas\u0131d\u0131r. Do\u011frudan e\u011fitimcilerin ve \u00f6\u011frencilerin pasif okuma materyallerini, &#8220;y\u00fckle ve test et&#8221; basitli\u011finde aktif \u00f6\u011frenme ara\u00e7lar\u0131na d\u00f6n\u00fc\u015ft\u00fcr\u00fcr.<\/p>\n\n    <h2>E\u011fitimde Kullan\u0131m Alanlar\u0131<\/h2>\n    <p>E\u011fitimciler ve ara\u015ft\u0131rmac\u0131lar i\u00e7in Monic AI, yorulmak bilmeyen bir \u00f6l\u00e7me-de\u011ferlendirme asistan\u0131 gibi \u00e7al\u0131\u015f\u0131r. Geleneksel y\u00f6ntemlerde bir dersin ard\u0131ndan \u00f6\u011frencilerin kavrama d\u00fczeyini \u00f6l\u00e7ecek k\u0131sa s\u0131navlar (quiz) haz\u0131rlamak ciddi zaman al\u0131rken, bu ara\u00e7la ders slaytlar\u0131ndan saniyeler i\u00e7inde \u00e7oktan se\u00e7meli veya bo\u015fluk doldurma testleri \u00fcretilebilir. \u00d6zellikle aral\u0131kl\u0131 tekrar (spaced repetition) ve aktif geri \u00e7a\u011f\u0131rma (active recall) gibi pedagojik y\u00f6ntemlerin dijital ortamda uygulanmas\u0131nda operasyonel y\u00fck\u00fc ciddi \u015fekilde hafifletir.<\/p>\n\n    <h2>\u00d6\u011frenciler \u0130\u00e7in<\/h2>\n    <p>\u00d6\u011frenciler bu arac\u0131; vize ve final d\u00f6nemlerinde kendi ki\u015fisel \u00e7al\u0131\u015fma asistanlar\u0131 olarak kullanabilirler. Y\u00fczlerce sayfal\u0131k ders notlar\u0131n\u0131 veya izlemek zorunda olduklar\u0131 uzun akademik YouTube videolar\u0131n\u0131 sisteme y\u00fckleyerek, sadece pasif okuma\/izleme yapmak yerine sistemin onlara sordu\u011fu sorularla kendilerini test edebilirler. Bu sayede \u00f6\u011frenme a\u00e7\u0131klar\u0131n\u0131 an\u0131nda tespit ederek akademik ba\u015far\u0131lar\u0131n\u0131 ve kendi kendine \u00f6\u011frenme becerilerini b\u00fcy\u00fck \u00f6l\u00e7\u00fcde art\u0131r\u0131rlar.<\/p>\n\n    <h2>\u00d6nemli Akademik Uyar\u0131<\/h2>\n    <p>Monic AI, soru \u00fcretme konusunda olduk\u00e7a pratik olsa da, yapay zek\u00e2n\u0131n \u00fcretti\u011fi \u00e7eldiriciler bazen fazla bariz veya konunun \u00f6z\u00fcnden uzak olabilir. Ara\u00e7, karma\u015f\u0131k ve yoruma dayal\u0131 (sentez d\u00fczeyindeki) bilgileri \u00f6l\u00e7mek yerine genellikle ezbere dayal\u0131 (bilgi ve kavrama d\u00fczeyindeki) sorular \u00fcretmeye e\u011filimlidir. Bu platform, e\u011fitimcinin pedagojik \u00f6l\u00e7me uzmanl\u0131\u011f\u0131n\u0131n yerini alan bir yap\u0131 de\u011fil, ham test materyali sa\u011flayan bir &#8220;soru bankas\u0131 jenerat\u00f6r\u00fc&#8221; olarak konumland\u0131r\u0131lmal\u0131d\u0131r. \u00dcretilen testler \u00f6\u011frencilere sunulmadan \u00f6nce mutlaka e\u011fitimcinin pedagojik s\u00fczgecinden ge\u00e7irilmelidir.<\/p>\n\n    <h2>Nas\u0131l Eri\u015filir?<\/h2>\n    <p><a href=\"https:\/\/monic.ai\" target=\"_blank\" style=\"color: #0056b3;text-decoration: none\">https:\/\/monic.ai<\/a> adresi \u00fczerinden e-posta veya Google hesab\u0131n\u0131zla \u00fccretsiz kay\u0131t olarak sisteme giri\u015f yapabilir ve temel \u00f6zelliklerle belgelerinizi an\u0131nda interaktif testlere d\u00f6n\u00fc\u015ft\u00fcrmeye ba\u015flayabilirsiniz.<\/p>\n\n    <h2>Akademisyenler ve E\u011fitimciler \u0130\u00e7in: Yapay Zek\u00e2 Destekli \u00d6l\u00e7me ve De\u011ferlendirme Materyali \u00dcretimi<\/h2>\n    <p>Akademik d\u00fcnyada, anlat\u0131lan teorik konular\u0131n \u00f6\u011frenci taraf\u0131ndan anla\u015f\u0131l\u0131p anla\u015f\u0131lmad\u0131\u011f\u0131n\u0131 h\u0131zl\u0131ca \u00f6l\u00e7mek e\u011fitimin kalitesini do\u011frudan art\u0131r\u0131r. Monic AI bu haz\u0131rl\u0131k h\u0131z\u0131n\u0131 sa\u011flar. \u0130\u015fte platform aray\u00fcz\u00fcnde kullanabilece\u011finiz baz\u0131 senaryolar:<\/p>\n\n    <h4>Ders Slaytlar\u0131ndan An\u0131nda K\u0131sa S\u0131nav (Quiz) \u00dcretimi<\/h4>\n    <p>Dersin ard\u0131ndan \u00f6\u011frencilerin temel kavramlar\u0131 anlay\u0131p anlamad\u0131\u011f\u0131n\u0131 test etmek i\u00e7in \u015fu eylemi ger\u00e7ekle\u015ftirebilirsiniz:<\/p>\n    <blockquote style=\"border-left: 4px solid #ccc;padding-left: 15px;margin-left: 0;color: #555;font-style: italic\">\n        &#8220;Dersinizde kulland\u0131\u011f\u0131n\u0131z PowerPoint (PPTX) veya PDF sunum dosyas\u0131n\u0131 platforma y\u00fckleyin. &#8216;Generate&#8217; (\u00dcret) se\u00e7ene\u011finden &#8216;Multiple Choice&#8217; (\u00c7oktan Se\u00e7meli) format\u0131n\u0131 se\u00e7erek, sistemin slaytlardaki temel kavramlardan 10 soruluk bir quiz \u00fcretmesini ve bunu s\u0131n\u0131f i\u00e7i etkile\u015fimde kullanman\u0131z\u0131 sa\u011flay\u0131n.&#8221;\n    <\/blockquote>\n\n    <h4>Akademik Videolardan \u00c7al\u0131\u015fma Kartlar\u0131 (Flashcards) Olu\u015fturma<\/h4>\n    <p>Ders \u00f6ncesi \u00f6\u011frencilere verdi\u011finiz (Flipped Classroom) bir belgesel veya ders kayd\u0131n\u0131 daha interaktif hale getirmek ad\u0131na \u015fu y\u00f6ntemi deneyebilirsiniz:<\/p>\n    <blockquote style=\"border-left: 4px solid #ccc;padding-left: 15px;margin-left: 0;color: #555;font-style: italic\">\n        &#8220;YouTube ba\u011flant\u0131s\u0131n\u0131 araca yap\u0131\u015ft\u0131r\u0131n. Yapay zek\u00e2n\u0131n videodaki konu\u015fmalar\u0131 analiz edip, \u00f6\u011frencilerin videoyu izlerken kendi kendilerini test edebilecekleri kavram-tan\u0131m e\u015fle\u015ftirmeli dijital \u00e7al\u0131\u015fma kartlar\u0131 haz\u0131rlamas\u0131n\u0131 sa\u011flay\u0131n.&#8221;\n    <\/blockquote>\n\n    <h4>Kapsaml\u0131 Ders \u00d6zetleri ve \u00c7al\u0131\u015fma Rehberleri<\/h4>\n    <p>\u00d6\u011frencilere uzun okuma metinleri verdikten sonra onlara bir \u00e7al\u0131\u015fma rehberi sunmak istiyorsan\u0131z \u015fu i\u015f ak\u0131\u015f\u0131 etkilidir:<\/p>\n    <blockquote style=\"border-left: 4px solid #ccc;padding-left: 15px;margin-left: 0;color: #555;font-style: italic\">\n        &#8220;Uzun bir makaleyi veya kitap b\u00f6l\u00fcm\u00fcn\u00fc y\u00fckledikten sonra &#8216;Summary&#8217; (\u00d6zet) arac\u0131n\u0131 \u00e7al\u0131\u015ft\u0131r\u0131n. Sistemin, metni alt ba\u015fl\u0131klara ay\u0131rarak madde madde \u00f6zetlemesini ve \u00f6\u011frencilerin s\u0131nav \u00f6ncesi h\u0131zl\u0131ca g\u00f6z atabilece\u011fi yap\u0131land\u0131r\u0131lm\u0131\u015f bir \u00e7al\u0131\u015fma rehberi (study guide) sunmas\u0131n\u0131 sa\u011flay\u0131n.&#8221;\n    <\/blockquote>\n\n    <h4>Bo\u015fluk Doldurma ve Terminoloji Testleri<\/h4>\n    <p>\u00d6zellikle yeni medya terminolojisinin veya teknik terimlerin yo\u011fun oldu\u011fu derslerde kavramsal haf\u0131zay\u0131 \u00f6l\u00e7mek i\u00e7in \u015fu s\u00fcreci ba\u015flatabilirsiniz:<\/p>\n    <blockquote style=\"border-left: 4px solid #ccc;padding-left: 15px;margin-left: 0;color: #555;font-style: italic\">\n        &#8220;\u0130lgili ders metninizi y\u00fckleyip &#8216;Fill in the blanks&#8217; (Bo\u015fluk doldurma) soru tipini se\u00e7in. Sistemin &#8216;dijital ayak izi&#8217;, &#8216;algoritma&#8217; gibi en \u00f6nemli akademik terimleri metinden \u00e7\u0131kararak \u00f6\u011frencilerin terminoloji bilgisini \u00f6l\u00e7ecek bir egzersiz \u00fcretmesini sa\u011flay\u0131n.&#8221;\n    <\/blockquote>\n<\/div>\t\t\t\t\t\t\t\t<\/div>\n\t\t\t\t<\/div>\n\t\t\t\t\t<\/div>\n\t\t<\/div>\n\t\t\t\t\t<\/div>\n\t\t<\/section>\n\t\t\t\t<section class=\"elementor-section elementor-top-section elementor-element elementor-element-042da5c elementor-section-boxed elementor-section-height-default elementor-section-height-default\" data-id=\"042da5c\" data-element_type=\"section\">\n\t\t\t\t\t\t<div class=\"elementor-container elementor-column-gap-default\">\n\t\t\t\t\t<div class=\"elementor-column elementor-col-100 elementor-top-column elementor-element elementor-element-f253ae2\" data-id=\"f253ae2\" data-element_type=\"column\">\n\t\t\t<div class=\"elementor-widget-wrap elementor-element-populated\">\n\t\t\t\t\t\t<div class=\"elementor-element elementor-element-156b045 elementor-widget elementor-widget-button\" data-id=\"156b045\" data-element_type=\"widget\" data-widget_type=\"button.default\">\n\t\t\t\t<div class=\"elementor-widget-container\">\n\t\t\t\t\t\t\t\t\t<div class=\"elementor-button-wrapper\">\n\t\t\t\t\t<a class=\"elementor-button elementor-button-link elementor-size-sm\" href=\"https:\/\/monic.ai\/\" target=\"_blank\">\n\t\t\t\t\t\t<span class=\"elementor-button-content-wrapper\">\n\t\t\t\t\t\t\t\t\t<span class=\"elementor-button-text\">Buraya t\u0131kla<\/span>\n\t\t\t\t\t<\/span>\n\t\t\t\t\t<\/a>\n\t\t\t\t<\/div>\n\t\t\t\t\t\t\t\t<\/div>\n\t\t\t\t<\/div>\n\t\t\t\t\t<\/div>\n\t\t<\/div>\n\t\t\t\t\t<\/div>\n\t\t<\/section>\n\t\t\t\t<\/div>\n\t\t","protected":false},"excerpt":{"rendered":"<p>Monic AI Nedir ve Neden \u00d6nemlidir? Monic AI, y\u00fcklenen her t\u00fcrl\u00fc ders materyalini (PDF, PowerPoint, YouTube videolar\u0131 veya d\u00fcz metinler) saniyeler i\u00e7inde etkile\u015fimli \u00e7al\u0131\u015fma kartlar\u0131na (flashcards), deneme s\u0131navlar\u0131na ve \u00f6zetlere d\u00f6n\u00fc\u015ft\u00fcren yapay zek\u00e2 destekli bir \u00f6\u011frenme platformudur. En b\u00fcy\u00fck fark\u0131; s\u0131navlara haz\u0131rl\u0131k veya ders tekrar\u0131 i\u00e7in manuel olarak soru yazmak veya \u00f6zet \u00e7\u0131karmak i\u00e7in harcanan [&hellip;]<\/p>\n","protected":false},"author":666,"featured_media":0,"parent":0,"menu_order":0,"comment_status":"closed","ping_status":"closed","template":"","meta":{"footnotes":""},"class_list":["post-10540","page","type-page","status-publish","hentry"],"_links":{"self":[{"href":"https:\/\/atauni.edu.tr\/ogretme-ve-ogrenmeyi-gelistirme-uygulama-ve-arastirma-merkezi\/wp-json\/wp\/v2\/pages\/10540","targetHints":{"allow":["GET"]}}],"collection":[{"href":"https:\/\/atauni.edu.tr\/ogretme-ve-ogrenmeyi-gelistirme-uygulama-ve-arastirma-merkezi\/wp-json\/wp\/v2\/pages"}],"about":[{"href":"https:\/\/atauni.edu.tr\/ogretme-ve-ogrenmeyi-gelistirme-uygulama-ve-arastirma-merkezi\/wp-json\/wp\/v2\/types\/page"}],"author":[{"embeddable":true,"href":"https:\/\/atauni.edu.tr\/ogretme-ve-ogrenmeyi-gelistirme-uygulama-ve-arastirma-merkezi\/wp-json\/wp\/v2\/users\/666"}],"replies":[{"embeddable":true,"href":"https:\/\/atauni.edu.tr\/ogretme-ve-ogrenmeyi-gelistirme-uygulama-ve-arastirma-merkezi\/wp-json\/wp\/v2\/comments?post=10540"}],"version-history":[{"count":7,"href":"https:\/\/atauni.edu.tr\/ogretme-ve-ogrenmeyi-gelistirme-uygulama-ve-arastirma-merkezi\/wp-json\/wp\/v2\/pages\/10540\/revisions"}],"predecessor-version":[{"id":10551,"href":"https:\/\/atauni.edu.tr\/ogretme-ve-ogrenmeyi-gelistirme-uygulama-ve-arastirma-merkezi\/wp-json\/wp\/v2\/pages\/10540\/revisions\/10551"}],"wp:attachment":[{"href":"https:\/\/atauni.edu.tr\/ogretme-ve-ogrenmeyi-gelistirme-uygulama-ve-arastirma-merkezi\/wp-json\/wp\/v2\/media?parent=10540"}],"curies":[{"name":"wp","href":"https:\/\/api.w.org\/{rel}","templated":true}]}}