{"id":10561,"date":"2026-05-09T13:54:01","date_gmt":"2026-05-09T10:54:01","guid":{"rendered":"https:\/\/atauni.edu.tr\/ogretme-ve-ogrenmeyi-gelistirme-uygulama-ve-arastirma-merkezi\/?page_id=10561"},"modified":"2026-05-09T13:56:54","modified_gmt":"2026-05-09T10:56:54","slug":"writefull-2","status":"publish","type":"page","link":"https:\/\/atauni.edu.tr\/ogretme-ve-ogrenmeyi-gelistirme-uygulama-ve-arastirma-merkezi\/writefull-2\/","title":{"rendered":"Writefull"},"content":{"rendered":"\t\t<div data-elementor-type=\"wp-page\" data-elementor-id=\"10561\" class=\"elementor elementor-10561\" data-elementor-post-type=\"page\">\n\t\t\t\t\t\t<section class=\"elementor-section elementor-top-section elementor-element elementor-element-b19716e elementor-section-boxed elementor-section-height-default elementor-section-height-default\" data-id=\"b19716e\" data-element_type=\"section\">\n\t\t\t\t\t\t<div class=\"elementor-container elementor-column-gap-default\">\n\t\t\t\t\t<div class=\"elementor-column elementor-col-100 elementor-top-column elementor-element elementor-element-02fad5f\" data-id=\"02fad5f\" data-element_type=\"column\">\n\t\t\t<div class=\"elementor-widget-wrap elementor-element-populated\">\n\t\t\t\t\t\t<div class=\"elementor-element elementor-element-0c00835 elementor-widget elementor-widget-image\" data-id=\"0c00835\" data-element_type=\"widget\" data-widget_type=\"image.default\">\n\t\t\t\t<div class=\"elementor-widget-container\">\n\t\t\t\t\t\t\t\t\t\t\t\t\t\t\t<img fetchpriority=\"high\" decoding=\"async\" width=\"275\" height=\"183\" src=\"https:\/\/atauni.edu.tr\/ogretme-ve-ogrenmeyi-gelistirme-uygulama-ve-arastirma-merkezi\/wp-content\/uploads\/sites\/817\/2026\/05\/images-Photoroom-1-2.png\" class=\"attachment-medium size-medium wp-image-10563\" alt=\"\" \/>\t\t\t\t\t\t\t\t\t\t\t\t\t\t\t<\/div>\n\t\t\t\t<\/div>\n\t\t\t\t\t<\/div>\n\t\t<\/div>\n\t\t\t\t\t<\/div>\n\t\t<\/section>\n\t\t\t\t<section class=\"elementor-section elementor-top-section elementor-element elementor-element-24f87d8 elementor-section-boxed elementor-section-height-default elementor-section-height-default\" data-id=\"24f87d8\" data-element_type=\"section\">\n\t\t\t\t\t\t<div class=\"elementor-container elementor-column-gap-default\">\n\t\t\t\t\t<div class=\"elementor-column elementor-col-100 elementor-top-column elementor-element elementor-element-9bc334c\" data-id=\"9bc334c\" data-element_type=\"column\">\n\t\t\t<div class=\"elementor-widget-wrap elementor-element-populated\">\n\t\t\t\t\t\t<div class=\"elementor-element elementor-element-8685dae elementor-widget elementor-widget-text-editor\" data-id=\"8685dae\" data-element_type=\"widget\" data-widget_type=\"text-editor.default\">\n\t\t\t\t<div class=\"elementor-widget-container\">\n\t\t\t\t\t\t\t\t\t<div>\n    <h2>Writefull Nedir ve Neden \u00d6nemlidir?<\/h2>\n    <p>Writefull, milyonlarca hakemli makale ve bilimsel yay\u0131n \u00fczerinden e\u011fitilmi\u015f, do\u011frudan akademik yaz\u0131m s\u00fcre\u00e7lerine odaklanan yapay zek\u00e2 destekli bir dil ve redaksiyon asistan\u0131d\u0131r. En b\u00fcy\u00fck fark\u0131; standart yaz\u0131m denetimi ara\u00e7lar\u0131n\u0131n (\u00f6rne\u011fin standart Word denetleyicisi) \u00f6tesine ge\u00e7erek, metni bilimsel terminolojiye, akademik yap\u0131ya ve dergi standartlar\u0131na uygun hale getirecek ba\u011flamsal d\u00fczeltmeler sunmas\u0131d\u0131r. Akademisyenlerin ve \u00f6\u011frencilerin uluslararas\u0131 yay\u0131n s\u00fcre\u00e7lerinde kar\u015f\u0131la\u015ft\u0131klar\u0131 dil bariyerini ortadan kald\u0131rarak, akademik yaz\u0131m deneyimini &#8220;yaz ve bilimsel dille kusursuzla\u015ft\u0131r&#8221; basitli\u011finde profesyonel bir s\u00fcrece d\u00f6n\u00fc\u015ft\u00fcr\u00fcr.<\/p>\n\n    <h2>E\u011fitimde Kullan\u0131m Alanlar\u0131<\/h2>\n    <p>E\u011fitimciler ve ara\u015ft\u0131rmac\u0131lar i\u00e7in Writefull, arka planda \u00e7al\u0131\u015fan ve anadili \u0130ngilizce olan (native speaker) uzman bir akademik edit\u00f6r gibi \u00e7al\u0131\u015f\u0131r. Geleneksel y\u00f6ntemlerde bir makaleyi uluslararas\u0131 dergilere (SCI, SSCI vb.) g\u00f6ndermeden \u00f6nce profesyonel redaksiyon hizmetlerine haftalar ve y\u00fcksek b\u00fct\u00e7eler harcan\u0131rken, bu ara\u00e7la taslak metinlerdeki gramer, kelime se\u00e7imi ve akademik ton saniyeler i\u00e7inde iyile\u015ftirilebilir. \u00d6zellikle tez dan\u0131\u015fmanl\u0131k s\u00fcre\u00e7lerinde, proje raporlar\u0131n\u0131n yaz\u0131m\u0131nda ve akademik \u0130ngilizce e\u011fitiminde operasyonel y\u00fck\u00fc ciddi \u015fekilde hafifletir.<\/p>\n\n    <h2>\u00d6\u011frenciler \u0130\u00e7in<\/h2>\n    <p>\u0130ngilizce literat\u00fcr tarayan, uluslararas\u0131 projeler geli\u015ftiren veya yabanc\u0131 dilde tez yazan \u00f6\u011frenciler bu arac\u0131; kendi yazd\u0131klar\u0131 ham metinlerin akademik kalitesini art\u0131rmak i\u00e7in hayat kurtar\u0131c\u0131 bir asistan olarak kullanabilirler. Sadece hatalar\u0131n\u0131 g\u00f6rmekle kalmaz, arac\u0131n sundu\u011fu &#8220;Language Search&#8221; (Dil Aramas\u0131) gibi \u00f6zellikler sayesinde belirli bir kelimenin veya kal\u0131b\u0131n ger\u00e7ek bilimsel makalelerde nas\u0131l kullan\u0131ld\u0131\u011f\u0131n\u0131 ke\u015ffederek, akademik okuryazarl\u0131k ve yazarl\u0131k (academic writing) becerilerini uygulamal\u0131 olarak geli\u015ftirirler.<\/p>\n\n    <h2>\u00d6nemli Akademik Uyar\u0131<\/h2>\n    <p>Writefull akademik \u0130ngilizceyi kusursuzla\u015ft\u0131rma konusunda son derece ba\u015far\u0131l\u0131 olsa da, yapay zek\u00e2n\u0131n \u00e7ok spesifik bir bilimsel bulguyu veya karma\u015f\u0131k bir iddiay\u0131 &#8220;daha ak\u0131c\u0131&#8221; yapmak ad\u0131na yanl\u0131\u015f yorumlayarak c\u00fcmlenin as\u0131l bilimsel anlam\u0131n\u0131 (meaning) de\u011fi\u015ftirebilece\u011fi unutulmamal\u0131d\u0131r. Bu platform, ara\u015ft\u0131rman\u0131n bilimsel de\u011ferini art\u0131ran bir veri kayna\u011f\u0131 de\u011fil, ara\u015ft\u0131rman\u0131n &#8220;sunumunu ve dilini&#8221; parlatan bir ara\u00e7 olarak konumland\u0131r\u0131lmal\u0131d\u0131r. Sistem taraf\u0131ndan sunulan her dilbilgisi veya kelime \u00f6nerisi kabul edilmeden \u00f6nce yazar taraf\u0131ndan bilimsel ba\u011flama uygunlu\u011fu a\u00e7\u0131s\u0131ndan kontrol edilmelidir.<\/p>\n\n    <h2>Nas\u0131l Eri\u015filir?<\/h2>\n    <p><a href=\"https:\/\/www.writefull.com\" target=\"_blank\" style=\"color: #0056b3;text-decoration: none\">https:\/\/www.writefull.com<\/a> adresi \u00fczerinden hesap olu\u015fturarak kullan\u0131labilir. Platformun en g\u00fc\u00e7l\u00fc yan\u0131, Microsoft Word ve Overleaf (LaTeX) i\u00e7in sundu\u011fu entegre eklentilerdir (add-in). Bu eklentileri kurarak do\u011frudan metin belgeniz \u00fczerinden ayr\u0131lmadan \u00fccretsiz temel \u00f6zellikleri kullanmaya ba\u015flayabilirsiniz.<\/p>\n\n    <h2>Akademisyenler ve E\u011fitimciler \u0130\u00e7in: Yapay Zek\u00e2 Destekli Akademik Yaz\u0131m ve Redaksiyon<\/h2>\n    <p>Akademik d\u00fcnyada, bulgular\u0131 uluslararas\u0131 dergilerin kabul edece\u011fi akademik bir dille ifade etmek ara\u015ft\u0131rman\u0131n yayg\u0131nla\u015fmas\u0131n\u0131 do\u011frudan etkiler. Writefull bu editoryal h\u0131z\u0131 sa\u011flar. \u0130\u015fte arac\u0131n \u00f6zellikleriyle (\u00f6zellikle Word eklentisi \u00fczerinden) kullanabilece\u011finiz baz\u0131 senaryolar:<\/p>\n\n    <h4>G\u00fcndelik Dili Akademik Tona \u00c7evirme (Paraphraser)<\/h4>\n    <p>Yazd\u0131\u011f\u0131n\u0131z bir paragraf\u0131n fazla basit (informal) oldu\u011funu d\u00fc\u015f\u00fcn\u00fcyorsan\u0131z \u015fu eylemi ger\u00e7ekle\u015ftirebilirsiniz:<\/p>\n    <blockquote style=\"border-left: 4px solid #ccc;padding-left: 15px;margin-left: 0;color: #555;font-style: italic\">\n        &#8220;Word eklentisinde &#8216;Paraphraser&#8217; arac\u0131n\u0131 a\u00e7\u0131n. Basit bir dille yazd\u0131\u011f\u0131n\u0131z c\u00fcmleyi se\u00e7in. Sistem size bu c\u00fcmlenin &#8216;Low&#8217; (Hafif de\u011fi\u015fiklik), &#8216;Medium&#8217; (Orta) ve &#8216;High&#8217; (Tamamen akademik yeniden yaz\u0131m) seviyelerinde alternatiflerini sunacakt\u0131r. En uygun bilimsel ifadeyi tek t\u0131kla metninize ekleyin.&#8221;\n    <\/blockquote>\n\n    <h4>Makale \u0130\u00e7in Otomatik Ba\u015fl\u0131k (Title Generator) ve \u00d6zet (Abstract) \u00dcretme<\/h4>\n    <p>Ara\u015ft\u0131rman\u0131z bitti\u011finde, i\u00e7eri\u011fi en iyi yans\u0131tacak ba\u015fl\u0131\u011f\u0131 veya 250 kelimelik standart \u00f6zeti olu\u015fturmakta zorlan\u0131yorsan\u0131z \u015fu y\u00f6ntemi deneyebilirsiniz:<\/p>\n    <blockquote style=\"border-left: 4px solid #ccc;padding-left: 15px;margin-left: 0;color: #555;font-style: italic\">\n        &#8220;Eklentideki &#8216;Title Generator&#8217; veya &#8216;Abstract Generator&#8217; arac\u0131na t\u0131klay\u0131n. Makalenizin giri\u015f veya sonu\u00e7 metnini sisteme verin. Yapay zek\u00e2, i\u00e7eri\u011finizi analiz ederek dergi standartlar\u0131na uygun, dikkat \u00e7ekici akademik ba\u015fl\u0131klar ve yap\u0131land\u0131r\u0131lm\u0131\u015f \u00f6zetler (abstracts) \u00fcretecektir.&#8221;\n    <\/blockquote>\n\n    <h4>Literat\u00fcrdeki Do\u011fru Kullan\u0131m\u0131 Ke\u015ffetme (Language Search)<\/h4>\n    <p>Yabanc\u0131 dilde yazarken &#8220;Bu iki kelime bilimsel makalelerde birlikte kullan\u0131l\u0131yor mu?&#8221; \u015f\u00fcphesine d\u00fc\u015ft\u00fc\u011f\u00fcn\u00fczde \u015fu i\u015f ak\u0131\u015f\u0131 etkilidir:<\/p>\n    <blockquote style=\"border-left: 4px solid #ccc;padding-left: 15px;margin-left: 0;color: #555;font-style: italic\">\n        &#8220;&#8216;Language Search&#8217; arac\u0131na merak etti\u011finiz bir ba\u011flac\u0131 veya ifadeyi yaz\u0131n. Sistem, o ifadenin yay\u0131nlanm\u0131\u015f milyonlarca hakemli makalede nas\u0131l ve hangi ba\u011flamda kullan\u0131ld\u0131\u011f\u0131n\u0131 size \u00f6rnek c\u00fcmlelerle listeleyerek, do\u011fru akademik kal\u0131b\u0131 se\u00e7menize yard\u0131mc\u0131 olur.&#8221;\n    <\/blockquote>\n\n    <h4>C\u00fcmle Tamamlama (Sentence Palette) ile Yaz\u0131m T\u0131kan\u0131kl\u0131\u011f\u0131n\u0131 A\u015fma<\/h4>\n    <p>\u00d6zellikle makalenin &#8216;Tart\u0131\u015fma&#8217; (Discussion) veya &#8216;Literat\u00fcr Taramas\u0131&#8217; (Literature Review) b\u00f6l\u00fcmlerinde c\u00fcmleye nas\u0131l ba\u015flayaca\u011f\u0131n\u0131z\u0131 bulamad\u0131\u011f\u0131n\u0131zda \u015fu s\u00fcreci ba\u015flatabilirsiniz:<\/p>\n    <blockquote style=\"border-left: 4px solid #ccc;padding-left: 15px;margin-left: 0;color: #555;font-style: italic\">\n        &#8220;&#8216;Sentence Palette&#8217; (C\u00fcmle Paleti) b\u00f6l\u00fcm\u00fcn\u00fc a\u00e7\u0131n. Amac\u0131n\u0131z\u0131 se\u00e7in (\u00f6rne\u011fin: &#8216;Bir \u00f6nceki \u00e7al\u0131\u015fmay\u0131 ele\u015ftirmek&#8217; veya &#8216;Ara\u015ft\u0131rman\u0131n s\u0131n\u0131rlar\u0131n\u0131 belirtmek&#8217;). Sistem size literat\u00fcrde bu ama\u00e7la kullan\u0131lan en yayg\u0131n kal\u0131p c\u00fcmle ba\u015flang\u0131\u00e7lar\u0131n\u0131 sunarak yaz\u0131m t\u0131kan\u0131kl\u0131\u011f\u0131n\u0131z\u0131 (writer&#8217;s block) h\u0131zla a\u015fman\u0131z\u0131 sa\u011flar.&#8221;\n    <\/blockquote>\n<\/div>\t\t\t\t\t\t\t\t<\/div>\n\t\t\t\t<\/div>\n\t\t\t\t\t<\/div>\n\t\t<\/div>\n\t\t\t\t\t<\/div>\n\t\t<\/section>\n\t\t\t\t<section class=\"elementor-section elementor-top-section elementor-element elementor-element-6d8bdfb elementor-section-boxed elementor-section-height-default elementor-section-height-default\" data-id=\"6d8bdfb\" data-element_type=\"section\">\n\t\t\t\t\t\t<div class=\"elementor-container elementor-column-gap-default\">\n\t\t\t\t\t<div class=\"elementor-column elementor-col-100 elementor-top-column elementor-element elementor-element-aa14391\" data-id=\"aa14391\" data-element_type=\"column\">\n\t\t\t<div class=\"elementor-widget-wrap elementor-element-populated\">\n\t\t\t\t\t\t<div class=\"elementor-element elementor-element-b5f3f0a elementor-widget elementor-widget-button\" data-id=\"b5f3f0a\" data-element_type=\"widget\" data-widget_type=\"button.default\">\n\t\t\t\t<div class=\"elementor-widget-container\">\n\t\t\t\t\t\t\t\t\t<div class=\"elementor-button-wrapper\">\n\t\t\t\t\t<a class=\"elementor-button elementor-button-link elementor-size-sm\" href=\"https:\/\/www.writefull.com\/\" target=\"_blank\">\n\t\t\t\t\t\t<span class=\"elementor-button-content-wrapper\">\n\t\t\t\t\t\t\t\t\t<span class=\"elementor-button-text\">Buraya t\u0131kla<\/span>\n\t\t\t\t\t<\/span>\n\t\t\t\t\t<\/a>\n\t\t\t\t<\/div>\n\t\t\t\t\t\t\t\t<\/div>\n\t\t\t\t<\/div>\n\t\t\t\t\t<\/div>\n\t\t<\/div>\n\t\t\t\t\t<\/div>\n\t\t<\/section>\n\t\t\t\t<\/div>\n\t\t","protected":false},"excerpt":{"rendered":"<p>Writefull Nedir ve Neden \u00d6nemlidir? Writefull, milyonlarca hakemli makale ve bilimsel yay\u0131n \u00fczerinden e\u011fitilmi\u015f, do\u011frudan akademik yaz\u0131m s\u00fcre\u00e7lerine odaklanan yapay zek\u00e2 destekli bir dil ve redaksiyon asistan\u0131d\u0131r. En b\u00fcy\u00fck fark\u0131; standart yaz\u0131m denetimi ara\u00e7lar\u0131n\u0131n (\u00f6rne\u011fin standart Word denetleyicisi) \u00f6tesine ge\u00e7erek, metni bilimsel terminolojiye, akademik yap\u0131ya ve dergi standartlar\u0131na uygun hale getirecek ba\u011flamsal d\u00fczeltmeler sunmas\u0131d\u0131r. Akademisyenlerin [&hellip;]<\/p>\n","protected":false},"author":666,"featured_media":0,"parent":0,"menu_order":0,"comment_status":"closed","ping_status":"closed","template":"","meta":{"footnotes":""},"class_list":["post-10561","page","type-page","status-publish","hentry"],"_links":{"self":[{"href":"https:\/\/atauni.edu.tr\/ogretme-ve-ogrenmeyi-gelistirme-uygulama-ve-arastirma-merkezi\/wp-json\/wp\/v2\/pages\/10561","targetHints":{"allow":["GET"]}}],"collection":[{"href":"https:\/\/atauni.edu.tr\/ogretme-ve-ogrenmeyi-gelistirme-uygulama-ve-arastirma-merkezi\/wp-json\/wp\/v2\/pages"}],"about":[{"href":"https:\/\/atauni.edu.tr\/ogretme-ve-ogrenmeyi-gelistirme-uygulama-ve-arastirma-merkezi\/wp-json\/wp\/v2\/types\/page"}],"author":[{"embeddable":true,"href":"https:\/\/atauni.edu.tr\/ogretme-ve-ogrenmeyi-gelistirme-uygulama-ve-arastirma-merkezi\/wp-json\/wp\/v2\/users\/666"}],"replies":[{"embeddable":true,"href":"https:\/\/atauni.edu.tr\/ogretme-ve-ogrenmeyi-gelistirme-uygulama-ve-arastirma-merkezi\/wp-json\/wp\/v2\/comments?post=10561"}],"version-history":[{"count":4,"href":"https:\/\/atauni.edu.tr\/ogretme-ve-ogrenmeyi-gelistirme-uygulama-ve-arastirma-merkezi\/wp-json\/wp\/v2\/pages\/10561\/revisions"}],"predecessor-version":[{"id":10566,"href":"https:\/\/atauni.edu.tr\/ogretme-ve-ogrenmeyi-gelistirme-uygulama-ve-arastirma-merkezi\/wp-json\/wp\/v2\/pages\/10561\/revisions\/10566"}],"wp:attachment":[{"href":"https:\/\/atauni.edu.tr\/ogretme-ve-ogrenmeyi-gelistirme-uygulama-ve-arastirma-merkezi\/wp-json\/wp\/v2\/media?parent=10561"}],"curies":[{"name":"wp","href":"https:\/\/api.w.org\/{rel}","templated":true}]}}