{"id":7855,"date":"2025-06-24T15:16:13","date_gmt":"2025-06-24T12:16:13","guid":{"rendered":"https:\/\/birimler.atauni.edu.tr\/ogretme-ve-ogrenmeyi-gelistirme-uygulama-ve-arastirma-merkezi\/?page_id=7855"},"modified":"2025-06-25T16:27:23","modified_gmt":"2025-06-25T13:27:23","slug":"amac-ve-kapsam","status":"publish","type":"page","link":"https:\/\/atauni.edu.tr\/ogretme-ve-ogrenmeyi-gelistirme-uygulama-ve-arastirma-merkezi\/amac-ve-kapsam\/","title":{"rendered":"Ama\u00e7 ve Kapsam"},"content":{"rendered":"\t\t<div data-elementor-type=\"wp-page\" data-elementor-id=\"7855\" class=\"elementor elementor-7855\" data-elementor-post-type=\"page\">\n\t\t\t\t\t\t<section class=\"elementor-section elementor-top-section elementor-element elementor-element-1c33d8a elementor-section-boxed elementor-section-height-default elementor-section-height-default\" data-id=\"1c33d8a\" data-element_type=\"section\">\n\t\t\t\t\t\t<div class=\"elementor-container elementor-column-gap-default\">\n\t\t\t\t\t<div class=\"elementor-column elementor-col-100 elementor-top-column elementor-element elementor-element-1b5b49f\" data-id=\"1b5b49f\" data-element_type=\"column\">\n\t\t\t<div class=\"elementor-widget-wrap elementor-element-populated\">\n\t\t\t\t\t\t<div class=\"elementor-element elementor-element-14351e8 elementor-widget elementor-widget-text-editor\" data-id=\"14351e8\" data-element_type=\"widget\" data-widget_type=\"text-editor.default\">\n\t\t\t\t<div class=\"elementor-widget-container\">\n\t\t\t\t\t\t\t\t\t<div class=\"row\">\n<div class=\"col-lg-6\" style=\"float: left;border-right: solid #dfdfdf\">\n<h4>Rekt\u00f6r\u00fcm\u00fcz Prof. Dr. Ahmet HACIM\u00dcFT\u00dcO\u011eLU&#8217;dan Mesaj<\/h4>\n<div class=\"wp-block-image\">\n<p class=\"alignright is-resized\" style=\"text-align: justify\"><img decoding=\"async\" id=\"resim\" class=\"alignleft wp-image-2171\" style=\"border-radius: 100%;object-fit: cover;width: 180px;height: 180px;margin-top: 15px\" src=\"https:\/\/atauni.edu.tr\/uploads\/profilResimleriSha1\/c36e5bdd2b96e9d101c860b9cd0c3219.png\" alt=\"\" width=\"150\" height=\"150\" \/>\u00dcniversite olarak ilkemiz, kurumsal hedeflere ve \u00f6nceliklere duyarl\u0131 olmak; \u00f6\u011frenme hedeflerinin rehberli\u011finde \u00f6\u011fretim \u00fcyeleri ve akademik birimlerin i\u015f birli\u011fi i\u00e7inde \u00e7al\u0131\u015fmas\u0131n\u0131 sa\u011flamakt\u0131r. Bu kapsamda faaliyet g\u00f6steren \u00d6\u011fretme ve \u00d6\u011frenmeyi Geli\u015ftirme Uygulama ve Merkezi, \u00e7a\u011f\u0131n gereklerine uygun olarak \u00f6\u011fretme ve \u00f6\u011frenme k\u00fclt\u00fcr\u00fcn\u00fc ilerletmeyi ama\u00e7lamakta ve kapsay\u0131c\u0131, \u00f6\u011frenci merkezli, ara\u015ft\u0131rma sonu\u00e7lar\u0131na dayal\u0131 pedagojik uygulamalar\u0131 te\u015fvik etmektedir. Merkez b\u00fcnyesinde y\u00fcr\u00fct\u00fclecek faaliyetler arac\u0131l\u0131\u011f\u0131yla ulusal ve uluslararas\u0131 bilimsel anlay\u0131\u015f do\u011frultusunda \u00f6\u011fretim \u00fcyelerine, e\u011fitim-\u00f6\u011fretim s\u00fcre\u00e7lerinin iyile\u015ftirilmesinde, yeniden yap\u0131land\u0131r\u0131lmas\u0131nda ve g\u00fcncellenmesinde destek verilmektedir.<\/p>\n\n<\/div>\n<\/div>\n<div class=\"col-lg-6\" style=\"float: left\">\n<h4>M\u00fcd\u00fcr\u00fcm\u00fcz Do\u00e7. Dr. Ceyhun OZAN&#8217;dan Mesaj<\/h4>\n<div class=\"wp-block-image\">\n<p class=\"alignright is-resized\" style=\"text-align: justify\"><img decoding=\"async\" id=\"resim\" class=\"alignright wp-image-1067\" style=\"border-radius: 100%;object-fit: cover;width: 180px;height: 180px;margin-top: 15px\" src=\"https:\/\/avesis.atauni.edu.tr\/user\/image\/2685\" alt=\"\" width=\"150\" height=\"150\" \/>\u00d6\u011fretme ve \u00d6\u011frenmeyi Geli\u015ftirme Uygulama ve Ara\u015ft\u0131rma Merkezi, kurulu\u015fundan bu yana \u00f6\u011fretme ve \u00f6\u011frenmede m\u00fckemmelli\u011fi ama\u00e7layan kurumsal bir iklimi te\u015fvik etmeye odaklanmaktad\u0131r. \u00dcniversite genelinde \u00f6\u011fretim \u00fcyeleri ve \u00f6\u011frenciler ile ortak \u00e7al\u0131\u015fmalar y\u00fcr\u00fcterek, ilham verici ve \u00f6\u011fretimi zenginle\u015ftirici yenilikler sunmaktad\u0131r. \u00d6\u011fretim \u00fcyelerine etkili, verimli, memnun edici \u00f6\u011fretim uygulamalar\u0131, de\u011ferlendirme y\u00f6ntemleri, e\u011fitim ortam\u0131n\u0131 zenginle\u015ftirecek teknolojiler, y\u00f6ntem ve teknikler ile ilgili seminerler, \u00e7al\u0131\u015ftaylar ve konferanslar d\u00fczenlenmektedir. \u00d6\u011frencilere y\u00f6nelik olarak pedagojinin \u00e7e\u015fitli y\u00f6nlerini tan\u0131tan ve bireysel \u00f6\u011frenme stillerini geli\u015ftirmelerine yard\u0131mc\u0131 olan teknik altyap\u0131 \u00e7al\u0131\u015fmalar\u0131n\u0131 s\u00fcrd\u00fcrmektedir.<\/p>\n\n<\/div>\n<\/div>\n<\/div>\n\n<hr \/>\n\n<h4>Atat\u00fcrk \u00dcniversitesi \u00d6\u011frenme ve \u00d6\u011fretmeyi Geli\u015ftirme Merkezi (\u00d6GEM), \u00fcniversite d\u00fczeyinde \u00f6\u011frenme ve \u00f6\u011fretim s\u00fcre\u00e7lerinin geli\u015ftirilmesine katk\u0131da bulunmak amac\u0131yla kurulmu\u015ftur. Bu kapsamda, ATA \u00d6GEM;<\/h4>\n<ul>\n \t<li>\u00d6\u011fretim becerilerini geli\u015ftirmek isteyen \u00f6\u011fretim elemanlar\u0131na destek olmak ve bilgi vermek amac\u0131yla seminerler, bireysel veya grup dan\u0131\u015fmanl\u0131k hizmetleri ve \u00f6\u011frenme ortamlar\u0131 olu\u015fturma faaliyetleri y\u00fcr\u00fct\u00fcr.<\/li>\n \t<li>\u00d6\u011frencilerin akademik ve sosyal geli\u015fimini desteklemek amac\u0131yla, onlara akademik \u00f6zelliklerini tan\u0131ma, akademik hedeflerine ula\u015fma, gerekli olan \u00f6\u011frenme becerilerini geli\u015ftirme ve ba\u015far\u0131lar\u0131n\u0131 art\u0131rma gibi konularda yard\u0131mc\u0131 olur.<\/li>\n \t<li>Kendi alan\u0131 (\u00f6\u011fretme ve \u00f6\u011frenmeyi destekleyen faaliyetler) ile ilgili ara\u015ft\u0131rma-yay\u0131n yapma, dan\u0131\u015fmanl\u0131k hizmeti verme, proje haz\u0131rlama-uygulama ve merkez b\u00fcnyesinde verilen hizmetleri de\u011ferlendirme faaliyetleri y\u00fcr\u00fct\u00fcr.<\/li>\n<\/ul>\n<h3><a href=\"https:\/\/ogem.atauni.edu.tr\/wp-content\/uploads\/2019\/02\/Ogem_yonetmelik_RG_ocak_2019.pdf\">Y\u00f6netmelik \u0130\u00e7in T\u0131klay\u0131n\u0131z<\/a><\/h3>\t\t\t\t\t\t\t\t<\/div>\n\t\t\t\t<\/div>\n\t\t\t\t\t<\/div>\n\t\t<\/div>\n\t\t\t\t\t<\/div>\n\t\t<\/section>\n\t\t\t\t<\/div>\n\t\t","protected":false},"excerpt":{"rendered":"<p>Rekt\u00f6r\u00fcm\u00fcz Prof. Dr. Ahmet HACIM\u00dcFT\u00dcO\u011eLU&#8217;dan Mesaj \u00dcniversite olarak ilkemiz, kurumsal hedeflere ve \u00f6nceliklere duyarl\u0131 olmak; \u00f6\u011frenme hedeflerinin rehberli\u011finde \u00f6\u011fretim \u00fcyeleri ve akademik birimlerin i\u015f birli\u011fi i\u00e7inde \u00e7al\u0131\u015fmas\u0131n\u0131 sa\u011flamakt\u0131r. Bu kapsamda faaliyet g\u00f6steren \u00d6\u011fretme ve \u00d6\u011frenmeyi Geli\u015ftirme Uygulama ve Merkezi, \u00e7a\u011f\u0131n gereklerine uygun olarak \u00f6\u011fretme ve \u00f6\u011frenme k\u00fclt\u00fcr\u00fcn\u00fc ilerletmeyi ama\u00e7lamakta ve kapsay\u0131c\u0131, \u00f6\u011frenci merkezli, ara\u015ft\u0131rma sonu\u00e7lar\u0131na [&hellip;]<\/p>\n","protected":false},"author":666,"featured_media":0,"parent":0,"menu_order":0,"comment_status":"closed","ping_status":"closed","template":"","meta":{"footnotes":""},"class_list":["post-7855","page","type-page","status-publish","hentry"],"_links":{"self":[{"href":"https:\/\/atauni.edu.tr\/ogretme-ve-ogrenmeyi-gelistirme-uygulama-ve-arastirma-merkezi\/wp-json\/wp\/v2\/pages\/7855","targetHints":{"allow":["GET"]}}],"collection":[{"href":"https:\/\/atauni.edu.tr\/ogretme-ve-ogrenmeyi-gelistirme-uygulama-ve-arastirma-merkezi\/wp-json\/wp\/v2\/pages"}],"about":[{"href":"https:\/\/atauni.edu.tr\/ogretme-ve-ogrenmeyi-gelistirme-uygulama-ve-arastirma-merkezi\/wp-json\/wp\/v2\/types\/page"}],"author":[{"embeddable":true,"href":"https:\/\/atauni.edu.tr\/ogretme-ve-ogrenmeyi-gelistirme-uygulama-ve-arastirma-merkezi\/wp-json\/wp\/v2\/users\/666"}],"replies":[{"embeddable":true,"href":"https:\/\/atauni.edu.tr\/ogretme-ve-ogrenmeyi-gelistirme-uygulama-ve-arastirma-merkezi\/wp-json\/wp\/v2\/comments?post=7855"}],"version-history":[{"count":4,"href":"https:\/\/atauni.edu.tr\/ogretme-ve-ogrenmeyi-gelistirme-uygulama-ve-arastirma-merkezi\/wp-json\/wp\/v2\/pages\/7855\/revisions"}],"predecessor-version":[{"id":7948,"href":"https:\/\/atauni.edu.tr\/ogretme-ve-ogrenmeyi-gelistirme-uygulama-ve-arastirma-merkezi\/wp-json\/wp\/v2\/pages\/7855\/revisions\/7948"}],"wp:attachment":[{"href":"https:\/\/atauni.edu.tr\/ogretme-ve-ogrenmeyi-gelistirme-uygulama-ve-arastirma-merkezi\/wp-json\/wp\/v2\/media?parent=7855"}],"curies":[{"name":"wp","href":"https:\/\/api.w.org\/{rel}","templated":true}]}}