{"id":8022,"date":"2025-06-26T14:14:29","date_gmt":"2025-06-26T11:14:29","guid":{"rendered":"https:\/\/birimler.atauni.edu.tr\/ogretme-ve-ogrenmeyi-gelistirme-uygulama-ve-arastirma-merkezi\/?page_id=8022"},"modified":"2025-06-26T14:15:39","modified_gmt":"2025-06-26T11:15:39","slug":"ogrenme-yonetim-sistemleri","status":"publish","type":"page","link":"https:\/\/atauni.edu.tr\/ogretme-ve-ogrenmeyi-gelistirme-uygulama-ve-arastirma-merkezi\/ogrenme-yonetim-sistemleri\/","title":{"rendered":"\u00d6\u011eRENME Y\u00d6NET\u0130M S\u0130STEMLER\u0130"},"content":{"rendered":"\t\t<div data-elementor-type=\"wp-page\" data-elementor-id=\"8022\" class=\"elementor elementor-8022\" data-elementor-post-type=\"page\">\n\t\t\t\t\t\t<section class=\"elementor-section elementor-top-section elementor-element elementor-element-c30042a elementor-section-boxed elementor-section-height-default elementor-section-height-default\" data-id=\"c30042a\" data-element_type=\"section\">\n\t\t\t\t\t\t<div class=\"elementor-container elementor-column-gap-default\">\n\t\t\t\t\t<div class=\"elementor-column elementor-col-100 elementor-top-column elementor-element elementor-element-81d4910\" data-id=\"81d4910\" data-element_type=\"column\">\n\t\t\t<div class=\"elementor-widget-wrap elementor-element-populated\">\n\t\t\t\t\t\t<div class=\"elementor-element elementor-element-8d1ec25 elementor-widget elementor-widget-text-editor\" data-id=\"8d1ec25\" data-element_type=\"widget\" data-widget_type=\"text-editor.default\">\n\t\t\t\t<div class=\"elementor-widget-container\">\n\t\t\t\t\t\t\t\t\t<div>\n\nWeb \u00fczerinden verilen bilgilerin bir sistem \u00fczerinden d\u00fczenlenmesi, \u00f6\u011fretmen ve \u00f6\u011frencilerin sisteme ve bilgilere eri\u015febilmesini sa\u011flayan y\u00f6netici faaliyetlerdir. \u0130ngilizce&#8217;de Learning Management System olarak ge\u00e7en bu kavram\u0131n k\u0131salt\u0131lm\u0131\u015f hali LMS\u2019dir. Bu nedenle de \u00e7o\u011fu uzaktan e\u011fitim platformunda \u00f6\u011frencilerin ve \u00f6\u011freticilerin eri\u015fim sa\u011flad\u0131\u011f\u0131 platformun web adresinde LMS ifadesi ge\u00e7er.\n<h3>\u00d6zellikleri Nelerdir?<\/h3>\n\u00d6YS yaz\u0131l\u0131mlar\u0131; ara\u00e7 ve gere\u00e7lerin sunulmas\u0131, payla\u015f\u0131lmas\u0131, d\u00fczenlenmesi, bilgiler \u00e7er\u00e7evesinde verilen \u00f6devler, yap\u0131lan s\u0131navlar, s\u0131navlara verilen geri bildirimler, s\u0131nav ve \u00f6dev sonu\u00e7lar\u0131n\u0131 raporlama, kay\u0131t olma ve tutma \u00f6zelliklerinin sistemli ve planl\u0131 bir \u015fekilde ilerlemesini sa\u011flar. \u00dccretli ve \u00fccretsiz \u00f6rnek verilecek birden fazla kapal\u0131 ve a\u00e7\u0131k kaynak kodlu yaz\u0131l\u0131mlar mevcuttur. Ayr\u0131ca i\u00e7erisinde verilen SCORM paketleri bu sistemlerin kullan\u0131lmas\u0131 i\u00e7in bir avantaj sa\u011flamaktad\u0131r. \u00d6YS\u2019lerin en \u00f6nemli \u00f6zellikleri a\u015fa\u011f\u0131daki gibi ifade edilebilir:\n\n<img decoding=\"async\" src=\"https:\/\/ogem.atauni.edu.tr\/wp-content\/uploads\/2020\/05\/asd.png\" alt=\"\u00d6YS \u00d6zellikleri\" \/>\n<h3>1) Moodle<\/h3>\nMoodle \u00f6zg\u00fcr ve a\u00e7\u0131k kaynak kodlu bir uzaktan e\u011fitim sistemidir. Web tabanl\u0131 olup kullan\u0131lan dil PHP\u2019dir. Tamamen \u00fccretsiz bir platform olup Linux ve Windows sistemlerinde \u00e7al\u0131\u015fabilmektedir. Ayr\u0131ca Moodle, 150 \u00fclke ve 70 dil deste\u011fi bulundurmaktad\u0131r.\n<ul>\n \t<li>Kurs katalo\u011fu (Dersler ve kurslar\u0131n payla\u015f\u0131m\u0131)<\/li>\n \t<li>Duyurular (Ders ya da \u00f6nemli duyurular k\u0131sm\u0131)<\/li>\n \t<li>Takvim (Zaman planlamalar\u0131 yap\u0131lan bir takvim)<\/li>\n \t<li>Testler (\u00c7oktan se\u00e7meli testler ve s\u0131navlar yapabilme)<\/li>\n \t<li>\u00d6dev (Verilen \u00f6devlerin zamanlanarak payla\u015f\u0131lmas\u0131 ve y\u00fcklenmesi)<\/li>\n \t<li>Grade Book (Quiz, s\u0131nav, devams\u0131zl\u0131k gibi alanlar\u0131n kontrol edilmesi)<\/li>\n<\/ul>\nBunlar\u0131n yan\u0131 s\u0131ra ayr\u0131ca pano, canl\u0131 sohbet odalar\u0131, blog uygulamas\u0131, raporlama, roller gibi bir\u00e7ok \u00f6zelli\u011fi i\u00e7inde bulundurmaktad\u0131r. Moodle sisteminin kullan\u0131labilmesi i\u00e7in kurum taraf\u0131ndan sa\u011flanan sunuculara kurulmas\u0131 gerekmektedir.\n\n<img decoding=\"async\" src=\"https:\/\/ogem.atauni.edu.tr\/wp-content\/uploads\/2020\/05\/dsaa.png\" alt=\"Moodle\" \/>\n<h3>2) Google Classroom<\/h3>\n\u00d6\u011fretmenler taraf\u0131ndan kullan\u0131lan bir sanal s\u0131n\u0131f uygulamas\u0131d\u0131r. \u0130\u00e7erisinde kolayca \u00f6devler verilip d\u00fczenlenmesini, geri bildirim sa\u011flanmas\u0131n\u0131, \u00f6\u011frencilerle kolayca ileti\u015fim kurmay\u0131 sa\u011flayan bir uzaktan e\u011fitim sistemidir.\n\nGoogle Classroom ile sanal s\u0131n\u0131flar olu\u015fturulabilir ve bu sanal s\u0131n\u0131flara her bir s\u0131n\u0131f i\u00e7in ayr\u0131 bir s\u0131n\u0131f kodu ile \u00f6\u011frenciler kay\u0131t edebilirler. Bu s\u0131n\u0131flarda duyurular, \u00f6devler, sorular olu\u015fturularak onlar\u0131n de\u011ferlendirilmesi ve cevaplanmas\u0131 i\u00e7in alanlar a\u00e7\u0131labilir. Ayr\u0131ca etkinlikler olu\u015fturarak s\u0131n\u0131f\u00e7a uygulamalar yapma \u015fans\u0131 tan\u0131maktad\u0131r.\n\n<img decoding=\"async\" src=\"https:\/\/ogem.atauni.edu.tr\/wp-content\/uploads\/2020\/05\/clasroom.png\" alt=\"Google Classroom\" \/>\n<h3>3) Sakai LMS<\/h3>\nY\u00fcksek \u00f6\u011frenime \u00f6zelle\u015fmi\u015f bir a\u00e7\u0131k kaynak kodlu \u00fccretsiz bir \u00f6\u011frenme y\u00f6netim sistemidir. Sakai Foundation organizasyonu alt\u0131nda akademik, ticari ve bireysel kat\u0131l\u0131mlarla geli\u015ftirilen i\u015fbirli\u011fi ve \u00f6\u011frenme ortam\u0131d\u0131r. Duyuru, g\u00fcnl\u00fck, ajanda, tart\u0131\u015fma, sohbet, haber ve kat\u0131l\u0131mc\u0131 listesi gibi \u00f6zellikleri bulunan bu platformda ayr\u0131ca:\n<ul>\n \t<li>Ders izlencesi<\/li>\n \t<li>Ders olu\u015fturma<\/li>\n \t<li>\u00d6dev\/De\u011ferlendirme<\/li>\n \t<li>\u00d6zel dosya payla\u015f\u0131m\u0131<\/li>\n \t<li>Not<\/li>\n \t<li>Test\/k\u0131sa s\u0131navlar<\/li>\n<\/ul>\n<img decoding=\"async\" src=\"https:\/\/ogem.atauni.edu.tr\/wp-content\/uploads\/2020\/05\/sakai.jpg\" alt=\"Sakai LMS\" \/>\n<h3>4) Base LMS<\/h3>\nE\u011fitim organizasyonlar\u0131n\u0131 tek bir merkezden y\u00f6netmemizi sa\u011flayan, kullan\u0131c\u0131lar\u0131n e\u011fitim ve geli\u015fmelerini takip etmemizi, \u00f6l\u00e7me, de\u011ferlendirme yapabilmemizi sa\u011flayan istatistikler ve raporlar, s\u0131n\u0131f i\u00e7i e\u011fitim yapabilmemizi sa\u011flayan bir sistemdir.\n\n<img decoding=\"async\" src=\"https:\/\/ogem.atauni.edu.tr\/wp-content\/uploads\/2020\/05\/base.jpg\" alt=\"Base LMS\" \/>\n<h3>5) Vedubox<\/h3>\nVedubox ki\u015fiye \u00f6zel bir sistemde online e\u011fitim, kurs, s\u0131nav, toplant\u0131 gibi bir\u00e7ok \u00f6zelli\u011fi bulunan bir e-e\u011fitim ve ileti\u015fim sistemidir. En g\u00fczel yanlar\u0131ndan biri de T\u00fcrkiye\u2019ye \u00f6zg\u00fc bir sistem olmas\u0131d\u0131r. Altyap\u0131s\u0131nda T\u00fcrk m\u00fchendisleri yer almaktad\u0131r.\n\nVedubox en b\u00fcy\u00fck \u00f6zelli\u011fi y\u00fcksek teknolojiye sahip oldu\u011fu i\u00e7in birden \u00e7ok se\u00e7ene\u011fi ayn\u0131 anda kullanmaya imkan sa\u011flamaktad\u0131r. Haz\u0131r bir sistem, %100 bulut teknolojisi, kurulumsuz, maliyetsiz, s\u0131n\u0131rs\u0131z kapasite gibi bir\u00e7ok \u00f6zelli\u011fin yan\u0131 s\u0131ra online e\u011fitim y\u00f6netimi, i\u00e7erik sunumu, canl\u0131 ders, toplant\u0131, anket, s\u0131nav, mesajla\u015fma gibi bir\u00e7ok \u00f6zelli\u011fi bulunmaktad\u0131r.\n\n<img decoding=\"async\" src=\"https:\/\/ogem.atauni.edu.tr\/wp-content\/uploads\/2020\/05\/Vedubox.png\" alt=\"Vedubox\" \/>\n<h3>6) Epsilon Uzaktan E\u011fitim Sistemi<\/h3>\nEpsilon uzaktan e\u011fitim sistemi, uzaktan e\u011fitim yaz\u0131l\u0131m\u0131 olarak dersleri \u00f6\u011frenciye internet \u00fczerinden canl\u0131 sunan, mekandan ba\u011f\u0131ms\u0131z bir e\u011fitim sistemidir. \u00c7al\u0131\u015fma sistemine bakt\u0131\u011f\u0131m\u0131zda genel olarak:\n<ul>\n \t<li>Geli\u015fmi\u015f klas\u00f6r y\u00f6netimi<\/li>\n \t<li>Test sistemi<\/li>\n \t<li>Video izleme ge\u00e7mi\u015fi<\/li>\n \t<li>S\u0131nav sistemi<\/li>\n \t<li>\u00c7oklu video ve \u00f6dev dosyas\u0131 y\u00fckleme sistemi<\/li>\n \t<li>Ders takvimi<\/li>\n \t<li>\u00d6dev sistemi ve geri bildirim sistemi<\/li>\n<\/ul>\n<h3>7) ALMS<\/h3>\n\u00d6\u011fretim ve uzaktan e\u011fitim y\u00f6netim sistemidir. Bu sistem Y\u00d6K uyumlu t\u00fcm gereksinimleri kar\u015f\u0131lar. UZEM\u2019in destek y\u00fck\u00fcn\u00fc payla\u015f\u0131r. Karma\u015f\u0131kl\u0131\u011f\u0131 \u00f6nlemek i\u00e7in i\u015f y\u00fck\u00fcn\u00fc hafifletir. Zamandan ve maliyetten tasarruf sa\u011flar.\n\n<img decoding=\"async\" src=\"https:\/\/ogem.atauni.edu.tr\/wp-content\/uploads\/2020\/05\/ALMS.png\" alt=\"ALMS\" \/>\n\n<\/div>\t\t\t\t\t\t\t\t<\/div>\n\t\t\t\t<\/div>\n\t\t\t\t\t<\/div>\n\t\t<\/div>\n\t\t\t\t\t<\/div>\n\t\t<\/section>\n\t\t\t\t<\/div>\n\t\t","protected":false},"excerpt":{"rendered":"<p>Web \u00fczerinden verilen bilgilerin bir sistem \u00fczerinden d\u00fczenlenmesi, \u00f6\u011fretmen ve \u00f6\u011frencilerin sisteme ve bilgilere eri\u015febilmesini sa\u011flayan y\u00f6netici faaliyetlerdir. \u0130ngilizce&#8217;de Learning Management System olarak ge\u00e7en bu kavram\u0131n k\u0131salt\u0131lm\u0131\u015f hali LMS\u2019dir. Bu nedenle de \u00e7o\u011fu uzaktan e\u011fitim platformunda \u00f6\u011frencilerin ve \u00f6\u011freticilerin eri\u015fim sa\u011flad\u0131\u011f\u0131 platformun web adresinde LMS ifadesi ge\u00e7er. \u00d6zellikleri Nelerdir? \u00d6YS yaz\u0131l\u0131mlar\u0131; ara\u00e7 ve gere\u00e7lerin sunulmas\u0131, [&hellip;]<\/p>\n","protected":false},"author":666,"featured_media":0,"parent":0,"menu_order":0,"comment_status":"closed","ping_status":"closed","template":"","meta":{"footnotes":""},"class_list":["post-8022","page","type-page","status-publish","hentry"],"_links":{"self":[{"href":"https:\/\/atauni.edu.tr\/ogretme-ve-ogrenmeyi-gelistirme-uygulama-ve-arastirma-merkezi\/wp-json\/wp\/v2\/pages\/8022","targetHints":{"allow":["GET"]}}],"collection":[{"href":"https:\/\/atauni.edu.tr\/ogretme-ve-ogrenmeyi-gelistirme-uygulama-ve-arastirma-merkezi\/wp-json\/wp\/v2\/pages"}],"about":[{"href":"https:\/\/atauni.edu.tr\/ogretme-ve-ogrenmeyi-gelistirme-uygulama-ve-arastirma-merkezi\/wp-json\/wp\/v2\/types\/page"}],"author":[{"embeddable":true,"href":"https:\/\/atauni.edu.tr\/ogretme-ve-ogrenmeyi-gelistirme-uygulama-ve-arastirma-merkezi\/wp-json\/wp\/v2\/users\/666"}],"replies":[{"embeddable":true,"href":"https:\/\/atauni.edu.tr\/ogretme-ve-ogrenmeyi-gelistirme-uygulama-ve-arastirma-merkezi\/wp-json\/wp\/v2\/comments?post=8022"}],"version-history":[{"count":4,"href":"https:\/\/atauni.edu.tr\/ogretme-ve-ogrenmeyi-gelistirme-uygulama-ve-arastirma-merkezi\/wp-json\/wp\/v2\/pages\/8022\/revisions"}],"predecessor-version":[{"id":8026,"href":"https:\/\/atauni.edu.tr\/ogretme-ve-ogrenmeyi-gelistirme-uygulama-ve-arastirma-merkezi\/wp-json\/wp\/v2\/pages\/8022\/revisions\/8026"}],"wp:attachment":[{"href":"https:\/\/atauni.edu.tr\/ogretme-ve-ogrenmeyi-gelistirme-uygulama-ve-arastirma-merkezi\/wp-json\/wp\/v2\/media?parent=8022"}],"curies":[{"name":"wp","href":"https:\/\/api.w.org\/{rel}","templated":true}]}}