{"id":8038,"date":"2025-06-26T14:20:24","date_gmt":"2025-06-26T11:20:24","guid":{"rendered":"https:\/\/birimler.atauni.edu.tr\/ogretme-ve-ogrenmeyi-gelistirme-uygulama-ve-arastirma-merkezi\/?page_id=8038"},"modified":"2025-06-26T14:23:01","modified_gmt":"2025-06-26T11:23:01","slug":"dalton-plani-nedir","status":"publish","type":"page","link":"https:\/\/atauni.edu.tr\/ogretme-ve-ogrenmeyi-gelistirme-uygulama-ve-arastirma-merkezi\/dalton-plani-nedir\/","title":{"rendered":"Dalton Plan\u0131 Nedir?"},"content":{"rendered":"\t\t<div data-elementor-type=\"wp-page\" data-elementor-id=\"8038\" class=\"elementor elementor-8038\" data-elementor-post-type=\"page\">\n\t\t\t\t\t\t<section class=\"elementor-section elementor-top-section elementor-element elementor-element-923baa1 elementor-section-boxed elementor-section-height-default elementor-section-height-default\" data-id=\"923baa1\" data-element_type=\"section\">\n\t\t\t\t\t\t<div class=\"elementor-container elementor-column-gap-default\">\n\t\t\t\t\t<div class=\"elementor-column elementor-col-100 elementor-top-column elementor-element elementor-element-4eeedac\" data-id=\"4eeedac\" data-element_type=\"column\">\n\t\t\t<div class=\"elementor-widget-wrap elementor-element-populated\">\n\t\t\t\t\t\t<div class=\"elementor-element elementor-element-ebcde0d elementor-widget elementor-widget-text-editor\" data-id=\"ebcde0d\" data-element_type=\"widget\" data-widget_type=\"text-editor.default\">\n\t\t\t\t<div class=\"elementor-widget-container\">\n\t\t\t\t\t\t\t\t\t<p>\u00a0<\/p><h1>Dalton Plan\u0131<\/h1><p>Dalton Plan\u0131 veya di\u011fer ad\u0131yla Dalton Metodu 20. y\u00fczy\u0131l\u0131n ba\u015flar\u0131nda Helen Parkhurst taraf\u0131ndan Amerika Birle\u015fik Devletleri&#8217;nin bir \u015fehri olan Dalton\u2019da, The Dalton School\u2019da uygulamal\u0131 bir \u015fekilde bulunmu\u015ftur ve halen daha bu okulda uygulanmaya devam etmektedir. Dalton Plan\u0131\u2019n\u0131n uygulanmaya devam etmesi okulun ba\u015far\u0131s\u0131n\u0131n da devam etmesini sa\u011flam\u0131\u015ft\u0131r.<\/p><p><strong>Peki, Dalton Plan\u0131 tam olarak nedir?<\/strong> K\u0131saca Dalton Plan\u0131, \u00f6\u011frencilerin kendi h\u0131zlar\u0131nda \u00e7al\u0131\u015ft\u0131klar\u0131 ve gerekti\u011finde \u00f6\u011fretmenden de bireysel yard\u0131m ald\u0131klar\u0131 bir e\u011fitim y\u00f6ntemidir. \u00d6\u011frenciler zaman \u00e7izelgeleri haz\u0131rlayarak ders programlar\u0131 veya \u00f6devleri \u00fczerinde \u00e7al\u0131\u015fmay\u0131 bitirmekle y\u00fck\u00fcml\u00fcd\u00fcr. \u00d6\u011frenciler ayr\u0131ca \u00e7al\u0131\u015fmalar\u0131nda birbirlerine yard\u0131m etmeye te\u015fvik edilir. Yani \u00f6zetle Dalton Plan\u0131, e\u011fitim \u00f6\u011fretim tarihinde uygulanmaya ba\u015flanan \u00f6\u011frenci merkezli e\u011fitimin ilk ve ba\u015far\u0131l\u0131 \u00f6rneklerinden biridir.<\/p><p>Her \u00e7ocu\u011fun yetenekleri ve b\u00fcy\u00fcyen Amerikan toplumunun ihtiya\u00e7lar\u0131 aras\u0131nda bir denge kurmay\u0131 hedefleyen Helen Parkhurst, \u00e7a\u011f\u0131n ilerici ruhunu yakalayan bir e\u011fitim modeli olu\u015fturdu.<\/p><h2>Dalton Plan\u0131\u2019n\u0131n Hedefleri<\/h2><ul><li>Her \u00f6\u011frencinin program\u0131n\u0131 ihtiya\u00e7lar\u0131na, ilgi alanlar\u0131na ve yeteneklerine g\u00f6re uyarlamak<\/li><li>Hem ba\u011f\u0131ms\u0131zl\u0131\u011f\u0131 hem de g\u00fcvenilirli\u011fi te\u015fvik etmek<\/li><li>\u00d6\u011frencinin sosyal becerilerini ve ba\u015fkalar\u0131na kar\u015f\u0131 sorumluluk duygusunu geli\u015ftirmek<\/li><\/ul><p>Parkhurst, Dalton e\u011fitiminin yap\u0131sal temeli olmaya devam eden \u00fc\u00e7 b\u00f6l\u00fcmden olu\u015fan bir plan geli\u015ftirdi: Ev, \u00d6dev ve Uygulama (Laboratuvar).<\/p><p><img fetchpriority=\"high\" decoding=\"async\" class=\"aligncenter\" src=\"https:\/\/ogem.atauni.edu.tr\/wp-content\/uploads\/2020\/09\/dalton-resim-1-1170x600.png\" alt=\"dalton-resim\" width=\"828\" height=\"425\" \/><\/p><p>Dalton&#8217;daki \u00f6\u011frenciler Dalton Plan\u0131\u2019n\u0131 \u00e7ok gen\u00e7 ya\u015flardan itibaren kullanmaya te\u015fvik edilirler. \u0130lk Programda, \u00e7ocuklara \u00f6\u011frenmeleri hakk\u0131nda e\u011fitimsel se\u00e7imler yapma f\u0131rsatlar\u0131 sunulur ve bu s\u00fcre\u00e7te ilgi alanlar\u0131n\u0131 nas\u0131l belirleyeceklerini ve onlar\u0131 takip etmek i\u00e7in sorumluluk almalar\u0131 ke\u015ffedilir. Y\u0131llar boyunca, Dalton \u00f6\u011frencileri kendi e\u011fitimlerinin sorumlulu\u011funu nas\u0131l \u00fcstleneceklerini \u00f6\u011frenirler. Dalton mezunlar\u0131 s\u0131k s\u0131k kolej i\u00e7in ne kadar iyi haz\u0131rland\u0131klar\u0131n\u0131 yorumlarlar, \u00e7\u00fcnk\u00fc Dalton Plan\u0131 onlara zamanlar\u0131n\u0131 nas\u0131l planlayacaklar\u0131n\u0131, nas\u0131l bir kariyer olu\u015fturacaklar\u0131n\u0131 ve kendi e\u011fitim kaderlerinin kontrol\u00fcn\u00fc nas\u0131l ele alacaklar\u0131n\u0131 \u00f6\u011fretir.<\/p><p>Bug\u00fcn, ilk y\u0131llarda oldu\u011fu gibi Dalton, Helen Parkhurst taraf\u0131ndan geli\u015ftirilen Dalton Plan\u0131\u2019na uygun olarak \u00f6\u011frencileri e\u011fitmeye devam etmektedir. Bu e\u015fsiz e\u011fitim felsefesi, ince tesisler ve \u00f6zel bir fak\u00fclte ile birlikte Dalton\u2019un \u00fclkenin en yenilik\u00e7i ve ba\u015far\u0131l\u0131 e\u011fitim kurumlar\u0131ndan biri olarak \u00fcn\u00fcn\u00fc art\u0131rmaya devam ediyor.<\/p><p><strong>Yazar:<\/strong> Turgay Alt\u0131nda\u011f<\/p>\t\t\t\t\t\t\t\t<\/div>\n\t\t\t\t<\/div>\n\t\t\t\t\t<\/div>\n\t\t<\/div>\n\t\t\t\t\t<\/div>\n\t\t<\/section>\n\t\t\t\t<\/div>\n\t\t","protected":false},"excerpt":{"rendered":"<p>\u00a0 Dalton Plan\u0131 Dalton Plan\u0131 veya di\u011fer ad\u0131yla Dalton Metodu 20. y\u00fczy\u0131l\u0131n ba\u015flar\u0131nda Helen Parkhurst taraf\u0131ndan Amerika Birle\u015fik Devletleri&#8217;nin bir \u015fehri olan Dalton\u2019da, The Dalton School\u2019da uygulamal\u0131 bir \u015fekilde bulunmu\u015ftur ve halen daha bu okulda uygulanmaya devam etmektedir. Dalton Plan\u0131\u2019n\u0131n uygulanmaya devam etmesi okulun ba\u015far\u0131s\u0131n\u0131n da devam etmesini sa\u011flam\u0131\u015ft\u0131r. Peki, Dalton Plan\u0131 tam olarak nedir? [&hellip;]<\/p>\n","protected":false},"author":666,"featured_media":0,"parent":0,"menu_order":0,"comment_status":"closed","ping_status":"closed","template":"","meta":{"footnotes":""},"class_list":["post-8038","page","type-page","status-publish","hentry"],"_links":{"self":[{"href":"https:\/\/atauni.edu.tr\/ogretme-ve-ogrenmeyi-gelistirme-uygulama-ve-arastirma-merkezi\/wp-json\/wp\/v2\/pages\/8038","targetHints":{"allow":["GET"]}}],"collection":[{"href":"https:\/\/atauni.edu.tr\/ogretme-ve-ogrenmeyi-gelistirme-uygulama-ve-arastirma-merkezi\/wp-json\/wp\/v2\/pages"}],"about":[{"href":"https:\/\/atauni.edu.tr\/ogretme-ve-ogrenmeyi-gelistirme-uygulama-ve-arastirma-merkezi\/wp-json\/wp\/v2\/types\/page"}],"author":[{"embeddable":true,"href":"https:\/\/atauni.edu.tr\/ogretme-ve-ogrenmeyi-gelistirme-uygulama-ve-arastirma-merkezi\/wp-json\/wp\/v2\/users\/666"}],"replies":[{"embeddable":true,"href":"https:\/\/atauni.edu.tr\/ogretme-ve-ogrenmeyi-gelistirme-uygulama-ve-arastirma-merkezi\/wp-json\/wp\/v2\/comments?post=8038"}],"version-history":[{"count":4,"href":"https:\/\/atauni.edu.tr\/ogretme-ve-ogrenmeyi-gelistirme-uygulama-ve-arastirma-merkezi\/wp-json\/wp\/v2\/pages\/8038\/revisions"}],"predecessor-version":[{"id":8042,"href":"https:\/\/atauni.edu.tr\/ogretme-ve-ogrenmeyi-gelistirme-uygulama-ve-arastirma-merkezi\/wp-json\/wp\/v2\/pages\/8038\/revisions\/8042"}],"wp:attachment":[{"href":"https:\/\/atauni.edu.tr\/ogretme-ve-ogrenmeyi-gelistirme-uygulama-ve-arastirma-merkezi\/wp-json\/wp\/v2\/media?parent=8038"}],"curies":[{"name":"wp","href":"https:\/\/api.w.org\/{rel}","templated":true}]}}