{"id":8683,"date":"2025-06-28T14:44:16","date_gmt":"2025-06-28T11:44:16","guid":{"rendered":"https:\/\/birimler.atauni.edu.tr\/ogretme-ve-ogrenmeyi-gelistirme-uygulama-ve-arastirma-merkezi\/?page_id=8683"},"modified":"2025-06-28T15:06:16","modified_gmt":"2025-06-28T12:06:16","slug":"egitim-araclari-2","status":"publish","type":"page","link":"https:\/\/atauni.edu.tr\/ogretme-ve-ogrenmeyi-gelistirme-uygulama-ve-arastirma-merkezi\/egitim-araclari-2\/","title":{"rendered":"E\u011fitim Ara\u00e7lar\u0131"},"content":{"rendered":"\t\t<div data-elementor-type=\"wp-page\" data-elementor-id=\"8683\" class=\"elementor elementor-8683\" data-elementor-post-type=\"page\">\n\t\t\t\t\t\t<section class=\"elementor-section elementor-top-section elementor-element elementor-element-f3aab8e elementor-section-boxed elementor-section-height-default elementor-section-height-default\" data-id=\"f3aab8e\" data-element_type=\"section\">\n\t\t\t\t\t\t<div class=\"elementor-container elementor-column-gap-default\">\n\t\t\t\t\t<div class=\"elementor-column elementor-col-33 elementor-top-column elementor-element elementor-element-6964a6a\" data-id=\"6964a6a\" data-element_type=\"column\">\n\t\t\t<div class=\"elementor-widget-wrap elementor-element-populated\">\n\t\t\t\t\t\t<div class=\"elementor-element elementor-element-b2c7baa elementor-position-top elementor-widget elementor-widget-image-box\" data-id=\"b2c7baa\" data-element_type=\"widget\" data-widget_type=\"image-box.default\">\n\t\t\t\t<div class=\"elementor-widget-container\">\n\t\t\t\t\t<div class=\"elementor-image-box-wrapper\"><figure class=\"elementor-image-box-img\"><img fetchpriority=\"high\" decoding=\"async\" width=\"2560\" height=\"1829\" src=\"https:\/\/atauni.edu.tr\/ogretme-ve-ogrenmeyi-gelistirme-uygulama-ve-arastirma-merkezi\/wp-content\/uploads\/sites\/817\/2025\/06\/ogrenme-stili-scaled-1.jpg\" class=\"attachment-full size-full wp-image-8687\" alt=\"\" srcset=\"https:\/\/atauni.edu.tr\/ogretme-ve-ogrenmeyi-gelistirme-uygulama-ve-arastirma-merkezi\/wp-content\/uploads\/sites\/817\/2025\/06\/ogrenme-stili-scaled-1.jpg 2560w, https:\/\/atauni.edu.tr\/ogretme-ve-ogrenmeyi-gelistirme-uygulama-ve-arastirma-merkezi\/wp-content\/uploads\/sites\/817\/2025\/06\/ogrenme-stili-scaled-1-300x214.jpg 300w, https:\/\/atauni.edu.tr\/ogretme-ve-ogrenmeyi-gelistirme-uygulama-ve-arastirma-merkezi\/wp-content\/uploads\/sites\/817\/2025\/06\/ogrenme-stili-scaled-1-1024x732.jpg 1024w, https:\/\/atauni.edu.tr\/ogretme-ve-ogrenmeyi-gelistirme-uygulama-ve-arastirma-merkezi\/wp-content\/uploads\/sites\/817\/2025\/06\/ogrenme-stili-scaled-1-768x549.jpg 768w, https:\/\/atauni.edu.tr\/ogretme-ve-ogrenmeyi-gelistirme-uygulama-ve-arastirma-merkezi\/wp-content\/uploads\/sites\/817\/2025\/06\/ogrenme-stili-scaled-1-1536x1097.jpg 1536w, https:\/\/atauni.edu.tr\/ogretme-ve-ogrenmeyi-gelistirme-uygulama-ve-arastirma-merkezi\/wp-content\/uploads\/sites\/817\/2025\/06\/ogrenme-stili-scaled-1-2048x1463.jpg 2048w, https:\/\/atauni.edu.tr\/ogretme-ve-ogrenmeyi-gelistirme-uygulama-ve-arastirma-merkezi\/wp-content\/uploads\/sites\/817\/2025\/06\/ogrenme-stili-scaled-1-600x429.jpg 600w, https:\/\/atauni.edu.tr\/ogretme-ve-ogrenmeyi-gelistirme-uygulama-ve-arastirma-merkezi\/wp-content\/uploads\/sites\/817\/2025\/06\/ogrenme-stili-scaled-1-560x400.jpg 560w\" sizes=\"(max-width: 2560px) 100vw, 2560px\" \/><\/figure><div class=\"elementor-image-box-content\"><h3 class=\"elementor-image-box-title\"><br><h5 style=\"margin-right: 0px;margin-bottom: 18px;margin-left: 0px;, sans-serif;line-height: 1.5;font-size: 22px;text-align: start\">\u00d6\u011eRENME S\u0130T\u0130L\u0130N\u0130 MERAK ED\u0130YOR MUSUN?<span style=\"font-family: Roboto, sans-serif;font-size: 1.75rem;font-weight: 600;letter-spacing: 0px\"><\/span><\/h5><\/h3><p class=\"elementor-image-box-description\"><span style=\", sans-serif;font-size: 15px;text-align: start\">Felder &amp; Soloman \u00d6\u011frenme Stilleri \u0130ndeksi arac\u0131l\u0131\u011f\u0131yla \u00f6\u011frenme stilini \u00f6\u011frenebilirsin.<\/span><\/p><\/div><\/div>\t\t\t\t<\/div>\n\t\t\t\t<\/div>\n\t\t\t\t<div class=\"elementor-element elementor-element-a0bb164 elementor-widget elementor-widget-spacer\" data-id=\"a0bb164\" data-element_type=\"widget\" data-widget_type=\"spacer.default\">\n\t\t\t\t<div class=\"elementor-widget-container\">\n\t\t\t\t\t\t\t<div class=\"elementor-spacer\">\n\t\t\t<div class=\"elementor-spacer-inner\"><\/div>\n\t\t<\/div>\n\t\t\t\t\t\t<\/div>\n\t\t\t\t<\/div>\n\t\t\t\t<div class=\"elementor-element elementor-element-310b280 elementor-align-left elementor-widget elementor-widget-button\" data-id=\"310b280\" data-element_type=\"widget\" data-widget_type=\"button.default\">\n\t\t\t\t<div class=\"elementor-widget-container\">\n\t\t\t\t\t\t\t\t\t<div class=\"elementor-button-wrapper\">\n\t\t\t\t\t<a class=\"elementor-button elementor-button-link elementor-size-sm\" href=\"\">\n\t\t\t\t\t\t<span class=\"elementor-button-content-wrapper\">\n\t\t\t\t\t\t\t\t\t<span class=\"elementor-button-text\">UYGULAMAYI A\u00c7<\/span>\n\t\t\t\t\t<\/span>\n\t\t\t\t\t<\/a>\n\t\t\t\t<\/div>\n\t\t\t\t\t\t\t\t<\/div>\n\t\t\t\t<\/div>\n\t\t\t\t\t<\/div>\n\t\t<\/div>\n\t\t\t\t<div class=\"elementor-column elementor-col-33 elementor-top-column elementor-element elementor-element-3c64fbe\" data-id=\"3c64fbe\" data-element_type=\"column\">\n\t\t\t<div class=\"elementor-widget-wrap elementor-element-populated\">\n\t\t\t\t\t\t<div class=\"elementor-element elementor-element-35b8574 elementor-position-top elementor-widget elementor-widget-image-box\" data-id=\"35b8574\" data-element_type=\"widget\" data-widget_type=\"image-box.default\">\n\t\t\t\t<div class=\"elementor-widget-container\">\n\t\t\t\t\t<div class=\"elementor-image-box-wrapper\"><figure class=\"elementor-image-box-img\"><img decoding=\"async\" width=\"2560\" height=\"1827\" src=\"https:\/\/atauni.edu.tr\/ogretme-ve-ogrenmeyi-gelistirme-uygulama-ve-arastirma-merkezi\/wp-content\/uploads\/sites\/817\/2025\/06\/web-araclari-scaled-1.jpg\" class=\"attachment-full size-full wp-image-8689\" alt=\"\" srcset=\"https:\/\/atauni.edu.tr\/ogretme-ve-ogrenmeyi-gelistirme-uygulama-ve-arastirma-merkezi\/wp-content\/uploads\/sites\/817\/2025\/06\/web-araclari-scaled-1.jpg 2560w, https:\/\/atauni.edu.tr\/ogretme-ve-ogrenmeyi-gelistirme-uygulama-ve-arastirma-merkezi\/wp-content\/uploads\/sites\/817\/2025\/06\/web-araclari-scaled-1-300x214.jpg 300w, https:\/\/atauni.edu.tr\/ogretme-ve-ogrenmeyi-gelistirme-uygulama-ve-arastirma-merkezi\/wp-content\/uploads\/sites\/817\/2025\/06\/web-araclari-scaled-1-1024x731.jpg 1024w, https:\/\/atauni.edu.tr\/ogretme-ve-ogrenmeyi-gelistirme-uygulama-ve-arastirma-merkezi\/wp-content\/uploads\/sites\/817\/2025\/06\/web-araclari-scaled-1-768x548.jpg 768w, https:\/\/atauni.edu.tr\/ogretme-ve-ogrenmeyi-gelistirme-uygulama-ve-arastirma-merkezi\/wp-content\/uploads\/sites\/817\/2025\/06\/web-araclari-scaled-1-1536x1096.jpg 1536w, https:\/\/atauni.edu.tr\/ogretme-ve-ogrenmeyi-gelistirme-uygulama-ve-arastirma-merkezi\/wp-content\/uploads\/sites\/817\/2025\/06\/web-araclari-scaled-1-2048x1462.jpg 2048w, https:\/\/atauni.edu.tr\/ogretme-ve-ogrenmeyi-gelistirme-uygulama-ve-arastirma-merkezi\/wp-content\/uploads\/sites\/817\/2025\/06\/web-araclari-scaled-1-600x428.jpg 600w, https:\/\/atauni.edu.tr\/ogretme-ve-ogrenmeyi-gelistirme-uygulama-ve-arastirma-merkezi\/wp-content\/uploads\/sites\/817\/2025\/06\/web-araclari-scaled-1-560x400.jpg 560w\" sizes=\"(max-width: 2560px) 100vw, 2560px\" \/><\/figure><div class=\"elementor-image-box-content\"><h3 class=\"elementor-image-box-title\"><h5 style=\"margin-right: 0px;margin-bottom: 18px;margin-left: 0px;, sans-serif;line-height: 1.5;font-size: 22px\">E\u011e\u0130T\u0130MDE KULLANILAN WEB ARA\u00c7LARI<span style=\"font-family: Roboto, sans-serif;font-size: 1.75rem;font-weight: 600;letter-spacing: 0px\"><\/span><\/h5><\/h3><p class=\"elementor-image-box-description\"><span style=\", sans-serif;font-size: 15px\">Dersinizi daha etkili, verimli ve memnun edici hale getirmeniz i\u00e7in size yard\u0131mc\u0131 olabilecek web ara\u00e7lar\u0131n\u0131 haz\u0131rlam\u0131\u015f oldu\u011fumuz web platformu \u00fczerinden inceleyebilirsiniz.<\/span><\/p><\/div><\/div>\t\t\t\t<\/div>\n\t\t\t\t<\/div>\n\t\t\t\t<div class=\"elementor-element elementor-element-d07156b elementor-align-left elementor-widget elementor-widget-button\" data-id=\"d07156b\" data-element_type=\"widget\" data-widget_type=\"button.default\">\n\t\t\t\t<div class=\"elementor-widget-container\">\n\t\t\t\t\t\t\t\t\t<div class=\"elementor-button-wrapper\">\n\t\t\t\t\t<a class=\"elementor-button elementor-button-link elementor-size-sm\" href=\"\">\n\t\t\t\t\t\t<span class=\"elementor-button-content-wrapper\">\n\t\t\t\t\t\t\t\t\t<span class=\"elementor-button-text\">UYGULAMAYI A\u00c7<\/span>\n\t\t\t\t\t<\/span>\n\t\t\t\t\t<\/a>\n\t\t\t\t<\/div>\n\t\t\t\t\t\t\t\t<\/div>\n\t\t\t\t<\/div>\n\t\t\t\t\t<\/div>\n\t\t<\/div>\n\t\t\t\t<div class=\"elementor-column elementor-col-33 elementor-top-column elementor-element elementor-element-df0f83f\" data-id=\"df0f83f\" data-element_type=\"column\">\n\t\t\t<div class=\"elementor-widget-wrap elementor-element-populated\">\n\t\t\t\t\t\t<div class=\"elementor-element elementor-element-7687763 elementor-position-top elementor-widget elementor-widget-image-box\" data-id=\"7687763\" data-element_type=\"widget\" data-widget_type=\"image-box.default\">\n\t\t\t\t<div class=\"elementor-widget-container\">\n\t\t\t\t\t<div class=\"elementor-image-box-wrapper\"><figure class=\"elementor-image-box-img\"><img decoding=\"async\" width=\"2560\" height=\"1829\" src=\"https:\/\/atauni.edu.tr\/ogretme-ve-ogrenmeyi-gelistirme-uygulama-ve-arastirma-merkezi\/wp-content\/uploads\/sites\/817\/2025\/06\/ders-izlencesi-scaled-1.jpg\" class=\"attachment-full size-full wp-image-8686\" alt=\"\" srcset=\"https:\/\/atauni.edu.tr\/ogretme-ve-ogrenmeyi-gelistirme-uygulama-ve-arastirma-merkezi\/wp-content\/uploads\/sites\/817\/2025\/06\/ders-izlencesi-scaled-1.jpg 2560w, https:\/\/atauni.edu.tr\/ogretme-ve-ogrenmeyi-gelistirme-uygulama-ve-arastirma-merkezi\/wp-content\/uploads\/sites\/817\/2025\/06\/ders-izlencesi-scaled-1-300x214.jpg 300w, https:\/\/atauni.edu.tr\/ogretme-ve-ogrenmeyi-gelistirme-uygulama-ve-arastirma-merkezi\/wp-content\/uploads\/sites\/817\/2025\/06\/ders-izlencesi-scaled-1-1024x732.jpg 1024w, https:\/\/atauni.edu.tr\/ogretme-ve-ogrenmeyi-gelistirme-uygulama-ve-arastirma-merkezi\/wp-content\/uploads\/sites\/817\/2025\/06\/ders-izlencesi-scaled-1-768x549.jpg 768w, https:\/\/atauni.edu.tr\/ogretme-ve-ogrenmeyi-gelistirme-uygulama-ve-arastirma-merkezi\/wp-content\/uploads\/sites\/817\/2025\/06\/ders-izlencesi-scaled-1-1536x1097.jpg 1536w, https:\/\/atauni.edu.tr\/ogretme-ve-ogrenmeyi-gelistirme-uygulama-ve-arastirma-merkezi\/wp-content\/uploads\/sites\/817\/2025\/06\/ders-izlencesi-scaled-1-2048x1463.jpg 2048w, https:\/\/atauni.edu.tr\/ogretme-ve-ogrenmeyi-gelistirme-uygulama-ve-arastirma-merkezi\/wp-content\/uploads\/sites\/817\/2025\/06\/ders-izlencesi-scaled-1-600x429.jpg 600w, https:\/\/atauni.edu.tr\/ogretme-ve-ogrenmeyi-gelistirme-uygulama-ve-arastirma-merkezi\/wp-content\/uploads\/sites\/817\/2025\/06\/ders-izlencesi-scaled-1-560x400.jpg 560w\" sizes=\"(max-width: 2560px) 100vw, 2560px\" \/><\/figure><div class=\"elementor-image-box-content\"><h3 class=\"elementor-image-box-title\"><h5 style=\"margin-right: 0px;margin-bottom: 18px;margin-left: 0px;, sans-serif;line-height: 1.5;font-size: 22px\">DERS \u0130ZLENCES\u0130 OLU\u015eTURMA S\u0130H\u0130RBAZI<span style=\"font-family: Roboto, sans-serif;font-size: 1.75rem;font-weight: 600;letter-spacing: 0px\"><\/span><\/h5><\/h3><p class=\"elementor-image-box-description\"><span style=\", sans-serif;font-size: 15px\">ATA\u00d6GEM taraf\u0131ndan geli\u015ftirilen bu uygulama sayesinde dersiniz i\u00e7in kolayl\u0131kla izlence olu\u015fturabilirsiniz. E kaynaklar b\u00f6l\u00fcm\u00fcnde \u201cDers \u0130zlence Sihirbaz\u0131 Nas\u0131l Kullan\u0131l\u0131r?\u201d videoyu izlemenizi tavsiye ederiz.<\/span><\/p><\/div><\/div>\t\t\t\t<\/div>\n\t\t\t\t<\/div>\n\t\t\t\t<div class=\"elementor-element elementor-element-56123ed elementor-align-left elementor-widget elementor-widget-button\" data-id=\"56123ed\" data-element_type=\"widget\" data-widget_type=\"button.default\">\n\t\t\t\t<div class=\"elementor-widget-container\">\n\t\t\t\t\t\t\t\t\t<div class=\"elementor-button-wrapper\">\n\t\t\t\t\t<a class=\"elementor-button elementor-button-link elementor-size-sm\" href=\"\">\n\t\t\t\t\t\t<span class=\"elementor-button-content-wrapper\">\n\t\t\t\t\t\t\t\t\t<span class=\"elementor-button-text\">UYGULAMAYI A\u00c7<\/span>\n\t\t\t\t\t<\/span>\n\t\t\t\t\t<\/a>\n\t\t\t\t<\/div>\n\t\t\t\t\t\t\t\t<\/div>\n\t\t\t\t<\/div>\n\t\t\t\t\t<\/div>\n\t\t<\/div>\n\t\t\t\t\t<\/div>\n\t\t<\/section>\n\t\t\t\t<\/div>\n\t\t","protected":false},"excerpt":{"rendered":"<p>\u00d6\u011eRENME S\u0130T\u0130L\u0130N\u0130 MERAK ED\u0130YOR MUSUN? Felder &amp; Soloman \u00d6\u011frenme Stilleri \u0130ndeksi arac\u0131l\u0131\u011f\u0131yla \u00f6\u011frenme stilini \u00f6\u011frenebilirsin. UYGULAMAYI A\u00c7 E\u011e\u0130T\u0130MDE KULLANILAN WEB ARA\u00c7LARI Dersinizi daha etkili, verimli ve memnun edici hale getirmeniz i\u00e7in size yard\u0131mc\u0131 olabilecek web ara\u00e7lar\u0131n\u0131 haz\u0131rlam\u0131\u015f oldu\u011fumuz web platformu \u00fczerinden inceleyebilirsiniz. UYGULAMAYI A\u00c7 DERS \u0130ZLENCES\u0130 OLU\u015eTURMA S\u0130H\u0130RBAZI ATA\u00d6GEM taraf\u0131ndan geli\u015ftirilen bu uygulama sayesinde dersiniz [&hellip;]<\/p>\n","protected":false},"author":666,"featured_media":0,"parent":0,"menu_order":0,"comment_status":"closed","ping_status":"closed","template":"","meta":{"footnotes":""},"class_list":["post-8683","page","type-page","status-publish","hentry"],"_links":{"self":[{"href":"https:\/\/atauni.edu.tr\/ogretme-ve-ogrenmeyi-gelistirme-uygulama-ve-arastirma-merkezi\/wp-json\/wp\/v2\/pages\/8683","targetHints":{"allow":["GET"]}}],"collection":[{"href":"https:\/\/atauni.edu.tr\/ogretme-ve-ogrenmeyi-gelistirme-uygulama-ve-arastirma-merkezi\/wp-json\/wp\/v2\/pages"}],"about":[{"href":"https:\/\/atauni.edu.tr\/ogretme-ve-ogrenmeyi-gelistirme-uygulama-ve-arastirma-merkezi\/wp-json\/wp\/v2\/types\/page"}],"author":[{"embeddable":true,"href":"https:\/\/atauni.edu.tr\/ogretme-ve-ogrenmeyi-gelistirme-uygulama-ve-arastirma-merkezi\/wp-json\/wp\/v2\/users\/666"}],"replies":[{"embeddable":true,"href":"https:\/\/atauni.edu.tr\/ogretme-ve-ogrenmeyi-gelistirme-uygulama-ve-arastirma-merkezi\/wp-json\/wp\/v2\/comments?post=8683"}],"version-history":[{"count":7,"href":"https:\/\/atauni.edu.tr\/ogretme-ve-ogrenmeyi-gelistirme-uygulama-ve-arastirma-merkezi\/wp-json\/wp\/v2\/pages\/8683\/revisions"}],"predecessor-version":[{"id":8695,"href":"https:\/\/atauni.edu.tr\/ogretme-ve-ogrenmeyi-gelistirme-uygulama-ve-arastirma-merkezi\/wp-json\/wp\/v2\/pages\/8683\/revisions\/8695"}],"wp:attachment":[{"href":"https:\/\/atauni.edu.tr\/ogretme-ve-ogrenmeyi-gelistirme-uygulama-ve-arastirma-merkezi\/wp-json\/wp\/v2\/media?parent=8683"}],"curies":[{"name":"wp","href":"https:\/\/api.w.org\/{rel}","templated":true}]}}