{"id":8701,"date":"2025-06-28T15:10:32","date_gmt":"2025-06-28T12:10:32","guid":{"rendered":"https:\/\/birimler.atauni.edu.tr\/ogretme-ve-ogrenmeyi-gelistirme-uygulama-ve-arastirma-merkezi\/?page_id=8701"},"modified":"2025-06-28T15:46:06","modified_gmt":"2025-06-28T12:46:06","slug":"kilavuz","status":"publish","type":"page","link":"https:\/\/atauni.edu.tr\/ogretme-ve-ogrenmeyi-gelistirme-uygulama-ve-arastirma-merkezi\/kilavuz\/","title":{"rendered":"K\u0131lavuz"},"content":{"rendered":"\t\t<div data-elementor-type=\"wp-page\" data-elementor-id=\"8701\" class=\"elementor elementor-8701\" data-elementor-post-type=\"page\">\n\t\t\t\t\t\t<section class=\"elementor-section elementor-top-section elementor-element elementor-element-93f877f elementor-section-boxed elementor-section-height-default elementor-section-height-default\" data-id=\"93f877f\" data-element_type=\"section\">\n\t\t\t\t\t\t<div class=\"elementor-container elementor-column-gap-default\">\n\t\t\t\t\t<div class=\"elementor-column elementor-col-100 elementor-top-column elementor-element elementor-element-295039c\" data-id=\"295039c\" data-element_type=\"column\">\n\t\t\t<div class=\"elementor-widget-wrap elementor-element-populated\">\n\t\t\t\t\t\t<div class=\"elementor-element elementor-element-2e0fc97 elementor-widget elementor-widget-text-editor\" data-id=\"2e0fc97\" data-element_type=\"widget\" data-widget_type=\"text-editor.default\">\n\t\t\t\t<div class=\"elementor-widget-container\">\n\t\t\t\t\t\t\t\t\tDers Bilgi Sistemi (DBS) BigBlueButton K\u0131lavuz\t\t\t\t\t\t\t\t<\/div>\n\t\t\t\t<\/div>\n\t\t\t\t<div class=\"elementor-element elementor-element-1280d74 elementor-position-top elementor-widget elementor-widget-image-box\" data-id=\"1280d74\" data-element_type=\"widget\" data-widget_type=\"image-box.default\">\n\t\t\t\t<div class=\"elementor-widget-container\">\n\t\t\t\t\t<div class=\"elementor-image-box-wrapper\"><figure class=\"elementor-image-box-img\"><a href=\"https:\/\/ogem.atauni.edu.tr\/wp-content\/uploads\/2020\/09\/BigBlue.pdf\" tabindex=\"-1\"><img fetchpriority=\"high\" decoding=\"async\" width=\"2339\" height=\"1213\" src=\"https:\/\/atauni.edu.tr\/ogretme-ve-ogrenmeyi-gelistirme-uygulama-ve-arastirma-merkezi\/wp-content\/uploads\/sites\/817\/2025\/06\/BigBlue-01-1.jpg\" class=\"attachment-full size-full wp-image-8735\" alt=\"\" srcset=\"https:\/\/atauni.edu.tr\/ogretme-ve-ogrenmeyi-gelistirme-uygulama-ve-arastirma-merkezi\/wp-content\/uploads\/sites\/817\/2025\/06\/BigBlue-01-1.jpg 2339w, https:\/\/atauni.edu.tr\/ogretme-ve-ogrenmeyi-gelistirme-uygulama-ve-arastirma-merkezi\/wp-content\/uploads\/sites\/817\/2025\/06\/BigBlue-01-1-300x156.jpg 300w, https:\/\/atauni.edu.tr\/ogretme-ve-ogrenmeyi-gelistirme-uygulama-ve-arastirma-merkezi\/wp-content\/uploads\/sites\/817\/2025\/06\/BigBlue-01-1-1024x531.jpg 1024w, https:\/\/atauni.edu.tr\/ogretme-ve-ogrenmeyi-gelistirme-uygulama-ve-arastirma-merkezi\/wp-content\/uploads\/sites\/817\/2025\/06\/BigBlue-01-1-768x398.jpg 768w, https:\/\/atauni.edu.tr\/ogretme-ve-ogrenmeyi-gelistirme-uygulama-ve-arastirma-merkezi\/wp-content\/uploads\/sites\/817\/2025\/06\/BigBlue-01-1-1536x797.jpg 1536w, https:\/\/atauni.edu.tr\/ogretme-ve-ogrenmeyi-gelistirme-uygulama-ve-arastirma-merkezi\/wp-content\/uploads\/sites\/817\/2025\/06\/BigBlue-01-1-2048x1062.jpg 2048w, https:\/\/atauni.edu.tr\/ogretme-ve-ogrenmeyi-gelistirme-uygulama-ve-arastirma-merkezi\/wp-content\/uploads\/sites\/817\/2025\/06\/BigBlue-01-1-600x311.jpg 600w, https:\/\/atauni.edu.tr\/ogretme-ve-ogrenmeyi-gelistirme-uygulama-ve-arastirma-merkezi\/wp-content\/uploads\/sites\/817\/2025\/06\/BigBlue-01-1-560x290.jpg 560w\" sizes=\"(max-width: 2339px) 100vw, 2339px\" \/><\/a><\/figure><\/div>\t\t\t\t<\/div>\n\t\t\t\t<\/div>\n\t\t\t\t<div class=\"elementor-element elementor-element-400b84e elementor-widget elementor-widget-text-editor\" data-id=\"400b84e\" data-element_type=\"widget\" data-widget_type=\"text-editor.default\">\n\t\t\t\t<div class=\"elementor-widget-container\">\n\t\t\t\t\t\t\t\t\tDers Bilgi Sistemi (DBS) S\u0131nav Haz\u0131rlama K\u0131lavuzlar\u0131\t\t\t\t\t\t\t\t<\/div>\n\t\t\t\t<\/div>\n\t\t\t\t<div class=\"elementor-element elementor-element-d1da780 elementor-position-top elementor-widget elementor-widget-image-box\" data-id=\"d1da780\" data-element_type=\"widget\" data-widget_type=\"image-box.default\">\n\t\t\t\t<div class=\"elementor-widget-container\">\n\t\t\t\t\t<div class=\"elementor-image-box-wrapper\"><figure class=\"elementor-image-box-img\"><a href=\"https:\/\/ogem.atauni.edu.tr\/wp-content\/uploads\/2020\/05\/DERS-B%C4%B0LG%C4%B0-S%C4%B0STEM%C4%B0NDE-SINAV-HAZIRLAMA-Y%C3%96NERGES%C4%B0.pdf\" tabindex=\"-1\"><img decoding=\"async\" width=\"1920\" height=\"1080\" src=\"https:\/\/atauni.edu.tr\/ogretme-ve-ogrenmeyi-gelistirme-uygulama-ve-arastirma-merkezi\/wp-content\/uploads\/sites\/817\/2025\/06\/DERS-BILGI-SISTEMINDE-SINAV-HAZIRLAMA-YONERGESI.jpg\" class=\"attachment-full size-full wp-image-8733\" alt=\"\" srcset=\"https:\/\/atauni.edu.tr\/ogretme-ve-ogrenmeyi-gelistirme-uygulama-ve-arastirma-merkezi\/wp-content\/uploads\/sites\/817\/2025\/06\/DERS-BILGI-SISTEMINDE-SINAV-HAZIRLAMA-YONERGESI.jpg 1920w, https:\/\/atauni.edu.tr\/ogretme-ve-ogrenmeyi-gelistirme-uygulama-ve-arastirma-merkezi\/wp-content\/uploads\/sites\/817\/2025\/06\/DERS-BILGI-SISTEMINDE-SINAV-HAZIRLAMA-YONERGESI-300x169.jpg 300w, https:\/\/atauni.edu.tr\/ogretme-ve-ogrenmeyi-gelistirme-uygulama-ve-arastirma-merkezi\/wp-content\/uploads\/sites\/817\/2025\/06\/DERS-BILGI-SISTEMINDE-SINAV-HAZIRLAMA-YONERGESI-1024x576.jpg 1024w, https:\/\/atauni.edu.tr\/ogretme-ve-ogrenmeyi-gelistirme-uygulama-ve-arastirma-merkezi\/wp-content\/uploads\/sites\/817\/2025\/06\/DERS-BILGI-SISTEMINDE-SINAV-HAZIRLAMA-YONERGESI-768x432.jpg 768w, https:\/\/atauni.edu.tr\/ogretme-ve-ogrenmeyi-gelistirme-uygulama-ve-arastirma-merkezi\/wp-content\/uploads\/sites\/817\/2025\/06\/DERS-BILGI-SISTEMINDE-SINAV-HAZIRLAMA-YONERGESI-1536x864.jpg 1536w, https:\/\/atauni.edu.tr\/ogretme-ve-ogrenmeyi-gelistirme-uygulama-ve-arastirma-merkezi\/wp-content\/uploads\/sites\/817\/2025\/06\/DERS-BILGI-SISTEMINDE-SINAV-HAZIRLAMA-YONERGESI-600x338.jpg 600w, https:\/\/atauni.edu.tr\/ogretme-ve-ogrenmeyi-gelistirme-uygulama-ve-arastirma-merkezi\/wp-content\/uploads\/sites\/817\/2025\/06\/DERS-BILGI-SISTEMINDE-SINAV-HAZIRLAMA-YONERGESI-560x315.jpg 560w\" sizes=\"(max-width: 1920px) 100vw, 1920px\" \/><\/a><\/figure><\/div>\t\t\t\t<\/div>\n\t\t\t\t<\/div>\n\t\t\t\t<div class=\"elementor-element elementor-element-c5868d4 elementor-widget elementor-widget-text-editor\" data-id=\"c5868d4\" data-element_type=\"widget\" data-widget_type=\"text-editor.default\">\n\t\t\t\t<div class=\"elementor-widget-container\">\n\t\t\t\t\t\t\t\t\tS\u0131nav D\u00fczenleme ve Soru Ekleme K\u0131lavuzu\t\t\t\t\t\t\t\t<\/div>\n\t\t\t\t<\/div>\n\t\t\t\t<div class=\"elementor-element elementor-element-5e4d593 elementor-position-top elementor-widget elementor-widget-image-box\" data-id=\"5e4d593\" data-element_type=\"widget\" data-widget_type=\"image-box.default\">\n\t\t\t\t<div class=\"elementor-widget-container\">\n\t\t\t\t\t<div class=\"elementor-image-box-wrapper\"><figure class=\"elementor-image-box-img\"><a href=\"https:\/\/ogem.atauni.edu.tr\/wp-content\/uploads\/2020\/05\/DERS-B%C4%B0LG%C4%B0-S%C4%B0STEM%C4%B0NDE-SORU-EKLEME-Y%C3%96NERGES%C4%B0.pdf\" tabindex=\"-1\"><img decoding=\"async\" width=\"1920\" height=\"1080\" src=\"https:\/\/atauni.edu.tr\/ogretme-ve-ogrenmeyi-gelistirme-uygulama-ve-arastirma-merkezi\/wp-content\/uploads\/sites\/817\/2025\/06\/SINAVI-DUZENLEME-ve-SORU-EKLEME-AYARLARI.jpg\" class=\"attachment-full size-full wp-image-8734\" alt=\"\" srcset=\"https:\/\/atauni.edu.tr\/ogretme-ve-ogrenmeyi-gelistirme-uygulama-ve-arastirma-merkezi\/wp-content\/uploads\/sites\/817\/2025\/06\/SINAVI-DUZENLEME-ve-SORU-EKLEME-AYARLARI.jpg 1920w, https:\/\/atauni.edu.tr\/ogretme-ve-ogrenmeyi-gelistirme-uygulama-ve-arastirma-merkezi\/wp-content\/uploads\/sites\/817\/2025\/06\/SINAVI-DUZENLEME-ve-SORU-EKLEME-AYARLARI-300x169.jpg 300w, https:\/\/atauni.edu.tr\/ogretme-ve-ogrenmeyi-gelistirme-uygulama-ve-arastirma-merkezi\/wp-content\/uploads\/sites\/817\/2025\/06\/SINAVI-DUZENLEME-ve-SORU-EKLEME-AYARLARI-1024x576.jpg 1024w, https:\/\/atauni.edu.tr\/ogretme-ve-ogrenmeyi-gelistirme-uygulama-ve-arastirma-merkezi\/wp-content\/uploads\/sites\/817\/2025\/06\/SINAVI-DUZENLEME-ve-SORU-EKLEME-AYARLARI-768x432.jpg 768w, https:\/\/atauni.edu.tr\/ogretme-ve-ogrenmeyi-gelistirme-uygulama-ve-arastirma-merkezi\/wp-content\/uploads\/sites\/817\/2025\/06\/SINAVI-DUZENLEME-ve-SORU-EKLEME-AYARLARI-1536x864.jpg 1536w, https:\/\/atauni.edu.tr\/ogretme-ve-ogrenmeyi-gelistirme-uygulama-ve-arastirma-merkezi\/wp-content\/uploads\/sites\/817\/2025\/06\/SINAVI-DUZENLEME-ve-SORU-EKLEME-AYARLARI-600x338.jpg 600w, https:\/\/atauni.edu.tr\/ogretme-ve-ogrenmeyi-gelistirme-uygulama-ve-arastirma-merkezi\/wp-content\/uploads\/sites\/817\/2025\/06\/SINAVI-DUZENLEME-ve-SORU-EKLEME-AYARLARI-560x315.jpg 560w\" sizes=\"(max-width: 1920px) 100vw, 1920px\" \/><\/a><\/figure><\/div>\t\t\t\t<\/div>\n\t\t\t\t<\/div>\n\t\t\t\t\t<\/div>\n\t\t<\/div>\n\t\t\t\t\t<\/div>\n\t\t<\/section>\n\t\t\t\t<\/div>\n\t\t","protected":false},"excerpt":{"rendered":"<p>Ders Bilgi Sistemi (DBS) BigBlueButton K\u0131lavuz Ders Bilgi Sistemi (DBS) S\u0131nav Haz\u0131rlama K\u0131lavuzlar\u0131 S\u0131nav D\u00fczenleme ve Soru Ekleme K\u0131lavuzu<\/p>\n","protected":false},"author":666,"featured_media":0,"parent":0,"menu_order":0,"comment_status":"closed","ping_status":"closed","template":"","meta":{"footnotes":""},"class_list":["post-8701","page","type-page","status-publish","hentry"],"_links":{"self":[{"href":"https:\/\/atauni.edu.tr\/ogretme-ve-ogrenmeyi-gelistirme-uygulama-ve-arastirma-merkezi\/wp-json\/wp\/v2\/pages\/8701","targetHints":{"allow":["GET"]}}],"collection":[{"href":"https:\/\/atauni.edu.tr\/ogretme-ve-ogrenmeyi-gelistirme-uygulama-ve-arastirma-merkezi\/wp-json\/wp\/v2\/pages"}],"about":[{"href":"https:\/\/atauni.edu.tr\/ogretme-ve-ogrenmeyi-gelistirme-uygulama-ve-arastirma-merkezi\/wp-json\/wp\/v2\/types\/page"}],"author":[{"embeddable":true,"href":"https:\/\/atauni.edu.tr\/ogretme-ve-ogrenmeyi-gelistirme-uygulama-ve-arastirma-merkezi\/wp-json\/wp\/v2\/users\/666"}],"replies":[{"embeddable":true,"href":"https:\/\/atauni.edu.tr\/ogretme-ve-ogrenmeyi-gelistirme-uygulama-ve-arastirma-merkezi\/wp-json\/wp\/v2\/comments?post=8701"}],"version-history":[{"count":4,"href":"https:\/\/atauni.edu.tr\/ogretme-ve-ogrenmeyi-gelistirme-uygulama-ve-arastirma-merkezi\/wp-json\/wp\/v2\/pages\/8701\/revisions"}],"predecessor-version":[{"id":8738,"href":"https:\/\/atauni.edu.tr\/ogretme-ve-ogrenmeyi-gelistirme-uygulama-ve-arastirma-merkezi\/wp-json\/wp\/v2\/pages\/8701\/revisions\/8738"}],"wp:attachment":[{"href":"https:\/\/atauni.edu.tr\/ogretme-ve-ogrenmeyi-gelistirme-uygulama-ve-arastirma-merkezi\/wp-json\/wp\/v2\/media?parent=8701"}],"curies":[{"name":"wp","href":"https:\/\/api.w.org\/{rel}","templated":true}]}}