{"id":9196,"date":"2026-02-08T11:58:58","date_gmt":"2026-02-08T08:58:58","guid":{"rendered":"https:\/\/birimler.atauni.edu.tr\/ogretme-ve-ogrenmeyi-gelistirme-uygulama-ve-arastirma-merkezi\/?page_id=9196"},"modified":"2026-02-20T12:18:41","modified_gmt":"2026-02-20T09:18:41","slug":"claude","status":"publish","type":"page","link":"https:\/\/atauni.edu.tr\/ogretme-ve-ogrenmeyi-gelistirme-uygulama-ve-arastirma-merkezi\/claude\/","title":{"rendered":"Claude"},"content":{"rendered":"\t\t<div data-elementor-type=\"wp-page\" data-elementor-id=\"9196\" class=\"elementor elementor-9196\" data-elementor-post-type=\"page\">\n\t\t\t\t\t\t<section class=\"elementor-section elementor-top-section elementor-element elementor-element-c1129be elementor-section-boxed elementor-section-height-default elementor-section-height-default\" data-id=\"c1129be\" data-element_type=\"section\">\n\t\t\t\t\t\t<div class=\"elementor-container elementor-column-gap-default\">\n\t\t\t\t\t<div class=\"elementor-column elementor-col-100 elementor-top-column elementor-element elementor-element-f475734\" data-id=\"f475734\" data-element_type=\"column\">\n\t\t\t<div class=\"elementor-widget-wrap elementor-element-populated\">\n\t\t\t\t\t\t<div class=\"elementor-element elementor-element-ee07ab1 elementor-widget elementor-widget-image\" data-id=\"ee07ab1\" data-element_type=\"widget\" data-widget_type=\"image.default\">\n\t\t\t\t<div class=\"elementor-widget-container\">\n\t\t\t\t\t\t\t\t\t\t\t\t\t\t\t<img fetchpriority=\"high\" decoding=\"async\" width=\"300\" height=\"168\" src=\"https:\/\/atauni.edu.tr\/ogretme-ve-ogrenmeyi-gelistirme-uygulama-ve-arastirma-merkezi\/wp-content\/uploads\/sites\/817\/2026\/02\/download-3.png\" class=\"attachment-2048x2048 size-2048x2048 wp-image-9126\" alt=\"\" \/>\t\t\t\t\t\t\t\t\t\t\t\t\t\t\t<\/div>\n\t\t\t\t<\/div>\n\t\t\t\t<div class=\"elementor-element elementor-element-384419f elementor-widget elementor-widget-text-editor\" data-id=\"384419f\" data-element_type=\"widget\" data-widget_type=\"text-editor.default\">\n\t\t\t\t<div class=\"elementor-widget-container\">\n\t\t\t\t\t\t\t\t\t<h2>Claude Nedir ve Neden \u00d6nemlidir?<\/h2><p>Claude, eski OpenAI \u00e7al\u0131\u015fanlar\u0131 taraf\u0131ndan kurulan Anthropic \u015firketi taraf\u0131ndan geli\u015ftirilen ve etik, g\u00fcvenli, y\u00f6nlendirilebilir yapay zeka ilkeleriyle \u00f6ne \u00e7\u0131kan yeni nesil bir asistand\u0131r. Onu di\u011fer modellerden ay\u0131ran en belirleyici \u00f6zelli\u011fi <strong>geni\u015f ba\u011flam penceresi<\/strong> kapasitesidir. Bu teknik terim, Claude&#8217;un y\u00fczlerce sayfal\u0131k bir kitab\u0131, uzun bir doktora tezini veya karma\u015f\u0131k yasal s\u00f6zle\u015fmeleri tek seferde haf\u0131zas\u0131na al\u0131p analiz edebilmesi anlam\u0131na gelir. E\u011fitim d\u00fcnyas\u0131nda Claude, \u00f6zellikle <strong>insans\u0131 ve n\u00fcansl\u0131 yaz\u0131m dili<\/strong> ile tan\u0131n\u0131r; robotik durmayan, ak\u0131c\u0131 ve akademik tonu y\u00fcksek metinler \u00fcretme konusunda rakiplerinden bir ad\u0131m \u00f6ndedir.<\/p><h3>E\u011fitimde Kullan\u0131m Alanlar\u0131<\/h3><p>E\u011fitimciler ve \u00f6\u011frenciler i\u00e7in Claude, bir arama motorundan ziyade derinlemesine bir <strong>okuma ve yazma asistan\u0131<\/strong> olarak g\u00f6rev yapar. \u0130nternette s\u00f6rf yap\u0131p k\u0131sa bilgiler getirmekten \u00e7ok, elinizdeki mevcut ve uzun dok\u00fcmanlar\u0131 i\u015flemek konusunda uzmand\u0131r. \u00d6\u011frencilerin y\u00fczlerce sayfal\u0131k ders materyallerini \u00f6zetlemesinden, akademisyenlerin makale taslaklar\u0131n\u0131 hakem g\u00f6z\u00fcyle incelemesine kadar, yo\u011fun okuma ve dikkat gerektiren s\u00fcre\u00e7lerde bili\u015fsel y\u00fck\u00fc hafifletir.<\/p><h3>\u00d6\u011frenciler \u0130\u00e7in<\/h3><p>\u00d6\u011frenciler bu teknolojiyi \u00f6zellikle yo\u011fun okuma gerektiren derslerde bir \u00e7al\u0131\u015fma arkada\u015f\u0131 olarak kullanmal\u0131d\u0131r. \u00d6rne\u011fin, s\u0131nav haftas\u0131nda okuman\u0131z gereken 50 sayfal\u0131k a\u011f\u0131r bir makaleyi sisteme y\u00fckleyip yazar\u0131n temel arg\u00fcmanlar\u0131n\u0131 ve kulland\u0131\u011f\u0131 metodolojiyi lise seviyesinde \u00f6zetlemesini isteyebilirsiniz. Kendi yazd\u0131\u011f\u0131n\u0131z kompozisyonlar\u0131 veya tez taslaklar\u0131n\u0131 Claude&#8217;a okutarak anlat\u0131m bozukluklar\u0131n\u0131 tespit ettirebilir, metninizin daha ak\u0131c\u0131 hale gelmesi i\u00e7in stil \u00f6nerileri alabilirsiniz. Claude, yazd\u0131\u011f\u0131n\u0131z metni de\u011fi\u015ftirmeden sadece \u00fcslubunu iyile\u015ftirme konusunda olduk\u00e7a hassas davran\u0131r.<\/p><h3>\u00d6nemli Akademik Uyar\u0131<\/h3><p>Claude metin \u00fcretimi ve analizi konusunda \u00e7ok ba\u015far\u0131l\u0131 olsa da, \u00e7\u0131kt\u0131lar\u0131 do\u011frudan kendi eseriniz gibi sunmak akademik d\u00fcr\u00fcstl\u00fck ihlalidir. Claude bir hayalet yazar de\u011fil, bir edit\u00f6r veya fikir orta\u011f\u0131 olarak konumland\u0131r\u0131lmal\u0131d\u0131r. Ayr\u0131ca Claude internete do\u011frudan ba\u011fl\u0131 olmad\u0131\u011f\u0131 i\u00e7in g\u00fcncel olaylar hakk\u0131nda bilgi vermez veya kaynak taramas\u0131 yapmaz. \u00dcretilen metni mutlaka kendi s\u00fczgecinizden ge\u00e7irmeli ve do\u011frulaman\u0131z gerekir.<\/p><h3>Nas\u0131l Eri\u015filir?<\/h3><p><a href=\"https:\/\/claude.ai\/\" target=\"_blank\" rel=\"noopener\">https:\/\/claude.ai<\/a>\u00a0adresi \u00fczerinden e-posta adresinizle kay\u0131t olarak temel \u00f6zellikleri \u00fccretsiz kullanmaya ba\u015flayabilirsiniz.<\/p><h3>Akademisyenler \u0130\u00e7in: Ders Tasar\u0131m\u0131 ve Verimlilik<\/h3><p>Akademik \u00fcretim s\u00fcrecinde en \u00e7ok zaman alan edit\u00f6rl\u00fck ve analiz a\u015famalar\u0131nda Claude g\u00fc\u00e7l\u00fc bir m\u00fcttefiktir. Ara\u015ft\u0131rma ve yaz\u0131m s\u00fcre\u00e7lerinizi h\u0131zland\u0131rmak i\u00e7in \u015fu senaryolar\u0131 uygulayabilirsiniz:<\/p><h6>Makale Hakemli\u011fi Sim\u00fclasyonu<\/h6><p>Makalenizi bir dergiye g\u00f6ndermeden \u00f6nce olas\u0131 ret sebeplerini g\u00f6rmek i\u00e7in Claude&#8217;a sert bir hakem rol\u00fc verebilirsiniz:<\/p><blockquote><p>Bu makale tasla\u011f\u0131n\u0131 hakemli bir derginin hakemi perspektifiyle incele. \u00c7al\u0131\u015fman\u0131n metodolojik kurgusunu, arg\u00fcmanlar\u0131n tutarl\u0131l\u0131\u011f\u0131n\u0131 ve literat\u00fcrle ili\u015fkisini ele\u015ftirel bir dille de\u011ferlendir. Zay\u0131f kalan y\u00f6nleri ve geli\u015ftirilmesi gereken k\u0131s\u0131mlar\u0131 maddeler halinde listele.<\/p><\/blockquote><h6>Nitel Veri ve M\u00fclakat Analizi<\/h6><p>Ara\u015ft\u0131rman\u0131z i\u00e7in yapt\u0131\u011f\u0131n\u0131z onlarca sayfal\u0131k m\u00fclakat d\u00f6k\u00fcm\u00fcn\u00fc tek seferde y\u00fckleyip tematik analiz yapt\u0131rabilirsiniz:<\/p><blockquote><p>A\u015fa\u011f\u0131daki m\u00fclakat metinlerini analiz et. Kat\u0131l\u0131mc\u0131lar\u0131n g\u00f6r\u00fc\u015flerini olumlu, olumsuz ve n\u00f6tr olarak kodla. Her bir kategori alt\u0131nda ortaya \u00e7\u0131kan ortak temalar\u0131 ve \u00f6r\u00fcnt\u00fcleri akademik bir dille \u00f6zetle.<\/p><\/blockquote><h6>Akademik Dil Edit\u00f6rl\u00fc\u011f\u00fc<\/h6><p>\u0130ngilizce veya T\u00fcrk\u00e7e makale taslaklar\u0131n\u0131z\u0131n dilini, anlam\u0131 bozmadan daha profesyonel bir standarta y\u00fckseltmek i\u00e7in \u015fu komut etkilidir:<\/p><blockquote><p>A\u015fa\u011f\u0131daki \u00f6zet metnini akademik \u0130ngilizce standartlar\u0131na g\u00f6re revize et. Anlam\u0131 de\u011fi\u015ftirmeden, daha sofistike ve alana \u00f6zg\u00fc kelimeler kullanarak ak\u0131c\u0131l\u0131\u011f\u0131 art\u0131r ancak teknik terminolojiyi koru.<\/p><\/blockquote><h6>Proje Tutarl\u0131l\u0131k Kontrol\u00fc<\/h6><p>T\u00dcB\u0130TAK veya BAP projelerinizde y\u00f6ntem ve ama\u00e7 uyumunu denetlemek i\u00e7in \u015fu y\u00f6ntemi kullanabilirsiniz:<\/p><blockquote><p>A\u015fa\u011f\u0131daki ara\u015ft\u0131rma projesi \u00f6nerisinin Ama\u00e7lar ve Y\u00f6ntem b\u00f6l\u00fcmlerini kar\u015f\u0131la\u015ft\u0131r. Belirtilen y\u00f6ntemlerin, hedeflenen ama\u00e7lara ula\u015fmak i\u00e7in yeterli ve uygun olup olmad\u0131\u011f\u0131n\u0131 metodolojik a\u00e7\u0131dan analiz et.<\/p><\/blockquote><h6>\u00d6rnek Prompt K\u00fct\u00fcphanesi<\/h6><p>Uzun ve karma\u015f\u0131k metinleri h\u0131zl\u0131ca anlamland\u0131rmak ve sentezlemek istiyorsan\u0131z \u015fu komutu kullanabilirsiniz:<\/p><blockquote><p>(Uzun bir akademik makale y\u00fckleyin) Bu makalenin Bulgular ve Tart\u0131\u015fma b\u00f6l\u00fcmlerini analiz et. Yazar\u0131n ula\u015ft\u0131\u011f\u0131 temel sonu\u00e7lar\u0131 ve bu sonu\u00e7lar\u0131n literat\u00fcre katk\u0131s\u0131n\u0131, lisans d\u00fczeyinde bir \u00f6\u011frencinin anlayabilece\u011fi a\u00e7\u0131kl\u0131kta \u00f6zetle.<\/p><\/blockquote><p><!-- Claude \u0130\u00e7erik Biti\u015fi --><\/p>\t\t\t\t\t\t\t\t<\/div>\n\t\t\t\t<\/div>\n\t\t\t\t<div class=\"elementor-element elementor-element-10dc203 elementor-widget elementor-widget-button\" data-id=\"10dc203\" data-element_type=\"widget\" data-widget_type=\"button.default\">\n\t\t\t\t<div class=\"elementor-widget-container\">\n\t\t\t\t\t\t\t\t\t<div class=\"elementor-button-wrapper\">\n\t\t\t\t\t<a class=\"elementor-button elementor-button-link elementor-size-sm\" href=\"http:\/\/claude.ai\" target=\"_blank\">\n\t\t\t\t\t\t<span class=\"elementor-button-content-wrapper\">\n\t\t\t\t\t\t\t\t\t<span class=\"elementor-button-text\">Buraya t\u0131kla<\/span>\n\t\t\t\t\t<\/span>\n\t\t\t\t\t<\/a>\n\t\t\t\t<\/div>\n\t\t\t\t\t\t\t\t<\/div>\n\t\t\t\t<\/div>\n\t\t\t\t\t<\/div>\n\t\t<\/div>\n\t\t\t\t\t<\/div>\n\t\t<\/section>\n\t\t\t\t<\/div>\n\t\t","protected":false},"excerpt":{"rendered":"<p>Claude Nedir ve Neden \u00d6nemlidir? Claude, eski OpenAI \u00e7al\u0131\u015fanlar\u0131 taraf\u0131ndan kurulan Anthropic \u015firketi taraf\u0131ndan geli\u015ftirilen ve etik, g\u00fcvenli, y\u00f6nlendirilebilir yapay zeka ilkeleriyle \u00f6ne \u00e7\u0131kan yeni nesil bir asistand\u0131r. Onu di\u011fer modellerden ay\u0131ran en belirleyici \u00f6zelli\u011fi geni\u015f ba\u011flam penceresi kapasitesidir. Bu teknik terim, Claude&#8217;un y\u00fczlerce sayfal\u0131k bir kitab\u0131, uzun bir doktora tezini veya karma\u015f\u0131k yasal s\u00f6zle\u015fmeleri [&hellip;]<\/p>\n","protected":false},"author":666,"featured_media":0,"parent":0,"menu_order":0,"comment_status":"closed","ping_status":"closed","template":"","meta":{"footnotes":""},"class_list":["post-9196","page","type-page","status-publish","hentry"],"_links":{"self":[{"href":"https:\/\/atauni.edu.tr\/ogretme-ve-ogrenmeyi-gelistirme-uygulama-ve-arastirma-merkezi\/wp-json\/wp\/v2\/pages\/9196","targetHints":{"allow":["GET"]}}],"collection":[{"href":"https:\/\/atauni.edu.tr\/ogretme-ve-ogrenmeyi-gelistirme-uygulama-ve-arastirma-merkezi\/wp-json\/wp\/v2\/pages"}],"about":[{"href":"https:\/\/atauni.edu.tr\/ogretme-ve-ogrenmeyi-gelistirme-uygulama-ve-arastirma-merkezi\/wp-json\/wp\/v2\/types\/page"}],"author":[{"embeddable":true,"href":"https:\/\/atauni.edu.tr\/ogretme-ve-ogrenmeyi-gelistirme-uygulama-ve-arastirma-merkezi\/wp-json\/wp\/v2\/users\/666"}],"replies":[{"embeddable":true,"href":"https:\/\/atauni.edu.tr\/ogretme-ve-ogrenmeyi-gelistirme-uygulama-ve-arastirma-merkezi\/wp-json\/wp\/v2\/comments?post=9196"}],"version-history":[{"count":10,"href":"https:\/\/atauni.edu.tr\/ogretme-ve-ogrenmeyi-gelistirme-uygulama-ve-arastirma-merkezi\/wp-json\/wp\/v2\/pages\/9196\/revisions"}],"predecessor-version":[{"id":9338,"href":"https:\/\/atauni.edu.tr\/ogretme-ve-ogrenmeyi-gelistirme-uygulama-ve-arastirma-merkezi\/wp-json\/wp\/v2\/pages\/9196\/revisions\/9338"}],"wp:attachment":[{"href":"https:\/\/atauni.edu.tr\/ogretme-ve-ogrenmeyi-gelistirme-uygulama-ve-arastirma-merkezi\/wp-json\/wp\/v2\/media?parent=9196"}],"curies":[{"name":"wp","href":"https:\/\/api.w.org\/{rel}","templated":true}]}}