{"id":9213,"date":"2026-02-08T14:48:12","date_gmt":"2026-02-08T11:48:12","guid":{"rendered":"https:\/\/birimler.atauni.edu.tr\/ogretme-ve-ogrenmeyi-gelistirme-uygulama-ve-arastirma-merkezi\/?page_id=9213"},"modified":"2026-02-20T13:48:08","modified_gmt":"2026-02-20T10:48:08","slug":"kimi","status":"publish","type":"page","link":"https:\/\/atauni.edu.tr\/ogretme-ve-ogrenmeyi-gelistirme-uygulama-ve-arastirma-merkezi\/kimi\/","title":{"rendered":"Kimi"},"content":{"rendered":"\t\t<div data-elementor-type=\"wp-page\" data-elementor-id=\"9213\" class=\"elementor elementor-9213\" data-elementor-post-type=\"page\">\n\t\t\t\t\t\t<section class=\"elementor-section elementor-top-section elementor-element elementor-element-c996359 elementor-section-boxed elementor-section-height-default elementor-section-height-default\" data-id=\"c996359\" data-element_type=\"section\">\n\t\t\t\t\t\t<div class=\"elementor-container elementor-column-gap-default\">\n\t\t\t\t\t<div class=\"elementor-column elementor-col-100 elementor-top-column elementor-element elementor-element-54b06f8\" data-id=\"54b06f8\" data-element_type=\"column\">\n\t\t\t<div class=\"elementor-widget-wrap elementor-element-populated\">\n\t\t\t\t\t\t<div class=\"elementor-element elementor-element-aba3a45 elementor-widget elementor-widget-image\" data-id=\"aba3a45\" data-element_type=\"widget\" data-widget_type=\"image.default\">\n\t\t\t\t<div class=\"elementor-widget-container\">\n\t\t\t\t\t\t\t\t\t\t\t\t\t\t\t<img fetchpriority=\"high\" decoding=\"async\" width=\"225\" height=\"225\" src=\"https:\/\/atauni.edu.tr\/ogretme-ve-ogrenmeyi-gelistirme-uygulama-ve-arastirma-merkezi\/wp-content\/uploads\/sites\/817\/2026\/02\/download-6.png\" class=\"attachment-2048x2048 size-2048x2048 wp-image-9131\" alt=\"\" srcset=\"https:\/\/atauni.edu.tr\/ogretme-ve-ogrenmeyi-gelistirme-uygulama-ve-arastirma-merkezi\/wp-content\/uploads\/sites\/817\/2026\/02\/download-6.png 225w, https:\/\/atauni.edu.tr\/ogretme-ve-ogrenmeyi-gelistirme-uygulama-ve-arastirma-merkezi\/wp-content\/uploads\/sites\/817\/2026\/02\/download-6-150x150.png 150w\" sizes=\"(max-width: 225px) 100vw, 225px\" \/>\t\t\t\t\t\t\t\t\t\t\t\t\t\t\t<\/div>\n\t\t\t\t<\/div>\n\t\t\t\t<div class=\"elementor-element elementor-element-355d482 elementor-widget elementor-widget-text-editor\" data-id=\"355d482\" data-element_type=\"widget\" data-widget_type=\"text-editor.default\">\n\t\t\t\t<div class=\"elementor-widget-container\">\n\t\t\t\t\t\t\t\t\t<h2>Kimi Nedir ve Neden \u00d6nemlidir?<\/h2><p>Kimi, Moonshot AI taraf\u0131ndan geli\u015ftirilen ve rakiplerini geride b\u0131rakan devasa ba\u011flam kapasitesiyle tan\u0131nan yeni nesil bir yapay zeka asistan\u0131d\u0131r. Onu e\u011fitim d\u00fcnyas\u0131nda e\u015fsiz k\u0131lan \u00f6zelli\u011fi, y\u00fczlerce sayfal\u0131k kitaplar\u0131, binlerce sat\u0131rl\u0131k raporlar\u0131 veya t\u00fcm bir d\u00f6nemin ders notlar\u0131n\u0131 tek seferde haf\u0131zas\u0131na al\u0131p i\u015fleyebilmesidir. Di\u011fer modellerin kapasitesinin yetmedi\u011fi ve hata verdi\u011fi uzunluktaki dosyalar\u0131 Kimi saniyeler i\u00e7inde okur, analiz eder ve sanki tek bir sayfaym\u0131\u015f gibi hakimiyet kurarak sorular\u0131n\u0131z\u0131 yan\u0131tlar.<\/p><h3>E\u011fitimde Kullan\u0131m Alanlar\u0131<\/h3><p>E\u011fitimciler ve \u00f6\u011frenciler i\u00e7in Kimi, dijital bir ar\u015fiv sorumlusu veya s\u00fcper h\u0131zl\u0131 bir okuma asistan\u0131 gibi \u00e7al\u0131\u015f\u0131r. Da\u011f\u0131n\u0131k duran onlarca PDF dosyas\u0131n\u0131, ders sunumlar\u0131n\u0131 ve makaleleri sisteme y\u00fckleyerek kendi ki\u015fisel bilgi taban\u0131n\u0131z\u0131 olu\u015fturabilirsiniz. \u00d6zellikle d\u00f6nem sonlar\u0131nda y\u00fczlerce sayfal\u0131k notlar\u0131n \u00f6zetlenmesi veya tez yaz\u0131m a\u015famas\u0131nda geni\u015f bir literat\u00fcr\u00fcn taranmas\u0131 gibi yo\u011fun okuma gerektiren s\u00fcre\u00e7lerde zaman kazand\u0131r\u0131r.<\/p><h3>\u00d6\u011frenciler \u0130\u00e7in<\/h3><p>\u00d6\u011frenciler bu teknolojiyi bilgi y\u0131\u011f\u0131nlar\u0131 i\u00e7inde kaybolmamak i\u00e7in kullanmal\u0131d\u0131r. \u00d6rne\u011fin, vize ve final haftas\u0131nda hocan\u0131z\u0131n payla\u015ft\u0131\u011f\u0131 t\u00fcm slaytlar\u0131 ve ders notlar\u0131n\u0131 sisteme y\u00fckleyerek kapsaml\u0131 bir s\u0131nav \u00e7al\u0131\u015fma rehberi haz\u0131rlatabilirsiniz. \u00c7ok uzun bir raporda ge\u00e7en spesifik bir veriyi veya istatisti\u011fi bulmak i\u00e7in sayfalarca okuma yapmak yerine, Kimi&#8217;ye sorarak nokta at\u0131\u015f\u0131 bilgiye ula\u015fabilirsiniz. Ayr\u0131ca birden fazla ders kitab\u0131n\u0131 y\u00fckleyip farkl\u0131 yazarlar\u0131n ayn\u0131 konuyu nas\u0131l ele ald\u0131\u011f\u0131n\u0131 kar\u015f\u0131la\u015ft\u0131rmas\u0131n\u0131 isteyerek derinlemesine \u00f6\u011frenme sa\u011flayabilirsiniz.<\/p><h3>\u00d6nemli Akademik Uyar\u0131<\/h3><p>Kimi \u00e7ok b\u00fcy\u00fck dosyalar\u0131 okuyabilse de, y\u00fckledi\u011finiz belgelerin telif haklar\u0131 ve veri gizlili\u011fi konusunda hassas olmal\u0131s\u0131n\u0131z. Ki\u015fisel veriler i\u00e7eren raporlar\u0131 veya izinsiz payla\u015f\u0131m\u0131 yasak olan tam metin kitaplar\u0131 sisteme y\u00fcklemek etik kurallar\u0131 ihlal edebilir. Ayr\u0131ca Kimi&#8217;nin analizi ne kadar g\u00fc\u00e7l\u00fc olursa olsun, akademik bir metni referans verirken orijinal kayna\u011f\u0131 mutlaka kontrol etmeniz gerekir.<\/p><h3>Nas\u0131l Eri\u015filir?<\/h3><p><a href=\"https:\/\/kimi.moonshot.cn\/\" target=\"_blank\" rel=\"noopener\">https:\/\/kimi.moonshot.cn<\/a>\u00a0adresi \u00fczerinden web taray\u0131c\u0131n\u0131zla giri\u015f yaparak kullanabilirsiniz. Site \u00c7ince a\u00e7\u0131labilir ancak taray\u0131c\u0131n\u0131z\u0131n \u00e7eviri \u00f6zelli\u011fi ile \u0130ngilizce veya T\u00fcrk\u00e7e olarak rahatl\u0131kla kullanabilirsiniz.<\/p><h3>Akademisyenler \u0130\u00e7in: Kapsaml\u0131 Dok\u00fcman Analizi<\/h3><p>Akademik \u00e7al\u0131\u015fmalarda en b\u00fcy\u00fck zaman kayb\u0131, uzun metinleri taramak ve aralar\u0131ndaki ba\u011flant\u0131lar\u0131 kurmakt\u0131r. Kimi, bu s\u00fcreci otomatize ederek size analiz i\u00e7in zaman yarat\u0131r. \u0130\u015fte kullanabilece\u011finiz baz\u0131 senaryolar:<\/p><h6>\u00c7oklu Makale Sentezi<\/h6><p>Literat\u00fcr taramas\u0131 yaparken indirdi\u011finiz onlarca makaleyi tek tek okumak yerine hepsini sisteme y\u00fckleyip ortak noktalar\u0131n\u0131 buldurabilirsiniz:<\/p><blockquote><p>Y\u00fckledi\u011fim bu 5 farkl\u0131 makaleyi analiz et. Her bir \u00e7al\u0131\u015fman\u0131n kulland\u0131\u011f\u0131 y\u00f6ntem ve ula\u015ft\u0131\u011f\u0131 temel bulgular\u0131 kar\u015f\u0131la\u015ft\u0131rmal\u0131 bir tablo haline getir. Literat\u00fcrdeki bo\u015fluklar\u0131 ve yazarlar\u0131n \u00e7eli\u015fti\u011fi noktalar\u0131 raporla.<\/p><\/blockquote><h6>Tez B\u00fct\u00fcnl\u00fck Kontrol\u00fc<\/h6><p>Y\u00fczlerce sayfal\u0131k bir tezin giri\u015f ve sonu\u00e7 b\u00f6l\u00fcmleri aras\u0131ndaki tutarl\u0131l\u0131\u011f\u0131 denetlemek i\u00e7in \u015fu y\u00f6ntemi kullanabilirsiniz:<\/p><blockquote><p>Bu y\u00fcksek lisans tezinin tamam\u0131n\u0131 oku. Giri\u015f b\u00f6l\u00fcm\u00fcnde vaat edilen ara\u015ft\u0131rma sorular\u0131n\u0131n, sonu\u00e7 b\u00f6l\u00fcm\u00fcnde tam olarak yan\u0131tlan\u0131p yan\u0131tlanmad\u0131\u011f\u0131n\u0131 kontrol et. Mant\u0131ksal ak\u0131\u015fta kopukluk olan veya desteklenmeyen arg\u00fcmanlar\u0131 sayfa numaras\u0131yla belirt.<\/p><\/blockquote><h6>Proje \u00c7a\u011fr\u0131 Metni Uyumlulu\u011fu<\/h6><p>Karma\u015f\u0131k ve uzun proje ba\u015fvuru rehberlerine g\u00f6re kendi \u00f6nerinizi denetlemek i\u00e7in \u015fu komut etkilidir:<\/p><blockquote><p>Y\u00fckledi\u011fim T\u00dcB\u0130TAK proje ba\u015fvuru rehberi ile benim yazd\u0131\u011f\u0131m proje \u00f6nerisi dosyas\u0131n\u0131 kar\u015f\u0131la\u015ft\u0131r. \u00d6nerimin rehberde belirtilen zorunlu kriterlere, b\u00fct\u00e7e s\u0131n\u0131rlar\u0131na ve format kurallar\u0131na uyup uymad\u0131\u011f\u0131n\u0131 madde madde kontrol et.<\/p><\/blockquote><h6>Mevzuat ve Y\u00f6netmelik Taramas\u0131<\/h6><p>Resmi gazete, y\u00f6netmelikler veya \u00fcniversite y\u00f6nergeleri gibi uzun yasal metinleri taramak i\u00e7in \u015fu y\u00f6ntemi deneyebilirsiniz:<\/p><blockquote><p>Y\u00fckledi\u011fim Y\u00fcksek\u00f6\u011fretim Kanunu ve ilgili y\u00f6netmelikler dosyas\u0131n\u0131 incele. Disiplin soru\u015fturmalar\u0131 ile ilgili olan t\u00fcm maddeleri bul ve bir y\u00f6netici \u00f6zeti \u00e7\u0131kar.<\/p><\/blockquote><h6>\u00d6rnek Prompt K\u00fct\u00fcphanesi<\/h6><p>B\u00fcy\u00fck bir k\u00fclliyat\u0131 analiz etmek ve kaynaklar aras\u0131 ili\u015fki kurmak istiyorsan\u0131z \u015fu komutu kullanabilirsiniz:<\/p><blockquote><p>(Birden fazla PDF kaynak y\u00fckleyin) Y\u00fckledi\u011fim bu kaynaklar\u0131 analiz et. Yazarlar\u0131n Yapay Zeka Eti\u011fi konusundaki yakla\u015f\u0131mlar\u0131n\u0131 kar\u015f\u0131la\u015ft\u0131r ve temel g\u00f6r\u00fc\u015f ayr\u0131l\u0131klar\u0131n\u0131 maddeler halinde sun. Hangi yazar\u0131n hangi arg\u00fcman\u0131 savundu\u011funu belirt.<\/p><\/blockquote><p><!-- Kimi AI \u0130\u00e7erik Biti\u015fi --><\/p>\t\t\t\t\t\t\t\t<\/div>\n\t\t\t\t<\/div>\n\t\t\t\t<div class=\"elementor-element elementor-element-b2a2ef3 elementor-align-left elementor-widget elementor-widget-button\" data-id=\"b2a2ef3\" data-element_type=\"widget\" data-widget_type=\"button.default\">\n\t\t\t\t<div class=\"elementor-widget-container\">\n\t\t\t\t\t\t\t\t\t<div class=\"elementor-button-wrapper\">\n\t\t\t\t\t<a class=\"elementor-button elementor-button-link elementor-size-sm\" href=\"http:\/\/kimi.com\" target=\"_blank\">\n\t\t\t\t\t\t<span class=\"elementor-button-content-wrapper\">\n\t\t\t\t\t\t\t\t\t<span class=\"elementor-button-text\">Buraya t\u0131kla<\/span>\n\t\t\t\t\t<\/span>\n\t\t\t\t\t<\/a>\n\t\t\t\t<\/div>\n\t\t\t\t\t\t\t\t<\/div>\n\t\t\t\t<\/div>\n\t\t\t\t\t<\/div>\n\t\t<\/div>\n\t\t\t\t\t<\/div>\n\t\t<\/section>\n\t\t\t\t<\/div>\n\t\t","protected":false},"excerpt":{"rendered":"<p>Kimi Nedir ve Neden \u00d6nemlidir? Kimi, Moonshot AI taraf\u0131ndan geli\u015ftirilen ve rakiplerini geride b\u0131rakan devasa ba\u011flam kapasitesiyle tan\u0131nan yeni nesil bir yapay zeka asistan\u0131d\u0131r. Onu e\u011fitim d\u00fcnyas\u0131nda e\u015fsiz k\u0131lan \u00f6zelli\u011fi, y\u00fczlerce sayfal\u0131k kitaplar\u0131, binlerce sat\u0131rl\u0131k raporlar\u0131 veya t\u00fcm bir d\u00f6nemin ders notlar\u0131n\u0131 tek seferde haf\u0131zas\u0131na al\u0131p i\u015fleyebilmesidir. Di\u011fer modellerin kapasitesinin yetmedi\u011fi ve hata verdi\u011fi uzunluktaki [&hellip;]<\/p>\n","protected":false},"author":666,"featured_media":0,"parent":0,"menu_order":0,"comment_status":"closed","ping_status":"closed","template":"","meta":{"footnotes":""},"class_list":["post-9213","page","type-page","status-publish","hentry"],"_links":{"self":[{"href":"https:\/\/atauni.edu.tr\/ogretme-ve-ogrenmeyi-gelistirme-uygulama-ve-arastirma-merkezi\/wp-json\/wp\/v2\/pages\/9213","targetHints":{"allow":["GET"]}}],"collection":[{"href":"https:\/\/atauni.edu.tr\/ogretme-ve-ogrenmeyi-gelistirme-uygulama-ve-arastirma-merkezi\/wp-json\/wp\/v2\/pages"}],"about":[{"href":"https:\/\/atauni.edu.tr\/ogretme-ve-ogrenmeyi-gelistirme-uygulama-ve-arastirma-merkezi\/wp-json\/wp\/v2\/types\/page"}],"author":[{"embeddable":true,"href":"https:\/\/atauni.edu.tr\/ogretme-ve-ogrenmeyi-gelistirme-uygulama-ve-arastirma-merkezi\/wp-json\/wp\/v2\/users\/666"}],"replies":[{"embeddable":true,"href":"https:\/\/atauni.edu.tr\/ogretme-ve-ogrenmeyi-gelistirme-uygulama-ve-arastirma-merkezi\/wp-json\/wp\/v2\/comments?post=9213"}],"version-history":[{"count":14,"href":"https:\/\/atauni.edu.tr\/ogretme-ve-ogrenmeyi-gelistirme-uygulama-ve-arastirma-merkezi\/wp-json\/wp\/v2\/pages\/9213\/revisions"}],"predecessor-version":[{"id":9749,"href":"https:\/\/atauni.edu.tr\/ogretme-ve-ogrenmeyi-gelistirme-uygulama-ve-arastirma-merkezi\/wp-json\/wp\/v2\/pages\/9213\/revisions\/9749"}],"wp:attachment":[{"href":"https:\/\/atauni.edu.tr\/ogretme-ve-ogrenmeyi-gelistirme-uygulama-ve-arastirma-merkezi\/wp-json\/wp\/v2\/media?parent=9213"}],"curies":[{"name":"wp","href":"https:\/\/api.w.org\/{rel}","templated":true}]}}