{"id":9236,"date":"2026-02-08T15:08:44","date_gmt":"2026-02-08T12:08:44","guid":{"rendered":"https:\/\/birimler.atauni.edu.tr\/ogretme-ve-ogrenmeyi-gelistirme-uygulama-ve-arastirma-merkezi\/?page_id=9236"},"modified":"2026-02-20T13:58:02","modified_gmt":"2026-02-20T10:58:02","slug":"qwen","status":"publish","type":"page","link":"https:\/\/atauni.edu.tr\/ogretme-ve-ogrenmeyi-gelistirme-uygulama-ve-arastirma-merkezi\/qwen\/","title":{"rendered":"Qwen"},"content":{"rendered":"\t\t<div data-elementor-type=\"wp-page\" data-elementor-id=\"9236\" class=\"elementor elementor-9236\" data-elementor-post-type=\"page\">\n\t\t\t\t\t\t<section class=\"elementor-section elementor-top-section elementor-element elementor-element-710c5ac elementor-section-boxed elementor-section-height-default elementor-section-height-default\" data-id=\"710c5ac\" data-element_type=\"section\">\n\t\t\t\t\t\t<div class=\"elementor-container elementor-column-gap-default\">\n\t\t\t\t\t<div class=\"elementor-column elementor-col-100 elementor-top-column elementor-element elementor-element-515b071\" data-id=\"515b071\" data-element_type=\"column\">\n\t\t\t<div class=\"elementor-widget-wrap elementor-element-populated\">\n\t\t\t\t\t\t<div class=\"elementor-element elementor-element-b56e39a elementor-widget elementor-widget-image\" data-id=\"b56e39a\" data-element_type=\"widget\" data-widget_type=\"image.default\">\n\t\t\t\t<div class=\"elementor-widget-container\">\n\t\t\t\t\t\t\t\t\t\t\t\t\t\t\t<img fetchpriority=\"high\" decoding=\"async\" width=\"259\" height=\"194\" src=\"https:\/\/atauni.edu.tr\/ogretme-ve-ogrenmeyi-gelistirme-uygulama-ve-arastirma-merkezi\/wp-content\/uploads\/sites\/817\/2026\/02\/download-10.png\" class=\"attachment-2048x2048 size-2048x2048 wp-image-9137\" alt=\"\" \/>\t\t\t\t\t\t\t\t\t\t\t\t\t\t\t<\/div>\n\t\t\t\t<\/div>\n\t\t\t\t<div class=\"elementor-element elementor-element-54e1a98 elementor-widget elementor-widget-text-editor\" data-id=\"54e1a98\" data-element_type=\"widget\" data-widget_type=\"text-editor.default\">\n\t\t\t\t<div class=\"elementor-widget-container\">\n\t\t\t\t\t\t\t\t\t<h2>Qwen Nedir ve Neden \u00d6nemlidir?<\/h2>\n<p>Qwen, Alibaba Cloud taraf\u0131ndan geli\u015ftirilen ve matematik, kodlama, g\u00f6rsel analiz gibi teknik alanlarda GPT-4 ile yar\u0131\u015fan performans\u0131yla dikkat \u00e7eken g\u00fc\u00e7l\u00fc bir yapay zeka modelidir. Onu e\u011fitimciler ve \u00f6\u011frenciler i\u00e7in vazge\u00e7ilmez k\u0131lan temel \u00f6zelli\u011fi, \u00f6zellikle say\u0131sal bilimlerdeki karma\u015f\u0131k problemleri ad\u0131m ad\u0131m mant\u0131k y\u00fcr\u00fcterek \u00e7\u00f6zebilme yetene\u011fidir. S\u00f6zel becerilerinin yan\u0131 s\u0131ra g\u00f6rsel verileri okuma konusundaki \u00fcst\u00fcnl\u00fc\u011f\u00fc, onu m\u00fchendislik ve fen bilimleri alan\u0131nda \u00e7al\u0131\u015fanlar i\u00e7in ideal bir teknik asistan haline getirir.<\/p>\n<h3>E\u011fitimde Kullan\u0131m Alanlar\u0131<\/h3>\n<p>E\u011fitimde Kullan\u0131m Alanlar\u0131. Qwen, sadece metin tabanl\u0131 bir sohbet botu de\u011fil, ayn\u0131 zamanda g\u00f6rsel ve say\u0131sal bir i\u015flemci gibi \u00e7al\u0131\u015f\u0131r. Ders notlar\u0131n\u0131zdaki karma\u015f\u0131k diyagramlar\u0131 analiz etmekten, \u00e7ok dilli teknik metinleri \u00e7evirmeye kadar geni\u015f bir yelpazede destek sunar. \u00d6zellikle STEM alan\u0131ndaki zorlu problemlerin \u00e7\u00f6z\u00fcm\u00fcnde sa\u011flad\u0131\u011f\u0131 mant\u0131ksal ispatlar, \u00f6\u011frencilerin konuyu ezberlemek yerine kavramas\u0131na yard\u0131mc\u0131 olur.<\/p>\n<h3>\u00d6\u011frenciler \u0130\u00e7in<\/h3>\n<p>\u00d6\u011frenciler bu teknolojiyi say\u0131sal derslerdeki en b\u00fcy\u00fck yard\u0131mc\u0131lar\u0131 olarak konumland\u0131rmal\u0131d\u0131r. \u00c7\u00f6zmekte zorland\u0131\u011f\u0131n\u0131z bir geometri sorusunun foto\u011fraf\u0131n\u0131 y\u00fckleyip \u00e7\u00f6z\u00fcm yolunu ad\u0131m ad\u0131m a\u00e7\u0131klamas\u0131n\u0131 isteyebilirsiniz. Yabanc\u0131 kaynaklardan ders \u00e7al\u0131\u015f\u0131rken teknik terimlerin do\u011fru \u00e7evrilmesi konusunda Qwen&#8217;e g\u00fcvenebilir veya karma\u015f\u0131k bir kod blo\u011funun \u00e7al\u0131\u015fma mant\u0131\u011f\u0131n\u0131 size basit\u00e7e anlatmas\u0131n\u0131 talep edebilirsiniz.<br><\/p><h3>\u00d6nemli Akademik Uyar\u0131<\/h3><p>Qwen teknik konularda \u00e7ok ba\u015far\u0131l\u0131 olsa da, say\u0131sal i\u015flemlerde nadiren de olsa hata yapma pay\u0131 vard\u0131r. Bu nedenle kritik hesaplamalarda sonu\u00e7lar\u0131 mutlaka teyit etmelisiniz. Ayr\u0131ca Qwen baz\u0131 versiyonlar\u0131nda yerel reg\u00fclasyonlara tabi olabildi\u011fi i\u00e7in hassas ki\u015fisel verilerinizi payla\u015f\u0131rken dikkatli olman\u0131z \u00f6nerilir.<\/p><h3>Nas\u0131l Eri\u015filir?<\/h3><p><a href=\"https:\/\/chat.qwen.ai\/\" target=\"_blank\" rel=\"noopener\">https:\/\/chat.qwen.ai<\/a>&nbsp;adresi \u00fczerinden veya Hugging Face platformu arac\u0131l\u0131\u011f\u0131yla \u00fccretsiz olarak eri\u015febilir ve kullanmaya ba\u015flayabilirsiniz.<\/p>\n<h3>Akademisyenler \u0130\u00e7in: Teknik Analiz ve Veri \u0130\u015fleme<\/h3>\n<p>Akademik \u00e7al\u0131\u015fmalarda veri g\u00f6rselle\u015ftirme ve teknik dok\u00fcmantasyon s\u00fcre\u00e7leri zaman al\u0131c\u0131d\u0131r. Qwen bu s\u00fcre\u00e7leri h\u0131zland\u0131rarak verimlili\u011finizi art\u0131r\u0131r. \u0130\u015fte kullanabilece\u011finiz baz\u0131 senaryolar:<\/p>\n<h6>G\u00f6rsel Veri Yorumlama<\/h6>\n<p>Makalelerdeki karma\u015f\u0131k grafiklerin ekran g\u00f6r\u00fcnt\u00fcs\u00fcn\u00fc al\u0131p ham veriye d\u00f6n\u00fc\u015ft\u00fcrmek i\u00e7in \u015fu komutu kullanabilirsiniz:<\/p>\n<blockquote>\n<p>Bu grafi\u011fi analiz et. Eksenlerdeki verileri yorumlayarak grafi\u011fin anlatt\u0131\u011f\u0131 temel bulguyu bir paragraf halinde \u00f6zetle ve verileri tabloya d\u00f6k.<\/p>\n<\/blockquote>\n<h6>Teknik Soru T\u00fcretme<\/h6>\n<p>M\u00fchendislik veya fen bilimleri dersleriniz i\u00e7in zorlay\u0131c\u0131 s\u0131nav sorular\u0131 haz\u0131rlamak isterseniz \u015fu y\u00f6ntemi deneyebilirsiniz:<\/p>\n<blockquote>\n<p>Diferansiyel Denklemler dersi i\u00e7in Is\u0131 Transferi konusunu i\u00e7eren, ger\u00e7ek hayatla ili\u015fkilendirilmi\u015f ve zorluk derecesi y\u00fcksek 3 adet soru haz\u0131rla. Cevap anahtar\u0131n\u0131 i\u015flem ad\u0131mlar\u0131yla ver.<\/p>\n<\/blockquote>\n<h6>\u00c7ok Dilli Teknik \u00c7eviri<\/h6>\n<p>Literat\u00fcrdeki \u0130ngilizce teknik metinleri terminolojiyi bozmadan T\u00fcrk\u00e7eye \u00e7evirmek i\u00e7in \u015fu komut etkilidir:<\/p>\n<blockquote>\n<p>A\u015fa\u011f\u0131daki teknik paragraf\u0131 T\u00fcrk\u00e7eye \u00e7evir. \u00c7eviri yaparken Yapay Sinir A\u011flar\u0131 literat\u00fcr\u00fcndeki teknik terimleri koru ve akademik bir dil kullan.<\/p>\n<\/blockquote>\n<h6>Algoritma Mant\u0131\u011f\u0131 A\u00e7\u0131klama<\/h6>\n<p>Karma\u015f\u0131k kod yap\u0131lar\u0131n\u0131 \u00f6\u011frencilerinize anlat\u0131rken zorlan\u0131yorsan\u0131z \u015fu komutu kullanabilirsiniz:<\/p>\n<blockquote>\n<p>A\u015fa\u011f\u0131daki Python kod blo\u011funun \u00e7al\u0131\u015fma mant\u0131\u011f\u0131n\u0131 ad\u0131m ad\u0131m a\u00e7\u0131kla. Her bir d\u00f6ng\u00fcn\u00fcn ve fonksiyonun ne i\u015fe yarad\u0131\u011f\u0131n\u0131, programlamaya yeni ba\u015flayan bir \u00f6\u011frencinin anlayaca\u011f\u0131 \u015fekilde basitle\u015ftir.<\/p>\n<\/blockquote>\n<h6>\u00d6rnek Prompt K\u00fct\u00fcphanesi<\/h6>\n<p>Matematiksel bir ispat\u0131 mant\u0131\u011f\u0131yla birlikte \u00f6\u011frenmek istiyorsan\u0131z \u015fu komutu kullanabilirsiniz:<\/p>\n<blockquote>\n<p>Bir \u00fc\u00e7genin i\u00e7 a\u00e7\u0131lar\u0131n\u0131n toplam\u0131n\u0131n 180 derece oldu\u011funu ispatla. \u0130spat\u0131 yaparken \u00d6klid geometrisinin temel aksiyomlar\u0131n\u0131 ad\u0131m ad\u0131m kullan.<\/p><\/blockquote>\n<p><!-- Qwen \u0130\u00e7erik Biti\u015fi --><\/p>\t\t\t\t\t\t\t\t<\/div>\n\t\t\t\t<\/div>\n\t\t\t\t<div class=\"elementor-element elementor-element-a31b843 elementor-widget elementor-widget-button\" data-id=\"a31b843\" data-element_type=\"widget\" data-widget_type=\"button.default\">\n\t\t\t\t<div class=\"elementor-widget-container\">\n\t\t\t\t\t\t\t\t\t<div class=\"elementor-button-wrapper\">\n\t\t\t\t\t<a class=\"elementor-button elementor-button-link elementor-size-sm\" href=\"http:\/\/qwen.ai\" target=\"_blank\">\n\t\t\t\t\t\t<span class=\"elementor-button-content-wrapper\">\n\t\t\t\t\t\t\t\t\t<span class=\"elementor-button-text\">Buraya t\u0131kla<\/span>\n\t\t\t\t\t<\/span>\n\t\t\t\t\t<\/a>\n\t\t\t\t<\/div>\n\t\t\t\t\t\t\t\t<\/div>\n\t\t\t\t<\/div>\n\t\t\t\t\t<\/div>\n\t\t<\/div>\n\t\t\t\t\t<\/div>\n\t\t<\/section>\n\t\t\t\t<\/div>\n\t\t","protected":false},"excerpt":{"rendered":"<p>Qwen Nedir ve Neden \u00d6nemlidir? Qwen, Alibaba Cloud taraf\u0131ndan geli\u015ftirilen ve matematik, kodlama, g\u00f6rsel analiz gibi teknik alanlarda GPT-4 ile yar\u0131\u015fan performans\u0131yla dikkat \u00e7eken g\u00fc\u00e7l\u00fc bir yapay zeka modelidir. Onu e\u011fitimciler ve \u00f6\u011frenciler i\u00e7in vazge\u00e7ilmez k\u0131lan temel \u00f6zelli\u011fi, \u00f6zellikle say\u0131sal bilimlerdeki karma\u015f\u0131k problemleri ad\u0131m ad\u0131m mant\u0131k y\u00fcr\u00fcterek \u00e7\u00f6zebilme yetene\u011fidir. S\u00f6zel becerilerinin yan\u0131 s\u0131ra g\u00f6rsel verileri [&hellip;]<\/p>\n","protected":false},"author":666,"featured_media":0,"parent":0,"menu_order":0,"comment_status":"closed","ping_status":"closed","template":"","meta":{"footnotes":""},"class_list":["post-9236","page","type-page","status-publish","hentry"],"_links":{"self":[{"href":"https:\/\/atauni.edu.tr\/ogretme-ve-ogrenmeyi-gelistirme-uygulama-ve-arastirma-merkezi\/wp-json\/wp\/v2\/pages\/9236","targetHints":{"allow":["GET"]}}],"collection":[{"href":"https:\/\/atauni.edu.tr\/ogretme-ve-ogrenmeyi-gelistirme-uygulama-ve-arastirma-merkezi\/wp-json\/wp\/v2\/pages"}],"about":[{"href":"https:\/\/atauni.edu.tr\/ogretme-ve-ogrenmeyi-gelistirme-uygulama-ve-arastirma-merkezi\/wp-json\/wp\/v2\/types\/page"}],"author":[{"embeddable":true,"href":"https:\/\/atauni.edu.tr\/ogretme-ve-ogrenmeyi-gelistirme-uygulama-ve-arastirma-merkezi\/wp-json\/wp\/v2\/users\/666"}],"replies":[{"embeddable":true,"href":"https:\/\/atauni.edu.tr\/ogretme-ve-ogrenmeyi-gelistirme-uygulama-ve-arastirma-merkezi\/wp-json\/wp\/v2\/comments?post=9236"}],"version-history":[{"count":13,"href":"https:\/\/atauni.edu.tr\/ogretme-ve-ogrenmeyi-gelistirme-uygulama-ve-arastirma-merkezi\/wp-json\/wp\/v2\/pages\/9236\/revisions"}],"predecessor-version":[{"id":9355,"href":"https:\/\/atauni.edu.tr\/ogretme-ve-ogrenmeyi-gelistirme-uygulama-ve-arastirma-merkezi\/wp-json\/wp\/v2\/pages\/9236\/revisions\/9355"}],"wp:attachment":[{"href":"https:\/\/atauni.edu.tr\/ogretme-ve-ogrenmeyi-gelistirme-uygulama-ve-arastirma-merkezi\/wp-json\/wp\/v2\/media?parent=9236"}],"curies":[{"name":"wp","href":"https:\/\/api.w.org\/{rel}","templated":true}]}}