{"id":9244,"date":"2026-02-08T15:11:51","date_gmt":"2026-02-08T12:11:51","guid":{"rendered":"https:\/\/birimler.atauni.edu.tr\/ogretme-ve-ogrenmeyi-gelistirme-uygulama-ve-arastirma-merkezi\/?page_id=9244"},"modified":"2026-03-09T20:00:56","modified_gmt":"2026-03-09T17:00:56","slug":"notebooklm","status":"publish","type":"page","link":"https:\/\/atauni.edu.tr\/ogretme-ve-ogrenmeyi-gelistirme-uygulama-ve-arastirma-merkezi\/notebooklm\/","title":{"rendered":"NotebookLM"},"content":{"rendered":"\t\t<div data-elementor-type=\"wp-page\" data-elementor-id=\"9244\" class=\"elementor elementor-9244\" data-elementor-post-type=\"page\">\n\t\t\t\t\t\t<section class=\"elementor-section elementor-top-section elementor-element elementor-element-3cb7a8b elementor-section-boxed elementor-section-height-default elementor-section-height-default\" data-id=\"3cb7a8b\" data-element_type=\"section\">\n\t\t\t\t\t\t<div class=\"elementor-container elementor-column-gap-default\">\n\t\t\t\t\t<div class=\"elementor-column elementor-col-100 elementor-top-column elementor-element elementor-element-57c8fd6\" data-id=\"57c8fd6\" data-element_type=\"column\">\n\t\t\t<div class=\"elementor-widget-wrap elementor-element-populated\">\n\t\t\t\t\t\t<div class=\"elementor-element elementor-element-05b9c63 elementor-widget elementor-widget-image\" data-id=\"05b9c63\" data-element_type=\"widget\" data-widget_type=\"image.default\">\n\t\t\t\t<div class=\"elementor-widget-container\">\n\t\t\t\t\t\t\t\t\t\t\t\t\t\t\t<img fetchpriority=\"high\" decoding=\"async\" width=\"300\" height=\"168\" src=\"https:\/\/atauni.edu.tr\/ogretme-ve-ogrenmeyi-gelistirme-uygulama-ve-arastirma-merkezi\/wp-content\/uploads\/sites\/817\/2026\/02\/download-11.png\" class=\"attachment-2048x2048 size-2048x2048 wp-image-9138\" alt=\"\" \/>\t\t\t\t\t\t\t\t\t\t\t\t\t\t\t<\/div>\n\t\t\t\t<\/div>\n\t\t\t\t\t<\/div>\n\t\t<\/div>\n\t\t\t\t\t<\/div>\n\t\t<\/section>\n\t\t\t\t<section class=\"elementor-section elementor-top-section elementor-element elementor-element-4acfa9e elementor-section-boxed elementor-section-height-default elementor-section-height-default\" data-id=\"4acfa9e\" data-element_type=\"section\">\n\t\t\t\t\t\t<div class=\"elementor-container elementor-column-gap-default\">\n\t\t\t\t\t<div class=\"elementor-column elementor-col-66 elementor-top-column elementor-element elementor-element-d120a86\" data-id=\"d120a86\" data-element_type=\"column\">\n\t\t\t<div class=\"elementor-widget-wrap elementor-element-populated\">\n\t\t\t\t\t\t<div class=\"elementor-element elementor-element-617a52a elementor-widget elementor-widget-text-editor\" data-id=\"617a52a\" data-element_type=\"widget\" data-widget_type=\"text-editor.default\">\n\t\t\t\t<div class=\"elementor-widget-container\">\n\t\t\t\t\t\t\t\t\t<h2>NotebookLM Nedir ve Neden \u00d6nemlidir?<\/h2><p>NotebookLM, Google taraf\u0131ndan geli\u015ftirilen ve sizin y\u00fckledi\u011finiz belgeleri temel alarak \u00e7al\u0131\u015fan kaynak odakl\u0131 bir yapay zeka asistan\u0131d\u0131r. En b\u00fcy\u00fck fark\u0131 internetteki genel bilgiler yerine sadece sizin sa\u011flad\u0131\u011f\u0131n\u0131z g\u00fcvenilir kaynaklar\u0131 kullanmas\u0131d\u0131r. Ayr\u0131ca ders notlar\u0131n\u0131 iki yapay zeka sunucusunun tart\u0131\u015ft\u0131\u011f\u0131 e\u011flenceli bir sesli sohbete d\u00f6n\u00fc\u015ft\u00fcren sesli \u00f6zet \u00f6zelli\u011fiyle \u00f6\u011frenme deneyimini tamamen de\u011fi\u015ftirir.<\/p><h3>E\u011fitimde Kullan\u0131m Alanlar\u0131<\/h3><p>E\u011fitimciler ve \u00f6\u011frenciler i\u00e7in NotebookLM, ki\u015fisel bir ara\u015ft\u0131rma k\u00fct\u00fcphanecisi gibi \u00e7al\u0131\u015f\u0131r. Da\u011f\u0131n\u0131k duran PDF dosyalar\u0131n\u0131, Google Slaytlar\u0131 veya metin dosyalar\u0131n\u0131 tek bir merkezde toplayarak bunlar aras\u0131nda ba\u011flant\u0131 kurman\u0131z\u0131 sa\u011flar. \u00d6zellikle s\u0131nav d\u00f6nemlerinde notlar\u0131 organize etmek veya literat\u00fcr taramas\u0131 yaparken kaynaklar aras\u0131 sentez olu\u015fturmak i\u00e7in idealdir.<\/p><h3>\u00d6\u011frenciler \u0130\u00e7in<\/h3><p>\u00d6\u011frenciler bu arac\u0131 s\u0131nav d\u00f6nemlerinde hayat kurtar\u0131c\u0131 bir \u00e7al\u0131\u015fma arkada\u015f\u0131 olarak kullanabilir. Okumaya vaktiniz olmayan uzun makaleleri sisteme y\u00fckleyip yolda y\u00fcr\u00fcrken dinleyebilece\u011finiz bir podcast format\u0131na \u00e7evirebilirsiniz. T\u00fcm d\u00f6nem boyunca ald\u0131\u011f\u0131n\u0131z notlar\u0131 y\u00fckleyerek sadece bu kaynaklara dayal\u0131 bir deneme s\u0131nav\u0131 haz\u0131rlatabilir veya hocan\u0131z\u0131n slaytlar\u0131 ile ders kitab\u0131 aras\u0131ndaki ba\u011flant\u0131lar\u0131 sormak i\u00e7in kullanabilirsiniz.<\/p><h3>\u00d6nemli Akademik Uyar\u0131<\/h3><p>NotebookLM kapal\u0131 bir kutu gibidir; sadece i\u00e7ine att\u0131\u011f\u0131n\u0131z bilgiyi bilir. E\u011fer y\u00fckledi\u011finiz ders notunda bir hata varsa yapay zeka da o hatay\u0131 do\u011fru kabul eder. D\u0131\u015f d\u00fcnyadan bilgi getirmez, bu y\u00fczden genel k\u00fclt\u00fcr sorular\u0131 i\u00e7in de\u011fil spesifik belge analizi i\u00e7in kullanmal\u0131s\u0131n\u0131z.<\/p><h3>Nas\u0131l Eri\u015filir?<\/h3><p><a href=\"https:\/\/notebooklm.google.com\/\" target=\"_blank\" rel=\"noopener\">https:\/\/notebooklm.google.com<\/a>\u00a0adresi \u00fczerinden Google hesab\u0131n\u0131zla \u00fccretsiz giri\u015f yap\u0131p hemen yeni bir not defteri olu\u015fturarak belgelerinizi y\u00fckleyebilirsiniz.<\/p><p><!-- NotebookLM \u0130\u00e7erik Biti\u015fi --><\/p>\t\t\t\t\t\t\t\t<\/div>\n\t\t\t\t<\/div>\n\t\t\t\t\t<\/div>\n\t\t<\/div>\n\t\t\t\t<div class=\"elementor-column elementor-col-33 elementor-top-column elementor-element elementor-element-286fb35\" data-id=\"286fb35\" data-element_type=\"column\">\n\t\t\t<div class=\"elementor-widget-wrap elementor-element-populated\">\n\t\t\t\t\t\t<div class=\"elementor-element elementor-element-c460f61 elementor-absolute elementor-widget elementor-widget-video\" data-id=\"c460f61\" data-element_type=\"widget\" data-settings=\"{&quot;youtube_url&quot;:&quot;https:\\\/\\\/www.youtube.com\\\/shorts\\\/dWizMFnzj28?feature=share&quot;,&quot;_position&quot;:&quot;absolute&quot;,&quot;video_type&quot;:&quot;youtube&quot;,&quot;controls&quot;:&quot;yes&quot;}\" data-widget_type=\"video.default\">\n\t\t\t\t<div class=\"elementor-widget-container\">\n\t\t\t\t\t\t\t<div class=\"elementor-wrapper elementor-open-inline\">\n\t\t\t<div class=\"elementor-video\"><\/div>\t\t<\/div>\n\t\t\t\t\t\t<\/div>\n\t\t\t\t<\/div>\n\t\t\t\t\t<\/div>\n\t\t<\/div>\n\t\t\t\t\t<\/div>\n\t\t<\/section>\n\t\t\t\t<section class=\"elementor-section elementor-top-section elementor-element elementor-element-9664b7e elementor-section-boxed elementor-section-height-default elementor-section-height-default\" data-id=\"9664b7e\" data-element_type=\"section\">\n\t\t\t\t\t\t<div class=\"elementor-container elementor-column-gap-default\">\n\t\t\t\t\t<div class=\"elementor-column elementor-col-100 elementor-top-column elementor-element elementor-element-593d74d\" data-id=\"593d74d\" data-element_type=\"column\">\n\t\t\t<div class=\"elementor-widget-wrap elementor-element-populated\">\n\t\t\t\t\t\t<div class=\"elementor-element elementor-element-54953fc elementor-widget elementor-widget-text-editor\" data-id=\"54953fc\" data-element_type=\"widget\" data-widget_type=\"text-editor.default\">\n\t\t\t\t<div class=\"elementor-widget-container\">\n\t\t\t\t\t\t\t\t\t<h3><span style=\"font-size: 1.75rem;letter-spacing: 0px\">Akademisyenler \u0130\u00e7in: Kaynak Odakl\u0131 Analiz<\/span><\/h3><p>Akademik d\u00fcnyada bilgi kirlili\u011finden ar\u0131nm\u0131\u015f, sadece belirledi\u011finiz kaynaklara sad\u0131k kalan bir asistanla \u00e7al\u0131\u015fmak b\u00fcy\u00fck konfordur. NotebookLM bu g\u00fcvenli alan\u0131 sa\u011flar. \u0130\u015fte kullanabilece\u011finiz baz\u0131 senaryolar:<\/p><h6>\u00c7oklu Kaynak Sentezi<\/h6><p>Birden fazla makaleyi hal\u00fcsinasyon riski olmadan sentezlemek i\u00e7in \u015fu komutu kullanabilirsiniz:<\/p><blockquote><p>Y\u00fckledi\u011fim bu 5 farkl\u0131 makaleyi analiz et. Yazarlar\u0131n kulland\u0131\u011f\u0131 ara\u015ft\u0131rma y\u00f6ntemlerini ve ula\u015ft\u0131klar\u0131 temel bulgular\u0131 kar\u015f\u0131la\u015ft\u0131rmal\u0131 bir tablo halinde sun. \u00c7al\u0131\u015fmalar aras\u0131ndaki ortak temalar\u0131 belirle.<\/p><\/blockquote><h6>Ders Materyali Seslendirme<\/h6><p>Okuma listelerini veya ders notlar\u0131n\u0131 dinlenebilir bir podcast format\u0131na \u00e7evirmek i\u00e7in sesli \u00f6zet \u00f6zelli\u011fini kullanabilirsiniz. Olu\u015fturulan ses kayd\u0131n\u0131 indirerek \u00f6\u011frencilere derse haz\u0131rl\u0131k materyali olarak sunabilirsiniz.<\/p><h6>Proje ve Hibe Ba\u015fvurusu Uyumlulu\u011fu<\/h6><p>Proje tasla\u011f\u0131n\u0131z\u0131 ba\u015fvuru rehberine g\u00f6re denetlemek i\u00e7in \u015fu y\u00f6ntemi deneyebilirsiniz:<\/p><blockquote><p>Y\u00fckledi\u011fim T\u00dcB\u0130TAK ba\u015fvuru rehberi ile benim yazd\u0131\u011f\u0131m proje \u00f6nerisi tasla\u011f\u0131n\u0131 kar\u015f\u0131la\u015ft\u0131r. \u00d6nerimin rehberde belirtilen format, b\u00fct\u00e7e s\u0131n\u0131rlar\u0131 ve zorunlu ba\u015fl\u0131klara tam olarak uyup uymad\u0131\u011f\u0131n\u0131 madde madde kontrol et.<\/p><\/blockquote><h6>Kitap Tabanl\u0131 Ders \u0130zlencesi<\/h6><p>Ders kitab\u0131n\u0131 sisteme y\u00fckleyerek haftal\u0131k plan \u00e7\u0131karmak i\u00e7in \u015fu komut etkilidir:<\/p><blockquote><p>Y\u00fckledi\u011fim ders kitab\u0131n\u0131n tamam\u0131n\u0131 tara. Kitab\u0131n mant\u0131ksal ak\u0131\u015f\u0131na uygun olarak 14 haftal\u0131k bir ders izlencesi haz\u0131rla. Her hafta i\u00e7in kitab\u0131n hangi b\u00f6l\u00fcmlerinin okunmas\u0131 gerekti\u011fini ve o haftan\u0131n \u00f6\u011frenme kazan\u0131m\u0131n\u0131 listele.<\/p><\/blockquote><h6>\u00d6rnek Prompt K\u00fct\u00fcphanesi<\/h6><p>S\u0131navlara haz\u0131rlan\u0131rken elinizdeki t\u00fcm materyalleri tek bir \u00f6zet haline getirmek istiyorsan\u0131z \u015fu komutu kullanabilirsiniz:<\/p><blockquote><p>Y\u00fckledi\u011fim t\u00fcm bu kaynaklar\u0131 tarayarak vize s\u0131nav\u0131na haz\u0131rl\u0131k i\u00e7in maddeler halinde kapsaml\u0131 bir \u00e7al\u0131\u015fma rehberi olu\u015ftur. En s\u0131k ge\u00e7en anahtar kavramlar\u0131 ve tan\u0131mlar\u0131n\u0131 bir s\u00f6zl\u00fck gibi listele.<\/p><\/blockquote>\t\t\t\t\t\t\t\t<\/div>\n\t\t\t\t<\/div>\n\t\t\t\t\t<\/div>\n\t\t<\/div>\n\t\t\t\t\t<\/div>\n\t\t<\/section>\n\t\t\t\t<section class=\"elementor-section elementor-top-section elementor-element elementor-element-7b08e4a elementor-section-boxed elementor-section-height-default elementor-section-height-default\" data-id=\"7b08e4a\" data-element_type=\"section\">\n\t\t\t\t\t\t<div class=\"elementor-container elementor-column-gap-default\">\n\t\t\t\t\t<div class=\"elementor-column elementor-col-100 elementor-top-column elementor-element elementor-element-e1a7ff7\" data-id=\"e1a7ff7\" data-element_type=\"column\">\n\t\t\t<div class=\"elementor-widget-wrap elementor-element-populated\">\n\t\t\t\t\t\t<div class=\"elementor-element elementor-element-e7487c2 elementor-widget elementor-widget-video\" data-id=\"e7487c2\" data-element_type=\"widget\" data-settings=\"{&quot;youtube_url&quot;:&quot;https:\\\/\\\/youtu.be\\\/WcEcXycN_FY?si=hdSNPvMUN2dIUMuY&quot;,&quot;video_type&quot;:&quot;youtube&quot;,&quot;controls&quot;:&quot;yes&quot;}\" data-widget_type=\"video.default\">\n\t\t\t\t<div class=\"elementor-widget-container\">\n\t\t\t\t\t\t\t<div class=\"elementor-wrapper elementor-open-inline\">\n\t\t\t<div class=\"elementor-video\"><\/div>\t\t<\/div>\n\t\t\t\t\t\t<\/div>\n\t\t\t\t<\/div>\n\t\t\t\t\t<\/div>\n\t\t<\/div>\n\t\t\t\t\t<\/div>\n\t\t<\/section>\n\t\t\t\t<\/div>\n\t\t","protected":false},"excerpt":{"rendered":"<p>NotebookLM Nedir ve Neden \u00d6nemlidir? NotebookLM, Google taraf\u0131ndan geli\u015ftirilen ve sizin y\u00fckledi\u011finiz belgeleri temel alarak \u00e7al\u0131\u015fan kaynak odakl\u0131 bir yapay zeka asistan\u0131d\u0131r. En b\u00fcy\u00fck fark\u0131 internetteki genel bilgiler yerine sadece sizin sa\u011flad\u0131\u011f\u0131n\u0131z g\u00fcvenilir kaynaklar\u0131 kullanmas\u0131d\u0131r. Ayr\u0131ca ders notlar\u0131n\u0131 iki yapay zeka sunucusunun tart\u0131\u015ft\u0131\u011f\u0131 e\u011flenceli bir sesli sohbete d\u00f6n\u00fc\u015ft\u00fcren sesli \u00f6zet \u00f6zelli\u011fiyle \u00f6\u011frenme deneyimini tamamen de\u011fi\u015ftirir. [&hellip;]<\/p>\n","protected":false},"author":666,"featured_media":0,"parent":0,"menu_order":0,"comment_status":"closed","ping_status":"closed","template":"","meta":{"footnotes":""},"class_list":["post-9244","page","type-page","status-publish","hentry"],"_links":{"self":[{"href":"https:\/\/atauni.edu.tr\/ogretme-ve-ogrenmeyi-gelistirme-uygulama-ve-arastirma-merkezi\/wp-json\/wp\/v2\/pages\/9244","targetHints":{"allow":["GET"]}}],"collection":[{"href":"https:\/\/atauni.edu.tr\/ogretme-ve-ogrenmeyi-gelistirme-uygulama-ve-arastirma-merkezi\/wp-json\/wp\/v2\/pages"}],"about":[{"href":"https:\/\/atauni.edu.tr\/ogretme-ve-ogrenmeyi-gelistirme-uygulama-ve-arastirma-merkezi\/wp-json\/wp\/v2\/types\/page"}],"author":[{"embeddable":true,"href":"https:\/\/atauni.edu.tr\/ogretme-ve-ogrenmeyi-gelistirme-uygulama-ve-arastirma-merkezi\/wp-json\/wp\/v2\/users\/666"}],"replies":[{"embeddable":true,"href":"https:\/\/atauni.edu.tr\/ogretme-ve-ogrenmeyi-gelistirme-uygulama-ve-arastirma-merkezi\/wp-json\/wp\/v2\/comments?post=9244"}],"version-history":[{"count":22,"href":"https:\/\/atauni.edu.tr\/ogretme-ve-ogrenmeyi-gelistirme-uygulama-ve-arastirma-merkezi\/wp-json\/wp\/v2\/pages\/9244\/revisions"}],"predecessor-version":[{"id":9583,"href":"https:\/\/atauni.edu.tr\/ogretme-ve-ogrenmeyi-gelistirme-uygulama-ve-arastirma-merkezi\/wp-json\/wp\/v2\/pages\/9244\/revisions\/9583"}],"wp:attachment":[{"href":"https:\/\/atauni.edu.tr\/ogretme-ve-ogrenmeyi-gelistirme-uygulama-ve-arastirma-merkezi\/wp-json\/wp\/v2\/media?parent=9244"}],"curies":[{"name":"wp","href":"https:\/\/api.w.org\/{rel}","templated":true}]}}