{"id":9258,"date":"2026-02-08T15:16:34","date_gmt":"2026-02-08T12:16:34","guid":{"rendered":"https:\/\/birimler.atauni.edu.tr\/ogretme-ve-ogrenmeyi-gelistirme-uygulama-ve-arastirma-merkezi\/?page_id=9258"},"modified":"2026-02-20T14:02:44","modified_gmt":"2026-02-20T11:02:44","slug":"grok","status":"publish","type":"page","link":"https:\/\/atauni.edu.tr\/ogretme-ve-ogrenmeyi-gelistirme-uygulama-ve-arastirma-merkezi\/grok\/","title":{"rendered":"Grok"},"content":{"rendered":"\t\t<div data-elementor-type=\"wp-page\" data-elementor-id=\"9258\" class=\"elementor elementor-9258\" data-elementor-post-type=\"page\">\n\t\t\t\t\t\t<section class=\"elementor-section elementor-top-section elementor-element elementor-element-01abcab elementor-section-boxed elementor-section-height-default elementor-section-height-default\" data-id=\"01abcab\" data-element_type=\"section\">\n\t\t\t\t\t\t<div class=\"elementor-container elementor-column-gap-default\">\n\t\t\t\t\t<div class=\"elementor-column elementor-col-100 elementor-top-column elementor-element elementor-element-edc7f98\" data-id=\"edc7f98\" data-element_type=\"column\">\n\t\t\t<div class=\"elementor-widget-wrap elementor-element-populated\">\n\t\t\t\t\t\t<div class=\"elementor-element elementor-element-c4ee64e elementor-widget elementor-widget-image\" data-id=\"c4ee64e\" data-element_type=\"widget\" data-widget_type=\"image.default\">\n\t\t\t\t<div class=\"elementor-widget-container\">\n\t\t\t\t\t\t\t\t\t\t\t\t\t\t\t<img fetchpriority=\"high\" decoding=\"async\" width=\"300\" height=\"168\" src=\"https:\/\/atauni.edu.tr\/ogretme-ve-ogrenmeyi-gelistirme-uygulama-ve-arastirma-merkezi\/wp-content\/uploads\/sites\/817\/2026\/02\/download-12.png\" class=\"attachment-2048x2048 size-2048x2048 wp-image-9139\" alt=\"\" \/>\t\t\t\t\t\t\t\t\t\t\t\t\t\t\t<\/div>\n\t\t\t\t<\/div>\n\t\t\t\t<div class=\"elementor-element elementor-element-6759d0e elementor-widget elementor-widget-text-editor\" data-id=\"6759d0e\" data-element_type=\"widget\" data-widget_type=\"text-editor.default\">\n\t\t\t\t<div class=\"elementor-widget-container\">\n\t\t\t\t\t\t\t\t\t<h2>Grok Nedir ve Neden \u00d6nemlidir?<\/h2>\n<p>Grok, Elon Musk&#8217;\u0131n yapay zeka \u015firketi xAI taraf\u0131ndan geli\u015ftirilen ve rakiplerinden \u00e7ok farkl\u0131 bir karaktere sahip olan yeni nesil bir asistand\u0131r. Onu di\u011fer modellerden ay\u0131ran en keskin \u00f6zelli\u011fi X platformundaki verilere ger\u00e7ek zamanl\u0131 eri\u015febilmesidir. Yani d\u00fcnyada olup bitenleri, son dakika haberlerini ve bilimsel tart\u0131\u015fmalar\u0131 anl\u0131k olarak takip edebilir. Ayr\u0131ca e\u011flenceli mod se\u00e7ene\u011fiyle klasik yapay zeka asistanlar\u0131n\u0131n o ciddi ve resmi havas\u0131ndan s\u0131yr\u0131larak daha mizahi, i\u011fneleyici ve asi bir dille yan\u0131t verebilir.<\/p>\n<h3>E\u011fitimde Kullan\u0131m Alanlar\u0131<\/h3>\n<p>E\u011fitimciler ve \u00f6\u011frenciler i\u00e7in Grok, steril bir k\u00fct\u00fcphaneciden ziyade soka\u011f\u0131n nabz\u0131n\u0131 tutan bir muhabir gibidir. Toplumsal trendleri yakalamak, bir konunun halk aras\u0131ndaki yans\u0131mas\u0131n\u0131 g\u00f6rmek veya kodlama projelerinde g\u00fcncel k\u00fct\u00fcphanelerle \u00e7al\u0131\u015fmak i\u00e7in idealdir. \u00d6zellikle sosyal bilimler alan\u0131nda \u00e7al\u0131\u015fanlar i\u00e7in anl\u0131k kamuoyu tepkisini \u00f6l\u00e7mek ad\u0131na e\u015fsiz bir veri madencisi g\u00f6revi g\u00f6r\u00fcr.<\/p>\n<h3>\u00d6\u011frenciler \u0130\u00e7in<\/h3>\n<p>\u00d6\u011frenciler bu teknolojiyi d\u00fcnyay\u0131 yakalamak ve s\u0131k\u0131c\u0131 konular\u0131 e\u011flenceli hale getirmek i\u00e7in kullanmal\u0131d\u0131r. \u00d6rne\u011fin, iklim de\u011fi\u015fikli\u011fi konusunda \u015fu an bilim d\u00fcnyas\u0131nda veya sosyal medyada en \u00e7ok tart\u0131\u015f\u0131lan ba\u015fl\u0131klar\u0131 sorarak g\u00fcndemi yakalayabilirsiniz. Fizik veya tarih gibi \u00e7al\u0131\u015fmas\u0131 zor dersleri bana stand-up yapan bir komedyen gibi anlat diyerek \u00f6\u011frenme s\u00fcrecini bir e\u011flenceye d\u00f6n\u00fc\u015ft\u00fcrebilirsiniz. Ayr\u0131ca Python ve modern yaz\u0131l\u0131m dillerindeki g\u00fcncel k\u00fct\u00fcphanelere hakimiyeti sayesinde kodlama \u00f6devlerinizde g\u00fc\u00e7l\u00fc bir destek\u00e7idir.<br><\/p><h3>\u00d6nemli Akademik Uyar\u0131<\/h3><p>Grok sosyal medya verilerinden beslendi\u011fi i\u00e7in dezenformasyon ve spek\u00fclasyon riski y\u00fcksektir. Sosyal medyadaki pop\u00fcler bir yalan\u0131 ger\u00e7ek sanabilir veya yanl\u0131 bir bak\u0131\u015f a\u00e7\u0131s\u0131 sunabilir. Bu nedenle akademik bir tez yazarken de\u011fil, sosyal trendleri anlamaya \u00e7al\u0131\u015f\u0131rken kullanmal\u0131 ve verdi\u011fi bilgileri mutlaka resmi kaynaklardan do\u011frulamal\u0131s\u0131n\u0131z.<\/p><h3>Nas\u0131l Eri\u015filir?<\/h3><p><a href=\"https:\/\/x.com\/\" target=\"_blank\" rel=\"noopener\">https:\/\/x.com<\/a>&nbsp;adresi \u00fczerinden X Premium aboneli\u011fi ile do\u011frudan eri\u015febilir ve platform i\u00e7inden kullanmaya ba\u015flayabilirsiniz.<\/p>\n<h3>Akademisyenler \u0130\u00e7in: Ger\u00e7ek Zamanl\u0131 Veri ve Trend Analizi<\/h3>\n<p>Akademik \u00e7al\u0131\u015fmalar\u0131n toplumsal aya\u011f\u0131n\u0131 g\u00fc\u00e7lendirmek ve dersleri g\u00fcncel tutmak i\u00e7in Grok g\u00fc\u00e7l\u00fc bir ara\u00e7t\u0131r. \u0130\u015fte kullanabilece\u011finiz baz\u0131 senaryolar:<\/p>\n<h6>Sosyal Medya ve S\u00f6ylem Analizi<\/h6>\n<p>Toplumsal bir olaya veya bilimsel bir geli\u015fmeye y\u00f6nelik anl\u0131k kamuoyu tepkisini \u00f6l\u00e7mek i\u00e7in \u015fu komutu kullanabilirsiniz:<\/p>\n<blockquote>\n<p>X \u00fczerindeki son 24 saatlik verileri tarayarak Yapay Zeka D\u00fczenlemeleri konusundaki tart\u0131\u015fmalar\u0131 analiz et. Akademik camian\u0131n endi\u015feleri ile halk\u0131n endi\u015feleri aras\u0131ndaki temel farklar\u0131 maddeler halinde listele.<\/p>\n<\/blockquote>\n<h6>G\u00fcncel Olaylar\u0131n Derse Entegrasyonu<\/h6>\n<p>Ders materyallerinizi o sabah ger\u00e7ekle\u015fen bilimsel veya politik geli\u015fmelere g\u00f6re g\u00fcncellemek i\u00e7in \u015fu y\u00f6ntemi deneyebilirsiniz:<\/p>\n<blockquote>\n<p>Bu sabah finans d\u00fcnyas\u0131nda veya kripto piyasalar\u0131nda ya\u015fanan son dakika geli\u015fmelerini verilere dayanarak \u00f6zetle. Bu geli\u015fmeleri Makroekonomi dersimde g\u00fcncel bir vaka analizi olarak nas\u0131l kullanabilirim? 3 tart\u0131\u015fma sorusu \u00f6ner.<\/p>\n<\/blockquote>\n<h6>Kar\u015f\u0131t G\u00f6r\u00fc\u015f Sim\u00fclasyonu<\/h6>\n<p>Grok&#8217;un filtresiz yap\u0131s\u0131n\u0131 kullanarak tezinizi veya arg\u00fcman\u0131n\u0131z\u0131 sert bir \u015fekilde ele\u015ftirtmek i\u00e7in \u015fu komut etkilidir:<\/p>\n<blockquote>\n<p>A\u015fa\u011f\u0131daki akademik arg\u00fcman\u0131m\u0131 oku ve \u015eeytan\u0131n Avukat\u0131 rol\u00fcn\u00fc oyna. Politik do\u011fruculu\u011fu bir kenara b\u0131rak ve bu tezin zay\u0131f noktalar\u0131na ac\u0131mas\u0131zca sald\u0131r. Hangi varsay\u0131mlar\u0131m hatal\u0131 olabilir?<\/p>\n<\/blockquote>\n<h6>Python Kodlama ve Veri \u0130\u015fleme<\/h6>\n<p>Ara\u015ft\u0131rma verilerinizi i\u015flemek i\u00e7in ileri d\u00fczey kod bloklar\u0131 yazd\u0131rmak isterseniz \u015fu komutu kullanabilirsiniz:<\/p>\n<blockquote>\n<p>Elimdeki ham metin verilerini i\u015flemek ve duygu analizi yapmak i\u00e7in bana optimize edilmi\u015f bir Python kodu yaz. Kodun i\u00e7ine veriyi g\u00f6rselle\u015ftirmek i\u00e7in gerekli k\u00fct\u00fcphaneleri de ekle.<\/p>\n<\/blockquote>\n<h6>\u00d6rnek Prompt K\u00fct\u00fcphanesi<\/h6>\n<p>S\u0131k\u0131c\u0131 bir teorik konuyu ak\u0131lda kal\u0131c\u0131 ve mizahi bir dille \u00f6\u011frenmek istiyorsan\u0131z \u015fu komutu kullanabilirsiniz:<\/p>\n<blockquote>\n<p>Bana Termodinami\u011fin 2. Yasas\u0131&#8217;n\u0131 anlat ama \u00e7ok resmi olma. Biraz i\u011fneleyici ve esprili bir dil kullan, g\u00fcnl\u00fck hayattan komik \u00f6rnekler ver.<\/p><\/blockquote>\n<p><!-- Grok \u0130\u00e7erik Biti\u015fi --><\/p>\t\t\t\t\t\t\t\t<\/div>\n\t\t\t\t<\/div>\n\t\t\t\t<div class=\"elementor-element elementor-element-1981588 elementor-widget elementor-widget-button\" data-id=\"1981588\" data-element_type=\"widget\" data-widget_type=\"button.default\">\n\t\t\t\t<div class=\"elementor-widget-container\">\n\t\t\t\t\t\t\t\t\t<div class=\"elementor-button-wrapper\">\n\t\t\t\t\t<a class=\"elementor-button elementor-button-link elementor-size-sm\" href=\"http:\/\/grok.com\" target=\"_blank\">\n\t\t\t\t\t\t<span class=\"elementor-button-content-wrapper\">\n\t\t\t\t\t\t\t\t\t<span class=\"elementor-button-text\">Buraya t\u0131kla<\/span>\n\t\t\t\t\t<\/span>\n\t\t\t\t\t<\/a>\n\t\t\t\t<\/div>\n\t\t\t\t\t\t\t\t<\/div>\n\t\t\t\t<\/div>\n\t\t\t\t\t<\/div>\n\t\t<\/div>\n\t\t\t\t\t<\/div>\n\t\t<\/section>\n\t\t\t\t<\/div>\n\t\t","protected":false},"excerpt":{"rendered":"<p>Grok Nedir ve Neden \u00d6nemlidir? Grok, Elon Musk&#8217;\u0131n yapay zeka \u015firketi xAI taraf\u0131ndan geli\u015ftirilen ve rakiplerinden \u00e7ok farkl\u0131 bir karaktere sahip olan yeni nesil bir asistand\u0131r. Onu di\u011fer modellerden ay\u0131ran en keskin \u00f6zelli\u011fi X platformundaki verilere ger\u00e7ek zamanl\u0131 eri\u015febilmesidir. Yani d\u00fcnyada olup bitenleri, son dakika haberlerini ve bilimsel tart\u0131\u015fmalar\u0131 anl\u0131k olarak takip edebilir. Ayr\u0131ca e\u011flenceli [&hellip;]<\/p>\n","protected":false},"author":666,"featured_media":0,"parent":0,"menu_order":0,"comment_status":"closed","ping_status":"closed","template":"","meta":{"footnotes":""},"class_list":["post-9258","page","type-page","status-publish","hentry"],"_links":{"self":[{"href":"https:\/\/atauni.edu.tr\/ogretme-ve-ogrenmeyi-gelistirme-uygulama-ve-arastirma-merkezi\/wp-json\/wp\/v2\/pages\/9258","targetHints":{"allow":["GET"]}}],"collection":[{"href":"https:\/\/atauni.edu.tr\/ogretme-ve-ogrenmeyi-gelistirme-uygulama-ve-arastirma-merkezi\/wp-json\/wp\/v2\/pages"}],"about":[{"href":"https:\/\/atauni.edu.tr\/ogretme-ve-ogrenmeyi-gelistirme-uygulama-ve-arastirma-merkezi\/wp-json\/wp\/v2\/types\/page"}],"author":[{"embeddable":true,"href":"https:\/\/atauni.edu.tr\/ogretme-ve-ogrenmeyi-gelistirme-uygulama-ve-arastirma-merkezi\/wp-json\/wp\/v2\/users\/666"}],"replies":[{"embeddable":true,"href":"https:\/\/atauni.edu.tr\/ogretme-ve-ogrenmeyi-gelistirme-uygulama-ve-arastirma-merkezi\/wp-json\/wp\/v2\/comments?post=9258"}],"version-history":[{"count":13,"href":"https:\/\/atauni.edu.tr\/ogretme-ve-ogrenmeyi-gelistirme-uygulama-ve-arastirma-merkezi\/wp-json\/wp\/v2\/pages\/9258\/revisions"}],"predecessor-version":[{"id":9361,"href":"https:\/\/atauni.edu.tr\/ogretme-ve-ogrenmeyi-gelistirme-uygulama-ve-arastirma-merkezi\/wp-json\/wp\/v2\/pages\/9258\/revisions\/9361"}],"wp:attachment":[{"href":"https:\/\/atauni.edu.tr\/ogretme-ve-ogrenmeyi-gelistirme-uygulama-ve-arastirma-merkezi\/wp-json\/wp\/v2\/media?parent=9258"}],"curies":[{"name":"wp","href":"https:\/\/api.w.org\/{rel}","templated":true}]}}