{"id":9568,"date":"2026-03-09T19:41:03","date_gmt":"2026-03-09T16:41:03","guid":{"rendered":"https:\/\/atauni.edu.tr\/ogretme-ve-ogrenmeyi-gelistirme-uygulama-ve-arastirma-merkezi\/?page_id=9568"},"modified":"2026-03-09T19:44:37","modified_gmt":"2026-03-09T16:44:37","slug":"notebooklm-ile-icerik-gelistirme-egitimi","status":"publish","type":"page","link":"https:\/\/atauni.edu.tr\/ogretme-ve-ogrenmeyi-gelistirme-uygulama-ve-arastirma-merkezi\/notebooklm-ile-icerik-gelistirme-egitimi\/","title":{"rendered":"NotebookLM ile \u0130\u00e7erik Geli\u015ftirme E\u011fitimi"},"content":{"rendered":"\t\t<div data-elementor-type=\"wp-page\" data-elementor-id=\"9568\" class=\"elementor elementor-9568\" data-elementor-post-type=\"page\">\n\t\t\t\t\t\t<section class=\"elementor-section elementor-top-section elementor-element elementor-element-6f33bbb elementor-section-boxed elementor-section-height-default elementor-section-height-default\" data-id=\"6f33bbb\" data-element_type=\"section\">\n\t\t\t\t\t\t<div class=\"elementor-container elementor-column-gap-default\">\n\t\t\t\t\t<div class=\"elementor-column elementor-col-100 elementor-top-column elementor-element elementor-element-bf1dde5\" data-id=\"bf1dde5\" data-element_type=\"column\">\n\t\t\t<div class=\"elementor-widget-wrap elementor-element-populated\">\n\t\t\t\t\t\t<div class=\"elementor-element elementor-element-0696b93 elementor-widget elementor-widget-text-editor\" data-id=\"0696b93\" data-element_type=\"widget\" data-widget_type=\"text-editor.default\">\n\t\t\t\t<div class=\"elementor-widget-container\">\n\t\t\t\t\t\t\t\t\t<p data-path-to-node=\"2\">Atat\u00fcrk \u00dcniversitesi \u00d6\u011fretme ve \u00d6\u011frenmeyi Geli\u015ftirme Uygulama ve Ara\u015ft\u0131rma Merkezi (\u00d6GEM) olarak d\u00fczenledi\u011fimiz \u201cE\u011fitim ve \u00d6\u011fretimde \u00dcretken Yapay Zek\u00e2 Ara\u00e7lar\u0131\u201d serisinin ilk oturumunu yo\u011fun bir kat\u0131l\u0131mla ve ba\u015far\u0131yla tamamlad\u0131k.<\/p><p data-path-to-node=\"3\">Prof. Dr. Ceyhun OZAN\u2019\u0131n anlat\u0131m\u0131yla ger\u00e7ekle\u015fen bu uygulamal\u0131 e\u011fitimde; yapay zek\u00e2 destekli ara\u015ft\u0131rma ve i\u00e7erik asistan\u0131 <b data-path-to-node=\"3\" data-index-in-node=\"122\">NotebookLM<\/b> kullanarak ders materyallerinin nas\u0131l daha etkile\u015fimli, profesyonel ve yenilik\u00e7i sunumlara d\u00f6n\u00fc\u015ft\u00fcr\u00fclebilece\u011fini detayl\u0131ca ele ald\u0131k.<\/p><p data-path-to-node=\"4\">Canl\u0131 yay\u0131n\u0131m\u0131z\u0131 ka\u00e7\u0131ranlar veya bu de\u011ferli i\u00e7eri\u011fi tekrar izleyerek kendi \u00e7al\u0131\u015fmalar\u0131na entegre etmek isteyenler i\u00e7in e\u011fitimimizin tam kayd\u0131n\u0131 eri\u015fime a\u00e7t\u0131k.<\/p><h5><b data-path-to-node=\"5\" data-index-in-node=\"0\">Bu E\u011fitim Videosunda Neler Bulacaks\u0131n\u0131z?<\/b><\/h5><ul data-path-to-node=\"6\"><li><p data-path-to-node=\"6,0,0\">NotebookLM&#8217;in temel \u00e7al\u0131\u015fma mant\u0131\u011f\u0131 ve akademik \u00e7al\u0131\u015fmalara entegrasyonu<\/p><\/li><li><p data-path-to-node=\"6,1,0\">Karma\u015f\u0131k ders materyallerini ve ara\u015ft\u0131rma notlar\u0131n\u0131 analiz etme y\u00f6ntemleri<\/p><\/li><li><p data-path-to-node=\"6,2,0\">Yapay zek\u00e2 deste\u011fiyle profesyonel ve yenilik\u00e7i sunum i\u00e7erikleri haz\u0131rlama teknikleri<\/p><\/li><\/ul><p data-path-to-node=\"7\">Gelece\u011fin e\u011fitim teknolojilerini ke\u015ffetmek ve i\u00e7erik geli\u015ftirme s\u00fcre\u00e7lerinize yeni bir boyut kazand\u0131rmak i\u00e7in e\u011fitim kayd\u0131m\u0131z\u0131 a\u015fa\u011f\u0131dan izleyebilirsiniz. \u0130yi seyirler dileriz!<\/p>\t\t\t\t\t\t\t\t<\/div>\n\t\t\t\t<\/div>\n\t\t\t\t\t<\/div>\n\t\t<\/div>\n\t\t\t\t\t<\/div>\n\t\t<\/section>\n\t\t\t\t<section class=\"elementor-section elementor-top-section elementor-element elementor-element-e922ba2 elementor-section-boxed elementor-section-height-default elementor-section-height-default\" data-id=\"e922ba2\" data-element_type=\"section\">\n\t\t\t\t\t\t<div class=\"elementor-container elementor-column-gap-default\">\n\t\t\t\t\t<div class=\"elementor-column elementor-col-100 elementor-top-column elementor-element elementor-element-6cb7250\" data-id=\"6cb7250\" data-element_type=\"column\">\n\t\t\t<div class=\"elementor-widget-wrap elementor-element-populated\">\n\t\t\t\t\t\t<div class=\"elementor-element elementor-element-3eea093 elementor-widget elementor-widget-video\" data-id=\"3eea093\" data-element_type=\"widget\" data-settings=\"{&quot;youtube_url&quot;:&quot;https:\\\/\\\/youtu.be\\\/WcEcXycN_FY&quot;,&quot;video_type&quot;:&quot;youtube&quot;,&quot;controls&quot;:&quot;yes&quot;}\" data-widget_type=\"video.default\">\n\t\t\t\t<div class=\"elementor-widget-container\">\n\t\t\t\t\t\t\t<div class=\"elementor-wrapper elementor-open-inline\">\n\t\t\t<div class=\"elementor-video\"><\/div>\t\t<\/div>\n\t\t\t\t\t\t<\/div>\n\t\t\t\t<\/div>\n\t\t\t\t\t<\/div>\n\t\t<\/div>\n\t\t\t\t\t<\/div>\n\t\t<\/section>\n\t\t\t\t<\/div>\n\t\t","protected":false},"excerpt":{"rendered":"<p>Atat\u00fcrk \u00dcniversitesi \u00d6\u011fretme ve \u00d6\u011frenmeyi Geli\u015ftirme Uygulama ve Ara\u015ft\u0131rma Merkezi (\u00d6GEM) olarak d\u00fczenledi\u011fimiz \u201cE\u011fitim ve \u00d6\u011fretimde \u00dcretken Yapay Zek\u00e2 Ara\u00e7lar\u0131\u201d serisinin ilk oturumunu yo\u011fun bir kat\u0131l\u0131mla ve ba\u015far\u0131yla tamamlad\u0131k. Prof. Dr. Ceyhun OZAN\u2019\u0131n anlat\u0131m\u0131yla ger\u00e7ekle\u015fen bu uygulamal\u0131 e\u011fitimde; yapay zek\u00e2 destekli ara\u015ft\u0131rma ve i\u00e7erik asistan\u0131 NotebookLM kullanarak ders materyallerinin nas\u0131l daha etkile\u015fimli, profesyonel ve yenilik\u00e7i [&hellip;]<\/p>\n","protected":false},"author":666,"featured_media":0,"parent":0,"menu_order":0,"comment_status":"closed","ping_status":"closed","template":"","meta":{"footnotes":""},"class_list":["post-9568","page","type-page","status-publish","hentry"],"_links":{"self":[{"href":"https:\/\/atauni.edu.tr\/ogretme-ve-ogrenmeyi-gelistirme-uygulama-ve-arastirma-merkezi\/wp-json\/wp\/v2\/pages\/9568","targetHints":{"allow":["GET"]}}],"collection":[{"href":"https:\/\/atauni.edu.tr\/ogretme-ve-ogrenmeyi-gelistirme-uygulama-ve-arastirma-merkezi\/wp-json\/wp\/v2\/pages"}],"about":[{"href":"https:\/\/atauni.edu.tr\/ogretme-ve-ogrenmeyi-gelistirme-uygulama-ve-arastirma-merkezi\/wp-json\/wp\/v2\/types\/page"}],"author":[{"embeddable":true,"href":"https:\/\/atauni.edu.tr\/ogretme-ve-ogrenmeyi-gelistirme-uygulama-ve-arastirma-merkezi\/wp-json\/wp\/v2\/users\/666"}],"replies":[{"embeddable":true,"href":"https:\/\/atauni.edu.tr\/ogretme-ve-ogrenmeyi-gelistirme-uygulama-ve-arastirma-merkezi\/wp-json\/wp\/v2\/comments?post=9568"}],"version-history":[{"count":4,"href":"https:\/\/atauni.edu.tr\/ogretme-ve-ogrenmeyi-gelistirme-uygulama-ve-arastirma-merkezi\/wp-json\/wp\/v2\/pages\/9568\/revisions"}],"predecessor-version":[{"id":9572,"href":"https:\/\/atauni.edu.tr\/ogretme-ve-ogrenmeyi-gelistirme-uygulama-ve-arastirma-merkezi\/wp-json\/wp\/v2\/pages\/9568\/revisions\/9572"}],"wp:attachment":[{"href":"https:\/\/atauni.edu.tr\/ogretme-ve-ogrenmeyi-gelistirme-uygulama-ve-arastirma-merkezi\/wp-json\/wp\/v2\/media?parent=9568"}],"curies":[{"name":"wp","href":"https:\/\/api.w.org\/{rel}","templated":true}]}}