{"id":9640,"date":"2026-03-16T16:09:30","date_gmt":"2026-03-16T13:09:30","guid":{"rendered":"https:\/\/atauni.edu.tr\/ogretme-ve-ogrenmeyi-gelistirme-uygulama-ve-arastirma-merkezi\/?page_id=9640"},"modified":"2026-03-17T15:22:23","modified_gmt":"2026-03-17T12:22:23","slug":"dr-ogr-uyesi-abdulkerim-aydin-egitim-sayfasi","status":"publish","type":"page","link":"https:\/\/atauni.edu.tr\/ogretme-ve-ogrenmeyi-gelistirme-uygulama-ve-arastirma-merkezi\/dr-ogr-uyesi-abdulkerim-aydin-egitim-sayfasi\/","title":{"rendered":"Dr. \u00d6\u011fr. \u00dcyesi Abdulkerim Ayd\u0131n \u2013 E\u011fitim Sayfas\u0131"},"content":{"rendered":"\t\t<div data-elementor-type=\"wp-page\" data-elementor-id=\"9640\" class=\"elementor elementor-9640\" data-elementor-post-type=\"page\">\n\t\t\t\t\t\t<section class=\"elementor-section elementor-top-section elementor-element elementor-element-51af4ab elementor-section-boxed elementor-section-height-default elementor-section-height-default\" data-id=\"51af4ab\" data-element_type=\"section\">\n\t\t\t\t\t\t<div class=\"elementor-container elementor-column-gap-default\">\n\t\t\t\t\t<div class=\"elementor-column elementor-col-100 elementor-top-column elementor-element elementor-element-61cf8ee\" data-id=\"61cf8ee\" data-element_type=\"column\">\n\t\t\t<div class=\"elementor-widget-wrap elementor-element-populated\">\n\t\t\t\t\t\t<div class=\"elementor-element elementor-element-4f4021e elementor-widget elementor-widget-text-editor\" data-id=\"4f4021e\" data-element_type=\"widget\" data-widget_type=\"text-editor.default\">\n\t\t\t\t<div class=\"elementor-widget-container\">\n\t\t\t\t\t\t\t\t\t<main><\/main><article><header><h1>Ders Tasar\u0131m S\u00fcrecinde Teknoloji Kullan\u0131m\u0131 ve Yapay Zek\u00e2 Ara\u00e7lar\u0131yla Ders \u0130zlencesi Haz\u0131rlama<\/h1><p>Bu e\u011fitim program\u0131, \u00fcniversite \u00f6\u011fretim elemanlar\u0131n\u0131n ders tasar\u0131m s\u00fcrecinde teknoloji ve yapay zek\u00e2 ara\u00e7lar\u0131n\u0131<br \/>etkili bir \u015fekilde kullanabilmelerini desteklemek amac\u0131yla haz\u0131rlanm\u0131\u015ft\u0131r. E\u011fitim kapsam\u0131nda ders izlencesi<br \/>haz\u0131rlama, \u00f6\u011fretim tasar\u0131m\u0131, Web 2.0 ara\u00e7lar\u0131n\u0131n kullan\u0131m\u0131 ve yapay zek\u00e2 destekli \u00f6\u011fretim y\u00f6ntemleri ele al\u0131nmaktad\u0131r.<\/p><\/header><section><h2>Ders Tasar\u0131m S\u00fcrecinde Teknoloji Kullan\u0131m\u0131<\/h2><p>G\u00fcn\u00fcm\u00fczde y\u00fcksek\u00f6\u011fretimde etkili \u00f6\u011fretim s\u00fcre\u00e7leri tasarlamak i\u00e7in teknoloji destekli \u00f6\u011fretim y\u00f6ntemleri<br \/>b\u00fcy\u00fck \u00f6nem ta\u015f\u0131maktad\u0131r. Ders tasar\u0131m s\u00fcrecinde dijital ara\u00e7lar\u0131n kullan\u0131lmas\u0131, \u00f6\u011fretim elemanlar\u0131n\u0131n ders<br \/>planlar\u0131n\u0131 daha sistematik ve \u00f6\u011frenci merkezli bir \u015fekilde olu\u015fturmas\u0131na yard\u0131mc\u0131 olmaktad\u0131r.<\/p><p>Bu e\u011fitimde \u00f6\u011fretim elemanlar\u0131na ders izlencesi haz\u0131rlama, ders planlama ve \u00f6\u011fretim teknolojilerini ders<br \/>tasar\u0131m s\u00fcrecine entegre etme konusunda uygulamal\u0131 bilgiler sunulmaktad\u0131r.<\/p><\/section><section><h2>Ders \u0130zlencesi Haz\u0131rlama S\u00fcreci<\/h2><p>Ders izlencesi, bir dersin ama\u00e7lar\u0131n\u0131, \u00f6\u011frenme \u00e7\u0131kt\u0131lar\u0131, i\u00e7erik plan\u0131, de\u011ferlendirme y\u00f6ntemleri ve<br \/>kullan\u0131lacak \u00f6\u011fretim materyallerini i\u00e7eren temel bir akademik dok\u00fcmand\u0131r.<\/p><h3>Ders \u0130zlencesinin Temel Bile\u015fenleri<\/h3><ul><li>Dersin amac\u0131 ve \u00f6\u011frenme \u00e7\u0131kt\u0131lar\u0131<\/li><li>Ders i\u00e7erik plan\u0131<\/li><li>Kullan\u0131lacak \u00f6\u011fretim y\u00f6ntemleri<\/li><li>\u00d6l\u00e7me ve de\u011ferlendirme y\u00f6ntemleri<\/li><li>Ders materyalleri ve kaynaklar<\/li><\/ul><\/section><section><h2>Web 2.0 Ara\u00e7lar\u0131 ile Ders Planlama<\/h2><p>Ders tasar\u0131m s\u00fcrecinde Web 2.0 ara\u00e7lar\u0131 \u00f6\u011fretim elemanlar\u0131n\u0131n ders planlar\u0131n\u0131 g\u00f6rsel, d\u00fczenli ve eri\u015filebilir<br \/>\u015fekilde haz\u0131rlamalar\u0131n\u0131 sa\u011flar. E\u011fitim kapsam\u0131nda ders izlencesi haz\u0131rlama s\u00fcrecinde kullan\u0131labilecek dijital<br \/>ara\u00e7lar tan\u0131t\u0131lmaktad\u0131r.<\/p><h3>Kullan\u0131lan E\u011fitim Ara\u00e7lar\u0131<\/h3><ul><li>\u00d6GEM Ders \u0130zlencesi Haz\u0131rlama Sihirbaz\u0131<\/li><li>Canva ile ders plan\u0131 olu\u015fturma<\/li><li>Microsoft ders plan\u0131 \u015fablonlar\u0131<\/li><li>Visme ders plan\u0131 ara\u00e7lar\u0131<\/li><\/ul><p>Bu ara\u00e7lar sayesinde \u00f6\u011fretim elemanlar\u0131 ders planlar\u0131n\u0131 dijital ortamda daha etkili \u015fekilde haz\u0131rlayabilmektedir.<\/p><\/section><section><h2>Yapay Zek\u00e2 Ara\u00e7lar\u0131 ile Ders Tasar\u0131m\u0131<\/h2><p>Yapay zek\u00e2 ara\u00e7lar\u0131, \u00f6\u011fretim tasar\u0131m s\u00fcrecinde i\u00e7erik \u00fcretimi, ders planlama ve \u00f6\u011fretim materyallerinin<br \/>geli\u015ftirilmesi i\u00e7in \u00f6nemli f\u0131rsatlar sunmaktad\u0131r. Bu e\u011fitimde \u00f6\u011fretim elemanlar\u0131n\u0131n yapay zek\u00e2 ara\u00e7lar\u0131n\u0131<br \/>e\u011fitim s\u00fcre\u00e7lerinde etik ve g\u00fcvenli bi\u00e7imde nas\u0131l kullanabilecekleri ele al\u0131nmaktad\u0131r.<\/p><h3>Yapay Zek\u00e2 Ara\u00e7lar\u0131n\u0131n Kullan\u0131m \u0130lkeleri<\/h3><ul><li>E\u011fitimde yapay zek\u00e2 kullan\u0131m\u0131<\/li><li>Etik kullan\u0131m ve intihal<\/li><li>Veri g\u00fcvenli\u011fi<\/li><li>Yapay zek\u00e2 ara\u00e7lar\u0131n\u0131n birlikte kullan\u0131m\u0131<\/li><li>Yapay zek\u00e2y\u0131 yard\u0131mc\u0131 ara\u00e7 olarak kullanma<\/li><li>S\u00fcrekli geri bildirim ile i\u00e7erik geli\u015ftirme<\/li><li>\u0130nsan merkezli \u00f6\u011fretim yakla\u015f\u0131m\u0131<\/li><\/ul><\/section><section><h2>E\u011fitimde Kullan\u0131lan Yapay Zek\u00e2 Ara\u00e7lar\u0131<\/h2><p>E\u011fitim kapsam\u0131nda \u00f6\u011fretim elemanlar\u0131na ders tasar\u0131m s\u00fcrecinde kullan\u0131labilecek baz\u0131 yapay zek\u00e2 ara\u00e7lar\u0131<br \/>tan\u0131t\u0131lmaktad\u0131r.<\/p><ul><li>AI for Education<\/li><li>ChatGPT<\/li><li>Pedagog.ai<\/li><\/ul><\/section><section><h2>\u00d6GEM E\u011fitim Kaynaklar\u0131<\/h2><p>Atat\u00fcrk \u00dcniversitesi \u00d6\u011fretme ve \u00d6\u011frenmeyi Geli\u015ftirme Uygulama ve Ara\u015ft\u0131rma Merkezi taraf\u0131ndan haz\u0131rlanan<br \/>webinarlar, e\u011fitim videolar\u0131 ve akademik i\u00e7erikler \u00f6\u011fretim elemanlar\u0131n\u0131n \u00f6\u011fretme ve \u00f6\u011frenme s\u00fcre\u00e7lerini<br \/>geli\u015ftirmelerine destek sa\u011flamaktad\u0131r.<\/p><ul><li>\u00d6GEM Webinarlar\u0131<\/li><li>E\u011fitim videolar\u0131<\/li><li>E\u011fitim sunumlar\u0131<\/li><\/ul><\/section><\/article>\t\t\t\t\t\t\t\t<\/div>\n\t\t\t\t<\/div>\n\t\t\t\t\t<\/div>\n\t\t<\/div>\n\t\t\t\t\t<\/div>\n\t\t<\/section>\n\t\t\t\t<section class=\"elementor-section elementor-top-section elementor-element elementor-element-edc71d5 elementor-section-boxed elementor-section-height-default elementor-section-height-default\" data-id=\"edc71d5\" data-element_type=\"section\">\n\t\t\t\t\t\t<div class=\"elementor-container elementor-column-gap-default\">\n\t\t\t\t\t<div class=\"elementor-column elementor-col-33 elementor-top-column elementor-element elementor-element-37f3aa2\" data-id=\"37f3aa2\" data-element_type=\"column\">\n\t\t\t<div class=\"elementor-widget-wrap elementor-element-populated\">\n\t\t\t\t\t\t<div class=\"elementor-element elementor-element-177922b elementor-align-justify elementor-widget elementor-widget-button\" data-id=\"177922b\" data-element_type=\"widget\" data-widget_type=\"button.default\">\n\t\t\t\t<div class=\"elementor-widget-container\">\n\t\t\t\t\t\t\t\t\t<div class=\"elementor-button-wrapper\">\n\t\t\t\t\t<a class=\"elementor-button elementor-button-link elementor-size-sm\" href=\"https:\/\/atauni.edu.tr\/ogretme-ve-ogrenmeyi-gelistirme-uygulama-ve-arastirma-merkezi\/wp-content\/uploads\/sites\/817\/2026\/03\/Izlence-TREND-OT-YL.pdf\" target=\"_blank\">\n\t\t\t\t\t\t<span class=\"elementor-button-content-wrapper\">\n\t\t\t\t\t\t\t\t\t<span class=\"elementor-button-text\">Ders izlencesi \u00f6rne\u011fi \u23ce<\/span>\n\t\t\t\t\t<\/span>\n\t\t\t\t\t<\/a>\n\t\t\t\t<\/div>\n\t\t\t\t\t\t\t\t<\/div>\n\t\t\t\t<\/div>\n\t\t\t\t\t<\/div>\n\t\t<\/div>\n\t\t\t\t<div class=\"elementor-column elementor-col-33 elementor-top-column elementor-element elementor-element-fb06ddf\" data-id=\"fb06ddf\" data-element_type=\"column\">\n\t\t\t<div class=\"elementor-widget-wrap elementor-element-populated\">\n\t\t\t\t\t\t<div class=\"elementor-element elementor-element-494ca48 elementor-align-justify elementor-widget elementor-widget-button\" data-id=\"494ca48\" data-element_type=\"widget\" data-widget_type=\"button.default\">\n\t\t\t\t<div class=\"elementor-widget-container\">\n\t\t\t\t\t\t\t\t\t<div class=\"elementor-button-wrapper\">\n\t\t\t\t\t<a class=\"elementor-button elementor-button-link elementor-size-sm\" href=\"https:\/\/www.youtube.com\/@ATA-%C3%96GEM\" target=\"_blank\">\n\t\t\t\t\t\t<span class=\"elementor-button-content-wrapper\">\n\t\t\t\t\t\t\t\t\t<span class=\"elementor-button-text\">E\u011fitim Videolar\u0131 \u23ce<\/span>\n\t\t\t\t\t<\/span>\n\t\t\t\t\t<\/a>\n\t\t\t\t<\/div>\n\t\t\t\t\t\t\t\t<\/div>\n\t\t\t\t<\/div>\n\t\t\t\t\t<\/div>\n\t\t<\/div>\n\t\t\t\t<div class=\"elementor-column elementor-col-33 elementor-top-column elementor-element elementor-element-e09dee2\" data-id=\"e09dee2\" data-element_type=\"column\">\n\t\t\t<div class=\"elementor-widget-wrap elementor-element-populated\">\n\t\t\t\t\t\t<div class=\"elementor-element elementor-element-f30658b elementor-align-justify elementor-widget elementor-widget-button\" data-id=\"f30658b\" data-element_type=\"widget\" data-widget_type=\"button.default\">\n\t\t\t\t<div class=\"elementor-widget-container\">\n\t\t\t\t\t\t\t\t\t<div class=\"elementor-button-wrapper\">\n\t\t\t\t\t<a class=\"elementor-button elementor-button-link elementor-size-sm\" href=\"https:\/\/atauni.edu.tr\/ogretme-ve-ogrenmeyi-gelistirme-uygulama-ve-arastirma-merkezi\/wp-content\/uploads\/sites\/817\/2026\/03\/Ders-Tasarim-Surecinde-Teknoloji-Kullanimi.pdf\" target=\"_blank\">\n\t\t\t\t\t\t<span class=\"elementor-button-content-wrapper\">\n\t\t\t\t\t\t\t\t\t<span class=\"elementor-button-text\">Sunumu indir \u23ce<\/span>\n\t\t\t\t\t<\/span>\n\t\t\t\t\t<\/a>\n\t\t\t\t<\/div>\n\t\t\t\t\t\t\t\t<\/div>\n\t\t\t\t<\/div>\n\t\t\t\t\t<\/div>\n\t\t<\/div>\n\t\t\t\t\t<\/div>\n\t\t<\/section>\n\t\t\t\t<\/div>\n\t\t","protected":false},"excerpt":{"rendered":"<p>Ders Tasar\u0131m S\u00fcrecinde Teknoloji Kullan\u0131m\u0131 ve Yapay Zek\u00e2 Ara\u00e7lar\u0131yla Ders \u0130zlencesi Haz\u0131rlama Bu e\u011fitim program\u0131, \u00fcniversite \u00f6\u011fretim elemanlar\u0131n\u0131n ders tasar\u0131m s\u00fcrecinde teknoloji ve yapay zek\u00e2 ara\u00e7lar\u0131n\u0131etkili bir \u015fekilde kullanabilmelerini desteklemek amac\u0131yla haz\u0131rlanm\u0131\u015ft\u0131r. E\u011fitim kapsam\u0131nda ders izlencesihaz\u0131rlama, \u00f6\u011fretim tasar\u0131m\u0131, Web 2.0 ara\u00e7lar\u0131n\u0131n kullan\u0131m\u0131 ve yapay zek\u00e2 destekli \u00f6\u011fretim y\u00f6ntemleri ele al\u0131nmaktad\u0131r. Ders Tasar\u0131m S\u00fcrecinde Teknoloji Kullan\u0131m\u0131 [&hellip;]<\/p>\n","protected":false},"author":666,"featured_media":0,"parent":0,"menu_order":0,"comment_status":"closed","ping_status":"closed","template":"","meta":{"footnotes":""},"class_list":["post-9640","page","type-page","status-publish","hentry"],"_links":{"self":[{"href":"https:\/\/atauni.edu.tr\/ogretme-ve-ogrenmeyi-gelistirme-uygulama-ve-arastirma-merkezi\/wp-json\/wp\/v2\/pages\/9640","targetHints":{"allow":["GET"]}}],"collection":[{"href":"https:\/\/atauni.edu.tr\/ogretme-ve-ogrenmeyi-gelistirme-uygulama-ve-arastirma-merkezi\/wp-json\/wp\/v2\/pages"}],"about":[{"href":"https:\/\/atauni.edu.tr\/ogretme-ve-ogrenmeyi-gelistirme-uygulama-ve-arastirma-merkezi\/wp-json\/wp\/v2\/types\/page"}],"author":[{"embeddable":true,"href":"https:\/\/atauni.edu.tr\/ogretme-ve-ogrenmeyi-gelistirme-uygulama-ve-arastirma-merkezi\/wp-json\/wp\/v2\/users\/666"}],"replies":[{"embeddable":true,"href":"https:\/\/atauni.edu.tr\/ogretme-ve-ogrenmeyi-gelistirme-uygulama-ve-arastirma-merkezi\/wp-json\/wp\/v2\/comments?post=9640"}],"version-history":[{"count":16,"href":"https:\/\/atauni.edu.tr\/ogretme-ve-ogrenmeyi-gelistirme-uygulama-ve-arastirma-merkezi\/wp-json\/wp\/v2\/pages\/9640\/revisions"}],"predecessor-version":[{"id":9659,"href":"https:\/\/atauni.edu.tr\/ogretme-ve-ogrenmeyi-gelistirme-uygulama-ve-arastirma-merkezi\/wp-json\/wp\/v2\/pages\/9640\/revisions\/9659"}],"wp:attachment":[{"href":"https:\/\/atauni.edu.tr\/ogretme-ve-ogrenmeyi-gelistirme-uygulama-ve-arastirma-merkezi\/wp-json\/wp\/v2\/media?parent=9640"}],"curies":[{"name":"wp","href":"https:\/\/api.w.org\/{rel}","templated":true}]}}