{"id":9686,"date":"2026-03-22T21:54:45","date_gmt":"2026-03-22T18:54:45","guid":{"rendered":"https:\/\/atauni.edu.tr\/ogretme-ve-ogrenmeyi-gelistirme-uygulama-ve-arastirma-merkezi\/?page_id=9686"},"modified":"2026-03-22T21:59:53","modified_gmt":"2026-03-22T18:59:53","slug":"yapay-zeka-araclariyla-ders-izlencesi-olusturma-egitimi","status":"publish","type":"page","link":"https:\/\/atauni.edu.tr\/ogretme-ve-ogrenmeyi-gelistirme-uygulama-ve-arastirma-merkezi\/yapay-zeka-araclariyla-ders-izlencesi-olusturma-egitimi\/","title":{"rendered":"Yapay Zek\u00e2 Ara\u00e7lar\u0131yla Ders \u0130zlencesi Olu\u015fturma E\u011fitimi"},"content":{"rendered":"\t\t<div data-elementor-type=\"wp-page\" data-elementor-id=\"9686\" class=\"elementor elementor-9686\" data-elementor-post-type=\"page\">\n\t\t\t\t\t\t<section class=\"elementor-section elementor-top-section elementor-element elementor-element-84a1f12 elementor-section-boxed elementor-section-height-default elementor-section-height-default\" data-id=\"84a1f12\" data-element_type=\"section\">\n\t\t\t\t\t\t<div class=\"elementor-container elementor-column-gap-default\">\n\t\t\t\t\t<div class=\"elementor-column elementor-col-100 elementor-top-column elementor-element elementor-element-e453786\" data-id=\"e453786\" data-element_type=\"column\">\n\t\t\t<div class=\"elementor-widget-wrap elementor-element-populated\">\n\t\t\t\t\t\t<div class=\"elementor-element elementor-element-f1d3e8b elementor-widget elementor-widget-text-editor\" data-id=\"f1d3e8b\" data-element_type=\"widget\" data-widget_type=\"text-editor.default\">\n\t\t\t\t<div class=\"elementor-widget-container\">\n\t\t\t\t\t\t\t\t\t<h2>Yapay Zek\u00e2 Ara\u00e7lar\u0131yla Ders \u0130zlencesi Olu\u015fturma E\u011fitimi<\/h2><p>Atat\u00fcrk \u00dcniversitesi \u00d6\u011fretme ve \u00d6\u011frenmeyi Geli\u015ftirme Uygulama ve Ara\u015ft\u0131rma Merkezi (\u00d6GEM) olarak d\u00fczenledi\u011fimiz<br \/>\u201cYapay Zek\u00e2 Ara\u00e7lar\u0131yla Ders \u0130zlencesi Olu\u015fturma\u201d e\u011fitimini yo\u011fun bir kat\u0131l\u0131mla ba\u015far\u0131yla tamamlad\u0131k.<\/p><p>Bu e\u011fitimde, yapay zek\u00e2 ara\u00e7lar\u0131ndan yararlanarak ders izlencesi haz\u0131rlama s\u00fcrecinin nas\u0131l daha sistemli, h\u0131zl\u0131 ve etkili hale getirilebilece\u011fi ele al\u0131nd\u0131.<br \/>Kat\u0131l\u0131mc\u0131lar, ders planlamas\u0131nda kullan\u0131labilecek pratik y\u00f6ntemler ile izlence olu\u015ftururken dikkat edilmesi gereken temel noktalar hakk\u0131nda bilgi edinme f\u0131rsat\u0131 buldu.<\/p><p>Canl\u0131 yay\u0131n\u0131 takip edemeyen ya da i\u00e7eri\u011fi tekrar izlemek isteyen kat\u0131l\u0131mc\u0131lar\u0131m\u0131z i\u00e7in e\u011fitim kayd\u0131n\u0131 eri\u015fime a\u00e7t\u0131k.<\/p><h3>Bu E\u011fitim Videosunda Neler Bulacaks\u0131n\u0131z?<\/h3><ul><li>Yapay zek\u00e2 destekli ders izlencesi olu\u015fturman\u0131n temel mant\u0131\u011f\u0131<\/li><li>Dersin amac\u0131, \u00f6\u011frenme \u00e7\u0131kt\u0131lar\u0131 ve haftal\u0131k plan\u0131n yap\u0131land\u0131r\u0131lmas\u0131<\/li><li>Ders i\u00e7eri\u011fini daha d\u00fczenli ve anla\u015f\u0131l\u0131r bi\u00e7imde planlama y\u00f6ntemleri<\/li><li>Akademik ihtiya\u00e7lara uygun, tutarl\u0131 ve pratik izlence haz\u0131rlama yakla\u015f\u0131mlar\u0131<\/li><li>E\u011fitim s\u00fcre\u00e7lerinde yapay zek\u00e2 ara\u00e7lar\u0131n\u0131 verimli kullanmaya y\u00f6nelik \u00f6neriler<\/li><\/ul><p>Ders planlama s\u00fcre\u00e7lerini daha verimli hale getirmek ve yapay zek\u00e2 destekli i\u00e7erik \u00fcretiminden yararlanmak isteyen t\u00fcm kat\u0131l\u0131mc\u0131lar\u0131m\u0131z i\u00e7in bu e\u011fitim \u00f6nemli bir kaynak niteli\u011findedir.<\/p>\t\t\t\t\t\t\t\t<\/div>\n\t\t\t\t<\/div>\n\t\t\t\t<div class=\"elementor-element elementor-element-0573fd2 elementor-widget elementor-widget-video\" data-id=\"0573fd2\" data-element_type=\"widget\" data-settings=\"{&quot;youtube_url&quot;:&quot;https:\\\/\\\/youtu.be\\\/ss0r83KiLu8&quot;,&quot;video_type&quot;:&quot;youtube&quot;,&quot;controls&quot;:&quot;yes&quot;}\" data-widget_type=\"video.default\">\n\t\t\t\t<div class=\"elementor-widget-container\">\n\t\t\t\t\t\t\t<div class=\"elementor-wrapper elementor-open-inline\">\n\t\t\t<div class=\"elementor-video\"><\/div>\t\t<\/div>\n\t\t\t\t\t\t<\/div>\n\t\t\t\t<\/div>\n\t\t\t\t\t<\/div>\n\t\t<\/div>\n\t\t\t\t\t<\/div>\n\t\t<\/section>\n\t\t\t\t<\/div>\n\t\t","protected":false},"excerpt":{"rendered":"<p>Yapay Zek\u00e2 Ara\u00e7lar\u0131yla Ders \u0130zlencesi Olu\u015fturma E\u011fitimi Atat\u00fcrk \u00dcniversitesi \u00d6\u011fretme ve \u00d6\u011frenmeyi Geli\u015ftirme Uygulama ve Ara\u015ft\u0131rma Merkezi (\u00d6GEM) olarak d\u00fczenledi\u011fimiz\u201cYapay Zek\u00e2 Ara\u00e7lar\u0131yla Ders \u0130zlencesi Olu\u015fturma\u201d e\u011fitimini yo\u011fun bir kat\u0131l\u0131mla ba\u015far\u0131yla tamamlad\u0131k. Bu e\u011fitimde, yapay zek\u00e2 ara\u00e7lar\u0131ndan yararlanarak ders izlencesi haz\u0131rlama s\u00fcrecinin nas\u0131l daha sistemli, h\u0131zl\u0131 ve etkili hale getirilebilece\u011fi ele al\u0131nd\u0131.Kat\u0131l\u0131mc\u0131lar, ders planlamas\u0131nda kullan\u0131labilecek pratik [&hellip;]<\/p>\n","protected":false},"author":666,"featured_media":0,"parent":0,"menu_order":0,"comment_status":"closed","ping_status":"closed","template":"","meta":{"footnotes":""},"class_list":["post-9686","page","type-page","status-publish","hentry"],"_links":{"self":[{"href":"https:\/\/atauni.edu.tr\/ogretme-ve-ogrenmeyi-gelistirme-uygulama-ve-arastirma-merkezi\/wp-json\/wp\/v2\/pages\/9686","targetHints":{"allow":["GET"]}}],"collection":[{"href":"https:\/\/atauni.edu.tr\/ogretme-ve-ogrenmeyi-gelistirme-uygulama-ve-arastirma-merkezi\/wp-json\/wp\/v2\/pages"}],"about":[{"href":"https:\/\/atauni.edu.tr\/ogretme-ve-ogrenmeyi-gelistirme-uygulama-ve-arastirma-merkezi\/wp-json\/wp\/v2\/types\/page"}],"author":[{"embeddable":true,"href":"https:\/\/atauni.edu.tr\/ogretme-ve-ogrenmeyi-gelistirme-uygulama-ve-arastirma-merkezi\/wp-json\/wp\/v2\/users\/666"}],"replies":[{"embeddable":true,"href":"https:\/\/atauni.edu.tr\/ogretme-ve-ogrenmeyi-gelistirme-uygulama-ve-arastirma-merkezi\/wp-json\/wp\/v2\/comments?post=9686"}],"version-history":[{"count":4,"href":"https:\/\/atauni.edu.tr\/ogretme-ve-ogrenmeyi-gelistirme-uygulama-ve-arastirma-merkezi\/wp-json\/wp\/v2\/pages\/9686\/revisions"}],"predecessor-version":[{"id":9691,"href":"https:\/\/atauni.edu.tr\/ogretme-ve-ogrenmeyi-gelistirme-uygulama-ve-arastirma-merkezi\/wp-json\/wp\/v2\/pages\/9686\/revisions\/9691"}],"wp:attachment":[{"href":"https:\/\/atauni.edu.tr\/ogretme-ve-ogrenmeyi-gelistirme-uygulama-ve-arastirma-merkezi\/wp-json\/wp\/v2\/media?parent=9686"}],"curies":[{"name":"wp","href":"https:\/\/api.w.org\/{rel}","templated":true}]}}