{"id":9757,"date":"2026-03-27T23:01:33","date_gmt":"2026-03-27T20:01:33","guid":{"rendered":"https:\/\/atauni.edu.tr\/ogretme-ve-ogrenmeyi-gelistirme-uygulama-ve-arastirma-merkezi\/?page_id=9757"},"modified":"2026-03-27T23:10:29","modified_gmt":"2026-03-27T20:10:29","slug":"gamma","status":"publish","type":"page","link":"https:\/\/atauni.edu.tr\/ogretme-ve-ogrenmeyi-gelistirme-uygulama-ve-arastirma-merkezi\/gamma\/","title":{"rendered":"Gamma"},"content":{"rendered":"\t\t<div data-elementor-type=\"wp-page\" data-elementor-id=\"9757\" class=\"elementor elementor-9757\" data-elementor-post-type=\"page\">\n\t\t\t\t\t\t<section class=\"elementor-section elementor-top-section elementor-element elementor-element-b48cac9 elementor-section-boxed elementor-section-height-default elementor-section-height-default\" data-id=\"b48cac9\" data-element_type=\"section\">\n\t\t\t\t\t\t<div class=\"elementor-container elementor-column-gap-default\">\n\t\t\t\t\t<div class=\"elementor-column elementor-col-100 elementor-top-column elementor-element elementor-element-5cf4d34\" data-id=\"5cf4d34\" data-element_type=\"column\">\n\t\t\t<div class=\"elementor-widget-wrap elementor-element-populated\">\n\t\t\t\t\t\t<div class=\"elementor-element elementor-element-65570ae elementor-widget elementor-widget-image\" data-id=\"65570ae\" data-element_type=\"widget\" data-widget_type=\"image.default\">\n\t\t\t\t<div class=\"elementor-widget-container\">\n\t\t\t\t\t\t\t\t\t\t\t\t\t\t\t<img fetchpriority=\"high\" decoding=\"async\" width=\"300\" height=\"225\" src=\"https:\/\/atauni.edu.tr\/ogretme-ve-ogrenmeyi-gelistirme-uygulama-ve-arastirma-merkezi\/wp-content\/uploads\/sites\/817\/2026\/03\/Gamma-300x225.png\" class=\"attachment-medium size-medium wp-image-9759\" alt=\"\" srcset=\"https:\/\/atauni.edu.tr\/ogretme-ve-ogrenmeyi-gelistirme-uygulama-ve-arastirma-merkezi\/wp-content\/uploads\/sites\/817\/2026\/03\/Gamma-300x225.png 300w, https:\/\/atauni.edu.tr\/ogretme-ve-ogrenmeyi-gelistirme-uygulama-ve-arastirma-merkezi\/wp-content\/uploads\/sites\/817\/2026\/03\/Gamma-1024x768.png 1024w, https:\/\/atauni.edu.tr\/ogretme-ve-ogrenmeyi-gelistirme-uygulama-ve-arastirma-merkezi\/wp-content\/uploads\/sites\/817\/2026\/03\/Gamma-768x576.png 768w, https:\/\/atauni.edu.tr\/ogretme-ve-ogrenmeyi-gelistirme-uygulama-ve-arastirma-merkezi\/wp-content\/uploads\/sites\/817\/2026\/03\/Gamma-1536x1152.png 1536w, https:\/\/atauni.edu.tr\/ogretme-ve-ogrenmeyi-gelistirme-uygulama-ve-arastirma-merkezi\/wp-content\/uploads\/sites\/817\/2026\/03\/Gamma-600x450.png 600w, https:\/\/atauni.edu.tr\/ogretme-ve-ogrenmeyi-gelistirme-uygulama-ve-arastirma-merkezi\/wp-content\/uploads\/sites\/817\/2026\/03\/Gamma-560x420.png 560w, https:\/\/atauni.edu.tr\/ogretme-ve-ogrenmeyi-gelistirme-uygulama-ve-arastirma-merkezi\/wp-content\/uploads\/sites\/817\/2026\/03\/Gamma.png 1600w\" sizes=\"(max-width: 300px) 100vw, 300px\" \/>\t\t\t\t\t\t\t\t\t\t\t\t\t\t\t<\/div>\n\t\t\t\t<\/div>\n\t\t\t\t\t<\/div>\n\t\t<\/div>\n\t\t\t\t\t<\/div>\n\t\t<\/section>\n\t\t\t\t<section class=\"elementor-section elementor-top-section elementor-element elementor-element-be391ab elementor-section-boxed elementor-section-height-default elementor-section-height-default\" data-id=\"be391ab\" data-element_type=\"section\">\n\t\t\t\t\t\t<div class=\"elementor-container elementor-column-gap-default\">\n\t\t\t\t\t<div class=\"elementor-column elementor-col-100 elementor-top-column elementor-element elementor-element-09ac515\" data-id=\"09ac515\" data-element_type=\"column\">\n\t\t\t<div class=\"elementor-widget-wrap elementor-element-populated\">\n\t\t\t\t\t\t<div class=\"elementor-element elementor-element-9d955e4 elementor-widget__width-initial elementor-widget elementor-widget-text-editor\" data-id=\"9d955e4\" data-element_type=\"widget\" data-widget_type=\"text-editor.default\">\n\t\t\t\t<div class=\"elementor-widget-container\">\n\t\t\t\t\t\t\t\t\t<h2><span style=\"font-size: 2rem;letter-spacing: 0px\">Gamma AI Nedir ve Neden \u00d6nemlidir?<\/span><\/h2>\n<p><span style=\"font-size: 1rem;letter-spacing: 0px\">Gamma AI, metin komutlar\u0131n\u0131z\u0131 veya y\u00fckledi\u011finiz belgeleri saniyeler i\u00e7inde profesyonel g\u00f6r\u00fcn\u00fcml\u00fc sunumlara, dok\u00fcmanlara veya web sayfalar\u0131na d\u00f6n\u00fc\u015ft\u00fcren yapay zek\u00e2 destekli bir tasar\u0131m arac\u0131d\u0131r. En b\u00fcy\u00fck fark\u0131, geleneksel ara\u00e7lardaki slayt tasar\u0131m\u0131, hizalama ve bi\u00e7imlendirme gibi zaman alan s\u00fcre\u00e7leri tamamen otonom hale getirmesidir. Sadece i\u00e7eri\u011fe odaklanman\u0131z\u0131 sa\u011flayarak g\u00f6rsel ileti\u015fim deneyimini tamamen de\u011fi\u015ftirir ve tasar\u0131m engelini ortadan kald\u0131r\u0131r.<\/span><\/p>\n<h3>E\u011fitimde Kullan\u0131m Alanlar\u0131<\/h3>\n<p><span style=\"font-size: 1rem;letter-spacing: 0px\">E\u011fitimciler ve \u00f6\u011frenciler i\u00e7in Gamma AI, ki\u015fisel bir tasar\u0131m asistan\u0131 gibi \u00e7al\u0131\u015f\u0131r. Uzun metinleri, ders notlar\u0131n\u0131 veya ara\u015ft\u0131rma \u00f6zetlerini dakikalar i\u00e7inde g\u00f6rsel olarak zengin, etkile\u015fimli ve dikkat \u00e7ekici sunumlara d\u00f6n\u00fc\u015ft\u00fcrmenizi sa\u011flar. \u00d6zellikle yo\u011fun d\u00f6nemlerde materyal haz\u0131rlama s\u00fcrecini h\u0131zland\u0131rmak, karma\u015f\u0131k verileri g\u00f6rselle\u015ftirmek ve estetik kaliteden \u00f6d\u00fcn vermemek i\u00e7in idealdir.<\/span><\/p>\n<h3>\u00d6\u011frenciler \u0130\u00e7in<\/h3>\n<p><span style=\"font-size: 1rem;letter-spacing: 0px\">\u00d6\u011frenciler bu arac\u0131 proje ve \u00f6dev sunumlar\u0131nda hayat kurtar\u0131c\u0131 bir yard\u0131mc\u0131 olarak kullanabilir. Saatlerce slayt tasarlamak yerine, ara\u015ft\u0131rma metninizi Gamma AI&#8217;a verip i\u00e7eri\u011finize en uygun temada, g\u00f6rsellerle desteklenmi\u015f bir sunum haz\u0131rlatabilirsiniz. Karma\u015f\u0131k konular\u0131 daha anla\u015f\u0131l\u0131r k\u0131lmak i\u00e7in yapay zek\u00e2n\u0131n otomatik olu\u015fturdu\u011fu \u015fablonlardan faydalanabilir, sunumlar\u0131n\u0131z\u0131 interaktif hale getirebilirsiniz.<\/span><\/p>\n<h3>\u00d6nemli Akademik Uyar\u0131<\/h3>\n<p><span style=\"font-size: 1rem;letter-spacing: 0px\">Gamma AI i\u00e7erik \u00fcretirken g\u00f6rsel m\u00fckemmelli\u011fe odaklansa da, s\u0131f\u0131rdan metin \u00fcretiminde veya verileri \u00f6zetlerken hal\u00fcsinasyon riski ta\u015f\u0131yabilir. Olu\u015fturulan slaytlardaki akademik bilgilerin, tarihlerin ve at\u0131flar\u0131n do\u011frulu\u011fu mutlaka kontrol edilmelidir. Bu ara\u00e7 birincil bir bilgi kayna\u011f\u0131 olarak de\u011fil, elinizdeki do\u011frulanm\u0131\u015f bilgiyi etkili bir sunuma d\u00f6n\u00fc\u015ft\u00fcren g\u00fc\u00e7l\u00fc bir &#8220;tasar\u0131m ve sunum arac\u0131&#8221; olarak kullan\u0131lmal\u0131d\u0131r.<\/span><\/p>\n<h3>Nas\u0131l Eri\u015filir?<\/h3>\n<p>&nbsp;<a href=\"https:\/\/gamma.app\" target=\"_blank\" rel=\"noopener\" data-hveid=\"0\" data-ved=\"0CAAQ_4QMahgKEwjexv2Z38CTAxUAAAAAHQAAAAAQ8wE\">https:\/\/gamma.app<\/a><span style=\"font-size: 1rem;letter-spacing: 0px\"> adresi \u00fczerinden Google hesab\u0131n\u0131zla \u00fccretsiz giri\u015f yap\u0131p hemen yeni bir \u00e7al\u0131\u015fma alan\u0131 olu\u015fturarak sunumlar\u0131n\u0131z\u0131 haz\u0131rlamaya ba\u015flayabilirsiniz.<\/span><\/p>\n<h3 data-path-to-node=\"12\">Akademisyenler \u0130\u00e7in: Yapay Zek\u00e2 Destekli G\u00f6rsel \u0130leti\u015fim<\/h3>\n<p data-path-to-node=\"13\">Akademik d\u00fcnyada ara\u015ft\u0131rma sonu\u00e7lar\u0131n\u0131, ders i\u00e7eriklerini veya konferans bildirilerini g\u00f6rselle\u015ftirmek i\u00e7in harcanan zaman\u0131 minimuma indirmek b\u00fcy\u00fck konfordur. Gamma AI bu h\u0131z\u0131 ve esnekli\u011fi sa\u011flar. \u0130\u015fte kullanabilece\u011finiz baz\u0131 senaryolar:<\/p>\n<h6>Metinden Ders Sunumu \u00dcretimi<\/h6>\n<p><span style=\"font-size: 1rem;letter-spacing: 0px\">S\u0131f\u0131rdan ve h\u0131zl\u0131ca yap\u0131land\u0131r\u0131lm\u0131\u015f bir ders materyali olu\u015fturmak i\u00e7in \u015fu komutu kullanabilirsiniz:<\/span><\/p>\n<blockquote>\n<p>E\u011fitimde Dijital D\u00f6n\u00fc\u015f\u00fcm&#8217; konusunda lisans \u00f6\u011frencileri i\u00e7in 12 slaytl\u0131k bir sunum haz\u0131rla. Her slaytta konuyu destekleyen profesyonel g\u00f6rseller kullan, akademik bir dil tercih et ve sunumun sonuna tart\u0131\u015fma sorular\u0131 ekle.<\/p>\n<\/blockquote>\n<h6><span data-path-to-node=\"14\" data-index-in-node=\"0\"><span data-path-to-node=\"15\" data-index-in-node=\"0\">Makale veya Raporu Sunuma \u00c7evirme<\/span><\/span><\/h6>\n<p>Elinizdeki uzun bir metni do\u011frudan g\u00f6rselle\u015ftirmek i\u00e7in belge y\u00fckleme \u00f6zelli\u011fini kullanarak \u015fu y\u00f6ntemi deneyebilirsiniz:<\/p>\n<blockquote>\n<p>Y\u00fckledi\u011fim bu 20 sayfal\u0131k akademik ara\u015ft\u0131rma makalesini \u00f6zetle ve sempozyumda sunulmak \u00fczere 10 dakikal\u0131k, temel bulgular\u0131 ve metodolojiyi vurgulayan etkileyici bir slayt destesine d\u00f6n\u00fc\u015ft\u00fcr.<\/p>\n<\/blockquote>\n<h6><span data-path-to-node=\"17\" data-index-in-node=\"0\">Konferans ve Sempozyum Materyali Tasar\u0131m\u0131<\/span><\/h6>\n<p>Metin yo\u011funlu\u011funu azaltarak izleyici odakl\u0131 bir tasar\u0131m yapmak i\u00e7in \u015fu komut etkilidir:<\/p>\n<blockquote>\n<p>Uluslararas\u0131 bir kongrede yapaca\u011f\u0131m konu\u015fma i\u00e7in g\u00f6rsel a\u011f\u0131rl\u0131kl\u0131, slayt ba\u015f\u0131 metnin az oldu\u011fu, infografiklerle desteklenmi\u015f modern bir sunum tasla\u011f\u0131 olu\u015ftur. Renk paleti olarak koyu lacivert ve beyaz tonlar\u0131n\u0131 kullan.<\/p>\n<\/blockquote>\n<h6><span data-path-to-node=\"16\" data-index-in-node=\"0\">Etkile\u015fimli Web Dok\u00fcman\u0131 (Syllabus) Olu\u015fturma<\/span><\/h6>\n<p>Geleneksel PDF format\u0131ndan \u00e7\u0131k\u0131p dinamik bir ders izlencesi haz\u0131rlamak i\u00e7in \u015fu komut etkilidir:<\/p>\n<blockquote>\n<p>Bu d\u00f6nemki dersim i\u00e7in tek sayfal\u0131k, a\u015fa\u011f\u0131 kayd\u0131r\u0131labilir bir web dok\u00fcman\u0131 (webpage) format\u0131nda ders izlencesi olu\u015ftur. Haftal\u0131k konular\u0131, okuma listelerini ve s\u0131nav tarihlerini g\u00f6rsel kartlar halinde, modern bir tasar\u0131mla d\u00fczenle.<\/p>\n<\/blockquote>\n<h6>\u00d6rnek Prompt K\u00fct\u00fcphanesi<\/h6>\n<p>\u00d6\u011frencileriniz i\u00e7in g\u00f6rsel bir \u00f6zet dok\u00fcman\u0131 ve \u00e7al\u0131\u015fma rehberini tek seferde olu\u015fturmak istiyorsan\u0131z \u015fu komutu kullanabilirsiniz:<\/p>\n<blockquote>\n<p>Vize s\u0131nav\u0131 \u00f6ncesi \u00f6\u011frencilerle payla\u015fmak \u00fczere, verdi\u011fim ders notu metnini baz alan 15 kartl\u0131k bir sunum dok\u00fcman\u0131 olu\u015ftur. En s\u0131k ge\u00e7en anahtar kavramlar\u0131 vurgula, karma\u015f\u0131k teorileri basitle\u015ftiren zaman \u00e7izelgeleri ekle ve bilgileri ak\u0131lda kal\u0131c\u0131 madde i\u015faretleriyle s\u0131n\u0131rland\u0131r.<\/p>\n<\/blockquote>\n<p><!-- Kimi AI \u0130\u00e7erik Biti\u015fi --><\/p>\t\t\t\t\t\t\t\t<\/div>\n\t\t\t\t<\/div>\n\t\t\t\t\t<\/div>\n\t\t<\/div>\n\t\t\t\t\t<\/div>\n\t\t<\/section>\n\t\t\t\t<section class=\"elementor-section elementor-top-section elementor-element elementor-element-c371766 elementor-section-boxed elementor-section-height-default elementor-section-height-default\" data-id=\"c371766\" data-element_type=\"section\">\n\t\t\t\t\t\t<div class=\"elementor-container elementor-column-gap-default\">\n\t\t\t\t\t<div class=\"elementor-column elementor-col-100 elementor-top-column elementor-element elementor-element-8aa021f\" data-id=\"8aa021f\" data-element_type=\"column\">\n\t\t\t<div class=\"elementor-widget-wrap elementor-element-populated\">\n\t\t\t\t\t\t<div class=\"elementor-element elementor-element-b2b35db elementor-widget elementor-widget-button\" data-id=\"b2b35db\" data-element_type=\"widget\" data-widget_type=\"button.default\">\n\t\t\t\t<div class=\"elementor-widget-container\">\n\t\t\t\t\t\t\t\t\t<div class=\"elementor-button-wrapper\">\n\t\t\t\t\t<a class=\"elementor-button elementor-button-link elementor-size-sm\" href=\"http:\/\/gamma.app\" target=\"_blank\">\n\t\t\t\t\t\t<span class=\"elementor-button-content-wrapper\">\n\t\t\t\t\t\t\t\t\t<span class=\"elementor-button-text\">Buraya t\u0131kla<\/span>\n\t\t\t\t\t<\/span>\n\t\t\t\t\t<\/a>\n\t\t\t\t<\/div>\n\t\t\t\t\t\t\t\t<\/div>\n\t\t\t\t<\/div>\n\t\t\t\t\t<\/div>\n\t\t<\/div>\n\t\t\t\t\t<\/div>\n\t\t<\/section>\n\t\t\t\t<\/div>\n\t\t","protected":false},"excerpt":{"rendered":"<p>Gamma AI Nedir ve Neden \u00d6nemlidir? Gamma AI, metin komutlar\u0131n\u0131z\u0131 veya y\u00fckledi\u011finiz belgeleri saniyeler i\u00e7inde profesyonel g\u00f6r\u00fcn\u00fcml\u00fc sunumlara, dok\u00fcmanlara veya web sayfalar\u0131na d\u00f6n\u00fc\u015ft\u00fcren yapay zek\u00e2 destekli bir tasar\u0131m arac\u0131d\u0131r. En b\u00fcy\u00fck fark\u0131, geleneksel ara\u00e7lardaki slayt tasar\u0131m\u0131, hizalama ve bi\u00e7imlendirme gibi zaman alan s\u00fcre\u00e7leri tamamen otonom hale getirmesidir. Sadece i\u00e7eri\u011fe odaklanman\u0131z\u0131 sa\u011flayarak g\u00f6rsel ileti\u015fim deneyimini tamamen [&hellip;]<\/p>\n","protected":false},"author":666,"featured_media":0,"parent":0,"menu_order":0,"comment_status":"closed","ping_status":"closed","template":"","meta":{"footnotes":""},"class_list":["post-9757","page","type-page","status-publish","hentry"],"_links":{"self":[{"href":"https:\/\/atauni.edu.tr\/ogretme-ve-ogrenmeyi-gelistirme-uygulama-ve-arastirma-merkezi\/wp-json\/wp\/v2\/pages\/9757","targetHints":{"allow":["GET"]}}],"collection":[{"href":"https:\/\/atauni.edu.tr\/ogretme-ve-ogrenmeyi-gelistirme-uygulama-ve-arastirma-merkezi\/wp-json\/wp\/v2\/pages"}],"about":[{"href":"https:\/\/atauni.edu.tr\/ogretme-ve-ogrenmeyi-gelistirme-uygulama-ve-arastirma-merkezi\/wp-json\/wp\/v2\/types\/page"}],"author":[{"embeddable":true,"href":"https:\/\/atauni.edu.tr\/ogretme-ve-ogrenmeyi-gelistirme-uygulama-ve-arastirma-merkezi\/wp-json\/wp\/v2\/users\/666"}],"replies":[{"embeddable":true,"href":"https:\/\/atauni.edu.tr\/ogretme-ve-ogrenmeyi-gelistirme-uygulama-ve-arastirma-merkezi\/wp-json\/wp\/v2\/comments?post=9757"}],"version-history":[{"count":8,"href":"https:\/\/atauni.edu.tr\/ogretme-ve-ogrenmeyi-gelistirme-uygulama-ve-arastirma-merkezi\/wp-json\/wp\/v2\/pages\/9757\/revisions"}],"predecessor-version":[{"id":9770,"href":"https:\/\/atauni.edu.tr\/ogretme-ve-ogrenmeyi-gelistirme-uygulama-ve-arastirma-merkezi\/wp-json\/wp\/v2\/pages\/9757\/revisions\/9770"}],"wp:attachment":[{"href":"https:\/\/atauni.edu.tr\/ogretme-ve-ogrenmeyi-gelistirme-uygulama-ve-arastirma-merkezi\/wp-json\/wp\/v2\/media?parent=9757"}],"curies":[{"name":"wp","href":"https:\/\/api.w.org\/{rel}","templated":true}]}}