{"id":9818,"date":"2026-03-28T13:39:16","date_gmt":"2026-03-28T10:39:16","guid":{"rendered":"https:\/\/atauni.edu.tr\/ogretme-ve-ogrenmeyi-gelistirme-uygulama-ve-arastirma-merkezi\/?page_id=9818"},"modified":"2026-03-28T14:40:27","modified_gmt":"2026-03-28T11:40:27","slug":"elicit","status":"publish","type":"page","link":"https:\/\/atauni.edu.tr\/ogretme-ve-ogrenmeyi-gelistirme-uygulama-ve-arastirma-merkezi\/elicit\/","title":{"rendered":"Elicit"},"content":{"rendered":"\t\t<div data-elementor-type=\"wp-page\" data-elementor-id=\"9818\" class=\"elementor elementor-9818\" data-elementor-post-type=\"page\">\n\t\t\t\t\t\t<section class=\"elementor-section elementor-top-section elementor-element elementor-element-6c98349 elementor-section-boxed elementor-section-height-default elementor-section-height-default\" data-id=\"6c98349\" data-element_type=\"section\">\n\t\t\t\t\t\t<div class=\"elementor-container elementor-column-gap-default\">\n\t\t\t\t\t<div class=\"elementor-column elementor-col-100 elementor-top-column elementor-element elementor-element-b016ac5\" data-id=\"b016ac5\" data-element_type=\"column\">\n\t\t\t<div class=\"elementor-widget-wrap elementor-element-populated\">\n\t\t\t\t\t\t<div class=\"elementor-element elementor-element-bc8e8b6 elementor-widget elementor-widget-image\" data-id=\"bc8e8b6\" data-element_type=\"widget\" data-widget_type=\"image.default\">\n\t\t\t\t<div class=\"elementor-widget-container\">\n\t\t\t\t\t\t\t\t\t\t\t\t\t\t\t<img fetchpriority=\"high\" decoding=\"async\" width=\"383\" height=\"131\" src=\"https:\/\/atauni.edu.tr\/ogretme-ve-ogrenmeyi-gelistirme-uygulama-ve-arastirma-merkezi\/wp-content\/uploads\/sites\/817\/2026\/03\/Elicit.png\" class=\"attachment-large size-large wp-image-9820\" alt=\"\" srcset=\"https:\/\/atauni.edu.tr\/ogretme-ve-ogrenmeyi-gelistirme-uygulama-ve-arastirma-merkezi\/wp-content\/uploads\/sites\/817\/2026\/03\/Elicit.png 383w, https:\/\/atauni.edu.tr\/ogretme-ve-ogrenmeyi-gelistirme-uygulama-ve-arastirma-merkezi\/wp-content\/uploads\/sites\/817\/2026\/03\/Elicit-300x103.png 300w\" sizes=\"(max-width: 383px) 100vw, 383px\" \/>\t\t\t\t\t\t\t\t\t\t\t\t\t\t\t<\/div>\n\t\t\t\t<\/div>\n\t\t\t\t\t<\/div>\n\t\t<\/div>\n\t\t\t\t\t<\/div>\n\t\t<\/section>\n\t\t\t\t<section class=\"elementor-section elementor-top-section elementor-element elementor-element-4cc3508 elementor-section-boxed elementor-section-height-default elementor-section-height-default\" data-id=\"4cc3508\" data-element_type=\"section\">\n\t\t\t\t\t\t<div class=\"elementor-container elementor-column-gap-default\">\n\t\t\t\t\t<div class=\"elementor-column elementor-col-100 elementor-top-column elementor-element elementor-element-c1c452f\" data-id=\"c1c452f\" data-element_type=\"column\">\n\t\t\t<div class=\"elementor-widget-wrap elementor-element-populated\">\n\t\t\t\t\t\t<div class=\"elementor-element elementor-element-34cccc1 elementor-widget elementor-widget-text-editor\" data-id=\"34cccc1\" data-element_type=\"widget\" data-widget_type=\"text-editor.default\">\n\t\t\t\t<div class=\"elementor-widget-container\">\n\t\t\t\t\t\t\t\t\t<h2>Elicit Nedir ve Neden \u00d6nemlidir ?&nbsp;<\/h2>\n<div><span style=\"font-size: 1rem;letter-spacing: 0px\">Elicit AI, literat\u00fcr taramas\u0131 s\u00fcrecini ve sistematik derlemeleri (systematic review) otomatize etmek i\u00e7in \u00f6zel olarak geli\u015ftirilmi\u015f yapay zek\u00e2 destekli bir ara\u015ft\u0131rma asistan\u0131d\u0131r. En b\u00fcy\u00fck fark\u0131, sordu\u011funuz ara\u015ft\u0131rma sorusuna y\u00f6nelik bilimsel makaleleri sadece bulmakla kalmay\u0131p; bu makalelerdeki kat\u0131l\u0131mc\u0131 say\u0131s\u0131, ara\u015ft\u0131rma y\u00f6ntemi, temel bulgular ve k\u0131s\u0131tl\u0131l\u0131klar gibi spesifik verileri otonom olarak \u00e7ekerek kar\u015f\u0131la\u015ft\u0131rmal\u0131 tablolar (matrisler) halinde sunabilmesidir. Y\u00fczlerce PDF dosyas\u0131n\u0131 tek tek okuma ve manuel veri \u00e7\u0131karma engelini ortadan kald\u0131rarak derinlemesine literat\u00fcr analizi deneyimini tamamen de\u011fi\u015ftirir.<\/span><\/div>\n<div>&nbsp;<\/div>\n<div>\n<h3>E\u011fitimde Kullan\u0131m Alanlar\u0131<\/h3>\n<p style=\"margin-bottom: 1rem;line-height: 1.5em\"><span style=\"font-size: 1rem;letter-spacing: 0px\">E\u011fitimciler ve ara\u015ft\u0131rmac\u0131lar i\u00e7in Elicit AI, yorulmak bilmeyen bir veri \u00e7\u0131kar\u0131m uzman\u0131 ve dijital k\u00fct\u00fcphaneci gibi \u00e7al\u0131\u015f\u0131r. Saatlerce s\u00fcren makale tarama, metodoloji kar\u015f\u0131la\u015ft\u0131rma ve sonu\u00e7 sentezleme i\u015flerini dakikalar i\u00e7inde yap\u0131land\u0131r\u0131lm\u0131\u015f tablolara d\u00f6n\u00fc\u015ft\u00fcrmenizi sa\u011flar. \u00d6zellikle tez yaz\u0131m s\u00fcre\u00e7lerinde, kapsaml\u0131 literat\u00fcr incelemelerinde ve meta-analiz \u00e7al\u0131\u015fmalar\u0131nda ara\u015ft\u0131rman\u0131n teorik zeminini olu\u015ftururken operasyonel y\u00fck\u00fc ciddi \u015fekilde hafifletir.<\/span><\/p>\n<h3>\u00d6\u011frenciler \u0130\u00e7in<\/h3>\n<p style=\"margin-bottom: 1rem;line-height: 1.5em\"><span style=\"font-size: 1rem;letter-spacing: 0px\">\u00d6\u011frenciler bu arac\u0131 zorlu ara\u015ft\u0131rma \u00f6devlerinde ve bitirme projelerinde literat\u00fcr\u00fc haritaland\u0131rmak i\u00e7in hayat kurtar\u0131c\u0131 bir yard\u0131mc\u0131 olarak kullanabilir. Makalelerin sadece \u00f6zetlerini (abstract) okuyup ge\u00e7mek yerine, Elicit AI&#8217;a istedikleri spesifik de\u011fi\u015fkenleri sorarak (\u00f6rne\u011fin; &#8220;Kullan\u0131lan veri toplama arac\u0131 nedir?&#8221;, &#8220;\u00d6rneklem ya\u015f grubu nedir?&#8221;) do\u011frudan makale i\u00e7inden bu verileri bulup \u00e7\u0131karmas\u0131n\u0131 isteyebilirler. Karma\u015f\u0131k akademik metinleri veri odakl\u0131 bir \u015fekilde par\u00e7alara ay\u0131rd\u0131\u011f\u0131 i\u00e7in, bilimsel okuryazarl\u0131k becerilerini geli\u015ftirmelerine yard\u0131mc\u0131 olur.<\/span><\/p>\n<h3 data-path-to-node=\"6\"><span style=\"font-size: 1.75rem;letter-spacing: 0px\">\u00d6nemli Akademik Uyar\u0131<\/span><\/h3>\n<p style=\"margin-bottom: 1rem;line-height: 1.5em\"><span style=\"font-size: 1rem;letter-spacing: 0px\">Elicit AI, metin madencili\u011fi ve yap\u0131land\u0131r\u0131lm\u0131\u015f veri \u00e7\u0131karma konusunda \u00e7ok ba\u015far\u0131l\u0131 olsa da, makalelerin karma\u015f\u0131k metodolojik n\u00fcanslar\u0131n\u0131, istatistiksel s\u0131n\u0131rlar\u0131n\u0131 veya ba\u011flam\u0131n\u0131 atlama riski ta\u015f\u0131yabilir. Sistemin olu\u015fturdu\u011fu kar\u015f\u0131la\u015ft\u0131rmal\u0131 tablolardaki verilerin do\u011frulu\u011fu ve makalenin as\u0131l ba\u011flam\u0131ndan kopup kopmad\u0131\u011f\u0131 mutlaka teyit edilmelidir. Bu ara\u00e7 sizin yerinize karar veren bir yazar de\u011fil, devasa literat\u00fcrdeki kan\u0131tlar\u0131 h\u0131zl\u0131ca organize etmenizi sa\u011flayan g\u00fc\u00e7l\u00fc bir &#8220;sistematik tarama ve sentez arac\u0131&#8221; olarak konumland\u0131r\u0131lmal\u0131d\u0131r.<\/span><\/p>\n<h3 data-path-to-node=\"10\"><span style=\"font-size: 1.75rem;letter-spacing: 0px\">Nas\u0131l Eri\u015filir?<\/span><\/h3>\n<p style=\"margin-bottom: 1rem;line-height: 1.5em\"><a href=\"https:\/\/elicit.com\" target=\"_blank\" rel=\"noopener\" data-hveid=\"0\" data-ved=\"0CAAQ_4QMahgKEwj-sLH9nMKTAxUAAAAAHQAAAAAQigI\">https:\/\/elicit.com<\/a><span style=\"font-size: 1rem;letter-spacing: 0px\"> adresi \u00fczerinden \u00fccretsiz hesap olu\u015fturarak milyonlarca akademik yay\u0131n\u0131 bar\u0131nd\u0131ran veri taban\u0131nda arama yapmaya, kendi makalelerinizi y\u00fcklemeye ve veri \u00e7\u0131karma tablolar\u0131n\u0131z\u0131 olu\u015fturmaya hemen ba\u015flayabilirsiniz.<\/span><\/p>\n<h3 data-path-to-node=\"12\"><span style=\"font-size: 1.75rem;letter-spacing: 0px\">Akademisyenler \u0130\u00e7in: Sistematik Veri \u00c7\u0131kar\u0131m\u0131 ve Sentez<\/span><\/h3>\n<p style=\"margin-bottom: 1rem;line-height: 1.5em\"><span style=\"font-size: 1rem;letter-spacing: 0px\">Akademik d\u00fcnyada onlarca makaleyi okumak, i\u00e7lerindeki spesifik bulgular\u0131 ay\u0131klamak ve birbiriyle k\u0131yaslamak i\u00e7in harcanan zaman\u0131 minimuma indirmek b\u00fcy\u00fck konfordur. Elicit AI bu analitik g\u00fcc\u00fc ve esnekli\u011fi sa\u011flar. \u0130\u015fte kullanabilece\u011finiz baz\u0131 senaryolar:<\/span><\/p>\n<h6><span data-path-to-node=\"14\" data-index-in-node=\"0\">Otomatik Literat\u00fcr Matrisi (Table) Olu\u015fturma<\/span><\/h6>\n<p style=\"margin-bottom: 1rem;line-height: 1.5em\">Belirli bir konudaki makalelerden spesifik de\u011fi\u015fkenleri \u00e7ekerek yap\u0131land\u0131r\u0131lm\u0131\u015f bir tablo elde etmek i\u00e7in \u015fu komutu kullanabilirsiniz:<\/p>\n<blockquote>\n<p style=\"margin-bottom: 1rem;line-height: 1.5em\">E\u011fitimde Tersy\u00fcz S\u0131n\u0131f (Flipped Classroom) Modelinin Ba\u015far\u0131ya Etkisi&#8217; konulu ampirik \u00e7al\u0131\u015fmalar\u0131 bul. Bu makalelerden; \u00f6rneklem b\u00fcy\u00fckl\u00fc\u011f\u00fc, kullan\u0131lan ara\u015ft\u0131rma deseni (metodoloji), m\u00fcdahale s\u00fcresi ve temel bulgular s\u00fctunlar\u0131n\u0131 i\u00e7eren detayl\u0131 bir kar\u015f\u0131la\u015ft\u0131rma tablosu olu\u015ftur.<\/p>\n<\/blockquote>\n<h6><span data-path-to-node=\"15\" data-index-in-node=\"0\">Spesifik Soruya Kan\u0131ta Dayal\u0131 Yan\u0131t Bulma<\/span><\/h6>\n<p style=\"margin-bottom: 1rem;line-height: 1.5em\">Literat\u00fcrdeki kaynaklar \u00fczerinden do\u011frudan nokta at\u0131\u015f\u0131 bir soruya cevap aramak i\u00e7in \u015fu y\u00f6ntemi deneyebilirsiniz:<\/p>\n<blockquote>\n<p style=\"margin-bottom: 1rem;line-height: 1.5em\">Konuyla ilgili literat\u00fcr\u00fc tara ve \u015fu soruyu cevapla: &#8216;S\u0131n\u0131f i\u00e7i teknolojinin dikkat da\u011f\u0131t\u0131c\u0131 etkilerini azaltmak i\u00e7in ara\u015ft\u0131rmac\u0131lar\u0131n \u00f6nerdi\u011fi en etkili pedagojik stratejiler nelerdir?&#8217; Buldu\u011fun her stratejiyi, onu \u00f6neren makalenin referans\u0131yla birlikte listele.<\/p>\n<\/blockquote>\n<h6><span style=\"font-size: 1rem;letter-spacing: 0px\">\u00d6l\u00e7ek ve Metodoloji Taramas\u0131<\/span><\/h6>\n<p style=\"margin-bottom: 1rem;line-height: 1.5em\">Literat\u00fcrde bir kavram\u0131n nas\u0131l \u00f6l\u00e7\u00fcld\u00fc\u011f\u00fcn\u00fc h\u0131zl\u0131ca ke\u015ffetmek i\u00e7in \u015fu komut etkilidir:<\/p>\n<blockquote>\n<p style=\"margin-bottom: 1rem;line-height: 1.5em\">\u00d6\u011fretmen T\u00fckenmi\u015fli\u011fi&#8217; (Teacher Burnout) kavram\u0131n\u0131n son 5 y\u0131ldaki \u00e7al\u0131\u015fmalarda nas\u0131l operasyonelle\u015ftirildi\u011fini analiz et. Makalelerde en s\u0131k kullan\u0131lan \u00f6l\u00e7ekleri, ge\u00e7erlilik\/g\u00fcvenilirlik katsay\u0131lar\u0131n\u0131 ve veri toplama ara\u00e7lar\u0131n\u0131 listeleyen bir \u00f6zet sun.<\/p>\n<\/blockquote>\n<h6><span data-path-to-node=\"17\" data-index-in-node=\"0\">Kendi PDF Ar\u015fivinizle (Upload) Sentez Yapma<\/span><\/h6>\n<p style=\"margin-bottom: 1rem;line-height: 1.5em\">D\u0131\u015f veri taban\u0131 yerine kendi belirledi\u011finiz makalelerden veri ay\u0131klamak i\u00e7in \u015fu komut etkilidir:<\/p>\n<blockquote>\n<p style=\"margin-bottom: 1rem;line-height: 1.5em\">Sisteme y\u00fckledi\u011fim bu 20 adet PDF format\u0131ndaki hakemli makaleyi tara. Sadece bu makaleleri referans alarak, her bir \u00e7al\u0131\u015fman\u0131n odakland\u0131\u011f\u0131 ara\u015ft\u0131rma k\u0131s\u0131tl\u0131l\u0131klar\u0131n\u0131 (limitations) ve gelecekteki ara\u015ft\u0131rmac\u0131lara sunduklar\u0131 \u00f6nerileri (future directions) tablo halinde \u00e7\u0131kar.<\/p>\n<\/blockquote>\n<h6>\u00d6rnek Prompt K\u00fct\u00fcphanesi<\/h6>\n<p style=\"margin-bottom: 1rem;line-height: 1.5em\">Kapsaml\u0131 bir sistematik literat\u00fcr taramas\u0131 s\u00fcrecinin temel iskeletini tek seferde haz\u0131rlamak istiyorsan\u0131z arama \u00e7ubu\u011funa \u015fu komutu verebilirsiniz:<\/p>\n<blockquote>\n<p style=\"margin-bottom: 1rem;line-height: 1.5em\">Benim i\u00e7in Yapay Zek\u00e2n\u0131n Y\u00fcksek\u00f6\u011fretimde Akademik D\u00fcr\u00fcstl\u00fc\u011fe Etkisi&#8217; konusunda geni\u015f \u00e7apl\u0131 bir literat\u00fcr incelemesi y\u00fcr\u00fct. En \u00e7ok at\u0131f alan g\u00fcncel 10 makaleyi bul; bu makalelerin ara\u015ft\u0131rma sorusunu, kat\u0131l\u0131mc\u0131 demografisini, kullan\u0131lan intihal tespit y\u00f6ntemlerini ve yazarlar\u0131n temel arg\u00fcman\u0131n\u0131 \u00e7\u0131kar. Ard\u0131ndan t\u00fcm bu verileri sentezleyerek, bu alandaki mevcut literat\u00fcr bo\u015fluklar\u0131n\u0131 (research gap) belirten yap\u0131land\u0131r\u0131lm\u0131\u015f bir rapor yaz.<\/p>\n<\/blockquote>\n<\/div>\t\t\t\t\t\t\t\t<\/div>\n\t\t\t\t<\/div>\n\t\t\t\t\t<\/div>\n\t\t<\/div>\n\t\t\t\t\t<\/div>\n\t\t<\/section>\n\t\t\t\t<section class=\"elementor-section elementor-top-section elementor-element elementor-element-a761a8b elementor-section-boxed elementor-section-height-default elementor-section-height-default\" data-id=\"a761a8b\" data-element_type=\"section\">\n\t\t\t\t\t\t<div class=\"elementor-container elementor-column-gap-default\">\n\t\t\t\t\t<div class=\"elementor-column elementor-col-100 elementor-top-column elementor-element elementor-element-b1de547\" data-id=\"b1de547\" data-element_type=\"column\">\n\t\t\t<div class=\"elementor-widget-wrap elementor-element-populated\">\n\t\t\t\t\t\t<div class=\"elementor-element elementor-element-cabd55f elementor-widget elementor-widget-button\" data-id=\"cabd55f\" data-element_type=\"widget\" data-widget_type=\"button.default\">\n\t\t\t\t<div class=\"elementor-widget-container\">\n\t\t\t\t\t\t\t\t\t<div class=\"elementor-button-wrapper\">\n\t\t\t\t\t<a class=\"elementor-button elementor-button-link elementor-size-sm\" href=\"http:\/\/elicit.com\" target=\"_blank\">\n\t\t\t\t\t\t<span class=\"elementor-button-content-wrapper\">\n\t\t\t\t\t\t\t\t\t<span class=\"elementor-button-text\">Buraya t\u0131kla<\/span>\n\t\t\t\t\t<\/span>\n\t\t\t\t\t<\/a>\n\t\t\t\t<\/div>\n\t\t\t\t\t\t\t\t<\/div>\n\t\t\t\t<\/div>\n\t\t\t\t\t<\/div>\n\t\t<\/div>\n\t\t\t\t\t<\/div>\n\t\t<\/section>\n\t\t\t\t<\/div>\n\t\t","protected":false},"excerpt":{"rendered":"<p>Elicit Nedir ve Neden \u00d6nemlidir ?&nbsp; Elicit AI, literat\u00fcr taramas\u0131 s\u00fcrecini ve sistematik derlemeleri (systematic review) otomatize etmek i\u00e7in \u00f6zel olarak geli\u015ftirilmi\u015f yapay zek\u00e2 destekli bir ara\u015ft\u0131rma asistan\u0131d\u0131r. En b\u00fcy\u00fck fark\u0131, sordu\u011funuz ara\u015ft\u0131rma sorusuna y\u00f6nelik bilimsel makaleleri sadece bulmakla kalmay\u0131p; bu makalelerdeki kat\u0131l\u0131mc\u0131 say\u0131s\u0131, ara\u015ft\u0131rma y\u00f6ntemi, temel bulgular ve k\u0131s\u0131tl\u0131l\u0131klar gibi spesifik verileri otonom olarak [&hellip;]<\/p>\n","protected":false},"author":666,"featured_media":0,"parent":0,"menu_order":0,"comment_status":"closed","ping_status":"closed","template":"","meta":{"footnotes":""},"class_list":["post-9818","page","type-page","status-publish","hentry"],"_links":{"self":[{"href":"https:\/\/atauni.edu.tr\/ogretme-ve-ogrenmeyi-gelistirme-uygulama-ve-arastirma-merkezi\/wp-json\/wp\/v2\/pages\/9818","targetHints":{"allow":["GET"]}}],"collection":[{"href":"https:\/\/atauni.edu.tr\/ogretme-ve-ogrenmeyi-gelistirme-uygulama-ve-arastirma-merkezi\/wp-json\/wp\/v2\/pages"}],"about":[{"href":"https:\/\/atauni.edu.tr\/ogretme-ve-ogrenmeyi-gelistirme-uygulama-ve-arastirma-merkezi\/wp-json\/wp\/v2\/types\/page"}],"author":[{"embeddable":true,"href":"https:\/\/atauni.edu.tr\/ogretme-ve-ogrenmeyi-gelistirme-uygulama-ve-arastirma-merkezi\/wp-json\/wp\/v2\/users\/666"}],"replies":[{"embeddable":true,"href":"https:\/\/atauni.edu.tr\/ogretme-ve-ogrenmeyi-gelistirme-uygulama-ve-arastirma-merkezi\/wp-json\/wp\/v2\/comments?post=9818"}],"version-history":[{"count":7,"href":"https:\/\/atauni.edu.tr\/ogretme-ve-ogrenmeyi-gelistirme-uygulama-ve-arastirma-merkezi\/wp-json\/wp\/v2\/pages\/9818\/revisions"}],"predecessor-version":[{"id":9829,"href":"https:\/\/atauni.edu.tr\/ogretme-ve-ogrenmeyi-gelistirme-uygulama-ve-arastirma-merkezi\/wp-json\/wp\/v2\/pages\/9818\/revisions\/9829"}],"wp:attachment":[{"href":"https:\/\/atauni.edu.tr\/ogretme-ve-ogrenmeyi-gelistirme-uygulama-ve-arastirma-merkezi\/wp-json\/wp\/v2\/media?parent=9818"}],"curies":[{"name":"wp","href":"https:\/\/api.w.org\/{rel}","templated":true}]}}