{"id":9843,"date":"2026-03-28T15:22:57","date_gmt":"2026-03-28T12:22:57","guid":{"rendered":"https:\/\/atauni.edu.tr\/ogretme-ve-ogrenmeyi-gelistirme-uygulama-ve-arastirma-merkezi\/?page_id=9843"},"modified":"2026-03-28T15:23:48","modified_gmt":"2026-03-28T12:23:48","slug":"notion","status":"publish","type":"page","link":"https:\/\/atauni.edu.tr\/ogretme-ve-ogrenmeyi-gelistirme-uygulama-ve-arastirma-merkezi\/notion\/","title":{"rendered":"Notion"},"content":{"rendered":"\t\t<div data-elementor-type=\"wp-page\" data-elementor-id=\"9843\" class=\"elementor elementor-9843\" data-elementor-post-type=\"page\">\n\t\t\t\t\t\t<section class=\"elementor-section elementor-top-section elementor-element elementor-element-ea822df elementor-section-boxed elementor-section-height-default elementor-section-height-default\" data-id=\"ea822df\" data-element_type=\"section\">\n\t\t\t\t\t\t<div class=\"elementor-container elementor-column-gap-default\">\n\t\t\t\t\t<div class=\"elementor-column elementor-col-100 elementor-top-column elementor-element elementor-element-f933e32\" data-id=\"f933e32\" data-element_type=\"column\">\n\t\t\t<div class=\"elementor-widget-wrap elementor-element-populated\">\n\t\t\t\t\t\t<div class=\"elementor-element elementor-element-951bf85 elementor-widget elementor-widget-image\" data-id=\"951bf85\" data-element_type=\"widget\" data-widget_type=\"image.default\">\n\t\t\t\t<div class=\"elementor-widget-container\">\n\t\t\t\t\t\t\t\t\t\t\t\t\t\t\t<img decoding=\"async\" width=\"150\" height=\"150\" src=\"https:\/\/atauni.edu.tr\/ogretme-ve-ogrenmeyi-gelistirme-uygulama-ve-arastirma-merkezi\/wp-content\/uploads\/sites\/817\/2026\/03\/Notion-eklenecek-150x150.png\" class=\"attachment-thumbnail size-thumbnail wp-image-9844\" alt=\"\" srcset=\"https:\/\/atauni.edu.tr\/ogretme-ve-ogrenmeyi-gelistirme-uygulama-ve-arastirma-merkezi\/wp-content\/uploads\/sites\/817\/2026\/03\/Notion-eklenecek-150x150.png 150w, https:\/\/atauni.edu.tr\/ogretme-ve-ogrenmeyi-gelistirme-uygulama-ve-arastirma-merkezi\/wp-content\/uploads\/sites\/817\/2026\/03\/Notion-eklenecek.png 300w\" sizes=\"(max-width: 150px) 100vw, 150px\" \/>\t\t\t\t\t\t\t\t\t\t\t\t\t\t\t<\/div>\n\t\t\t\t<\/div>\n\t\t\t\t\t<\/div>\n\t\t<\/div>\n\t\t\t\t\t<\/div>\n\t\t<\/section>\n\t\t\t\t<section class=\"elementor-section elementor-top-section elementor-element elementor-element-2534758 elementor-section-boxed elementor-section-height-default elementor-section-height-default\" data-id=\"2534758\" data-element_type=\"section\">\n\t\t\t\t\t\t<div class=\"elementor-container elementor-column-gap-default\">\n\t\t\t\t\t<div class=\"elementor-column elementor-col-100 elementor-top-column elementor-element elementor-element-40bdb87\" data-id=\"40bdb87\" data-element_type=\"column\">\n\t\t\t<div class=\"elementor-widget-wrap elementor-element-populated\">\n\t\t\t\t\t\t<div class=\"elementor-element elementor-element-28c0cd7 elementor-widget elementor-widget-text-editor\" data-id=\"28c0cd7\" data-element_type=\"widget\" data-widget_type=\"text-editor.default\">\n\t\t\t\t<div class=\"elementor-widget-container\">\n\t\t\t\t\t\t\t\t\t<h2>Notion AI Nedir ve Neden \u00d6nemlidir?<\/h2><p style=\"margin-bottom: 1rem;line-height: 1.5em\"><span style=\"font-size: 1rem;letter-spacing: 0px\">Notion AI, mevcut \u00e7al\u0131\u015fma alan\u0131n\u0131za entegre olarak not alma, proje y\u00f6netimi ve metin \u00fcretimi s\u00fcre\u00e7lerini zekile\u015ftiren yerle\u015fik bir yapay zek\u00e2 asistan\u0131d\u0131r. En b\u00fcy\u00fck fark\u0131, da\u011f\u0131n\u0131k fikirleri, toplant\u0131 notlar\u0131n\u0131 veya d\u00fczensiz verileri an\u0131nda yap\u0131land\u0131r\u0131lm\u0131\u015f tablolara, \u00f6zetlere ve eylem planlar\u0131na d\u00f6n\u00fc\u015ft\u00fcrebilmesidir. Farkl\u0131 pencereler veya uygulamalar aras\u0131nda ge\u00e7i\u015f yapma zorunlulu\u011funu ortadan kald\u0131rarak, do\u011frudan belge i\u00e7inde yazma, d\u00fczenleme ve bilgi organize etme deneyimini tamamen de\u011fi\u015ftirir.<\/span><\/p><h3>E\u011fitimde Kullan\u0131m Alanlar\u0131<\/h3><p style=\"margin-bottom: 1rem;line-height: 1.5em\"><span style=\"font-size: 1rem;letter-spacing: 0px\">E\u011fitimciler ve \u00f6\u011frenciler i\u00e7in Notion AI, ki\u015fisel bir bilgi mimar\u0131 ve edit\u00f6r gibi \u00e7al\u0131\u015f\u0131r. Uzun makaleleri \u00f6zetlemek, ders izlencelerini (syllabus) taslak haline getirmek veya ara\u015ft\u0131rma notlar\u0131ndaki gramer hatalar\u0131n\u0131 d\u00fczeltmek i\u00e7in saniyeler i\u00e7inde sonu\u00e7 alman\u0131z\u0131 sa\u011flar. \u00d6zellikle akademik okuma notlar\u0131n\u0131 tasnif etmede, grup projelerinin g\u00f6rev da\u011f\u0131l\u0131m\u0131n\u0131 optimize etmede ve karma\u015f\u0131k d\u00fc\u015f\u00fcnceleri net, okunabilir bir formata sokmada y\u00fck\u00fc ciddi \u015fekilde hafifletir.<\/span><\/p><h3>\u00d6\u011frenciler \u0130\u00e7in<\/h3><p style=\"margin-bottom: 1rem;line-height: 1.5em\"><span style=\"font-size: 1rem;letter-spacing: 0px\">\u00d6\u011frenciler bu arac\u0131 ders notlar\u0131n\u0131 d\u00fczenlemek ve yaz\u0131m s\u00fcre\u00e7lerindeki t\u0131kan\u0131kl\u0131klar\u0131 a\u015fmak i\u00e7in hayat kurtar\u0131c\u0131 bir \u00e7al\u0131\u015fma arkada\u015f\u0131 olarak kullanabilir. S\u0131n\u0131fta ald\u0131klar\u0131 kar\u0131\u015f\u0131k ve eksik notlar\u0131 Notion AI arac\u0131na verip, &#8220;Bu notlar\u0131 konular\u0131na g\u00f6re yap\u0131land\u0131r ve temel kavramlar\u0131 kal\u0131n harflerle belirginle\u015ftir&#8221; diyerek d\u00fczenli bir \u00e7al\u0131\u015fma rehberi elde edebilirler. Ayr\u0131ca tez veya makale yazarken, t\u0131kand\u0131klar\u0131 noktalarda yapay zek\u00e2dan fikir \u00fcretmesini, metnin tonunu akademik bir dile \u00e7evirmesini veya uzun paragraflar\u0131 daha ak\u0131c\u0131 hale getirmesini isteyebilirler.<\/span><\/p><h3>\u00d6nemli Akademik Uyar\u0131<\/h3><p style=\"margin-bottom: 1rem;line-height: 1.5em\"><span style=\"font-size: 1rem;letter-spacing: 0px\">Notion AI g\u00fc\u00e7l\u00fc bir metin i\u015fleme ve d\u00fczenleme arac\u0131 olsa da, s\u0131f\u0131rdan akademik bilgi \u00fcretimi (hal\u00fcsinasyon) veya d\u0131\u015far\u0131dan bilimsel kaynak bulma konusunda bir ara\u015ft\u0131rma motoru de\u011fildir. \u00dcretti\u011fi metinlerin do\u011frulu\u011fu ve \u00f6zg\u00fcnl\u00fc\u011f\u00fc her zaman sizin sa\u011flad\u0131\u011f\u0131n\u0131z ba\u011flama dayan\u0131r. Bu platform ba\u011f\u0131ms\u0131z bir yazar veya literat\u00fcr tarama arac\u0131 olarak de\u011fil, kendi notlar\u0131n\u0131z\u0131 ve taslaklar\u0131n\u0131z\u0131 en iyi formata sokan, fikirlerinizi geli\u015ftiren bir &#8220;verimlilik ve d\u00fczenleme asistan\u0131&#8221; olarak konumland\u0131r\u0131lmal\u0131d\u0131r.<\/span><\/p><h3>Nas\u0131l Eri\u015filir?<\/h3><p style=\"margin-bottom: 1rem;line-height: 1.5em\"><a href=\"https:\/\/www.notion.so\" target=\"_blank\" rel=\"noopener\" data-hveid=\"0\" data-ved=\"0CAAQ_4QMahgKEwj-sLH9nMKTAxUAAAAAHQAAAAAQswI\">https:\/\/www.notion.so<\/a><span style=\"font-size: 1rem;letter-spacing: 0px\"> adresi \u00fczerinden \u00fccretsiz hesap olu\u015fturup bir \u00e7al\u0131\u015fma alan\u0131 a\u00e7t\u0131\u011f\u0131n\u0131zda, herhangi bir sayfada bo\u015fluk tu\u015funa (space) basarak yerle\u015fik yapay zek\u00e2 \u00f6zelliklerini hemen kullanmaya ba\u015flayabilirsiniz.<\/span><\/p><h3><span style=\"font-size: 1.75rem;letter-spacing: 0px\">Akademisyenler \u0130\u00e7in: Yapay Zek\u00e2 Destekli Bilgi Y\u00f6netimi<\/span><\/h3><p style=\"margin-bottom: 1rem;line-height: 1.5em\"><span style=\"font-size: 1rem;letter-spacing: 0px\">Akademik d\u00fcnyada ara\u015ft\u0131rma verilerini organize etmek, taslaklar\u0131 d\u00fczenlemek ve projeleri y\u00f6netmek i\u00e7in harcanan zaman\u0131 minimuma indirmek b\u00fcy\u00fck konfordur. Notion AI bu h\u0131z\u0131 ve esnekli\u011fi sa\u011flar. \u0130\u015fte kullanabilece\u011finiz baz\u0131 senaryolar:<\/span><\/p><h6><span data-path-to-node=\"14\" data-index-in-node=\"0\">Karma\u015f\u0131k Notlar\u0131n Sentezlenmesi ve Yap\u0131land\u0131r\u0131lmas\u0131<\/span><\/h6><p style=\"margin-bottom: 1rem;line-height: 1.5em\">Farkl\u0131 kaynaklardan ald\u0131\u011f\u0131n\u0131z da\u011f\u0131n\u0131k okuma notlar\u0131n\u0131 anlaml\u0131 bir b\u00fct\u00fcn haline getirmek i\u00e7in \u015fu komutu kullanabilirsiniz:<\/p><blockquote><p style=\"margin-bottom: 1rem;line-height: 1.5em\">Bu sayfadaki kar\u0131\u015f\u0131k makale okuma notlar\u0131m\u0131 incele. Yazar\u0131n temel arg\u00fcman\u0131n\u0131, ara\u015ft\u0131rma y\u00f6ntemini ve bulgular\u0131n\u0131 i\u00e7eren \u00fc\u00e7 b\u00f6l\u00fcml\u00fck bir \u00f6zet \u00e7\u0131kar. Son olarak, bu makalenin benim tez konum olan &#8216;E\u011fitimde Oyunla\u015ft\u0131rma&#8217; ile nas\u0131l ili\u015fkilendirilebilece\u011fine dair iki paragrafl\u0131k bir sentez yaz<\/p><\/blockquote><h6><span data-path-to-node=\"15\" data-index-in-node=\"0\">Akademik Dil ve \u00dcslup D\u00fczenlemesi<\/span><\/h6><p style=\"margin-bottom: 1rem;line-height: 1.5em\">Yazd\u0131\u011f\u0131n\u0131z bir makale tasla\u011f\u0131n\u0131n tonunu iyile\u015ftirmek ve daha profesyonel hale getirmek i\u00e7in metni se\u00e7ip \u015fu komutu verebilirsiniz:<\/p><blockquote><p style=\"margin-bottom: 1rem;line-height: 1.5em\">Yazd\u0131\u011f\u0131m bu &#8216;Giri\u015f&#8217; b\u00f6l\u00fcm\u00fcn\u00fcn tonunu daha resmi ve akademik bir \u00fcsluba (academic tone) \u00e7evir. Tekrarlanan kelimeleri e\u015fanlaml\u0131lar\u0131yla de\u011fi\u015ftir, uzun ve karma\u015f\u0131k c\u00fcmleleri daha anla\u015f\u0131l\u0131r olacak \u015fekilde yeniden yap\u0131land\u0131r ve yaz\u0131m hatalar\u0131n\u0131 d\u00fczelt.<\/p><\/blockquote><h6><span data-path-to-node=\"16\" data-index-in-node=\"0\">Toplant\u0131 Sonu\u00e7lar\u0131n\u0131n Eylem Plan\u0131na D\u00f6n\u00fc\u015ft\u00fcr\u00fclmesi<\/span><\/h6><p style=\"margin-bottom: 1rem;line-height: 1.5em\">Ara\u015ft\u0131rma ekibinizle yapt\u0131\u011f\u0131n\u0131z toplant\u0131 notlar\u0131n\u0131 i\u015flenebilir g\u00f6revlere d\u00f6n\u00fc\u015ft\u00fcrmek i\u00e7in \u015fu komut etkilidir:<\/p><blockquote><p style=\"margin-bottom: 1rem;line-height: 1.5em\">A\u015fa\u011f\u0131daki ham toplant\u0131 d\u00f6k\u00fcm\u00fcn\u00fc analiz et. Al\u0131nan temel kararlar\u0131 madde imleri ile \u00f6zetle. Ard\u0131ndan, projede kimin hangi g\u00f6revi (veri toplama, literat\u00fcr taramas\u0131, analiz) ne zamana kadar yapaca\u011f\u0131n\u0131 g\u00f6steren bir g\u00f6rev tablosu olu\u015ftur.<\/p><\/blockquote><h6><span data-path-to-node=\"17\" data-index-in-node=\"0\">Ders Materyali ve \u0130zlence Tasla\u011f\u0131 \u00dcretimi<\/span><\/h6><p style=\"margin-bottom: 1rem;line-height: 1.5em\">Yeni bir dersin \u00e7er\u00e7evesini h\u0131zl\u0131ca kurmak i\u00e7in bo\u015f bir sayfada \u015fu komut etkilidir:<\/p><blockquote><p style=\"margin-bottom: 1rem;line-height: 1.5em\">Gelecek Teorileri ve Teknoloji&#8217; konulu lisans seviyesindeki 14 haftal\u0131k bir ders i\u00e7in yap\u0131land\u0131r\u0131lm\u0131\u015f bir izlence (syllabus) tasla\u011f\u0131 olu\u015ftur. Her hafta i\u00e7in i\u015flenecek ana ba\u015fl\u0131klar\u0131, tart\u0131\u015fma sorular\u0131n\u0131 ve f\u00fct\u00fcristik yakla\u015f\u0131mlar\u0131 i\u00e7erecek \u015fekilde bir tablo format\u0131nda bana sun.<\/p><\/blockquote><h6>\u00d6rnek Prompt K\u00fct\u00fcphanesi<\/h6><p style=\"margin-bottom: 1rem;line-height: 1.5em\">Kapsaml\u0131 bir ara\u015ft\u0131rma projesinin ba\u015flang\u0131\u00e7 plan\u0131n\u0131 ve literat\u00fcr tasla\u011f\u0131n\u0131 tek seferde olu\u015fturmak istiyorsan\u0131z \u015fu komutu kullanabilirsiniz:<\/p><blockquote><p style=\"margin-bottom: 1rem;line-height: 1.5em\">Benim i\u00e7in &#8216;Yapay Zek\u00e2n\u0131n \u00d6\u011frenci Motivasyonuna Etkisi&#8217; konulu bir ara\u015ft\u0131rma makalesinin temel iskeletini olu\u015ftur. Ba\u015fl\u0131k, \u00f6zet (abstract) tasla\u011f\u0131, giri\u015f, literat\u00fcr taramas\u0131 ba\u015fl\u0131klar\u0131, metodoloji alternatifleri ve beklenen sonu\u00e7lar k\u0131s\u0131mlar\u0131n\u0131 i\u00e7eren yap\u0131land\u0131r\u0131lm\u0131\u015f bir sayfa \u015fablonu haz\u0131rla. Literat\u00fcr b\u00f6l\u00fcm\u00fc i\u00e7in incelenmesi gereken olas\u0131 alt temalar\u0131 (\u00f6rne\u011fin; otonomi, geri bildirim h\u0131z\u0131) madde madde listele.<\/p><\/blockquote>\t\t\t\t\t\t\t\t<\/div>\n\t\t\t\t<\/div>\n\t\t\t\t\t<\/div>\n\t\t<\/div>\n\t\t\t\t\t<\/div>\n\t\t<\/section>\n\t\t\t\t<section class=\"elementor-section elementor-top-section elementor-element elementor-element-175e090 elementor-section-boxed elementor-section-height-default elementor-section-height-default\" data-id=\"175e090\" data-element_type=\"section\">\n\t\t\t\t\t\t<div class=\"elementor-container elementor-column-gap-default\">\n\t\t\t\t\t<div class=\"elementor-column elementor-col-100 elementor-top-column elementor-element elementor-element-3f2488e\" data-id=\"3f2488e\" data-element_type=\"column\">\n\t\t\t<div class=\"elementor-widget-wrap elementor-element-populated\">\n\t\t\t\t\t\t<div class=\"elementor-element elementor-element-d8e7cac elementor-widget elementor-widget-button\" data-id=\"d8e7cac\" data-element_type=\"widget\" data-widget_type=\"button.default\">\n\t\t\t\t<div class=\"elementor-widget-container\">\n\t\t\t\t\t\t\t\t\t<div class=\"elementor-button-wrapper\">\n\t\t\t\t\t<a class=\"elementor-button elementor-button-link elementor-size-sm\" href=\"http:\/\/notion.com\" target=\"_blank\">\n\t\t\t\t\t\t<span class=\"elementor-button-content-wrapper\">\n\t\t\t\t\t\t\t\t\t<span class=\"elementor-button-text\">Buraya t\u0131kla<\/span>\n\t\t\t\t\t<\/span>\n\t\t\t\t\t<\/a>\n\t\t\t\t<\/div>\n\t\t\t\t\t\t\t\t<\/div>\n\t\t\t\t<\/div>\n\t\t\t\t\t<\/div>\n\t\t<\/div>\n\t\t\t\t\t<\/div>\n\t\t<\/section>\n\t\t\t\t<\/div>\n\t\t","protected":false},"excerpt":{"rendered":"<p>Notion AI Nedir ve Neden \u00d6nemlidir? Notion AI, mevcut \u00e7al\u0131\u015fma alan\u0131n\u0131za entegre olarak not alma, proje y\u00f6netimi ve metin \u00fcretimi s\u00fcre\u00e7lerini zekile\u015ftiren yerle\u015fik bir yapay zek\u00e2 asistan\u0131d\u0131r. En b\u00fcy\u00fck fark\u0131, da\u011f\u0131n\u0131k fikirleri, toplant\u0131 notlar\u0131n\u0131 veya d\u00fczensiz verileri an\u0131nda yap\u0131land\u0131r\u0131lm\u0131\u015f tablolara, \u00f6zetlere ve eylem planlar\u0131na d\u00f6n\u00fc\u015ft\u00fcrebilmesidir. Farkl\u0131 pencereler veya uygulamalar aras\u0131nda ge\u00e7i\u015f yapma zorunlulu\u011funu ortadan kald\u0131rarak, [&hellip;]<\/p>\n","protected":false},"author":666,"featured_media":0,"parent":0,"menu_order":0,"comment_status":"closed","ping_status":"closed","template":"","meta":{"footnotes":""},"class_list":["post-9843","page","type-page","status-publish","hentry"],"_links":{"self":[{"href":"https:\/\/atauni.edu.tr\/ogretme-ve-ogrenmeyi-gelistirme-uygulama-ve-arastirma-merkezi\/wp-json\/wp\/v2\/pages\/9843","targetHints":{"allow":["GET"]}}],"collection":[{"href":"https:\/\/atauni.edu.tr\/ogretme-ve-ogrenmeyi-gelistirme-uygulama-ve-arastirma-merkezi\/wp-json\/wp\/v2\/pages"}],"about":[{"href":"https:\/\/atauni.edu.tr\/ogretme-ve-ogrenmeyi-gelistirme-uygulama-ve-arastirma-merkezi\/wp-json\/wp\/v2\/types\/page"}],"author":[{"embeddable":true,"href":"https:\/\/atauni.edu.tr\/ogretme-ve-ogrenmeyi-gelistirme-uygulama-ve-arastirma-merkezi\/wp-json\/wp\/v2\/users\/666"}],"replies":[{"embeddable":true,"href":"https:\/\/atauni.edu.tr\/ogretme-ve-ogrenmeyi-gelistirme-uygulama-ve-arastirma-merkezi\/wp-json\/wp\/v2\/comments?post=9843"}],"version-history":[{"count":3,"href":"https:\/\/atauni.edu.tr\/ogretme-ve-ogrenmeyi-gelistirme-uygulama-ve-arastirma-merkezi\/wp-json\/wp\/v2\/pages\/9843\/revisions"}],"predecessor-version":[{"id":9847,"href":"https:\/\/atauni.edu.tr\/ogretme-ve-ogrenmeyi-gelistirme-uygulama-ve-arastirma-merkezi\/wp-json\/wp\/v2\/pages\/9843\/revisions\/9847"}],"wp:attachment":[{"href":"https:\/\/atauni.edu.tr\/ogretme-ve-ogrenmeyi-gelistirme-uygulama-ve-arastirma-merkezi\/wp-json\/wp\/v2\/media?parent=9843"}],"curies":[{"name":"wp","href":"https:\/\/api.w.org\/{rel}","templated":true}]}}