{"id":9856,"date":"2026-03-28T17:17:31","date_gmt":"2026-03-28T14:17:31","guid":{"rendered":"https:\/\/atauni.edu.tr\/ogretme-ve-ogrenmeyi-gelistirme-uygulama-ve-arastirma-merkezi\/?page_id=9856"},"modified":"2026-03-28T17:18:03","modified_gmt":"2026-03-28T14:18:03","slug":"briskteaching","status":"publish","type":"page","link":"https:\/\/atauni.edu.tr\/ogretme-ve-ogrenmeyi-gelistirme-uygulama-ve-arastirma-merkezi\/briskteaching\/","title":{"rendered":"BriskTeaching"},"content":{"rendered":"\t\t<div data-elementor-type=\"wp-page\" data-elementor-id=\"9856\" class=\"elementor elementor-9856\" data-elementor-post-type=\"page\">\n\t\t\t\t\t\t<section class=\"elementor-section elementor-top-section elementor-element elementor-element-844adad elementor-section-boxed elementor-section-height-default elementor-section-height-default\" data-id=\"844adad\" data-element_type=\"section\">\n\t\t\t\t\t\t<div class=\"elementor-container elementor-column-gap-default\">\n\t\t\t\t\t<div class=\"elementor-column elementor-col-100 elementor-top-column elementor-element elementor-element-4d73b0b\" data-id=\"4d73b0b\" data-element_type=\"column\">\n\t\t\t<div class=\"elementor-widget-wrap elementor-element-populated\">\n\t\t\t\t\t\t<div class=\"elementor-element elementor-element-2bca736 elementor-widget elementor-widget-image\" data-id=\"2bca736\" data-element_type=\"widget\" data-widget_type=\"image.default\">\n\t\t\t\t<div class=\"elementor-widget-container\">\n\t\t\t\t\t\t\t\t\t\t\t\t\t\t\t<img fetchpriority=\"high\" decoding=\"async\" width=\"300\" height=\"300\" src=\"https:\/\/atauni.edu.tr\/ogretme-ve-ogrenmeyi-gelistirme-uygulama-ve-arastirma-merkezi\/wp-content\/uploads\/sites\/817\/2026\/03\/Diger-Logo-Brisk.png\" class=\"attachment-medium size-medium wp-image-9859\" alt=\"\" srcset=\"https:\/\/atauni.edu.tr\/ogretme-ve-ogrenmeyi-gelistirme-uygulama-ve-arastirma-merkezi\/wp-content\/uploads\/sites\/817\/2026\/03\/Diger-Logo-Brisk.png 300w, https:\/\/atauni.edu.tr\/ogretme-ve-ogrenmeyi-gelistirme-uygulama-ve-arastirma-merkezi\/wp-content\/uploads\/sites\/817\/2026\/03\/Diger-Logo-Brisk-150x150.png 150w\" sizes=\"(max-width: 300px) 100vw, 300px\" \/>\t\t\t\t\t\t\t\t\t\t\t\t\t\t\t<\/div>\n\t\t\t\t<\/div>\n\t\t\t\t\t<\/div>\n\t\t<\/div>\n\t\t\t\t\t<\/div>\n\t\t<\/section>\n\t\t\t\t<section class=\"elementor-section elementor-top-section elementor-element elementor-element-2592209 elementor-section-boxed elementor-section-height-default elementor-section-height-default\" data-id=\"2592209\" data-element_type=\"section\">\n\t\t\t\t\t\t<div class=\"elementor-container elementor-column-gap-default\">\n\t\t\t\t\t<div class=\"elementor-column elementor-col-100 elementor-top-column elementor-element elementor-element-51c1202\" data-id=\"51c1202\" data-element_type=\"column\">\n\t\t\t<div class=\"elementor-widget-wrap elementor-element-populated\">\n\t\t\t\t\t\t<div class=\"elementor-element elementor-element-2050fbd elementor-widget elementor-widget-text-editor\" data-id=\"2050fbd\" data-element_type=\"widget\" data-widget_type=\"text-editor.default\">\n\t\t\t\t<div class=\"elementor-widget-container\">\n\t\t\t\t\t\t\t\t\t<h2>Brisk Teaching Nedir ve Neden \u00d6nemlidir?<\/h2><p style=\"margin-bottom: 1rem;line-height: 1.5em\"><span style=\"font-size: 1rem;letter-spacing: 0px\">Brisk Teaching, e\u011fitimcilerin halihaz\u0131rda kulland\u0131\u011f\u0131 platformlara (Google Docs, Google Classroom, Canvas ve web taray\u0131c\u0131s\u0131) do\u011frudan entegre olarak \u00e7al\u0131\u015fan, Chrome eklentisi tabanl\u0131 bir yapay zek\u00e2 asistan\u0131d\u0131r. En b\u00fcy\u00fck fark\u0131, \u00f6\u011fretmenleri farkl\u0131 sekmeler veya uygulamalar aras\u0131nda ge\u00e7i\u015f yapma zahmetinden kurtararak; bulunduklar\u0131 sayfa \u00fczerinden tek t\u0131kla okuma metinlerinin seviyesini ayarlayabilmesi, \u00f6\u011frenci \u00f6devlerine otomatik geri bildirim verebilmesi ve ders planlar\u0131 olu\u015fturabilmesidir. G\u00fcnl\u00fck idari ve pedagojik g\u00f6revleri asiste ederek, e\u011fitimcilerin operasyonel y\u00fck\u00fcn\u00fc ve bilgisayar ba\u015f\u0131nda ge\u00e7irdikleri zaman\u0131 tamamen de\u011fi\u015ftirir.<\/span><\/p><h3 data-path-to-node=\"4\">E\u011fitimde Kullan\u0131m Alanlar\u0131<\/h3><p><span style=\"font-size: 1rem;letter-spacing: 0px\">E\u011fitimciler i\u00e7in Brisk Teaching, g\u00f6r\u00fcnmez bir dijital z\u00fcmre ba\u015fkan\u0131 veya asistan gibi \u00e7al\u0131\u015f\u0131r. \u0130nternette buldu\u011funuz karma\u015f\u0131k bir akademik makaleyi saniyeler i\u00e7inde ilkokul veya lise seviyesine uyarlayabilir, uzun bir YouTube videosundan an\u0131nda \u00e7oktan se\u00e7meli testler \u00fcretebilir. \u00d6zellikle kapsay\u0131c\u0131 e\u011fitimde materyal farkl\u0131la\u015ft\u0131rma s\u00fcre\u00e7lerinde, \u00f6\u011frencilere bireyselle\u015ftirilmi\u015f rubrik de\u011ferlendirmeleri sunmada ve idari e-postalar\u0131 h\u0131zl\u0131ca yan\u0131tlamada ciddi bir zaman tasarrufu sa\u011flar.<\/span><\/p><h3>\u00d6\u011frenciler \u0130\u00e7in<\/h3><p><span style=\"font-size: 1rem;letter-spacing: 0px\">Bu arac\u0131n odak noktas\u0131 \u00f6\u011fretmenler olsa da, \u00f6\u011frencilerin \u00f6\u011frenme deneyimine do\u011frudan etki eder. \u00d6\u011fretmenler Brisk&#8217;i kullanarak karma\u015f\u0131k akademik metinleri farkl\u0131 okuma seviyelerine uyarlayabildi\u011fi i\u00e7in, her \u00f6\u011frenci kendi bili\u015fsel kapasitesine uygun materyallerle kar\u015f\u0131la\u015f\u0131r. Ayr\u0131ca, &#8220;Brisk Boost&#8221; \u00f6zelli\u011fi sayesinde \u00f6\u011frenciler yazd\u0131klar\u0131 metinleri teslim etmeden \u00f6nce yapay zek\u00e2dan y\u00f6nlendirici (cevaplar\u0131 do\u011frudan vermeyen, ele\u015ftirel d\u00fc\u015f\u00fcnmeye sevk eden) geri bildirimler alarak kendi yaz\u0131m s\u00fcre\u00e7lerini ba\u011f\u0131ms\u0131z olarak geli\u015ftirebilirler.<\/span><\/p><h3>\u00d6nemli Akademik Uyar\u0131<\/h3><p><span style=\"font-size: 1rem;letter-spacing: 0px\">Brisk Teaching, \u00f6\u011frenci metinlerini analiz etmede ve geri bildirim \u00fcretmede olduk\u00e7a h\u0131zl\u0131d\u0131r; ancak yapay zek\u00e2n\u0131n verdi\u011fi notlar veya de\u011ferlendirmeler pedagojik bir &#8220;kesinlik&#8221; ta\u015f\u0131maz. \u00d6\u011frencinin harcad\u0131\u011f\u0131 \u00e7abay\u0131, ki\u015fisel geli\u015fimini veya metindeki duygusal\/yarat\u0131c\u0131 n\u00fcanslar\u0131 alg\u0131layamayabilir. Ayr\u0131ca eklentinin sundu\u011fu &#8220;Yapay Zek\u00e2 Tespiti&#8221;\u00a0 \u00f6zellikleri her zaman %100 do\u011fru sonu\u00e7 vermez ve yanl\u0131\u015f pozitif riskleri ta\u015f\u0131r. Bu ara\u00e7 bir \u00f6\u011fretmenin mesleki yarg\u0131s\u0131n\u0131n yerini alacak bir karar mercii de\u011fil, s\u00fcreci h\u0131zland\u0131ran bir &#8220;taslak olu\u015fturucu ve geri bildirim asistan\u0131&#8221; olarak konumland\u0131r\u0131lmal\u0131d\u0131r.<\/span><\/p><h3>Nas\u0131l Eri\u015filir?<\/h3><p><a href=\"https:\/\/www.briskteaching.com\" target=\"_blank\" rel=\"noopener\" data-hveid=\"0\" data-ved=\"0CAAQ_4QMahcKEwiBt_rM3cKTAxUAAAAAHQAAAAAQfQ\">https:\/\/www.briskteaching.com<\/a><span style=\"font-size: 1rem;letter-spacing: 0px\"> adresi \u00fczerinden veya do\u011frudan Chrome Web Ma\u011fazas\u0131&#8217;ndan eklentiyi taray\u0131c\u0131n\u0131za kurarak, okul e-posta hesab\u0131n\u0131zla giri\u015f yap\u0131p (\u00f6zellikle Google Workspace kullanan kurumlarda) hemen kullanmaya ba\u015flayabilirsiniz.<\/span><\/p><h3><span style=\"font-size: 1.75rem;letter-spacing: 0px\">Akademisyenler \u0130\u00e7in: \u00c7al\u0131\u015fma Alan\u0131na Entegre Otonom Asistan<\/span><\/h3><p><span style=\"font-size: 1rem;letter-spacing: 0px\">E\u011fitim d\u00fcnyas\u0131nda materyal uyarlamak, d\u00fczinelerce \u00f6devi ayn\u0131 standartta okumak ve intihal kontrol\u00fc yapmak i\u00e7in harcanan zaman\u0131 minimuma indirmek b\u00fcy\u00fck konfordur. Brisk Teaching do\u011frudan bulundu\u011funuz sayfada sa\u011flar. \u0130\u015fte kullanabilece\u011finiz baz\u0131 senaryolar:<\/span><\/p><h6><span data-path-to-node=\"14\" data-index-in-node=\"0\">Metin Seviyelendirme ve Farkl\u0131la\u015ft\u0131rma\u00a0<\/span><\/h6><p>\u0130nternetteki a\u011f\u0131r bir makaleyi veya haber metnini s\u0131n\u0131f seviyesine uyarlamak i\u00e7in eklentiyi a\u00e7\u0131p \u015fu komutu verebilirsiniz:<\/p><blockquote><p>\u015eu an a\u00e7\u0131k olan bu web sayfas\u0131ndaki makalenin dilini, temel arg\u00fcmanlar\u0131 ve verileri koruyarak 8. s\u0131n\u0131f (veya lisans 1. s\u0131n\u0131f) okuma seviyesine g\u00f6re yeniden yaz. Metni daha anla\u015f\u0131l\u0131r k\u0131lmak i\u00e7in teknik terimleri k\u0131sa tan\u0131mlarla destekle ve ana dilde (T\u00fcrk\u00e7e) \u00e7evirerek yeni bir Google Dok\u00fcman\u0131 olarak a\u00e7.<\/p><\/blockquote><h6><span data-path-to-node=\"15\" data-index-in-node=\"0\">Rubrik Odakl\u0131 Hedefe Y\u00f6nelik Geri Bildirim<\/span><\/h6><p>Bir \u00f6\u011frencinin Google Dok\u00fcmanlar \u00fczerindeki \u00f6devini okurken, sat\u0131r sat\u0131r yorum yazmak yerine \u015fu y\u00f6ntemi deneyebilirsiniz:<\/p><blockquote><p>Bu \u00f6\u011frenci makalesini sisteme y\u00fckledi\u011fim &#8216;Akademik Yaz\u0131m Rubri\u011fi&#8217; kriterlerine g\u00f6re de\u011ferlendir. \u00d6\u011frencinin g\u00fc\u00e7l\u00fc yanlar\u0131n\u0131 vurgula, tez c\u00fcmlesinin eksikliklerini belirt ve metni do\u011frudan d\u00fczenlemek yerine Google Dok\u00fcmanlar yorumlar\u0131 arac\u0131l\u0131\u011f\u0131yla \u00f6\u011frenciyi d\u00fc\u015f\u00fcnd\u00fcrecek y\u00f6nlendirici sorular ekle.<\/p><\/blockquote><h6><span data-path-to-node=\"16\" data-index-in-node=\"0\"><span data-path-to-node=\"16\" data-index-in-node=\"0\">Dinamik Ders Materyali ve S\u0131nav \u00dcretimi<\/span><\/span><\/h6><p>\u0130zledi\u011finiz bir belgesel veya e\u011fitim videosundan an\u0131nda s\u0131nav \u00e7\u0131karmak i\u00e7in videonun \u00fczerindeyken \u015fu komutu kullanabilirsiniz:<\/p><blockquote><p>Bu YouTube videosunun transkriptini analiz et. Videodaki temel kazan\u0131mlar\u0131 \u00f6l\u00e7en 10 soruluk \u00e7oktan se\u00e7meli bir test, 3 adet a\u00e7\u0131k u\u00e7lu tart\u0131\u015fma sorusu ve \u00f6\u011fretmen i\u00e7in bir cevap anahtar\u0131 olu\u015ftur. Haz\u0131rlad\u0131\u011f\u0131n bu testi do\u011frudan Google Formlar (Google Forms) format\u0131na aktar.<\/p><\/blockquote><h6><span data-path-to-node=\"17\" data-index-in-node=\"0\">\u00d6\u011frenci Yaz\u0131m S\u00fcreci Analizi<\/span><\/h6><p>Bir \u00f6devin yapay zek\u00e2 ile yaz\u0131l\u0131p yaz\u0131lmad\u0131\u011f\u0131n\u0131 tespit etmek i\u00e7in sadece sonu\u00e7 metnine de\u011fil, yaz\u0131m s\u00fcrecine odaklanan \u015fu \u00f6zelli\u011fi kullanabilirsiniz:<\/p><blockquote><p>Inspect Writing&#8217; (Yaz\u0131m\u0131 \u0130ncele) modunu aktifle\u015ftirerek bu Google Dok\u00fcman\u0131n\u0131n ge\u00e7mi\u015fini analiz et. \u00d6\u011frencinin metni ne kadar s\u00fcrede yazd\u0131\u011f\u0131n\u0131, d\u0131\u015far\u0131dan b\u00fcy\u00fck metin bloklar\u0131 kopyalay\u0131p kopyalamad\u0131\u011f\u0131n\u0131 ve yaz\u0131m s\u0131ras\u0131ndaki d\u00fczeltme davran\u0131\u015flar\u0131n\u0131 g\u00f6steren bir rapor sun.<\/p><\/blockquote><h6>\u00d6rnek Prompt K\u00fct\u00fcphanesi<\/h6><p>\u0130nternetteki herhangi bir kaynaktan tek seferde kapsaml\u0131 bir ders kiti olu\u015fturmak istiyorsan\u0131z eklenti men\u00fcs\u00fcnden \u015fu komutu verebilirsiniz:<\/p><blockquote><p>Bu akademik haber metnini baz alarak benim i\u00e7in b\u00fct\u00fcnc\u00fcl bir ders plan\u0131 haz\u0131rla. \u00d6ncelikle metnin yap\u0131land\u0131r\u0131lm\u0131\u015f bir \u00f6zetini \u00e7\u0131kar; ard\u0131ndan s\u0131n\u0131f i\u00e7i etkinlikler i\u00e7in bir grup \u00e7al\u0131\u015fmas\u0131 y\u00f6nergesi olu\u015ftur ve dersin sonunda \u00f6\u011frencilere uygulanacak k\u0131sa bir \u00e7\u0131k\u0131\u015f bileti (exit ticket) testi haz\u0131rla. T\u00fcm bu materyalleri tek bir Google Dok\u00fcman\u0131nda birle\u015ftir.<\/p><\/blockquote>\t\t\t\t\t\t\t\t<\/div>\n\t\t\t\t<\/div>\n\t\t\t\t\t<\/div>\n\t\t<\/div>\n\t\t\t\t\t<\/div>\n\t\t<\/section>\n\t\t\t\t<section class=\"elementor-section elementor-top-section elementor-element elementor-element-b99255f elementor-section-boxed elementor-section-height-default elementor-section-height-default\" data-id=\"b99255f\" data-element_type=\"section\">\n\t\t\t\t\t\t<div class=\"elementor-container elementor-column-gap-default\">\n\t\t\t\t\t<div class=\"elementor-column elementor-col-100 elementor-top-column elementor-element elementor-element-348c9b1\" data-id=\"348c9b1\" data-element_type=\"column\">\n\t\t\t<div class=\"elementor-widget-wrap elementor-element-populated\">\n\t\t\t\t\t\t<div class=\"elementor-element elementor-element-e4b03a7 elementor-widget elementor-widget-button\" data-id=\"e4b03a7\" data-element_type=\"widget\" data-widget_type=\"button.default\">\n\t\t\t\t<div class=\"elementor-widget-container\">\n\t\t\t\t\t\t\t\t\t<div class=\"elementor-button-wrapper\">\n\t\t\t\t\t<a class=\"elementor-button elementor-button-link elementor-size-sm\" href=\"http:\/\/briskteaching.com\" target=\"_blank\">\n\t\t\t\t\t\t<span class=\"elementor-button-content-wrapper\">\n\t\t\t\t\t\t\t\t\t<span class=\"elementor-button-text\">Buraya t\u0131kla<\/span>\n\t\t\t\t\t<\/span>\n\t\t\t\t\t<\/a>\n\t\t\t\t<\/div>\n\t\t\t\t\t\t\t\t<\/div>\n\t\t\t\t<\/div>\n\t\t\t\t\t<\/div>\n\t\t<\/div>\n\t\t\t\t\t<\/div>\n\t\t<\/section>\n\t\t\t\t<\/div>\n\t\t","protected":false},"excerpt":{"rendered":"<p>Brisk Teaching Nedir ve Neden \u00d6nemlidir? Brisk Teaching, e\u011fitimcilerin halihaz\u0131rda kulland\u0131\u011f\u0131 platformlara (Google Docs, Google Classroom, Canvas ve web taray\u0131c\u0131s\u0131) do\u011frudan entegre olarak \u00e7al\u0131\u015fan, Chrome eklentisi tabanl\u0131 bir yapay zek\u00e2 asistan\u0131d\u0131r. En b\u00fcy\u00fck fark\u0131, \u00f6\u011fretmenleri farkl\u0131 sekmeler veya uygulamalar aras\u0131nda ge\u00e7i\u015f yapma zahmetinden kurtararak; bulunduklar\u0131 sayfa \u00fczerinden tek t\u0131kla okuma metinlerinin seviyesini ayarlayabilmesi, \u00f6\u011frenci \u00f6devlerine [&hellip;]<\/p>\n","protected":false},"author":666,"featured_media":0,"parent":0,"menu_order":0,"comment_status":"closed","ping_status":"closed","template":"","meta":{"footnotes":""},"class_list":["post-9856","page","type-page","status-publish","hentry"],"_links":{"self":[{"href":"https:\/\/atauni.edu.tr\/ogretme-ve-ogrenmeyi-gelistirme-uygulama-ve-arastirma-merkezi\/wp-json\/wp\/v2\/pages\/9856","targetHints":{"allow":["GET"]}}],"collection":[{"href":"https:\/\/atauni.edu.tr\/ogretme-ve-ogrenmeyi-gelistirme-uygulama-ve-arastirma-merkezi\/wp-json\/wp\/v2\/pages"}],"about":[{"href":"https:\/\/atauni.edu.tr\/ogretme-ve-ogrenmeyi-gelistirme-uygulama-ve-arastirma-merkezi\/wp-json\/wp\/v2\/types\/page"}],"author":[{"embeddable":true,"href":"https:\/\/atauni.edu.tr\/ogretme-ve-ogrenmeyi-gelistirme-uygulama-ve-arastirma-merkezi\/wp-json\/wp\/v2\/users\/666"}],"replies":[{"embeddable":true,"href":"https:\/\/atauni.edu.tr\/ogretme-ve-ogrenmeyi-gelistirme-uygulama-ve-arastirma-merkezi\/wp-json\/wp\/v2\/comments?post=9856"}],"version-history":[{"count":4,"href":"https:\/\/atauni.edu.tr\/ogretme-ve-ogrenmeyi-gelistirme-uygulama-ve-arastirma-merkezi\/wp-json\/wp\/v2\/pages\/9856\/revisions"}],"predecessor-version":[{"id":9862,"href":"https:\/\/atauni.edu.tr\/ogretme-ve-ogrenmeyi-gelistirme-uygulama-ve-arastirma-merkezi\/wp-json\/wp\/v2\/pages\/9856\/revisions\/9862"}],"wp:attachment":[{"href":"https:\/\/atauni.edu.tr\/ogretme-ve-ogrenmeyi-gelistirme-uygulama-ve-arastirma-merkezi\/wp-json\/wp\/v2\/media?parent=9856"}],"curies":[{"name":"wp","href":"https:\/\/api.w.org\/{rel}","templated":true}]}}