{"id":9866,"date":"2026-03-29T00:29:52","date_gmt":"2026-03-28T21:29:52","guid":{"rendered":"https:\/\/atauni.edu.tr\/ogretme-ve-ogrenmeyi-gelistirme-uygulama-ve-arastirma-merkezi\/?page_id=9866"},"modified":"2026-03-29T00:30:42","modified_gmt":"2026-03-28T21:30:42","slug":"researchrabbit","status":"publish","type":"page","link":"https:\/\/atauni.edu.tr\/ogretme-ve-ogrenmeyi-gelistirme-uygulama-ve-arastirma-merkezi\/researchrabbit\/","title":{"rendered":"ResearchRabbit"},"content":{"rendered":"\t\t<div data-elementor-type=\"wp-page\" data-elementor-id=\"9866\" class=\"elementor elementor-9866\" data-elementor-post-type=\"page\">\n\t\t\t\t\t\t<section class=\"elementor-section elementor-top-section elementor-element elementor-element-08e622b elementor-section-boxed elementor-section-height-default elementor-section-height-default\" data-id=\"08e622b\" data-element_type=\"section\">\n\t\t\t\t\t\t<div class=\"elementor-container elementor-column-gap-default\">\n\t\t\t\t\t<div class=\"elementor-column elementor-col-100 elementor-top-column elementor-element elementor-element-7ce7a8a\" data-id=\"7ce7a8a\" data-element_type=\"column\">\n\t\t\t<div class=\"elementor-widget-wrap elementor-element-populated\">\n\t\t\t\t\t\t<div class=\"elementor-element elementor-element-c68a554 elementor-widget elementor-widget-image\" data-id=\"c68a554\" data-element_type=\"widget\" data-widget_type=\"image.default\">\n\t\t\t\t<div class=\"elementor-widget-container\">\n\t\t\t\t\t\t\t\t\t\t\t\t\t\t\t<img fetchpriority=\"high\" decoding=\"async\" width=\"300\" height=\"300\" src=\"https:\/\/atauni.edu.tr\/ogretme-ve-ogrenmeyi-gelistirme-uygulama-ve-arastirma-merkezi\/wp-content\/uploads\/sites\/817\/2026\/03\/RR.png\" class=\"attachment-large size-large wp-image-9869\" alt=\"\" srcset=\"https:\/\/atauni.edu.tr\/ogretme-ve-ogrenmeyi-gelistirme-uygulama-ve-arastirma-merkezi\/wp-content\/uploads\/sites\/817\/2026\/03\/RR.png 300w, https:\/\/atauni.edu.tr\/ogretme-ve-ogrenmeyi-gelistirme-uygulama-ve-arastirma-merkezi\/wp-content\/uploads\/sites\/817\/2026\/03\/RR-150x150.png 150w\" sizes=\"(max-width: 300px) 100vw, 300px\" \/>\t\t\t\t\t\t\t\t\t\t\t\t\t\t\t<\/div>\n\t\t\t\t<\/div>\n\t\t\t\t\t<\/div>\n\t\t<\/div>\n\t\t\t\t\t<\/div>\n\t\t<\/section>\n\t\t\t\t<section class=\"elementor-section elementor-top-section elementor-element elementor-element-dd169c5 elementor-section-boxed elementor-section-height-default elementor-section-height-default\" data-id=\"dd169c5\" data-element_type=\"section\">\n\t\t\t\t\t\t<div class=\"elementor-container elementor-column-gap-default\">\n\t\t\t\t\t<div class=\"elementor-column elementor-col-100 elementor-top-column elementor-element elementor-element-1742328\" data-id=\"1742328\" data-element_type=\"column\">\n\t\t\t<div class=\"elementor-widget-wrap elementor-element-populated\">\n\t\t\t\t\t\t<div class=\"elementor-element elementor-element-ce9a6ca elementor-widget elementor-widget-text-editor\" data-id=\"ce9a6ca\" data-element_type=\"widget\" data-widget_type=\"text-editor.default\">\n\t\t\t\t<div class=\"elementor-widget-container\">\n\t\t\t\t\t\t\t\t\t<h2>ResearchRabbit Nedir ve Neden \u00d6nemlidir?<\/h2><p style=\"margin-bottom: 1rem;line-height: 1.5em\"><span style=\"font-size: 1rem;letter-spacing: 0px\">Research Rabbit, bilimsel makaleler, yazarlar ve ara\u015ft\u0131rma konular\u0131 aras\u0131ndaki ili\u015fkileri g\u00f6rselle\u015ftiren, yapay zek\u00e2 destekli bir literat\u00fcr haritalama arac\u0131d\u0131r. En b\u00fcy\u00fck fark\u0131, geleneksel liste tabanl\u0131 arama motorlar\u0131n\u0131n aksine, &#8220;Spotify benzeri&#8221; bir \u00f6neri algoritmas\u0131 kullanarak se\u00e7ti\u011finiz temel makalelerden yola \u00e7\u0131k\u0131p etkile\u015fimli a\u011f haritalar\u0131 (network graphs) olu\u015fturmas\u0131d\u0131r. Makalelerin birbirine nas\u0131l at\u0131f yapt\u0131\u011f\u0131n\u0131, yazar i\u015fbirliklerini ve literat\u00fcr\u00fcn zaman i\u00e7indeki geli\u015fimini g\u00f6rselle\u015ftirerek, yeni ve ilgili akademik kaynaklar\u0131 ke\u015ffetme deneyimini tamamen de\u011fi\u015ftirir.<\/span><\/p><h3>E\u011fitimde Kullan\u0131m Alanlar\u0131<\/h3><p><span style=\"font-size: 1rem;letter-spacing: 0px\">E\u011fitimciler ve ara\u015ft\u0131rmac\u0131lar i\u00e7in Research Rabbit, devasa literat\u00fcr denizinde y\u00f6n\u00fcn\u00fcz\u00fc bulman\u0131z\u0131 sa\u011flayan dinamik bir radar gibi \u00e7al\u0131\u015f\u0131r. Geleneksel y\u00f6ntemlerle g\u00fcnlerce s\u00fcrebilecek anahtar kelime aramalar\u0131 yerine, sadece birka\u00e7 temel makale ekleyerek o konuyla ilgili ge\u00e7mi\u015fteki k\u00f6ken \u00e7al\u0131\u015fmalar\u0131 ve gelecekteki (at\u0131f yapan) t\u00fcm \u00f6nemli yay\u0131nlar\u0131 tek bir ekranda g\u00f6rmenizi sa\u011flar. \u00d6zellikle literat\u00fcr taramas\u0131n\u0131n ba\u015flang\u0131\u00e7 a\u015famas\u0131nda eksik kaynak kalmad\u0131\u011f\u0131ndan emin olmak ve ara\u015ft\u0131rma a\u011fa\u00e7lar\u0131 olu\u015fturmak i\u00e7in idealdir.\u00a0<\/span><\/p><h3>\u00d6\u011frenciler \u0130\u00e7in<\/h3><p style=\"margin-bottom: 1rem;line-height: 1.5em\"><span style=\"font-size: 1rem;letter-spacing: 0px\">\u00d6\u011frenciler bu arac\u0131 tez ve ara\u015ft\u0131rma \u00f6devlerinde literat\u00fcr bo\u015fluklar\u0131n\u0131 (research gap) bulmak ve &#8220;Acaba \u00f6nemli bir makaleyi g\u00f6zden ka\u00e7\u0131rd\u0131m m\u0131?&#8221; endi\u015fesini gidermek i\u00e7in hayat kurtar\u0131c\u0131 bir ke\u015fif arac\u0131 olarak kullanabilir. Konular\u0131yla ilgili g\u00fcvendikleri bir veya iki makaleyi sisteme girerek uygulaman\u0131n onlara g\u00f6rsel bir harita e\u015fli\u011finde en ilgili, en \u00e7ok at\u0131f alan veya en yeni makaleleri \u00f6nermesini sa\u011flayabilirler. Ayr\u0131ca bulduklar\u0131 kaynaklar\u0131 koleksiyonlar halinde d\u00fczenleyip, bu koleksiyonlar\u0131 dan\u0131\u015fmanlar\u0131 veya proje arkada\u015flar\u0131yla e\u015fzamanl\u0131 olarak payla\u015fabilirler.<\/span><\/p><h3>\u00d6nemli Akademik Uyar\u0131<\/h3><p><span style=\"font-size: 1rem;letter-spacing: 0px\">Research Rabbit g\u00f6rsel haritalama ve makale ke\u015ffi konusunda \u00e7ok ba\u015far\u0131l\u0131 olsa da, belirli veri tabanlar\u0131ndan (\u00f6rn. Semantic Scholar) beslendi\u011fi i\u00e7in her disiplindeki (\u00f6zellikle yerel dillerdeki veya \u00e7ok spesifik ni\u015f alanlardaki) t\u00fcm yay\u0131nlar\u0131 kapsamayabilir. Ayr\u0131ca, iki makale aras\u0131nda kurulan g\u00f6rsel ba\u011f sadece bir &#8220;at\u0131f ili\u015fkisini&#8221; g\u00f6sterir; bu at\u0131f\u0131n niteli\u011fi (destekleyici mi, yoksa \u00e7\u00fcr\u00fct\u00fcc\u00fc m\u00fc oldu\u011fu) hakk\u0131nda derinlemesine bilgi vermez. Bu platform nihai bir okuma arac\u0131 de\u011fil, makale y\u0131\u011f\u0131nlar\u0131 aras\u0131ndaki g\u00f6r\u00fcnmez ba\u011flar\u0131 ortaya \u00e7\u0131karan g\u00fc\u00e7l\u00fc bir &#8220;literat\u00fcr ke\u015fif ve g\u00f6rselle\u015ftirme arac\u0131&#8221; olarak konumland\u0131r\u0131lmal\u0131d\u0131r.<\/span><\/p><h3>Nas\u0131l Eri\u015filir?<\/h3><p><a href=\"https:\/\/www.researchrabbit.ai\" target=\"_blank\" rel=\"noopener\" data-hveid=\"0\" data-ved=\"0CAAQ_4QMahcKEwjEyZOEvcOTAxUAAAAAHQAAAAAQcw\">https:\/\/www.researchrabbit.ai<\/a><span style=\"font-size: 1rem;letter-spacing: 0px\"> adresi \u00fczerinden (tercihen kurumsal veya \u00fcniversite e-posta adresinizle) \u00fccretsiz hesab\u0131n\u0131z\u0131 olu\u015fturarak kendi k\u00fct\u00fcphanenizi kurmaya ve literat\u00fcr a\u011flar\u0131n\u0131z\u0131 haritaland\u0131rmaya hemen ba\u015flayabilirsiniz.<\/span><\/p><h3><span style=\"font-size: 1.75rem;letter-spacing: 0px\">Akademisyenler \u0130\u00e7in: G\u00f6rsel Literat\u00fcr Haritalama ve Ke\u015fif<\/span><\/h3><p><span style=\"font-size: 1rem;letter-spacing: 0px\">Akademik d\u00fcnyada bir konu etraf\u0131ndaki &#8220;okullar\u0131&#8221; (d\u00fc\u015f\u00fcnce ak\u0131mlar\u0131n\u0131), yazarlar\u0131n i\u015fbirliklerini ve makalelerin kronolojik evrimini saniyeler i\u00e7inde g\u00f6rselle\u015ftirmek b\u00fcy\u00fck konfordur. Research Rabbit do\u011frudan metin komutlar\u0131yla de\u011fil, aray\u00fcz i\u00e7i eylemlerle \u00e7al\u0131\u015f\u0131r ancak bu analitik vizyonu \u015fu senaryolarla sa\u011flar:<\/span><\/p><h6><span data-path-to-node=\"14\" data-index-in-node=\"0\">\u00d6nc\u00fc Makalelerden Literat\u00fcr A\u011f\u0131 Kurma<\/span><\/h6><p>Yeni girdi\u011finiz bir ara\u015ft\u0131rma alan\u0131ndaki en temel eserleri ke\u015ffetmek i\u00e7in sisteme \u015fu mant\u0131kla yakla\u015fabilirsiniz:<\/p><blockquote><p>Ara\u015ft\u0131rma alan\u0131mla ilgili bildi\u011fim bu 3 temel makaleyi koleksiyonuma ekle. Bu makalelerin t\u00fcm\u00fcn\u00fcn ortakla\u015fa at\u0131f yapt\u0131\u011f\u0131 (Earlier Work) tarihsel k\u00f6ken makalelerini ve bu \u00fc\u00e7 makaleye birden at\u0131f yapan (Later Work) en g\u00fcncel \u00e7al\u0131\u015fmalar\u0131 kronolojik bir a\u011f haritas\u0131 \u00fczerinde bana g\u00f6rselle\u015ftir.<\/p><\/blockquote><h6><span style=\"font-size: 1rem;letter-spacing: 0px\">Yazar \u0130\u015fbirli\u011fi A\u011flar\u0131n\u0131 (Co-Authorship) Analiz Etme<\/span><\/h6><p>Belirli bir teoriyi geli\u015ftiren yazar gruplar\u0131n\u0131 ve akademik a\u011flar\u0131 incelemek i\u00e7in \u015fu y\u00f6ntemi deneyebilirsiniz:<\/p><blockquote><p>Bu koleksiyondaki 20 makalenin yazarlar\u0131n\u0131 analiz et. Hangi ara\u015ft\u0131rmac\u0131lar\u0131n birbiriyle s\u0131kl\u0131kla ortak yay\u0131n yapt\u0131\u011f\u0131n\u0131 g\u00f6steren bir ba\u011flant\u0131 haritas\u0131 olu\u015fturarak, bu spesifik alt daldaki en bask\u0131n (hub) yazar gruplar\u0131n\u0131 ve kanaat \u00f6nderlerini ortaya \u00e7\u0131kar.<\/p><\/blockquote><h6><span data-path-to-node=\"17\" data-index-in-node=\"0\">Disiplinleraras\u0131 Ba\u011flant\u0131lar\u0131 Ke\u015ffetme<\/span><\/h6><p>Kendi alan\u0131n\u0131z d\u0131\u015f\u0131ndaki ilgili \u00e7al\u0131\u015fmalar\u0131 haritaland\u0131rmak i\u00e7in \u015fu y\u00f6ntem etkilidir:<\/p><blockquote><p>Makalelerimin ba\u011flant\u0131 haritas\u0131n\u0131 \u00e7\u0131kar ve bu harita \u00fczerinde geleneksel e\u011fitim bilimleri dergileri d\u0131\u015f\u0131nda kalan, \u00f6rne\u011fin bilgisayar bilimleri veya psikoloji dergilerinden yap\u0131lm\u0131\u015f yo\u011fun at\u0131f k\u00fcmelerini i\u015faretleyerek bana farkl\u0131 disiplinlerden gelen bak\u0131\u015f a\u00e7\u0131lar\u0131n\u0131 g\u00f6ster.<\/p><\/blockquote><h6><span style=\"font-size: 1rem;letter-spacing: 0px\">Literat\u00fcr G\u00fcncellemelerini Otomatik Takip Etme<\/span><\/h6><p>Ara\u015ft\u0131rma alan\u0131n\u0131zdaki en yeni yay\u0131nlardan an\u0131nda haberdar olmak i\u00e7in \u015fu i\u015f ak\u0131\u015f\u0131 etkilidir:<\/p><blockquote><p>Haz\u0131rlad\u0131\u011f\u0131m &#8216;E\u011fitimde Dijital D\u00f6n\u00fc\u015f\u00fcm&#8217; koleksiyonunu analiz et ve algoritman\u0131 bu koleksiyondaki makalelerin \u00f6r\u00fcnt\u00fcs\u00fcne g\u00f6re e\u011fit. Bu \u00f6r\u00fcnt\u00fcye uyan, literat\u00fcre yeni eklenen makaleler olduk\u00e7a bana e-posta bildirimleri g\u00f6ndererek ara\u015ft\u0131rmam\u0131 otonom olarak g\u00fcncel tut.<\/p><\/blockquote><h6>\u00d6rnek Prompt K\u00fct\u00fcphanesi<\/h6><p>Kapsaml\u0131 bir ara\u015ft\u0131rma dosyas\u0131n\u0131 s\u0131f\u0131rdan referans a\u011flar\u0131yla in\u015fa etmek istiyorsan\u0131z, referans y\u00f6netim arac\u0131n\u0131zla entegre \u015fekilde \u015fu s\u00fcreci ba\u015flatabilirsiniz:<\/p><blockquote><p>Hesab\u0131mdaki &#8216;Tez Referanslar\u0131m&#8217; klas\u00f6r\u00fcn\u00fc do\u011frudan Research Rabbit&#8217;e senkronize et. \u0130\u00e7eri aktar\u0131lan bu 50 makalenin a\u011f haritas\u0131n\u0131 \u00e7\u0131kararak, aralar\u0131ndaki eksik halkalar\u0131 (benim k\u00fct\u00fcphanemde olmayan ama bu 50 makalenin \u00e7ok s\u0131k at\u0131f yapt\u0131\u011f\u0131 eserleri) tespit et ve bunlar\u0131 &#8216;\u00d6nerilenler&#8217; listesi olarak bana sun.<\/p><\/blockquote>\t\t\t\t\t\t\t\t<\/div>\n\t\t\t\t<\/div>\n\t\t\t\t\t<\/div>\n\t\t<\/div>\n\t\t\t\t\t<\/div>\n\t\t<\/section>\n\t\t\t\t<section class=\"elementor-section elementor-top-section elementor-element elementor-element-a080f83 elementor-section-boxed elementor-section-height-default elementor-section-height-default\" data-id=\"a080f83\" data-element_type=\"section\">\n\t\t\t\t\t\t<div class=\"elementor-container elementor-column-gap-default\">\n\t\t\t\t\t<div class=\"elementor-column elementor-col-100 elementor-top-column elementor-element elementor-element-1ab887a\" data-id=\"1ab887a\" data-element_type=\"column\">\n\t\t\t<div class=\"elementor-widget-wrap elementor-element-populated\">\n\t\t\t\t\t\t<div class=\"elementor-element elementor-element-a2661f3 elementor-widget elementor-widget-button\" data-id=\"a2661f3\" data-element_type=\"widget\" data-widget_type=\"button.default\">\n\t\t\t\t<div class=\"elementor-widget-container\">\n\t\t\t\t\t\t\t\t\t<div class=\"elementor-button-wrapper\">\n\t\t\t\t\t<a class=\"elementor-button elementor-button-link elementor-size-sm\" href=\"http:\/\/researchrabbit.ai\" target=\"_blank\">\n\t\t\t\t\t\t<span class=\"elementor-button-content-wrapper\">\n\t\t\t\t\t\t\t\t\t<span class=\"elementor-button-text\">Buraya t\u0131kla<\/span>\n\t\t\t\t\t<\/span>\n\t\t\t\t\t<\/a>\n\t\t\t\t<\/div>\n\t\t\t\t\t\t\t\t<\/div>\n\t\t\t\t<\/div>\n\t\t\t\t\t<\/div>\n\t\t<\/div>\n\t\t\t\t\t<\/div>\n\t\t<\/section>\n\t\t\t\t<\/div>\n\t\t","protected":false},"excerpt":{"rendered":"<p>ResearchRabbit Nedir ve Neden \u00d6nemlidir? Research Rabbit, bilimsel makaleler, yazarlar ve ara\u015ft\u0131rma konular\u0131 aras\u0131ndaki ili\u015fkileri g\u00f6rselle\u015ftiren, yapay zek\u00e2 destekli bir literat\u00fcr haritalama arac\u0131d\u0131r. En b\u00fcy\u00fck fark\u0131, geleneksel liste tabanl\u0131 arama motorlar\u0131n\u0131n aksine, &#8220;Spotify benzeri&#8221; bir \u00f6neri algoritmas\u0131 kullanarak se\u00e7ti\u011finiz temel makalelerden yola \u00e7\u0131k\u0131p etkile\u015fimli a\u011f haritalar\u0131 (network graphs) olu\u015fturmas\u0131d\u0131r. Makalelerin birbirine nas\u0131l at\u0131f yapt\u0131\u011f\u0131n\u0131, yazar [&hellip;]<\/p>\n","protected":false},"author":666,"featured_media":0,"parent":0,"menu_order":0,"comment_status":"closed","ping_status":"closed","template":"","meta":{"footnotes":""},"class_list":["post-9866","page","type-page","status-publish","hentry"],"_links":{"self":[{"href":"https:\/\/atauni.edu.tr\/ogretme-ve-ogrenmeyi-gelistirme-uygulama-ve-arastirma-merkezi\/wp-json\/wp\/v2\/pages\/9866","targetHints":{"allow":["GET"]}}],"collection":[{"href":"https:\/\/atauni.edu.tr\/ogretme-ve-ogrenmeyi-gelistirme-uygulama-ve-arastirma-merkezi\/wp-json\/wp\/v2\/pages"}],"about":[{"href":"https:\/\/atauni.edu.tr\/ogretme-ve-ogrenmeyi-gelistirme-uygulama-ve-arastirma-merkezi\/wp-json\/wp\/v2\/types\/page"}],"author":[{"embeddable":true,"href":"https:\/\/atauni.edu.tr\/ogretme-ve-ogrenmeyi-gelistirme-uygulama-ve-arastirma-merkezi\/wp-json\/wp\/v2\/users\/666"}],"replies":[{"embeddable":true,"href":"https:\/\/atauni.edu.tr\/ogretme-ve-ogrenmeyi-gelistirme-uygulama-ve-arastirma-merkezi\/wp-json\/wp\/v2\/comments?post=9866"}],"version-history":[{"count":4,"href":"https:\/\/atauni.edu.tr\/ogretme-ve-ogrenmeyi-gelistirme-uygulama-ve-arastirma-merkezi\/wp-json\/wp\/v2\/pages\/9866\/revisions"}],"predecessor-version":[{"id":9873,"href":"https:\/\/atauni.edu.tr\/ogretme-ve-ogrenmeyi-gelistirme-uygulama-ve-arastirma-merkezi\/wp-json\/wp\/v2\/pages\/9866\/revisions\/9873"}],"wp:attachment":[{"href":"https:\/\/atauni.edu.tr\/ogretme-ve-ogrenmeyi-gelistirme-uygulama-ve-arastirma-merkezi\/wp-json\/wp\/v2\/media?parent=9866"}],"curies":[{"name":"wp","href":"https:\/\/api.w.org\/{rel}","templated":true}]}}