{"id":9892,"date":"2026-03-29T14:09:06","date_gmt":"2026-03-29T11:09:06","guid":{"rendered":"https:\/\/atauni.edu.tr\/ogretme-ve-ogrenmeyi-gelistirme-uygulama-ve-arastirma-merkezi\/?page_id=9892"},"modified":"2026-03-29T14:10:38","modified_gmt":"2026-03-29T11:10:38","slug":"scholarcy","status":"publish","type":"page","link":"https:\/\/atauni.edu.tr\/ogretme-ve-ogrenmeyi-gelistirme-uygulama-ve-arastirma-merkezi\/scholarcy\/","title":{"rendered":"Scholarcy"},"content":{"rendered":"\t\t<div data-elementor-type=\"wp-page\" data-elementor-id=\"9892\" class=\"elementor elementor-9892\" data-elementor-post-type=\"page\">\n\t\t\t\t\t\t<section class=\"elementor-section elementor-top-section elementor-element elementor-element-d7dd8fc elementor-section-boxed elementor-section-height-default elementor-section-height-default\" data-id=\"d7dd8fc\" data-element_type=\"section\">\n\t\t\t\t\t\t<div class=\"elementor-container elementor-column-gap-default\">\n\t\t\t\t\t<div class=\"elementor-column elementor-col-100 elementor-top-column elementor-element elementor-element-f0ad79e\" data-id=\"f0ad79e\" data-element_type=\"column\">\n\t\t\t<div class=\"elementor-widget-wrap elementor-element-populated\">\n\t\t\t\t\t\t<div class=\"elementor-element elementor-element-ace259e elementor-widget elementor-widget-image\" data-id=\"ace259e\" data-element_type=\"widget\" data-widget_type=\"image.default\">\n\t\t\t\t<div class=\"elementor-widget-container\">\n\t\t\t\t\t\t\t\t\t\t\t\t\t\t\t<img fetchpriority=\"high\" decoding=\"async\" width=\"300\" height=\"300\" src=\"https:\/\/atauni.edu.tr\/ogretme-ve-ogrenmeyi-gelistirme-uygulama-ve-arastirma-merkezi\/wp-content\/uploads\/sites\/817\/2026\/03\/Sc-Duzenlenmis.png\" class=\"attachment-large size-large wp-image-9894\" alt=\"\" srcset=\"https:\/\/atauni.edu.tr\/ogretme-ve-ogrenmeyi-gelistirme-uygulama-ve-arastirma-merkezi\/wp-content\/uploads\/sites\/817\/2026\/03\/Sc-Duzenlenmis.png 300w, https:\/\/atauni.edu.tr\/ogretme-ve-ogrenmeyi-gelistirme-uygulama-ve-arastirma-merkezi\/wp-content\/uploads\/sites\/817\/2026\/03\/Sc-Duzenlenmis-150x150.png 150w\" sizes=\"(max-width: 300px) 100vw, 300px\" \/>\t\t\t\t\t\t\t\t\t\t\t\t\t\t\t<\/div>\n\t\t\t\t<\/div>\n\t\t\t\t\t<\/div>\n\t\t<\/div>\n\t\t\t\t\t<\/div>\n\t\t<\/section>\n\t\t\t\t<section class=\"elementor-section elementor-top-section elementor-element elementor-element-5480bfb elementor-section-boxed elementor-section-height-default elementor-section-height-default\" data-id=\"5480bfb\" data-element_type=\"section\">\n\t\t\t\t\t\t<div class=\"elementor-container elementor-column-gap-default\">\n\t\t\t\t\t<div class=\"elementor-column elementor-col-100 elementor-top-column elementor-element elementor-element-0049ee2\" data-id=\"0049ee2\" data-element_type=\"column\">\n\t\t\t<div class=\"elementor-widget-wrap elementor-element-populated\">\n\t\t\t\t\t\t<div class=\"elementor-element elementor-element-bf21492 elementor-widget elementor-widget-text-editor\" data-id=\"bf21492\" data-element_type=\"widget\" data-widget_type=\"text-editor.default\">\n\t\t\t\t<div class=\"elementor-widget-container\">\n\t\t\t\t\t\t\t\t\t<h2><span style=\"font-size: 2rem;letter-spacing: 0px\">Scholarcy AI<\/span>\u00a0Nedir ve Neden \u00d6nemlidir ?<\/h2><p style=\"margin-bottom: 1rem;line-height: 1.5em\">Scholarcy, uzun ve karma\u015f\u0131k akademik makaleleri, kitap b\u00f6l\u00fcmlerini veya raporlar\u0131 saniyeler i\u00e7inde okunmas\u0131 kolay, etkile\u015fimli \u00f6zet kartlar\u0131na d\u00f6n\u00fc\u015ft\u00fcren yapay zek\u00e2 destekli bir metin analizi ve okuma arac\u0131d\u0131r. En b\u00fcy\u00fck fark\u0131, metni sadece k\u0131saltmakla kalmay\u0131p; \u00e7al\u0131\u015fman\u0131n temel arg\u00fcmanlar\u0131n\u0131, ara\u015ft\u0131rma y\u00f6ntemini, \u00f6nemli tablolar\u0131n\u0131 ve k\u0131s\u0131tl\u0131l\u0131klar\u0131n\u0131 otomatik olarak yap\u0131land\u0131r\u0131lm\u0131\u015f ba\u015fl\u0131klar halinde (Robo-Highlighter teknolojisiyle) ay\u0131klamas\u0131d\u0131r. Y\u00fczlerce sayfal\u0131k PDF y\u0131\u011f\u0131nlar\u0131 aras\u0131nda bo\u011fulma engelini ortadan kald\u0131rarak, literat\u00fcr taramas\u0131ndaki &#8220;okuma ve eleme&#8221; deneyimini tamamen de\u011fi\u015ftirir.<\/p><h3>E\u011fitimde Kullan\u0131m Alanlar\u0131<\/h3><p><span style=\"font-size: 1rem;letter-spacing: 0px\">E\u011fitimciler ve ara\u015ft\u0131rmac\u0131lar i\u00e7in Scholarcy, yorulmak bilmeyen bir ara\u015ft\u0131rma asistan\u0131 ve dijital k\u00fct\u00fcphaneci gibi \u00e7al\u0131\u015f\u0131r. Geleneksel y\u00f6ntemlerle g\u00fcnlerce s\u00fcrebilecek literat\u00fcr okumalar\u0131n\u0131 h\u0131zland\u0131rarak, bir makalenin sizin ara\u015ft\u0131rman\u0131z i\u00e7in ger\u00e7ekten okunmaya de\u011fer olup olmad\u0131\u011f\u0131n\u0131 dakikalar i\u00e7inde belirlemenizi sa\u011flar. \u00d6zellikle geni\u015f \u00e7apl\u0131 literat\u00fcr derlemelerinde, ders okuma listelerinin haz\u0131rlanmas\u0131nda ve metin i\u00e7indeki spesifik veri noktalar\u0131n\u0131n h\u0131zl\u0131ca tespit edilmesinde operasyonel y\u00fck\u00fc ciddi \u015fekilde hafifletir.<\/span><\/p><h3>\u00d6\u011frenciler \u0130\u00e7in<\/h3><p><span style=\"font-size: 1rem;letter-spacing: 0px\">\u00d6\u011frenciler bu arac\u0131, a\u011f\u0131r akademik terminolojinin i\u00e7inde kaybolmadan metnin ana fikrini kavramak ve s\u0131navlar\u0131na haz\u0131rlanmak i\u00e7in hayat kurtar\u0131c\u0131 bir \u00f6zetleyici olarak kullanabilir. Anla\u015f\u0131lmas\u0131 zor, 30 sayfal\u0131k bir makaleyi Scholarcy arac\u0131na y\u00fckleyerek uygulaman\u0131n onlara temel kavramlar\u0131, yazar\u0131n iddialar\u0131n\u0131 ve sonu\u00e7lar\u0131 madde madde sunmas\u0131n\u0131 sa\u011flayabilirler. Ayr\u0131ca ara\u00e7, metin i\u00e7indeki zor terimleri otomatik olarak Wikipedia veya di\u011fer s\u00f6zl\u00fck kaynaklar\u0131na ba\u011flad\u0131\u011f\u0131 i\u00e7in, \u00f6\u011frencilerin bilimsel okuryazarl\u0131k becerilerini ve metni anlama h\u0131zlar\u0131n\u0131 b\u00fcy\u00fck \u00f6l\u00e7\u00fcde art\u0131r\u0131r.<\/span><\/p><h3>\u00d6nemli Akademik Uyar\u0131<\/h3><p><span style=\"font-size: 1rem;letter-spacing: 0px\">Scholarcy, metinleri b\u00f6l\u00fcmlere ay\u0131rma ve \u00f6zetlemede olduk\u00e7a ba\u015far\u0131l\u0131 olsa da, yapay zek\u00e2n\u0131n makaledeki ikincil bulgular\u0131, yazar\u0131n kulland\u0131\u011f\u0131 ince n\u00fcanslar\u0131 veya metodolojik detaylar\u0131 g\u00f6zden ka\u00e7\u0131rma riski her zaman vard\u0131r. \u00d6zet kartlar\u0131, makalenin genel \u00e7er\u00e7evesini anlamak i\u00e7in m\u00fckemmeldir ancak tezinizde veya makalenizde do\u011frudan at\u0131f yapaca\u011f\u0131n\u0131z kritik bir arg\u00fcman i\u00e7in orijinal metnin tam metin okumas\u0131 mutlaka yap\u0131lmal\u0131d\u0131r. Bu platform, derinlemesine analizin yerini alan bir okuma motoru de\u011fil, hangi makalelere odaklanman\u0131z gerekti\u011fini g\u00f6steren g\u00fc\u00e7l\u00fc bir &#8220;eleme ve yap\u0131land\u0131rma arac\u0131&#8221; olarak konumland\u0131r\u0131lmal\u0131d\u0131r.<\/span><\/p><h3>Nas\u0131l Eri\u015filir?<\/h3><p><a href=\"https:\/\/www.scholarcy.com\" target=\"_blank\" rel=\"noopener\" data-hveid=\"0\" data-ved=\"0CAAQ_4QMahgKEwiHv4737cSTAxUAAAAAHQAAAAAQnAM\">https:\/\/www.scholarcy.com<\/a><span style=\"font-size: 1rem;letter-spacing: 0px\"> adresi \u00fczerinden \u00fccretsiz hesap olu\u015fturabilir, web platformunu kullanabilir veya Chrome\/Edge taray\u0131c\u0131 eklentisini kurarak internette buldu\u011funuz makaleleri tek t\u0131kla \u00f6zetlemeye hemen ba\u015flayabilirsiniz.<\/span><\/p><h3><span style=\"font-size: 1.75rem;letter-spacing: 0px\">Akademisyenler \u0130\u00e7in: Yapay Zek\u00e2 Destekli Metin Analizi ve \u00d6zetleme<\/span><\/h3><p><span style=\"font-size: 1rem;letter-spacing: 0px\">Akademik d\u00fcnyada y\u00fczlerce makalenin sadece \u00f6zetine (abstract) bakarak karar vermek yerine, t\u00fcm metnin anatomisini saniyeler i\u00e7inde g\u00f6rebilmek b\u00fcy\u00fck konfordur. Scholarcy metin komutlar\u0131ndan ziyade belge y\u00fckleme mant\u0131\u011f\u0131yla \u00e7al\u0131\u015f\u0131r, ancak bu analitik h\u0131z\u0131 \u015fu senaryolarla sa\u011flar:<\/span><\/p><h6>H\u0131zl\u0131 Literat\u00fcr Elemesi<\/h6><p>\u0130ndirdi\u011finiz bir makalenin tezinizle ilgili olup olmad\u0131\u011f\u0131n\u0131 anlamak i\u00e7in belgeyi sisteme y\u00fckleyip \u015fu hedefle inceleyebilirsiniz:<\/p><blockquote><p>Y\u00fckledi\u011fim bu 40 sayfal\u0131k makaleyi analiz et. Benim i\u00e7in sadece (Temel Vurgular) ve (Yap\u0131land\u0131r\u0131lm\u0131\u015f \u00d6zet) b\u00f6l\u00fcmlerini olu\u015fturarak, yazar\u0131n as\u0131l ara\u015ft\u0131rma sorusunu ve buldu\u011fu temel sonu\u00e7lar\u0131 okumas\u0131 kolay maddeler halinde bana sun.<\/p><\/blockquote><h6>Otomatik Tablo ve G\u00f6rsel \u00c7\u0131kar\u0131m\u0131<\/h6><p>Makalenin i\u00e7indeki metni okumadan do\u011frudan istatistiksel verilere ula\u015fmak i\u00e7in \u015fu \u00f6zelli\u011fi kullanabilirsiniz:<\/p><blockquote><p>Bu PDF dosyas\u0131n\u0131n i\u00e7indeki metni taramak yerine do\u011frudan &#8216;Tables and Figures&#8217; (Tablolar ve \u015eekiller) sekmesini ayr\u0131\u015ft\u0131r. Makaledeki t\u00fcm veri tablolar\u0131n\u0131, orijinal formatlar\u0131n\u0131 bozmadan tek bir ekranda toplay\u0131p analiz edebilmem i\u00e7in Excel (XLSX) format\u0131nda indirilebilir hale getir.<\/p><\/blockquote><h6><span data-path-to-node=\"16\" data-index-in-node=\"0\">Etkile\u015fimli Okuma Kartlar\u0131 ve Kavram Haritas\u0131 Olu\u015fturma<\/span><\/h6><p>Zorlu bir teorik makaleyi \u00f6\u011frencileriniz veya kendiniz i\u00e7in basitle\u015ftirmek ad\u0131na \u015fu y\u00f6ntemi deneyebilirsiniz:<\/p><blockquote><p>Bu belgeyi bir &#8216;Flashcard&#8217; (Okuma Kart\u0131) format\u0131na \u00e7evir. Makalede ge\u00e7en temel akademik terimleri ve k\u0131saltmalar\u0131 tespit ederek arka planda tan\u0131mlar\u0131n\u0131 olu\u015ftur; b\u00f6ylece metni okurken bilmedi\u011fim terimlerin \u00fczerine t\u0131klad\u0131\u011f\u0131mda an\u0131nda a\u00e7\u0131klamalar\u0131n\u0131 g\u00f6rebileyim.<\/p><\/blockquote><h6><span style=\"font-size: 1rem;letter-spacing: 0px\">Otomatik Kaynak\u00e7a ve At\u0131f A\u011f\u0131 Ke\u015ffi<\/span><\/h6><p>Makalenin referans listesini dinamik bir ara\u015ft\u0131rma alan\u0131na d\u00f6n\u00fc\u015ft\u00fcrmek i\u00e7in \u015fu eylemi ger\u00e7ekle\u015ftirebilirsiniz:<\/p><blockquote><p>Bu \u00e7al\u0131\u015fman\u0131n &#8216;References&#8217; (Kaynak\u00e7a) b\u00f6l\u00fcm\u00fcn\u00fc analiz et. Yazar\u0131n at\u0131f yapt\u0131\u011f\u0131 t\u00fcm makaleleri listeleyerek, bu makalelerin a\u00e7\u0131k eri\u015fimli (Open Access) PDF versiyonlar\u0131n\u0131 tek t\u0131kla bulabilmem i\u00e7in her birine otomatik indirme ba\u011flant\u0131lar\u0131 (Unpaywall entegrasyonu ile) ekle.<\/p><\/blockquote><h6>\u00d6rnek Prompt K\u00fct\u00fcphanesi<\/h6><p>Platforma entegre edece\u011finiz birka\u00e7 makaleyi tek seferde yap\u0131land\u0131r\u0131lm\u0131\u015f bir \u00e7al\u0131\u015fma matrisine d\u00f6n\u00fc\u015ft\u00fcrmek istiyorsan\u0131z, k\u00fct\u00fcphane aray\u00fcz\u00fcnde \u015fu s\u00fcreci i\u015fletebilirsiniz:<\/p><blockquote><p>Ara\u015ft\u0131rmam i\u00e7in belirledi\u011fim bu 10 farkl\u0131 makaleyi \u00e7al\u0131\u015fma alan\u0131ma (Library) y\u00fckle. Her biri i\u00e7in &#8216;Ara\u015ft\u0131rma Y\u00f6ntemi&#8217;, &#8216;Kat\u0131l\u0131mc\u0131 Profili&#8217; ve &#8216;Temel Bulgular&#8217; k\u0131s\u0131mlar\u0131n\u0131 otonom olarak \u00e7\u0131kar. Ard\u0131ndan bu 10 makalenin \u00f6zet verilerini tek bir Excel tablosunda birle\u015ftirerek (Export to Excel) bana kar\u015f\u0131la\u015ft\u0131rmal\u0131 bir literat\u00fcr matrisi (literature matrix) olu\u015ftur.<\/p><\/blockquote>\t\t\t\t\t\t\t\t<\/div>\n\t\t\t\t<\/div>\n\t\t\t\t\t<\/div>\n\t\t<\/div>\n\t\t\t\t\t<\/div>\n\t\t<\/section>\n\t\t\t\t<section class=\"elementor-section elementor-top-section elementor-element elementor-element-8fe8433 elementor-section-boxed elementor-section-height-default elementor-section-height-default\" data-id=\"8fe8433\" data-element_type=\"section\">\n\t\t\t\t\t\t<div class=\"elementor-container elementor-column-gap-default\">\n\t\t\t\t\t<div class=\"elementor-column elementor-col-100 elementor-top-column elementor-element elementor-element-76fe90b\" data-id=\"76fe90b\" data-element_type=\"column\">\n\t\t\t<div class=\"elementor-widget-wrap elementor-element-populated\">\n\t\t\t\t\t\t<div class=\"elementor-element elementor-element-c9e38b2 elementor-widget elementor-widget-button\" data-id=\"c9e38b2\" data-element_type=\"widget\" data-widget_type=\"button.default\">\n\t\t\t\t<div class=\"elementor-widget-container\">\n\t\t\t\t\t\t\t\t\t<div class=\"elementor-button-wrapper\">\n\t\t\t\t\t<a class=\"elementor-button elementor-button-link elementor-size-sm\" href=\"http:\/\/scholarcy.com\" target=\"_blank\">\n\t\t\t\t\t\t<span class=\"elementor-button-content-wrapper\">\n\t\t\t\t\t\t\t\t\t<span class=\"elementor-button-text\">Buraya t\u0131kla<\/span>\n\t\t\t\t\t<\/span>\n\t\t\t\t\t<\/a>\n\t\t\t\t<\/div>\n\t\t\t\t\t\t\t\t<\/div>\n\t\t\t\t<\/div>\n\t\t\t\t\t<\/div>\n\t\t<\/div>\n\t\t\t\t\t<\/div>\n\t\t<\/section>\n\t\t\t\t<\/div>\n\t\t","protected":false},"excerpt":{"rendered":"<p>Scholarcy AI\u00a0Nedir ve Neden \u00d6nemlidir ? Scholarcy, uzun ve karma\u015f\u0131k akademik makaleleri, kitap b\u00f6l\u00fcmlerini veya raporlar\u0131 saniyeler i\u00e7inde okunmas\u0131 kolay, etkile\u015fimli \u00f6zet kartlar\u0131na d\u00f6n\u00fc\u015ft\u00fcren yapay zek\u00e2 destekli bir metin analizi ve okuma arac\u0131d\u0131r. En b\u00fcy\u00fck fark\u0131, metni sadece k\u0131saltmakla kalmay\u0131p; \u00e7al\u0131\u015fman\u0131n temel arg\u00fcmanlar\u0131n\u0131, ara\u015ft\u0131rma y\u00f6ntemini, \u00f6nemli tablolar\u0131n\u0131 ve k\u0131s\u0131tl\u0131l\u0131klar\u0131n\u0131 otomatik olarak yap\u0131land\u0131r\u0131lm\u0131\u015f ba\u015fl\u0131klar halinde (Robo-Highlighter [&hellip;]<\/p>\n","protected":false},"author":666,"featured_media":0,"parent":0,"menu_order":0,"comment_status":"closed","ping_status":"closed","template":"","meta":{"footnotes":""},"class_list":["post-9892","page","type-page","status-publish","hentry"],"_links":{"self":[{"href":"https:\/\/atauni.edu.tr\/ogretme-ve-ogrenmeyi-gelistirme-uygulama-ve-arastirma-merkezi\/wp-json\/wp\/v2\/pages\/9892","targetHints":{"allow":["GET"]}}],"collection":[{"href":"https:\/\/atauni.edu.tr\/ogretme-ve-ogrenmeyi-gelistirme-uygulama-ve-arastirma-merkezi\/wp-json\/wp\/v2\/pages"}],"about":[{"href":"https:\/\/atauni.edu.tr\/ogretme-ve-ogrenmeyi-gelistirme-uygulama-ve-arastirma-merkezi\/wp-json\/wp\/v2\/types\/page"}],"author":[{"embeddable":true,"href":"https:\/\/atauni.edu.tr\/ogretme-ve-ogrenmeyi-gelistirme-uygulama-ve-arastirma-merkezi\/wp-json\/wp\/v2\/users\/666"}],"replies":[{"embeddable":true,"href":"https:\/\/atauni.edu.tr\/ogretme-ve-ogrenmeyi-gelistirme-uygulama-ve-arastirma-merkezi\/wp-json\/wp\/v2\/comments?post=9892"}],"version-history":[{"count":4,"href":"https:\/\/atauni.edu.tr\/ogretme-ve-ogrenmeyi-gelistirme-uygulama-ve-arastirma-merkezi\/wp-json\/wp\/v2\/pages\/9892\/revisions"}],"predecessor-version":[{"id":9897,"href":"https:\/\/atauni.edu.tr\/ogretme-ve-ogrenmeyi-gelistirme-uygulama-ve-arastirma-merkezi\/wp-json\/wp\/v2\/pages\/9892\/revisions\/9897"}],"wp:attachment":[{"href":"https:\/\/atauni.edu.tr\/ogretme-ve-ogrenmeyi-gelistirme-uygulama-ve-arastirma-merkezi\/wp-json\/wp\/v2\/media?parent=9892"}],"curies":[{"name":"wp","href":"https:\/\/api.w.org\/{rel}","templated":true}]}}