{"id":9947,"date":"2026-03-29T18:11:03","date_gmt":"2026-03-29T15:11:03","guid":{"rendered":"https:\/\/atauni.edu.tr\/ogretme-ve-ogrenmeyi-gelistirme-uygulama-ve-arastirma-merkezi\/?page_id=9947"},"modified":"2026-03-29T18:11:50","modified_gmt":"2026-03-29T15:11:50","slug":"affor","status":"publish","type":"page","link":"https:\/\/atauni.edu.tr\/ogretme-ve-ogrenmeyi-gelistirme-uygulama-ve-arastirma-merkezi\/affor\/","title":{"rendered":"Affor"},"content":{"rendered":"\t\t<div data-elementor-type=\"wp-page\" data-elementor-id=\"9947\" class=\"elementor elementor-9947\" data-elementor-post-type=\"page\">\n\t\t\t\t\t\t<section class=\"elementor-section elementor-top-section elementor-element elementor-element-e4c1f5a elementor-section-boxed elementor-section-height-default elementor-section-height-default\" data-id=\"e4c1f5a\" data-element_type=\"section\">\n\t\t\t\t\t\t<div class=\"elementor-container elementor-column-gap-default\">\n\t\t\t\t\t<div class=\"elementor-column elementor-col-100 elementor-top-column elementor-element elementor-element-a9f731b\" data-id=\"a9f731b\" data-element_type=\"column\">\n\t\t\t<div class=\"elementor-widget-wrap elementor-element-populated\">\n\t\t\t\t\t\t<div class=\"elementor-element elementor-element-6efae3e elementor-widget elementor-widget-image\" data-id=\"6efae3e\" data-element_type=\"widget\" data-widget_type=\"image.default\">\n\t\t\t\t<div class=\"elementor-widget-container\">\n\t\t\t\t\t\t\t\t\t\t\t\t\t\t\t<img fetchpriority=\"high\" decoding=\"async\" width=\"300\" height=\"300\" src=\"https:\/\/atauni.edu.tr\/ogretme-ve-ogrenmeyi-gelistirme-uygulama-ve-arastirma-merkezi\/wp-content\/uploads\/sites\/817\/2026\/03\/affor-duzen.png\" class=\"attachment-large size-large wp-image-9948\" alt=\"\" srcset=\"https:\/\/atauni.edu.tr\/ogretme-ve-ogrenmeyi-gelistirme-uygulama-ve-arastirma-merkezi\/wp-content\/uploads\/sites\/817\/2026\/03\/affor-duzen.png 300w, https:\/\/atauni.edu.tr\/ogretme-ve-ogrenmeyi-gelistirme-uygulama-ve-arastirma-merkezi\/wp-content\/uploads\/sites\/817\/2026\/03\/affor-duzen-150x150.png 150w\" sizes=\"(max-width: 300px) 100vw, 300px\" \/>\t\t\t\t\t\t\t\t\t\t\t\t\t\t\t<\/div>\n\t\t\t\t<\/div>\n\t\t\t\t\t<\/div>\n\t\t<\/div>\n\t\t\t\t\t<\/div>\n\t\t<\/section>\n\t\t\t\t<section class=\"elementor-section elementor-top-section elementor-element elementor-element-c164c2c elementor-section-boxed elementor-section-height-default elementor-section-height-default\" data-id=\"c164c2c\" data-element_type=\"section\">\n\t\t\t\t\t\t<div class=\"elementor-container elementor-column-gap-default\">\n\t\t\t\t\t<div class=\"elementor-column elementor-col-100 elementor-top-column elementor-element elementor-element-26377f4\" data-id=\"26377f4\" data-element_type=\"column\">\n\t\t\t<div class=\"elementor-widget-wrap elementor-element-populated\">\n\t\t\t\t\t\t<div class=\"elementor-element elementor-element-f264f2c elementor-widget elementor-widget-text-editor\" data-id=\"f264f2c\" data-element_type=\"widget\" data-widget_type=\"text-editor.default\">\n\t\t\t\t<div class=\"elementor-widget-container\">\n\t\t\t\t\t\t\t\t\t<h2>Affor AI Nedir ve Neden \u00d6nemlidir?<\/h2><p style=\"margin-bottom: 1rem;line-height: 1.5em\"><span style=\"font-size: 1rem;letter-spacing: 0px\">Afforai, ara\u015ft\u0131rmac\u0131lar\u0131n y\u00fczlerce akademik makaleyi ayn\u0131 anda y\u00fckleyip analiz edebildi\u011fi, g\u00fcvenilir at\u0131flar sunan yapay zek\u00e2 destekli bir referans y\u00f6netim ve literat\u00fcr asistan\u0131d\u0131r. En b\u00fcy\u00fck fark\u0131, sordu\u011funuz sorulara yan\u0131t verirken hal\u00fcsinasyon (yanl\u0131\u015f bilgi) riskini ortadan kald\u0131rmak i\u00e7in sadece sizin y\u00fckledi\u011finiz belgeleri temel almas\u0131 ve verdi\u011fi her bilginin sonuna t\u0131klanabilir, do\u011frudan orijinal metindeki sayfaya g\u00f6t\u00fcren kesin at\u0131flar eklemesidir. Da\u011f\u0131n\u0131k PDF dosyalar\u0131n\u0131 ve referans listelerini tek bir ak\u0131ll\u0131 k\u00fct\u00fcphanede birle\u015ftirerek, literat\u00fcr sentezleme ve kan\u0131ta dayal\u0131 ara\u015ft\u0131rma deneyimini tamamen de\u011fi\u015ftirir.<\/span><\/p><h3>E\u011fitimde Kullan\u0131m Alanlar\u0131<\/h3><p><span style=\"font-size: 1rem;letter-spacing: 0px\">E\u011fitimciler ve ara\u015ft\u0131rmac\u0131lar i\u00e7in Afforai, devasa bir literat\u00fcr ar\u015fivini haf\u0131zas\u0131nda tutan ve her iddias\u0131n\u0131 sayfa numaras\u0131yla kan\u0131tlayan titiz bir k\u00fct\u00fcphaneci gibi \u00e7al\u0131\u015f\u0131r. Geleneksel y\u00f6ntemlerle g\u00fcnlerce s\u00fcrebilecek \u00e7oklu makale okumalar\u0131n\u0131 h\u0131zland\u0131rarak, farkl\u0131 yazarlar\u0131n ayn\u0131 konu hakk\u0131ndaki g\u00f6r\u00fc\u015flerini saniyeler i\u00e7inde kar\u015f\u0131la\u015ft\u0131rman\u0131z\u0131 sa\u011flar. \u00d6zellikle tez yaz\u0131m s\u00fcre\u00e7lerinde, sistematik derlemelerde ve makalelerin &#8220;Tart\u0131\u015fma&#8221; b\u00f6l\u00fcmlerini kurgularken, g\u00fcvenilir kaynaklardan sentezlenmi\u015f veriler elde etmede operasyonel y\u00fck\u00fc ciddi \u015fekilde hafifletir.<\/span><\/p><h3>\u00d6\u011frenciler \u0130\u00e7in<\/h3><p>\u00d6\u011frenciler bu teknolojiyi d\u00fcnyay\u0131 yakalamak ve s\u0131k\u0131c\u0131 konular\u0131 e\u011flenceli hale getirmek i\u00e7in kullanmal\u0131d\u0131r. \u00d6rne\u011fin, iklim de\u011fi\u015fikli\u011fi konusunda \u015fu an bilim d\u00fcnyas\u0131nda veya sosyal medyada en \u00e7ok tart\u0131\u015f\u0131lan ba\u015fl\u0131klar\u0131 sorarak g\u00fcndemi yakalayabilirsiniz. Fizik veya tarih gibi \u00e7al\u0131\u015fmas\u0131 zor dersleri bana stand-up yapan bir komedyen gibi anlat diyerek \u00f6\u011frenme s\u00fcrecini bir e\u011flenceye d\u00f6n\u00fc\u015ft\u00fcrebilirsiniz. Ayr\u0131ca Python ve modern yaz\u0131l\u0131m dillerindeki g\u00fcncel k\u00fct\u00fcphanelere hakimiyeti sayesinde kodlama \u00f6devlerinizde g\u00fc\u00e7l\u00fc bir destek\u00e7idir.<\/p><h3>\u00d6nemli Akademik Uyar\u0131<\/h3><p><span style=\"font-size: 1rem;letter-spacing: 0px\">Afforai, at\u0131f do\u011frulu\u011fu konusunda \u00e7ok ba\u015far\u0131l\u0131 olsa da ve yaln\u0131zca sizin belgelerinizle s\u0131n\u0131rl\u0131 kalsa da, sistemin \u00fcretti\u011fi bilginin kalitesi tamamen sizin y\u00fckledi\u011finiz makalelerin kalitesine ba\u011fl\u0131d\u0131r (\u00c7\u00f6p giren \u00e7\u00f6p \u00e7\u0131kar &#8211; GIGO prensibi). Ayr\u0131ca yapay zek\u00e2, makalelerdeki bulgular\u0131 birle\u015ftirirken yazarlar\u0131n metodolojik s\u0131n\u0131rl\u0131l\u0131klar\u0131n\u0131 veya ba\u011flamsal n\u00fcanslar\u0131n\u0131 d\u00fcmd\u00fcz bir ger\u00e7eklik gibi aktarma riski ta\u015f\u0131yabilir. Bu ara\u00e7, akademik metinlerinizi sizin yerinize yazan otonom bir yazar de\u011fil, arg\u00fcmanlar\u0131n\u0131z\u0131 do\u011fru kaynaklarla e\u015fle\u015ftirmenizi sa\u011flayan g\u00fc\u00e7l\u00fc bir &#8220;okuma, sentezleme ve referans do\u011frulama arac\u0131&#8221; olarak konumland\u0131r\u0131lmal\u0131d\u0131r.<\/span><\/p><h3>Nas\u0131l Eri\u015filir?<\/h3><p><a href=\"https:\/\/afforai.com\" target=\"_blank\" rel=\"noopener\" data-hveid=\"0\" data-ved=\"0CAAQ_4QMahcKEwjd38Kkr8WTAxUAAAAAHQAAAAAQUg\">https:\/\/afforai.com<\/a><span style=\"font-size: 1rem;letter-spacing: 0px\"> adresi \u00fczerinden \u00fccretsiz hesab\u0131n\u0131z\u0131 olu\u015fturarak, kendi akademik k\u00fct\u00fcphanenizi kurmaya, referanslar\u0131n\u0131z\u0131 y\u00f6netmeye ve belgelerinizle g\u00fcvenilir bir \u015fekilde sohbet etmeye hemen ba\u015flayabilirsiniz.<\/span><\/p><h3><span style=\"font-size: 1.75rem;letter-spacing: 0px\">Akademisyenler \u0130\u00e7in: Yapay Zek\u00e2 Destekli G\u00fcvenilir Literat\u00fcr Sentezi<\/span><\/h3><p><span style=\"font-size: 1rem;letter-spacing: 0px\">Akademik d\u00fcnyada onlarca makalenin ortak noktalar\u0131n\u0131 bulmak ve bu sentezi yaparken hangi bilginin hangi makalenin ka\u00e7\u0131nc\u0131 sayfas\u0131nda oldu\u011funu kaybetmemek b\u00fcy\u00fck konfordur. Afforai bu analitik organizasyon g\u00fcc\u00fcn\u00fc sa\u011flar. \u0130\u015fte kullanabilece\u011finiz baz\u0131 senaryolar:<\/span><\/p><h6><span data-path-to-node=\"14\" data-index-in-node=\"0\">\u00c7oklu Makale Sentezi ve Kar\u015f\u0131la\u015ft\u0131rmas\u0131<\/span><\/h6><p>K\u00fct\u00fcphanenize y\u00fckledi\u011finiz 10 farkl\u0131 makaleyi ayn\u0131 anda analiz etmek ve z\u0131t g\u00f6r\u00fc\u015fleri bulmak i\u00e7in asistan \u00e7ubu\u011funa \u015fu komutu verebilirsiniz:<\/p><blockquote><p>Y\u00fckledi\u011fim bu 10 makaleyi analiz et. Yazarlar\u0131n &#8216;Uzaktan E\u011fitimde \u00d6\u011frenci Ba\u011fl\u0131l\u0131\u011f\u0131&#8217; konusundaki yakla\u015f\u0131mlar\u0131n\u0131 kar\u015f\u0131la\u015ft\u0131r. Literat\u00fcrde fikir birli\u011fine var\u0131lan (konsens\u00fcs) noktalar\u0131 ve ara\u015ft\u0131rmac\u0131lar\u0131n birbiriyle \u00e7eli\u015fti\u011fi arg\u00fcmanlar\u0131, her bir \u00e7\u0131kar\u0131m\u0131n sonuna ilgili makalenin at\u0131f\u0131n\u0131 ve sayfa numaras\u0131n\u0131 ekleyerek detayl\u0131 bir rapor halinde sun.<\/p><\/blockquote><h6><span style=\"font-size: 1rem;letter-spacing: 0px\">Metodolojik Yakla\u015f\u0131mlar\u0131n \u00c7\u0131kar\u0131m\u0131<\/span><\/h6><p>Spesifik ara\u015ft\u0131rma y\u00f6ntemlerini belgeler aras\u0131ndan h\u0131zl\u0131ca s\u00fczmek i\u00e7in \u015fu y\u00f6ntemi deneyebilirsiniz:<\/p><blockquote><p>Se\u00e7ti\u011fim bu 5 ampirik makalenin &#8216;Y\u00f6ntem&#8217; (Methodology) b\u00f6l\u00fcmlerini incele. Her bir \u00e7al\u0131\u015fmada kullan\u0131lan \u00f6rneklem b\u00fcy\u00fckl\u00fc\u011f\u00fcn\u00fc, veri toplama ara\u00e7lar\u0131n\u0131 ve tercih edilen istatistiksel analiz y\u00f6ntemlerini \u00e7\u0131kararak bana yap\u0131land\u0131r\u0131lm\u0131\u015f, kar\u015f\u0131la\u015ft\u0131rmal\u0131 bir tablo olu\u015ftur.<\/p><\/blockquote><h6><span data-path-to-node=\"16\" data-index-in-node=\"0\">Yabanc\u0131 Dildeki Literat\u00fcr\u00fc Kendi Dilinizde Sorgulama<\/span><\/h6><p>\u0130ngilizce veya farkl\u0131 dillerdeki a\u011f\u0131r akademik metinleri h\u0131zl\u0131ca kavramak i\u00e7in \u015fu komut etkilidir:<\/p><blockquote><p>K\u00fct\u00fcphanemdeki bu \u0130ngilizce, Almanca ve Frans\u0131zca dillerinde yaz\u0131lm\u0131\u015f 3 makaleyi ayn\u0131 anda tara. &#8216;Yapay Zek\u00e2n\u0131n Etik S\u0131n\u0131rlar\u0131&#8217; konusunda Avrupa Birli\u011fi normlar\u0131na at\u0131f yapan k\u0131s\u0131mlar\u0131 bul ve bu bilgileri bana tamamen akademik bir T\u00fcrk\u00e7e ile, kaynak belirterek \u00f6zetle.<\/p><\/blockquote><h6><span style=\"font-size: 1rem;letter-spacing: 0px\">Kavramsal \u00c7er\u00e7eve ve Teorik Tan\u0131mlamalar<\/span><\/h6><p>Ara\u015ft\u0131rman\u0131z\u0131n kavramsal temelini atarken literat\u00fcrdeki tan\u0131mlar\u0131 listelemek i\u00e7in \u015fu komut etkilidir:<\/p><blockquote><p>Klas\u00f6rdeki t\u00fcm makaleleri tarayarak, &#8216;Bili\u015fsel Esneklik&#8217; kavram\u0131n\u0131n farkl\u0131 ara\u015ft\u0131rmac\u0131lar taraf\u0131ndan nas\u0131l (tan\u0131mland\u0131\u011f\u0131n\u0131) bul. Buldu\u011fun her farkl\u0131 tan\u0131m\u0131 orijinal at\u0131f\u0131yla birlikte listeleyerek kavramsal bir \u00e7er\u00e7eve olu\u015fturmama yard\u0131m et.<\/p><\/blockquote><h6>\u00d6rnek Prompt K\u00fct\u00fcphanesi<\/h6><p>Kapsaml\u0131 bir literat\u00fcr derlemesinin temel iskeletini, at\u0131flar\u0131 kaybetmeden tek seferde bir metin tasla\u011f\u0131na d\u00f6n\u00fc\u015ft\u00fcrmek istiyorsan\u0131z \u015fu komutu kullanabilirsiniz:<\/p><blockquote><p>Benim i\u00e7in &#8216;S\u00fcrd\u00fcr\u00fclebilir Liderlik Modellerinin Kurumsal \u0130novasyona Etkisi&#8217; konulu bir makalenin Literat\u00fcr Taramas\u0131 b\u00f6l\u00fcm\u00fc i\u00e7in taslak bir metin yaz. Sadece k\u00fct\u00fcphanemde bulunan bu 15 makaleyi referans al. Metni 3 mant\u0131ksal alt ba\u015fl\u0131\u011fa b\u00f6l, her paragrafta birden fazla makaleyi sentezleyerek tart\u0131\u015f ve c\u00fcmle sonlar\u0131na mutlaka yazar\u0131n soyad\u0131n\u0131 ve yay\u0131n y\u0131l\u0131n\u0131 APA 7 format\u0131nda ekle.<\/p><\/blockquote>\t\t\t\t\t\t\t\t<\/div>\n\t\t\t\t<\/div>\n\t\t\t\t\t<\/div>\n\t\t<\/div>\n\t\t\t\t\t<\/div>\n\t\t<\/section>\n\t\t\t\t<section class=\"elementor-section elementor-top-section elementor-element elementor-element-7728413 elementor-section-boxed elementor-section-height-default elementor-section-height-default\" data-id=\"7728413\" data-element_type=\"section\">\n\t\t\t\t\t\t<div class=\"elementor-container elementor-column-gap-default\">\n\t\t\t\t\t<div class=\"elementor-column elementor-col-100 elementor-top-column elementor-element elementor-element-9fc477f\" data-id=\"9fc477f\" data-element_type=\"column\">\n\t\t\t<div class=\"elementor-widget-wrap elementor-element-populated\">\n\t\t\t\t\t\t<div class=\"elementor-element elementor-element-cc50798 elementor-widget elementor-widget-button\" data-id=\"cc50798\" data-element_type=\"widget\" data-widget_type=\"button.default\">\n\t\t\t\t<div class=\"elementor-widget-container\">\n\t\t\t\t\t\t\t\t\t<div class=\"elementor-button-wrapper\">\n\t\t\t\t\t<a class=\"elementor-button elementor-button-link elementor-size-sm\" href=\"http:\/\/afforai-landingpage.vercel.app\" target=\"_blank\">\n\t\t\t\t\t\t<span class=\"elementor-button-content-wrapper\">\n\t\t\t\t\t\t\t\t\t<span class=\"elementor-button-text\">Buraya t\u0131kla<\/span>\n\t\t\t\t\t<\/span>\n\t\t\t\t\t<\/a>\n\t\t\t\t<\/div>\n\t\t\t\t\t\t\t\t<\/div>\n\t\t\t\t<\/div>\n\t\t\t\t\t<\/div>\n\t\t<\/div>\n\t\t\t\t\t<\/div>\n\t\t<\/section>\n\t\t\t\t<\/div>\n\t\t","protected":false},"excerpt":{"rendered":"<p>Affor AI Nedir ve Neden \u00d6nemlidir? Afforai, ara\u015ft\u0131rmac\u0131lar\u0131n y\u00fczlerce akademik makaleyi ayn\u0131 anda y\u00fckleyip analiz edebildi\u011fi, g\u00fcvenilir at\u0131flar sunan yapay zek\u00e2 destekli bir referans y\u00f6netim ve literat\u00fcr asistan\u0131d\u0131r. En b\u00fcy\u00fck fark\u0131, sordu\u011funuz sorulara yan\u0131t verirken hal\u00fcsinasyon (yanl\u0131\u015f bilgi) riskini ortadan kald\u0131rmak i\u00e7in sadece sizin y\u00fckledi\u011finiz belgeleri temel almas\u0131 ve verdi\u011fi her bilginin sonuna t\u0131klanabilir, do\u011frudan [&hellip;]<\/p>\n","protected":false},"author":666,"featured_media":0,"parent":0,"menu_order":0,"comment_status":"closed","ping_status":"closed","template":"","meta":{"footnotes":""},"class_list":["post-9947","page","type-page","status-publish","hentry"],"_links":{"self":[{"href":"https:\/\/atauni.edu.tr\/ogretme-ve-ogrenmeyi-gelistirme-uygulama-ve-arastirma-merkezi\/wp-json\/wp\/v2\/pages\/9947","targetHints":{"allow":["GET"]}}],"collection":[{"href":"https:\/\/atauni.edu.tr\/ogretme-ve-ogrenmeyi-gelistirme-uygulama-ve-arastirma-merkezi\/wp-json\/wp\/v2\/pages"}],"about":[{"href":"https:\/\/atauni.edu.tr\/ogretme-ve-ogrenmeyi-gelistirme-uygulama-ve-arastirma-merkezi\/wp-json\/wp\/v2\/types\/page"}],"author":[{"embeddable":true,"href":"https:\/\/atauni.edu.tr\/ogretme-ve-ogrenmeyi-gelistirme-uygulama-ve-arastirma-merkezi\/wp-json\/wp\/v2\/users\/666"}],"replies":[{"embeddable":true,"href":"https:\/\/atauni.edu.tr\/ogretme-ve-ogrenmeyi-gelistirme-uygulama-ve-arastirma-merkezi\/wp-json\/wp\/v2\/comments?post=9947"}],"version-history":[{"count":3,"href":"https:\/\/atauni.edu.tr\/ogretme-ve-ogrenmeyi-gelistirme-uygulama-ve-arastirma-merkezi\/wp-json\/wp\/v2\/pages\/9947\/revisions"}],"predecessor-version":[{"id":9951,"href":"https:\/\/atauni.edu.tr\/ogretme-ve-ogrenmeyi-gelistirme-uygulama-ve-arastirma-merkezi\/wp-json\/wp\/v2\/pages\/9947\/revisions\/9951"}],"wp:attachment":[{"href":"https:\/\/atauni.edu.tr\/ogretme-ve-ogrenmeyi-gelistirme-uygulama-ve-arastirma-merkezi\/wp-json\/wp\/v2\/media?parent=9947"}],"curies":[{"name":"wp","href":"https:\/\/api.w.org\/{rel}","templated":true}]}}