{"id":9956,"date":"2026-03-29T18:48:31","date_gmt":"2026-03-29T15:48:31","guid":{"rendered":"https:\/\/atauni.edu.tr\/ogretme-ve-ogrenmeyi-gelistirme-uygulama-ve-arastirma-merkezi\/?page_id=9956"},"modified":"2026-03-29T18:59:17","modified_gmt":"2026-03-29T15:59:17","slug":"sourcely","status":"publish","type":"page","link":"https:\/\/atauni.edu.tr\/ogretme-ve-ogrenmeyi-gelistirme-uygulama-ve-arastirma-merkezi\/sourcely\/","title":{"rendered":"Sourcely"},"content":{"rendered":"\t\t<div data-elementor-type=\"wp-page\" data-elementor-id=\"9956\" class=\"elementor elementor-9956\" data-elementor-post-type=\"page\">\n\t\t\t\t\t\t<section class=\"elementor-section elementor-top-section elementor-element elementor-element-0edb8c9 elementor-section-boxed elementor-section-height-default elementor-section-height-default\" data-id=\"0edb8c9\" data-element_type=\"section\">\n\t\t\t\t\t\t<div class=\"elementor-container elementor-column-gap-default\">\n\t\t\t\t\t<div class=\"elementor-column elementor-col-100 elementor-top-column elementor-element elementor-element-5a08d31\" data-id=\"5a08d31\" data-element_type=\"column\">\n\t\t\t<div class=\"elementor-widget-wrap elementor-element-populated\">\n\t\t\t\t\t\t<div class=\"elementor-element elementor-element-0685488 elementor-widget elementor-widget-image\" data-id=\"0685488\" data-element_type=\"widget\" data-widget_type=\"image.default\">\n\t\t\t\t<div class=\"elementor-widget-container\">\n\t\t\t\t\t\t\t\t\t\t\t\t\t\t\t<img fetchpriority=\"high\" decoding=\"async\" width=\"300\" height=\"300\" src=\"https:\/\/atauni.edu.tr\/ogretme-ve-ogrenmeyi-gelistirme-uygulama-ve-arastirma-merkezi\/wp-content\/uploads\/sites\/817\/2026\/03\/Sourcely-duzen.png\" class=\"attachment-large size-large wp-image-9958\" alt=\"\" srcset=\"https:\/\/atauni.edu.tr\/ogretme-ve-ogrenmeyi-gelistirme-uygulama-ve-arastirma-merkezi\/wp-content\/uploads\/sites\/817\/2026\/03\/Sourcely-duzen.png 300w, https:\/\/atauni.edu.tr\/ogretme-ve-ogrenmeyi-gelistirme-uygulama-ve-arastirma-merkezi\/wp-content\/uploads\/sites\/817\/2026\/03\/Sourcely-duzen-150x150.png 150w\" sizes=\"(max-width: 300px) 100vw, 300px\" \/>\t\t\t\t\t\t\t\t\t\t\t\t\t\t\t<\/div>\n\t\t\t\t<\/div>\n\t\t\t\t\t<\/div>\n\t\t<\/div>\n\t\t\t\t\t<\/div>\n\t\t<\/section>\n\t\t\t\t<section class=\"elementor-section elementor-top-section elementor-element elementor-element-9bfaca0 elementor-section-boxed elementor-section-height-default elementor-section-height-default\" data-id=\"9bfaca0\" data-element_type=\"section\">\n\t\t\t\t\t\t<div class=\"elementor-container elementor-column-gap-default\">\n\t\t\t\t\t<div class=\"elementor-column elementor-col-100 elementor-top-column elementor-element elementor-element-b4869ad\" data-id=\"b4869ad\" data-element_type=\"column\">\n\t\t\t<div class=\"elementor-widget-wrap elementor-element-populated\">\n\t\t\t\t\t\t<div class=\"elementor-element elementor-element-841648e elementor-widget elementor-widget-text-editor\" data-id=\"841648e\" data-element_type=\"widget\" data-widget_type=\"text-editor.default\">\n\t\t\t\t<div class=\"elementor-widget-container\">\n\t\t\t\t\t\t\t\t\t<h2>Sourcely Nedir ve Neden \u00d6nemlidir?<\/h2><p style=\"margin-bottom: 1rem;line-height: 1.5em\"><span style=\"font-size: 1rem;letter-spacing: 0px\">Sourcly, yazd\u0131\u011f\u0131n\u0131z bir metne, makale tasla\u011f\u0131na veya sadece akl\u0131n\u0131zdaki bir fikre en uygun akademik kaynaklar\u0131 saniyeler i\u00e7inde bulan yapay zek\u00e2 destekli bir literat\u00fcr e\u015fle\u015ftirme arac\u0131d\u0131r. En b\u00fcy\u00fck fark\u0131, geleneksel arama motorlar\u0131ndaki gibi do\u011fru anahtar kelime kombinasyonlar\u0131n\u0131 bulmaya \u00e7al\u0131\u015fmak yerine; do\u011frudan kendi yazd\u0131\u011f\u0131n\u0131z taslak paragraf\u0131 sisteme yap\u0131\u015ft\u0131rarak, &#8220;Bu iddiam\u0131 destekleyecek akademik yay\u0131nlar bul&#8221; diyebilmenizdir. Kaynak arama s\u00fcrecindeki zaman kayb\u0131n\u0131 ve at\u0131f bulma stresini ortadan kald\u0131rarak, desteksiz metinleri kan\u0131ta dayal\u0131 akademik \u00e7al\u0131\u015fmalara d\u00f6n\u00fc\u015ft\u00fcrme deneyimini tamamen de\u011fi\u015ftirir.<\/span><\/p><h3>E\u011fitimde Kullan\u0131m Alanlar\u0131<\/h3><p><span style=\"font-size: 1rem;letter-spacing: 0px\">E\u011fitimciler ve ara\u015ft\u0131rmac\u0131lar i\u00e7in Sourcly, yaz\u0131m s\u00fcrecinde t\u0131kan\u0131lan noktalarda veya bir arg\u00fcman\u0131n alt\u0131 bo\u015f kald\u0131\u011f\u0131nda do\u011fru referanslar\u0131 \u00f6n\u00fcn\u00fcze getiren dijital bir ara\u015ft\u0131rma asistan\u0131 gibi \u00e7al\u0131\u015f\u0131r. \u0130leri s\u00fcrd\u00fc\u011f\u00fcn\u00fcz hipotezleri veya yazd\u0131\u011f\u0131n\u0131z ders materyallerini destekleyecek g\u00fcncel ve hakemli yay\u0131nlar\u0131 an\u0131nda bulman\u0131z\u0131 sa\u011flar. \u00d6zellikle makalelerin &#8220;Giri\u015f&#8221; b\u00f6l\u00fcmlerini yazarken, tez taslaklar\u0131n\u0131 literat\u00fcrle g\u00fc\u00e7lendirirken ve eksik at\u0131flar\u0131 tamamlarken operasyonel y\u00fck\u00fc ciddi \u015fekilde hafifletir.<\/span><\/p><h3>\u00d6\u011frenciler \u0130\u00e7in<\/h3><p><span style=\"font-size: 1rem;letter-spacing: 0px\">\u00d6\u011frenciler bu arac\u0131, yazd\u0131klar\u0131 denemelerde ve ara\u015ft\u0131rma \u00f6devlerinde &#8220;Bu c\u00fcmleye hangi kayna\u011f\u0131 eklemeliyim?&#8221; endi\u015fesini \u00e7\u00f6zmek i\u00e7in hayat kurtar\u0131c\u0131 bir kaynak bulucu olarak kullanabilir. Kendi c\u00fcmleleriyle yazd\u0131klar\u0131 metni Sourcly&#8217;ye yap\u0131\u015ft\u0131r\u0131p, yapay zek\u00e2n\u0131n metindeki iddialar\u0131 analiz etmesini ve bunlar\u0131 akademik olarak kan\u0131tlayacak ger\u00e7ek, hakemli makaleleri \u00f6nermesini sa\u011flayabilirler. Yay\u0131n y\u0131l\u0131 (\u00f6rne\u011fin son 5 y\u0131l) veya hakemli olma durumu gibi filtrelerle, e\u011fitmenlerinin talep etti\u011fi akademik standartlara uygun referans listelerini saniyeler i\u00e7inde olu\u015fturabilirler.<\/span><\/p><h3>\u00d6nemli Akademik Uyar\u0131<\/h3><p><span style=\"font-size: 1rem;letter-spacing: 0px\">Sourcly, yazd\u0131\u011f\u0131n\u0131z metinle anlamsal (semantik) olarak e\u015fle\u015fen makaleleri bulmada olduk\u00e7a ba\u015far\u0131l\u0131 olsa da, yapay zek\u00e2n\u0131n \u00f6nerdi\u011fi bir makalenin ba\u015fl\u0131\u011f\u0131 veya \u00f6zeti sizin metninizle uyumlu g\u00f6r\u00fcnse bile; \u00e7al\u0131\u015fman\u0131n metodolojisi, ba\u011flam\u0131 veya nihai sonucu sizin iddian\u0131zla \u00e7eli\u015fiyor olabilir. Ara\u00e7 size uygun literat\u00fcr\u00fc h\u0131zla listeler, ancak bu kaynaklar\u0131n tezinizi ger\u00e7ekten ve do\u011fru bir \u015fekilde destekleyip desteklemedi\u011fini teyit etmek i\u00e7in orijinal metinlerin okunmas\u0131 \u015fartt\u0131r. Bu platform, sizin ad\u0131n\u0131za kaynak okuyan bir ara\u00e7 de\u011fil, taslak fikirlerinizi bilimsel literat\u00fcrle bulu\u015fturan g\u00fc\u00e7l\u00fc bir &#8220;kaynak ke\u015fif ve e\u015fle\u015ftirme arac\u0131&#8221; olarak konumland\u0131r\u0131lmal\u0131d\u0131r.<\/span><\/p><h3>Nas\u0131l Eri\u015filir?<\/h3><p><a href=\"https:\/\/www.google.com\/search?q=https:\/\/www.sourcly.ai\" target=\"_blank\" rel=\"noopener\" data-hveid=\"0\" data-ved=\"0CAAQ_4QMahcKEwjd38Kkr8WTAxUAAAAAHQAAAAAQXg\">https:\/\/www.sourcly.ai<\/a><span style=\"font-size: 1rem;letter-spacing: 0px\"> adresi \u00fczerinden \u00fccretsiz hesab\u0131n\u0131z\u0131 olu\u015fturarak, metinlerinizi yap\u0131\u015ft\u0131rmaya ve iddialar\u0131n\u0131z\u0131 destekleyecek akademik makaleleri ke\u015ffetmeye hemen ba\u015flayabilirsiniz.<\/span><\/p><h3><span style=\"font-size: 1.75rem;letter-spacing: 0px\">Akademisyenler \u0130\u00e7in: Yapay Zek\u00e2 Destekli Kaynak Bulma ve Do\u011frulama<\/span><\/h3><p><span style=\"font-size: 1rem;letter-spacing: 0px\">Akademik d\u00fcnyada, taslak halinde yaz\u0131lm\u0131\u015f bir fikri veya paragraf\u0131 literat\u00fcrle temellendirmek i\u00e7in saatlerce veri tabanlar\u0131nda dola\u015fmak yerine an\u0131nda kaynak e\u015fle\u015ftirmesi yapmak b\u00fcy\u00fck konfordur. Sourcly bu s\u00fcreci do\u011frudan metin odakl\u0131 \u00e7\u00f6zer. \u0130\u015fte kullanabilece\u011finiz baz\u0131 senaryolar:<\/span><\/p><h6><span data-path-to-node=\"16\" data-index-in-node=\"0\">Eksik Literat\u00fcr\u00fc ve Desteksiz \u0130ddialar\u0131 Tespit Etme<\/span><\/h6><p>Yazd\u0131\u011f\u0131n\u0131z bir metnin hangi y\u00f6nlerinin dayanaks\u0131z oldu\u011funu g\u00f6rmek i\u00e7in \u015fu eylemi ger\u00e7ekle\u015ftirebilirsiniz:<\/p><blockquote><p>Makalemin giri\u015f b\u00f6l\u00fcm\u00fcn\u00fc sisteme y\u00fckl\u00fcyorum. Yazd\u0131\u011f\u0131m bu metin i\u00e7erisindeki at\u0131fs\u0131z kalm\u0131\u015f g\u00fc\u00e7l\u00fc iddialar\u0131 tespit et ve bu akademik bo\u015fluklar\u0131 doldurmak i\u00e7in bana en uygun, y\u00fcksek at\u0131f alm\u0131\u015f makale \u00f6nerilerinde bulun.<\/p><\/blockquote><h6><span style=\"font-size: 1rem;letter-spacing: 0px\">Taslak Metinler \u0130\u00e7in At\u0131f Bulma<\/span><\/h6><p>Kendi kelimelerinizle yazd\u0131\u011f\u0131n\u0131z bir b\u00f6l\u00fcm\u00fc literat\u00fcrle temellendirmek i\u00e7in do\u011frudan metninizi yap\u0131\u015ft\u0131r\u0131p \u015fu hedefle arama yapabilirsiniz:<\/p><blockquote><p>Yazd\u0131\u011f\u0131m bu iki paragrafl\u0131k &#8216;E\u011fitimde Oyunla\u015ft\u0131rman\u0131n Motivasyona Etkisi&#8217; metnini analiz et. Bu metindeki temel arg\u00fcmanlar\u0131m\u0131 destekleyecek, son 5 y\u0131l i\u00e7inde yay\u0131nlanm\u0131\u015f ve do\u011frudan e\u015fle\u015fen hakemli makaleleri bul.<\/p><\/blockquote><h6><span data-path-to-node=\"15\" data-index-in-node=\"0\">Spesifik Bir Arg\u00fcman\u0131 G\u00fc\u00e7lendirme<\/span><\/h6><p>Tart\u0131\u015fmal\u0131 veya yenilik\u00e7i bir ifadeyi akademik bir zemine oturtmak i\u00e7in sisteme \u015fu komutu\/metni girebilirsiniz:<\/p><blockquote><p>\u00d6\u011fretmen t\u00fckenmi\u015fli\u011finin, s\u0131n\u0131f i\u00e7i yenilik\u00e7i teknoloji kullan\u0131m\u0131n\u0131 do\u011frudan azaltt\u0131\u011f\u0131na&#8217; dair ileri s\u00fcrd\u00fc\u011f\u00fcm bu hipotezi destekleyen veya bu konuyla ilgili ampirik bulgular sunan g\u00fcncel (2020 sonras\u0131) \u00e7al\u0131\u015fmalar\u0131 tara ve bana \u00f6zetleriyle birlikte listele.<\/p><\/blockquote><h6><span data-path-to-node=\"17\" data-index-in-node=\"0\">\u00c7ok Dilli Kaynak Ke\u015ffi<\/span><\/h6><p>T\u00fcrk\u00e7e veya farkl\u0131 bir dilde yazd\u0131\u011f\u0131n\u0131z metne uluslararas\u0131 literat\u00fcrden kaynak bulmak i\u00e7in \u015fu y\u00f6ntemi deneyebilirsiniz:<\/p><blockquote><p>Sisteme yap\u0131\u015ft\u0131rd\u0131\u011f\u0131m bu T\u00fcrk\u00e7e ara\u015ft\u0131rma tasla\u011f\u0131n\u0131n anlamsal analizini yap ve metnimdeki iddialar\u0131 destekleyebilecek, uluslararas\u0131 veri tabanlar\u0131ndaki \u0130ngilizce dilindeki akademik makaleleri bularak referans listeme eklememi sa\u011fla.<\/p><\/blockquote><h6>\u00d6rnek Prompt K\u00fct\u00fcphanesi<\/h6><p>Kapsaml\u0131 bir ara\u015ft\u0131rma \u00f6nerisini kaynak\u00e7a ile b\u00fct\u00fcnle\u015ftirmek istiyorsan\u0131z sisteme metninizi girip \u015fu filtreleme komutunu uygulayabilirsiniz:<\/p><blockquote><p>\u0130klim De\u011fi\u015fikli\u011fi ve Tar\u0131m Politikalar\u0131&#8217; \u00fczerine haz\u0131rlad\u0131\u011f\u0131m bu ara\u015ft\u0131rma \u00f6nerisinin metnini tara. Sadece hakemli dergilerden al\u0131nm\u0131\u015f, a\u00e7\u0131k eri\u015fimli \u00e7al\u0131\u015fmalar\u0131 bularak, yazd\u0131\u011f\u0131m her bir alt ba\u015fl\u0131k i\u00e7in (Giri\u015f, Y\u00f6ntem, Beklenen Bulgular) en uygun akademik kaynaklar\u0131 benimle e\u015fle\u015ftir.<\/p><\/blockquote>\t\t\t\t\t\t\t\t<\/div>\n\t\t\t\t<\/div>\n\t\t\t\t\t<\/div>\n\t\t<\/div>\n\t\t\t\t\t<\/div>\n\t\t<\/section>\n\t\t\t\t<section class=\"elementor-section elementor-top-section elementor-element elementor-element-548d10a elementor-section-boxed elementor-section-height-default elementor-section-height-default\" data-id=\"548d10a\" data-element_type=\"section\">\n\t\t\t\t\t\t<div class=\"elementor-container elementor-column-gap-default\">\n\t\t\t\t\t<div class=\"elementor-column elementor-col-100 elementor-top-column elementor-element elementor-element-4baa251\" data-id=\"4baa251\" data-element_type=\"column\">\n\t\t\t<div class=\"elementor-widget-wrap elementor-element-populated\">\n\t\t\t\t\t\t<div class=\"elementor-element elementor-element-27e1dd8 elementor-widget elementor-widget-button\" data-id=\"27e1dd8\" data-element_type=\"widget\" data-widget_type=\"button.default\">\n\t\t\t\t<div class=\"elementor-widget-container\">\n\t\t\t\t\t\t\t\t\t<div class=\"elementor-button-wrapper\">\n\t\t\t\t\t<a class=\"elementor-button elementor-button-link elementor-size-sm\" href=\"http:\/\/sourcely.net\" target=\"_blank\">\n\t\t\t\t\t\t<span class=\"elementor-button-content-wrapper\">\n\t\t\t\t\t\t\t\t\t<span class=\"elementor-button-text\">Buraya t\u0131kla<\/span>\n\t\t\t\t\t<\/span>\n\t\t\t\t\t<\/a>\n\t\t\t\t<\/div>\n\t\t\t\t\t\t\t\t<\/div>\n\t\t\t\t<\/div>\n\t\t\t\t\t<\/div>\n\t\t<\/div>\n\t\t\t\t\t<\/div>\n\t\t<\/section>\n\t\t\t\t<\/div>\n\t\t","protected":false},"excerpt":{"rendered":"<p>Sourcely Nedir ve Neden \u00d6nemlidir? Sourcly, yazd\u0131\u011f\u0131n\u0131z bir metne, makale tasla\u011f\u0131na veya sadece akl\u0131n\u0131zdaki bir fikre en uygun akademik kaynaklar\u0131 saniyeler i\u00e7inde bulan yapay zek\u00e2 destekli bir literat\u00fcr e\u015fle\u015ftirme arac\u0131d\u0131r. En b\u00fcy\u00fck fark\u0131, geleneksel arama motorlar\u0131ndaki gibi do\u011fru anahtar kelime kombinasyonlar\u0131n\u0131 bulmaya \u00e7al\u0131\u015fmak yerine; do\u011frudan kendi yazd\u0131\u011f\u0131n\u0131z taslak paragraf\u0131 sisteme yap\u0131\u015ft\u0131rarak, &#8220;Bu iddiam\u0131 destekleyecek akademik [&hellip;]<\/p>\n","protected":false},"author":666,"featured_media":0,"parent":0,"menu_order":0,"comment_status":"closed","ping_status":"closed","template":"","meta":{"footnotes":""},"class_list":["post-9956","page","type-page","status-publish","hentry"],"_links":{"self":[{"href":"https:\/\/atauni.edu.tr\/ogretme-ve-ogrenmeyi-gelistirme-uygulama-ve-arastirma-merkezi\/wp-json\/wp\/v2\/pages\/9956","targetHints":{"allow":["GET"]}}],"collection":[{"href":"https:\/\/atauni.edu.tr\/ogretme-ve-ogrenmeyi-gelistirme-uygulama-ve-arastirma-merkezi\/wp-json\/wp\/v2\/pages"}],"about":[{"href":"https:\/\/atauni.edu.tr\/ogretme-ve-ogrenmeyi-gelistirme-uygulama-ve-arastirma-merkezi\/wp-json\/wp\/v2\/types\/page"}],"author":[{"embeddable":true,"href":"https:\/\/atauni.edu.tr\/ogretme-ve-ogrenmeyi-gelistirme-uygulama-ve-arastirma-merkezi\/wp-json\/wp\/v2\/users\/666"}],"replies":[{"embeddable":true,"href":"https:\/\/atauni.edu.tr\/ogretme-ve-ogrenmeyi-gelistirme-uygulama-ve-arastirma-merkezi\/wp-json\/wp\/v2\/comments?post=9956"}],"version-history":[{"count":4,"href":"https:\/\/atauni.edu.tr\/ogretme-ve-ogrenmeyi-gelistirme-uygulama-ve-arastirma-merkezi\/wp-json\/wp\/v2\/pages\/9956\/revisions"}],"predecessor-version":[{"id":9963,"href":"https:\/\/atauni.edu.tr\/ogretme-ve-ogrenmeyi-gelistirme-uygulama-ve-arastirma-merkezi\/wp-json\/wp\/v2\/pages\/9956\/revisions\/9963"}],"wp:attachment":[{"href":"https:\/\/atauni.edu.tr\/ogretme-ve-ogrenmeyi-gelistirme-uygulama-ve-arastirma-merkezi\/wp-json\/wp\/v2\/media?parent=9956"}],"curies":[{"name":"wp","href":"https:\/\/api.w.org\/{rel}","templated":true}]}}