{"id":9981,"date":"2026-03-30T17:49:34","date_gmt":"2026-03-30T14:49:34","guid":{"rendered":"https:\/\/atauni.edu.tr\/ogretme-ve-ogrenmeyi-gelistirme-uygulama-ve-arastirma-merkezi\/?page_id=9981"},"modified":"2026-03-30T17:54:44","modified_gmt":"2026-03-30T14:54:44","slug":"uretken-yapay-zeka-araclari-ve-elestirel-dusunme-egitimi","status":"publish","type":"page","link":"https:\/\/atauni.edu.tr\/ogretme-ve-ogrenmeyi-gelistirme-uygulama-ve-arastirma-merkezi\/uretken-yapay-zeka-araclari-ve-elestirel-dusunme-egitimi\/","title":{"rendered":"\u00dcretken Yapay Zek\u00e2 Ara\u00e7lar\u0131 ve Ele\u015ftirel D\u00fc\u015f\u00fcnme E\u011fitimi"},"content":{"rendered":"\t\t<div data-elementor-type=\"wp-page\" data-elementor-id=\"9981\" class=\"elementor elementor-9981\" data-elementor-post-type=\"page\">\n\t\t\t\t\t\t<section class=\"elementor-section elementor-top-section elementor-element elementor-element-27d159b elementor-section-boxed elementor-section-height-default elementor-section-height-default\" data-id=\"27d159b\" data-element_type=\"section\">\n\t\t\t\t\t\t<div class=\"elementor-container elementor-column-gap-default\">\n\t\t\t\t\t<div class=\"elementor-column elementor-col-100 elementor-top-column elementor-element elementor-element-b2cbc83\" data-id=\"b2cbc83\" data-element_type=\"column\">\n\t\t\t<div class=\"elementor-widget-wrap elementor-element-populated\">\n\t\t\t\t\t\t<div class=\"elementor-element elementor-element-3f08578 elementor-widget elementor-widget-text-editor\" data-id=\"3f08578\" data-element_type=\"widget\" data-widget_type=\"text-editor.default\">\n\t\t\t\t<div class=\"elementor-widget-container\">\n\t\t\t\t\t\t\t\t\t<h2>\u00dcretken Yapay Zek\u00e2 Ara\u00e7lar\u0131 ve Ele\u015ftirel D\u00fc\u015f\u00fcnme E\u011fitimi<\/h2><p>\u00dcretken yapay zek\u00e2 ara\u00e7lar\u0131n\u0131n e\u011fitim s\u00fcre\u00e7lerine entegrasyonu ve ele\u015ftirel d\u00fc\u015f\u00fcnme becerilerinin geli\u015ftirilmesi \u00fczerine haz\u0131rlanan bu e\u011fitim, kat\u0131l\u0131mc\u0131lara g\u00fcn\u00fcm\u00fcz e\u011fitim anlay\u0131\u015f\u0131na uygun dijital yakla\u015f\u0131mlar sunmay\u0131 ama\u00e7lamaktad\u0131r. E\u011fitimde, yapay zek\u00e2 ara\u00e7lar\u0131n\u0131n \u00f6\u011fretim s\u00fcre\u00e7lerinde nas\u0131l etkin ve bilin\u00e7li kullan\u0131labilece\u011fi ele al\u0131nm\u0131\u015ft\u0131r.<\/p><p>Bu e\u011fitim kapsam\u0131nda, \u00fcretken yapay zek\u00e2 ara\u00e7lar\u0131n\u0131n sundu\u011fu imkanlar, ele\u015ftirel d\u00fc\u015f\u00fcnme ile birlikte de\u011ferlendirilerek e\u011fitim ortamlar\u0131nda nas\u0131l daha verimli kullan\u0131labilece\u011fi a\u00e7\u0131klanm\u0131\u015ft\u0131r. Kat\u0131l\u0131mc\u0131lar, yapay zek\u00e2 destekli \u00f6\u011frenme s\u00fcre\u00e7lerini analiz etme, sorgulama ve etkili kullanma konusunda fark\u0131ndal\u0131k kazanm\u0131\u015ft\u0131r.<\/p><h3>Bu E\u011fitim Videosunda Neler Bulacaks\u0131n\u0131z?<\/h3><ul><li>\u00dcretken yapay zek\u00e2 ara\u00e7lar\u0131n\u0131n temel \u00f6zellikleri ve kullan\u0131m alanlar\u0131<\/li><li>E\u011fitimde yapay zek\u00e2 kullan\u0131m\u0131na y\u00f6nelik g\u00fcncel yakla\u015f\u0131mlar<\/li><li>Ele\u015ftirel d\u00fc\u015f\u00fcnme becerilerinin yapay zek\u00e2 ile birlikte geli\u015ftirilmesi<\/li><li>Yapay zek\u00e2 \u00e7\u0131kt\u0131lar\u0131n\u0131n de\u011ferlendirilmesi ve sorgulanmas\u0131<\/li><li>\u00d6\u011fretim s\u00fcre\u00e7lerinde yapay zek\u00e2 destekli uygulama \u00f6rnekleri<\/li><\/ul><p>E\u011fitim sonunda kat\u0131l\u0131mc\u0131lar, \u00fcretken yapay zek\u00e2 ara\u00e7lar\u0131n\u0131 yaln\u0131zca kullanmakla kalmay\u0131p, bu ara\u00e7lar\u0131 ele\u015ftirel bir bak\u0131\u015f a\u00e7\u0131s\u0131yla de\u011ferlendirebilme yetkinli\u011fi kazanacakt\u0131r. E\u011fitim, \u00f6\u011fretim s\u00fcre\u00e7lerini dijital d\u00f6n\u00fc\u015f\u00fcme uyumlu hale getirmek isteyen t\u00fcm kat\u0131l\u0131mc\u0131lar i\u00e7in \u00f6nemli bir kaynak niteli\u011findedir.<\/p><p>\u00a0<\/p><div style=\"margin-top: 20px\"><strong>\ud83d\udcc5 Tarih:<\/strong> 25 Mart \u00c7ar\u015famba<br \/><strong>\ud83d\udccd Yer:<\/strong> \u00c7evrim i\u00e7i (Zoom)<br \/><strong>\u23f0 Saat:<\/strong> 19:00<br \/><strong>\ud83d\udc64 E\u011fitmen:<\/strong> Prof. Dr. Sevda K\u00dc\u00c7\u00dcK<br \/><strong>\ud83c\udf93 Sertifika:<\/strong> Program sonunda kat\u0131l\u0131m sertifikas\u0131 verilecektir.<br \/><strong>\ud83d\udc65 Kontenjan:<\/strong> 300 ki\u015fi ile s\u0131n\u0131rl\u0131d\u0131r.<\/div><p>\u00a0<\/p><div style=\"margin-top: 30px\">\u00a0<\/div>\t\t\t\t\t\t\t\t<\/div>\n\t\t\t\t<\/div>\n\t\t\t\t\t<\/div>\n\t\t<\/div>\n\t\t\t\t\t<\/div>\n\t\t<\/section>\n\t\t\t\t<section class=\"elementor-section elementor-top-section elementor-element elementor-element-04db687 elementor-section-boxed elementor-section-height-default elementor-section-height-default\" data-id=\"04db687\" data-element_type=\"section\">\n\t\t\t\t\t\t<div class=\"elementor-container elementor-column-gap-default\">\n\t\t\t\t\t<div class=\"elementor-column elementor-col-100 elementor-top-column elementor-element elementor-element-ab65b24\" data-id=\"ab65b24\" data-element_type=\"column\">\n\t\t\t<div class=\"elementor-widget-wrap elementor-element-populated\">\n\t\t\t\t\t\t<div class=\"elementor-element elementor-element-077f5ff elementor-widget elementor-widget-video\" data-id=\"077f5ff\" data-element_type=\"widget\" data-settings=\"{&quot;youtube_url&quot;:&quot;https:\\\/\\\/youtu.be\\\/X21uJ2H9xfY&quot;,&quot;video_type&quot;:&quot;youtube&quot;,&quot;controls&quot;:&quot;yes&quot;}\" data-widget_type=\"video.default\">\n\t\t\t\t<div class=\"elementor-widget-container\">\n\t\t\t\t\t\t\t<div class=\"elementor-wrapper elementor-open-inline\">\n\t\t\t<div class=\"elementor-video\"><\/div>\t\t<\/div>\n\t\t\t\t\t\t<\/div>\n\t\t\t\t<\/div>\n\t\t\t\t\t<\/div>\n\t\t<\/div>\n\t\t\t\t\t<\/div>\n\t\t<\/section>\n\t\t\t\t<\/div>\n\t\t","protected":false},"excerpt":{"rendered":"<p>\u00dcretken Yapay Zek\u00e2 Ara\u00e7lar\u0131 ve Ele\u015ftirel D\u00fc\u015f\u00fcnme E\u011fitimi \u00dcretken yapay zek\u00e2 ara\u00e7lar\u0131n\u0131n e\u011fitim s\u00fcre\u00e7lerine entegrasyonu ve ele\u015ftirel d\u00fc\u015f\u00fcnme becerilerinin geli\u015ftirilmesi \u00fczerine haz\u0131rlanan bu e\u011fitim, kat\u0131l\u0131mc\u0131lara g\u00fcn\u00fcm\u00fcz e\u011fitim anlay\u0131\u015f\u0131na uygun dijital yakla\u015f\u0131mlar sunmay\u0131 ama\u00e7lamaktad\u0131r. E\u011fitimde, yapay zek\u00e2 ara\u00e7lar\u0131n\u0131n \u00f6\u011fretim s\u00fcre\u00e7lerinde nas\u0131l etkin ve bilin\u00e7li kullan\u0131labilece\u011fi ele al\u0131nm\u0131\u015ft\u0131r. Bu e\u011fitim kapsam\u0131nda, \u00fcretken yapay zek\u00e2 ara\u00e7lar\u0131n\u0131n sundu\u011fu imkanlar, [&hellip;]<\/p>\n","protected":false},"author":666,"featured_media":0,"parent":0,"menu_order":0,"comment_status":"closed","ping_status":"closed","template":"","meta":{"footnotes":""},"class_list":["post-9981","page","type-page","status-publish","hentry"],"_links":{"self":[{"href":"https:\/\/atauni.edu.tr\/ogretme-ve-ogrenmeyi-gelistirme-uygulama-ve-arastirma-merkezi\/wp-json\/wp\/v2\/pages\/9981","targetHints":{"allow":["GET"]}}],"collection":[{"href":"https:\/\/atauni.edu.tr\/ogretme-ve-ogrenmeyi-gelistirme-uygulama-ve-arastirma-merkezi\/wp-json\/wp\/v2\/pages"}],"about":[{"href":"https:\/\/atauni.edu.tr\/ogretme-ve-ogrenmeyi-gelistirme-uygulama-ve-arastirma-merkezi\/wp-json\/wp\/v2\/types\/page"}],"author":[{"embeddable":true,"href":"https:\/\/atauni.edu.tr\/ogretme-ve-ogrenmeyi-gelistirme-uygulama-ve-arastirma-merkezi\/wp-json\/wp\/v2\/users\/666"}],"replies":[{"embeddable":true,"href":"https:\/\/atauni.edu.tr\/ogretme-ve-ogrenmeyi-gelistirme-uygulama-ve-arastirma-merkezi\/wp-json\/wp\/v2\/comments?post=9981"}],"version-history":[{"count":7,"href":"https:\/\/atauni.edu.tr\/ogretme-ve-ogrenmeyi-gelistirme-uygulama-ve-arastirma-merkezi\/wp-json\/wp\/v2\/pages\/9981\/revisions"}],"predecessor-version":[{"id":9991,"href":"https:\/\/atauni.edu.tr\/ogretme-ve-ogrenmeyi-gelistirme-uygulama-ve-arastirma-merkezi\/wp-json\/wp\/v2\/pages\/9981\/revisions\/9991"}],"wp:attachment":[{"href":"https:\/\/atauni.edu.tr\/ogretme-ve-ogrenmeyi-gelistirme-uygulama-ve-arastirma-merkezi\/wp-json\/wp\/v2\/media?parent=9981"}],"curies":[{"name":"wp","href":"https:\/\/api.w.org\/{rel}","templated":true}]}}