{"id":5638,"date":"2021-07-13T09:49:25","date_gmt":"2021-07-13T06:49:25","guid":{"rendered":"https:\/\/portaltest.atauni.edu.tr\/bilgisayar-muhendisligi\/?page_id=5638"},"modified":"2022-05-11T21:49:56","modified_gmt":"2022-05-11T18:49:56","slug":"tarihce","status":"publish","type":"page","link":"https:\/\/atauni.edu.tr\/okul-oncesi-egitimi\/tarihce\/","title":{"rendered":"Tarih\u00e7e"},"content":{"rendered":"\t\t<div data-elementor-type=\"wp-page\" data-elementor-id=\"5638\" class=\"elementor elementor-5638\" data-elementor-post-type=\"page\">\n\t\t\t\t\t\t<section class=\"elementor-section elementor-top-section elementor-element elementor-element-730d320 elementor-section-boxed elementor-section-height-default elementor-section-height-default\" data-id=\"730d320\" data-element_type=\"section\">\n\t\t\t\t\t\t<div class=\"elementor-container elementor-column-gap-default\">\n\t\t\t\t\t<div class=\"elementor-column elementor-col-100 elementor-top-column elementor-element elementor-element-753d0860\" data-id=\"753d0860\" data-element_type=\"column\">\n\t\t\t<div class=\"elementor-widget-wrap\">\n\t\t\t\t\t\t\t<\/div>\n\t\t<\/div>\n\t\t\t\t\t<\/div>\n\t\t<\/section>\n\t\t\t\t<section class=\"elementor-section elementor-top-section elementor-element elementor-element-9be811a elementor-section-boxed elementor-section-height-default elementor-section-height-default\" data-id=\"9be811a\" data-element_type=\"section\">\n\t\t\t\t\t\t<div class=\"elementor-container elementor-column-gap-default\">\n\t\t\t\t\t<div class=\"elementor-column elementor-col-100 elementor-top-column elementor-element elementor-element-1ed847b7\" data-id=\"1ed847b7\" data-element_type=\"column\">\n\t\t\t<div class=\"elementor-widget-wrap elementor-element-populated\">\n\t\t\t\t\t\t<div class=\"elementor-element elementor-element-4ce0d07f elementor-widget elementor-widget-heading\" data-id=\"4ce0d07f\" data-element_type=\"widget\" data-widget_type=\"heading.default\">\n\t\t\t\t<div class=\"elementor-widget-container\">\n\t\t\t\t\t<h2 class=\"elementor-heading-title elementor-size-default\">Tarih\u00e7e<\/h2>\t\t\t\t<\/div>\n\t\t\t\t<\/div>\n\t\t\t\t<div class=\"elementor-element elementor-element-63260862 elementor-widget-divider--view-line elementor-widget elementor-widget-divider\" data-id=\"63260862\" data-element_type=\"widget\" data-widget_type=\"divider.default\">\n\t\t\t\t<div class=\"elementor-widget-container\">\n\t\t\t\t\t\t\t<div class=\"elementor-divider\">\n\t\t\t<span class=\"elementor-divider-separator\">\n\t\t\t\t\t\t<\/span>\n\t\t<\/div>\n\t\t\t\t\t\t<\/div>\n\t\t\t\t<\/div>\n\t\t\t\t\t<\/div>\n\t\t<\/div>\n\t\t\t\t\t<\/div>\n\t\t<\/section>\n\t\t\t\t<section class=\"elementor-section elementor-top-section elementor-element elementor-element-681db8b elementor-section-boxed elementor-section-height-default elementor-section-height-default\" data-id=\"681db8b\" data-element_type=\"section\">\n\t\t\t\t\t\t<div class=\"elementor-container elementor-column-gap-default\">\n\t\t\t\t\t<div class=\"elementor-column elementor-col-100 elementor-top-column elementor-element elementor-element-ad4dac5\" data-id=\"ad4dac5\" data-element_type=\"column\">\n\t\t\t<div class=\"elementor-widget-wrap elementor-element-populated\">\n\t\t\t\t\t\t<div class=\"elementor-element elementor-element-2f96b3d elementor-widget elementor-widget-text-editor\" data-id=\"2f96b3d\" data-element_type=\"widget\" data-widget_type=\"text-editor.default\">\n\t\t\t\t<div class=\"elementor-widget-container\">\n\t\t\t\t\t\t\t\t\t<p>Okul \u00d6ncesi \u00d6\u011fretmenli\u011fi Program\u0131 1998-1999 e\u011fitim-\u00f6\u011fretim y\u0131l\u0131nda Kaz\u0131m Karabekir E\u011fitim Fak\u00fcltesi \u0130lk\u00f6\u011fretim b\u00f6l\u00fcm\u00fc b\u00fcnyesinde a\u00e7\u0131lm\u0131\u015ft\u0131r. Ancak, Y\u00fcksek \u00d6\u011fretim Kurulu\u2019nun 17.06.2016 tarihinde \u201cE\u011fitim \/ E\u011fitim Bilimleri Fak\u00fclteleri Yeni Yap\u0131s\u0131\u201d ba\u015fl\u0131kl\u0131 ve 75850160-101.03.01-36826 say\u0131l\u0131 karar\u0131 ile Temel E\u011fitim B\u00f6l\u00fcm\u00fc, Okul \u00d6ncesi E\u011fitimi Ana Bilim Dal\u0131\u2019na ba\u011fl\u0131 bir program olmu\u015ftur. Program, 1998-1999 e\u011fitim-\u00f6\u011fretim y\u0131l\u0131ndan itibaren I. \u00f6\u011fretim program\u0131na, 2000-2001 e\u011fitim \u00f6\u011fretim y\u0131l\u0131ndan itibaren ise II. \u00f6\u011fretim program\u0131na \u00f6\u011frenci almaya ba\u015flam\u0131\u015ft\u0131r. Program\u0131n \u00f6\u011frenci kontenjan\u0131 her y\u0131l yeniden belirlenmekle birlikte genellikle 60 I. \u00f6\u011fretim ve 60 II. \u00f6\u011fretim olmak \u00fczere 120 \u00f6\u011frenci al\u0131nmaktad\u0131r. Ayr\u0131ca DGS s\u0131nav\u0131 ile her y\u0131l 6, I. \u00f6\u011fretim ve 6 II. \u00f6\u011fretim olmak \u00fczere 12 \u00f6\u011frenci kabul edilmektedir. 2020-2021 e\u011fitim \u00f6\u011fretim y\u0131l\u0131 itibariyle II. \u00f6\u011fretim program\u0131na \u00f6\u011frenci al\u0131m\u0131 durdurulmu\u015ftur. <br><\/p>\t\t\t\t\t\t\t\t<\/div>\n\t\t\t\t<\/div>\n\t\t\t\t\t<\/div>\n\t\t<\/div>\n\t\t\t\t\t<\/div>\n\t\t<\/section>\n\t\t\t\t<\/div>\n\t\t","protected":false},"excerpt":{"rendered":"<p>Tarih\u00e7e Okul \u00d6ncesi \u00d6\u011fretmenli\u011fi Program\u0131 1998-1999 e\u011fitim-\u00f6\u011fretim y\u0131l\u0131nda Kaz\u0131m Karabekir E\u011fitim Fak\u00fcltesi \u0130lk\u00f6\u011fretim b\u00f6l\u00fcm\u00fc b\u00fcnyesinde a\u00e7\u0131lm\u0131\u015ft\u0131r. Ancak, Y\u00fcksek \u00d6\u011fretim Kurulu\u2019nun 17.06.2016 tarihinde \u201cE\u011fitim \/ E\u011fitim Bilimleri Fak\u00fclteleri Yeni Yap\u0131s\u0131\u201d ba\u015fl\u0131kl\u0131 ve 75850160-101.03.01-36826 say\u0131l\u0131 karar\u0131 ile Temel E\u011fitim B\u00f6l\u00fcm\u00fc, Okul \u00d6ncesi E\u011fitimi Ana Bilim Dal\u0131\u2019na ba\u011fl\u0131 bir program olmu\u015ftur. Program, 1998-1999 e\u011fitim-\u00f6\u011fretim y\u0131l\u0131ndan itibaren I. \u00f6\u011fretim [&hellip;]<\/p>\n","protected":false},"author":1,"featured_media":0,"parent":0,"menu_order":0,"comment_status":"closed","ping_status":"closed","template":"","meta":{"footnotes":""},"class_list":["post-5638","page","type-page","status-publish","hentry"],"_links":{"self":[{"href":"https:\/\/atauni.edu.tr\/okul-oncesi-egitimi\/wp-json\/wp\/v2\/pages\/5638","targetHints":{"allow":["GET"]}}],"collection":[{"href":"https:\/\/atauni.edu.tr\/okul-oncesi-egitimi\/wp-json\/wp\/v2\/pages"}],"about":[{"href":"https:\/\/atauni.edu.tr\/okul-oncesi-egitimi\/wp-json\/wp\/v2\/types\/page"}],"author":[{"embeddable":true,"href":"https:\/\/atauni.edu.tr\/okul-oncesi-egitimi\/wp-json\/wp\/v2\/users\/1"}],"replies":[{"embeddable":true,"href":"https:\/\/atauni.edu.tr\/okul-oncesi-egitimi\/wp-json\/wp\/v2\/comments?post=5638"}],"version-history":[{"count":25,"href":"https:\/\/atauni.edu.tr\/okul-oncesi-egitimi\/wp-json\/wp\/v2\/pages\/5638\/revisions"}],"predecessor-version":[{"id":6198,"href":"https:\/\/atauni.edu.tr\/okul-oncesi-egitimi\/wp-json\/wp\/v2\/pages\/5638\/revisions\/6198"}],"wp:attachment":[{"href":"https:\/\/atauni.edu.tr\/okul-oncesi-egitimi\/wp-json\/wp\/v2\/media?parent=5638"}],"curies":[{"name":"wp","href":"https:\/\/api.w.org\/{rel}","templated":true}]}}