{"id":5682,"date":"2021-07-13T10:10:01","date_gmt":"2021-07-13T07:10:01","guid":{"rendered":"https:\/\/portaltest.atauni.edu.tr\/bilgisayar-muhendisligi\/?page_id=5682"},"modified":"2022-05-11T21:53:30","modified_gmt":"2022-05-11T18:53:30","slug":"misyon-vizyon-ve-temel-degerler","status":"publish","type":"page","link":"https:\/\/atauni.edu.tr\/okul-oncesi-egitimi\/misyon-vizyon-ve-temel-degerler\/","title":{"rendered":"Misyon, Vizyon ve Temel De\u011ferler"},"content":{"rendered":"\t\t<div data-elementor-type=\"wp-page\" data-elementor-id=\"5682\" class=\"elementor elementor-5682\" data-elementor-post-type=\"page\">\n\t\t\t\t\t\t<section class=\"elementor-section elementor-top-section elementor-element elementor-element-730d320 elementor-section-boxed elementor-section-height-default elementor-section-height-default\" data-id=\"730d320\" data-element_type=\"section\">\n\t\t\t\t\t\t<div class=\"elementor-container elementor-column-gap-default\">\n\t\t\t\t\t<div class=\"elementor-column elementor-col-100 elementor-top-column elementor-element elementor-element-753d0860\" data-id=\"753d0860\" data-element_type=\"column\">\n\t\t\t<div class=\"elementor-widget-wrap\">\n\t\t\t\t\t\t\t<\/div>\n\t\t<\/div>\n\t\t\t\t\t<\/div>\n\t\t<\/section>\n\t\t\t\t<section class=\"elementor-section elementor-top-section elementor-element elementor-element-9be811a elementor-section-boxed elementor-section-height-default elementor-section-height-default\" data-id=\"9be811a\" data-element_type=\"section\">\n\t\t\t\t\t\t<div class=\"elementor-container elementor-column-gap-default\">\n\t\t\t\t\t<div class=\"elementor-column elementor-col-100 elementor-top-column elementor-element elementor-element-1ed847b7\" data-id=\"1ed847b7\" data-element_type=\"column\">\n\t\t\t<div class=\"elementor-widget-wrap elementor-element-populated\">\n\t\t\t\t\t\t<div class=\"elementor-element elementor-element-4ce0d07f elementor-widget elementor-widget-heading\" data-id=\"4ce0d07f\" data-element_type=\"widget\" data-widget_type=\"heading.default\">\n\t\t\t\t<div class=\"elementor-widget-container\">\n\t\t\t\t\t<h2 class=\"elementor-heading-title elementor-size-default\">Misyon, Vizyon ve Temel De\u011ferler<\/h2>\t\t\t\t<\/div>\n\t\t\t\t<\/div>\n\t\t\t\t<div class=\"elementor-element elementor-element-63260862 elementor-widget-divider--view-line elementor-widget elementor-widget-divider\" data-id=\"63260862\" data-element_type=\"widget\" data-widget_type=\"divider.default\">\n\t\t\t\t<div class=\"elementor-widget-container\">\n\t\t\t\t\t\t\t<div class=\"elementor-divider\">\n\t\t\t<span class=\"elementor-divider-separator\">\n\t\t\t\t\t\t<\/span>\n\t\t<\/div>\n\t\t\t\t\t\t<\/div>\n\t\t\t\t<\/div>\n\t\t\t\t\t<\/div>\n\t\t<\/div>\n\t\t\t\t\t<\/div>\n\t\t<\/section>\n\t\t\t\t<section class=\"elementor-section elementor-top-section elementor-element elementor-element-681db8b elementor-section-boxed elementor-section-height-default elementor-section-height-default\" data-id=\"681db8b\" data-element_type=\"section\">\n\t\t\t\t\t\t<div class=\"elementor-container elementor-column-gap-default\">\n\t\t\t\t\t<div class=\"elementor-column elementor-col-100 elementor-top-column elementor-element elementor-element-ad4dac5\" data-id=\"ad4dac5\" data-element_type=\"column\">\n\t\t\t<div class=\"elementor-widget-wrap elementor-element-populated\">\n\t\t\t\t\t\t<div class=\"elementor-element elementor-element-2f96b3d elementor-widget elementor-widget-text-editor\" data-id=\"2f96b3d\" data-element_type=\"widget\" data-widget_type=\"text-editor.default\">\n\t\t\t\t<div class=\"elementor-widget-container\">\n\t\t\t\t\t\t\t\t\t<section data-id=\"681db8b\" data-element_type=\"section\">\n\t\t\t\t\t\t<div>\n\t\t\t\t\t<div data-id=\"ad4dac5\" data-element_type=\"column\">\n\t\t\t<div>\n\t\t\t\t\t\t\t\t<div data-id=\"2f96b3d\" data-element_type=\"widget\" data-widget_type=\"text-editor.default\">\n\t\t\t\t<div>\n\t\t\t\t\t\t\t<p style=\"margin-bottom: 6pt\"><span style=\"font-size: 12.0pt\" lang=\"EN-US\">Okul \u00d6ncesi E\u011fitimi Anabilim Dal\u0131n\u0131n Misyonu;<\/span><\/p>\n<p style=\"margin-bottom: 6pt\"><span style=\"font-size: 12.0pt\" lang=\"EN-US\">S\u00fcrekli\n de\u011fi\u015fen d\u00fcnyada bilimsel anlay\u0131\u015fl\u0131, \u00e7a\u011fda\u015f, demokrat, \u00fcretken, \u00fclke ve \nd\u00fcnya sorunlar\u0131na duyarl\u0131, \u00e7\u00f6z\u00fcm \u00fcreten, de\u011fi\u015fen ko\u015fullara ayak uyduran,\n gelece\u011fe y\u00f6nelik hedefleri olan, farkl\u0131 disiplinleri sentez edebilen, \nk\u00fclt\u00fcre ve sanata duyarl\u0131, \u00e7e\u015fitlili\u011fi bir zenginlik olarak alg\u0131layan, \nekip \u00e7al\u0131\u015fmas\u0131, liderlik ve ileti\u015fim becerilerine sahip, ileti\u015fim ve \ne\u011fitim becerilerini kullanabilen, ya\u015fam boyu \u00f6\u011frenmeyi ve kendini \nyenilemeyi ilke edinmi\u015f, kendisiyle ve \u00e7evresiyle bar\u0131\u015f\u0131k, d\u00fc\u015f\u00fcncelerini\n a\u00e7\u0131k\u00e7a ifade edebilen, sorumluluk ve mesle\u011fine adanm\u0131\u015fl\u0131k duygusuna \nsahip insan merkezli ve \u00f6zg\u00fcr d\u00fc\u015f\u00fcnen \u00f6\u011fretmenler yeti\u015ftirmektir. <\/span><\/p>\n<p style=\"margin-bottom: 6pt\"><span style=\"font-size: 12.0pt\" lang=\"EN-US\">&nbsp;<\/span><\/p>\n<p style=\"margin-bottom: 6pt\"><span style=\"font-size: 12.0pt\" lang=\"EN-US\"><span style=\"font-size: 12.0pt\" lang=\"EN-US\">Okul \u00d6ncesi E\u011fitimi Anabilim&nbsp; <\/span>Dal\u0131\u2019n\u0131n Vizyonu;<\/span><\/p>\n<p style=\"margin-bottom: 6pt\"><span style=\"font-size: 12.0pt\" lang=\"EN-US\">Geli\u015fen\n ve de\u011fi\u015fen d\u00fcnyadaki bilimsel ve teknolojik de\u011fi\u015fimlere ayak \nuydurabilen, toplumsal de\u011ferlere duyarl\u0131, becerileri geli\u015fmi\u015f, \nteknolojileri etkin kullanabilen, ileti\u015fim becerilerine sahip, \nsorgulay\u0131c\u0131, ara\u015ft\u0131ran, problem \u00e7\u00f6zen, tart\u0131\u015fan, dinleyen, i\u015fbirlikli \n\u00e7al\u0131\u015fmaktan zevk alan, sorumluluk sahibi okul \u00f6ncesi \u00f6\u011fretmenleri \nyeti\u015ftirmektir. Ayr\u0131ca \u00f6\u011frencinin \u00f6\u011frenme ihtiyac\u0131n\u0131 merkeze alan \n\u201cbireyselle\u015ftirilmi\u015f bir \u00f6\u011frenmeyi\u201d program\u0131n temel vizyonu olarak \nortaya koymakt\u0131r. Bunun sa\u011flanabilmesi i\u00e7in s\u0131n\u0131fta problem ba\u015flatma, \nvarsay\u0131mda bulunma, do\u011frulama, ili\u015fkilendirme, genelleme d\u00f6ng\u00fcs\u00fc \nolu\u015fturmada \u00f6\u011frenci merkezli \u00f6\u011fretim y\u00f6ntemlerinin kullan\u0131lmas\u0131 esas \nal\u0131nmaktad\u0131r.<\/span><\/p>\t\t\t\t\t\t<\/div>\n\t\t\t\t<\/div>\n\t\t\t\t\t<\/div>\n\t\t<\/div>\n\t\t\t\t\t\t\t<\/div>\n\t\t<\/section>\t\t\t\t\t\t\t\t<\/div>\n\t\t\t\t<\/div>\n\t\t\t\t\t<\/div>\n\t\t<\/div>\n\t\t\t\t\t<\/div>\n\t\t<\/section>\n\t\t\t\t<\/div>\n\t\t","protected":false},"excerpt":{"rendered":"<p>Misyon, Vizyon ve Temel De\u011ferler Okul \u00d6ncesi E\u011fitimi Anabilim Dal\u0131n\u0131n Misyonu; S\u00fcrekli de\u011fi\u015fen d\u00fcnyada bilimsel anlay\u0131\u015fl\u0131, \u00e7a\u011fda\u015f, demokrat, \u00fcretken, \u00fclke ve d\u00fcnya sorunlar\u0131na duyarl\u0131, \u00e7\u00f6z\u00fcm \u00fcreten, de\u011fi\u015fen ko\u015fullara ayak uyduran, gelece\u011fe y\u00f6nelik hedefleri olan, farkl\u0131 disiplinleri sentez edebilen, k\u00fclt\u00fcre ve sanata duyarl\u0131, \u00e7e\u015fitlili\u011fi bir zenginlik olarak alg\u0131layan, ekip \u00e7al\u0131\u015fmas\u0131, liderlik ve ileti\u015fim becerilerine sahip, ileti\u015fim [&hellip;]<\/p>\n","protected":false},"author":1,"featured_media":0,"parent":0,"menu_order":0,"comment_status":"closed","ping_status":"closed","template":"elementor_header_footer","meta":{"footnotes":""},"class_list":["post-5682","page","type-page","status-publish","hentry"],"_links":{"self":[{"href":"https:\/\/atauni.edu.tr\/okul-oncesi-egitimi\/wp-json\/wp\/v2\/pages\/5682","targetHints":{"allow":["GET"]}}],"collection":[{"href":"https:\/\/atauni.edu.tr\/okul-oncesi-egitimi\/wp-json\/wp\/v2\/pages"}],"about":[{"href":"https:\/\/atauni.edu.tr\/okul-oncesi-egitimi\/wp-json\/wp\/v2\/types\/page"}],"author":[{"embeddable":true,"href":"https:\/\/atauni.edu.tr\/okul-oncesi-egitimi\/wp-json\/wp\/v2\/users\/1"}],"replies":[{"embeddable":true,"href":"https:\/\/atauni.edu.tr\/okul-oncesi-egitimi\/wp-json\/wp\/v2\/comments?post=5682"}],"version-history":[{"count":11,"href":"https:\/\/atauni.edu.tr\/okul-oncesi-egitimi\/wp-json\/wp\/v2\/pages\/5682\/revisions"}],"predecessor-version":[{"id":6201,"href":"https:\/\/atauni.edu.tr\/okul-oncesi-egitimi\/wp-json\/wp\/v2\/pages\/5682\/revisions\/6201"}],"wp:attachment":[{"href":"https:\/\/atauni.edu.tr\/okul-oncesi-egitimi\/wp-json\/wp\/v2\/media?parent=5682"}],"curies":[{"name":"wp","href":"https:\/\/api.w.org\/{rel}","templated":true}]}}