{"id":5728,"date":"2021-07-13T11:33:38","date_gmt":"2021-07-13T08:33:38","guid":{"rendered":"https:\/\/portaltest.atauni.edu.tr\/bilgisayar-muhendisligi\/?page_id=5728"},"modified":"2022-05-11T21:44:21","modified_gmt":"2022-05-11T18:44:21","slug":"anabilim-dali-tanitimi","status":"publish","type":"page","link":"https:\/\/atauni.edu.tr\/okul-oncesi-egitimi\/anabilim-dali-tanitimi\/","title":{"rendered":"Anabilim Dal\u0131 Tan\u0131t\u0131m\u0131"},"content":{"rendered":"\t\t<div data-elementor-type=\"wp-page\" data-elementor-id=\"5728\" class=\"elementor elementor-5728\" data-elementor-post-type=\"page\">\n\t\t\t\t\t\t<section class=\"elementor-section elementor-top-section elementor-element elementor-element-730d320 elementor-section-boxed elementor-section-height-default elementor-section-height-default\" data-id=\"730d320\" data-element_type=\"section\">\n\t\t\t\t\t\t<div class=\"elementor-container elementor-column-gap-default\">\n\t\t\t\t\t<div class=\"elementor-column elementor-col-100 elementor-top-column elementor-element elementor-element-753d0860\" data-id=\"753d0860\" data-element_type=\"column\">\n\t\t\t<div class=\"elementor-widget-wrap\">\n\t\t\t\t\t\t\t<\/div>\n\t\t<\/div>\n\t\t\t\t\t<\/div>\n\t\t<\/section>\n\t\t\t\t<section class=\"elementor-section elementor-top-section elementor-element elementor-element-9be811a elementor-section-boxed elementor-section-height-default elementor-section-height-default\" data-id=\"9be811a\" data-element_type=\"section\">\n\t\t\t\t\t\t<div class=\"elementor-container elementor-column-gap-default\">\n\t\t\t\t\t<div class=\"elementor-column elementor-col-100 elementor-top-column elementor-element elementor-element-1ed847b7\" data-id=\"1ed847b7\" data-element_type=\"column\">\n\t\t\t<div class=\"elementor-widget-wrap elementor-element-populated\">\n\t\t\t\t\t\t<div class=\"elementor-element elementor-element-4ce0d07f elementor-widget elementor-widget-heading\" data-id=\"4ce0d07f\" data-element_type=\"widget\" data-widget_type=\"heading.default\">\n\t\t\t\t<div class=\"elementor-widget-container\">\n\t\t\t\t\t<h2 class=\"elementor-heading-title elementor-size-default\">Anabilim Dal\u0131 Tan\u0131t\u0131m\u0131<\/h2>\t\t\t\t<\/div>\n\t\t\t\t<\/div>\n\t\t\t\t<div class=\"elementor-element elementor-element-63260862 elementor-widget-divider--view-line elementor-widget elementor-widget-divider\" data-id=\"63260862\" data-element_type=\"widget\" data-widget_type=\"divider.default\">\n\t\t\t\t<div class=\"elementor-widget-container\">\n\t\t\t\t\t\t\t<div class=\"elementor-divider\">\n\t\t\t<span class=\"elementor-divider-separator\">\n\t\t\t\t\t\t<\/span>\n\t\t<\/div>\n\t\t\t\t\t\t<\/div>\n\t\t\t\t<\/div>\n\t\t\t\t\t<\/div>\n\t\t<\/div>\n\t\t\t\t\t<\/div>\n\t\t<\/section>\n\t\t\t\t<section class=\"elementor-section elementor-top-section elementor-element elementor-element-681db8b elementor-section-boxed elementor-section-height-default elementor-section-height-default\" data-id=\"681db8b\" data-element_type=\"section\">\n\t\t\t\t\t\t<div class=\"elementor-container elementor-column-gap-default\">\n\t\t\t\t\t<div class=\"elementor-column elementor-col-100 elementor-top-column elementor-element elementor-element-ad4dac5\" data-id=\"ad4dac5\" data-element_type=\"column\">\n\t\t\t<div class=\"elementor-widget-wrap elementor-element-populated\">\n\t\t\t\t\t\t<div class=\"elementor-element elementor-element-2f96b3d elementor-widget elementor-widget-text-editor\" data-id=\"2f96b3d\" data-element_type=\"widget\" data-widget_type=\"text-editor.default\">\n\t\t\t\t<div class=\"elementor-widget-container\">\n\t\t\t\t\t\t\t\t\t<p><!-- [if gte mso 9]&gt;--><\/p><p><!-- [if gte mso 9]&gt;--><\/p><p><span style=\"background: white\">Okul \u00d6ncesi \u00d6\u011fretmenli\u011fi Lisans Program\u0131 4 y\u0131ll\u0131k bir programd\u0131r. \u00d6\u011frenciler bu program\u0131 Okul \u00d6ncesi E\u011fitimi Anabilim Dal\u0131 ve Kaz\u0131m Karabekir E\u011fitim Fak\u00fcltesi\u2019ndeki di\u011fer anabilim dallar\u0131 taraf\u0131ndan a\u00e7\u0131lan ve program kapsam\u0131nda zorunlu veya se\u00e7meli olarak kabul edilen dersleri alarak tamamlamaktad\u0131rlar. <\/span><\/p><p style=\"text-align: justify;line-height: 18.0pt\"><span style=\"background: white\">Okul \u00d6ncesi \u00d6\u011fretmenli\u011fi Lisans Program\u0131 mezunlar\u0131 \u201cOkul \u00d6ncesi \u00d6\u011fretmeni\u201d unvan\u0131 ile Milli E\u011fitim Bakanl\u0131\u011f\u0131\u2019na ba\u011fl\u0131 resmi ve \u00f6zel e\u011fitim kurumlar\u0131na \u00f6\u011fretmeni olarak g\u00f6rev yapmaktad\u0131rlar.<\/span><\/p><p><!-- [if gte mso 10]&gt;--><\/p>\t\t\t\t\t\t\t\t<\/div>\n\t\t\t\t<\/div>\n\t\t\t\t\t<\/div>\n\t\t<\/div>\n\t\t\t\t\t<\/div>\n\t\t<\/section>\n\t\t\t\t<\/div>\n\t\t","protected":false},"excerpt":{"rendered":"<p>Anabilim Dal\u0131 Tan\u0131t\u0131m\u0131 Okul \u00d6ncesi \u00d6\u011fretmenli\u011fi Lisans Program\u0131 4 y\u0131ll\u0131k bir programd\u0131r. \u00d6\u011frenciler bu program\u0131 Okul \u00d6ncesi E\u011fitimi Anabilim Dal\u0131 ve Kaz\u0131m Karabekir E\u011fitim Fak\u00fcltesi\u2019ndeki di\u011fer anabilim dallar\u0131 taraf\u0131ndan a\u00e7\u0131lan ve program kapsam\u0131nda zorunlu veya se\u00e7meli olarak kabul edilen dersleri alarak tamamlamaktad\u0131rlar. Okul \u00d6ncesi \u00d6\u011fretmenli\u011fi Lisans Program\u0131 mezunlar\u0131 \u201cOkul \u00d6ncesi \u00d6\u011fretmeni\u201d unvan\u0131 ile Milli E\u011fitim [&hellip;]<\/p>\n","protected":false},"author":1,"featured_media":0,"parent":0,"menu_order":0,"comment_status":"closed","ping_status":"closed","template":"elementor_header_footer","meta":{"footnotes":""},"class_list":["post-5728","page","type-page","status-publish","hentry"],"_links":{"self":[{"href":"https:\/\/atauni.edu.tr\/okul-oncesi-egitimi\/wp-json\/wp\/v2\/pages\/5728","targetHints":{"allow":["GET"]}}],"collection":[{"href":"https:\/\/atauni.edu.tr\/okul-oncesi-egitimi\/wp-json\/wp\/v2\/pages"}],"about":[{"href":"https:\/\/atauni.edu.tr\/okul-oncesi-egitimi\/wp-json\/wp\/v2\/types\/page"}],"author":[{"embeddable":true,"href":"https:\/\/atauni.edu.tr\/okul-oncesi-egitimi\/wp-json\/wp\/v2\/users\/1"}],"replies":[{"embeddable":true,"href":"https:\/\/atauni.edu.tr\/okul-oncesi-egitimi\/wp-json\/wp\/v2\/comments?post=5728"}],"version-history":[{"count":18,"href":"https:\/\/atauni.edu.tr\/okul-oncesi-egitimi\/wp-json\/wp\/v2\/pages\/5728\/revisions"}],"predecessor-version":[{"id":6195,"href":"https:\/\/atauni.edu.tr\/okul-oncesi-egitimi\/wp-json\/wp\/v2\/pages\/5728\/revisions\/6195"}],"wp:attachment":[{"href":"https:\/\/atauni.edu.tr\/okul-oncesi-egitimi\/wp-json\/wp\/v2\/media?parent=5728"}],"curies":[{"name":"wp","href":"https:\/\/api.w.org\/{rel}","templated":true}]}}