{"id":6413,"date":"2024-12-06T10:59:25","date_gmt":"2024-12-06T07:59:25","guid":{"rendered":"https:\/\/birimler.atauni.edu.tr\/okul-oncesi-egitimi\/?page_id=6413"},"modified":"2025-05-26T13:23:38","modified_gmt":"2025-05-26T10:23:38","slug":"toplumsal-duyarlilik-projeleri","status":"publish","type":"page","link":"https:\/\/atauni.edu.tr\/okul-oncesi-egitimi\/toplumsal-duyarlilik-projeleri\/","title":{"rendered":"Toplumsal Duyarl\u0131l\u0131k Projeleri"},"content":{"rendered":"\t\t<div data-elementor-type=\"wp-page\" data-elementor-id=\"6413\" class=\"elementor elementor-6413\" data-elementor-post-type=\"page\">\n\t\t\t\t\t\t<section class=\"elementor-section elementor-top-section elementor-element elementor-element-079623c elementor-section-boxed elementor-section-height-default elementor-section-height-default\" data-id=\"079623c\" data-element_type=\"section\">\n\t\t\t\t\t\t<div class=\"elementor-container elementor-column-gap-default\">\n\t\t\t\t\t<div class=\"elementor-column elementor-col-100 elementor-top-column elementor-element elementor-element-4e751c5\" data-id=\"4e751c5\" data-element_type=\"column\">\n\t\t\t<div class=\"elementor-widget-wrap elementor-element-populated\">\n\t\t\t\t\t\t<div class=\"elementor-element elementor-element-2dfdd50 elementor-widget elementor-widget-text-editor\" data-id=\"2dfdd50\" data-element_type=\"widget\" data-widget_type=\"text-editor.default\">\n\t\t\t\t<div class=\"elementor-widget-container\">\n\t\t\t\t\t\t\t\t\t<p><img decoding=\"async\" class=\"alignnone wp-image-5936\" src=\"http:\/\/birimler.atauni.edu.tr\/okul-oncesi-egitimi\/wp-content\/uploads\/sites\/347\/2021\/07\/ders.png\" alt=\"\" width=\"27\" height=\"29\" \/>\u00a0<a href=\"https:\/\/birimler.atauni.edu.tr\/okul-oncesi-egitimi\/2024\/12\/06\/disarida-oyna-disarida-ogren-toplumsal-duyarlilik-projesi\/\">&#8220;D\u0131\u015far\u0131da Oyna D\u0131\u015far\u0131da \u00d6\u011fren\u201d Toplumsal Duyarl\u0131l\u0131k Projesi<\/a><\/p>\t\t\t\t\t\t\t\t<\/div>\n\t\t\t\t<\/div>\n\t\t\t\t\t<\/div>\n\t\t<\/div>\n\t\t\t\t\t<\/div>\n\t\t<\/section>\n\t\t\t\t<section class=\"elementor-section elementor-top-section elementor-element elementor-element-27ef2b5 elementor-section-boxed elementor-section-height-default elementor-section-height-default\" data-id=\"27ef2b5\" data-element_type=\"section\">\n\t\t\t\t\t\t<div class=\"elementor-container elementor-column-gap-default\">\n\t\t\t\t\t<div class=\"elementor-column elementor-col-100 elementor-top-column elementor-element elementor-element-5e023e7\" data-id=\"5e023e7\" data-element_type=\"column\">\n\t\t\t<div class=\"elementor-widget-wrap elementor-element-populated\">\n\t\t\t\t\t\t<div class=\"elementor-element elementor-element-f0380f5 elementor-widget elementor-widget-text-editor\" data-id=\"f0380f5\" data-element_type=\"widget\" data-widget_type=\"text-editor.default\">\n\t\t\t\t<div class=\"elementor-widget-container\">\n\t\t\t\t\t\t\t\t\t<p><a href=\"http:\/\/birimler.atauni.edu.tr\/okul-oncesi-egitimi\/wp-content\/uploads\/sites\/347\/2025\/05\/Toplumsal-Duyarlilik-Proje-Raporu-BI\u0307R-OYUNCAK-BI\u0307R-TEBESSU\u0308M.pdf\"><img decoding=\"async\" class=\"alignnone wp-image-5936\" src=\"http:\/\/birimler.atauni.edu.tr\/okul-oncesi-egitimi\/wp-content\/uploads\/sites\/347\/2021\/07\/ders.png\" alt=\"\" width=\"27\" height=\"29\" \/> &#8220;Bir Oyuncak Bir Tebess\u00fcm&#8221; Toplumsal Duyarl\u0131l\u0131k Projesi\u00a0<\/a><\/p>\t\t\t\t\t\t\t\t<\/div>\n\t\t\t\t<\/div>\n\t\t\t\t\t<\/div>\n\t\t<\/div>\n\t\t\t\t\t<\/div>\n\t\t<\/section>\n\t\t\t\t<section class=\"elementor-section elementor-top-section elementor-element elementor-element-65ca495 elementor-section-boxed elementor-section-height-default elementor-section-height-default\" data-id=\"65ca495\" data-element_type=\"section\">\n\t\t\t\t\t\t<div class=\"elementor-container elementor-column-gap-default\">\n\t\t\t\t\t<div class=\"elementor-column elementor-col-100 elementor-top-column elementor-element elementor-element-a51b0f5\" data-id=\"a51b0f5\" data-element_type=\"column\">\n\t\t\t<div class=\"elementor-widget-wrap elementor-element-populated\">\n\t\t\t\t\t\t<div class=\"elementor-element elementor-element-48b5971 elementor-widget elementor-widget-text-editor\" data-id=\"48b5971\" data-element_type=\"widget\" data-widget_type=\"text-editor.default\">\n\t\t\t\t<div class=\"elementor-widget-container\">\n\t\t\t\t\t\t\t\t\t<p><a href=\"http:\/\/birimler.atauni.edu.tr\/okul-oncesi-egitimi\/wp-content\/uploads\/sites\/347\/2025\/05\/OKUL-O\u0308NCESI\u0307-DO\u0308NEMDE-AFET-EG\u0306I\u0307TI\u0307MI\u0307-VE-FARKINDALIG\u0306I-PROJESI\u0307-SONUC\u0327-RAPORU.pdf\"><img decoding=\"async\" class=\"alignnone wp-image-5936\" src=\"http:\/\/birimler.atauni.edu.tr\/okul-oncesi-egitimi\/wp-content\/uploads\/sites\/347\/2021\/07\/ders.png\" alt=\"\" width=\"27\" height=\"29\" \/> \u00a0\u201cOkul \u00d6ncesi D\u00f6nemde Afet E\u011fitimi ve Fark\u0131ndal\u0131\u011f\u0131&#8221; Toplumsal Duyarl\u0131l\u0131k Projesi <\/a><\/p>\t\t\t\t\t\t\t\t<\/div>\n\t\t\t\t<\/div>\n\t\t\t\t\t<\/div>\n\t\t<\/div>\n\t\t\t\t\t<\/div>\n\t\t<\/section>\n\t\t\t\t<section class=\"elementor-section elementor-top-section elementor-element elementor-element-3fa1fcb elementor-section-boxed elementor-section-height-default elementor-section-height-default\" data-id=\"3fa1fcb\" data-element_type=\"section\">\n\t\t\t\t\t\t<div class=\"elementor-container elementor-column-gap-default\">\n\t\t\t\t\t<div class=\"elementor-column elementor-col-100 elementor-top-column elementor-element elementor-element-abfb281\" data-id=\"abfb281\" data-element_type=\"column\">\n\t\t\t<div class=\"elementor-widget-wrap elementor-element-populated\">\n\t\t\t\t\t\t<div class=\"elementor-element elementor-element-f7e85ec elementor-widget elementor-widget-text-editor\" data-id=\"f7e85ec\" data-element_type=\"widget\" data-widget_type=\"text-editor.default\">\n\t\t\t\t<div class=\"elementor-widget-container\">\n\t\t\t\t\t\t\t\t\t<p><a href=\"http:\/\/birimler.atauni.edu.tr\/okul-oncesi-egitimi\/wp-content\/uploads\/sites\/347\/2025\/05\/Okul-O\u0308ncesi-Do\u0308nem-C\u0327ocuklari-I\u0307c\u0327in-I\u0307ngilizce-O\u0308g\u0306renme-Etkinlikleri.pdf\"><img decoding=\"async\" class=\"alignnone wp-image-5936\" src=\"http:\/\/birimler.atauni.edu.tr\/okul-oncesi-egitimi\/wp-content\/uploads\/sites\/347\/2021\/07\/ders.png\" alt=\"\" width=\"27\" height=\"29\" \/> \u201cOkul \u00d6ncesi D\u00f6nem \u00c7ocuklar\u0131 \u0130\u00e7in \u0130ngilizce \u00d6\u011frenme&#8221; Toplumsal Duyarl\u0131l\u0131k Projesi<\/a><\/p>\t\t\t\t\t\t\t\t<\/div>\n\t\t\t\t<\/div>\n\t\t\t\t\t<\/div>\n\t\t<\/div>\n\t\t\t\t\t<\/div>\n\t\t<\/section>\n\t\t\t\t<section class=\"elementor-section elementor-top-section elementor-element elementor-element-89a7838 elementor-section-boxed elementor-section-height-default elementor-section-height-default\" data-id=\"89a7838\" data-element_type=\"section\">\n\t\t\t\t\t\t<div class=\"elementor-container elementor-column-gap-default\">\n\t\t\t\t\t<div class=\"elementor-column elementor-col-100 elementor-top-column elementor-element elementor-element-e38a10f\" data-id=\"e38a10f\" data-element_type=\"column\">\n\t\t\t<div class=\"elementor-widget-wrap elementor-element-populated\">\n\t\t\t\t\t\t<div class=\"elementor-element elementor-element-71bccc3 elementor-widget elementor-widget-text-editor\" data-id=\"71bccc3\" data-element_type=\"widget\" data-widget_type=\"text-editor.default\">\n\t\t\t\t<div class=\"elementor-widget-container\">\n\t\t\t\t\t\t\t\t\t<p><img decoding=\"async\" class=\"alignnone wp-image-5936\" src=\"http:\/\/birimler.atauni.edu.tr\/okul-oncesi-egitimi\/wp-content\/uploads\/sites\/347\/2021\/07\/ders.png\" alt=\"\" width=\"27\" height=\"29\" \/> <a href=\"http:\/\/birimler.atauni.edu.tr\/okul-oncesi-egitimi\/wp-content\/uploads\/sites\/347\/2025\/05\/Minikler-Oyuncaklarini-Paylas\u0327iyor.pdf\">Minikler Oyuncaklar\u0131n\u0131 Paylas\u0327\u0131yor Toplumsal Duyarl\u0131l\u0131k Projesi<\/a><\/p>\t\t\t\t\t\t\t\t<\/div>\n\t\t\t\t<\/div>\n\t\t\t\t\t<\/div>\n\t\t<\/div>\n\t\t\t\t\t<\/div>\n\t\t<\/section>\n\t\t\t\t<section class=\"elementor-section elementor-top-section elementor-element elementor-element-0ae7ada elementor-section-boxed elementor-section-height-default elementor-section-height-default\" data-id=\"0ae7ada\" data-element_type=\"section\">\n\t\t\t\t\t\t<div class=\"elementor-container elementor-column-gap-default\">\n\t\t\t\t\t<div class=\"elementor-column elementor-col-100 elementor-top-column elementor-element elementor-element-6b72879\" data-id=\"6b72879\" data-element_type=\"column\">\n\t\t\t<div class=\"elementor-widget-wrap elementor-element-populated\">\n\t\t\t\t\t\t<div class=\"elementor-element elementor-element-c7ff454 elementor-widget elementor-widget-text-editor\" data-id=\"c7ff454\" data-element_type=\"widget\" data-widget_type=\"text-editor.default\">\n\t\t\t\t<div class=\"elementor-widget-container\">\n\t\t\t\t\t\t\t\t\t<p><img decoding=\"async\" class=\"alignnone wp-image-5936\" src=\"http:\/\/birimler.atauni.edu.tr\/okul-oncesi-egitimi\/wp-content\/uploads\/sites\/347\/2021\/07\/ders.png\" alt=\"\" width=\"27\" height=\"29\" \/> &#8220;Her \u015eey \u00c7ocuklar \u0130\u00e7in&#8221; Toplumsal Duyarl\u0131l\u0131k Projesi<\/p>\t\t\t\t\t\t\t\t<\/div>\n\t\t\t\t<\/div>\n\t\t\t\t\t<\/div>\n\t\t<\/div>\n\t\t\t\t\t<\/div>\n\t\t<\/section>\n\t\t\t\t<section class=\"elementor-section elementor-top-section elementor-element elementor-element-a489ffa elementor-section-boxed elementor-section-height-default elementor-section-height-default\" data-id=\"a489ffa\" data-element_type=\"section\">\n\t\t\t\t\t\t<div class=\"elementor-container elementor-column-gap-default\">\n\t\t\t\t\t<div class=\"elementor-column elementor-col-100 elementor-top-column elementor-element elementor-element-999bced\" data-id=\"999bced\" data-element_type=\"column\">\n\t\t\t<div class=\"elementor-widget-wrap elementor-element-populated\">\n\t\t\t\t\t\t<div class=\"elementor-element elementor-element-9ce69f4 elementor-widget elementor-widget-text-editor\" data-id=\"9ce69f4\" data-element_type=\"widget\" data-widget_type=\"text-editor.default\">\n\t\t\t\t<div class=\"elementor-widget-container\">\n\t\t\t\t\t\t\t\t\t<p><img decoding=\"async\" class=\"alignnone wp-image-5936\" src=\"http:\/\/birimler.atauni.edu.tr\/okul-oncesi-egitimi\/wp-content\/uploads\/sites\/347\/2021\/07\/ders.png\" alt=\"\" width=\"27\" height=\"29\" \/> &#8220;D\u00f6n\u00fc\u015ft\u00fcr\u00fcyoruz E\u011flenerek \u00d6\u011freniyoruz&#8221; Toplumsal Duyarl\u0131l\u0131k Projesi<\/p>\t\t\t\t\t\t\t\t<\/div>\n\t\t\t\t<\/div>\n\t\t\t\t\t<\/div>\n\t\t<\/div>\n\t\t\t\t\t<\/div>\n\t\t<\/section>\n\t\t\t\t<\/div>\n\t\t","protected":false},"excerpt":{"rendered":"<p>\u00a0&#8220;D\u0131\u015far\u0131da Oyna D\u0131\u015far\u0131da \u00d6\u011fren\u201d Toplumsal Duyarl\u0131l\u0131k Projesi &#8220;Bir Oyuncak Bir Tebess\u00fcm&#8221; Toplumsal Duyarl\u0131l\u0131k Projesi\u00a0 \u00a0\u201cOkul \u00d6ncesi D\u00f6nemde Afet E\u011fitimi ve Fark\u0131ndal\u0131\u011f\u0131&#8221; Toplumsal Duyarl\u0131l\u0131k Projesi \u201cOkul \u00d6ncesi D\u00f6nem \u00c7ocuklar\u0131 \u0130\u00e7in \u0130ngilizce \u00d6\u011frenme&#8221; Toplumsal Duyarl\u0131l\u0131k Projesi Minikler Oyuncaklar\u0131n\u0131 Paylas\u0327\u0131yor Toplumsal Duyarl\u0131l\u0131k Projesi &#8220;Her \u015eey \u00c7ocuklar \u0130\u00e7in&#8221; Toplumsal Duyarl\u0131l\u0131k Projesi &#8220;D\u00f6n\u00fc\u015ft\u00fcr\u00fcyoruz E\u011flenerek \u00d6\u011freniyoruz&#8221; Toplumsal Duyarl\u0131l\u0131k Projesi<\/p>\n","protected":false},"author":633,"featured_media":0,"parent":0,"menu_order":0,"comment_status":"closed","ping_status":"closed","template":"","meta":{"footnotes":""},"class_list":["post-6413","page","type-page","status-publish","hentry"],"_links":{"self":[{"href":"https:\/\/atauni.edu.tr\/okul-oncesi-egitimi\/wp-json\/wp\/v2\/pages\/6413","targetHints":{"allow":["GET"]}}],"collection":[{"href":"https:\/\/atauni.edu.tr\/okul-oncesi-egitimi\/wp-json\/wp\/v2\/pages"}],"about":[{"href":"https:\/\/atauni.edu.tr\/okul-oncesi-egitimi\/wp-json\/wp\/v2\/types\/page"}],"author":[{"embeddable":true,"href":"https:\/\/atauni.edu.tr\/okul-oncesi-egitimi\/wp-json\/wp\/v2\/users\/633"}],"replies":[{"embeddable":true,"href":"https:\/\/atauni.edu.tr\/okul-oncesi-egitimi\/wp-json\/wp\/v2\/comments?post=6413"}],"version-history":[{"count":16,"href":"https:\/\/atauni.edu.tr\/okul-oncesi-egitimi\/wp-json\/wp\/v2\/pages\/6413\/revisions"}],"predecessor-version":[{"id":6625,"href":"https:\/\/atauni.edu.tr\/okul-oncesi-egitimi\/wp-json\/wp\/v2\/pages\/6413\/revisions\/6625"}],"wp:attachment":[{"href":"https:\/\/atauni.edu.tr\/okul-oncesi-egitimi\/wp-json\/wp\/v2\/media?parent=6413"}],"curies":[{"name":"wp","href":"https:\/\/api.w.org\/{rel}","templated":true}]}}